{"id":7956,"date":"2020-12-08T14:45:00","date_gmt":"2020-12-08T13:45:00","guid":{"rendered":"http:\/\/onlinelotto365.net\/?page_id=7956"},"modified":"2020-12-30T10:36:42","modified_gmt":"2020-12-30T09:36:42","slug":"set-for-life","status":"publish","type":"page","link":"https:\/\/onlinelotto365.com\/de\/gewinnzahlen\/set-for-life\/","title":{"rendered":"Ergebnisse des Set for Life Lotto UK"},"content":{"rendered":"<p>Internationale Lotteriespiele k\u00f6nnen eine Menge Spa\u00df machen, aber sie erfordern ein wenig Anstrengung, um die Gewinnzahlen zu finden. <strong>Die Zahlen f\u00fcr Set for Life sind m\u00f6glicherweise nicht in Ihrer Lokalzeitung erh\u00e4ltlich<\/strong>. Das liegt daran, dass Sie vielleicht nicht in der richtigen Gegend sind.<\/p>\n<p>Dasselbe gilt f\u00fcr das Anschauen der Ergebnisse im Fernsehen. Wenn Sie sich nicht im richtigen Bereich befinden, m\u00fcssen Sie eine Menge suchen, um einen Kanal zu finden, der die Ergebnisse anzeigt.<br \/>\nSie k\u00f6nnten auch auf der offiziellen Set for Life-Website nachsehen, ob es dort eine <strong>Live-\u00dcbertragung der Gewinnzahlen<\/strong> gibt. Falls ja, sollten Sie sich das ansehen, denn die Live-\u00dcbertragung der Ziehung ist eine der spannendsten Optionen. Andererseits bietet nicht jedes Lotteriespiel diese Option, und Sie werden sie vielleicht nicht finden.<\/p>\n<p>Ein weiterer Ort, den Sie sich ansehen sollten, ist auf YouTube. Dort finden Sie manchmal Ziehungsvideos, nachdem die Ziehung stattgefunden hat, und vielleicht finden Sie dort auch die Gewinnzahlen.<br \/>\n<a href=\"https:\/\/redfoxlotto.com\/de\/spielen\/set-for-life-uk\/?ref=a8564250a2&amp;medium=ol365\" target=\"_blank\" rel=\"noopener noreferrer\"><img decoding=\"async\" class=\"aligncenter\" src=\"https:\/\/redfoxlotto.com\/image?size=8&amp;lottery=set-for-life-uk\" alt=\"set for life\" \/><\/a><\/p>\n<p><strong>Die Gewinnzahlen f\u00fcr Set for Life finden Sie am bequemsten auf unserer Website.<\/strong> Wir haben alle Gewinnzahlen f\u00fcr alle Spiele, die wir zur Verf\u00fcgung haben. Sie k\u00f6nnen also Set for Life und vieles mehr finden.<\/p>\n<h2>So finden Sie heraus, ob Ihr Online-Ticket gewonnen hat<\/h2>\n<p>Noch besser wird es, wenn Sie <a href=\"https:\/\/onlinelotto365.com\/de\/lose-kaufen\">bereits Tickets<\/a> f\u00fcr Set for Life bei uns <a href=\"https:\/\/onlinelotto365.com\/de\/lose-kaufen\/eurojackpot\">gekauft haben<\/a>. Denn wir machen es Ihnen noch einfacher, Ihre bereits erworbenen Karten zu \u00fcberpr\u00fcfen. Sie k\u00f6nnen die Seite \u00fcberpr\u00fcfen, auf der alle Ihre Scheine gespeichert sind, und Sie finden dort nicht nur Ihre Losnummern, sondern auch die Nummern des Gewinnscheins. Wir k\u00fcmmern uns sogar darum, Ihnen durch Farbcodierung mitzuteilen, welche Nummern \u00fcbereinstimmen. Auf diese Weise m\u00fcssen Sie sich die Optionen nicht einmal selbst ansehen. Wenn der Gewinnbetrag weniger als \u20ac2500 betr\u00e4gt, brauchen Sie sich keine Sorgen zu machen, denn wir werden das Geld sofort auf Ihr Konto \u00fcberweisen.<\/p>\n<h2>Archiv der Ergebnisse auf Lebenszeit<\/h2>\n<p>F\u00fcr diejenigen, die einen Blick auf die alten Zahlen f\u00fcr Set for Life werfen m\u00f6chten, k\u00f6nnen Sie das ganz einfach tun. Wir haben die Archivnummern \u00fcberall dort verf\u00fcgbar, wo sich die neuesten Ergebnisse befinden. Auf diese Weise k\u00f6nnen Sie sehen, welche Zahlen am h\u00e4ufigsten gezogen werden und welche m\u00f6glicherweise f\u00fcr eine weitere Ziehung f\u00e4llig sind.<\/p>\n<h2>Mein Los hat gewonnen, wie geht es weiter?<\/h2>\n<p><img loading=\"lazy\" decoding=\"async\" class=\"alignright wp-image-3543\" src=\"https:\/\/onlinelotto365.com\/wp-content\/uploads\/2020\/11\/online_lottery-3-300x300.jpg\" alt=\"set for life winning numbers\" width=\"187\" height=\"187\" srcset=\"https:\/\/onlinelotto365.com\/wp-content\/uploads\/2020\/11\/online_lottery-3-300x300.jpg 300w, https:\/\/onlinelotto365.com\/wp-content\/uploads\/2020\/11\/online_lottery-3-100x100.jpg 100w, https:\/\/onlinelotto365.com\/wp-content\/uploads\/2020\/11\/online_lottery-3-150x150.jpg 150w, https:\/\/onlinelotto365.com\/wp-content\/uploads\/2020\/11\/online_lottery-3.jpg 320w\" sizes=\"auto, (max-width: 187px) 100vw, 187px\" \/> Wenn Sie mit Set for Life auf Ihrem Lottoschein gewinnen, brauchen Sie nur abzuwarten und zu sehen, was passiert. Denn wir werden die meisten Dinge f\u00fcr Sie erledigen. Sie k\u00f6nnen auf jeden Betrag warten, der weniger als \u20ac2500 betr\u00e4gt, denn wir werden ihn sofort auf Ihr Konto \u00fcberweisen, sobald die Gewinnzahlen \u00fcberpr\u00fcft wurden.<\/p>\n<p>Wenn Sie dann mindestens 10 \u20ac auf Ihrem Konto haben, haben Sie die M\u00f6glichkeit, Ihr Geld auf Ihr Bankkonto abzuheben. Sie m\u00fcssen nur sicherstellen, dass Sie ein Konto verwenden, das Sie bereits zuvor mit unserem System benutzt haben. Und Sie m\u00fcssen Ihre Identit\u00e4t und Ihre Informationen f\u00fcr unseren Zahlungsabwickler \u00fcberpr\u00fcfen. Dies ist ein einfacher Vorgang, der mit wenigen Formularen erledigt werden kann, und ehe Sie sich versehen, wird Ihr Geld verf\u00fcgbar sein.<\/p>\n","protected":false},"excerpt":{"rendered":"<p>Internationale Lotteriespiele k\u00f6nnen eine Menge Spa\u00df machen, aber sie erfordern ein wenig Anstrengung, um die Gewinnzahlen zu finden. Die Zahlen f\u00fcr Set for Life sind m\u00f6glicherweise nicht in Ihrer Lokalzeitung erh\u00e4ltlich. Das liegt daran, dass Sie vielleicht nicht in der richtigen Gegend sind. Dasselbe gilt f\u00fcr das Anschauen der Ergebnisse im Fernsehen. Wenn Sie sich [&hellip;]<\/p>\n","protected":false},"author":1,"featured_media":0,"parent":3795,"menu_order":10,"comment_status":"closed","ping_status":"closed","template":"set-for-life-results.php","meta":{"_et_pb_use_builder":"","_et_pb_old_content":"","_et_gb_content_width":"","exclude_from_search":false,"footnotes":""},"class_list":["post-7956","page","type-page","status-publish","hentry"],"yoast_head":"<!-- This site is optimized with the Yoast SEO plugin v23.4 - https:\/\/yoast.com\/wordpress\/plugins\/seo\/ -->\n<title>Neueste Gewinnzahlen und Auszahlungen f\u00fcr Set for life<\/title>\n<meta name=\"description\" content=\"Haben Sie die Set for life-Lotterie gespielt? Wir haben die neuesten und fr\u00fcheren Gewinnzahlen\" \/>\n<meta name=\"robots\" content=\"index, follow, max-snippet:-1, max-image-preview:large, max-video-preview:-1\" \/>\n<link rel=\"canonical\" href=\"https:\/\/onlinelotto365.com\/de\/gewinnzahlen\/set-for-life\/\" \/>\n<meta property=\"og:locale\" content=\"de_DE\" \/>\n<meta property=\"og:type\" content=\"article\" \/>\n<meta property=\"og:title\" content=\"Neueste Gewinnzahlen und Auszahlungen f\u00fcr Set for life\" \/>\n<meta property=\"og:description\" content=\"Haben Sie die Set for life-Lotterie gespielt? Wir haben die neuesten und fr\u00fcheren Gewinnzahlen\" \/>\n<meta property=\"og:url\" content=\"https:\/\/onlinelotto365.com\/de\/gewinnzahlen\/set-for-life\/\" \/>\n<meta property=\"og:site_name\" content=\"OnlineLotto365\" \/>\n<meta property=\"article:modified_time\" content=\"2020-12-30T09:36:42+00:00\" \/>\n<meta property=\"og:image\" content=\"https:\/\/redfoxlotto.com\/image?size=8&amp;lottery=set-for-life-uk\" \/>\n<meta name=\"twitter:card\" content=\"summary_large_image\" \/>\n<meta name=\"twitter:label1\" content=\"Gesch\u00e4tzte Lesezeit\" \/>\n\t<meta name=\"twitter:data1\" content=\"3\u00a0Minuten\" \/>\n<script type=\"application\/ld+json\" class=\"yoast-schema-graph\">{\"@context\":\"https:\/\/schema.org\",\"@graph\":[{\"@type\":\"WebPage\",\"@id\":\"https:\/\/onlinelotto365.com\/de\/gewinnzahlen\/set-for-life\/\",\"url\":\"https:\/\/onlinelotto365.com\/de\/gewinnzahlen\/set-for-life\/\",\"name\":\"Neueste Gewinnzahlen und Auszahlungen f\u00fcr Set for life\",\"isPartOf\":{\"@id\":\"https:\/\/onlinelotto365.com\/de\/#website\"},\"primaryImageOfPage\":{\"@id\":\"https:\/\/onlinelotto365.com\/de\/gewinnzahlen\/set-for-life\/#primaryimage\"},\"image\":{\"@id\":\"https:\/\/onlinelotto365.com\/de\/gewinnzahlen\/set-for-life\/#primaryimage\"},\"thumbnailUrl\":\"https:\/\/redfoxlotto.com\/image?size=8&amp;lottery=set-for-life-uk\",\"datePublished\":\"2020-12-08T13:45:00+00:00\",\"dateModified\":\"2020-12-30T09:36:42+00:00\",\"description\":\"Haben Sie die Set for life-Lotterie gespielt? Wir haben die neuesten und fr\u00fcheren Gewinnzahlen\",\"breadcrumb\":{\"@id\":\"https:\/\/onlinelotto365.com\/de\/gewinnzahlen\/set-for-life\/#breadcrumb\"},\"inLanguage\":\"de\",\"potentialAction\":[{\"@type\":\"ReadAction\",\"target\":[\"https:\/\/onlinelotto365.com\/de\/gewinnzahlen\/set-for-life\/\"]}]},{\"@type\":\"ImageObject\",\"inLanguage\":\"de\",\"@id\":\"https:\/\/onlinelotto365.com\/de\/gewinnzahlen\/set-for-life\/#primaryimage\",\"url\":\"https:\/\/redfoxlotto.com\/image?size=8&amp;lottery=set-for-life-uk\",\"contentUrl\":\"https:\/\/redfoxlotto.com\/image?size=8&amp;lottery=set-for-life-uk\"},{\"@type\":\"BreadcrumbList\",\"@id\":\"https:\/\/onlinelotto365.com\/de\/gewinnzahlen\/set-for-life\/#breadcrumb\",\"itemListElement\":[{\"@type\":\"ListItem\",\"position\":1,\"name\":\"Home\",\"item\":\"https:\/\/onlinelotto365.com\/de\/\"},{\"@type\":\"ListItem\",\"position\":2,\"name\":\"Finden Sie Gewinnzahlen und Ergebnisse der letzten Lottoziehungen\",\"item\":\"https:\/\/onlinelotto365.com\/de\/gewinnzahlen\/\"},{\"@type\":\"ListItem\",\"position\":3,\"name\":\"Ergebnisse des Set for Life Lotto UK\"}]},{\"@type\":\"WebSite\",\"@id\":\"https:\/\/onlinelotto365.com\/de\/#website\",\"url\":\"https:\/\/onlinelotto365.com\/de\/\",\"name\":\"OnlineLotto365\",\"description\":\"\",\"potentialAction\":[{\"@type\":\"SearchAction\",\"target\":{\"@type\":\"EntryPoint\",\"urlTemplate\":\"https:\/\/onlinelotto365.com\/de\/?s={search_term_string}\"},\"query-input\":{\"@type\":\"PropertyValueSpecification\",\"valueRequired\":true,\"valueName\":\"search_term_string\"}}],\"inLanguage\":\"de\"}]}<\/script>\n<!-- \/ Yoast SEO plugin. -->","yoast_head_json":{"title":"Neueste Gewinnzahlen und Auszahlungen f\u00fcr Set for life","description":"Haben Sie die Set for life-Lotterie gespielt? Wir haben die neuesten und fr\u00fcheren Gewinnzahlen","robots":{"index":"index","follow":"follow","max-snippet":"max-snippet:-1","max-image-preview":"max-image-preview:large","max-video-preview":"max-video-preview:-1"},"canonical":"https:\/\/onlinelotto365.com\/de\/gewinnzahlen\/set-for-life\/","og_locale":"de_DE","og_type":"article","og_title":"Neueste Gewinnzahlen und Auszahlungen f\u00fcr Set for life","og_description":"Haben Sie die Set for life-Lotterie gespielt? Wir haben die neuesten und fr\u00fcheren Gewinnzahlen","og_url":"https:\/\/onlinelotto365.com\/de\/gewinnzahlen\/set-for-life\/","og_site_name":"OnlineLotto365","article_modified_time":"2020-12-30T09:36:42+00:00","og_image":[{"url":"https:\/\/redfoxlotto.com\/image?size=8&amp;lottery=set-for-life-uk"}],"twitter_card":"summary_large_image","twitter_misc":{"Gesch\u00e4tzte Lesezeit":"3\u00a0Minuten"},"schema":{"@context":"https:\/\/schema.org","@graph":[{"@type":"WebPage","@id":"https:\/\/onlinelotto365.com\/de\/gewinnzahlen\/set-for-life\/","url":"https:\/\/onlinelotto365.com\/de\/gewinnzahlen\/set-for-life\/","name":"Neueste Gewinnzahlen und Auszahlungen f\u00fcr Set for life","isPartOf":{"@id":"https:\/\/onlinelotto365.com\/de\/#website"},"primaryImageOfPage":{"@id":"https:\/\/onlinelotto365.com\/de\/gewinnzahlen\/set-for-life\/#primaryimage"},"image":{"@id":"https:\/\/onlinelotto365.com\/de\/gewinnzahlen\/set-for-life\/#primaryimage"},"thumbnailUrl":"https:\/\/redfoxlotto.com\/image?size=8&amp;lottery=set-for-life-uk","datePublished":"2020-12-08T13:45:00+00:00","dateModified":"2020-12-30T09:36:42+00:00","description":"Haben Sie die Set for life-Lotterie gespielt? Wir haben die neuesten und fr\u00fcheren Gewinnzahlen","breadcrumb":{"@id":"https:\/\/onlinelotto365.com\/de\/gewinnzahlen\/set-for-life\/#breadcrumb"},"inLanguage":"de","potentialAction":[{"@type":"ReadAction","target":["https:\/\/onlinelotto365.com\/de\/gewinnzahlen\/set-for-life\/"]}]},{"@type":"ImageObject","inLanguage":"de","@id":"https:\/\/onlinelotto365.com\/de\/gewinnzahlen\/set-for-life\/#primaryimage","url":"https:\/\/redfoxlotto.com\/image?size=8&amp;lottery=set-for-life-uk","contentUrl":"https:\/\/redfoxlotto.com\/image?size=8&amp;lottery=set-for-life-uk"},{"@type":"BreadcrumbList","@id":"https:\/\/onlinelotto365.com\/de\/gewinnzahlen\/set-for-life\/#breadcrumb","itemListElement":[{"@type":"ListItem","position":1,"name":"Home","item":"https:\/\/onlinelotto365.com\/de\/"},{"@type":"ListItem","position":2,"name":"Finden Sie Gewinnzahlen und Ergebnisse der letzten Lottoziehungen","item":"https:\/\/onlinelotto365.com\/de\/gewinnzahlen\/"},{"@type":"ListItem","position":3,"name":"Ergebnisse des Set for Life Lotto UK"}]},{"@type":"WebSite","@id":"https:\/\/onlinelotto365.com\/de\/#website","url":"https:\/\/onlinelotto365.com\/de\/","name":"OnlineLotto365","description":"","potentialAction":[{"@type":"SearchAction","target":{"@type":"EntryPoint","urlTemplate":"https:\/\/onlinelotto365.com\/de\/?s={search_term_string}"},"query-input":{"@type":"PropertyValueSpecification","valueRequired":true,"valueName":"search_term_string"}}],"inLanguage":"de"}]}},"_links":{"self":[{"href":"https:\/\/onlinelotto365.com\/de\/wp-json\/wp\/v2\/pages\/7956","targetHints":{"allow":["GET"]}}],"collection":[{"href":"https:\/\/onlinelotto365.com\/de\/wp-json\/wp\/v2\/pages"}],"about":[{"href":"https:\/\/onlinelotto365.com\/de\/wp-json\/wp\/v2\/types\/page"}],"author":[{"embeddable":true,"href":"https:\/\/onlinelotto365.com\/de\/wp-json\/wp\/v2\/users\/1"}],"replies":[{"embeddable":true,"href":"https:\/\/onlinelotto365.com\/de\/wp-json\/wp\/v2\/comments?post=7956"}],"version-history":[{"count":0,"href":"https:\/\/onlinelotto365.com\/de\/wp-json\/wp\/v2\/pages\/7956\/revisions"}],"up":[{"embeddable":true,"href":"https:\/\/onlinelotto365.com\/de\/wp-json\/wp\/v2\/pages\/3795"}],"wp:attachment":[{"href":"https:\/\/onlinelotto365.com\/de\/wp-json\/wp\/v2\/media?parent=7956"}],"curies":[{"name":"wp","href":"https:\/\/api.w.org\/{rel}","templated":true}]}}