{"id":7993,"date":"2020-12-08T14:48:48","date_gmt":"2020-12-08T13:48:48","guid":{"rendered":"http:\/\/onlinelotto365.net\/?page_id=7993"},"modified":"2021-01-07T15:03:20","modified_gmt":"2021-01-07T14:03:20","slug":"german-lotto-6aus49","status":"publish","type":"page","link":"https:\/\/onlinelotto365.com\/de\/gewinnzahlen\/german-lotto-6aus49\/","title":{"rendered":"Sehen Sie hier die Gewinnzahlen des deutschen Lottos"},"content":{"rendered":"<p>Internationale Lotteriespiele k\u00f6nnen etwas schwieriger zu verfolgen sein, weil Sie m\u00f6glicherweise nicht im selben Gebiet wohnen, in dem sie gezogen werden. Es kann sein, dass Sie die Ergebnisse des deutschen Lotto in Ihrer Lokalzeitung nicht \u00fcberpr\u00fcfen k\u00f6nnen. Und es kann sein, dass Sie <strong>diese deutschen Lotto-Gewinnzahlen<\/strong> auch im Fernsehen nicht <strong>finden<\/strong> k\u00f6nnen. Wenn Sie sie an einem der beiden Orte finden, m\u00fcssen Sie eine ordentliche Menge an Nachforschungen anstellen, um dorthin zu gelangen.<\/p>\n<p>Vielleicht denken Sie auch dar\u00fcber nach, die Website des deutschen Lotto zu besuchen. Manchmal bieten diese offiziellen Websites Live-Ziehungen an, so dass Sie die Ergebnisse sehen k\u00f6nnen, sobald sie eintreffen. Nicht alle Spiele verf\u00fcgen jedoch \u00fcber diese M\u00f6glichkeit, und es kann sein, dass Sie Ihre Ergebnisse nicht einmal auf der offiziellen Website finden k\u00f6nnen.<\/p>\n<p>Sie k\u00f6nnten auch einen Blick auf YouTube werfen, um zu sehen, ob jemand ein Video der Live-Ziehung oder sogar ein Video mit den Ergebnissen irgendwann nach der Ziehung hochgeladen hat.<br \/>\n<a href=\"https:\/\/redfoxlotto.com\/de\/spielen\/lotto-6aus49\/?ref=a8564250a2&amp;medium=ol365\" target=\"_blank\" rel=\"noopener noreferrer\"><img decoding=\"async\" class=\"aligncenter\" src=\"https:\/\/redfoxlotto.com\/image?size=8&amp;lottery=lotto-6aus49\" alt=\"German Lotto 6aus49\" \/><\/a><\/p>\n<p>Der einfachste Weg f\u00fcr Sie, <a href=\"https:\/\/onlinelotto365.com\/de\/gewinnzahlen\">die gew\u00fcnschten Ergebnisse zu erhalten<\/a>, ist jedoch ein Blick auf unsere Website. Wir helfen Ihnen, die Ergebnisse f\u00fcr das deutsche Lotto direkt auf unserer Ergebnisseite zu finden. Dort teilen wir Ihnen die Gewinnzahlen f\u00fcr alle Lotteriespiele mit, die Sie auf unserer Website finden k\u00f6nnen.<\/p>\n<h2>So finden Sie heraus, ob Ihr Online-Schein gewonnen hat<img loading=\"lazy\" decoding=\"async\" class=\"alignright size-medium wp-image-3593\" src=\"https:\/\/onlinelotto365.com\/wp-content\/uploads\/2020\/11\/online_lottery-39-300x150.jpg\" alt=\"german lotto winning numbers\" width=\"300\" height=\"150\" srcset=\"https:\/\/onlinelotto365.com\/wp-content\/uploads\/2020\/11\/online_lottery-39-300x150.jpg 300w, https:\/\/onlinelotto365.com\/wp-content\/uploads\/2020\/11\/online_lottery-39.jpg 490w\" sizes=\"auto, (max-width: 300px) 100vw, 300px\" \/><\/h2>\n<p>F\u00fcr diejenigen, die bei uns Spielscheine f\u00fcr das deutsche Lotto gekauft haben, ist es noch einfacher, die Ergebnisse zu erhalten. Das liegt daran, dass Sie nur einen Blick auf Ihre Konto-Seite werfen m\u00fcssen. Wenn Sie dort sind, k\u00f6nnen Sie die Spielscheine sehen, die Sie f\u00fcr eines der Spiele, die wir anbieten, gekauft haben. Dann k\u00f6nnen Sie sich die Gewinnzahlen an der gleichen Stelle ansehen.<br \/>\nWir heben sogar alle Zahlen hervor, die Sie zugeordnet haben, damit Sie wissen, was Sie gewonnen haben. Und wenn Sie weniger als \u20ac2500 gewinnen, k\u00fcmmern wir uns darum, dass diese Ihrem Konto gutgeschrieben werden, sobald die Zahlen offiziell durch das Spiel verifiziert wurden. So einfach ist das f\u00fcr Sie.<\/p>\n<h2>Archiv der deutschen Lotto-Ergebnisse<\/h2>\n<p>Auf den Seiten unserer Website, die <strong>die neuesten Zahlen des deutschen Lotto<\/strong> enthalten, finden Sie auch <strong>alle alten Zahlen aus unserem Archiv<\/strong>. Das liegt daran, dass wir wissen, dass viele Menschen die \u00e4lteren Zahlen wissen wollen, um ihnen bei der Auswahl der Zahlen zu helfen, die sie f\u00fcr ihre n\u00e4chsten Spielscheine verwenden wollen. Wir stellen sie auf jede Seite, die die neuen Zahlen zeigt.<\/p>\n<h2>Mein Los hat gewonnen, was passiert als N\u00e4chstes?<\/h2>\n<p>Wenn Sie im deutschen Lotto gewonnen haben und Ihr Gewinnschein weniger als \u20ac2500 wert ist, k\u00fcmmern wir uns darum, das Geld auf Ihr Konto einzuzahlen, sobald die Gewinnzahlen alle \u00fcberpr\u00fcft worden sind. Das bedeutet, dass Sie nichts tun m\u00fcssen. Wenn der Gewinnschein mehr als \u20ac2500 wert ist, m\u00fcssen Sie ein Formular ausf\u00fcllen, aber wir helfen Ihnen trotzdem bei der Abwicklung. Wenn Sie dann mindestens 10 \u20ac auf Ihrem Konto haben, haben Sie die M\u00f6glichkeit, das Geld auf ein Bank- oder Kreditkartenkonto abzuheben, das Sie bereits mit unserer Website benutzt haben. Wenn Sie das Konto bei uns noch nicht benutzt haben, k\u00f6nnen Sie Ihr Geld nicht auf dieses Konto abheben.<\/p>\n","protected":false},"excerpt":{"rendered":"<p>Internationale Lotteriespiele k\u00f6nnen etwas schwieriger zu verfolgen sein, weil Sie m\u00f6glicherweise nicht im selben Gebiet wohnen, in dem sie gezogen werden. Es kann sein, dass Sie die Ergebnisse des deutschen Lotto in Ihrer Lokalzeitung nicht \u00fcberpr\u00fcfen k\u00f6nnen. Und es kann sein, dass Sie diese deutschen Lotto-Gewinnzahlen auch im Fernsehen nicht finden k\u00f6nnen. Wenn Sie sie [&hellip;]<\/p>\n","protected":false},"author":1,"featured_media":0,"parent":3795,"menu_order":11,"comment_status":"closed","ping_status":"closed","template":"lotto-german-results.php","meta":{"_et_pb_use_builder":"","_et_pb_old_content":"","_et_gb_content_width":"","exclude_from_search":false,"footnotes":""},"class_list":["post-7993","page","type-page","status-publish","hentry"],"yoast_head":"<!-- This site is optimized with the Yoast SEO plugin v23.4 - https:\/\/yoast.com\/wordpress\/plugins\/seo\/ -->\n<title>Gewinnzahlen Deutsches Lotto | Ziehungsergebnisse und Gewinnbetr\u00e4ge f\u00fcr das deutsche Lotto<\/title>\n<meta name=\"description\" content=\"Wenn Sie die Gewinnzahlen f\u00fcr die Deutsche Lotterie 6aus49 finden m\u00f6chten, schauen Sie hier!\" \/>\n<meta name=\"robots\" content=\"index, follow, max-snippet:-1, max-image-preview:large, max-video-preview:-1\" \/>\n<link rel=\"canonical\" href=\"https:\/\/onlinelotto365.com\/de\/gewinnzahlen\/german-lotto-6aus49\/\" \/>\n<meta property=\"og:locale\" content=\"de_DE\" \/>\n<meta property=\"og:type\" content=\"article\" \/>\n<meta property=\"og:title\" content=\"Gewinnzahlen Deutsches Lotto | Ziehungsergebnisse und Gewinnbetr\u00e4ge f\u00fcr das deutsche Lotto\" \/>\n<meta property=\"og:description\" content=\"Wenn Sie die Gewinnzahlen f\u00fcr die Deutsche Lotterie 6aus49 finden m\u00f6chten, schauen Sie hier!\" \/>\n<meta property=\"og:url\" content=\"https:\/\/onlinelotto365.com\/de\/gewinnzahlen\/german-lotto-6aus49\/\" \/>\n<meta property=\"og:site_name\" content=\"OnlineLotto365\" \/>\n<meta property=\"article:modified_time\" content=\"2021-01-07T14:03:20+00:00\" \/>\n<meta property=\"og:image\" content=\"https:\/\/redfoxlotto.com\/image?size=8&amp;lottery=lotto-6aus49\" \/>\n<meta name=\"twitter:card\" content=\"summary_large_image\" \/>\n<meta name=\"twitter:label1\" content=\"Gesch\u00e4tzte Lesezeit\" \/>\n\t<meta name=\"twitter:data1\" content=\"3\u00a0Minuten\" \/>\n<script type=\"application\/ld+json\" class=\"yoast-schema-graph\">{\"@context\":\"https:\/\/schema.org\",\"@graph\":[{\"@type\":\"WebPage\",\"@id\":\"https:\/\/onlinelotto365.com\/de\/gewinnzahlen\/german-lotto-6aus49\/\",\"url\":\"https:\/\/onlinelotto365.com\/de\/gewinnzahlen\/german-lotto-6aus49\/\",\"name\":\"Gewinnzahlen Deutsches Lotto | Ziehungsergebnisse und Gewinnbetr\u00e4ge f\u00fcr das deutsche Lotto\",\"isPartOf\":{\"@id\":\"https:\/\/onlinelotto365.com\/de\/#website\"},\"primaryImageOfPage\":{\"@id\":\"https:\/\/onlinelotto365.com\/de\/gewinnzahlen\/german-lotto-6aus49\/#primaryimage\"},\"image\":{\"@id\":\"https:\/\/onlinelotto365.com\/de\/gewinnzahlen\/german-lotto-6aus49\/#primaryimage\"},\"thumbnailUrl\":\"https:\/\/redfoxlotto.com\/image?size=8&amp;lottery=lotto-6aus49\",\"datePublished\":\"2020-12-08T13:48:48+00:00\",\"dateModified\":\"2021-01-07T14:03:20+00:00\",\"description\":\"Wenn Sie die Gewinnzahlen f\u00fcr die Deutsche Lotterie 6aus49 finden m\u00f6chten, schauen Sie hier!\",\"breadcrumb\":{\"@id\":\"https:\/\/onlinelotto365.com\/de\/gewinnzahlen\/german-lotto-6aus49\/#breadcrumb\"},\"inLanguage\":\"de\",\"potentialAction\":[{\"@type\":\"ReadAction\",\"target\":[\"https:\/\/onlinelotto365.com\/de\/gewinnzahlen\/german-lotto-6aus49\/\"]}]},{\"@type\":\"ImageObject\",\"inLanguage\":\"de\",\"@id\":\"https:\/\/onlinelotto365.com\/de\/gewinnzahlen\/german-lotto-6aus49\/#primaryimage\",\"url\":\"https:\/\/redfoxlotto.com\/image?size=8&amp;lottery=lotto-6aus49\",\"contentUrl\":\"https:\/\/redfoxlotto.com\/image?size=8&amp;lottery=lotto-6aus49\"},{\"@type\":\"BreadcrumbList\",\"@id\":\"https:\/\/onlinelotto365.com\/de\/gewinnzahlen\/german-lotto-6aus49\/#breadcrumb\",\"itemListElement\":[{\"@type\":\"ListItem\",\"position\":1,\"name\":\"Home\",\"item\":\"https:\/\/onlinelotto365.com\/de\/\"},{\"@type\":\"ListItem\",\"position\":2,\"name\":\"Finden Sie Gewinnzahlen und Ergebnisse der letzten Lottoziehungen\",\"item\":\"https:\/\/onlinelotto365.com\/de\/gewinnzahlen\/\"},{\"@type\":\"ListItem\",\"position\":3,\"name\":\"Sehen Sie hier die Gewinnzahlen des deutschen Lottos\"}]},{\"@type\":\"WebSite\",\"@id\":\"https:\/\/onlinelotto365.com\/de\/#website\",\"url\":\"https:\/\/onlinelotto365.com\/de\/\",\"name\":\"OnlineLotto365\",\"description\":\"\",\"potentialAction\":[{\"@type\":\"SearchAction\",\"target\":{\"@type\":\"EntryPoint\",\"urlTemplate\":\"https:\/\/onlinelotto365.com\/de\/?s={search_term_string}\"},\"query-input\":{\"@type\":\"PropertyValueSpecification\",\"valueRequired\":true,\"valueName\":\"search_term_string\"}}],\"inLanguage\":\"de\"}]}<\/script>\n<!-- \/ Yoast SEO plugin. -->","yoast_head_json":{"title":"Gewinnzahlen Deutsches Lotto | Ziehungsergebnisse und Gewinnbetr\u00e4ge f\u00fcr das deutsche Lotto","description":"Wenn Sie die Gewinnzahlen f\u00fcr die Deutsche Lotterie 6aus49 finden m\u00f6chten, schauen Sie hier!","robots":{"index":"index","follow":"follow","max-snippet":"max-snippet:-1","max-image-preview":"max-image-preview:large","max-video-preview":"max-video-preview:-1"},"canonical":"https:\/\/onlinelotto365.com\/de\/gewinnzahlen\/german-lotto-6aus49\/","og_locale":"de_DE","og_type":"article","og_title":"Gewinnzahlen Deutsches Lotto | Ziehungsergebnisse und Gewinnbetr\u00e4ge f\u00fcr das deutsche Lotto","og_description":"Wenn Sie die Gewinnzahlen f\u00fcr die Deutsche Lotterie 6aus49 finden m\u00f6chten, schauen Sie hier!","og_url":"https:\/\/onlinelotto365.com\/de\/gewinnzahlen\/german-lotto-6aus49\/","og_site_name":"OnlineLotto365","article_modified_time":"2021-01-07T14:03:20+00:00","og_image":[{"url":"https:\/\/redfoxlotto.com\/image?size=8&amp;lottery=lotto-6aus49"}],"twitter_card":"summary_large_image","twitter_misc":{"Gesch\u00e4tzte Lesezeit":"3\u00a0Minuten"},"schema":{"@context":"https:\/\/schema.org","@graph":[{"@type":"WebPage","@id":"https:\/\/onlinelotto365.com\/de\/gewinnzahlen\/german-lotto-6aus49\/","url":"https:\/\/onlinelotto365.com\/de\/gewinnzahlen\/german-lotto-6aus49\/","name":"Gewinnzahlen Deutsches Lotto | Ziehungsergebnisse und Gewinnbetr\u00e4ge f\u00fcr das deutsche Lotto","isPartOf":{"@id":"https:\/\/onlinelotto365.com\/de\/#website"},"primaryImageOfPage":{"@id":"https:\/\/onlinelotto365.com\/de\/gewinnzahlen\/german-lotto-6aus49\/#primaryimage"},"image":{"@id":"https:\/\/onlinelotto365.com\/de\/gewinnzahlen\/german-lotto-6aus49\/#primaryimage"},"thumbnailUrl":"https:\/\/redfoxlotto.com\/image?size=8&amp;lottery=lotto-6aus49","datePublished":"2020-12-08T13:48:48+00:00","dateModified":"2021-01-07T14:03:20+00:00","description":"Wenn Sie die Gewinnzahlen f\u00fcr die Deutsche Lotterie 6aus49 finden m\u00f6chten, schauen Sie hier!","breadcrumb":{"@id":"https:\/\/onlinelotto365.com\/de\/gewinnzahlen\/german-lotto-6aus49\/#breadcrumb"},"inLanguage":"de","potentialAction":[{"@type":"ReadAction","target":["https:\/\/onlinelotto365.com\/de\/gewinnzahlen\/german-lotto-6aus49\/"]}]},{"@type":"ImageObject","inLanguage":"de","@id":"https:\/\/onlinelotto365.com\/de\/gewinnzahlen\/german-lotto-6aus49\/#primaryimage","url":"https:\/\/redfoxlotto.com\/image?size=8&amp;lottery=lotto-6aus49","contentUrl":"https:\/\/redfoxlotto.com\/image?size=8&amp;lottery=lotto-6aus49"},{"@type":"BreadcrumbList","@id":"https:\/\/onlinelotto365.com\/de\/gewinnzahlen\/german-lotto-6aus49\/#breadcrumb","itemListElement":[{"@type":"ListItem","position":1,"name":"Home","item":"https:\/\/onlinelotto365.com\/de\/"},{"@type":"ListItem","position":2,"name":"Finden Sie Gewinnzahlen und Ergebnisse der letzten Lottoziehungen","item":"https:\/\/onlinelotto365.com\/de\/gewinnzahlen\/"},{"@type":"ListItem","position":3,"name":"Sehen Sie hier die Gewinnzahlen des deutschen Lottos"}]},{"@type":"WebSite","@id":"https:\/\/onlinelotto365.com\/de\/#website","url":"https:\/\/onlinelotto365.com\/de\/","name":"OnlineLotto365","description":"","potentialAction":[{"@type":"SearchAction","target":{"@type":"EntryPoint","urlTemplate":"https:\/\/onlinelotto365.com\/de\/?s={search_term_string}"},"query-input":{"@type":"PropertyValueSpecification","valueRequired":true,"valueName":"search_term_string"}}],"inLanguage":"de"}]}},"_links":{"self":[{"href":"https:\/\/onlinelotto365.com\/de\/wp-json\/wp\/v2\/pages\/7993","targetHints":{"allow":["GET"]}}],"collection":[{"href":"https:\/\/onlinelotto365.com\/de\/wp-json\/wp\/v2\/pages"}],"about":[{"href":"https:\/\/onlinelotto365.com\/de\/wp-json\/wp\/v2\/types\/page"}],"author":[{"embeddable":true,"href":"https:\/\/onlinelotto365.com\/de\/wp-json\/wp\/v2\/users\/1"}],"replies":[{"embeddable":true,"href":"https:\/\/onlinelotto365.com\/de\/wp-json\/wp\/v2\/comments?post=7993"}],"version-history":[{"count":0,"href":"https:\/\/onlinelotto365.com\/de\/wp-json\/wp\/v2\/pages\/7993\/revisions"}],"up":[{"embeddable":true,"href":"https:\/\/onlinelotto365.com\/de\/wp-json\/wp\/v2\/pages\/3795"}],"wp:attachment":[{"href":"https:\/\/onlinelotto365.com\/de\/wp-json\/wp\/v2\/media?parent=7993"}],"curies":[{"name":"wp","href":"https:\/\/api.w.org\/{rel}","templated":true}]}}