{"id":8021,"date":"2020-12-08T14:51:45","date_gmt":"2020-12-08T13:51:45","guid":{"rendered":"http:\/\/onlinelotto365.net\/?page_id=8021"},"modified":"2020-12-30T10:37:27","modified_gmt":"2020-12-30T09:37:27","slug":"mega-sena","status":"publish","type":"page","link":"https:\/\/onlinelotto365.com\/de\/gewinnzahlen\/mega-sena\/","title":{"rendered":"Mega-Sena aus Brasilien &#8211; neueste Gewinnzahlen"},"content":{"rendered":"<p>Es gibt viele verschiedene Spiele und Sie m\u00f6chten sicherstellen, dass Sie die Gewinnzahlen so schnell wie m\u00f6glich herausfinden k\u00f6nnen. Nun, das ist auf verschiedene Arten m\u00f6glich, wenn man wei\u00df, wo man suchen muss. Gewinnzahlen sind manchmal in der Zeitung zu finden, wenn Sie in einer Gegend leben, in der es sich um ein lokales Spiel handelt. Das k\u00f6nnte bedeuten, dass <strong>die Mega-Sena-Ergebnisse in Ihrer Gegend nicht verf\u00fcgbar sind<\/strong>. Au\u00dferdem werden in einigen Gegenden die Gewinnzahlen im Fernsehen gezeigt, was nur m\u00f6glich ist, wenn Sie in bestimmten Gegenden wohnen.<\/p>\n<p>Eine andere M\u00f6glichkeit besteht darin, auf der Website der Mega-Sena-Lotterie nachzusehen, ob es eine <a href=\"https:\/\/onlinelotto365.com\/de\/news\/lotto-leben\">\u00dcbertragung des Live-Streams<\/a> bei der Ziehung des Spiels gibt. Nicht alle Spiele tun dies, aber f\u00fcr diejenigen, die es tun, kann es f\u00fcr jeden, der zuschaut, eine aufregende Erfahrung sein. Besonders dann, wenn Sie tats\u00e4chlich ein Gewinner sind und die Ziehung Ihrer Zahlen verfolgen.<\/p>\n<p>Es gibt auch die M\u00f6glichkeit, zu YouTube zu wechseln. Manchmal laden Leute Live-Videos der Verlosung online hoch, und Sie k\u00f6nnen sich die letzte Mega-Sena-Ziehung ansehen.<br \/>\n<a href=\"https:\/\/redfoxlotto.com\/de\/spielen\/mega-sena\/?ref=a8564250a2&amp;medium=ol365\" target=\"_blank\" rel=\"noopener noreferrer\"><img decoding=\"async\" class=\"aligncenter\" src=\"https:\/\/redfoxlotto.com\/image?size=8&amp;lottery=mega-sena\" alt=\"mega-sena\" \/><\/a><\/p>\n<p>Der einfachste Weg f\u00fcr Sie, <a href=\"https:\/\/onlinelotto365.com\/de\/gewinnzahlen\">die Gewinnzahlen zu erhalten<\/a>, ist jedoch ein Blick auf unsere Website. Wir k\u00f6nnen Ihnen Zugang zu allen Gewinnzahlen des Mega Sena sowie zu allen anderen von Ihnen gew\u00fcnschten Spielen geben, die wir zur Verf\u00fcgung haben. Das macht es Ihnen leichter, die von Ihnen gew\u00fcnschten Ergebnisse zu finden.<\/p>\n<h2>So finden Sie heraus, ob Ihr Online-Ticket gewonnen hat<\/h2>\n<p><img loading=\"lazy\" decoding=\"async\" class=\"alignright wp-image-3640\" src=\"https:\/\/onlinelotto365.com\/wp-content\/uploads\/2020\/11\/lottery_balls1-300x160.jpg\" alt=\"mega-sena results\" width=\"249\" height=\"133\" srcset=\"https:\/\/onlinelotto365.com\/wp-content\/uploads\/2020\/11\/lottery_balls1-300x160.jpg 300w, https:\/\/onlinelotto365.com\/wp-content\/uploads\/2020\/11\/lottery_balls1.jpg 472w\" sizes=\"auto, (max-width: 249px) 100vw, 249px\" \/> Was noch besser ist: Sie k\u00f6nnen sich direkt in Ihr Konto einloggen und auch die Ergebnisse aller Spiele finden, f\u00fcr die Sie Tickets gekauft haben. Sie gehen einfach in den Bereich der Website, in dem Ihre Tickets gespeichert sind, und Sie k\u00f6nnen die Gewinnzahlen finden, die f\u00fcr diese Tickets gelten.<\/p>\n<p>Dann k\u00f6nnen Sie sogar die Gewinnzahlen sehen, die mit Ihren aktuellen Zahlen \u00fcbereinstimmen, damit Sie sehen k\u00f6nnen, wie viel Sie bereits gewonnen haben. Wenn es sich um weniger als \u20ac2500 handelt, k\u00fcmmern wir uns darum, dass dieses Geld direkt auf Ihr Konto \u00fcberwiesen wird, damit Sie es ausgeben oder auf Ihr eigenes Konto abheben k\u00f6nnen. Sie m\u00fcssen nur daf\u00fcr sorgen, dass Sie das Geld auf ein Konto abheben, das Sie bereits bei uns benutzt haben.<\/p>\n<h2>Mega-Sena-Ergebnisarchiv<\/h2>\n<p>F\u00fcr diejenigen, die Zugang zu \u00e4lteren Nummern f\u00fcr die Mega-Sena erhalten m\u00f6chten, sollten Sie sich die Webseiten, die bereits die neuesten Nummern anbieten, genau anschauen. Sie k\u00f6nnen dort auch alle alten Nummern finden, so dass Sie nicht bef\u00fcrchten m\u00fcssen, einige der besten Informationen f\u00fcr die Auswahl Ihrer n\u00e4chsten Nummerngruppe zu verpassen.<\/p>\n","protected":false},"excerpt":{"rendered":"<p>Es gibt viele verschiedene Spiele und Sie m\u00f6chten sicherstellen, dass Sie die Gewinnzahlen so schnell wie m\u00f6glich herausfinden k\u00f6nnen. Nun, das ist auf verschiedene Arten m\u00f6glich, wenn man wei\u00df, wo man suchen muss. Gewinnzahlen sind manchmal in der Zeitung zu finden, wenn Sie in einer Gegend leben, in der es sich um ein lokales Spiel [&hellip;]<\/p>\n","protected":false},"author":1,"featured_media":0,"parent":3795,"menu_order":12,"comment_status":"closed","ping_status":"closed","template":"megasena-results.php","meta":{"_et_pb_use_builder":"","_et_pb_old_content":"","_et_gb_content_width":"","exclude_from_search":false,"footnotes":""},"class_list":["post-8021","page","type-page","status-publish","hentry"],"yoast_head":"<!-- This site is optimized with the Yoast SEO plugin v23.4 - https:\/\/yoast.com\/wordpress\/plugins\/seo\/ -->\n<title>Neueste Ziehungsergebnisse und Preise f\u00fcr Mega-Sena<\/title>\n<meta name=\"description\" content=\"Ergebnisse f\u00fcr Mega-Sena Brasilien und viele andere weltweite Lotterien finden Sie hier\" \/>\n<meta name=\"robots\" content=\"index, follow, max-snippet:-1, max-image-preview:large, max-video-preview:-1\" \/>\n<link rel=\"canonical\" href=\"https:\/\/onlinelotto365.com\/de\/gewinnzahlen\/mega-sena\/\" \/>\n<meta property=\"og:locale\" content=\"de_DE\" \/>\n<meta property=\"og:type\" content=\"article\" \/>\n<meta property=\"og:title\" content=\"Neueste Ziehungsergebnisse und Preise f\u00fcr Mega-Sena\" \/>\n<meta property=\"og:description\" content=\"Ergebnisse f\u00fcr Mega-Sena Brasilien und viele andere weltweite Lotterien finden Sie hier\" \/>\n<meta property=\"og:url\" content=\"https:\/\/onlinelotto365.com\/de\/gewinnzahlen\/mega-sena\/\" \/>\n<meta property=\"og:site_name\" content=\"OnlineLotto365\" \/>\n<meta property=\"article:modified_time\" content=\"2020-12-30T09:37:27+00:00\" \/>\n<meta property=\"og:image\" content=\"https:\/\/redfoxlotto.com\/image?size=8&amp;lottery=mega-sena\" \/>\n<meta name=\"twitter:card\" content=\"summary_large_image\" \/>\n<meta name=\"twitter:label1\" content=\"Gesch\u00e4tzte Lesezeit\" \/>\n\t<meta name=\"twitter:data1\" content=\"2\u00a0Minuten\" \/>\n<script type=\"application\/ld+json\" class=\"yoast-schema-graph\">{\"@context\":\"https:\/\/schema.org\",\"@graph\":[{\"@type\":\"WebPage\",\"@id\":\"https:\/\/onlinelotto365.com\/de\/gewinnzahlen\/mega-sena\/\",\"url\":\"https:\/\/onlinelotto365.com\/de\/gewinnzahlen\/mega-sena\/\",\"name\":\"Neueste Ziehungsergebnisse und Preise f\u00fcr Mega-Sena\",\"isPartOf\":{\"@id\":\"https:\/\/onlinelotto365.com\/de\/#website\"},\"primaryImageOfPage\":{\"@id\":\"https:\/\/onlinelotto365.com\/de\/gewinnzahlen\/mega-sena\/#primaryimage\"},\"image\":{\"@id\":\"https:\/\/onlinelotto365.com\/de\/gewinnzahlen\/mega-sena\/#primaryimage\"},\"thumbnailUrl\":\"https:\/\/redfoxlotto.com\/image?size=8&amp;lottery=mega-sena\",\"datePublished\":\"2020-12-08T13:51:45+00:00\",\"dateModified\":\"2020-12-30T09:37:27+00:00\",\"description\":\"Ergebnisse f\u00fcr Mega-Sena Brasilien und viele andere weltweite Lotterien finden Sie hier\",\"breadcrumb\":{\"@id\":\"https:\/\/onlinelotto365.com\/de\/gewinnzahlen\/mega-sena\/#breadcrumb\"},\"inLanguage\":\"de\",\"potentialAction\":[{\"@type\":\"ReadAction\",\"target\":[\"https:\/\/onlinelotto365.com\/de\/gewinnzahlen\/mega-sena\/\"]}]},{\"@type\":\"ImageObject\",\"inLanguage\":\"de\",\"@id\":\"https:\/\/onlinelotto365.com\/de\/gewinnzahlen\/mega-sena\/#primaryimage\",\"url\":\"https:\/\/redfoxlotto.com\/image?size=8&amp;lottery=mega-sena\",\"contentUrl\":\"https:\/\/redfoxlotto.com\/image?size=8&amp;lottery=mega-sena\"},{\"@type\":\"BreadcrumbList\",\"@id\":\"https:\/\/onlinelotto365.com\/de\/gewinnzahlen\/mega-sena\/#breadcrumb\",\"itemListElement\":[{\"@type\":\"ListItem\",\"position\":1,\"name\":\"Home\",\"item\":\"https:\/\/onlinelotto365.com\/de\/\"},{\"@type\":\"ListItem\",\"position\":2,\"name\":\"Finden Sie Gewinnzahlen und Ergebnisse der letzten Lottoziehungen\",\"item\":\"https:\/\/onlinelotto365.com\/de\/gewinnzahlen\/\"},{\"@type\":\"ListItem\",\"position\":3,\"name\":\"Mega-Sena aus Brasilien &#8211; neueste Gewinnzahlen\"}]},{\"@type\":\"WebSite\",\"@id\":\"https:\/\/onlinelotto365.com\/de\/#website\",\"url\":\"https:\/\/onlinelotto365.com\/de\/\",\"name\":\"OnlineLotto365\",\"description\":\"\",\"potentialAction\":[{\"@type\":\"SearchAction\",\"target\":{\"@type\":\"EntryPoint\",\"urlTemplate\":\"https:\/\/onlinelotto365.com\/de\/?s={search_term_string}\"},\"query-input\":{\"@type\":\"PropertyValueSpecification\",\"valueRequired\":true,\"valueName\":\"search_term_string\"}}],\"inLanguage\":\"de\"}]}<\/script>\n<!-- \/ Yoast SEO plugin. -->","yoast_head_json":{"title":"Neueste Ziehungsergebnisse und Preise f\u00fcr Mega-Sena","description":"Ergebnisse f\u00fcr Mega-Sena Brasilien und viele andere weltweite Lotterien finden Sie hier","robots":{"index":"index","follow":"follow","max-snippet":"max-snippet:-1","max-image-preview":"max-image-preview:large","max-video-preview":"max-video-preview:-1"},"canonical":"https:\/\/onlinelotto365.com\/de\/gewinnzahlen\/mega-sena\/","og_locale":"de_DE","og_type":"article","og_title":"Neueste Ziehungsergebnisse und Preise f\u00fcr Mega-Sena","og_description":"Ergebnisse f\u00fcr Mega-Sena Brasilien und viele andere weltweite Lotterien finden Sie hier","og_url":"https:\/\/onlinelotto365.com\/de\/gewinnzahlen\/mega-sena\/","og_site_name":"OnlineLotto365","article_modified_time":"2020-12-30T09:37:27+00:00","og_image":[{"url":"https:\/\/redfoxlotto.com\/image?size=8&amp;lottery=mega-sena"}],"twitter_card":"summary_large_image","twitter_misc":{"Gesch\u00e4tzte Lesezeit":"2\u00a0Minuten"},"schema":{"@context":"https:\/\/schema.org","@graph":[{"@type":"WebPage","@id":"https:\/\/onlinelotto365.com\/de\/gewinnzahlen\/mega-sena\/","url":"https:\/\/onlinelotto365.com\/de\/gewinnzahlen\/mega-sena\/","name":"Neueste Ziehungsergebnisse und Preise f\u00fcr Mega-Sena","isPartOf":{"@id":"https:\/\/onlinelotto365.com\/de\/#website"},"primaryImageOfPage":{"@id":"https:\/\/onlinelotto365.com\/de\/gewinnzahlen\/mega-sena\/#primaryimage"},"image":{"@id":"https:\/\/onlinelotto365.com\/de\/gewinnzahlen\/mega-sena\/#primaryimage"},"thumbnailUrl":"https:\/\/redfoxlotto.com\/image?size=8&amp;lottery=mega-sena","datePublished":"2020-12-08T13:51:45+00:00","dateModified":"2020-12-30T09:37:27+00:00","description":"Ergebnisse f\u00fcr Mega-Sena Brasilien und viele andere weltweite Lotterien finden Sie hier","breadcrumb":{"@id":"https:\/\/onlinelotto365.com\/de\/gewinnzahlen\/mega-sena\/#breadcrumb"},"inLanguage":"de","potentialAction":[{"@type":"ReadAction","target":["https:\/\/onlinelotto365.com\/de\/gewinnzahlen\/mega-sena\/"]}]},{"@type":"ImageObject","inLanguage":"de","@id":"https:\/\/onlinelotto365.com\/de\/gewinnzahlen\/mega-sena\/#primaryimage","url":"https:\/\/redfoxlotto.com\/image?size=8&amp;lottery=mega-sena","contentUrl":"https:\/\/redfoxlotto.com\/image?size=8&amp;lottery=mega-sena"},{"@type":"BreadcrumbList","@id":"https:\/\/onlinelotto365.com\/de\/gewinnzahlen\/mega-sena\/#breadcrumb","itemListElement":[{"@type":"ListItem","position":1,"name":"Home","item":"https:\/\/onlinelotto365.com\/de\/"},{"@type":"ListItem","position":2,"name":"Finden Sie Gewinnzahlen und Ergebnisse der letzten Lottoziehungen","item":"https:\/\/onlinelotto365.com\/de\/gewinnzahlen\/"},{"@type":"ListItem","position":3,"name":"Mega-Sena aus Brasilien &#8211; neueste Gewinnzahlen"}]},{"@type":"WebSite","@id":"https:\/\/onlinelotto365.com\/de\/#website","url":"https:\/\/onlinelotto365.com\/de\/","name":"OnlineLotto365","description":"","potentialAction":[{"@type":"SearchAction","target":{"@type":"EntryPoint","urlTemplate":"https:\/\/onlinelotto365.com\/de\/?s={search_term_string}"},"query-input":{"@type":"PropertyValueSpecification","valueRequired":true,"valueName":"search_term_string"}}],"inLanguage":"de"}]}},"_links":{"self":[{"href":"https:\/\/onlinelotto365.com\/de\/wp-json\/wp\/v2\/pages\/8021","targetHints":{"allow":["GET"]}}],"collection":[{"href":"https:\/\/onlinelotto365.com\/de\/wp-json\/wp\/v2\/pages"}],"about":[{"href":"https:\/\/onlinelotto365.com\/de\/wp-json\/wp\/v2\/types\/page"}],"author":[{"embeddable":true,"href":"https:\/\/onlinelotto365.com\/de\/wp-json\/wp\/v2\/users\/1"}],"replies":[{"embeddable":true,"href":"https:\/\/onlinelotto365.com\/de\/wp-json\/wp\/v2\/comments?post=8021"}],"version-history":[{"count":0,"href":"https:\/\/onlinelotto365.com\/de\/wp-json\/wp\/v2\/pages\/8021\/revisions"}],"up":[{"embeddable":true,"href":"https:\/\/onlinelotto365.com\/de\/wp-json\/wp\/v2\/pages\/3795"}],"wp:attachment":[{"href":"https:\/\/onlinelotto365.com\/de\/wp-json\/wp\/v2\/media?parent=8021"}],"curies":[{"name":"wp","href":"https:\/\/api.w.org\/{rel}","templated":true}]}}