{"id":80387,"date":"2022-11-17T10:23:19","date_gmt":"2022-11-17T09:23:19","guid":{"rendered":"https:\/\/onlinelotto365.com\/?page_id=80387"},"modified":"2022-11-17T10:23:19","modified_gmt":"2022-11-17T09:23:19","slug":"set-for-life-2","status":"publish","type":"page","link":"https:\/\/onlinelotto365.com\/de\/lose-kaufen\/set-for-life-2\/","title":{"rendered":"Wie kann man Set for life Tickets online kaufen?"},"content":{"rendered":"<p>Wenn Sie Ihre Set for Life-Tickets jetzt kaufen wollen, m\u00fcssen Sie wissen, wie Sie das tun k\u00f6nnen. Wenn Sie in Deutschland leben, ist es f\u00fcr Sie einfach, und Sie wissen wahrscheinlich schon, wie Sie die Scheine bekommen. Aber was ist mit Lottospielern aus anderen L\u00e4ndern, zum Beispiel aus Australien? Nun, es ist ein sehr einfacher Prozess und wir k\u00f6nnen Ihnen in k\u00fcrzester Zeit den Einstieg erm\u00f6glichen. Sie m\u00fcssen nur die unten aufgef\u00fchrten Schritte befolgen. Von dort aus k\u00f6nnen Sie die gew\u00fcnschten Tickets f\u00fcr die n\u00e4chste Ziehung erhalten.<br \/>\n<a href=\"https:\/\/redfoxlotto.com\/play\/set-for-life-uk\/?ref=a8564250a2&amp;medium=ol365\" target=\"_blank\" rel=\"noopener noreferrer\"><img decoding=\"async\" class=\"aligncenter\" src=\"https:\/\/redfoxlotto.com\/image?size=8&amp;lottery=set-for-life-uk\" alt=\"&quot;Set\" \/><\/a><\/p>\n<ul>\n<li>Gehen Sie auf die Seite der Set for Life-Lotterie und w\u00e4hlen Sie die Anzahl der Lose, die Sie haben m\u00f6chten, und die Zahlen, die Sie f\u00fcr jedes dieser Lose haben m\u00f6chten<\/li>\n<li>W\u00e4hlen Sie weitere Spielscheine f\u00fcr Set for Life oder andere Lottospiele aus, um Ihren Warenkorb zu f\u00fcllen<\/li>\n<li>W\u00e4hlen Sie die Option, jetzt zu bezahlen<\/li>\n<li>Folgen Sie den Anweisungen, um sich bei Ihrem Konto anzumelden oder ein neues Konto zu erstellen.<\/li>\n<li>Schlie\u00dfen Sie den Verifizierungsprozess ab, indem Sie auf Ihr Konto gehen und auf den Link in Ihrer E-Mail klicken<\/li>\n<li>\u00dcberpr\u00fcfen Sie Ihren Spam-Ordner, falls die E-Mail nicht in Ihrem Posteingang auftaucht, um sicherzustellen, dass Sie sie erhalten haben.<\/li>\n<li>Sobald Sie Ihr Konto verifiziert haben, gehen Sie zum Einkaufswagen auf der Website<\/li>\n<li>W\u00e4hlen Sie Ihre bevorzugte Zahlungsmethode und f\u00fchren Sie den Zahlungsvorgang durch.<\/li>\n<\/ul>\n<h2>Wie Sie Ihr Set for life-Ticket online bezahlen k\u00f6nnen<\/h2>\n<p>Die Bezahlung Ihrer Tickets ist nicht nur einfach, sondern auch absolut sicher und bietet Ihnen eine Vielzahl von M\u00f6glichkeiten.<br \/>\nSie k\u00f6nnen Ihre Tickets wie folgt bezahlen:<\/p>\n<p>Direktkauf mit der von Ihnen gew\u00e4hlten Zahlungsmethode<br \/>\nGeld auf Ihr Konto einzahlen und damit einen Kauf t\u00e4tigen<\/p>\n<p>Achten Sie darauf, dass Sie, wenn Sie sich f\u00fcr eine Einzahlung auf Ihr Konto entscheiden, auch ein wenig mehr einzahlen, damit Ihre Wahl der Zahlungsmethode akzeptiert wird.<\/p>\n<h2>Weitere Informationen \u00fcber Set for life<\/h2>\n<ul>\n<li>Land: Deutschland<\/li>\n<li>Hauptnummernbereich: 45<\/li>\n<li>Sie w\u00e4hlen: 5<\/li>\n<li>Bereich der Zusatzzahlen: 10<\/li>\n<li>Sie w\u00e4hlen: 1<\/li>\n<li>Ziehungstage, Stunden: Montag, Donnerstag, 20:00 GMT, 21:00 CET<\/li>\n<li>Minimaler Jackpot:<\/li>\n<li>Maximaler Jackpot:<\/li>\n<li>Wahrscheinlichkeit, den Jackpot zu gewinnen: 1 zu 15339390<\/li>\n<li>Wahrscheinlichkeit eines Stufe-2-Gewinns: 1 zu 1704377<\/li>\n<li>Wahrscheinlichkeit, in einer beliebigen Stufe zu gewinnen: 1 zu 12,4<\/li>\n<li>Anzahl der Gewinnstufen: 8<\/li>\n<\/ul>\n<h2>Vorteile des Online-Kaufs von Set for life-Losen<\/h2>\n<ul>\n<li>Sie m\u00fcssen Ihr Haus nicht verlassen, um Ihre Lose zu kaufen<\/li>\n<li>Sie sind nicht auf das Spielen von Lotterien aus Australien beschr\u00e4nkt<\/li>\n<li>W\u00e4hlen Sie aus einer Reihe verschiedener Lotterien aus der ganzen Welt<\/li>\n<li>W\u00e4hlen Sie die Spiele mit den h\u00f6chsten Jackpots, um Ihre Chancen zu erh\u00f6hen<\/li>\n<li>Verwenden Sie Ihr Kontoguthaben, um die gew\u00fcnschten Lose zu kaufen<\/li>\n<li>Behalten Sie jederzeit den \u00dcberblick \u00fcber Ihre Lose<\/li>\n<li>Erhalten Sie eine Benachrichtigung, wenn Ihr Los gewonnen hat<\/li>\n<li>Machen Sie sich keine Gedanken \u00fcber die Auswahl der Ticketoptionen mit Quick Picks<\/li>\n<\/ul>\n<h2>Ist es legal, Set for life-Tickets online zu kaufen?<\/h2>\n<p>Sie brauchen sich keine Sorgen \u00fcber die Legalit\u00e4t des Online-Kaufs Ihrer Tickets oder des traditionellen Kaufs zu machen. Sie k\u00f6nnen sich entspannt zur\u00fccklehnen und darauf vertrauen, dass wir uns um die Einhaltung aller Vorschriften des Landes, aus dem diese Spiele kommen, k\u00fcmmern werden. Alles, was Sie tun m\u00fcssen, ist, ein Los zu kaufen, und wir garantieren Ihnen, dass Sie einen Preis, einschlie\u00dflich des Jackpots, erhalten werden, wenn Sie dazu berechtigt sind.<br \/>\nSie m\u00fcssen mindestens 18 Jahre alt sein, um unsere Website nutzen zu k\u00f6nnen.<\/p>\n<h2>Wie werde ich ausgezahlt, wenn ich bei Set for life online gewinne?<\/h2>\n<p>Sie m\u00f6chten jeden Cent, der Ihnen zusteht, ausgezahlt bekommen, wenn Sie etwas gewinnen, und genau das tun wir auch. Wir sorgen daf\u00fcr, dass Sie immer das gesamte Geld erhalten, ohne dass Provisionen oder Geb\u00fchren auf Ihren Gewinn angerechnet werden.<br \/>\nDas einzige Mal, dass Sie etwas bezahlen m\u00fcssen, ist, wenn Sie sich f\u00fcr eine Bank\u00fcberweisung entscheiden. Wenn die Bank uns Geld berechnet, was bei internationalen \u00dcberweisungen vorkommen kann, dann belasten wir Ihr Konto mit der Geb\u00fchr. Das ist der einzige Grund, warum wir etwas von Ihren Gewinnen abziehen.<br \/>\nUnd wenn Sie gewinnen, erhalten Sie Ihr Geld auf eine der wenigen M\u00f6glichkeiten, die es gibt:<\/p>\n<ul>\n<li>Jeder Betrag unter 2500 \u20ac ist einfach, denn unser Support-Team wird das Geld direkt auf Ihr Konto \u00fcberweisen.<\/li>\n<li>Bei Betr\u00e4gen \u00fcber 2500 \u20ac ist es immer noch einfach f\u00fcr Sie, weil unser Support-Team Sie durch den Prozess begleitet. Wir senden Ihnen das Antragsformular zu, damit Sie es ausf\u00fcllen und uns mitteilen k\u00f6nnen, ob Sie das Geld an Ihre Bank \u00fcberweisen oder als Scheck erhalten m\u00f6chten.<\/li>\n<\/ul>\n","protected":false},"excerpt":{"rendered":"<p>Wenn Sie Ihre Set for Life-Tickets jetzt kaufen wollen, m\u00fcssen Sie wissen, wie Sie das tun k\u00f6nnen. Wenn Sie in Deutschland leben, ist es f\u00fcr Sie einfach, und Sie wissen wahrscheinlich schon, wie Sie die Scheine bekommen. Aber was ist mit Lottospielern aus anderen L\u00e4ndern, zum Beispiel aus Australien? Nun, es ist ein sehr einfacher [&hellip;]<\/p>\n","protected":false},"author":1,"featured_media":0,"parent":3805,"menu_order":10,"comment_status":"closed","ping_status":"closed","template":"set-for-life-info.php","meta":{"_et_pb_use_builder":"","_et_pb_old_content":"","_et_gb_content_width":"","exclude_from_search":false,"footnotes":""},"class_list":["post-80387","page","type-page","status-publish","hentry"],"yoast_head":"<!-- This site is optimized with the Yoast SEO plugin v23.4 - https:\/\/yoast.com\/wordpress\/plugins\/seo\/ -->\n<title>Kaufen Sie Tickets f\u00fcr Set for life online von Australien | Set for life Lotterieinformationen, wie man Tickets kauft<\/title>\n<meta name=\"description\" content=\"Die Set for Life-Lotterie kann von Australien aus gewonnen werden - hier k\u00f6nnen Sie Spielscheine online kaufen\" \/>\n<meta name=\"robots\" content=\"index, follow, max-snippet:-1, max-image-preview:large, max-video-preview:-1\" \/>\n<link rel=\"canonical\" href=\"https:\/\/onlinelotto365.com\/de\/lose-kaufen\/set-for-life-2\/\" \/>\n<meta property=\"og:locale\" content=\"de_DE\" \/>\n<meta property=\"og:type\" content=\"article\" \/>\n<meta property=\"og:title\" content=\"Kaufen Sie Tickets f\u00fcr Set for life online von Australien | Set for life Lotterieinformationen, wie man Tickets kauft\" \/>\n<meta property=\"og:description\" content=\"Die Set for Life-Lotterie kann von Australien aus gewonnen werden - hier k\u00f6nnen Sie Spielscheine online kaufen\" \/>\n<meta property=\"og:url\" content=\"https:\/\/onlinelotto365.com\/de\/lose-kaufen\/set-for-life-2\/\" \/>\n<meta property=\"og:site_name\" content=\"OnlineLotto365\" \/>\n<meta property=\"og:image\" content=\"https:\/\/redfoxlotto.com\/image?size=8&amp;lottery=set-for-life-uk\" \/>\n<meta name=\"twitter:card\" content=\"summary_large_image\" \/>\n<meta name=\"twitter:label1\" content=\"Gesch\u00e4tzte Lesezeit\" \/>\n\t<meta name=\"twitter:data1\" content=\"4\u00a0Minuten\" \/>\n<script type=\"application\/ld+json\" class=\"yoast-schema-graph\">{\"@context\":\"https:\/\/schema.org\",\"@graph\":[{\"@type\":\"WebPage\",\"@id\":\"https:\/\/onlinelotto365.com\/de\/lose-kaufen\/set-for-life-2\/\",\"url\":\"https:\/\/onlinelotto365.com\/de\/lose-kaufen\/set-for-life-2\/\",\"name\":\"Kaufen Sie Tickets f\u00fcr Set for life online von Australien | Set for life Lotterieinformationen, wie man Tickets kauft\",\"isPartOf\":{\"@id\":\"https:\/\/onlinelotto365.com\/de\/#website\"},\"primaryImageOfPage\":{\"@id\":\"https:\/\/onlinelotto365.com\/de\/lose-kaufen\/set-for-life-2\/#primaryimage\"},\"image\":{\"@id\":\"https:\/\/onlinelotto365.com\/de\/lose-kaufen\/set-for-life-2\/#primaryimage\"},\"thumbnailUrl\":\"https:\/\/redfoxlotto.com\/image?size=8&amp;lottery=set-for-life-uk\",\"datePublished\":\"2022-11-17T09:23:19+00:00\",\"dateModified\":\"2022-11-17T09:23:19+00:00\",\"description\":\"Die Set for Life-Lotterie kann von Australien aus gewonnen werden - hier k\u00f6nnen Sie Spielscheine online kaufen\",\"breadcrumb\":{\"@id\":\"https:\/\/onlinelotto365.com\/de\/lose-kaufen\/set-for-life-2\/#breadcrumb\"},\"inLanguage\":\"de\",\"potentialAction\":[{\"@type\":\"ReadAction\",\"target\":[\"https:\/\/onlinelotto365.com\/de\/lose-kaufen\/set-for-life-2\/\"]}]},{\"@type\":\"ImageObject\",\"inLanguage\":\"de\",\"@id\":\"https:\/\/onlinelotto365.com\/de\/lose-kaufen\/set-for-life-2\/#primaryimage\",\"url\":\"https:\/\/redfoxlotto.com\/image?size=8&amp;lottery=set-for-life-uk\",\"contentUrl\":\"https:\/\/redfoxlotto.com\/image?size=8&amp;lottery=set-for-life-uk\"},{\"@type\":\"BreadcrumbList\",\"@id\":\"https:\/\/onlinelotto365.com\/de\/lose-kaufen\/set-for-life-2\/#breadcrumb\",\"itemListElement\":[{\"@type\":\"ListItem\",\"position\":1,\"name\":\"Home\",\"item\":\"https:\/\/onlinelotto365.com\/de\/\"},{\"@type\":\"ListItem\",\"position\":2,\"name\":\"Warum es sinnvoller ist, Lotterielose online zu kaufen\",\"item\":\"https:\/\/onlinelotto365.com\/de\/lose-kaufen\/\"},{\"@type\":\"ListItem\",\"position\":3,\"name\":\"Wie kann man Set for life Tickets online kaufen?\"}]},{\"@type\":\"WebSite\",\"@id\":\"https:\/\/onlinelotto365.com\/de\/#website\",\"url\":\"https:\/\/onlinelotto365.com\/de\/\",\"name\":\"OnlineLotto365\",\"description\":\"\",\"potentialAction\":[{\"@type\":\"SearchAction\",\"target\":{\"@type\":\"EntryPoint\",\"urlTemplate\":\"https:\/\/onlinelotto365.com\/de\/?s={search_term_string}\"},\"query-input\":{\"@type\":\"PropertyValueSpecification\",\"valueRequired\":true,\"valueName\":\"search_term_string\"}}],\"inLanguage\":\"de\"}]}<\/script>\n<!-- \/ Yoast SEO plugin. -->","yoast_head_json":{"title":"Kaufen Sie Tickets f\u00fcr Set for life online von Australien | Set for life Lotterieinformationen, wie man Tickets kauft","description":"Die Set for Life-Lotterie kann von Australien aus gewonnen werden - hier k\u00f6nnen Sie Spielscheine online kaufen","robots":{"index":"index","follow":"follow","max-snippet":"max-snippet:-1","max-image-preview":"max-image-preview:large","max-video-preview":"max-video-preview:-1"},"canonical":"https:\/\/onlinelotto365.com\/de\/lose-kaufen\/set-for-life-2\/","og_locale":"de_DE","og_type":"article","og_title":"Kaufen Sie Tickets f\u00fcr Set for life online von Australien | Set for life Lotterieinformationen, wie man Tickets kauft","og_description":"Die Set for Life-Lotterie kann von Australien aus gewonnen werden - hier k\u00f6nnen Sie Spielscheine online kaufen","og_url":"https:\/\/onlinelotto365.com\/de\/lose-kaufen\/set-for-life-2\/","og_site_name":"OnlineLotto365","og_image":[{"url":"https:\/\/redfoxlotto.com\/image?size=8&amp;lottery=set-for-life-uk"}],"twitter_card":"summary_large_image","twitter_misc":{"Gesch\u00e4tzte Lesezeit":"4\u00a0Minuten"},"schema":{"@context":"https:\/\/schema.org","@graph":[{"@type":"WebPage","@id":"https:\/\/onlinelotto365.com\/de\/lose-kaufen\/set-for-life-2\/","url":"https:\/\/onlinelotto365.com\/de\/lose-kaufen\/set-for-life-2\/","name":"Kaufen Sie Tickets f\u00fcr Set for life online von Australien | Set for life Lotterieinformationen, wie man Tickets kauft","isPartOf":{"@id":"https:\/\/onlinelotto365.com\/de\/#website"},"primaryImageOfPage":{"@id":"https:\/\/onlinelotto365.com\/de\/lose-kaufen\/set-for-life-2\/#primaryimage"},"image":{"@id":"https:\/\/onlinelotto365.com\/de\/lose-kaufen\/set-for-life-2\/#primaryimage"},"thumbnailUrl":"https:\/\/redfoxlotto.com\/image?size=8&amp;lottery=set-for-life-uk","datePublished":"2022-11-17T09:23:19+00:00","dateModified":"2022-11-17T09:23:19+00:00","description":"Die Set for Life-Lotterie kann von Australien aus gewonnen werden - hier k\u00f6nnen Sie Spielscheine online kaufen","breadcrumb":{"@id":"https:\/\/onlinelotto365.com\/de\/lose-kaufen\/set-for-life-2\/#breadcrumb"},"inLanguage":"de","potentialAction":[{"@type":"ReadAction","target":["https:\/\/onlinelotto365.com\/de\/lose-kaufen\/set-for-life-2\/"]}]},{"@type":"ImageObject","inLanguage":"de","@id":"https:\/\/onlinelotto365.com\/de\/lose-kaufen\/set-for-life-2\/#primaryimage","url":"https:\/\/redfoxlotto.com\/image?size=8&amp;lottery=set-for-life-uk","contentUrl":"https:\/\/redfoxlotto.com\/image?size=8&amp;lottery=set-for-life-uk"},{"@type":"BreadcrumbList","@id":"https:\/\/onlinelotto365.com\/de\/lose-kaufen\/set-for-life-2\/#breadcrumb","itemListElement":[{"@type":"ListItem","position":1,"name":"Home","item":"https:\/\/onlinelotto365.com\/de\/"},{"@type":"ListItem","position":2,"name":"Warum es sinnvoller ist, Lotterielose online zu kaufen","item":"https:\/\/onlinelotto365.com\/de\/lose-kaufen\/"},{"@type":"ListItem","position":3,"name":"Wie kann man Set for life Tickets online kaufen?"}]},{"@type":"WebSite","@id":"https:\/\/onlinelotto365.com\/de\/#website","url":"https:\/\/onlinelotto365.com\/de\/","name":"OnlineLotto365","description":"","potentialAction":[{"@type":"SearchAction","target":{"@type":"EntryPoint","urlTemplate":"https:\/\/onlinelotto365.com\/de\/?s={search_term_string}"},"query-input":{"@type":"PropertyValueSpecification","valueRequired":true,"valueName":"search_term_string"}}],"inLanguage":"de"}]}},"_links":{"self":[{"href":"https:\/\/onlinelotto365.com\/de\/wp-json\/wp\/v2\/pages\/80387","targetHints":{"allow":["GET"]}}],"collection":[{"href":"https:\/\/onlinelotto365.com\/de\/wp-json\/wp\/v2\/pages"}],"about":[{"href":"https:\/\/onlinelotto365.com\/de\/wp-json\/wp\/v2\/types\/page"}],"author":[{"embeddable":true,"href":"https:\/\/onlinelotto365.com\/de\/wp-json\/wp\/v2\/users\/1"}],"replies":[{"embeddable":true,"href":"https:\/\/onlinelotto365.com\/de\/wp-json\/wp\/v2\/comments?post=80387"}],"version-history":[{"count":0,"href":"https:\/\/onlinelotto365.com\/de\/wp-json\/wp\/v2\/pages\/80387\/revisions"}],"up":[{"embeddable":true,"href":"https:\/\/onlinelotto365.com\/de\/wp-json\/wp\/v2\/pages\/3805"}],"wp:attachment":[{"href":"https:\/\/onlinelotto365.com\/de\/wp-json\/wp\/v2\/media?parent=80387"}],"curies":[{"name":"wp","href":"https:\/\/api.w.org\/{rel}","templated":true}]}}