{"id":8045,"date":"2020-12-08T14:55:36","date_gmt":"2020-12-08T13:55:36","guid":{"rendered":"http:\/\/onlinelotto365.net\/?page_id=8045"},"modified":"2020-12-30T10:37:56","modified_gmt":"2020-12-30T09:37:56","slug":"powerball-australia","status":"publish","type":"page","link":"https:\/\/onlinelotto365.com\/de\/gewinnzahlen\/powerball-australia\/","title":{"rendered":"Powerball Australien &#8211; aktuelle und fr\u00fchere Gewinnzahlen, Ergebnisse"},"content":{"rendered":"<p>Bei internationalen Lotterien k\u00f6nnen Sie versuchen, die Ergebnisse in der Zeitung zu \u00fcberpr\u00fcfen, aber es ist <strong>unwahrscheinlich, dass Sie die Gewinnzahlen von Powerball Australia in Ihrer Lokalzeitung finden<\/strong>. M\u00f6glicherweise finden Sie sie auch auf keinem Ihrer lokalen Fernsehkan\u00e4le. Wenn Sie es tun, wird es einige Zeit und M\u00fche kosten, den richtigen Kanal zu finden.<\/p>\n<p>Eine weitere M\u00f6glichkeit besteht darin, auf der Website von Powerball Australia zu pr\u00fcfen, ob sie eine Live-Ziehungsoption anbieten. Wenn dies der Fall ist, k\u00f6nnen Sie vielleicht zusehen und in den vollen Genuss der Live-Ziehung Ihrer Zahlen kommen. Aber nicht alle Spiele bieten diese Option an, und es kann sein, dass Ihnen dieses Erlebnis ganz entgeht.<br \/>\nSie k\u00f6nnen auch auf YouTube nachsehen, ob es eine <a href=\"https:\/\/onlinelotto365.com\/de\/news\/lotto-leben\">Aufzeichnung der Live-Ziehung<\/a> f\u00fcr Powerball Australia gibt. Dies k\u00f6nnte eine gute M\u00f6glichkeit sein, die Ergebnisse nach der Auslosung zu finden.<br \/>\n<a href=\"https:\/\/redfoxlotto.com\/de\/spielen\/powerball-au\/?ref=a8564250a2&amp;medium=ol365\" target=\"_blank\" rel=\"noopener noreferrer\"><img decoding=\"async\" class=\"aligncenter\" src=\"https:\/\/redfoxlotto.com\/image?size=8&amp;lottery=powerball-au\" alt=\"Powerball Australia\" \/><\/a><\/p>\n<p>Am besten k\u00f6nnen Sie die Ergebnisse des Powerball Australia jedoch auf unserer Website nachlesen. Dort finden Sie die Ergebnisse f\u00fcr dieses und jedes andere Spiel, das wir zur Verf\u00fcgung haben, so dass Sie sich keine Sorgen machen m\u00fcssen, irgendetwas zu verpassen.<\/p>\n<h2>So finden Sie heraus, ob Ihr Online-Ticket gewonnen hat<\/h2>\n<p>Was ist, wenn Sie bereits eigene Tickets f\u00fcr den Powerball Australia gekauft haben? Nun, dann ist es f\u00fcr Sie noch einfacher, die Gewinnzahlen zu \u00fcberpr\u00fcfen. Anstatt die regul\u00e4re Lotterie-Ergebnisseite zu \u00fcberpr\u00fcfen, k\u00f6nnen Sie die Spielscheinseite auf Ihrem Konto aufrufen. Auf diese Weise k\u00f6nnen Sie die Gewinnzahlen mit Ihren eigenen vergleichen, was f\u00fcr Ihre Bed\u00fcrfnisse noch besser geeignet ist.<\/p>\n<p>Sie k\u00f6nnen nach allen Zahlen in Ihrem Schein suchen, die hervorgehoben sind, was bedeutet, dass sie mit den Gewinnzahlen \u00fcbereinstimmen. Dann k\u00f6nnen Sie sehen, wie viel Sie gewonnen haben. Und wenn es weniger als \u20ac2500 sind, wird es Ihrem Konto einfach so gutgeschrieben.<\/p>\n<h2>Archiv der Ergebnisse von Powerball Australien<\/h2>\n<p>Auf unserer Website machen wir es Ihnen leicht, nicht nur die <a href=\"https:\/\/onlinelotto365.com\/de\/gewinnzahlen\">aktuellen Lottozahlen<\/a> f\u00fcr Powerball Australia und mehr, sondern auch die alten Zahlen zu \u00fcberpr\u00fcfen. Eine der beliebtesten Arten, wie Menschen ihre Zahlen w\u00e4hlen, ist es, sich einige der \u00e4lteren Zahlen anzusehen. Wir stellen daher sicher, dass Sie diese Zahlen auf jeder Seite finden k\u00f6nnen, auf der wir die aktuellen Gewinnzahlen anbieten.<\/p>\n<h2>Mein Los hat gewonnen, wie geht es weiter?<\/h2>\n<p>Wenn Ihr Los ein Gewinner ist, brauchen Sie sich nur zur\u00fcckzulehnen und sich von uns helfen zu lassen, das Geld zu bekommen, auf das Sie Anspruch haben. Wenn Sie weniger als \u20ac2500 gewonnen haben, werden wir es Ihrem Spielerkonto gutschreiben, sobald die Ergebnisse verifiziert sind. Dann k\u00f6nnen Sie das Geld abheben, solange sich 10 \u20ac auf Ihrem Konto befinden.<\/p>\n","protected":false},"excerpt":{"rendered":"<p>Bei internationalen Lotterien k\u00f6nnen Sie versuchen, die Ergebnisse in der Zeitung zu \u00fcberpr\u00fcfen, aber es ist unwahrscheinlich, dass Sie die Gewinnzahlen von Powerball Australia in Ihrer Lokalzeitung finden. M\u00f6glicherweise finden Sie sie auch auf keinem Ihrer lokalen Fernsehkan\u00e4le. Wenn Sie es tun, wird es einige Zeit und M\u00fche kosten, den richtigen Kanal zu finden. Eine [&hellip;]<\/p>\n","protected":false},"author":1,"featured_media":0,"parent":3795,"menu_order":13,"comment_status":"closed","ping_status":"closed","template":"powerball-au-results.php","meta":{"_et_pb_use_builder":"","_et_pb_old_content":"","_et_gb_content_width":"","exclude_from_search":false,"footnotes":""},"class_list":["post-8045","page","type-page","status-publish","hentry"],"yoast_head":"<!-- This site is optimized with the Yoast SEO plugin v23.4 - https:\/\/yoast.com\/wordpress\/plugins\/seo\/ -->\n<title>Letzte und vergangene Auslosungsergebnisse und Gewinnzahlen f\u00fcr Powerball Australia<\/title>\n<meta name=\"description\" content=\"Wir ver\u00f6ffentlichen die Gewinnzahlen von Powerball Australia direkt nach der Auslosung\" \/>\n<meta name=\"robots\" content=\"index, follow, max-snippet:-1, max-image-preview:large, max-video-preview:-1\" \/>\n<link rel=\"canonical\" href=\"https:\/\/onlinelotto365.com\/de\/gewinnzahlen\/powerball-australia\/\" \/>\n<meta property=\"og:locale\" content=\"de_DE\" \/>\n<meta property=\"og:type\" content=\"article\" \/>\n<meta property=\"og:title\" content=\"Letzte und vergangene Auslosungsergebnisse und Gewinnzahlen f\u00fcr Powerball Australia\" \/>\n<meta property=\"og:description\" content=\"Wir ver\u00f6ffentlichen die Gewinnzahlen von Powerball Australia direkt nach der Auslosung\" \/>\n<meta property=\"og:url\" content=\"https:\/\/onlinelotto365.com\/de\/gewinnzahlen\/powerball-australia\/\" \/>\n<meta property=\"og:site_name\" content=\"OnlineLotto365\" \/>\n<meta property=\"article:modified_time\" content=\"2020-12-30T09:37:56+00:00\" \/>\n<meta property=\"og:image\" content=\"https:\/\/redfoxlotto.com\/image?size=8&amp;lottery=powerball-au\" \/>\n<meta name=\"twitter:card\" content=\"summary_large_image\" \/>\n<meta name=\"twitter:label1\" content=\"Gesch\u00e4tzte Lesezeit\" \/>\n\t<meta name=\"twitter:data1\" content=\"2\u00a0Minuten\" \/>\n<script type=\"application\/ld+json\" class=\"yoast-schema-graph\">{\"@context\":\"https:\/\/schema.org\",\"@graph\":[{\"@type\":\"WebPage\",\"@id\":\"https:\/\/onlinelotto365.com\/de\/gewinnzahlen\/powerball-australia\/\",\"url\":\"https:\/\/onlinelotto365.com\/de\/gewinnzahlen\/powerball-australia\/\",\"name\":\"Letzte und vergangene Auslosungsergebnisse und Gewinnzahlen f\u00fcr Powerball Australia\",\"isPartOf\":{\"@id\":\"https:\/\/onlinelotto365.com\/de\/#website\"},\"primaryImageOfPage\":{\"@id\":\"https:\/\/onlinelotto365.com\/de\/gewinnzahlen\/powerball-australia\/#primaryimage\"},\"image\":{\"@id\":\"https:\/\/onlinelotto365.com\/de\/gewinnzahlen\/powerball-australia\/#primaryimage\"},\"thumbnailUrl\":\"https:\/\/redfoxlotto.com\/image?size=8&amp;lottery=powerball-au\",\"datePublished\":\"2020-12-08T13:55:36+00:00\",\"dateModified\":\"2020-12-30T09:37:56+00:00\",\"description\":\"Wir ver\u00f6ffentlichen die Gewinnzahlen von Powerball Australia direkt nach der Auslosung\",\"breadcrumb\":{\"@id\":\"https:\/\/onlinelotto365.com\/de\/gewinnzahlen\/powerball-australia\/#breadcrumb\"},\"inLanguage\":\"de\",\"potentialAction\":[{\"@type\":\"ReadAction\",\"target\":[\"https:\/\/onlinelotto365.com\/de\/gewinnzahlen\/powerball-australia\/\"]}]},{\"@type\":\"ImageObject\",\"inLanguage\":\"de\",\"@id\":\"https:\/\/onlinelotto365.com\/de\/gewinnzahlen\/powerball-australia\/#primaryimage\",\"url\":\"https:\/\/redfoxlotto.com\/image?size=8&amp;lottery=powerball-au\",\"contentUrl\":\"https:\/\/redfoxlotto.com\/image?size=8&amp;lottery=powerball-au\"},{\"@type\":\"BreadcrumbList\",\"@id\":\"https:\/\/onlinelotto365.com\/de\/gewinnzahlen\/powerball-australia\/#breadcrumb\",\"itemListElement\":[{\"@type\":\"ListItem\",\"position\":1,\"name\":\"Home\",\"item\":\"https:\/\/onlinelotto365.com\/de\/\"},{\"@type\":\"ListItem\",\"position\":2,\"name\":\"Finden Sie Gewinnzahlen und Ergebnisse der letzten Lottoziehungen\",\"item\":\"https:\/\/onlinelotto365.com\/de\/gewinnzahlen\/\"},{\"@type\":\"ListItem\",\"position\":3,\"name\":\"Powerball Australien &#8211; aktuelle und fr\u00fchere Gewinnzahlen, Ergebnisse\"}]},{\"@type\":\"WebSite\",\"@id\":\"https:\/\/onlinelotto365.com\/de\/#website\",\"url\":\"https:\/\/onlinelotto365.com\/de\/\",\"name\":\"OnlineLotto365\",\"description\":\"\",\"potentialAction\":[{\"@type\":\"SearchAction\",\"target\":{\"@type\":\"EntryPoint\",\"urlTemplate\":\"https:\/\/onlinelotto365.com\/de\/?s={search_term_string}\"},\"query-input\":{\"@type\":\"PropertyValueSpecification\",\"valueRequired\":true,\"valueName\":\"search_term_string\"}}],\"inLanguage\":\"de\"}]}<\/script>\n<!-- \/ Yoast SEO plugin. -->","yoast_head_json":{"title":"Letzte und vergangene Auslosungsergebnisse und Gewinnzahlen f\u00fcr Powerball Australia","description":"Wir ver\u00f6ffentlichen die Gewinnzahlen von Powerball Australia direkt nach der Auslosung","robots":{"index":"index","follow":"follow","max-snippet":"max-snippet:-1","max-image-preview":"max-image-preview:large","max-video-preview":"max-video-preview:-1"},"canonical":"https:\/\/onlinelotto365.com\/de\/gewinnzahlen\/powerball-australia\/","og_locale":"de_DE","og_type":"article","og_title":"Letzte und vergangene Auslosungsergebnisse und Gewinnzahlen f\u00fcr Powerball Australia","og_description":"Wir ver\u00f6ffentlichen die Gewinnzahlen von Powerball Australia direkt nach der Auslosung","og_url":"https:\/\/onlinelotto365.com\/de\/gewinnzahlen\/powerball-australia\/","og_site_name":"OnlineLotto365","article_modified_time":"2020-12-30T09:37:56+00:00","og_image":[{"url":"https:\/\/redfoxlotto.com\/image?size=8&amp;lottery=powerball-au"}],"twitter_card":"summary_large_image","twitter_misc":{"Gesch\u00e4tzte Lesezeit":"2\u00a0Minuten"},"schema":{"@context":"https:\/\/schema.org","@graph":[{"@type":"WebPage","@id":"https:\/\/onlinelotto365.com\/de\/gewinnzahlen\/powerball-australia\/","url":"https:\/\/onlinelotto365.com\/de\/gewinnzahlen\/powerball-australia\/","name":"Letzte und vergangene Auslosungsergebnisse und Gewinnzahlen f\u00fcr Powerball Australia","isPartOf":{"@id":"https:\/\/onlinelotto365.com\/de\/#website"},"primaryImageOfPage":{"@id":"https:\/\/onlinelotto365.com\/de\/gewinnzahlen\/powerball-australia\/#primaryimage"},"image":{"@id":"https:\/\/onlinelotto365.com\/de\/gewinnzahlen\/powerball-australia\/#primaryimage"},"thumbnailUrl":"https:\/\/redfoxlotto.com\/image?size=8&amp;lottery=powerball-au","datePublished":"2020-12-08T13:55:36+00:00","dateModified":"2020-12-30T09:37:56+00:00","description":"Wir ver\u00f6ffentlichen die Gewinnzahlen von Powerball Australia direkt nach der Auslosung","breadcrumb":{"@id":"https:\/\/onlinelotto365.com\/de\/gewinnzahlen\/powerball-australia\/#breadcrumb"},"inLanguage":"de","potentialAction":[{"@type":"ReadAction","target":["https:\/\/onlinelotto365.com\/de\/gewinnzahlen\/powerball-australia\/"]}]},{"@type":"ImageObject","inLanguage":"de","@id":"https:\/\/onlinelotto365.com\/de\/gewinnzahlen\/powerball-australia\/#primaryimage","url":"https:\/\/redfoxlotto.com\/image?size=8&amp;lottery=powerball-au","contentUrl":"https:\/\/redfoxlotto.com\/image?size=8&amp;lottery=powerball-au"},{"@type":"BreadcrumbList","@id":"https:\/\/onlinelotto365.com\/de\/gewinnzahlen\/powerball-australia\/#breadcrumb","itemListElement":[{"@type":"ListItem","position":1,"name":"Home","item":"https:\/\/onlinelotto365.com\/de\/"},{"@type":"ListItem","position":2,"name":"Finden Sie Gewinnzahlen und Ergebnisse der letzten Lottoziehungen","item":"https:\/\/onlinelotto365.com\/de\/gewinnzahlen\/"},{"@type":"ListItem","position":3,"name":"Powerball Australien &#8211; aktuelle und fr\u00fchere Gewinnzahlen, Ergebnisse"}]},{"@type":"WebSite","@id":"https:\/\/onlinelotto365.com\/de\/#website","url":"https:\/\/onlinelotto365.com\/de\/","name":"OnlineLotto365","description":"","potentialAction":[{"@type":"SearchAction","target":{"@type":"EntryPoint","urlTemplate":"https:\/\/onlinelotto365.com\/de\/?s={search_term_string}"},"query-input":{"@type":"PropertyValueSpecification","valueRequired":true,"valueName":"search_term_string"}}],"inLanguage":"de"}]}},"_links":{"self":[{"href":"https:\/\/onlinelotto365.com\/de\/wp-json\/wp\/v2\/pages\/8045","targetHints":{"allow":["GET"]}}],"collection":[{"href":"https:\/\/onlinelotto365.com\/de\/wp-json\/wp\/v2\/pages"}],"about":[{"href":"https:\/\/onlinelotto365.com\/de\/wp-json\/wp\/v2\/types\/page"}],"author":[{"embeddable":true,"href":"https:\/\/onlinelotto365.com\/de\/wp-json\/wp\/v2\/users\/1"}],"replies":[{"embeddable":true,"href":"https:\/\/onlinelotto365.com\/de\/wp-json\/wp\/v2\/comments?post=8045"}],"version-history":[{"count":0,"href":"https:\/\/onlinelotto365.com\/de\/wp-json\/wp\/v2\/pages\/8045\/revisions"}],"up":[{"embeddable":true,"href":"https:\/\/onlinelotto365.com\/de\/wp-json\/wp\/v2\/pages\/3795"}],"wp:attachment":[{"href":"https:\/\/onlinelotto365.com\/de\/wp-json\/wp\/v2\/media?parent=8045"}],"curies":[{"name":"wp","href":"https:\/\/api.w.org\/{rel}","templated":true}]}}