{"id":8075,"date":"2020-12-08T14:58:19","date_gmt":"2020-12-08T13:58:19","guid":{"rendered":"http:\/\/onlinelotto365.net\/?page_id=8075"},"modified":"2021-01-06T11:51:35","modified_gmt":"2021-01-06T10:51:35","slug":"oz-lotto","status":"publish","type":"page","link":"https:\/\/onlinelotto365.com\/de\/gewinnzahlen\/oz-lotto\/","title":{"rendered":"Gewinnzahlen vom Oz-Lotto"},"content":{"rendered":"<p>Auf unserer Website stehen zahlreiche internationale Lotterieoptionen zur Verf\u00fcgung, und wenn Sie diese Spiele spielen, m\u00f6chten Sie sicherstellen, dass Sie die Gewinnzahlen \u00fcberpr\u00fcfen k\u00f6nnen. Eine M\u00f6glichkeit ist eine Zeitung, aber es <strong>kann schwierig sein, die Ergebnisse von Oz Lotto in der Zeitung zu finden<\/strong>. Eine andere M\u00f6glichkeit ist \u00fcber das Fernsehen, aber auch den richtigen Kanal zu finden, um die Ziehung oder die Ergebnisse zu sehen, kann f\u00fcr die meisten Menschen eine schwierige Situation sein.<\/p>\n<p>Als N\u00e4chstes k\u00f6nnen Sie die offizielle Website des Lotto von Oz besuchen und sehen, ob Sie dort die Ergebnisse erhalten k\u00f6nnen. Bei einigen Spielen k\u00f6nnen Sie die Ziehung live auf ihrer Website verfolgen. Aber bedenken Sie, dass dies nicht bei allen Lotto-Spielen m\u00f6glich ist und dass Sie sich ohne diese M\u00f6glichkeit wiederfinden k\u00f6nnten.<\/p>\n<p>Nachdem die Ziehung stattgefunden hat, k\u00f6nnen Sie manchmal auf YouTube nach den <strong>Ergebnissen der letzten Ziehung von Oz Lotto<\/strong> suchen <strong>.<\/strong> Auch diese sind nicht immer verf\u00fcgbar, aber manchmal wird jemand ein Video der Live-Ziehung oder der Zahlen einstellen.<br \/>\n<a href=\"https:\/\/redfoxlotto.com\/de\/spielen\/oz-lotto\/?ref=a8564250a2&amp;medium=ol365\" target=\"_blank\" rel=\"noopener noreferrer\"><img decoding=\"async\" class=\"aligncenter\" src=\"https:\/\/redfoxlotto.com\/image?size=8&amp;lottery=oz-lotto\" alt=\"Oz Lotto\" \/><\/a><\/p>\n<p>Das Beste, was Sie jedoch tun k\u00f6nnen, wenn Sie die neuesten Gewinnzahlen erhalten m\u00f6chten, ist ein Blick auf unsere Website und unsere Lottoergebnisseite. Dort stellen wir die Ergebnisse f\u00fcr <a href=\"https:\/\/onlinelotto365.com\/de\/lose-kaufen\">jedes Lotteriespiel, das Sie auf unserer Website kaufen k\u00f6nnen,<\/a> bereit, damit Sie wissen, wo Sie suchen m\u00fcssen.<\/p>\n<h2>So finden Sie heraus, ob Ihr Online-Schein gewonnen hat<img loading=\"lazy\" decoding=\"async\" class=\"alignright wp-image-3624\" src=\"https:\/\/onlinelotto365.com\/wp-content\/uploads\/2020\/11\/online_lottery-74-200x300.jpg\" alt=\"oz lotto winning numbers\" width=\"123\" height=\"185\" srcset=\"https:\/\/onlinelotto365.com\/wp-content\/uploads\/2020\/11\/online_lottery-74-200x300.jpg 200w, https:\/\/onlinelotto365.com\/wp-content\/uploads\/2020\/11\/online_lottery-74.jpg 320w\" sizes=\"auto, (max-width: 123px) 100vw, 123px\" \/><\/h2>\n<p>Wenn Sie Tickets f\u00fcr eines der von uns angebotenen Spiele gekauft haben, k\u00f6nnen Sie sich in Ihr Konto einloggen und zu der Seite gehen, auf der Ihre Tickets gespeichert sind. Auf dieser Seite finden Sie alle Informationen, die Sie ben\u00f6tigen. Sie k\u00f6nnen sowohl Ihre Lottoscheine als auch die Gewinnzahlen sehen.<br \/>\nWenn Sie das Gl\u00fcck haben, mit einer beliebigen Zahl zu \u00fcbereinstimmen, sehen Sie auch die entsprechenden Zahlen auf Ihrem Bildschirm hervorgehoben. Und Sie k\u00f6nnen die Anzahl der \u00fcbereinstimmenden Zahlen und den Preis, den Sie gewonnen haben, \u00fcberpr\u00fcfen. Wenn es sich um weniger als \u20ac2500 handelt, k\u00f6nnen Sie sich Ihr Konto ansehen und es direkt in Ihrem Spielerkonto finden, sobald die Ergebnisse verifiziert sind.<\/p>\n<h2>Oz Lotto-Ergebnisarchiv<\/h2>\n<p>F\u00fcr diejenigen, die sich \u00e4ltere Zahlen aus dem Oz-Lotto oder <a href=\"http:\/\/onlinelotto365.com\/de\">anderen Lotteriespielen<\/a> ansehen m\u00f6chten, k\u00f6nnen Sie leicht die Archive finden, die mit jeder Seite verlinkt sind, auf der die aktuellen Zahlen angezeigt werden. Dies macht es Ihnen leichter, die Zahlen zu finden, nach denen Sie suchen, um Sie bei zuk\u00fcnftigen Ziehungen zu unterst\u00fctzen.<\/p>\n<h2>Mein Los hat gewonnen, wie geht es weiter?<\/h2>\n<p>Wir haben bereits dar\u00fcber gesprochen, wie Sie Ihren Gewinn erzielen k\u00f6nnen, wenn Ihr Los mit den Gewinnzahlen \u00fcbereinstimmt, aber sehen wir uns das Ganze auch etwas genauer an. Wenn Sie ein Los im Wert von weniger als \u20ac2500 haben, wird das Geld automatisch Ihrem Konto gutgeschrieben, sobald die Gewinnzahlen \u00fcberpr\u00fcft worden sind.<\/p>\n<p>Wenn Sie dann mindestens 10 \u20ac auf Ihrem Konto haben, k\u00f6nnen Sie dieses Geld mit jeder Zahlungsmethode abheben, die Sie bereits auf Ihrem Konto verwendet haben. Sie m\u00fcssen nur ein paar Formulare ausf\u00fcllen, um Ihre Identit\u00e4t zu best\u00e4tigen, und Ihr Geld ist im Handumdrehen auf Ihrem Konto. Oder Sie k\u00f6nnen es dort lassen, wo es ist, und es sp\u00e4ter verwenden, um noch mehr Fahrkarten zu kaufen.<\/p>\n","protected":false},"excerpt":{"rendered":"<p>Auf unserer Website stehen zahlreiche internationale Lotterieoptionen zur Verf\u00fcgung, und wenn Sie diese Spiele spielen, m\u00f6chten Sie sicherstellen, dass Sie die Gewinnzahlen \u00fcberpr\u00fcfen k\u00f6nnen. Eine M\u00f6glichkeit ist eine Zeitung, aber es kann schwierig sein, die Ergebnisse von Oz Lotto in der Zeitung zu finden. Eine andere M\u00f6glichkeit ist \u00fcber das Fernsehen, aber auch den richtigen [&hellip;]<\/p>\n","protected":false},"author":1,"featured_media":0,"parent":3795,"menu_order":14,"comment_status":"closed","ping_status":"closed","template":"template-rightsidebar.php","meta":{"_et_pb_use_builder":"","_et_pb_old_content":"","_et_gb_content_width":"","exclude_from_search":false,"footnotes":""},"class_list":["post-8075","page","type-page","status-publish","hentry"],"yoast_head":"<!-- This site is optimized with the Yoast SEO plugin v23.4 - https:\/\/yoast.com\/wordpress\/plugins\/seo\/ -->\n<title>Oz Lotto Ergebnisse und Preise<\/title>\n<meta name=\"description\" content=\"Auf der Suche nach den Ziehungsergebnissen von Oz Lotto? Hier sind die Gewinnzahlen\" \/>\n<meta name=\"robots\" content=\"index, follow, max-snippet:-1, max-image-preview:large, max-video-preview:-1\" \/>\n<link rel=\"canonical\" href=\"https:\/\/onlinelotto365.com\/de\/gewinnzahlen\/oz-lotto\/\" \/>\n<meta property=\"og:locale\" content=\"de_DE\" \/>\n<meta property=\"og:type\" content=\"article\" \/>\n<meta property=\"og:title\" content=\"Oz Lotto Ergebnisse und Preise\" \/>\n<meta property=\"og:description\" content=\"Auf der Suche nach den Ziehungsergebnissen von Oz Lotto? Hier sind die Gewinnzahlen\" \/>\n<meta property=\"og:url\" content=\"https:\/\/onlinelotto365.com\/de\/gewinnzahlen\/oz-lotto\/\" \/>\n<meta property=\"og:site_name\" content=\"OnlineLotto365\" \/>\n<meta property=\"article:modified_time\" content=\"2021-01-06T10:51:35+00:00\" \/>\n<meta property=\"og:image\" content=\"https:\/\/redfoxlotto.com\/image?size=8&amp;lottery=oz-lotto\" \/>\n<meta name=\"twitter:card\" content=\"summary_large_image\" \/>\n<meta name=\"twitter:label1\" content=\"Gesch\u00e4tzte Lesezeit\" \/>\n\t<meta name=\"twitter:data1\" content=\"3\u00a0Minuten\" \/>\n<script type=\"application\/ld+json\" class=\"yoast-schema-graph\">{\"@context\":\"https:\/\/schema.org\",\"@graph\":[{\"@type\":\"WebPage\",\"@id\":\"https:\/\/onlinelotto365.com\/de\/gewinnzahlen\/oz-lotto\/\",\"url\":\"https:\/\/onlinelotto365.com\/de\/gewinnzahlen\/oz-lotto\/\",\"name\":\"Oz Lotto Ergebnisse und Preise\",\"isPartOf\":{\"@id\":\"https:\/\/onlinelotto365.com\/de\/#website\"},\"primaryImageOfPage\":{\"@id\":\"https:\/\/onlinelotto365.com\/de\/gewinnzahlen\/oz-lotto\/#primaryimage\"},\"image\":{\"@id\":\"https:\/\/onlinelotto365.com\/de\/gewinnzahlen\/oz-lotto\/#primaryimage\"},\"thumbnailUrl\":\"https:\/\/redfoxlotto.com\/image?size=8&amp;lottery=oz-lotto\",\"datePublished\":\"2020-12-08T13:58:19+00:00\",\"dateModified\":\"2021-01-06T10:51:35+00:00\",\"description\":\"Auf der Suche nach den Ziehungsergebnissen von Oz Lotto? Hier sind die Gewinnzahlen\",\"breadcrumb\":{\"@id\":\"https:\/\/onlinelotto365.com\/de\/gewinnzahlen\/oz-lotto\/#breadcrumb\"},\"inLanguage\":\"de\",\"potentialAction\":[{\"@type\":\"ReadAction\",\"target\":[\"https:\/\/onlinelotto365.com\/de\/gewinnzahlen\/oz-lotto\/\"]}]},{\"@type\":\"ImageObject\",\"inLanguage\":\"de\",\"@id\":\"https:\/\/onlinelotto365.com\/de\/gewinnzahlen\/oz-lotto\/#primaryimage\",\"url\":\"https:\/\/redfoxlotto.com\/image?size=8&amp;lottery=oz-lotto\",\"contentUrl\":\"https:\/\/redfoxlotto.com\/image?size=8&amp;lottery=oz-lotto\"},{\"@type\":\"BreadcrumbList\",\"@id\":\"https:\/\/onlinelotto365.com\/de\/gewinnzahlen\/oz-lotto\/#breadcrumb\",\"itemListElement\":[{\"@type\":\"ListItem\",\"position\":1,\"name\":\"Home\",\"item\":\"https:\/\/onlinelotto365.com\/de\/\"},{\"@type\":\"ListItem\",\"position\":2,\"name\":\"Finden Sie Gewinnzahlen und Ergebnisse der letzten Lottoziehungen\",\"item\":\"https:\/\/onlinelotto365.com\/de\/gewinnzahlen\/\"},{\"@type\":\"ListItem\",\"position\":3,\"name\":\"Gewinnzahlen vom Oz-Lotto\"}]},{\"@type\":\"WebSite\",\"@id\":\"https:\/\/onlinelotto365.com\/de\/#website\",\"url\":\"https:\/\/onlinelotto365.com\/de\/\",\"name\":\"OnlineLotto365\",\"description\":\"\",\"potentialAction\":[{\"@type\":\"SearchAction\",\"target\":{\"@type\":\"EntryPoint\",\"urlTemplate\":\"https:\/\/onlinelotto365.com\/de\/?s={search_term_string}\"},\"query-input\":{\"@type\":\"PropertyValueSpecification\",\"valueRequired\":true,\"valueName\":\"search_term_string\"}}],\"inLanguage\":\"de\"}]}<\/script>\n<!-- \/ Yoast SEO plugin. -->","yoast_head_json":{"title":"Oz Lotto Ergebnisse und Preise","description":"Auf der Suche nach den Ziehungsergebnissen von Oz Lotto? Hier sind die Gewinnzahlen","robots":{"index":"index","follow":"follow","max-snippet":"max-snippet:-1","max-image-preview":"max-image-preview:large","max-video-preview":"max-video-preview:-1"},"canonical":"https:\/\/onlinelotto365.com\/de\/gewinnzahlen\/oz-lotto\/","og_locale":"de_DE","og_type":"article","og_title":"Oz Lotto Ergebnisse und Preise","og_description":"Auf der Suche nach den Ziehungsergebnissen von Oz Lotto? Hier sind die Gewinnzahlen","og_url":"https:\/\/onlinelotto365.com\/de\/gewinnzahlen\/oz-lotto\/","og_site_name":"OnlineLotto365","article_modified_time":"2021-01-06T10:51:35+00:00","og_image":[{"url":"https:\/\/redfoxlotto.com\/image?size=8&amp;lottery=oz-lotto"}],"twitter_card":"summary_large_image","twitter_misc":{"Gesch\u00e4tzte Lesezeit":"3\u00a0Minuten"},"schema":{"@context":"https:\/\/schema.org","@graph":[{"@type":"WebPage","@id":"https:\/\/onlinelotto365.com\/de\/gewinnzahlen\/oz-lotto\/","url":"https:\/\/onlinelotto365.com\/de\/gewinnzahlen\/oz-lotto\/","name":"Oz Lotto Ergebnisse und Preise","isPartOf":{"@id":"https:\/\/onlinelotto365.com\/de\/#website"},"primaryImageOfPage":{"@id":"https:\/\/onlinelotto365.com\/de\/gewinnzahlen\/oz-lotto\/#primaryimage"},"image":{"@id":"https:\/\/onlinelotto365.com\/de\/gewinnzahlen\/oz-lotto\/#primaryimage"},"thumbnailUrl":"https:\/\/redfoxlotto.com\/image?size=8&amp;lottery=oz-lotto","datePublished":"2020-12-08T13:58:19+00:00","dateModified":"2021-01-06T10:51:35+00:00","description":"Auf der Suche nach den Ziehungsergebnissen von Oz Lotto? Hier sind die Gewinnzahlen","breadcrumb":{"@id":"https:\/\/onlinelotto365.com\/de\/gewinnzahlen\/oz-lotto\/#breadcrumb"},"inLanguage":"de","potentialAction":[{"@type":"ReadAction","target":["https:\/\/onlinelotto365.com\/de\/gewinnzahlen\/oz-lotto\/"]}]},{"@type":"ImageObject","inLanguage":"de","@id":"https:\/\/onlinelotto365.com\/de\/gewinnzahlen\/oz-lotto\/#primaryimage","url":"https:\/\/redfoxlotto.com\/image?size=8&amp;lottery=oz-lotto","contentUrl":"https:\/\/redfoxlotto.com\/image?size=8&amp;lottery=oz-lotto"},{"@type":"BreadcrumbList","@id":"https:\/\/onlinelotto365.com\/de\/gewinnzahlen\/oz-lotto\/#breadcrumb","itemListElement":[{"@type":"ListItem","position":1,"name":"Home","item":"https:\/\/onlinelotto365.com\/de\/"},{"@type":"ListItem","position":2,"name":"Finden Sie Gewinnzahlen und Ergebnisse der letzten Lottoziehungen","item":"https:\/\/onlinelotto365.com\/de\/gewinnzahlen\/"},{"@type":"ListItem","position":3,"name":"Gewinnzahlen vom Oz-Lotto"}]},{"@type":"WebSite","@id":"https:\/\/onlinelotto365.com\/de\/#website","url":"https:\/\/onlinelotto365.com\/de\/","name":"OnlineLotto365","description":"","potentialAction":[{"@type":"SearchAction","target":{"@type":"EntryPoint","urlTemplate":"https:\/\/onlinelotto365.com\/de\/?s={search_term_string}"},"query-input":{"@type":"PropertyValueSpecification","valueRequired":true,"valueName":"search_term_string"}}],"inLanguage":"de"}]}},"_links":{"self":[{"href":"https:\/\/onlinelotto365.com\/de\/wp-json\/wp\/v2\/pages\/8075","targetHints":{"allow":["GET"]}}],"collection":[{"href":"https:\/\/onlinelotto365.com\/de\/wp-json\/wp\/v2\/pages"}],"about":[{"href":"https:\/\/onlinelotto365.com\/de\/wp-json\/wp\/v2\/types\/page"}],"author":[{"embeddable":true,"href":"https:\/\/onlinelotto365.com\/de\/wp-json\/wp\/v2\/users\/1"}],"replies":[{"embeddable":true,"href":"https:\/\/onlinelotto365.com\/de\/wp-json\/wp\/v2\/comments?post=8075"}],"version-history":[{"count":0,"href":"https:\/\/onlinelotto365.com\/de\/wp-json\/wp\/v2\/pages\/8075\/revisions"}],"up":[{"embeddable":true,"href":"https:\/\/onlinelotto365.com\/de\/wp-json\/wp\/v2\/pages\/3795"}],"wp:attachment":[{"href":"https:\/\/onlinelotto365.com\/de\/wp-json\/wp\/v2\/media?parent=8075"}],"curies":[{"name":"wp","href":"https:\/\/api.w.org\/{rel}","templated":true}]}}