{"id":8107,"date":"2020-12-08T15:01:06","date_gmt":"2020-12-08T14:01:06","guid":{"rendered":"http:\/\/onlinelotto365.net\/?page_id=8107"},"modified":"2021-01-07T15:02:57","modified_gmt":"2021-01-07T14:02:57","slug":"saturday-lotto-australia","status":"publish","type":"page","link":"https:\/\/onlinelotto365.com\/de\/gewinnzahlen\/saturday-lotto-australia\/","title":{"rendered":"\u00dcberpr\u00fcfen Sie Gewinnzahlen und -betr\u00e4ge f\u00fcr Saturday Lotto Australia"},"content":{"rendered":"<p>Es gibt viele <a href=\"http:\/\/onlinelotto365.com\/de\">verschiedene internationale Spiele auf unserer Website<\/a>, und wir wissen, dass Sie <strong>die Gewinnzahlen so schnell wie m\u00f6glich erhalten<\/strong> m\u00f6chten. Die Zeitung ist im Allgemeinen kein <strong>guter Ort, um Gewinnzahlen f\u00fcr das Samstagslotto Australien zu finden<\/strong>. Es ist auch nicht sehr gut, sich Fernsehsender anzusehen und zu hoffen, den richtigen f\u00fcr dieses Spiel zu finden. Wohin gehen Sie also, um Ihre Ergebnisse zu erhalten?<\/p>\n<p>Die Website der Lotterie ist ein Ort, an dem man sich umschauen kann. Einige Lotteriespiele bieten Live-\u00dcbertragungen ihrer Ziehungen an, aber das Samstagslotto Australien geh\u00f6rt vielleicht nicht dazu. Sie m\u00fcssen sich die Website ansehen, um sicher zu sein, und dann m\u00fcssen Sie sicherstellen, dass Sie zur richtigen Zeit zuschauen, wenn sie die Ziehung live anbieten.<br \/>\nWenn die Ziehung bereits abgeschlossen ist, k\u00f6nnen Sie eventuell <strong>eine Suche auf YouTube durchf\u00fchren<\/strong>, um die Ergebnisse zu finden, die jemand bereits ver\u00f6ffentlicht hat. M\u00f6glicherweise haben sie ein Video der Live-Ziehung zur Verf\u00fcgung.<br \/>\n<a href=\"https:\/\/redfoxlotto.com\/de\/spielen\/saturday-lotto-au\/?ref=a8564250a2&amp;medium=ol365\" target=\"_blank\" rel=\"noopener noreferrer\"><img decoding=\"async\" class=\"aligncenter\" src=\"https:\/\/redfoxlotto.com\/image?size=8&amp;lottery=saturday-lotto-au\" alt=\"Saturday Lotto Australia\" \/><\/a><\/p>\n<p>Am einfachsten erhalten Sie jedoch die gew\u00fcnschten Ergebnisse, wenn Sie direkt zu unserer Website zur\u00fcckkehren. Dort finden Sie alle Zahlen f\u00fcr das Samstagslotto Australien sowie alle anderen Spiele, die Sie spielen m\u00f6chten. Die <a href=\"https:\/\/onlinelotto365.com\/de\/gewinnzahlen\">Zahlen sind auf unserer Lotterieergebnisseite verf\u00fcgbar<\/a> und leicht zu finden.<\/p>\n<h2>So finden Sie heraus, ob Ihr Online-Schein gewonnen hat<\/h2>\n<p><img loading=\"lazy\" decoding=\"async\" class=\"alignright wp-image-3649\" src=\"https:\/\/onlinelotto365.com\/wp-content\/uploads\/2020\/11\/online_lottery-90-300x225.jpg\" alt=\"winning numbers saturday lotto australia\" width=\"207\" height=\"155\" srcset=\"https:\/\/onlinelotto365.com\/wp-content\/uploads\/2020\/11\/online_lottery-90-300x225.jpg 300w, https:\/\/onlinelotto365.com\/wp-content\/uploads\/2020\/11\/online_lottery-90.jpg 320w\" sizes=\"auto, (max-width: 207px) 100vw, 207px\" \/> Jeder, der bereits <a href=\"https:\/\/onlinelotto365.com\/de\/lose-kaufen\">Lottoscheine<\/a> f\u00fcr das Samstagslotto Australien auf unserer Website <a href=\"https:\/\/onlinelotto365.com\/de\/news\/lotto-leben\">gekauft<\/a> hat, wird es noch einfacher haben, denn Sie k\u00f6nnen einfach auf Ihr Konto gehen. Loggen Sie sich ein und sehen Sie sich die Seite an, auf der Ihre Scheine gespeichert sind. Sie finden dort nicht nur Ihre Losnummern, sondern auch die Gewinnzahlen f\u00fcr jedes Spiel, das Sie gespielt haben.<\/p>\n<p>Von dort aus k\u00f6nnen Sie nach \u00dcbereinstimmungen suchen, die wir f\u00fcr Sie in verschiedenen Farben markieren. Auf diese Weise k\u00f6nnen Sie sehen, wie viel Sie gewonnen haben, und Sie k\u00f6nnen sehen, wo sich das Geld auf Ihrem Konto befindet. Wenn es weniger als \u20ac2500 ist, haben wir es bereits f\u00fcr Sie auf das Konto \u00fcberwiesen, so dass Sie nichts mehr tun m\u00fcssen.<\/p>\n<h2>Archiv der Samstagsergebnisse von Lotto Australien<\/h2>\n<p>Wer \u00e4ltere Zahlen f\u00fcr das Samstagslotto Australien nachschlagen m\u00f6chte, braucht sich um nichts zu k\u00fcmmern. Wir sorgen daf\u00fcr, dass das Archiv leicht zu finden ist, indem wir es auf jeder Seite anbringen, auf der wir die aktuellen Lottoergebnisse zeigen. Auf diese Weise k\u00f6nnen Sie alle Zahlen nachschlagen, die Sie wollen, auch solche, die schon lange zur\u00fcckliegen.<\/p>\n<h2>Mein Los hat gewonnen, wie geht es weiter?<\/h2>\n<p>Wir haben bereits \u00fcber die Gewinne gesprochen, die Sie mit Ihren Lottoscheinen erzielen k\u00f6nnen. Wenn dieser Gewinn weniger als \u20ac2500 betr\u00e4gt, m\u00fcssen Sie nichts tun, um ihn einzufordern. Wir werden das Geld sofort f\u00fcr Sie auf Ihr Spielerkonto einzahlen. Wenn der Gewinn mehr als \u20ac2500 betr\u00e4gt, helfen wir Ihnen bei der Einforderung des Geldes.<\/p>\n<p>Denken Sie auch daran, dass Sie jedes Geld auf Ihrem Konto abheben k\u00f6nnen, solange es mindestens 10 \u20ac betr\u00e4gt. Alles, was Sie tun m\u00fcssen, ist eine Zahlungsmethode auszuw\u00e4hlen, die Sie schon einmal auf dem Konto verwendet haben, und ein paar Verifizierungsformulare f\u00fcr unseren Zahlungsabwickler auszuf\u00fcllen.<\/p>\n","protected":false},"excerpt":{"rendered":"<p>Es gibt viele verschiedene internationale Spiele auf unserer Website, und wir wissen, dass Sie die Gewinnzahlen so schnell wie m\u00f6glich erhalten m\u00f6chten. Die Zeitung ist im Allgemeinen kein guter Ort, um Gewinnzahlen f\u00fcr das Samstagslotto Australien zu finden. Es ist auch nicht sehr gut, sich Fernsehsender anzusehen und zu hoffen, den richtigen f\u00fcr dieses Spiel [&hellip;]<\/p>\n","protected":false},"author":1,"featured_media":0,"parent":3795,"menu_order":15,"comment_status":"closed","ping_status":"closed","template":"saturday-lotto-results.php","meta":{"_et_pb_use_builder":"","_et_pb_old_content":"","_et_gb_content_width":"","exclude_from_search":false,"footnotes":""},"class_list":["post-8107","page","type-page","status-publish","hentry"],"yoast_head":"<!-- This site is optimized with the Yoast SEO plugin v23.4 - https:\/\/yoast.com\/wordpress\/plugins\/seo\/ -->\n<title>\u00dcberpr\u00fcfen Sie Gewinnzahlen und -betr\u00e4ge f\u00fcr Saturday Lotto Australia<\/title>\n<meta name=\"description\" content=\"Ziehungsergebnisse, Gewinnzahlen Samstag Lotto Australien, plus Ergebnisarchiv\" \/>\n<meta name=\"robots\" content=\"index, follow, max-snippet:-1, max-image-preview:large, max-video-preview:-1\" \/>\n<link rel=\"canonical\" href=\"https:\/\/onlinelotto365.com\/de\/gewinnzahlen\/saturday-lotto-australia\/\" \/>\n<meta property=\"og:locale\" content=\"de_DE\" \/>\n<meta property=\"og:type\" content=\"article\" \/>\n<meta property=\"og:title\" content=\"\u00dcberpr\u00fcfen Sie Gewinnzahlen und -betr\u00e4ge f\u00fcr Saturday Lotto Australia\" \/>\n<meta property=\"og:description\" content=\"Ziehungsergebnisse, Gewinnzahlen Samstag Lotto Australien, plus Ergebnisarchiv\" \/>\n<meta property=\"og:url\" content=\"https:\/\/onlinelotto365.com\/de\/gewinnzahlen\/saturday-lotto-australia\/\" \/>\n<meta property=\"og:site_name\" content=\"OnlineLotto365\" \/>\n<meta property=\"article:modified_time\" content=\"2021-01-07T14:02:57+00:00\" \/>\n<meta property=\"og:image\" content=\"https:\/\/redfoxlotto.com\/image?size=8&amp;lottery=saturday-lotto-au\" \/>\n<meta name=\"twitter:card\" content=\"summary_large_image\" \/>\n<meta name=\"twitter:label1\" content=\"Gesch\u00e4tzte Lesezeit\" \/>\n\t<meta name=\"twitter:data1\" content=\"3\u00a0Minuten\" \/>\n<script type=\"application\/ld+json\" class=\"yoast-schema-graph\">{\"@context\":\"https:\/\/schema.org\",\"@graph\":[{\"@type\":\"WebPage\",\"@id\":\"https:\/\/onlinelotto365.com\/de\/gewinnzahlen\/saturday-lotto-australia\/\",\"url\":\"https:\/\/onlinelotto365.com\/de\/gewinnzahlen\/saturday-lotto-australia\/\",\"name\":\"\u00dcberpr\u00fcfen Sie Gewinnzahlen und -betr\u00e4ge f\u00fcr Saturday Lotto Australia\",\"isPartOf\":{\"@id\":\"https:\/\/onlinelotto365.com\/de\/#website\"},\"primaryImageOfPage\":{\"@id\":\"https:\/\/onlinelotto365.com\/de\/gewinnzahlen\/saturday-lotto-australia\/#primaryimage\"},\"image\":{\"@id\":\"https:\/\/onlinelotto365.com\/de\/gewinnzahlen\/saturday-lotto-australia\/#primaryimage\"},\"thumbnailUrl\":\"https:\/\/redfoxlotto.com\/image?size=8&amp;lottery=saturday-lotto-au\",\"datePublished\":\"2020-12-08T14:01:06+00:00\",\"dateModified\":\"2021-01-07T14:02:57+00:00\",\"description\":\"Ziehungsergebnisse, Gewinnzahlen Samstag Lotto Australien, plus Ergebnisarchiv\",\"breadcrumb\":{\"@id\":\"https:\/\/onlinelotto365.com\/de\/gewinnzahlen\/saturday-lotto-australia\/#breadcrumb\"},\"inLanguage\":\"de\",\"potentialAction\":[{\"@type\":\"ReadAction\",\"target\":[\"https:\/\/onlinelotto365.com\/de\/gewinnzahlen\/saturday-lotto-australia\/\"]}]},{\"@type\":\"ImageObject\",\"inLanguage\":\"de\",\"@id\":\"https:\/\/onlinelotto365.com\/de\/gewinnzahlen\/saturday-lotto-australia\/#primaryimage\",\"url\":\"https:\/\/redfoxlotto.com\/image?size=8&amp;lottery=saturday-lotto-au\",\"contentUrl\":\"https:\/\/redfoxlotto.com\/image?size=8&amp;lottery=saturday-lotto-au\"},{\"@type\":\"BreadcrumbList\",\"@id\":\"https:\/\/onlinelotto365.com\/de\/gewinnzahlen\/saturday-lotto-australia\/#breadcrumb\",\"itemListElement\":[{\"@type\":\"ListItem\",\"position\":1,\"name\":\"Home\",\"item\":\"https:\/\/onlinelotto365.com\/de\/\"},{\"@type\":\"ListItem\",\"position\":2,\"name\":\"Finden Sie Gewinnzahlen und Ergebnisse der letzten Lottoziehungen\",\"item\":\"https:\/\/onlinelotto365.com\/de\/gewinnzahlen\/\"},{\"@type\":\"ListItem\",\"position\":3,\"name\":\"\u00dcberpr\u00fcfen Sie Gewinnzahlen und -betr\u00e4ge f\u00fcr Saturday Lotto Australia\"}]},{\"@type\":\"WebSite\",\"@id\":\"https:\/\/onlinelotto365.com\/de\/#website\",\"url\":\"https:\/\/onlinelotto365.com\/de\/\",\"name\":\"OnlineLotto365\",\"description\":\"\",\"potentialAction\":[{\"@type\":\"SearchAction\",\"target\":{\"@type\":\"EntryPoint\",\"urlTemplate\":\"https:\/\/onlinelotto365.com\/de\/?s={search_term_string}\"},\"query-input\":{\"@type\":\"PropertyValueSpecification\",\"valueRequired\":true,\"valueName\":\"search_term_string\"}}],\"inLanguage\":\"de\"}]}<\/script>\n<!-- \/ Yoast SEO plugin. -->","yoast_head_json":{"title":"\u00dcberpr\u00fcfen Sie Gewinnzahlen und -betr\u00e4ge f\u00fcr Saturday Lotto Australia","description":"Ziehungsergebnisse, Gewinnzahlen Samstag Lotto Australien, plus Ergebnisarchiv","robots":{"index":"index","follow":"follow","max-snippet":"max-snippet:-1","max-image-preview":"max-image-preview:large","max-video-preview":"max-video-preview:-1"},"canonical":"https:\/\/onlinelotto365.com\/de\/gewinnzahlen\/saturday-lotto-australia\/","og_locale":"de_DE","og_type":"article","og_title":"\u00dcberpr\u00fcfen Sie Gewinnzahlen und -betr\u00e4ge f\u00fcr Saturday Lotto Australia","og_description":"Ziehungsergebnisse, Gewinnzahlen Samstag Lotto Australien, plus Ergebnisarchiv","og_url":"https:\/\/onlinelotto365.com\/de\/gewinnzahlen\/saturday-lotto-australia\/","og_site_name":"OnlineLotto365","article_modified_time":"2021-01-07T14:02:57+00:00","og_image":[{"url":"https:\/\/redfoxlotto.com\/image?size=8&amp;lottery=saturday-lotto-au"}],"twitter_card":"summary_large_image","twitter_misc":{"Gesch\u00e4tzte Lesezeit":"3\u00a0Minuten"},"schema":{"@context":"https:\/\/schema.org","@graph":[{"@type":"WebPage","@id":"https:\/\/onlinelotto365.com\/de\/gewinnzahlen\/saturday-lotto-australia\/","url":"https:\/\/onlinelotto365.com\/de\/gewinnzahlen\/saturday-lotto-australia\/","name":"\u00dcberpr\u00fcfen Sie Gewinnzahlen und -betr\u00e4ge f\u00fcr Saturday Lotto Australia","isPartOf":{"@id":"https:\/\/onlinelotto365.com\/de\/#website"},"primaryImageOfPage":{"@id":"https:\/\/onlinelotto365.com\/de\/gewinnzahlen\/saturday-lotto-australia\/#primaryimage"},"image":{"@id":"https:\/\/onlinelotto365.com\/de\/gewinnzahlen\/saturday-lotto-australia\/#primaryimage"},"thumbnailUrl":"https:\/\/redfoxlotto.com\/image?size=8&amp;lottery=saturday-lotto-au","datePublished":"2020-12-08T14:01:06+00:00","dateModified":"2021-01-07T14:02:57+00:00","description":"Ziehungsergebnisse, Gewinnzahlen Samstag Lotto Australien, plus Ergebnisarchiv","breadcrumb":{"@id":"https:\/\/onlinelotto365.com\/de\/gewinnzahlen\/saturday-lotto-australia\/#breadcrumb"},"inLanguage":"de","potentialAction":[{"@type":"ReadAction","target":["https:\/\/onlinelotto365.com\/de\/gewinnzahlen\/saturday-lotto-australia\/"]}]},{"@type":"ImageObject","inLanguage":"de","@id":"https:\/\/onlinelotto365.com\/de\/gewinnzahlen\/saturday-lotto-australia\/#primaryimage","url":"https:\/\/redfoxlotto.com\/image?size=8&amp;lottery=saturday-lotto-au","contentUrl":"https:\/\/redfoxlotto.com\/image?size=8&amp;lottery=saturday-lotto-au"},{"@type":"BreadcrumbList","@id":"https:\/\/onlinelotto365.com\/de\/gewinnzahlen\/saturday-lotto-australia\/#breadcrumb","itemListElement":[{"@type":"ListItem","position":1,"name":"Home","item":"https:\/\/onlinelotto365.com\/de\/"},{"@type":"ListItem","position":2,"name":"Finden Sie Gewinnzahlen und Ergebnisse der letzten Lottoziehungen","item":"https:\/\/onlinelotto365.com\/de\/gewinnzahlen\/"},{"@type":"ListItem","position":3,"name":"\u00dcberpr\u00fcfen Sie Gewinnzahlen und -betr\u00e4ge f\u00fcr Saturday Lotto Australia"}]},{"@type":"WebSite","@id":"https:\/\/onlinelotto365.com\/de\/#website","url":"https:\/\/onlinelotto365.com\/de\/","name":"OnlineLotto365","description":"","potentialAction":[{"@type":"SearchAction","target":{"@type":"EntryPoint","urlTemplate":"https:\/\/onlinelotto365.com\/de\/?s={search_term_string}"},"query-input":{"@type":"PropertyValueSpecification","valueRequired":true,"valueName":"search_term_string"}}],"inLanguage":"de"}]}},"_links":{"self":[{"href":"https:\/\/onlinelotto365.com\/de\/wp-json\/wp\/v2\/pages\/8107","targetHints":{"allow":["GET"]}}],"collection":[{"href":"https:\/\/onlinelotto365.com\/de\/wp-json\/wp\/v2\/pages"}],"about":[{"href":"https:\/\/onlinelotto365.com\/de\/wp-json\/wp\/v2\/types\/page"}],"author":[{"embeddable":true,"href":"https:\/\/onlinelotto365.com\/de\/wp-json\/wp\/v2\/users\/1"}],"replies":[{"embeddable":true,"href":"https:\/\/onlinelotto365.com\/de\/wp-json\/wp\/v2\/comments?post=8107"}],"version-history":[{"count":0,"href":"https:\/\/onlinelotto365.com\/de\/wp-json\/wp\/v2\/pages\/8107\/revisions"}],"up":[{"embeddable":true,"href":"https:\/\/onlinelotto365.com\/de\/wp-json\/wp\/v2\/pages\/3795"}],"wp:attachment":[{"href":"https:\/\/onlinelotto365.com\/de\/wp-json\/wp\/v2\/media?parent=8107"}],"curies":[{"name":"wp","href":"https:\/\/api.w.org\/{rel}","templated":true}]}}