{"id":8134,"date":"2020-12-08T15:04:00","date_gmt":"2020-12-08T14:04:00","guid":{"rendered":"http:\/\/onlinelotto365.net\/?page_id=8134"},"modified":"2021-01-07T15:11:11","modified_gmt":"2021-01-07T14:11:11","slug":"mon-wed-lotto","status":"publish","type":"page","link":"https:\/\/onlinelotto365.com\/de\/gewinnzahlen\/mon-wed-lotto\/","title":{"rendered":"Alle Mon &amp; Wed Lotto Australien Ergebnisse"},"content":{"rendered":"<p>Es gibt viele verschiedene internationale Spiele, die man spielen kann, wenn es um die Lotterie geht. Und Sie m\u00f6chten die Ergebnisse f\u00fcr diese Spiele so schnell wie m\u00f6glich erhalten. Eine M\u00f6glichkeit, dies zu erreichen, ist die Suche nach einer Zeitung, die die <strong>Gewinnzahlen von Mon &amp; Wed Lotto Australien<\/strong> anbietet <strong>.<\/strong> Aber diese k\u00f6nnen schwer zu finden sein. Eine andere M\u00f6glichkeit ist das Fernsehen, aber auch diese Kan\u00e4le k\u00f6nnen schwierig sein. Was ist also, wenn Sie nicht viel recherchieren wollen?<\/p>\n<p>Schauen Sie auf der Website von Mon &amp; Wed Lotto Australien nach, ob dort Live-Ziehungen angeboten werden. Live-Ziehungen f\u00fcr jedes Spiel k\u00f6nnen eine Menge Spa\u00df machen, weil sie Ihnen eine Menge sofortige Spannung bieten, w\u00e4hrend Sie zuschauen. Aber nicht jedes Spiel bietet diese Art von Ziehungen an. Sie m\u00fcssten sich vergewissern, dass das Mon &amp; Wed-Lotto zu denjenigen geh\u00f6rt, die diese Art von Ziehungen anbieten.<\/p>\n<p>Als N\u00e4chstes k\u00f6nnen Sie YouTube auschecken, um zu sehen, ob die Ergebnisse dort zu finden sind. Sie werden vielleicht \u00fcberrascht sein, wie manche Leute die Ergebnisse von Ziehungen oder sogar Live-Videos der Ziehungen f\u00fcr so gut wie jedes Spiel ver\u00f6ffentlichen.<br \/>\n<a href=\"https:\/\/redfoxlotto.com\/de\/spielen\/monday-wednesday-lotto-au\/?ref=a8564250a2&amp;medium=ol365\" target=\"_blank\" rel=\"noopener noreferrer\"><img decoding=\"async\" class=\"aligncenter\" src=\"https:\/\/redfoxlotto.com\/image?size=8&amp;lottery=monday-wednesday-lotto-au\" alt=\"Mon &amp; Wed Lotto Australia\" \/><\/a><\/p>\n<p>Die bei weitem einfachste M\u00f6glichkeit f\u00fcr Sie wird jedoch der Blick auf unsere Website sein. Wir bieten alle Gewinnzahlen und Preisbetr\u00e4ge f\u00fcr jedes Spiel an, das Sie auf unserer Website kaufen k\u00f6nnen. Das macht es f\u00fcr Sie sehr viel einfacher, an einem Ort und so schnell, wie Sie wollen, Ergebnisse zu erhalten.<\/p>\n<h2>So finden Sie heraus, ob Ihr Online-Ticket gewonnen hat<\/h2>\n<p><img loading=\"lazy\" decoding=\"async\" class=\"alignright wp-image-3542\" src=\"https:\/\/onlinelotto365.com\/wp-content\/uploads\/2020\/11\/online_lottery-154-300x200.jpg\" alt=\"Mon &amp; Wed Lotto winning numbers\" width=\"197\" height=\"131\" srcset=\"https:\/\/onlinelotto365.com\/wp-content\/uploads\/2020\/11\/online_lottery-154-300x200.jpg 300w, https:\/\/onlinelotto365.com\/wp-content\/uploads\/2020\/11\/online_lottery-154.jpg 320w\" sizes=\"auto, (max-width: 197px) 100vw, 197px\" \/> Die noch bessere Nachricht ist, dass Sie, wenn Sie einen Schein f\u00fcr das Mon &amp; Wed Lotto Australien bei uns gekauft haben, <strong>direkt zu Ihrem Spielerkonto<\/strong> gehen k\u00f6nnen <strong>, um die Ergebnisse zu erhalten.<\/strong> Dort finden Sie die dort gekauften Spielscheine sowie die Gewinnzahlen f\u00fcr alle Spiele, die Sie gespielt haben.<\/p>\n<p>Sie k\u00f6nnen die Zahlen sehen, die Sie ausgew\u00e4hlt haben und die mit den gezogenen Zahlen \u00fcbereinstimmen, und jeder Betrag, den Sie gewonnen haben und der unter \u20ac2500 liegt, wird automatisch Ihrem Konto gutgeschrieben. Was k\u00f6nnte einfacher sein als das?<\/p>\n<h2>Mon &amp; Wed Lotto Australien Ergebnisarchiv<\/h2>\n<p>Jede Seite auf unserer Website, die die neuesten Ergebnisse von Mon &amp; Wed Lotto Australien zeigt, zeigt Ihnen auch \u00e4ltere Zahlen, die Sie sich vielleicht ansehen m\u00f6chten. Diese k\u00f6nnen Ihnen helfen, wenn es darum geht, die Zahlen auszuw\u00e4hlen, die Sie beim n\u00e4chsten Loskauf spielen m\u00f6chten.<\/p>\n<h2>Mein Schein hat gewonnen, was passiert als N\u00e4chstes?<\/h2>\n<p>Wenn Sie mit Ihrem Los gewonnen haben, brauchen Sie nur noch einen Blick darauf zu werfen, wie viel Ihnen zusteht. Wenn es weniger als \u20ac2500 ist, werden wir uns darum k\u00fcmmern, dass der Betrag so schnell wie m\u00f6glich best\u00e4tigt und auf Ihrem Konto gutgeschrieben wird. Wenn Sie dann mindestens 10 \u20ac auf Ihrem Konto haben, k\u00f6nnen Sie es mit jeder Zahlungsmethode abheben, die Sie zuvor mit Ihrem Konto verwendet haben. Sie m\u00fcssen sich nur um ein paar Dokumente k\u00fcmmern, die unserem Zahlungsabwickler mitteilen, wer Sie sind und dass Sie Anspruch auf das Geld haben. Wenn Sie weniger als 10 \u20ac haben oder das Geld auf Ihrem Konto belassen m\u00f6chten, k\u00f6nnen Sie <a href=\"https:\/\/onlinelotto365.com\/de\/lose-kaufen\">es f\u00fcr den Kauf weiterer Tickets verwenden <\/a><\/p>\n","protected":false},"excerpt":{"rendered":"<p>Es gibt viele verschiedene internationale Spiele, die man spielen kann, wenn es um die Lotterie geht. Und Sie m\u00f6chten die Ergebnisse f\u00fcr diese Spiele so schnell wie m\u00f6glich erhalten. Eine M\u00f6glichkeit, dies zu erreichen, ist die Suche nach einer Zeitung, die die Gewinnzahlen von Mon &amp; Wed Lotto Australien anbietet . Aber diese k\u00f6nnen schwer [&hellip;]<\/p>\n","protected":false},"author":1,"featured_media":0,"parent":3795,"menu_order":16,"comment_status":"closed","ping_status":"closed","template":"template-rightsidebar.php","meta":{"_et_pb_use_builder":"","_et_pb_old_content":"","_et_gb_content_width":"","exclude_from_search":false,"footnotes":""},"class_list":["post-8134","page","type-page","status-publish","hentry"],"yoast_head":"<!-- This site is optimized with the Yoast SEO plugin v23.4 - https:\/\/yoast.com\/wordpress\/plugins\/seo\/ -->\n<title>Mon &amp; Wed Lotto Australien Gewinnzahlen<\/title>\n<meta name=\"description\" content=\"Auf unserer Website finden Sie die neuesten Gewinnzahlen und Gewinnbetr\u00e4ge f\u00fcr das Mon &amp; Wed-Lotto\" \/>\n<meta name=\"robots\" content=\"index, follow, max-snippet:-1, max-image-preview:large, max-video-preview:-1\" \/>\n<link rel=\"canonical\" href=\"https:\/\/onlinelotto365.com\/de\/gewinnzahlen\/mon-wed-lotto\/\" \/>\n<meta property=\"og:locale\" content=\"de_DE\" \/>\n<meta property=\"og:type\" content=\"article\" \/>\n<meta property=\"og:title\" content=\"Mon &amp; Wed Lotto Australien Gewinnzahlen\" \/>\n<meta property=\"og:description\" content=\"Auf unserer Website finden Sie die neuesten Gewinnzahlen und Gewinnbetr\u00e4ge f\u00fcr das Mon &amp; Wed-Lotto\" \/>\n<meta property=\"og:url\" content=\"https:\/\/onlinelotto365.com\/de\/gewinnzahlen\/mon-wed-lotto\/\" \/>\n<meta property=\"og:site_name\" content=\"OnlineLotto365\" \/>\n<meta property=\"article:modified_time\" content=\"2021-01-07T14:11:11+00:00\" \/>\n<meta property=\"og:image\" content=\"https:\/\/redfoxlotto.com\/image?size=8&amp;lottery=monday-wednesday-lotto-au\" \/>\n<meta name=\"twitter:card\" content=\"summary_large_image\" \/>\n<meta name=\"twitter:label1\" content=\"Gesch\u00e4tzte Lesezeit\" \/>\n\t<meta name=\"twitter:data1\" content=\"3\u00a0Minuten\" \/>\n<script type=\"application\/ld+json\" class=\"yoast-schema-graph\">{\"@context\":\"https:\/\/schema.org\",\"@graph\":[{\"@type\":\"WebPage\",\"@id\":\"https:\/\/onlinelotto365.com\/de\/gewinnzahlen\/mon-wed-lotto\/\",\"url\":\"https:\/\/onlinelotto365.com\/de\/gewinnzahlen\/mon-wed-lotto\/\",\"name\":\"Mon & Wed Lotto Australien Gewinnzahlen\",\"isPartOf\":{\"@id\":\"https:\/\/onlinelotto365.com\/de\/#website\"},\"primaryImageOfPage\":{\"@id\":\"https:\/\/onlinelotto365.com\/de\/gewinnzahlen\/mon-wed-lotto\/#primaryimage\"},\"image\":{\"@id\":\"https:\/\/onlinelotto365.com\/de\/gewinnzahlen\/mon-wed-lotto\/#primaryimage\"},\"thumbnailUrl\":\"https:\/\/redfoxlotto.com\/image?size=8&amp;lottery=monday-wednesday-lotto-au\",\"datePublished\":\"2020-12-08T14:04:00+00:00\",\"dateModified\":\"2021-01-07T14:11:11+00:00\",\"description\":\"Auf unserer Website finden Sie die neuesten Gewinnzahlen und Gewinnbetr\u00e4ge f\u00fcr das Mon & Wed-Lotto\",\"breadcrumb\":{\"@id\":\"https:\/\/onlinelotto365.com\/de\/gewinnzahlen\/mon-wed-lotto\/#breadcrumb\"},\"inLanguage\":\"de\",\"potentialAction\":[{\"@type\":\"ReadAction\",\"target\":[\"https:\/\/onlinelotto365.com\/de\/gewinnzahlen\/mon-wed-lotto\/\"]}]},{\"@type\":\"ImageObject\",\"inLanguage\":\"de\",\"@id\":\"https:\/\/onlinelotto365.com\/de\/gewinnzahlen\/mon-wed-lotto\/#primaryimage\",\"url\":\"https:\/\/redfoxlotto.com\/image?size=8&amp;lottery=monday-wednesday-lotto-au\",\"contentUrl\":\"https:\/\/redfoxlotto.com\/image?size=8&amp;lottery=monday-wednesday-lotto-au\"},{\"@type\":\"BreadcrumbList\",\"@id\":\"https:\/\/onlinelotto365.com\/de\/gewinnzahlen\/mon-wed-lotto\/#breadcrumb\",\"itemListElement\":[{\"@type\":\"ListItem\",\"position\":1,\"name\":\"Home\",\"item\":\"https:\/\/onlinelotto365.com\/de\/\"},{\"@type\":\"ListItem\",\"position\":2,\"name\":\"Finden Sie Gewinnzahlen und Ergebnisse der letzten Lottoziehungen\",\"item\":\"https:\/\/onlinelotto365.com\/de\/gewinnzahlen\/\"},{\"@type\":\"ListItem\",\"position\":3,\"name\":\"Alle Mon &amp; Wed Lotto Australien Ergebnisse\"}]},{\"@type\":\"WebSite\",\"@id\":\"https:\/\/onlinelotto365.com\/de\/#website\",\"url\":\"https:\/\/onlinelotto365.com\/de\/\",\"name\":\"OnlineLotto365\",\"description\":\"\",\"potentialAction\":[{\"@type\":\"SearchAction\",\"target\":{\"@type\":\"EntryPoint\",\"urlTemplate\":\"https:\/\/onlinelotto365.com\/de\/?s={search_term_string}\"},\"query-input\":{\"@type\":\"PropertyValueSpecification\",\"valueRequired\":true,\"valueName\":\"search_term_string\"}}],\"inLanguage\":\"de\"}]}<\/script>\n<!-- \/ Yoast SEO plugin. -->","yoast_head_json":{"title":"Mon & Wed Lotto Australien Gewinnzahlen","description":"Auf unserer Website finden Sie die neuesten Gewinnzahlen und Gewinnbetr\u00e4ge f\u00fcr das Mon & Wed-Lotto","robots":{"index":"index","follow":"follow","max-snippet":"max-snippet:-1","max-image-preview":"max-image-preview:large","max-video-preview":"max-video-preview:-1"},"canonical":"https:\/\/onlinelotto365.com\/de\/gewinnzahlen\/mon-wed-lotto\/","og_locale":"de_DE","og_type":"article","og_title":"Mon & Wed Lotto Australien Gewinnzahlen","og_description":"Auf unserer Website finden Sie die neuesten Gewinnzahlen und Gewinnbetr\u00e4ge f\u00fcr das Mon & Wed-Lotto","og_url":"https:\/\/onlinelotto365.com\/de\/gewinnzahlen\/mon-wed-lotto\/","og_site_name":"OnlineLotto365","article_modified_time":"2021-01-07T14:11:11+00:00","og_image":[{"url":"https:\/\/redfoxlotto.com\/image?size=8&amp;lottery=monday-wednesday-lotto-au"}],"twitter_card":"summary_large_image","twitter_misc":{"Gesch\u00e4tzte Lesezeit":"3\u00a0Minuten"},"schema":{"@context":"https:\/\/schema.org","@graph":[{"@type":"WebPage","@id":"https:\/\/onlinelotto365.com\/de\/gewinnzahlen\/mon-wed-lotto\/","url":"https:\/\/onlinelotto365.com\/de\/gewinnzahlen\/mon-wed-lotto\/","name":"Mon & Wed Lotto Australien Gewinnzahlen","isPartOf":{"@id":"https:\/\/onlinelotto365.com\/de\/#website"},"primaryImageOfPage":{"@id":"https:\/\/onlinelotto365.com\/de\/gewinnzahlen\/mon-wed-lotto\/#primaryimage"},"image":{"@id":"https:\/\/onlinelotto365.com\/de\/gewinnzahlen\/mon-wed-lotto\/#primaryimage"},"thumbnailUrl":"https:\/\/redfoxlotto.com\/image?size=8&amp;lottery=monday-wednesday-lotto-au","datePublished":"2020-12-08T14:04:00+00:00","dateModified":"2021-01-07T14:11:11+00:00","description":"Auf unserer Website finden Sie die neuesten Gewinnzahlen und Gewinnbetr\u00e4ge f\u00fcr das Mon & Wed-Lotto","breadcrumb":{"@id":"https:\/\/onlinelotto365.com\/de\/gewinnzahlen\/mon-wed-lotto\/#breadcrumb"},"inLanguage":"de","potentialAction":[{"@type":"ReadAction","target":["https:\/\/onlinelotto365.com\/de\/gewinnzahlen\/mon-wed-lotto\/"]}]},{"@type":"ImageObject","inLanguage":"de","@id":"https:\/\/onlinelotto365.com\/de\/gewinnzahlen\/mon-wed-lotto\/#primaryimage","url":"https:\/\/redfoxlotto.com\/image?size=8&amp;lottery=monday-wednesday-lotto-au","contentUrl":"https:\/\/redfoxlotto.com\/image?size=8&amp;lottery=monday-wednesday-lotto-au"},{"@type":"BreadcrumbList","@id":"https:\/\/onlinelotto365.com\/de\/gewinnzahlen\/mon-wed-lotto\/#breadcrumb","itemListElement":[{"@type":"ListItem","position":1,"name":"Home","item":"https:\/\/onlinelotto365.com\/de\/"},{"@type":"ListItem","position":2,"name":"Finden Sie Gewinnzahlen und Ergebnisse der letzten Lottoziehungen","item":"https:\/\/onlinelotto365.com\/de\/gewinnzahlen\/"},{"@type":"ListItem","position":3,"name":"Alle Mon &amp; Wed Lotto Australien Ergebnisse"}]},{"@type":"WebSite","@id":"https:\/\/onlinelotto365.com\/de\/#website","url":"https:\/\/onlinelotto365.com\/de\/","name":"OnlineLotto365","description":"","potentialAction":[{"@type":"SearchAction","target":{"@type":"EntryPoint","urlTemplate":"https:\/\/onlinelotto365.com\/de\/?s={search_term_string}"},"query-input":{"@type":"PropertyValueSpecification","valueRequired":true,"valueName":"search_term_string"}}],"inLanguage":"de"}]}},"_links":{"self":[{"href":"https:\/\/onlinelotto365.com\/de\/wp-json\/wp\/v2\/pages\/8134","targetHints":{"allow":["GET"]}}],"collection":[{"href":"https:\/\/onlinelotto365.com\/de\/wp-json\/wp\/v2\/pages"}],"about":[{"href":"https:\/\/onlinelotto365.com\/de\/wp-json\/wp\/v2\/types\/page"}],"author":[{"embeddable":true,"href":"https:\/\/onlinelotto365.com\/de\/wp-json\/wp\/v2\/users\/1"}],"replies":[{"embeddable":true,"href":"https:\/\/onlinelotto365.com\/de\/wp-json\/wp\/v2\/comments?post=8134"}],"version-history":[{"count":0,"href":"https:\/\/onlinelotto365.com\/de\/wp-json\/wp\/v2\/pages\/8134\/revisions"}],"up":[{"embeddable":true,"href":"https:\/\/onlinelotto365.com\/de\/wp-json\/wp\/v2\/pages\/3795"}],"wp:attachment":[{"href":"https:\/\/onlinelotto365.com\/de\/wp-json\/wp\/v2\/media?parent=8134"}],"curies":[{"name":"wp","href":"https:\/\/api.w.org\/{rel}","templated":true}]}}