{"id":84215,"date":"2023-09-28T08:15:51","date_gmt":"2023-09-28T07:15:51","guid":{"rendered":"https:\/\/onlinelotto365.com\/gewinnzahlen\/ueberpruefen-sie-die-eurojackpot-gewinnzahlen-hier"},"modified":"2023-09-28T08:15:51","modified_gmt":"2023-09-28T07:15:51","slug":"ueberpruefen-sie-die-eurojackpot-gewinnzahlen-hier","status":"publish","type":"page","link":"https:\/\/onlinelotto365.com\/de\/gewinnzahlen\/ueberpruefen-sie-die-eurojackpot-gewinnzahlen-hier\/","title":{"rendered":"\u00dcberpr\u00fcfen Sie die Eurojackpot-Gewinnzahlen hier"},"content":{"rendered":"<p>Es gibt viele verschiedene internationale Lotterien auf unserer Website, was bedeutet, dass es f\u00fcr einige schwierig sein kann, die Zahlen und Ergebnisse zu finden. Und wenn es darum geht, die Zahlen anderswo zu finden, kann es sogar noch schlimmer sein. Sie werden die Eurojackpot-Ergebnisse wahrscheinlich nicht in Ihrer Lokalzeitung finden, und auch im Fernsehen sind sie oft schwer zu finden. Zumal sie oft nicht live \u00fcbertragen werden.<\/p>\n<p>Sie k\u00f6nnen auch die Eurojackpot-Lotterie-Website besuchen, die Ihnen Zugang zu einer Live-\u00dcbertragung der Ergebnisse und der Ziehung bietet. Das kann sehr unterhaltsam sein und Sie erfahren viel schneller, ob Sie gewonnen haben. Allerdings ist dies nicht immer m\u00f6glich und Sie m\u00fcssen das richtige Timing haben.<\/p>\n<p>Wenn Sie nach der Ziehung nach den Zahlen suchen, k\u00f6nnen Sie immer auf YouTube nachsehen, ob die Ziehung verf\u00fcgbar ist oder ob jemand ein Video mit den Gewinnzahlen hat.<\/p>\n<p>Der einfachste Weg, die Gewinnzahlen zu finden und auch alle Preise und Ergebnisse zu sehen, ist ein Besuch unserer Website auf der Seite mit den Lotterieergebnissen. Dort finden Sie alle Gewinnzahlen des Eurojackpots und aller anderen Spiele, die wir anbieten.<\/p>\n<h2>So erfahren Sie, ob Sie gewonnen haben<\/h2>\n<p><img decoding=\"async\" class=\"aligncenter\" src=\"https:\/\/redfoxlotto.com\/image?size=8&amp;lottery=eurojackpot\" alt=\"eurojackpot\" \/><br \/>\nHaben Sie ein Los f\u00fcr den Eurojackpot gekauft? Wenn ja, brauchen Sie die Ergebnisseite nicht einmal aufzurufen. Gehen Sie einfach zu Ihrem Konto und Sie sehen die Gewinnzahlen direkt neben Ihrem Schein. Sie k\u00f6nnen sogar sehen, welche Zahlen richtig waren und welche nicht und wie viel Sie gewonnen haben. Wenn Sie weniger als 2.500 \u20ac gewonnen haben, wird das Geld sofort auf Ihr Konto \u00fcberwiesen, sobald die Lottozahlen best\u00e4tigt sind.<\/p>\n<p>Unsere Website zeigt Ihnen die Ergebnisse der letzten Eurojackpot-Ziehung, bietet Ihnen aber auch viele M\u00f6glichkeiten, \u00e4ltere Ziehungen zu \u00fcberpr\u00fcfen. So k\u00f6nnen Sie \u00e4ltere Scheine \u00fcberpr\u00fcfen oder wenn Sie nach den besten Zahlen suchen, die Sie beim n\u00e4chsten Kauf eines Scheins ausprobieren m\u00f6chten. Dies ist in der Tat eine der beliebtesten Lotteriestrategien, die Menschen anwenden.<\/p>\n<h2>Mein Schein hat gewonnen, was passiert jetzt?<\/h2>\n<p><img loading=\"lazy\" decoding=\"async\" class=\"alignright wp-image-25127\" src=\"https:\/\/onlinelotto365.com\/wp-content\/uploads\/2021\/01\/lottery_balls1-300x160-1.jpg\" alt=\"Eurojackpot winning numbers\" width=\"265\" height=\"142\" \/><br \/>\nWir haben bereits \u00fcber Gewinne unter 2.500 Euro gesprochen. Diese Gewinne werden sofort auf Ihr Konto \u00fcberwiesen, und Sie k\u00f6nnen dann w\u00e4hlen, ob Sie weitere Lose kaufen oder das Geld ganz oder teilweise abheben m\u00f6chten. Sie m\u00fcssen nur sicherstellen, dass Sie mindestens 10 Euro auf Ihrem Konto haben, um das Geld mit der Methode Ihrer Wahl abheben zu k\u00f6nnen.<\/p>\n<p>Sie k\u00f6nnen sich das Geld auf Ihr Bankkonto oder auf Ihre Kreditkarte auszahlen lassen, und wir machen es Ihnen auch leicht. Wir m\u00f6chten, dass Sie Ihr Geld bekommen, aber wir m\u00fcssen ein paar Schritte unternehmen, damit das Geld auf Ihr Konto \u00fcberwiesen wird. Schlie\u00dflich unterliegen Online-Geldtransfers strengen Vorschriften.<\/p>\n","protected":false},"excerpt":{"rendered":"<p>Es gibt viele verschiedene internationale Lotterien auf unserer Website, was bedeutet, dass es f\u00fcr einige schwierig sein kann, die Zahlen und Ergebnisse zu finden. Und wenn es darum geht, die Zahlen anderswo zu finden, kann es sogar noch schlimmer sein. Sie werden die Eurojackpot-Ergebnisse wahrscheinlich nicht in Ihrer Lokalzeitung finden, und auch im Fernsehen sind [&hellip;]<\/p>\n","protected":false},"author":1,"featured_media":0,"parent":3795,"menu_order":4,"comment_status":"closed","ping_status":"closed","template":"eurojackpot-results.php","meta":{"_et_pb_use_builder":"","_et_pb_old_content":"","_et_gb_content_width":"","exclude_from_search":false,"footnotes":""},"class_list":["post-84215","page","type-page","status-publish","hentry"],"yoast_head":"<!-- This site is optimized with the Yoast SEO plugin v23.4 - https:\/\/yoast.com\/wordpress\/plugins\/seo\/ -->\n<title>Gewinnzahlen Eurojackpot | \u00dcberpr\u00fcfen Sie die Ziehungsergebnisse und Gewinne f\u00fcr Eurojackpot hier<\/title>\n<meta name=\"description\" content=\"Wir ver\u00f6ffentlichen die Eurojackpot-Ergebnisse und Gewinnzahlen sowie ein Archiv der vergangenen Ziehungen\" \/>\n<meta name=\"robots\" content=\"index, follow, max-snippet:-1, max-image-preview:large, max-video-preview:-1\" \/>\n<link rel=\"canonical\" href=\"https:\/\/onlinelotto365.com\/de\/gewinnzahlen\/ueberpruefen-sie-die-eurojackpot-gewinnzahlen-hier\/\" \/>\n<meta property=\"og:locale\" content=\"de_DE\" \/>\n<meta property=\"og:type\" content=\"article\" \/>\n<meta property=\"og:title\" content=\"Gewinnzahlen Eurojackpot | \u00dcberpr\u00fcfen Sie die Ziehungsergebnisse und Gewinne f\u00fcr Eurojackpot hier\" \/>\n<meta property=\"og:description\" content=\"Wir ver\u00f6ffentlichen die Eurojackpot-Ergebnisse und Gewinnzahlen sowie ein Archiv der vergangenen Ziehungen\" \/>\n<meta property=\"og:url\" content=\"https:\/\/onlinelotto365.com\/de\/gewinnzahlen\/ueberpruefen-sie-die-eurojackpot-gewinnzahlen-hier\/\" \/>\n<meta property=\"og:site_name\" content=\"OnlineLotto365\" \/>\n<meta property=\"og:image\" content=\"https:\/\/redfoxlotto.com\/image?size=8&amp;lottery=eurojackpot\" \/>\n<meta name=\"twitter:card\" content=\"summary_large_image\" \/>\n<meta name=\"twitter:label1\" content=\"Gesch\u00e4tzte Lesezeit\" \/>\n\t<meta name=\"twitter:data1\" content=\"2\u00a0Minuten\" \/>\n<script type=\"application\/ld+json\" class=\"yoast-schema-graph\">{\"@context\":\"https:\/\/schema.org\",\"@graph\":[{\"@type\":\"WebPage\",\"@id\":\"https:\/\/onlinelotto365.com\/de\/gewinnzahlen\/ueberpruefen-sie-die-eurojackpot-gewinnzahlen-hier\/\",\"url\":\"https:\/\/onlinelotto365.com\/de\/gewinnzahlen\/ueberpruefen-sie-die-eurojackpot-gewinnzahlen-hier\/\",\"name\":\"Gewinnzahlen Eurojackpot | \u00dcberpr\u00fcfen Sie die Ziehungsergebnisse und Gewinne f\u00fcr Eurojackpot hier\",\"isPartOf\":{\"@id\":\"https:\/\/onlinelotto365.com\/de\/#website\"},\"primaryImageOfPage\":{\"@id\":\"https:\/\/onlinelotto365.com\/de\/gewinnzahlen\/ueberpruefen-sie-die-eurojackpot-gewinnzahlen-hier\/#primaryimage\"},\"image\":{\"@id\":\"https:\/\/onlinelotto365.com\/de\/gewinnzahlen\/ueberpruefen-sie-die-eurojackpot-gewinnzahlen-hier\/#primaryimage\"},\"thumbnailUrl\":\"https:\/\/redfoxlotto.com\/image?size=8&amp;lottery=eurojackpot\",\"datePublished\":\"2023-09-28T07:15:51+00:00\",\"dateModified\":\"2023-09-28T07:15:51+00:00\",\"description\":\"Wir ver\u00f6ffentlichen die Eurojackpot-Ergebnisse und Gewinnzahlen sowie ein Archiv der vergangenen Ziehungen\",\"breadcrumb\":{\"@id\":\"https:\/\/onlinelotto365.com\/de\/gewinnzahlen\/ueberpruefen-sie-die-eurojackpot-gewinnzahlen-hier\/#breadcrumb\"},\"inLanguage\":\"de\",\"potentialAction\":[{\"@type\":\"ReadAction\",\"target\":[\"https:\/\/onlinelotto365.com\/de\/gewinnzahlen\/ueberpruefen-sie-die-eurojackpot-gewinnzahlen-hier\/\"]}]},{\"@type\":\"ImageObject\",\"inLanguage\":\"de\",\"@id\":\"https:\/\/onlinelotto365.com\/de\/gewinnzahlen\/ueberpruefen-sie-die-eurojackpot-gewinnzahlen-hier\/#primaryimage\",\"url\":\"https:\/\/redfoxlotto.com\/image?size=8&amp;lottery=eurojackpot\",\"contentUrl\":\"https:\/\/redfoxlotto.com\/image?size=8&amp;lottery=eurojackpot\"},{\"@type\":\"BreadcrumbList\",\"@id\":\"https:\/\/onlinelotto365.com\/de\/gewinnzahlen\/ueberpruefen-sie-die-eurojackpot-gewinnzahlen-hier\/#breadcrumb\",\"itemListElement\":[{\"@type\":\"ListItem\",\"position\":1,\"name\":\"Home\",\"item\":\"https:\/\/onlinelotto365.com\/de\/\"},{\"@type\":\"ListItem\",\"position\":2,\"name\":\"Finden Sie Gewinnzahlen und Ergebnisse der letzten Lottoziehungen\",\"item\":\"https:\/\/onlinelotto365.com\/de\/gewinnzahlen\/\"},{\"@type\":\"ListItem\",\"position\":3,\"name\":\"\u00dcberpr\u00fcfen Sie die Eurojackpot-Gewinnzahlen hier\"}]},{\"@type\":\"WebSite\",\"@id\":\"https:\/\/onlinelotto365.com\/de\/#website\",\"url\":\"https:\/\/onlinelotto365.com\/de\/\",\"name\":\"OnlineLotto365\",\"description\":\"\",\"potentialAction\":[{\"@type\":\"SearchAction\",\"target\":{\"@type\":\"EntryPoint\",\"urlTemplate\":\"https:\/\/onlinelotto365.com\/de\/?s={search_term_string}\"},\"query-input\":{\"@type\":\"PropertyValueSpecification\",\"valueRequired\":true,\"valueName\":\"search_term_string\"}}],\"inLanguage\":\"de\"}]}<\/script>\n<!-- \/ Yoast SEO plugin. -->","yoast_head_json":{"title":"Gewinnzahlen Eurojackpot | \u00dcberpr\u00fcfen Sie die Ziehungsergebnisse und Gewinne f\u00fcr Eurojackpot hier","description":"Wir ver\u00f6ffentlichen die Eurojackpot-Ergebnisse und Gewinnzahlen sowie ein Archiv der vergangenen Ziehungen","robots":{"index":"index","follow":"follow","max-snippet":"max-snippet:-1","max-image-preview":"max-image-preview:large","max-video-preview":"max-video-preview:-1"},"canonical":"https:\/\/onlinelotto365.com\/de\/gewinnzahlen\/ueberpruefen-sie-die-eurojackpot-gewinnzahlen-hier\/","og_locale":"de_DE","og_type":"article","og_title":"Gewinnzahlen Eurojackpot | \u00dcberpr\u00fcfen Sie die Ziehungsergebnisse und Gewinne f\u00fcr Eurojackpot hier","og_description":"Wir ver\u00f6ffentlichen die Eurojackpot-Ergebnisse und Gewinnzahlen sowie ein Archiv der vergangenen Ziehungen","og_url":"https:\/\/onlinelotto365.com\/de\/gewinnzahlen\/ueberpruefen-sie-die-eurojackpot-gewinnzahlen-hier\/","og_site_name":"OnlineLotto365","og_image":[{"url":"https:\/\/redfoxlotto.com\/image?size=8&amp;lottery=eurojackpot"}],"twitter_card":"summary_large_image","twitter_misc":{"Gesch\u00e4tzte Lesezeit":"2\u00a0Minuten"},"schema":{"@context":"https:\/\/schema.org","@graph":[{"@type":"WebPage","@id":"https:\/\/onlinelotto365.com\/de\/gewinnzahlen\/ueberpruefen-sie-die-eurojackpot-gewinnzahlen-hier\/","url":"https:\/\/onlinelotto365.com\/de\/gewinnzahlen\/ueberpruefen-sie-die-eurojackpot-gewinnzahlen-hier\/","name":"Gewinnzahlen Eurojackpot | \u00dcberpr\u00fcfen Sie die Ziehungsergebnisse und Gewinne f\u00fcr Eurojackpot hier","isPartOf":{"@id":"https:\/\/onlinelotto365.com\/de\/#website"},"primaryImageOfPage":{"@id":"https:\/\/onlinelotto365.com\/de\/gewinnzahlen\/ueberpruefen-sie-die-eurojackpot-gewinnzahlen-hier\/#primaryimage"},"image":{"@id":"https:\/\/onlinelotto365.com\/de\/gewinnzahlen\/ueberpruefen-sie-die-eurojackpot-gewinnzahlen-hier\/#primaryimage"},"thumbnailUrl":"https:\/\/redfoxlotto.com\/image?size=8&amp;lottery=eurojackpot","datePublished":"2023-09-28T07:15:51+00:00","dateModified":"2023-09-28T07:15:51+00:00","description":"Wir ver\u00f6ffentlichen die Eurojackpot-Ergebnisse und Gewinnzahlen sowie ein Archiv der vergangenen Ziehungen","breadcrumb":{"@id":"https:\/\/onlinelotto365.com\/de\/gewinnzahlen\/ueberpruefen-sie-die-eurojackpot-gewinnzahlen-hier\/#breadcrumb"},"inLanguage":"de","potentialAction":[{"@type":"ReadAction","target":["https:\/\/onlinelotto365.com\/de\/gewinnzahlen\/ueberpruefen-sie-die-eurojackpot-gewinnzahlen-hier\/"]}]},{"@type":"ImageObject","inLanguage":"de","@id":"https:\/\/onlinelotto365.com\/de\/gewinnzahlen\/ueberpruefen-sie-die-eurojackpot-gewinnzahlen-hier\/#primaryimage","url":"https:\/\/redfoxlotto.com\/image?size=8&amp;lottery=eurojackpot","contentUrl":"https:\/\/redfoxlotto.com\/image?size=8&amp;lottery=eurojackpot"},{"@type":"BreadcrumbList","@id":"https:\/\/onlinelotto365.com\/de\/gewinnzahlen\/ueberpruefen-sie-die-eurojackpot-gewinnzahlen-hier\/#breadcrumb","itemListElement":[{"@type":"ListItem","position":1,"name":"Home","item":"https:\/\/onlinelotto365.com\/de\/"},{"@type":"ListItem","position":2,"name":"Finden Sie Gewinnzahlen und Ergebnisse der letzten Lottoziehungen","item":"https:\/\/onlinelotto365.com\/de\/gewinnzahlen\/"},{"@type":"ListItem","position":3,"name":"\u00dcberpr\u00fcfen Sie die Eurojackpot-Gewinnzahlen hier"}]},{"@type":"WebSite","@id":"https:\/\/onlinelotto365.com\/de\/#website","url":"https:\/\/onlinelotto365.com\/de\/","name":"OnlineLotto365","description":"","potentialAction":[{"@type":"SearchAction","target":{"@type":"EntryPoint","urlTemplate":"https:\/\/onlinelotto365.com\/de\/?s={search_term_string}"},"query-input":{"@type":"PropertyValueSpecification","valueRequired":true,"valueName":"search_term_string"}}],"inLanguage":"de"}]}},"_links":{"self":[{"href":"https:\/\/onlinelotto365.com\/de\/wp-json\/wp\/v2\/pages\/84215","targetHints":{"allow":["GET"]}}],"collection":[{"href":"https:\/\/onlinelotto365.com\/de\/wp-json\/wp\/v2\/pages"}],"about":[{"href":"https:\/\/onlinelotto365.com\/de\/wp-json\/wp\/v2\/types\/page"}],"author":[{"embeddable":true,"href":"https:\/\/onlinelotto365.com\/de\/wp-json\/wp\/v2\/users\/1"}],"replies":[{"embeddable":true,"href":"https:\/\/onlinelotto365.com\/de\/wp-json\/wp\/v2\/comments?post=84215"}],"version-history":[{"count":0,"href":"https:\/\/onlinelotto365.com\/de\/wp-json\/wp\/v2\/pages\/84215\/revisions"}],"up":[{"embeddable":true,"href":"https:\/\/onlinelotto365.com\/de\/wp-json\/wp\/v2\/pages\/3795"}],"wp:attachment":[{"href":"https:\/\/onlinelotto365.com\/de\/wp-json\/wp\/v2\/media?parent=84215"}],"curies":[{"name":"wp","href":"https:\/\/api.w.org\/{rel}","templated":true}]}}