{"id":84438,"date":"2023-10-03T12:55:24","date_gmt":"2023-10-03T11:55:24","guid":{"rendered":"https:\/\/onlinelotto365.com\/faq"},"modified":"2023-10-03T12:55:24","modified_gmt":"2023-10-03T11:55:24","slug":"faq","status":"publish","type":"page","link":"https:\/\/onlinelotto365.com\/de\/faq\/","title":{"rendered":"FAQ"},"content":{"rendered":"<h1>Online-Lotterie FAQ<\/h1>\n<p>Hier finden Sie die Antworten auf die am h\u00e4ufigsten gestellten Fragen zur Funktionsweise des Online-Lotterieservices.<\/p>\n<p>Wie bekomme ich meine Lose?<\/p>\n<p>Dann kauft einer unserer Mitarbeiter vor Ort den Schein in Ihrem Namen und in Ihrem Auftrag. Anschlie\u00dfend wird der Schein gescannt und in Ihr Kundenkonto hochgeladen. Wir schicken Ihnen eine E-Mail, wenn Sie gewonnen haben, und unser Service umfasst auch die \u00dcbermittlung Ihres Gewinns an Sie (Einzelheiten siehe unten). wenn Sie gewinnen.<\/p>\n<p>Was sind die Vorteile, wenn man \u00fcber uns online an internationalen Lotterien teilnimmt?<\/p>\n<ul>\n<li>Sie k\u00f6nnen aus vielen Lotterien w\u00e4hlen und es wartet immer ein gro\u00dfer Jackpot auf Sie<\/li>\n<li>Sie erhalten einen echten Spielschein<\/li>\n<li>Sie k\u00f6nnen spielen, wo immer Sie sind<\/li>\n<li>Sie k\u00f6nnen bequem online bezahlen, wir haben eine Reihe von Optionen, einschlie\u00dflich Kreditkarte<\/li>\n<li>Ihre kleineren Gewinne bis zu 2500 \u20ac werden Ihrem Spielerkonto sofort gutgeschrieben<\/li>\n<li>bei Gewinnen von mehr als 2500 \u20ac wickeln wir Ihre Auszahlung direkt von der Lotterie ab, ohne dass Ihnen Kosten entstehen<\/li>\n<\/ul>\n<p>Wer kann an den Lotterien teilnehmen?<\/p>\n<p>Jeder kann mitspielen &#8211; aber Sie m\u00fcssen \u00e4lter als 18 Jahre sein, um Lotto spielen zu k\u00f6nnen.<\/p>\n<p>Kann ich von einem anderen Land aus Lotto spielen?<\/p>\n<p>Ja. Unabh\u00e4ngig davon, in welchem Land Sie leben, k\u00f6nnen Sie an allen Lotterien teilnehmen, die auf unserer Website angezeigt werden.<\/p>\n<p>Kann ich meine Lottozahlen selbst bestimmen?<\/p>\n<p>Ja. Sie k\u00f6nnen die Zahlen manuell ziehen, oder Sie k\u00f6nnen die &#8222;Quick Pick&#8220;-Funktion verwenden und die Zahlen nach dem Zufallsprinzip generieren.<\/p>\n<p>Wie erhalte ich meinen Lottoschein?<\/p>\n<p>Nach erfolgreicher Zahlung erhalten Sie eine E-Mail mit der Best\u00e4tigung des Kaufs. Die von Ihnen gew\u00e4hlten Zahlen werden in Ihrem Konto sichtbar sein. Nat\u00fcrlich dauert der Kauf- und Scanvorgang eine Weile, aber 2 oder 3 Stunden sp\u00e4ter k\u00f6nnen Sie den gescannten Schein finden, nachdem Sie sich in Ihr Konto eingeloggt haben.<\/p>\n<p>Wie kann ich f\u00fcr meine Lottoscheine bezahlen?<\/p>\n<p>Wir haben verschiedene Zahlungsm\u00f6glichkeiten f\u00fcr Sie, darunter die Zahlung per Kreditkarte, Sofort\u00fcberweisung, verschiedene Kryptow\u00e4hrungen und mehr.<br \/>\nSie k\u00f6nnen auch zuerst Geld auf Ihr Spielerkonto einzahlen und dann Ihr neues Guthaben verwenden, um jederzeit Lose zu kaufen. Wenn Sie ein Guthaben haben, geht der Zahlungsvorgang viel schneller!<\/p>\n<p>Berechnen Sie eine Provision, wenn ich gewinne?<\/p>\n<p>Nein, das tun wir nicht. Alle Ihre Gewinne werden vollst\u00e4ndig ausgezahlt, ohne dass Geb\u00fchren anfallen, mit Ausnahme von Bank\u00fcberweisungsgeb\u00fchren in einigen F\u00e4llen.<\/p>\n<p>Wie erfahre ich, ob ich gewonnen habe?<\/p>\n<p>Zun\u00e4chst schicken wir Ihnen eine E-Mail, in der wir Sie \u00fcber Ihren Gewinn informieren. Au\u00dferdem k\u00f6nnen Sie sich jederzeit in Ihr Konto einloggen und im Bereich &#8222;Meine Lose&#8220; den Status Ihrer Lose \u00fcberpr\u00fcfen. Aktualisierungen mit den Gewinnzahlen f\u00fcr alle Lotterien finden Sie auf unserer Website.<\/p>\n<p>Wie werde ich im Falle eines Gewinns ausgezahlt?<\/p>\n<p>Wenn Sie einen Preis bis zu 2500 \u20ac gewinnen, wird dieser sofort auf Ihr Spielerkonto \u00fcberwiesen. Bei h\u00f6heren Gewinnen senden wir Ihnen per E-Mail ein Antragsformular zu. Sie m\u00fcssen sich ausweisen und einige grundlegende Informationen angeben, z. B. wie Sie ausgezahlt werden m\u00f6chten. Wir reichen dann Ihren Antrag bei der Lotteriegesellschaft ein. Die Lotteriegesellschaft wird Sie dann direkt auszahlen.<br \/>\nWenn Sie dies bevorzugen, k\u00f6nnen Sie Ihren Schein auch in einem unserer B\u00fcros abholen und ihn dann pers\u00f6nlich bei der Lotterie vorlegen.<\/p>\n<p>Ist Ihr Service wirklich legal?<\/p>\n<p>Ja, absolut. Es ist so, als ob Sie in dem Land, in dem die Lotterie stattfindet, Urlaub machen und selbst einen Schein kaufen. Wenn dieses Los gewinnt, haben Sie den gleichen Anspruch auf den Gewinn wie jeder andere auch.<\/p>\n<p>Woher wei\u00df ich, dass ein Lottoschein in meinem Namen gekauft wird?<\/p>\n<p>Sobald Sie Ihren Lottoschein bezahlt haben, erhalten Sie zun\u00e4chst eine Zahlungsbest\u00e4tigung. Wenig sp\u00e4ter k\u00f6nnen Sie den Scan Ihres Loses im Kundenbereich auf unserer Website sehen.<\/p>\n","protected":false},"excerpt":{"rendered":"<p>Online-Lotterie FAQ Hier finden Sie die Antworten auf die am h\u00e4ufigsten gestellten Fragen zur Funktionsweise des Online-Lotterieservices. Wie bekomme ich meine Lose? Dann kauft einer unserer Mitarbeiter vor Ort den Schein in Ihrem Namen und in Ihrem Auftrag. Anschlie\u00dfend wird der Schein gescannt und in Ihr Kundenkonto hochgeladen. Wir schicken Ihnen eine E-Mail, wenn Sie [&hellip;]<\/p>\n","protected":false},"author":1,"featured_media":0,"parent":0,"menu_order":50,"comment_status":"closed","ping_status":"closed","template":"","meta":{"_et_pb_use_builder":"","_et_pb_old_content":"","_et_gb_content_width":"","exclude_from_search":false,"footnotes":""},"class_list":["post-84438","page","type-page","status-publish","hentry"],"yoast_head":"<!-- This site is optimized with the Yoast SEO plugin v23.4 - https:\/\/yoast.com\/wordpress\/plugins\/seo\/ -->\n<title>Antworten auf die h\u00e4ufigsten Fragen zu unserem Online-Lotterieservice<\/title>\n<meta name=\"description\" content=\"M\u00f6chten Sie mehr dar\u00fcber erfahren, wie unser Online-Lottoschein-Boten-Service funktioniert? Hier finden Sie Antworten auf die am h\u00e4ufigsten gestellten Fragen\" \/>\n<meta name=\"robots\" content=\"index, follow, max-snippet:-1, max-image-preview:large, max-video-preview:-1\" \/>\n<link rel=\"canonical\" href=\"https:\/\/onlinelotto365.com\/de\/faq\/\" \/>\n<meta property=\"og:locale\" content=\"de_DE\" \/>\n<meta property=\"og:type\" content=\"article\" \/>\n<meta property=\"og:title\" content=\"Antworten auf die h\u00e4ufigsten Fragen zu unserem Online-Lotterieservice\" \/>\n<meta property=\"og:description\" content=\"M\u00f6chten Sie mehr dar\u00fcber erfahren, wie unser Online-Lottoschein-Boten-Service funktioniert? Hier finden Sie Antworten auf die am h\u00e4ufigsten gestellten Fragen\" \/>\n<meta property=\"og:url\" content=\"https:\/\/onlinelotto365.com\/de\/faq\/\" \/>\n<meta property=\"og:site_name\" content=\"OnlineLotto365\" \/>\n<meta name=\"twitter:card\" content=\"summary_large_image\" \/>\n<meta name=\"twitter:label1\" content=\"Gesch\u00e4tzte Lesezeit\" \/>\n\t<meta name=\"twitter:data1\" content=\"3\u00a0Minuten\" \/>\n<script type=\"application\/ld+json\" class=\"yoast-schema-graph\">{\"@context\":\"https:\/\/schema.org\",\"@graph\":[{\"@type\":\"WebPage\",\"@id\":\"https:\/\/onlinelotto365.com\/de\/faq\/\",\"url\":\"https:\/\/onlinelotto365.com\/de\/faq\/\",\"name\":\"Antworten auf die h\u00e4ufigsten Fragen zu unserem Online-Lotterieservice\",\"isPartOf\":{\"@id\":\"https:\/\/onlinelotto365.com\/de\/#website\"},\"datePublished\":\"2023-10-03T11:55:24+00:00\",\"dateModified\":\"2023-10-03T11:55:24+00:00\",\"description\":\"M\u00f6chten Sie mehr dar\u00fcber erfahren, wie unser Online-Lottoschein-Boten-Service funktioniert? Hier finden Sie Antworten auf die am h\u00e4ufigsten gestellten Fragen\",\"breadcrumb\":{\"@id\":\"https:\/\/onlinelotto365.com\/de\/faq\/#breadcrumb\"},\"inLanguage\":\"de\",\"potentialAction\":[{\"@type\":\"ReadAction\",\"target\":[\"https:\/\/onlinelotto365.com\/de\/faq\/\"]}]},{\"@type\":\"BreadcrumbList\",\"@id\":\"https:\/\/onlinelotto365.com\/de\/faq\/#breadcrumb\",\"itemListElement\":[{\"@type\":\"ListItem\",\"position\":1,\"name\":\"Home\",\"item\":\"https:\/\/onlinelotto365.com\/de\/\"},{\"@type\":\"ListItem\",\"position\":2,\"name\":\"FAQ\"}]},{\"@type\":\"WebSite\",\"@id\":\"https:\/\/onlinelotto365.com\/de\/#website\",\"url\":\"https:\/\/onlinelotto365.com\/de\/\",\"name\":\"OnlineLotto365\",\"description\":\"\",\"potentialAction\":[{\"@type\":\"SearchAction\",\"target\":{\"@type\":\"EntryPoint\",\"urlTemplate\":\"https:\/\/onlinelotto365.com\/de\/?s={search_term_string}\"},\"query-input\":{\"@type\":\"PropertyValueSpecification\",\"valueRequired\":true,\"valueName\":\"search_term_string\"}}],\"inLanguage\":\"de\"}]}<\/script>\n<!-- \/ Yoast SEO plugin. -->","yoast_head_json":{"title":"Antworten auf die h\u00e4ufigsten Fragen zu unserem Online-Lotterieservice","description":"M\u00f6chten Sie mehr dar\u00fcber erfahren, wie unser Online-Lottoschein-Boten-Service funktioniert? Hier finden Sie Antworten auf die am h\u00e4ufigsten gestellten Fragen","robots":{"index":"index","follow":"follow","max-snippet":"max-snippet:-1","max-image-preview":"max-image-preview:large","max-video-preview":"max-video-preview:-1"},"canonical":"https:\/\/onlinelotto365.com\/de\/faq\/","og_locale":"de_DE","og_type":"article","og_title":"Antworten auf die h\u00e4ufigsten Fragen zu unserem Online-Lotterieservice","og_description":"M\u00f6chten Sie mehr dar\u00fcber erfahren, wie unser Online-Lottoschein-Boten-Service funktioniert? Hier finden Sie Antworten auf die am h\u00e4ufigsten gestellten Fragen","og_url":"https:\/\/onlinelotto365.com\/de\/faq\/","og_site_name":"OnlineLotto365","twitter_card":"summary_large_image","twitter_misc":{"Gesch\u00e4tzte Lesezeit":"3\u00a0Minuten"},"schema":{"@context":"https:\/\/schema.org","@graph":[{"@type":"WebPage","@id":"https:\/\/onlinelotto365.com\/de\/faq\/","url":"https:\/\/onlinelotto365.com\/de\/faq\/","name":"Antworten auf die h\u00e4ufigsten Fragen zu unserem Online-Lotterieservice","isPartOf":{"@id":"https:\/\/onlinelotto365.com\/de\/#website"},"datePublished":"2023-10-03T11:55:24+00:00","dateModified":"2023-10-03T11:55:24+00:00","description":"M\u00f6chten Sie mehr dar\u00fcber erfahren, wie unser Online-Lottoschein-Boten-Service funktioniert? Hier finden Sie Antworten auf die am h\u00e4ufigsten gestellten Fragen","breadcrumb":{"@id":"https:\/\/onlinelotto365.com\/de\/faq\/#breadcrumb"},"inLanguage":"de","potentialAction":[{"@type":"ReadAction","target":["https:\/\/onlinelotto365.com\/de\/faq\/"]}]},{"@type":"BreadcrumbList","@id":"https:\/\/onlinelotto365.com\/de\/faq\/#breadcrumb","itemListElement":[{"@type":"ListItem","position":1,"name":"Home","item":"https:\/\/onlinelotto365.com\/de\/"},{"@type":"ListItem","position":2,"name":"FAQ"}]},{"@type":"WebSite","@id":"https:\/\/onlinelotto365.com\/de\/#website","url":"https:\/\/onlinelotto365.com\/de\/","name":"OnlineLotto365","description":"","potentialAction":[{"@type":"SearchAction","target":{"@type":"EntryPoint","urlTemplate":"https:\/\/onlinelotto365.com\/de\/?s={search_term_string}"},"query-input":{"@type":"PropertyValueSpecification","valueRequired":true,"valueName":"search_term_string"}}],"inLanguage":"de"}]}},"_links":{"self":[{"href":"https:\/\/onlinelotto365.com\/de\/wp-json\/wp\/v2\/pages\/84438","targetHints":{"allow":["GET"]}}],"collection":[{"href":"https:\/\/onlinelotto365.com\/de\/wp-json\/wp\/v2\/pages"}],"about":[{"href":"https:\/\/onlinelotto365.com\/de\/wp-json\/wp\/v2\/types\/page"}],"author":[{"embeddable":true,"href":"https:\/\/onlinelotto365.com\/de\/wp-json\/wp\/v2\/users\/1"}],"replies":[{"embeddable":true,"href":"https:\/\/onlinelotto365.com\/de\/wp-json\/wp\/v2\/comments?post=84438"}],"version-history":[{"count":0,"href":"https:\/\/onlinelotto365.com\/de\/wp-json\/wp\/v2\/pages\/84438\/revisions"}],"wp:attachment":[{"href":"https:\/\/onlinelotto365.com\/de\/wp-json\/wp\/v2\/media?parent=84438"}],"curies":[{"name":"wp","href":"https:\/\/api.w.org\/{rel}","templated":true}]}}