{"id":10606,"date":"2020-12-17T18:36:10","date_gmt":"2020-12-17T17:36:10","guid":{"rendered":"http:\/\/onlinelotto365.net\/?page_id=10606"},"modified":"2021-01-05T12:53:17","modified_gmt":"2021-01-05T11:53:17","slug":"powerball","status":"publish","type":"page","link":"https:\/\/onlinelotto365.com\/es\/jugar\/powerball\/","title":{"rendered":"\u00bfC\u00f3mo pueden los residentes de M\u00e9xico jugar al Powerball en l\u00ednea?"},"content":{"rendered":"<p>En realidad, es <strong> bastante sencillo jugar al Powerball en l\u00ednea <\/strong>, incluso si est\u00e1s en M\u00e9xico. Y tambi\u00e9n es bastante conveniente.<\/p>\n<p>Aseg\u00farese de elegir la loter\u00eda correcta, a saber, Powerball. Luego, selecciona sus n\u00fameros. Si intenta elegir demasiados n\u00fameros o no ha seleccionado suficientes n\u00fameros, el sistema le pedir\u00e1 que elija menos o m\u00e1s n\u00fameros.<\/p>\n<p>Tambi\u00e9n hay un m\u00e9todo que a muchos jugadores les gusta usar: la funci\u00f3n de selecci\u00f3n r\u00e1pida. Todo lo que tienes que hacer es hacer clic en el bot\u00f3n de selecci\u00f3n r\u00e1pida y el sitio seleccionar\u00e1 algunos n\u00fameros al azar. A\u00fan puede editar manualmente esos n\u00fameros si no le gustan. O puede usar algunos de sus n\u00fameros favoritos manualmente y dejar que el generador de n\u00fameros aleatorios elija el resto por usted.<\/p>\n<p>Una vez que haya terminado de elegir los n\u00fameros de Powerball, puede <strong> seleccionar otra loter\u00eda, jugar m\u00e1s boletos de loter\u00eda <\/strong> y agregarlos a su pedido. Una vez que haya terminado, haga clic para verificar y pagar sus boletos de manera segura. En este momento, deber\u00e1 crear una cuenta con nosotros. Por supuesto, tambi\u00e9n puede crear su cuenta primero y luego comenzar el proceso de <a href=\"https:\/\/onlinelotto365.com\/es\/compra-boletos\"> solicitar sus boletos. <\/a><\/p>\n<p><a href=\"https:\/\/redfoxlotto.com\/es\/jugar\/powerball\/?ref=a8564250a2&amp;medium=ol365\" target=\"_blank\" rel=\"noopener noreferrer\"> <img loading=\"lazy\" decoding=\"async\" class=\"aligncenter\" src=\"https:\/\/redfoxlotto.com\/image?size=8&amp;lottery=powerball\" alt=\"powerball\" width=\"793\" height=\"98\" \/> <\/a><\/p>\n<p>Una vez que haya creado su cuenta, debe verificar su registro en nuestro sitio. Le enviaremos un correo electr\u00f3nico de verificaci\u00f3n con un enlace en el que debe hacer clic para verificar su direcci\u00f3n de correo electr\u00f3nico. Aseg\u00farese de revisar su carpeta de correo no deseado. Ser\u00eda aconsejable marcar nuestra direcci\u00f3n de correo electr\u00f3nico como un remitente de confianza. Esto asegura que los mensajes importantes, como las notificaciones de ganancias, le lleguen. Esa es una de las ventajas de jugar Powerball en l\u00ednea: nunca se perder\u00e1 una victoria porque siempre se lo notificaremos.<\/p>\n<p>Lo cuidaremos en cada paso del camino, donde todo lo que tiene que hacer es configurar una cuenta gratuita, hacer sus selecciones, elegir una de sus numerosas opciones de pago convenientes, y nosotros haremos el resto.<br \/>\n<strong> Esto realmente ha llevado la loter\u00eda al siglo XXI, <\/strong> y esto es lo m\u00e1s importante que le ha sucedido a las loter\u00edas desde que los boletos salieron a la venta. Si no est\u00e1 aprovechando este servicio, realmente se est\u00e1 perdiendo toda la gran acci\u00f3n de loter\u00eda que le espera.<\/p>\n<h2>Acerca de Powerball<\/h2>\n<ul>\n<li>Pa\u00eds: EE. UU.<\/li>\n<li>Rango de n\u00fameros principales: 69<\/li>\n<li>Elige: 5<\/li>\n<li>Intervalo de n\u00fameros adicionales: 26<\/li>\n<li>Elige: 1<\/li>\n<li>D\u00edas de sorteo, horario: mi\u00e9rcoles, s\u00e1bado, 21:00 EST, +1 d\u00eda 3:00 CET<\/li>\n<li>Premio mayor m\u00ednimo: $ 40 millones<\/li>\n<li>Jackpot limitado al m\u00e1ximo: ninguno<\/li>\n<li>Probabilidad de ganar el premio mayor: 1 en 175.223.510<\/li>\n<li>Probabilidad de una victoria de nivel 2: 1 en 5.006.386<\/li>\n<li>Probabilidad de ganar en cualquier nivel: 1 en 24,87<\/li>\n<li>N\u00famero de niveles de premios: 9<\/li>\n<\/ul>\n<p>El Powerball Lotto es ofrecido por minoristas de loter\u00eda en 41 estados diferentes de los Estados Unidos. Con una base de poblaci\u00f3n tan grande para aprovechar y considerando <a href=\"https:\/\/onlinelotto365.com\/es\/news\/consiga-billetes-loteria-de-ee-uu-en-linea\"> cu\u00e1n populares son las loter\u00edas en los EE. UU. <\/a>, no es de extra\u00f1ar por qu\u00e9 esta loter\u00eda es tan grande, con premios tan grandes. Esta loter\u00eda es tan grande que el segundo premio es de un mill\u00f3n de d\u00f3lares, y muchas personas suelen ganarlo en cada sorteo, que se realiza dos veces por semana. Sin embargo, ganar un mill\u00f3n de d\u00f3lares no es la raz\u00f3n por la que la mayor\u00eda de la gente lo juega, ya que tienen sue\u00f1os que son mucho m\u00e1s grandes que eso.<\/p>\n<h2>Mejores caracter\u00edsticas de Powerball<\/h2>\n<p>Sin embargo, no importa cu\u00e1n grandes sean sus sue\u00f1os, el Powerball Lotto tiene el poder de satisfacerlos a todos, y m\u00e1s. Con <strong> botes regularmente en los cientos de millones de d\u00f3lares <\/strong>, esto es definitivamente lo que llamar\u00eda una gigantesca cantidad de dinero para ganar.<\/p>\n<p>Powerball Lotto hist\u00f3ricamente comenz\u00f3 con $ 20 millones, y aunque este es definitivamente un gran cambio, recientemente han aumentado el m\u00ednimo a $ 40 millones a\u00fan m\u00e1s emocionantes. Entonces, incluso antes de que las cosas se acumulen a n\u00fameros locos, como suele ser el caso de esta mega loter\u00eda, el premio mayor m\u00e1s bajo posible ya es el tipo para el que queremos alinearnos.<\/p>\n<p>Cada vez que no hay un ganador del premio mayor, el premio mayor crece, a menudo a cien millones, doscientos millones e incluso trescientos millones en ocasiones. Creo que la mayor\u00eda de nosotros estar\u00eda de acuerdo en que incluso un m\u00ednimo de 40 millones de d\u00f3lares ser\u00eda suficiente para que vivi\u00e9ramos todas nuestras fantas\u00edas, pero cuando se trata de loter\u00edas, cuanto m\u00e1s grande, mejor. Entonces, si eres como la mayor\u00eda de las personas y amas m\u00e1s, este es definitivamente para ti.<\/p>\n<h2>\u00bfQu\u00e9 m\u00e1s necesitas saber sobre jugar Powe?rball en l\u00ednea<\/h2>\n<p>Powerball ofrece a los ganadores del premio mayor dos formas de recibir sus ganancias. Puede <strong> aceptar un pago \u00fanico ahora <\/strong> o puede obtener mucho m\u00e1s dinero <strong> recibi\u00e9ndolo en 30 cuotas anuales. <\/strong> Cada cuota est\u00e1 graduada para ajustarse a la inflaci\u00f3n. , lo que significa que su enorme pago en el a\u00f1o 1 seguir\u00e1 manteniendo su valor en los pr\u00f3ximos a\u00f1os.<\/p>\n<p>Si gana, tendr\u00e1 que decidir con qu\u00e9 tipo de pago desea ir, pero una cosa es segura: esta ser\u00e1, con mucho, la decisi\u00f3n m\u00e1s agradable que tomar\u00e1 en su vida. Te dan 60 d\u00edas para elegir, lo que te dar\u00e1 mucho tiempo para obtener el mejor asesoramiento profesional, as\u00ed como para pensar y so\u00f1ar mucho sobre lo que har\u00e1s con todo este dinero.<\/p>\n<h2>C\u00f3mo comprobar los resultados de Powerball<\/h2>\n<p>Hay varias <a href=\"https:\/\/onlinelotto365.com\/es\/jugar\/powerball\"> formas de verificar los n\u00fameros ganadores y los resultados de Powerball <\/a> de M\u00e9xico. Pero si ha jugado al Powerball en l\u00ednea, la forma m\u00e1s f\u00e1cil es regresar donde compr\u00f3 su boleto. En su cuenta, podr\u00e1 comparar sus n\u00fameros con los n\u00fameros del \u00faltimo sorteo. Tambi\u00e9n recibir\u00e1 un mensaje de correo electr\u00f3nico cada vez que una de sus entradas haya ganado algo.<\/p>\n<h2>Jugaste al Powerball en l\u00ednea y ganaste, \u00bfqu\u00e9 pasa despu\u00e9s?<\/h2>\n<p><strong> Nuestro servicio incluye gestionar los pagos por usted <\/strong>. No tiene que preocuparse por que le paguen. Y no cobramos ninguna comisi\u00f3n sobre sus ganancias.<\/p>\n<p>El procedimiento depende de cu\u00e1nto gan\u00f3. Si gan\u00f3 una cantidad de 2500 \u20ac o menos, la acreditar\u00e1 en su cuenta con nosotros. Puede retirarlo o dejarlo en su cuenta y usarlo para jugar m\u00e1s boletos de loter\u00eda en l\u00ednea.<\/p>\n<p>Si gana una cantidad mayor, le enviaremos un formulario de reclamaci\u00f3n por correo electr\u00f3nico. Luego, debe completar cierta informaci\u00f3n personal, incluido c\u00f3mo le gustar\u00eda que le pagaran. Hay dos opciones: transferencia bancaria o cheque. Enviaremos el formulario de reclamo a la comisi\u00f3n de loter\u00eda y ellos le pagar\u00e1n de acuerdo con sus instrucciones.<\/p>\n","protected":false},"excerpt":{"rendered":"<p>En realidad, es bastante sencillo jugar al Powerball en l\u00ednea , incluso si est\u00e1s en M\u00e9xico. Y tambi\u00e9n es bastante conveniente. Aseg\u00farese de elegir la loter\u00eda correcta, a saber, Powerball. Luego, selecciona sus n\u00fameros. Si intenta elegir demasiados n\u00fameros o no ha seleccionado suficientes n\u00fameros, el sistema le pedir\u00e1 que elija menos o m\u00e1s n\u00fameros. [&hellip;]<\/p>\n","protected":false},"author":1,"featured_media":0,"parent":5037,"menu_order":1,"comment_status":"closed","ping_status":"closed","template":"powerball-usa.php","meta":{"_et_pb_use_builder":"","_et_pb_old_content":"","_et_gb_content_width":"","exclude_from_search":false,"footnotes":""},"class_list":["post-10606","page","type-page","status-publish","hentry"],"yoast_head":"<!-- This site is optimized with the Yoast SEO plugin v23.4 - https:\/\/yoast.com\/wordpress\/plugins\/seo\/ -->\n<title>Jugar Powerball online desde M\u00e9xico | \u00bfPuedo ganar Powerball desde M\u00e9xico?<\/title>\n<meta name=\"description\" content=\"Juega a la loter\u00eda Powerball aqu\u00ed - la mayor loter\u00eda de los EE.UU., disponible en l\u00ednea desde M\u00e9xico y cualquier otro pa\u00eds\" \/>\n<meta name=\"robots\" content=\"index, follow, max-snippet:-1, max-image-preview:large, max-video-preview:-1\" \/>\n<link rel=\"canonical\" href=\"https:\/\/onlinelotto365.com\/es\/jugar\/powerball\/\" \/>\n<meta property=\"og:locale\" content=\"es_ES\" \/>\n<meta property=\"og:type\" content=\"article\" \/>\n<meta property=\"og:title\" content=\"Jugar Powerball online desde M\u00e9xico | \u00bfPuedo ganar Powerball desde M\u00e9xico?\" \/>\n<meta property=\"og:description\" content=\"Juega a la loter\u00eda Powerball aqu\u00ed - la mayor loter\u00eda de los EE.UU., disponible en l\u00ednea desde M\u00e9xico y cualquier otro pa\u00eds\" \/>\n<meta property=\"og:url\" content=\"https:\/\/onlinelotto365.com\/es\/jugar\/powerball\/\" \/>\n<meta property=\"og:site_name\" content=\"OnlineLotto365\" \/>\n<meta property=\"article:modified_time\" content=\"2021-01-05T11:53:17+00:00\" \/>\n<meta property=\"og:image\" content=\"https:\/\/redfoxlotto.com\/image?size=8&amp;lottery=powerball\" \/>\n<meta name=\"twitter:card\" content=\"summary_large_image\" \/>\n<meta name=\"twitter:label1\" content=\"Tiempo de lectura\" \/>\n\t<meta name=\"twitter:data1\" content=\"6 minutos\" \/>\n<script type=\"application\/ld+json\" class=\"yoast-schema-graph\">{\"@context\":\"https:\/\/schema.org\",\"@graph\":[{\"@type\":\"WebPage\",\"@id\":\"https:\/\/onlinelotto365.com\/es\/jugar\/powerball\/\",\"url\":\"https:\/\/onlinelotto365.com\/es\/jugar\/powerball\/\",\"name\":\"Jugar Powerball online desde M\u00e9xico | \u00bfPuedo ganar Powerball desde M\u00e9xico?\",\"isPartOf\":{\"@id\":\"https:\/\/onlinelotto365.com\/es\/#website\"},\"primaryImageOfPage\":{\"@id\":\"https:\/\/onlinelotto365.com\/es\/jugar\/powerball\/#primaryimage\"},\"image\":{\"@id\":\"https:\/\/onlinelotto365.com\/es\/jugar\/powerball\/#primaryimage\"},\"thumbnailUrl\":\"https:\/\/redfoxlotto.com\/image?size=8&amp;lottery=powerball\",\"datePublished\":\"2020-12-17T17:36:10+00:00\",\"dateModified\":\"2021-01-05T11:53:17+00:00\",\"description\":\"Juega a la loter\u00eda Powerball aqu\u00ed - la mayor loter\u00eda de los EE.UU., disponible en l\u00ednea desde M\u00e9xico y cualquier otro pa\u00eds\",\"breadcrumb\":{\"@id\":\"https:\/\/onlinelotto365.com\/es\/jugar\/powerball\/#breadcrumb\"},\"inLanguage\":\"es\",\"potentialAction\":[{\"@type\":\"ReadAction\",\"target\":[\"https:\/\/onlinelotto365.com\/es\/jugar\/powerball\/\"]}]},{\"@type\":\"ImageObject\",\"inLanguage\":\"es\",\"@id\":\"https:\/\/onlinelotto365.com\/es\/jugar\/powerball\/#primaryimage\",\"url\":\"https:\/\/redfoxlotto.com\/image?size=8&amp;lottery=powerball\",\"contentUrl\":\"https:\/\/redfoxlotto.com\/image?size=8&amp;lottery=powerball\"},{\"@type\":\"BreadcrumbList\",\"@id\":\"https:\/\/onlinelotto365.com\/es\/jugar\/powerball\/#breadcrumb\",\"itemListElement\":[{\"@type\":\"ListItem\",\"position\":1,\"name\":\"Home\",\"item\":\"https:\/\/onlinelotto365.com\/es\/\"},{\"@type\":\"ListItem\",\"position\":2,\"name\":\"Todo lo que tienes que saber sobre tus opciones para jugar a las mejores loter\u00edas en l\u00ednea\",\"item\":\"https:\/\/onlinelotto365.com\/es\/jugar\/\"},{\"@type\":\"ListItem\",\"position\":3,\"name\":\"\u00bfC\u00f3mo pueden los residentes de M\u00e9xico jugar al Powerball en l\u00ednea?\"}]},{\"@type\":\"WebSite\",\"@id\":\"https:\/\/onlinelotto365.com\/es\/#website\",\"url\":\"https:\/\/onlinelotto365.com\/es\/\",\"name\":\"OnlineLotto365\",\"description\":\"\",\"potentialAction\":[{\"@type\":\"SearchAction\",\"target\":{\"@type\":\"EntryPoint\",\"urlTemplate\":\"https:\/\/onlinelotto365.com\/es\/?s={search_term_string}\"},\"query-input\":{\"@type\":\"PropertyValueSpecification\",\"valueRequired\":true,\"valueName\":\"search_term_string\"}}],\"inLanguage\":\"es\"}]}<\/script>\n<!-- \/ Yoast SEO plugin. -->","yoast_head_json":{"title":"Jugar Powerball online desde M\u00e9xico | \u00bfPuedo ganar Powerball desde M\u00e9xico?","description":"Juega a la loter\u00eda Powerball aqu\u00ed - la mayor loter\u00eda de los EE.UU., disponible en l\u00ednea desde M\u00e9xico y cualquier otro pa\u00eds","robots":{"index":"index","follow":"follow","max-snippet":"max-snippet:-1","max-image-preview":"max-image-preview:large","max-video-preview":"max-video-preview:-1"},"canonical":"https:\/\/onlinelotto365.com\/es\/jugar\/powerball\/","og_locale":"es_ES","og_type":"article","og_title":"Jugar Powerball online desde M\u00e9xico | \u00bfPuedo ganar Powerball desde M\u00e9xico?","og_description":"Juega a la loter\u00eda Powerball aqu\u00ed - la mayor loter\u00eda de los EE.UU., disponible en l\u00ednea desde M\u00e9xico y cualquier otro pa\u00eds","og_url":"https:\/\/onlinelotto365.com\/es\/jugar\/powerball\/","og_site_name":"OnlineLotto365","article_modified_time":"2021-01-05T11:53:17+00:00","og_image":[{"url":"https:\/\/redfoxlotto.com\/image?size=8&amp;lottery=powerball"}],"twitter_card":"summary_large_image","twitter_misc":{"Tiempo de lectura":"6 minutos"},"schema":{"@context":"https:\/\/schema.org","@graph":[{"@type":"WebPage","@id":"https:\/\/onlinelotto365.com\/es\/jugar\/powerball\/","url":"https:\/\/onlinelotto365.com\/es\/jugar\/powerball\/","name":"Jugar Powerball online desde M\u00e9xico | \u00bfPuedo ganar Powerball desde M\u00e9xico?","isPartOf":{"@id":"https:\/\/onlinelotto365.com\/es\/#website"},"primaryImageOfPage":{"@id":"https:\/\/onlinelotto365.com\/es\/jugar\/powerball\/#primaryimage"},"image":{"@id":"https:\/\/onlinelotto365.com\/es\/jugar\/powerball\/#primaryimage"},"thumbnailUrl":"https:\/\/redfoxlotto.com\/image?size=8&amp;lottery=powerball","datePublished":"2020-12-17T17:36:10+00:00","dateModified":"2021-01-05T11:53:17+00:00","description":"Juega a la loter\u00eda Powerball aqu\u00ed - la mayor loter\u00eda de los EE.UU., disponible en l\u00ednea desde M\u00e9xico y cualquier otro pa\u00eds","breadcrumb":{"@id":"https:\/\/onlinelotto365.com\/es\/jugar\/powerball\/#breadcrumb"},"inLanguage":"es","potentialAction":[{"@type":"ReadAction","target":["https:\/\/onlinelotto365.com\/es\/jugar\/powerball\/"]}]},{"@type":"ImageObject","inLanguage":"es","@id":"https:\/\/onlinelotto365.com\/es\/jugar\/powerball\/#primaryimage","url":"https:\/\/redfoxlotto.com\/image?size=8&amp;lottery=powerball","contentUrl":"https:\/\/redfoxlotto.com\/image?size=8&amp;lottery=powerball"},{"@type":"BreadcrumbList","@id":"https:\/\/onlinelotto365.com\/es\/jugar\/powerball\/#breadcrumb","itemListElement":[{"@type":"ListItem","position":1,"name":"Home","item":"https:\/\/onlinelotto365.com\/es\/"},{"@type":"ListItem","position":2,"name":"Todo lo que tienes que saber sobre tus opciones para jugar a las mejores loter\u00edas en l\u00ednea","item":"https:\/\/onlinelotto365.com\/es\/jugar\/"},{"@type":"ListItem","position":3,"name":"\u00bfC\u00f3mo pueden los residentes de M\u00e9xico jugar al Powerball en l\u00ednea?"}]},{"@type":"WebSite","@id":"https:\/\/onlinelotto365.com\/es\/#website","url":"https:\/\/onlinelotto365.com\/es\/","name":"OnlineLotto365","description":"","potentialAction":[{"@type":"SearchAction","target":{"@type":"EntryPoint","urlTemplate":"https:\/\/onlinelotto365.com\/es\/?s={search_term_string}"},"query-input":{"@type":"PropertyValueSpecification","valueRequired":true,"valueName":"search_term_string"}}],"inLanguage":"es"}]}},"_links":{"self":[{"href":"https:\/\/onlinelotto365.com\/es\/wp-json\/wp\/v2\/pages\/10606","targetHints":{"allow":["GET"]}}],"collection":[{"href":"https:\/\/onlinelotto365.com\/es\/wp-json\/wp\/v2\/pages"}],"about":[{"href":"https:\/\/onlinelotto365.com\/es\/wp-json\/wp\/v2\/types\/page"}],"author":[{"embeddable":true,"href":"https:\/\/onlinelotto365.com\/es\/wp-json\/wp\/v2\/users\/1"}],"replies":[{"embeddable":true,"href":"https:\/\/onlinelotto365.com\/es\/wp-json\/wp\/v2\/comments?post=10606"}],"version-history":[{"count":0,"href":"https:\/\/onlinelotto365.com\/es\/wp-json\/wp\/v2\/pages\/10606\/revisions"}],"up":[{"embeddable":true,"href":"https:\/\/onlinelotto365.com\/es\/wp-json\/wp\/v2\/pages\/5037"}],"wp:attachment":[{"href":"https:\/\/onlinelotto365.com\/es\/wp-json\/wp\/v2\/media?parent=10606"}],"curies":[{"name":"wp","href":"https:\/\/api.w.org\/{rel}","templated":true}]}}