{"id":10608,"date":"2020-12-17T19:14:48","date_gmt":"2020-12-17T18:14:48","guid":{"rendered":"http:\/\/onlinelotto365.net\/?page_id=10608"},"modified":"2021-01-05T12:53:36","modified_gmt":"2021-01-05T11:53:36","slug":"mega-millions","status":"publish","type":"page","link":"https:\/\/onlinelotto365.com\/es\/jugar\/mega-millions\/","title":{"rendered":"Mega Millions en l\u00ednea"},"content":{"rendered":"<h2>Acerca de Mega Millions<\/h2>\n<p>Esta es probablemente la loter\u00eda m\u00e1s famosa del mundo. Brindar a los entusiastas de la loter\u00eda la oportunidad de jugar Mega Millions en l\u00ednea ayuda a los jugadores a hacer realidad un sue\u00f1o. Si vives en M\u00e9xico, a\u00fan puedes jugar Mega Millions con un boleto en l\u00ednea. Nuestro servicio es perfectamente legal y te damos la oportunidad de participar en esta mega loter\u00eda de EE. UU.<\/p>\n<p><a href=\"https:\/\/redfoxlotto.com\/es\/jugar\/mega-millions\/?ref=a8564250a2&amp;medium=ol365\" target=\"_blank\" rel=\"noopener noreferrer\"> <img decoding=\"async\" class=\"aligncenter\" src=\" https:\/\/redfoxlotto.com\/image?size=8&amp;lottery=mega-millions \" alt=\" megamillones \" \/> <\/a><\/p>\n<ul>\n<li>Pa\u00eds: Estados Unidos<\/li>\n<li>Rango de n\u00fameros principales: 70<\/li>\n<li>Debe seleccionar: 5<\/li>\n<li>Intervalo de n\u00fameros adicionales: 25<\/li>\n<li>Debe seleccionar: 1<\/li>\n<li>D\u00edas y horarios de los sorteos: martes, viernes, 21:00 EST &#8211; +1 d\u00eda 3:00 CET<\/li>\n<li>El premio mayor comienza en: $ 40 millones<\/li>\n<li>El premio mayor tiene un l\u00edmite de: ninguno<\/li>\n<li>Posibilidad de ganar el premio mayor: 1 en 175711536<\/li>\n<li>Posibilidad de ganar el segundo premio: 1 en 3819816<\/li>\n<li>Posibilidad de ganar cualquier premio: 1 en 24,12<\/li>\n<li>N\u00famero de categor\u00edas de premios: 9<\/li>\n<\/ul>\n<h2>Las mejores caracter\u00edsticas de Mega Millions<\/h2>\n<p>La principal atracci\u00f3n de Mega Millions es, por supuesto, el tama\u00f1o de los botes. El premio mayor de Mega Millions nunca puede ser inferior a $ 40 millones. Cada vez que alguien gana el premio mayor, comienza de nuevo a partir de esta cantidad m\u00ednima de $ 40 millones. Con dos sorteos por semana, el premio mayor de Mega Millions crece bastante r\u00e1pido. En los EE. UU., Millones de personas juegan Mega Millions semana tras semana, y muchas personas de otros pa\u00edses como M\u00e9xico tambi\u00e9n juegan Mega Millions en l\u00ednea.<\/p>\n<p>Por lo tanto, es normal que el premio mayor de Mega Millions aumente en $ 10 millones despu\u00e9s de cada sorteo (a menos que alguien gane el premio mayor). Eso hace alrededor de $ 20 millones por semana, ya que hay dos sorteos por semana.<\/p>\n<p>Y una vez que el premio mayor supera los $ 100 millones, se venden a\u00fan m\u00e1s boletos tanto en las tiendas de loter\u00eda como a los jugadores en l\u00ednea. En muchas ocasiones, el premio mayor ha alcanzado montos de $ 400 millones y m\u00e1s. Y a partir de ese momento, es normal un crecimiento semanal de $ 100 millones, debido a la explosi\u00f3n de la venta de entradas. El premio mayor r\u00e9cord actual es de $ 1500 millones (\u00a1s\u00ed, $ 1,5 mil millones!).<\/p>\n<h2>C\u00f3mo comprobar los resultados de Mega Millions<\/h2>\n<p>Si vive en M\u00e9xico o en cualquier otro pa\u00eds fuera de los EE. UU., Lo m\u00e1s probable es que no pueda obtener el <a href=\"https:\/\/onlinelotto365.com\/es\/numeros-ganadores\"> n\u00fameros ganadores <\/a> de sus canales de radio o televisi\u00f3n locales. Puede visitar el sitio web oficial de Mega Millions, pero hay una soluci\u00f3n mucho m\u00e1s sencilla para usted. Regrese a nuestro sitio web y eche un vistazo a nuestra p\u00e1gina de resultados. Publicamos los resultados de todas las loter\u00edas aqu\u00ed. Los n\u00fameros ganadores se mostrar\u00e1n minutos despu\u00e9s de que se hayan realizado los sorteos.<\/p>\n<p>Tambi\u00e9n le enviaremos un correo electr\u00f3nico con una notificaci\u00f3n de la ganancia, si jug\u00f3 en l\u00ednea y tiene un boleto para Mega Millions en su cuenta.<\/p>\n<p>Adem\u00e1s, puede verificar los resultados de su loter\u00eda personal en su cuenta de jugador. Una vez que jug\u00f3 Mega Millions en l\u00ednea en nuestro sitio web, el boleto o boletos que jug\u00f3 se almacenan en su cuenta. Y despu\u00e9s del sorteo, puede volver all\u00ed e inmediatamente <a href=\"https:\/\/onlinelotto365.com\/es\/numeros-ganadores\/mega-millions\"> comparar su boleto de Mega Millions con los \u00faltimos n\u00fameros ganadores <\/a>.<\/p>\n<h2>Jugaste Mega Millions en l\u00ednea y ganaste. \u00bfQu\u00e9 pasa despu\u00e9s?<\/h2>\n<p>Si gan\u00f3 un premio mayor, debe enviar un mensaje a nuestro equipo de soporte, aunque probablemente ya le hayan enviado un mensaje con instrucciones sobre c\u00f3mo proceder. A continuaci\u00f3n, deber\u00e1 completar un formulario proporcionado por nosotros. Nuestro equipo de servicio enviar\u00e1 su formulario a la comisi\u00f3n de loter\u00eda. El formulario tambi\u00e9n tendr\u00e1 informaci\u00f3n sobre su cuenta bancaria o su direcci\u00f3n f\u00edsica en M\u00e9xico (o donde viva), y sus deseos en cuanto al m\u00e9todo de pago tambi\u00e9n los define en ese formulario. En unos d\u00edas, recibir\u00e1 su dinero de la forma que seleccion\u00f3 para el pago.<\/p>\n<p>Y si gana una cantidad menor de dinero (de hasta 2500 \u20ac, para ser exactos), el pago ser\u00e1 a\u00fan m\u00e1s r\u00e1pido. Este tipo de ganancia se depositar\u00e1 en su cuenta de jugador de inmediato, solo verifique el saldo de su jugador. Luego, puede decidir si desea dejar los fondos all\u00ed y usarlos para <a href=\"https:\/\/onlinelotto365.com\/es\/jugar\"> seguir jugando m\u00e1s loter\u00edas <\/a> (o Mega Millions) en l\u00ednea, o puede iniciar un retiro. Para este retiro, puede utilizar cualquier m\u00e9todo que se haya utilizado anteriormente para jugar en l\u00ednea. Debido a las regulaciones sobre lavado de dinero, necesitaremos alg\u00fan tipo de identificaci\u00f3n para verificar sus datos personales. Nuestro soporte le explicar\u00e1 lo que necesitamos para este proceso de verificaci\u00f3n. Una vez que tengamosesos documentos, solo tomar\u00e1 uno o dos d\u00edas procesar el retiro y enviarle el dinero.<\/p>\n","protected":false},"excerpt":{"rendered":"<p>Acerca de Mega Millions Esta es probablemente la loter\u00eda m\u00e1s famosa del mundo. Brindar a los entusiastas de la loter\u00eda la oportunidad de jugar Mega Millions en l\u00ednea ayuda a los jugadores a hacer realidad un sue\u00f1o. Si vives en M\u00e9xico, a\u00fan puedes jugar Mega Millions con un boleto en l\u00ednea. Nuestro servicio es perfectamente [&hellip;]<\/p>\n","protected":false},"author":1,"featured_media":0,"parent":5037,"menu_order":2,"comment_status":"closed","ping_status":"closed","template":"megamillion.php","meta":{"_et_pb_use_builder":"","_et_pb_old_content":"","_et_gb_content_width":"","exclude_from_search":false,"footnotes":""},"class_list":["post-10608","page","type-page","status-publish","hentry"],"yoast_head":"<!-- This site is optimized with the Yoast SEO plugin v23.4 - https:\/\/yoast.com\/wordpress\/plugins\/seo\/ -->\n<title>Juega a Mega Millions USA en l\u00ednea | C\u00f3mo pueden participar legalmente los residentes de M\u00e9xico en Mega Millions<\/title>\n<meta name=\"description\" content=\"Ahora usted puede jugar Mega Millions tambi\u00e9n - nuestro servicio en l\u00ednea le permite obtener entradas para Mega Millions desde M\u00e9xico\" \/>\n<meta name=\"robots\" content=\"index, follow, max-snippet:-1, max-image-preview:large, max-video-preview:-1\" \/>\n<link rel=\"canonical\" href=\"https:\/\/onlinelotto365.com\/es\/jugar\/mega-millions\/\" \/>\n<meta property=\"og:locale\" content=\"es_ES\" \/>\n<meta property=\"og:type\" content=\"article\" \/>\n<meta property=\"og:title\" content=\"Juega a Mega Millions USA en l\u00ednea | C\u00f3mo pueden participar legalmente los residentes de M\u00e9xico en Mega Millions\" \/>\n<meta property=\"og:description\" content=\"Ahora usted puede jugar Mega Millions tambi\u00e9n - nuestro servicio en l\u00ednea le permite obtener entradas para Mega Millions desde M\u00e9xico\" \/>\n<meta property=\"og:url\" content=\"https:\/\/onlinelotto365.com\/es\/jugar\/mega-millions\/\" \/>\n<meta property=\"og:site_name\" content=\"OnlineLotto365\" \/>\n<meta property=\"article:modified_time\" content=\"2021-01-05T11:53:36+00:00\" \/>\n<meta name=\"twitter:card\" content=\"summary_large_image\" \/>\n<meta name=\"twitter:label1\" content=\"Tiempo de lectura\" \/>\n\t<meta name=\"twitter:data1\" content=\"4 minutos\" \/>\n<script type=\"application\/ld+json\" class=\"yoast-schema-graph\">{\"@context\":\"https:\/\/schema.org\",\"@graph\":[{\"@type\":\"WebPage\",\"@id\":\"https:\/\/onlinelotto365.com\/es\/jugar\/mega-millions\/\",\"url\":\"https:\/\/onlinelotto365.com\/es\/jugar\/mega-millions\/\",\"name\":\"Juega a Mega Millions USA en l\u00ednea | C\u00f3mo pueden participar legalmente los residentes de M\u00e9xico en Mega Millions\",\"isPartOf\":{\"@id\":\"https:\/\/onlinelotto365.com\/es\/#website\"},\"datePublished\":\"2020-12-17T18:14:48+00:00\",\"dateModified\":\"2021-01-05T11:53:36+00:00\",\"description\":\"Ahora usted puede jugar Mega Millions tambi\u00e9n - nuestro servicio en l\u00ednea le permite obtener entradas para Mega Millions desde M\u00e9xico\",\"breadcrumb\":{\"@id\":\"https:\/\/onlinelotto365.com\/es\/jugar\/mega-millions\/#breadcrumb\"},\"inLanguage\":\"es\",\"potentialAction\":[{\"@type\":\"ReadAction\",\"target\":[\"https:\/\/onlinelotto365.com\/es\/jugar\/mega-millions\/\"]}]},{\"@type\":\"BreadcrumbList\",\"@id\":\"https:\/\/onlinelotto365.com\/es\/jugar\/mega-millions\/#breadcrumb\",\"itemListElement\":[{\"@type\":\"ListItem\",\"position\":1,\"name\":\"Home\",\"item\":\"https:\/\/onlinelotto365.com\/es\/\"},{\"@type\":\"ListItem\",\"position\":2,\"name\":\"Todo lo que tienes que saber sobre tus opciones para jugar a las mejores loter\u00edas en l\u00ednea\",\"item\":\"https:\/\/onlinelotto365.com\/es\/jugar\/\"},{\"@type\":\"ListItem\",\"position\":3,\"name\":\"Mega Millions en l\u00ednea\"}]},{\"@type\":\"WebSite\",\"@id\":\"https:\/\/onlinelotto365.com\/es\/#website\",\"url\":\"https:\/\/onlinelotto365.com\/es\/\",\"name\":\"OnlineLotto365\",\"description\":\"\",\"potentialAction\":[{\"@type\":\"SearchAction\",\"target\":{\"@type\":\"EntryPoint\",\"urlTemplate\":\"https:\/\/onlinelotto365.com\/es\/?s={search_term_string}\"},\"query-input\":{\"@type\":\"PropertyValueSpecification\",\"valueRequired\":true,\"valueName\":\"search_term_string\"}}],\"inLanguage\":\"es\"}]}<\/script>\n<!-- \/ Yoast SEO plugin. -->","yoast_head_json":{"title":"Juega a Mega Millions USA en l\u00ednea | C\u00f3mo pueden participar legalmente los residentes de M\u00e9xico en Mega Millions","description":"Ahora usted puede jugar Mega Millions tambi\u00e9n - nuestro servicio en l\u00ednea le permite obtener entradas para Mega Millions desde M\u00e9xico","robots":{"index":"index","follow":"follow","max-snippet":"max-snippet:-1","max-image-preview":"max-image-preview:large","max-video-preview":"max-video-preview:-1"},"canonical":"https:\/\/onlinelotto365.com\/es\/jugar\/mega-millions\/","og_locale":"es_ES","og_type":"article","og_title":"Juega a Mega Millions USA en l\u00ednea | C\u00f3mo pueden participar legalmente los residentes de M\u00e9xico en Mega Millions","og_description":"Ahora usted puede jugar Mega Millions tambi\u00e9n - nuestro servicio en l\u00ednea le permite obtener entradas para Mega Millions desde M\u00e9xico","og_url":"https:\/\/onlinelotto365.com\/es\/jugar\/mega-millions\/","og_site_name":"OnlineLotto365","article_modified_time":"2021-01-05T11:53:36+00:00","twitter_card":"summary_large_image","twitter_misc":{"Tiempo de lectura":"4 minutos"},"schema":{"@context":"https:\/\/schema.org","@graph":[{"@type":"WebPage","@id":"https:\/\/onlinelotto365.com\/es\/jugar\/mega-millions\/","url":"https:\/\/onlinelotto365.com\/es\/jugar\/mega-millions\/","name":"Juega a Mega Millions USA en l\u00ednea | C\u00f3mo pueden participar legalmente los residentes de M\u00e9xico en Mega Millions","isPartOf":{"@id":"https:\/\/onlinelotto365.com\/es\/#website"},"datePublished":"2020-12-17T18:14:48+00:00","dateModified":"2021-01-05T11:53:36+00:00","description":"Ahora usted puede jugar Mega Millions tambi\u00e9n - nuestro servicio en l\u00ednea le permite obtener entradas para Mega Millions desde M\u00e9xico","breadcrumb":{"@id":"https:\/\/onlinelotto365.com\/es\/jugar\/mega-millions\/#breadcrumb"},"inLanguage":"es","potentialAction":[{"@type":"ReadAction","target":["https:\/\/onlinelotto365.com\/es\/jugar\/mega-millions\/"]}]},{"@type":"BreadcrumbList","@id":"https:\/\/onlinelotto365.com\/es\/jugar\/mega-millions\/#breadcrumb","itemListElement":[{"@type":"ListItem","position":1,"name":"Home","item":"https:\/\/onlinelotto365.com\/es\/"},{"@type":"ListItem","position":2,"name":"Todo lo que tienes que saber sobre tus opciones para jugar a las mejores loter\u00edas en l\u00ednea","item":"https:\/\/onlinelotto365.com\/es\/jugar\/"},{"@type":"ListItem","position":3,"name":"Mega Millions en l\u00ednea"}]},{"@type":"WebSite","@id":"https:\/\/onlinelotto365.com\/es\/#website","url":"https:\/\/onlinelotto365.com\/es\/","name":"OnlineLotto365","description":"","potentialAction":[{"@type":"SearchAction","target":{"@type":"EntryPoint","urlTemplate":"https:\/\/onlinelotto365.com\/es\/?s={search_term_string}"},"query-input":{"@type":"PropertyValueSpecification","valueRequired":true,"valueName":"search_term_string"}}],"inLanguage":"es"}]}},"_links":{"self":[{"href":"https:\/\/onlinelotto365.com\/es\/wp-json\/wp\/v2\/pages\/10608","targetHints":{"allow":["GET"]}}],"collection":[{"href":"https:\/\/onlinelotto365.com\/es\/wp-json\/wp\/v2\/pages"}],"about":[{"href":"https:\/\/onlinelotto365.com\/es\/wp-json\/wp\/v2\/types\/page"}],"author":[{"embeddable":true,"href":"https:\/\/onlinelotto365.com\/es\/wp-json\/wp\/v2\/users\/1"}],"replies":[{"embeddable":true,"href":"https:\/\/onlinelotto365.com\/es\/wp-json\/wp\/v2\/comments?post=10608"}],"version-history":[{"count":0,"href":"https:\/\/onlinelotto365.com\/es\/wp-json\/wp\/v2\/pages\/10608\/revisions"}],"up":[{"embeddable":true,"href":"https:\/\/onlinelotto365.com\/es\/wp-json\/wp\/v2\/pages\/5037"}],"wp:attachment":[{"href":"https:\/\/onlinelotto365.com\/es\/wp-json\/wp\/v2\/media?parent=10608"}],"curies":[{"name":"wp","href":"https:\/\/api.w.org\/{rel}","templated":true}]}}