{"id":10612,"date":"2020-12-17T19:17:36","date_gmt":"2020-12-17T18:17:36","guid":{"rendered":"http:\/\/onlinelotto365.net\/?page_id=10612"},"modified":"2021-01-05T12:54:14","modified_gmt":"2021-01-05T11:54:14","slug":"eurojackpot","status":"publish","type":"page","link":"https:\/\/onlinelotto365.com\/es\/jugar\/eurojackpot\/","title":{"rendered":"Juega al Eurojackpot con un boleto en l\u00ednea"},"content":{"rendered":"<h2>Acerca de Eurojackpot<\/h2>\n<p>Esta loter\u00eda europea se cre\u00f3 gracias a la cooperaci\u00f3n de varias autoridades de loter\u00eda europeas. Actualmente, puede jugar Eurojackpot con boletos disponibles en su tienda de loter\u00eda local si vive en uno de los pa\u00edses participantes. Esos pa\u00edses son Croacia, Rep\u00fablica Checa, Dinamarca, Estonia, Finlandia, Alemania, Hungr\u00eda, Islandia, Italia, Letonia, Lituania, Noruega, Polonia, Eslovaquia, Eslovenia, Espa\u00f1a, Suecia y Pa\u00edses Bajos.<br \/>\n<a href=\"https:\/\/redfoxlotto.com\/es\/jugar\/eurojackpot\/?ref=a8564250a2&amp;medium=ol365\" target=\"_blank\" rel=\"noopener noreferrer\"> <img decoding=\"async\" class=\"aligncenter\" src=\"https:\/\/redfoxlotto.com\/image?size=8&amp;lottery=eurojackpot\" alt=\"Eurojackpot\" \/> <\/a><\/p>\n<p>Si vive en un pa\u00eds que no est\u00e1 en la lista, su \u00fanica opci\u00f3n es jugar Eurojackpot en l\u00ednea. Una vez que haya descubierto esa opci\u00f3n, ver\u00e1 que hay muchas m\u00e1s opciones. Nuestro sitio web no solo le facilita jugar Eurojackpot en l\u00ednea desde M\u00e9xico. Tambi\u00e9n le damos acceso a otras <a href=\"http:\/\/onlinelotto365.com\/es\"> loter\u00edas de clase mundial con grandes premios <\/a>.<\/p>\n<ul>\n<li>Pa\u00eds: misc. Pa\u00edses europeos, ver arriba<\/li>\n<li>Rango de n\u00fameros principales: 50<\/li>\n<li>Debe seleccionar: 5<\/li>\n<li>Intervalo de n\u00fameros adicionales: 10<\/li>\n<li>Debe seleccionar: 2<\/li>\n<li>D\u00edas y horarios de los sorteos: viernes,,, 21:00 CET &#8211; 21:00 CET<\/li>\n<li>El premio mayor comienza en: 10 millones de euros<\/li>\n<li>El premio mayor tiene un l\u00edmite de: 90 millones de euros<\/li>\n<li>Posibilidad de ganar el premio mayor: 1 en 135600640<\/li>\n<li>Posibilidad de ganar el segundo premio: 1 en 2118760<\/li>\n<li>Posibilidad de ganar cualquier premio: 1 en 26,39<\/li>\n<li>N\u00famero de categor\u00edas de premios: 12<\/li>\n<\/ul>\n<h2>Las mejores caracter\u00edsticas de Eurojackpot<\/h2>\n<p>Al principio, notar\u00e1 que el premio mayor siempre comienza con una cantidad de al menos \u20ac 10 millones. Pero tambi\u00e9n debe tener en cuenta que el segundo nivel de premio tambi\u00e9n es bastante atractivo y tiene probabilidades mucho mejores. Para ganar el segundo premio, debe tener los 5 n\u00fameros principales correctamente, m\u00e1s uno de los dos n\u00fameros adicionales. Las probabilidades de que eso suceda son de aproximadamente 1 en 2 millones, y ganar ese premio generalmente le proporciona un pago entre \u20ac 100.000 y \u20ac 500.000. Ciertamente, esa es una raz\u00f3n suficiente para jugar Eurojackpot en l\u00ednea desde M\u00e9xico.<\/p>\n<p>Pero la raz\u00f3n principal por la que siempre debes estar atento a Eurojackpot es lo que suceder\u00e1 si el premio mayor alcanza los 90 millones de euros, lo que suele suceder varias veces al a\u00f1o. Tan pronto como el premio mayor ha superado el umbral de los 40 millones de euros, tiende a crecer con bastante rapidez, porque m\u00e1s personas juegan Eurojackpot y se venden m\u00e1s boletos. Entonces, \u00bfqu\u00e9 pasar\u00e1 cuando alcance su l\u00edmite de 90 millones de euros?<\/p>\n<p>En ese momento, todo el dinero adicional gastado por los jugadores no aumentar\u00e1 el premio mayor. En cambio, esos fondos se extender\u00e1n a la categor\u00eda de segundo premio. Entonces, con el pr\u00f3ximo sorteo, no solo puede jugar Eurojackpot en l\u00ednea por un premio mayor de \u20ac 90 millones, sino que tambi\u00e9n puede esperar un pago mucho mayor si gana en el segundo nivel. Y siempre que no se haya roto el premio mayor de 90 millones de euros, es posible que se haya ganado el premio de segundo nivel, pero se agregar\u00e1 dinero fresco con cada sorteo.<\/p>\n<h2>C\u00f3mo comprobar los resultados de Eurojackpot<\/h2>\n<p><a href=\"https:\/\/onlinelotto365.com\/es\/numeros-ganadores\/euromillions\"> Verifique los resultados <\/a> ya sea en uno de los sitios web oficiales de loter\u00eda de un pa\u00eds participante, o m\u00e1s convenientemente, visite nuestro sitio web donde puede encuentre los \u00faltimos resultados de las loter\u00edas m\u00e1s espectaculares del mundo. Y, por supuesto, adem\u00e1s de poder jugar Eurojackpot en l\u00ednea desde M\u00e9xico, tambi\u00e9n tiene la opci\u00f3n de simplemente seleccionar la loter\u00eda que actualmente tiene el premio mayor m\u00e1s alto y jugar esa loter\u00eda en l\u00ednea.<\/p>\n<h2>Jugaste a Eurojackpot en l\u00ednea y ganaste. \u00bfQu\u00e9 pasa despu\u00e9s?<\/h2>\n<p>Una vez que se haya enterado de que gan\u00f3 algo en Eurojackpot, tambi\u00e9n recibir\u00e1 una notificaci\u00f3n por correo electr\u00f3nico. Siempre notificaremos a nuestros ganadores, por lo que no hay posibilidad de que se pierda una victoria. Y con todas las ganancias menores (menores o iguales a 2500 \u20ac), encontrar\u00e1 el dinero que ya gan\u00f3 en su cuenta de jugador. Los fondos estar\u00e1n a su disposici\u00f3n para retirarlos poco despu\u00e9s del sorteo. Por supuesto, tambi\u00e9n puede optar por no retirar o solicitar el pago de una cantidad parcial de su saldo. Cualquiera que sea su saldo, puede usarlo para jugar loter\u00eda en l\u00ednea y <a href=\"https:\/\/onlinelotto365.com\/es\/compra-boletos\"> comprar boletos nuevos <\/a>.<\/p>\n","protected":false},"excerpt":{"rendered":"<p>Acerca de Eurojackpot Esta loter\u00eda europea se cre\u00f3 gracias a la cooperaci\u00f3n de varias autoridades de loter\u00eda europeas. Actualmente, puede jugar Eurojackpot con boletos disponibles en su tienda de loter\u00eda local si vive en uno de los pa\u00edses participantes. Esos pa\u00edses son Croacia, Rep\u00fablica Checa, Dinamarca, Estonia, Finlandia, Alemania, Hungr\u00eda, Islandia, Italia, Letonia, Lituania, Noruega, [&hellip;]<\/p>\n","protected":false},"author":1,"featured_media":0,"parent":5037,"menu_order":4,"comment_status":"closed","ping_status":"closed","template":"eurojackpot.php","meta":{"_et_pb_use_builder":"","_et_pb_old_content":"","_et_gb_content_width":"","exclude_from_search":false,"footnotes":""},"class_list":["post-10612","page","type-page","status-publish","hentry"],"yoast_head":"<!-- This site is optimized with the Yoast SEO plugin v23.4 - https:\/\/yoast.com\/wordpress\/plugins\/seo\/ -->\n<title>Juega al Eurojackpot en l\u00ednea aqu\u00ed<\/title>\n<meta name=\"description\" content=\"La manera legal y f\u00e1cil de jugar al Eurojackpot en l\u00ednea y desde M\u00e9xico\" \/>\n<meta name=\"robots\" content=\"index, follow, max-snippet:-1, max-image-preview:large, max-video-preview:-1\" \/>\n<link rel=\"canonical\" href=\"https:\/\/onlinelotto365.com\/es\/jugar\/eurojackpot\/\" \/>\n<meta property=\"og:locale\" content=\"es_ES\" \/>\n<meta property=\"og:type\" content=\"article\" \/>\n<meta property=\"og:title\" content=\"Juega al Eurojackpot en l\u00ednea aqu\u00ed\" \/>\n<meta property=\"og:description\" content=\"La manera legal y f\u00e1cil de jugar al Eurojackpot en l\u00ednea y desde M\u00e9xico\" \/>\n<meta property=\"og:url\" content=\"https:\/\/onlinelotto365.com\/es\/jugar\/eurojackpot\/\" \/>\n<meta property=\"og:site_name\" content=\"OnlineLotto365\" \/>\n<meta property=\"article:modified_time\" content=\"2021-01-05T11:54:14+00:00\" \/>\n<meta property=\"og:image\" content=\"https:\/\/redfoxlotto.com\/image?size=8&amp;lottery=eurojackpot\" \/>\n<meta name=\"twitter:card\" content=\"summary_large_image\" \/>\n<meta name=\"twitter:label1\" content=\"Tiempo de lectura\" \/>\n\t<meta name=\"twitter:data1\" content=\"4 minutos\" \/>\n<script type=\"application\/ld+json\" class=\"yoast-schema-graph\">{\"@context\":\"https:\/\/schema.org\",\"@graph\":[{\"@type\":\"WebPage\",\"@id\":\"https:\/\/onlinelotto365.com\/es\/jugar\/eurojackpot\/\",\"url\":\"https:\/\/onlinelotto365.com\/es\/jugar\/eurojackpot\/\",\"name\":\"Juega al Eurojackpot en l\u00ednea aqu\u00ed\",\"isPartOf\":{\"@id\":\"https:\/\/onlinelotto365.com\/es\/#website\"},\"primaryImageOfPage\":{\"@id\":\"https:\/\/onlinelotto365.com\/es\/jugar\/eurojackpot\/#primaryimage\"},\"image\":{\"@id\":\"https:\/\/onlinelotto365.com\/es\/jugar\/eurojackpot\/#primaryimage\"},\"thumbnailUrl\":\"https:\/\/redfoxlotto.com\/image?size=8&amp;lottery=eurojackpot\",\"datePublished\":\"2020-12-17T18:17:36+00:00\",\"dateModified\":\"2021-01-05T11:54:14+00:00\",\"description\":\"La manera legal y f\u00e1cil de jugar al Eurojackpot en l\u00ednea y desde M\u00e9xico\",\"breadcrumb\":{\"@id\":\"https:\/\/onlinelotto365.com\/es\/jugar\/eurojackpot\/#breadcrumb\"},\"inLanguage\":\"es\",\"potentialAction\":[{\"@type\":\"ReadAction\",\"target\":[\"https:\/\/onlinelotto365.com\/es\/jugar\/eurojackpot\/\"]}]},{\"@type\":\"ImageObject\",\"inLanguage\":\"es\",\"@id\":\"https:\/\/onlinelotto365.com\/es\/jugar\/eurojackpot\/#primaryimage\",\"url\":\"https:\/\/redfoxlotto.com\/image?size=8&amp;lottery=eurojackpot\",\"contentUrl\":\"https:\/\/redfoxlotto.com\/image?size=8&amp;lottery=eurojackpot\"},{\"@type\":\"BreadcrumbList\",\"@id\":\"https:\/\/onlinelotto365.com\/es\/jugar\/eurojackpot\/#breadcrumb\",\"itemListElement\":[{\"@type\":\"ListItem\",\"position\":1,\"name\":\"Home\",\"item\":\"https:\/\/onlinelotto365.com\/es\/\"},{\"@type\":\"ListItem\",\"position\":2,\"name\":\"Todo lo que tienes que saber sobre tus opciones para jugar a las mejores loter\u00edas en l\u00ednea\",\"item\":\"https:\/\/onlinelotto365.com\/es\/jugar\/\"},{\"@type\":\"ListItem\",\"position\":3,\"name\":\"Juega al Eurojackpot con un boleto en l\u00ednea\"}]},{\"@type\":\"WebSite\",\"@id\":\"https:\/\/onlinelotto365.com\/es\/#website\",\"url\":\"https:\/\/onlinelotto365.com\/es\/\",\"name\":\"OnlineLotto365\",\"description\":\"\",\"potentialAction\":[{\"@type\":\"SearchAction\",\"target\":{\"@type\":\"EntryPoint\",\"urlTemplate\":\"https:\/\/onlinelotto365.com\/es\/?s={search_term_string}\"},\"query-input\":{\"@type\":\"PropertyValueSpecification\",\"valueRequired\":true,\"valueName\":\"search_term_string\"}}],\"inLanguage\":\"es\"}]}<\/script>\n<!-- \/ Yoast SEO plugin. -->","yoast_head_json":{"title":"Juega al Eurojackpot en l\u00ednea aqu\u00ed","description":"La manera legal y f\u00e1cil de jugar al Eurojackpot en l\u00ednea y desde M\u00e9xico","robots":{"index":"index","follow":"follow","max-snippet":"max-snippet:-1","max-image-preview":"max-image-preview:large","max-video-preview":"max-video-preview:-1"},"canonical":"https:\/\/onlinelotto365.com\/es\/jugar\/eurojackpot\/","og_locale":"es_ES","og_type":"article","og_title":"Juega al Eurojackpot en l\u00ednea aqu\u00ed","og_description":"La manera legal y f\u00e1cil de jugar al Eurojackpot en l\u00ednea y desde M\u00e9xico","og_url":"https:\/\/onlinelotto365.com\/es\/jugar\/eurojackpot\/","og_site_name":"OnlineLotto365","article_modified_time":"2021-01-05T11:54:14+00:00","og_image":[{"url":"https:\/\/redfoxlotto.com\/image?size=8&amp;lottery=eurojackpot"}],"twitter_card":"summary_large_image","twitter_misc":{"Tiempo de lectura":"4 minutos"},"schema":{"@context":"https:\/\/schema.org","@graph":[{"@type":"WebPage","@id":"https:\/\/onlinelotto365.com\/es\/jugar\/eurojackpot\/","url":"https:\/\/onlinelotto365.com\/es\/jugar\/eurojackpot\/","name":"Juega al Eurojackpot en l\u00ednea aqu\u00ed","isPartOf":{"@id":"https:\/\/onlinelotto365.com\/es\/#website"},"primaryImageOfPage":{"@id":"https:\/\/onlinelotto365.com\/es\/jugar\/eurojackpot\/#primaryimage"},"image":{"@id":"https:\/\/onlinelotto365.com\/es\/jugar\/eurojackpot\/#primaryimage"},"thumbnailUrl":"https:\/\/redfoxlotto.com\/image?size=8&amp;lottery=eurojackpot","datePublished":"2020-12-17T18:17:36+00:00","dateModified":"2021-01-05T11:54:14+00:00","description":"La manera legal y f\u00e1cil de jugar al Eurojackpot en l\u00ednea y desde M\u00e9xico","breadcrumb":{"@id":"https:\/\/onlinelotto365.com\/es\/jugar\/eurojackpot\/#breadcrumb"},"inLanguage":"es","potentialAction":[{"@type":"ReadAction","target":["https:\/\/onlinelotto365.com\/es\/jugar\/eurojackpot\/"]}]},{"@type":"ImageObject","inLanguage":"es","@id":"https:\/\/onlinelotto365.com\/es\/jugar\/eurojackpot\/#primaryimage","url":"https:\/\/redfoxlotto.com\/image?size=8&amp;lottery=eurojackpot","contentUrl":"https:\/\/redfoxlotto.com\/image?size=8&amp;lottery=eurojackpot"},{"@type":"BreadcrumbList","@id":"https:\/\/onlinelotto365.com\/es\/jugar\/eurojackpot\/#breadcrumb","itemListElement":[{"@type":"ListItem","position":1,"name":"Home","item":"https:\/\/onlinelotto365.com\/es\/"},{"@type":"ListItem","position":2,"name":"Todo lo que tienes que saber sobre tus opciones para jugar a las mejores loter\u00edas en l\u00ednea","item":"https:\/\/onlinelotto365.com\/es\/jugar\/"},{"@type":"ListItem","position":3,"name":"Juega al Eurojackpot con un boleto en l\u00ednea"}]},{"@type":"WebSite","@id":"https:\/\/onlinelotto365.com\/es\/#website","url":"https:\/\/onlinelotto365.com\/es\/","name":"OnlineLotto365","description":"","potentialAction":[{"@type":"SearchAction","target":{"@type":"EntryPoint","urlTemplate":"https:\/\/onlinelotto365.com\/es\/?s={search_term_string}"},"query-input":{"@type":"PropertyValueSpecification","valueRequired":true,"valueName":"search_term_string"}}],"inLanguage":"es"}]}},"_links":{"self":[{"href":"https:\/\/onlinelotto365.com\/es\/wp-json\/wp\/v2\/pages\/10612","targetHints":{"allow":["GET"]}}],"collection":[{"href":"https:\/\/onlinelotto365.com\/es\/wp-json\/wp\/v2\/pages"}],"about":[{"href":"https:\/\/onlinelotto365.com\/es\/wp-json\/wp\/v2\/types\/page"}],"author":[{"embeddable":true,"href":"https:\/\/onlinelotto365.com\/es\/wp-json\/wp\/v2\/users\/1"}],"replies":[{"embeddable":true,"href":"https:\/\/onlinelotto365.com\/es\/wp-json\/wp\/v2\/comments?post=10612"}],"version-history":[{"count":0,"href":"https:\/\/onlinelotto365.com\/es\/wp-json\/wp\/v2\/pages\/10612\/revisions"}],"up":[{"embeddable":true,"href":"https:\/\/onlinelotto365.com\/es\/wp-json\/wp\/v2\/pages\/5037"}],"wp:attachment":[{"href":"https:\/\/onlinelotto365.com\/es\/wp-json\/wp\/v2\/media?parent=10612"}],"curies":[{"name":"wp","href":"https:\/\/api.w.org\/{rel}","templated":true}]}}