{"id":10614,"date":"2020-12-17T19:19:00","date_gmt":"2020-12-17T18:19:00","guid":{"rendered":"http:\/\/onlinelotto365.net\/?page_id=10614"},"modified":"2021-01-05T12:54:38","modified_gmt":"2021-01-05T11:54:38","slug":"superenalotto","status":"publish","type":"page","link":"https:\/\/onlinelotto365.com\/es\/jugar\/superenalotto\/","title":{"rendered":"Consigue tus entradas para la Superenalotto desde cualquier lugar"},"content":{"rendered":"<p>Durante a\u00f1os, la gente ha anhelado jugar a la loter\u00eda en otras partes del mundo. Sin embargo, el desaf\u00edo aqu\u00ed no ha sido realmente la falta de voluntad de varias <a href=\"https:\/\/onlinelotto365.com\/es\/news\/como-jugar-loteria-internacional\"> loter\u00edas para aceptar jugadores de loter\u00eda internacionales <\/a>. Ha sido que f\u00edsicamente tienes que estar en el pa\u00eds o regi\u00f3n donde se lleva a cabo la loter\u00eda para poder jugar correctamente.<\/p>\n<p>Para empezar, tienes que <strong> visitar un minorista de loter\u00eda que venda la loter\u00eda a la que quieres comprar boletos. <\/strong> Entonces eso significa estar en el pa\u00eds, no solo una vez, sino cada vez que quieras comprar boletos. Entonces, esto significa hacer un viaje de M\u00e9xico a Italia para comprar boletos de loter\u00eda para los tres sorteos que realiza el Superenalotto cada semana.<\/p>\n<p>Por lo tanto, debe mudarse all\u00ed o contratar a alguien en Italia para que lo haga por usted. Eso no es algo que seamos capaces de hacer. Mientras lo hace, necesitar\u00e1 contratar personas en todos los dem\u00e1s pa\u00edses que cuentan con grandes loter\u00edas para que hagan sus ofertas por usted. Eso costar\u00eda una fortuna.<\/p>\n<p>Pero ahora hay una gran alternativa: <strong> \u00a1solo juega en l\u00ednea aqu\u00ed en nuestro sitio! <\/strong><\/p>\n<p><a href=\"https:\/\/redfoxlotto.com\/es\/jugar\/superenalotto\/?ref=a8564250a2&amp;medium=ol365\" target=\"_blank\" rel=\"noopener noreferrer\"> <img decoding=\"async\" class=\"aligncenter\" src=\"https:\/\/redfoxlotto.com\/image?size=8&amp;lottery=superenalotto\" alt=\"superenalotto\" \/> <\/a><\/p>\n<h2>Tenemos todas sus necesidades de loter\u00eda cubiertas<\/h2>\n<p>Lo tenemos todo resuelto en cuanto a c\u00f3mo hacer que ingrese al juego con el Superenalotto, adem\u00e1s de todas las <a href=\"https:\/\/onlinelotto365.com\/es\/jugar\"> otras loter\u00edas importantes <\/a> en el mundo. Simplemente compre los boletos de loter\u00eda que desee de nosotros en l\u00ednea y de M\u00e9xico, y nosotros hacemos todo el resto por usted.<\/p>\n<p>Compramos los boletos en su nombre y, a diferencia de los boletos de loter\u00eda normales que pueden ser cobrados por quien los posea, los guardamos para usted. Luego monitoreamos los sorteos por usted para que no tenga que hacerlo si no lo desea, y le notificamos cada vez que gana.<\/p>\n<h2>M\u00e1s informaci\u00f3n sobre Superenalotto<\/h2>\n<ul>\n<li>La loter\u00eda se realiza donde: Italia<\/li>\n<li>Cu\u00e1ntos n\u00fameros principales elegir: 90<\/li>\n<li>Debe seleccionar: 6<\/li>\n<li>Cu\u00e1ntos n\u00fameros adicionales puede elegir: ninguno<\/li>\n<li>Debes seleccionar: ninguno<\/li>\n<li>D\u00edas y horarios del sorteo: martes, jueves, s\u00e1bado, 19:00 GMT, 21:00 CET<\/li>\n<li>Premio mayor m\u00ednimo: 2 millones de euros<\/li>\n<li>Cantidad m\u00e1xima del premio mayor: ninguna<\/li>\n<li>Posible combinaci\u00f3n de n\u00fameros para ganar el premio mayor: 1 en 622.614.630<\/li>\n<li>Posible combinaci\u00f3n de n\u00fameros para una victoria de nivel 2: 1 en 103.769.105<\/li>\n<li>Probabilidad de ganar en cualquier nivel: 1 en 20,58<\/li>\n<li>Cu\u00e1ntos niveles de premios: v<\/li>\n<\/ul>\n<p>Para jugar al Superenalotto, elige 6 n\u00fameros de un total de 90 n\u00fameros posibles. Tambi\u00e9n debe elegir lo que llaman un n\u00famero Jolly de entre los 90.<\/p>\n<p><strong> Para ganar el premio mayor, <\/strong> debe acertar los 6 n\u00fameros habituales. Si aciertas 5 m\u00e1s el n\u00famero Jolly, ganas el segundo premio. 5 n\u00fameros sin el n\u00famero Jolly te otorgan un premio en tercer lugar, 4 n\u00fameros correctos te otorgan el cuarto lugar y solo 3 n\u00fameros te otorgan un pago tambi\u00e9n.<\/p>\n<p>Los sorteos se llevan a cabo 3 veces a la semana, los martes, jueves y s\u00e1bados a las 8 p.m., hora italiana. Le proporcionamos una cuenta regresiva para el pr\u00f3ximo sorteo del Superenalotto, adem\u00e1s de todas las otras grandes loter\u00edas que ofrecen boletos en l\u00ednea, para que siempre sepa cu\u00e1nto tiempo le queda.<\/p>\n<h2>Ventajas de jugar a Superenalotto en l\u00ednea<\/h2>\n<p>A muchos <strong> jugadores de loter\u00eda global les gusta elegir varias loter\u00edas para jugar <\/strong>, especialmente porque cada una de ellas ofrece regularmente grandes botes. De hecho, cuantos m\u00e1s dibujos participe, mejor.<\/p>\n<p>Por lo tanto, aunque es posible que los premios mayores con Superenalotto no se comparen con algunas de las loter\u00edas m\u00e1s grandes, por ejemplo, los <a href=\"https:\/\/onlinelotto365.com\/es\/jugar\/euromillions\"> EuroMillions <\/a>, el <a href=\"https:\/\/onlinelotto365.com\/es\/jugar\/powerball\"> Powerball <\/a> o <a href=\"https:\/\/onlinelotto365.com\/es\/jugar\/mega-millions\"> Mega Millones <\/a>, tambi\u00e9n querr\u00e1s jugarlos de todos modos. Sin embargo, el Superenalotto no es una papa peque\u00f1a, con botes t\u00edpicos a menudo de decenas de millones de euros. Entonces, con los 3 dibujos adicionales a la semana que ofrece el Superenalotto, son 3 dibujos m\u00e1s a la semana de diversi\u00f3n de la que tendr\u00e1s si no juegas.<\/p>\n<p>Entonces, con 3 oportunidades adicionales de ganar un gran premio, no es dif\u00edcil ver por qu\u00e9 a tanta gente en M\u00e9xico le gusta esta loter\u00eda. Dado que ahora puede comprar sus boletos convenientemente en l\u00ednea, no hay una buena raz\u00f3n para no jugar de hecho. Distribuir su dinero en m\u00e1s loter\u00edas es de lo que se trata, lo que aumenta enormemente la cantidad de emoci\u00f3n que obtiene jugando loter\u00edas ahora.<\/p>\n<p>Entonces, si te apetece <strong> m\u00e1s divertirte jugando a la loter\u00eda <\/strong>, y s\u00e9 que lo est\u00e1s,es puede empezar ahora mismo.<\/p>\n<h2>\u00bfC\u00f3mo me pagan si gano Superenalotto en l\u00ednea?<\/h2>\n<p>Le brindamos toda la asistencia que necesita para canjear sus boletos, desde recoger sus premios m\u00e1s peque\u00f1os y ponerlos inmediatamente en su cuenta con nosotros, hasta recoger y enviarle los formularios necesarios para premios m\u00e1s grandes o incluso botes. As\u00ed que no hay de qu\u00e9 preocuparse aqu\u00ed, ya que este es un <strong> acuerdo de servicio completo con un servicio y un trato de primera clase <\/strong> para nuestros clientes de M\u00e9xico y otros lugares.<\/p>\n","protected":false},"excerpt":{"rendered":"<p>Durante a\u00f1os, la gente ha anhelado jugar a la loter\u00eda en otras partes del mundo. Sin embargo, el desaf\u00edo aqu\u00ed no ha sido realmente la falta de voluntad de varias loter\u00edas para aceptar jugadores de loter\u00eda internacionales . Ha sido que f\u00edsicamente tienes que estar en el pa\u00eds o regi\u00f3n donde se lleva a cabo [&hellip;]<\/p>\n","protected":false},"author":1,"featured_media":0,"parent":5037,"menu_order":5,"comment_status":"closed","ping_status":"closed","template":"superenalotto.php","meta":{"_et_pb_use_builder":"","_et_pb_old_content":"","_et_gb_content_width":"","exclude_from_search":false,"footnotes":""},"class_list":["post-10614","page","type-page","status-publish","hentry"],"yoast_head":"<!-- This site is optimized with the Yoast SEO plugin v23.4 - https:\/\/yoast.com\/wordpress\/plugins\/seo\/ -->\n<title>Juega al Superenalotto Italia online desde M\u00e9xico | C\u00f3mo comprar entradas para el Superena online<\/title>\n<meta name=\"description\" content=\"Este premio gordo de la loter\u00eda italiana ahora puede ser ganado por cualquiera, desde cualquier lugar - juegue el boleto en l\u00ednea de Superenalotto ahora\" \/>\n<meta name=\"robots\" content=\"index, follow, max-snippet:-1, max-image-preview:large, max-video-preview:-1\" \/>\n<link rel=\"canonical\" href=\"https:\/\/onlinelotto365.com\/es\/jugar\/superenalotto\/\" \/>\n<meta property=\"og:locale\" content=\"es_ES\" \/>\n<meta property=\"og:type\" content=\"article\" \/>\n<meta property=\"og:title\" content=\"Juega al Superenalotto Italia online desde M\u00e9xico | C\u00f3mo comprar entradas para el Superena online\" \/>\n<meta property=\"og:description\" content=\"Este premio gordo de la loter\u00eda italiana ahora puede ser ganado por cualquiera, desde cualquier lugar - juegue el boleto en l\u00ednea de Superenalotto ahora\" \/>\n<meta property=\"og:url\" content=\"https:\/\/onlinelotto365.com\/es\/jugar\/superenalotto\/\" \/>\n<meta property=\"og:site_name\" content=\"OnlineLotto365\" \/>\n<meta property=\"article:modified_time\" content=\"2021-01-05T11:54:38+00:00\" \/>\n<meta property=\"og:image\" content=\"https:\/\/redfoxlotto.com\/image?size=8&amp;lottery=superenalotto\" \/>\n<meta name=\"twitter:card\" content=\"summary_large_image\" \/>\n<meta name=\"twitter:label1\" content=\"Tiempo de lectura\" \/>\n\t<meta name=\"twitter:data1\" content=\"4 minutos\" \/>\n<script type=\"application\/ld+json\" class=\"yoast-schema-graph\">{\"@context\":\"https:\/\/schema.org\",\"@graph\":[{\"@type\":\"WebPage\",\"@id\":\"https:\/\/onlinelotto365.com\/es\/jugar\/superenalotto\/\",\"url\":\"https:\/\/onlinelotto365.com\/es\/jugar\/superenalotto\/\",\"name\":\"Juega al Superenalotto Italia online desde M\u00e9xico | C\u00f3mo comprar entradas para el Superena online\",\"isPartOf\":{\"@id\":\"https:\/\/onlinelotto365.com\/es\/#website\"},\"primaryImageOfPage\":{\"@id\":\"https:\/\/onlinelotto365.com\/es\/jugar\/superenalotto\/#primaryimage\"},\"image\":{\"@id\":\"https:\/\/onlinelotto365.com\/es\/jugar\/superenalotto\/#primaryimage\"},\"thumbnailUrl\":\"https:\/\/redfoxlotto.com\/image?size=8&amp;lottery=superenalotto\",\"datePublished\":\"2020-12-17T18:19:00+00:00\",\"dateModified\":\"2021-01-05T11:54:38+00:00\",\"description\":\"Este premio gordo de la loter\u00eda italiana ahora puede ser ganado por cualquiera, desde cualquier lugar - juegue el boleto en l\u00ednea de Superenalotto ahora\",\"breadcrumb\":{\"@id\":\"https:\/\/onlinelotto365.com\/es\/jugar\/superenalotto\/#breadcrumb\"},\"inLanguage\":\"es\",\"potentialAction\":[{\"@type\":\"ReadAction\",\"target\":[\"https:\/\/onlinelotto365.com\/es\/jugar\/superenalotto\/\"]}]},{\"@type\":\"ImageObject\",\"inLanguage\":\"es\",\"@id\":\"https:\/\/onlinelotto365.com\/es\/jugar\/superenalotto\/#primaryimage\",\"url\":\"https:\/\/redfoxlotto.com\/image?size=8&amp;lottery=superenalotto\",\"contentUrl\":\"https:\/\/redfoxlotto.com\/image?size=8&amp;lottery=superenalotto\"},{\"@type\":\"BreadcrumbList\",\"@id\":\"https:\/\/onlinelotto365.com\/es\/jugar\/superenalotto\/#breadcrumb\",\"itemListElement\":[{\"@type\":\"ListItem\",\"position\":1,\"name\":\"Home\",\"item\":\"https:\/\/onlinelotto365.com\/es\/\"},{\"@type\":\"ListItem\",\"position\":2,\"name\":\"Todo lo que tienes que saber sobre tus opciones para jugar a las mejores loter\u00edas en l\u00ednea\",\"item\":\"https:\/\/onlinelotto365.com\/es\/jugar\/\"},{\"@type\":\"ListItem\",\"position\":3,\"name\":\"Consigue tus entradas para la Superenalotto desde cualquier lugar\"}]},{\"@type\":\"WebSite\",\"@id\":\"https:\/\/onlinelotto365.com\/es\/#website\",\"url\":\"https:\/\/onlinelotto365.com\/es\/\",\"name\":\"OnlineLotto365\",\"description\":\"\",\"potentialAction\":[{\"@type\":\"SearchAction\",\"target\":{\"@type\":\"EntryPoint\",\"urlTemplate\":\"https:\/\/onlinelotto365.com\/es\/?s={search_term_string}\"},\"query-input\":{\"@type\":\"PropertyValueSpecification\",\"valueRequired\":true,\"valueName\":\"search_term_string\"}}],\"inLanguage\":\"es\"}]}<\/script>\n<!-- \/ Yoast SEO plugin. -->","yoast_head_json":{"title":"Juega al Superenalotto Italia online desde M\u00e9xico | C\u00f3mo comprar entradas para el Superena online","description":"Este premio gordo de la loter\u00eda italiana ahora puede ser ganado por cualquiera, desde cualquier lugar - juegue el boleto en l\u00ednea de Superenalotto ahora","robots":{"index":"index","follow":"follow","max-snippet":"max-snippet:-1","max-image-preview":"max-image-preview:large","max-video-preview":"max-video-preview:-1"},"canonical":"https:\/\/onlinelotto365.com\/es\/jugar\/superenalotto\/","og_locale":"es_ES","og_type":"article","og_title":"Juega al Superenalotto Italia online desde M\u00e9xico | C\u00f3mo comprar entradas para el Superena online","og_description":"Este premio gordo de la loter\u00eda italiana ahora puede ser ganado por cualquiera, desde cualquier lugar - juegue el boleto en l\u00ednea de Superenalotto ahora","og_url":"https:\/\/onlinelotto365.com\/es\/jugar\/superenalotto\/","og_site_name":"OnlineLotto365","article_modified_time":"2021-01-05T11:54:38+00:00","og_image":[{"url":"https:\/\/redfoxlotto.com\/image?size=8&amp;lottery=superenalotto"}],"twitter_card":"summary_large_image","twitter_misc":{"Tiempo de lectura":"4 minutos"},"schema":{"@context":"https:\/\/schema.org","@graph":[{"@type":"WebPage","@id":"https:\/\/onlinelotto365.com\/es\/jugar\/superenalotto\/","url":"https:\/\/onlinelotto365.com\/es\/jugar\/superenalotto\/","name":"Juega al Superenalotto Italia online desde M\u00e9xico | C\u00f3mo comprar entradas para el Superena online","isPartOf":{"@id":"https:\/\/onlinelotto365.com\/es\/#website"},"primaryImageOfPage":{"@id":"https:\/\/onlinelotto365.com\/es\/jugar\/superenalotto\/#primaryimage"},"image":{"@id":"https:\/\/onlinelotto365.com\/es\/jugar\/superenalotto\/#primaryimage"},"thumbnailUrl":"https:\/\/redfoxlotto.com\/image?size=8&amp;lottery=superenalotto","datePublished":"2020-12-17T18:19:00+00:00","dateModified":"2021-01-05T11:54:38+00:00","description":"Este premio gordo de la loter\u00eda italiana ahora puede ser ganado por cualquiera, desde cualquier lugar - juegue el boleto en l\u00ednea de Superenalotto ahora","breadcrumb":{"@id":"https:\/\/onlinelotto365.com\/es\/jugar\/superenalotto\/#breadcrumb"},"inLanguage":"es","potentialAction":[{"@type":"ReadAction","target":["https:\/\/onlinelotto365.com\/es\/jugar\/superenalotto\/"]}]},{"@type":"ImageObject","inLanguage":"es","@id":"https:\/\/onlinelotto365.com\/es\/jugar\/superenalotto\/#primaryimage","url":"https:\/\/redfoxlotto.com\/image?size=8&amp;lottery=superenalotto","contentUrl":"https:\/\/redfoxlotto.com\/image?size=8&amp;lottery=superenalotto"},{"@type":"BreadcrumbList","@id":"https:\/\/onlinelotto365.com\/es\/jugar\/superenalotto\/#breadcrumb","itemListElement":[{"@type":"ListItem","position":1,"name":"Home","item":"https:\/\/onlinelotto365.com\/es\/"},{"@type":"ListItem","position":2,"name":"Todo lo que tienes que saber sobre tus opciones para jugar a las mejores loter\u00edas en l\u00ednea","item":"https:\/\/onlinelotto365.com\/es\/jugar\/"},{"@type":"ListItem","position":3,"name":"Consigue tus entradas para la Superenalotto desde cualquier lugar"}]},{"@type":"WebSite","@id":"https:\/\/onlinelotto365.com\/es\/#website","url":"https:\/\/onlinelotto365.com\/es\/","name":"OnlineLotto365","description":"","potentialAction":[{"@type":"SearchAction","target":{"@type":"EntryPoint","urlTemplate":"https:\/\/onlinelotto365.com\/es\/?s={search_term_string}"},"query-input":{"@type":"PropertyValueSpecification","valueRequired":true,"valueName":"search_term_string"}}],"inLanguage":"es"}]}},"_links":{"self":[{"href":"https:\/\/onlinelotto365.com\/es\/wp-json\/wp\/v2\/pages\/10614","targetHints":{"allow":["GET"]}}],"collection":[{"href":"https:\/\/onlinelotto365.com\/es\/wp-json\/wp\/v2\/pages"}],"about":[{"href":"https:\/\/onlinelotto365.com\/es\/wp-json\/wp\/v2\/types\/page"}],"author":[{"embeddable":true,"href":"https:\/\/onlinelotto365.com\/es\/wp-json\/wp\/v2\/users\/1"}],"replies":[{"embeddable":true,"href":"https:\/\/onlinelotto365.com\/es\/wp-json\/wp\/v2\/comments?post=10614"}],"version-history":[{"count":0,"href":"https:\/\/onlinelotto365.com\/es\/wp-json\/wp\/v2\/pages\/10614\/revisions"}],"up":[{"embeddable":true,"href":"https:\/\/onlinelotto365.com\/es\/wp-json\/wp\/v2\/pages\/5037"}],"wp:attachment":[{"href":"https:\/\/onlinelotto365.com\/es\/wp-json\/wp\/v2\/media?parent=10614"}],"curies":[{"name":"wp","href":"https:\/\/api.w.org\/{rel}","templated":true}]}}