{"id":10622,"date":"2020-12-17T19:28:30","date_gmt":"2020-12-17T18:28:30","guid":{"rendered":"http:\/\/onlinelotto365.net\/?page_id=10622"},"modified":"2021-01-05T12:55:16","modified_gmt":"2021-01-05T11:55:16","slug":"la-primitiva","status":"publish","type":"page","link":"https:\/\/onlinelotto365.com\/es\/jugar\/la-primitiva\/","title":{"rendered":"C\u00f3mo jugar a la loter\u00eda espa\u00f1ola de La Primitiva"},"content":{"rendered":"<p>Sobre la Primitiva<\/p>\n<p>Esta loter\u00eda de Espa\u00f1a tambi\u00e9n se conoce como El Gordo, aunque esto es enga\u00f1oso. De hecho, El Gordo es el sobrenombre de la edici\u00f3n navide\u00f1a de la loter\u00eda La Primitiva. Si bien puedes jugar a La Primitiva todo el a\u00f1o, El Gordo solo se ofrece para Navidad. Los residentes del Reino Unido pueden jugar a La Primitiva en l\u00ednea a trav\u00e9s de nuestro sitio web.<\/p>\n<p>Hay dos sorteos por semana para La Primitiva. Las posibilidades de ganar el premio mayor son relativamente altas porque no hay n\u00fameros adicionales.<\/p>\n<p>Pa\u00eds: Espa\u00f1a<br \/>\nRango de n\u00fameros principales: 49<br \/>\nTienes que seleccionar: 6<br \/>\nRango de n\u00fameros adicionales:<br \/>\nTienes que seleccionar: 1<br \/>\nD\u00edas y horarios de los sorteos: jueves, s\u00e1bado, 21:30 CET &#8211; 21:30 CET<br \/>\nEl premio mayor comienza en: 2 millones de euros<br \/>\nEl bote tiene un tope de: ninguno<br \/>\nPosibilidad de ganar el premio mayor: 1 en 15537573<br \/>\nPosibilidad de ganar un segundo premio: 1 en 542008<br \/>\nPosibilidad de ganar cualquier premio: 1 en 8,43<br \/>\nN\u00famero de categor\u00edas de premios: 9<br \/>\nMejores caracter\u00edsticas de La Primitiva<\/p>\n<p>Como ya se mencion\u00f3, el hecho de que solo tenga que jugar 6 n\u00fameros de 49, y sin n\u00fameros adicionales, significa que sus probabilidades de ganar el premio mayor son bastante buenas.<\/p>\n<p>C\u00f3mo comprobar los resultados de La Primitiva<\/p>\n<p>Si ha comprado su boleto en l\u00ednea desde M\u00e9xico o cualquier otro pa\u00eds fuera de Espa\u00f1a, encontrar los n\u00fameros ganadores y el monto del premio puede ser dif\u00edcil. Pero aqu\u00ed, en nuestro sitio web, publicamos los resultados inmediatamente despu\u00e9s de que se hayan sorteado los n\u00fameros de la loter\u00eda La Primitiva. Incluso puede ver su boleto en su cuenta de jugador, donde puede ver inmediatamente qu\u00e9 n\u00fameros de su boleto de loter\u00eda coinciden con los resultados del sorteo.<\/p>\n<p>Jugaste La Primitiva en l\u00ednea y ganaste, \u00bfqu\u00e9 pasa despu\u00e9s?<\/p>\n<p>Si su boleto ha ganado un premio de menos de 2500 \u20ac, ese monto del premio estar\u00e1 en su cuenta de jugador inmediatamente despu\u00e9s del sorteo. Si gana un premio mayor, comun\u00edquese con nuestro equipo de servicio. Ellos le ayudar\u00e1n a configurar un pago, ya sea directamente a su cuenta bancaria o mediante cheque.<\/p>\n","protected":false},"excerpt":{"rendered":"<p>Sobre la Primitiva Esta loter\u00eda de Espa\u00f1a tambi\u00e9n se conoce como El Gordo, aunque esto es enga\u00f1oso. De hecho, El Gordo es el sobrenombre de la edici\u00f3n navide\u00f1a de la loter\u00eda La Primitiva. Si bien puedes jugar a La Primitiva todo el a\u00f1o, El Gordo solo se ofrece para Navidad. Los residentes del Reino Unido [&hellip;]<\/p>\n","protected":false},"author":1,"featured_media":0,"parent":5037,"menu_order":7,"comment_status":"closed","ping_status":"closed","template":"la-primitiva.php","meta":{"_et_pb_use_builder":"","_et_pb_old_content":"","_et_gb_content_width":"","exclude_from_search":false,"footnotes":""},"class_list":["post-10622","page","type-page","status-publish","hentry"],"yoast_head":"<!-- This site is optimized with the Yoast SEO plugin v23.4 - https:\/\/yoast.com\/wordpress\/plugins\/seo\/ -->\n<title>Juega a La Primitiva Espa\u00f1a en l\u00ednea | La Primitiva de M\u00e9xico<\/title>\n<meta name=\"description\" content=\"La loter\u00eda espa\u00f1ola La Primitiva puede ahora ser jugada en l\u00ednea desde M\u00e9xico\" \/>\n<meta name=\"robots\" content=\"index, follow, max-snippet:-1, max-image-preview:large, max-video-preview:-1\" \/>\n<link rel=\"canonical\" href=\"https:\/\/onlinelotto365.com\/es\/jugar\/la-primitiva\/\" \/>\n<meta property=\"og:locale\" content=\"es_ES\" \/>\n<meta property=\"og:type\" content=\"article\" \/>\n<meta property=\"og:title\" content=\"Juega a La Primitiva Espa\u00f1a en l\u00ednea | La Primitiva de M\u00e9xico\" \/>\n<meta property=\"og:description\" content=\"La loter\u00eda espa\u00f1ola La Primitiva puede ahora ser jugada en l\u00ednea desde M\u00e9xico\" \/>\n<meta property=\"og:url\" content=\"https:\/\/onlinelotto365.com\/es\/jugar\/la-primitiva\/\" \/>\n<meta property=\"og:site_name\" content=\"OnlineLotto365\" \/>\n<meta property=\"article:modified_time\" content=\"2021-01-05T11:55:16+00:00\" \/>\n<meta name=\"twitter:card\" content=\"summary_large_image\" \/>\n<meta name=\"twitter:label1\" content=\"Tiempo de lectura\" \/>\n\t<meta name=\"twitter:data1\" content=\"2 minutos\" \/>\n<script type=\"application\/ld+json\" class=\"yoast-schema-graph\">{\"@context\":\"https:\/\/schema.org\",\"@graph\":[{\"@type\":\"WebPage\",\"@id\":\"https:\/\/onlinelotto365.com\/es\/jugar\/la-primitiva\/\",\"url\":\"https:\/\/onlinelotto365.com\/es\/jugar\/la-primitiva\/\",\"name\":\"Juega a La Primitiva Espa\u00f1a en l\u00ednea | La Primitiva de M\u00e9xico\",\"isPartOf\":{\"@id\":\"https:\/\/onlinelotto365.com\/es\/#website\"},\"datePublished\":\"2020-12-17T18:28:30+00:00\",\"dateModified\":\"2021-01-05T11:55:16+00:00\",\"description\":\"La loter\u00eda espa\u00f1ola La Primitiva puede ahora ser jugada en l\u00ednea desde M\u00e9xico\",\"breadcrumb\":{\"@id\":\"https:\/\/onlinelotto365.com\/es\/jugar\/la-primitiva\/#breadcrumb\"},\"inLanguage\":\"es\",\"potentialAction\":[{\"@type\":\"ReadAction\",\"target\":[\"https:\/\/onlinelotto365.com\/es\/jugar\/la-primitiva\/\"]}]},{\"@type\":\"BreadcrumbList\",\"@id\":\"https:\/\/onlinelotto365.com\/es\/jugar\/la-primitiva\/#breadcrumb\",\"itemListElement\":[{\"@type\":\"ListItem\",\"position\":1,\"name\":\"Home\",\"item\":\"https:\/\/onlinelotto365.com\/es\/\"},{\"@type\":\"ListItem\",\"position\":2,\"name\":\"Todo lo que tienes que saber sobre tus opciones para jugar a las mejores loter\u00edas en l\u00ednea\",\"item\":\"https:\/\/onlinelotto365.com\/es\/jugar\/\"},{\"@type\":\"ListItem\",\"position\":3,\"name\":\"C\u00f3mo jugar a la loter\u00eda espa\u00f1ola de La Primitiva\"}]},{\"@type\":\"WebSite\",\"@id\":\"https:\/\/onlinelotto365.com\/es\/#website\",\"url\":\"https:\/\/onlinelotto365.com\/es\/\",\"name\":\"OnlineLotto365\",\"description\":\"\",\"potentialAction\":[{\"@type\":\"SearchAction\",\"target\":{\"@type\":\"EntryPoint\",\"urlTemplate\":\"https:\/\/onlinelotto365.com\/es\/?s={search_term_string}\"},\"query-input\":{\"@type\":\"PropertyValueSpecification\",\"valueRequired\":true,\"valueName\":\"search_term_string\"}}],\"inLanguage\":\"es\"}]}<\/script>\n<!-- \/ Yoast SEO plugin. -->","yoast_head_json":{"title":"Juega a La Primitiva Espa\u00f1a en l\u00ednea | La Primitiva de M\u00e9xico","description":"La loter\u00eda espa\u00f1ola La Primitiva puede ahora ser jugada en l\u00ednea desde M\u00e9xico","robots":{"index":"index","follow":"follow","max-snippet":"max-snippet:-1","max-image-preview":"max-image-preview:large","max-video-preview":"max-video-preview:-1"},"canonical":"https:\/\/onlinelotto365.com\/es\/jugar\/la-primitiva\/","og_locale":"es_ES","og_type":"article","og_title":"Juega a La Primitiva Espa\u00f1a en l\u00ednea | La Primitiva de M\u00e9xico","og_description":"La loter\u00eda espa\u00f1ola La Primitiva puede ahora ser jugada en l\u00ednea desde M\u00e9xico","og_url":"https:\/\/onlinelotto365.com\/es\/jugar\/la-primitiva\/","og_site_name":"OnlineLotto365","article_modified_time":"2021-01-05T11:55:16+00:00","twitter_card":"summary_large_image","twitter_misc":{"Tiempo de lectura":"2 minutos"},"schema":{"@context":"https:\/\/schema.org","@graph":[{"@type":"WebPage","@id":"https:\/\/onlinelotto365.com\/es\/jugar\/la-primitiva\/","url":"https:\/\/onlinelotto365.com\/es\/jugar\/la-primitiva\/","name":"Juega a La Primitiva Espa\u00f1a en l\u00ednea | La Primitiva de M\u00e9xico","isPartOf":{"@id":"https:\/\/onlinelotto365.com\/es\/#website"},"datePublished":"2020-12-17T18:28:30+00:00","dateModified":"2021-01-05T11:55:16+00:00","description":"La loter\u00eda espa\u00f1ola La Primitiva puede ahora ser jugada en l\u00ednea desde M\u00e9xico","breadcrumb":{"@id":"https:\/\/onlinelotto365.com\/es\/jugar\/la-primitiva\/#breadcrumb"},"inLanguage":"es","potentialAction":[{"@type":"ReadAction","target":["https:\/\/onlinelotto365.com\/es\/jugar\/la-primitiva\/"]}]},{"@type":"BreadcrumbList","@id":"https:\/\/onlinelotto365.com\/es\/jugar\/la-primitiva\/#breadcrumb","itemListElement":[{"@type":"ListItem","position":1,"name":"Home","item":"https:\/\/onlinelotto365.com\/es\/"},{"@type":"ListItem","position":2,"name":"Todo lo que tienes que saber sobre tus opciones para jugar a las mejores loter\u00edas en l\u00ednea","item":"https:\/\/onlinelotto365.com\/es\/jugar\/"},{"@type":"ListItem","position":3,"name":"C\u00f3mo jugar a la loter\u00eda espa\u00f1ola de La Primitiva"}]},{"@type":"WebSite","@id":"https:\/\/onlinelotto365.com\/es\/#website","url":"https:\/\/onlinelotto365.com\/es\/","name":"OnlineLotto365","description":"","potentialAction":[{"@type":"SearchAction","target":{"@type":"EntryPoint","urlTemplate":"https:\/\/onlinelotto365.com\/es\/?s={search_term_string}"},"query-input":{"@type":"PropertyValueSpecification","valueRequired":true,"valueName":"search_term_string"}}],"inLanguage":"es"}]}},"_links":{"self":[{"href":"https:\/\/onlinelotto365.com\/es\/wp-json\/wp\/v2\/pages\/10622","targetHints":{"allow":["GET"]}}],"collection":[{"href":"https:\/\/onlinelotto365.com\/es\/wp-json\/wp\/v2\/pages"}],"about":[{"href":"https:\/\/onlinelotto365.com\/es\/wp-json\/wp\/v2\/types\/page"}],"author":[{"embeddable":true,"href":"https:\/\/onlinelotto365.com\/es\/wp-json\/wp\/v2\/users\/1"}],"replies":[{"embeddable":true,"href":"https:\/\/onlinelotto365.com\/es\/wp-json\/wp\/v2\/comments?post=10622"}],"version-history":[{"count":0,"href":"https:\/\/onlinelotto365.com\/es\/wp-json\/wp\/v2\/pages\/10622\/revisions"}],"up":[{"embeddable":true,"href":"https:\/\/onlinelotto365.com\/es\/wp-json\/wp\/v2\/pages\/5037"}],"wp:attachment":[{"href":"https:\/\/onlinelotto365.com\/es\/wp-json\/wp\/v2\/media?parent=10622"}],"curies":[{"name":"wp","href":"https:\/\/api.w.org\/{rel}","templated":true}]}}