{"id":10624,"date":"2020-12-17T19:30:27","date_gmt":"2020-12-17T18:30:27","guid":{"rendered":"http:\/\/onlinelotto365.net\/?page_id=10624"},"modified":"2021-01-05T12:55:33","modified_gmt":"2021-01-05T11:55:33","slug":"bonoloto","status":"publish","type":"page","link":"https:\/\/onlinelotto365.com\/es\/jugar\/bonoloto\/","title":{"rendered":"Bonoloto ahora est\u00e1 disponible en todas partes"},"content":{"rendered":"<h2>C\u00f3mo jugar BonoLoto en l\u00ednea<\/h2>\n<p>Jugar BonoLoto es m\u00e1s f\u00e1cil de lo que piensas. Todo lo que tienes que hacer es saber por d\u00f3nde empezar y <strong> d\u00f3nde comprar tus entradas <\/strong>. Y el mejor lugar donde puede hacer exactamente eso es con nosotros, y unos sencillos pasos.<\/p>\n<p>Nuestro sistema se asegura de que usted est\u00e9 siendo atendido desde el principio hasta el final. Todo lo que necesita hacer es <strong> configurar una cuenta completamente gratuita <\/strong> y ya est\u00e1 en camino. Podr\u00e1 elegir entre todos los diferentes juegos de loter\u00eda que tenemos disponibles y elegir los boletos y n\u00fameros espec\u00edficos que desee. Luego, puede pagar con su m\u00e9todo de pago preferido y listo.<\/p>\n<p>Todo lo que necesita hacer es <a href=\"https:\/\/onlinelotto365.com\/es\/compra-boletos\"> mirar los diferentes juegos de loter\u00eda que tenemos disponibles <\/a> y seleccionar el correcto (BonoLoto). A partir de ah\u00ed, eliges los n\u00fameros que quieres jugar. Si elige demasiados o muy pocos, no importa, nuestro sistema le avisar\u00e1 exactamente lo que debe hacer para que pueda corregir su ticket. O puede optar por dejar que la computadora le asigne n\u00fameros al azar.<\/p>\n<p>Una vez que tenga los boletos que desea para BonoLoto, puede optar por agregar boletos de otros juegos tambi\u00e9n. Va a ser muy simple y solo tomar\u00e1 unos minutos. Espera a que llegue su correo electr\u00f3nico de verificaci\u00f3n en el correo electr\u00f3nico que nos proporciona y hace clic en el enlace. Eso es todo lo que necesita para configurar su cuenta. De esa manera, puede seguir comprando boletos.<\/p>\n<p>Aseg\u00farese de estar atento al enlace de verificaci\u00f3n en su bandeja de entrada de correo electr\u00f3nico habitual, as\u00ed como en su carpeta de correo no deseado, solo para estar seguro. Si no estamos en su libreta de direcciones, es posible que no vea el correo electr\u00f3nico en la carpeta de su cuenta habitual.<br \/>\n<a href=\"https:\/\/redfoxlotto.com\/es\/jugar\/bonoloto\/?ref=a8564250a2&amp;medium=ol365\" target=\"_blank\" rel=\"noopener noreferrer\"> <img decoding=\"async\" class=\"aligncenter\" src=\"https:\/\/redfoxlotto.com\/image?size=8&amp;lottery=bonoloto\" alt=\"Bono Lotto\" \/> <\/a><\/p>\n<h2>Acerca de BonoLoto<\/h2>\n<ul>\n<li style=\"list-style-type: none;\">\n<ul>\n<li>Pa\u00eds: Espa\u00f1a<\/li>\n<li>Rango de n\u00fameros principales: 49<\/li>\n<li>Debes seleccionar: 6<\/li>\n<li>D\u00edas, horarios de sorteos: todos los d\u00edas excepto domingos, de 21:30 CET a 21:30 CET<\/li>\n<li>El premio mayor comienza en: 400.000 \u20ac<\/li>\n<li>El premio mayor tiene un l\u00edmite de: ninguno<\/li>\n<li>Posibilidad de ganar el premio mayor: 1 en 13983816<\/li>\n<li>Posibilidad de ganar el segundo premio: 1 en 2330636<\/li>\n<li>Posibilidad de ganar cualquier premio: 1 en 8,43<\/li>\n<li>N\u00famero de categor\u00edas de premios: 6<\/li>\n<\/ul>\n<\/li>\n<\/ul>\n<h2>Mejores caracter\u00edsticas de BonoLoto<\/h2>\n<p>BonoLoto existe desde hace bastante tiempo, y durante ese tiempo se han repartido muchos premios. A\u00fan mejor, tiene cuatro dibujos diferentes cada semana y originalmente se cre\u00f3 para ser una opci\u00f3n asequible. Todav\u00eda lo es y puedes ganar una parte del 55% de los ingresos en premios totales.<\/p>\n<h2>C\u00f3mo comprobar los resultados de BonoLoto <img loading=\"lazy\" decoding=\"async\" class=\"alignright wp-image-3656\" src=\"https:\/\/onlinelotto365.com\/wp-content\/uploads\/2020\/11\/online_lottery-16-300x200.jpg\" alt=\"jugar bonoloto online\" width=\"215\" height=\"143\" srcset=\"https:\/\/onlinelotto365.com\/wp-content\/uploads\/2020\/11\/online_lottery-16-300x200.jpg 300w, https:\/\/onlinelotto365.com\/wp-content\/uploads\/2020\/11\/online_lottery-16.jpg 320w\" sizes=\"auto, (max-width: 215px) 100vw, 215px\" \/><\/h2>\n<p>\u00bfEst\u00e1s listo para ver cu\u00e1les son los <a href=\"https:\/\/onlinelotto365.com\/es\/numeros-ganadores\"> n\u00fameros ganadores <\/a> de BonoLoto? Bueno, en realidad es bastante simple porque todo lo que tienes que hacer es ir al sitio web oficial de BonoLoto. O puede optar por consultar los peri\u00f3dicos y estaciones de televisi\u00f3n locales. Todos estos lugares informan los n\u00fameros ganadores.<br \/>\nPero el mejor lugar para ir es definitivamente el lugar donde compr\u00f3 su boleto, que est\u00e1 aqu\u00ed. Podr\u00e1 ver los n\u00fameros ganadores, as\u00ed como sus propios n\u00fameros y c\u00f3mo se comparan. De esa manera, tambi\u00e9n puede ver sus ganancias de inmediato.<\/p>\n<h2>Jugaste BonoLoto en l\u00ednea y ganaste. \u00bfQu\u00e9 pasa despu\u00e9s?<\/h2>\n<ul>\n<li>Si gana menos de 2500 \u20ac, no tiene que hacer nada. Eso es porque reclamamos el dinero por usted y lo depositamos directamente en su cuenta. Estar\u00e1 ah\u00ed para que lo uses cuando quieras. O puede retirarlo a su cuenta bancaria habitual si tiene al menos 10 \u20ac.<\/li>\n<li>Si ha ganado m\u00e1s de 2500 \u20ac, tendr\u00e1 que esperar para recibir noticias de nuestro equipo de asistencia porque hay un poco m\u00e1s de participaci\u00f3n para que pueda obtener sus ganancias. Afortunadamente, lo ayudamos con el proceso y lo ayudamos a comenzar de inmediato para que pueda enviar su dinero por cheque o directamente a su cuenta.<\/li>\n<\/ul>\n","protected":false},"excerpt":{"rendered":"<p>C\u00f3mo jugar BonoLoto en l\u00ednea Jugar BonoLoto es m\u00e1s f\u00e1cil de lo que piensas. Todo lo que tienes que hacer es saber por d\u00f3nde empezar y d\u00f3nde comprar tus entradas . Y el mejor lugar donde puede hacer exactamente eso es con nosotros, y unos sencillos pasos. Nuestro sistema se asegura de que usted est\u00e9 [&hellip;]<\/p>\n","protected":false},"author":1,"featured_media":0,"parent":5037,"menu_order":8,"comment_status":"closed","ping_status":"closed","template":"","meta":{"_et_pb_use_builder":"","_et_pb_old_content":"","_et_gb_content_width":"","exclude_from_search":false,"footnotes":""},"class_list":["post-10624","page","type-page","status-publish","hentry"],"yoast_head":"<!-- This site is optimized with the Yoast SEO plugin v23.4 - https:\/\/yoast.com\/wordpress\/plugins\/seo\/ -->\n<title>C\u00f3mo jugar a BonoLoto si vives en M\u00e9xico<\/title>\n<meta name=\"description\" content=\"Pedir legalmente las entradas para jugar al Bonoloto aqu\u00ed en nuestra p\u00e1gina web\" \/>\n<meta name=\"robots\" content=\"index, follow, max-snippet:-1, max-image-preview:large, max-video-preview:-1\" \/>\n<link rel=\"canonical\" href=\"https:\/\/onlinelotto365.com\/es\/jugar\/bonoloto\/\" \/>\n<meta property=\"og:locale\" content=\"es_ES\" \/>\n<meta property=\"og:type\" content=\"article\" \/>\n<meta property=\"og:title\" content=\"C\u00f3mo jugar a BonoLoto si vives en M\u00e9xico\" \/>\n<meta property=\"og:description\" content=\"Pedir legalmente las entradas para jugar al Bonoloto aqu\u00ed en nuestra p\u00e1gina web\" \/>\n<meta property=\"og:url\" content=\"https:\/\/onlinelotto365.com\/es\/jugar\/bonoloto\/\" \/>\n<meta property=\"og:site_name\" content=\"OnlineLotto365\" \/>\n<meta property=\"article:modified_time\" content=\"2021-01-05T11:55:33+00:00\" \/>\n<meta property=\"og:image\" content=\"https:\/\/redfoxlotto.com\/image?size=8&amp;lottery=bonoloto\" \/>\n<meta name=\"twitter:card\" content=\"summary_large_image\" \/>\n<meta name=\"twitter:label1\" content=\"Tiempo de lectura\" \/>\n\t<meta name=\"twitter:data1\" content=\"3 minutos\" \/>\n<script type=\"application\/ld+json\" class=\"yoast-schema-graph\">{\"@context\":\"https:\/\/schema.org\",\"@graph\":[{\"@type\":\"WebPage\",\"@id\":\"https:\/\/onlinelotto365.com\/es\/jugar\/bonoloto\/\",\"url\":\"https:\/\/onlinelotto365.com\/es\/jugar\/bonoloto\/\",\"name\":\"C\u00f3mo jugar a BonoLoto si vives en M\u00e9xico\",\"isPartOf\":{\"@id\":\"https:\/\/onlinelotto365.com\/es\/#website\"},\"primaryImageOfPage\":{\"@id\":\"https:\/\/onlinelotto365.com\/es\/jugar\/bonoloto\/#primaryimage\"},\"image\":{\"@id\":\"https:\/\/onlinelotto365.com\/es\/jugar\/bonoloto\/#primaryimage\"},\"thumbnailUrl\":\"https:\/\/redfoxlotto.com\/image?size=8&amp;lottery=bonoloto\",\"datePublished\":\"2020-12-17T18:30:27+00:00\",\"dateModified\":\"2021-01-05T11:55:33+00:00\",\"description\":\"Pedir legalmente las entradas para jugar al Bonoloto aqu\u00ed en nuestra p\u00e1gina web\",\"breadcrumb\":{\"@id\":\"https:\/\/onlinelotto365.com\/es\/jugar\/bonoloto\/#breadcrumb\"},\"inLanguage\":\"es\",\"potentialAction\":[{\"@type\":\"ReadAction\",\"target\":[\"https:\/\/onlinelotto365.com\/es\/jugar\/bonoloto\/\"]}]},{\"@type\":\"ImageObject\",\"inLanguage\":\"es\",\"@id\":\"https:\/\/onlinelotto365.com\/es\/jugar\/bonoloto\/#primaryimage\",\"url\":\"https:\/\/redfoxlotto.com\/image?size=8&amp;lottery=bonoloto\",\"contentUrl\":\"https:\/\/redfoxlotto.com\/image?size=8&amp;lottery=bonoloto\"},{\"@type\":\"BreadcrumbList\",\"@id\":\"https:\/\/onlinelotto365.com\/es\/jugar\/bonoloto\/#breadcrumb\",\"itemListElement\":[{\"@type\":\"ListItem\",\"position\":1,\"name\":\"Home\",\"item\":\"https:\/\/onlinelotto365.com\/es\/\"},{\"@type\":\"ListItem\",\"position\":2,\"name\":\"Todo lo que tienes que saber sobre tus opciones para jugar a las mejores loter\u00edas en l\u00ednea\",\"item\":\"https:\/\/onlinelotto365.com\/es\/jugar\/\"},{\"@type\":\"ListItem\",\"position\":3,\"name\":\"Bonoloto ahora est\u00e1 disponible en todas partes\"}]},{\"@type\":\"WebSite\",\"@id\":\"https:\/\/onlinelotto365.com\/es\/#website\",\"url\":\"https:\/\/onlinelotto365.com\/es\/\",\"name\":\"OnlineLotto365\",\"description\":\"\",\"potentialAction\":[{\"@type\":\"SearchAction\",\"target\":{\"@type\":\"EntryPoint\",\"urlTemplate\":\"https:\/\/onlinelotto365.com\/es\/?s={search_term_string}\"},\"query-input\":{\"@type\":\"PropertyValueSpecification\",\"valueRequired\":true,\"valueName\":\"search_term_string\"}}],\"inLanguage\":\"es\"}]}<\/script>\n<!-- \/ Yoast SEO plugin. -->","yoast_head_json":{"title":"C\u00f3mo jugar a BonoLoto si vives en M\u00e9xico","description":"Pedir legalmente las entradas para jugar al Bonoloto aqu\u00ed en nuestra p\u00e1gina web","robots":{"index":"index","follow":"follow","max-snippet":"max-snippet:-1","max-image-preview":"max-image-preview:large","max-video-preview":"max-video-preview:-1"},"canonical":"https:\/\/onlinelotto365.com\/es\/jugar\/bonoloto\/","og_locale":"es_ES","og_type":"article","og_title":"C\u00f3mo jugar a BonoLoto si vives en M\u00e9xico","og_description":"Pedir legalmente las entradas para jugar al Bonoloto aqu\u00ed en nuestra p\u00e1gina web","og_url":"https:\/\/onlinelotto365.com\/es\/jugar\/bonoloto\/","og_site_name":"OnlineLotto365","article_modified_time":"2021-01-05T11:55:33+00:00","og_image":[{"url":"https:\/\/redfoxlotto.com\/image?size=8&amp;lottery=bonoloto"}],"twitter_card":"summary_large_image","twitter_misc":{"Tiempo de lectura":"3 minutos"},"schema":{"@context":"https:\/\/schema.org","@graph":[{"@type":"WebPage","@id":"https:\/\/onlinelotto365.com\/es\/jugar\/bonoloto\/","url":"https:\/\/onlinelotto365.com\/es\/jugar\/bonoloto\/","name":"C\u00f3mo jugar a BonoLoto si vives en M\u00e9xico","isPartOf":{"@id":"https:\/\/onlinelotto365.com\/es\/#website"},"primaryImageOfPage":{"@id":"https:\/\/onlinelotto365.com\/es\/jugar\/bonoloto\/#primaryimage"},"image":{"@id":"https:\/\/onlinelotto365.com\/es\/jugar\/bonoloto\/#primaryimage"},"thumbnailUrl":"https:\/\/redfoxlotto.com\/image?size=8&amp;lottery=bonoloto","datePublished":"2020-12-17T18:30:27+00:00","dateModified":"2021-01-05T11:55:33+00:00","description":"Pedir legalmente las entradas para jugar al Bonoloto aqu\u00ed en nuestra p\u00e1gina web","breadcrumb":{"@id":"https:\/\/onlinelotto365.com\/es\/jugar\/bonoloto\/#breadcrumb"},"inLanguage":"es","potentialAction":[{"@type":"ReadAction","target":["https:\/\/onlinelotto365.com\/es\/jugar\/bonoloto\/"]}]},{"@type":"ImageObject","inLanguage":"es","@id":"https:\/\/onlinelotto365.com\/es\/jugar\/bonoloto\/#primaryimage","url":"https:\/\/redfoxlotto.com\/image?size=8&amp;lottery=bonoloto","contentUrl":"https:\/\/redfoxlotto.com\/image?size=8&amp;lottery=bonoloto"},{"@type":"BreadcrumbList","@id":"https:\/\/onlinelotto365.com\/es\/jugar\/bonoloto\/#breadcrumb","itemListElement":[{"@type":"ListItem","position":1,"name":"Home","item":"https:\/\/onlinelotto365.com\/es\/"},{"@type":"ListItem","position":2,"name":"Todo lo que tienes que saber sobre tus opciones para jugar a las mejores loter\u00edas en l\u00ednea","item":"https:\/\/onlinelotto365.com\/es\/jugar\/"},{"@type":"ListItem","position":3,"name":"Bonoloto ahora est\u00e1 disponible en todas partes"}]},{"@type":"WebSite","@id":"https:\/\/onlinelotto365.com\/es\/#website","url":"https:\/\/onlinelotto365.com\/es\/","name":"OnlineLotto365","description":"","potentialAction":[{"@type":"SearchAction","target":{"@type":"EntryPoint","urlTemplate":"https:\/\/onlinelotto365.com\/es\/?s={search_term_string}"},"query-input":{"@type":"PropertyValueSpecification","valueRequired":true,"valueName":"search_term_string"}}],"inLanguage":"es"}]}},"_links":{"self":[{"href":"https:\/\/onlinelotto365.com\/es\/wp-json\/wp\/v2\/pages\/10624","targetHints":{"allow":["GET"]}}],"collection":[{"href":"https:\/\/onlinelotto365.com\/es\/wp-json\/wp\/v2\/pages"}],"about":[{"href":"https:\/\/onlinelotto365.com\/es\/wp-json\/wp\/v2\/types\/page"}],"author":[{"embeddable":true,"href":"https:\/\/onlinelotto365.com\/es\/wp-json\/wp\/v2\/users\/1"}],"replies":[{"embeddable":true,"href":"https:\/\/onlinelotto365.com\/es\/wp-json\/wp\/v2\/comments?post=10624"}],"version-history":[{"count":0,"href":"https:\/\/onlinelotto365.com\/es\/wp-json\/wp\/v2\/pages\/10624\/revisions"}],"up":[{"embeddable":true,"href":"https:\/\/onlinelotto365.com\/es\/wp-json\/wp\/v2\/pages\/5037"}],"wp:attachment":[{"href":"https:\/\/onlinelotto365.com\/es\/wp-json\/wp\/v2\/media?parent=10624"}],"curies":[{"name":"wp","href":"https:\/\/api.w.org\/{rel}","templated":true}]}}