{"id":10626,"date":"2020-12-17T19:31:25","date_gmt":"2020-12-17T18:31:25","guid":{"rendered":"http:\/\/onlinelotto365.net\/?page_id=10626"},"modified":"2021-01-05T12:55:50","modified_gmt":"2021-01-05T11:55:50","slug":"uk-lottery","status":"publish","type":"page","link":"https:\/\/onlinelotto365.com\/es\/jugar\/uk-lottery\/","title":{"rendered":"\u00bfC\u00f3mo pueden los residentes de M\u00e9xico jugar a la Loter\u00eda del Reino Unido en l\u00ednea?"},"content":{"rendered":"<h2>Acerca de la loter\u00eda del Reino Unido<\/h2>\n<p>Con seis n\u00fameros para elegir de 59 y sin n\u00fameros adicionales, las probabilidades de ganar son buenas en comparaci\u00f3n con <a href=\"https:\/\/onlinelotto365.com\/es\/compra-boletos\/powerball\"> Powerball <\/a> o <a href=\"https:\/\/onlinelotto365.com\/es\/compra-boletos\/mega-millions\"> Mega Millions <\/a>. Si tiene correctamente 5 de los 6 n\u00fameros, tendr\u00e1 garantizados 2,5 millones de libras esterlinas y, con los seis, ser\u00e1 un ganador del premio mayor. <strong> A menos que viva en el Reino Unido, jugar en l\u00ednea a trav\u00e9s de nuestro servicio es su \u00fanica opci\u00f3n para participar. <\/strong><\/p>\n<ul>\n<li>Pa\u00eds: Reino Unido<\/li>\n<li>Rango de n\u00fameros principales: 59<\/li>\n<li>Elige: 6<\/li>\n<li>Rango de n\u00fameros adicionales: ninguno<\/li>\n<li>Elige: ninguno<\/li>\n<li>D\u00edas y horarios del sorteo: mi\u00e9rcoles, s\u00e1bado 19:30 UTC, 19:30 CET<\/li>\n<li>Premio mayor m\u00ednimo: 2,5 millones de GBP<\/li>\n<li>Jackpot m\u00e1ximo: 22 millones de GBP<\/li>\n<li>Probabilidad de ganar el premio mayor: 1 en 45.057.474<\/li>\n<li>Probabilidad de una victoria de nivel 2: 1 en 7.509.579<\/li>\n<li>Probabilidad de ganar en cualquier nivel: 1 en 9,27<\/li>\n<li>N\u00famero de niveles de premios: 6<\/li>\n<\/ul>\n<p><a href=\"https:\/\/redfoxlotto.com\/es\/jugar\/lotto-uk\/?ref=a8564250a2&amp;medium=ol365\" target=\"_blank\" rel=\"noopener noreferrer\"> <img decoding=\"async\" class=\"aligncenter\" src=\" https:\/\/redfoxlotto.com\/image?size=8&amp;lottery=lotto-uk \" alt=\" Loter\u00eda del Reino Unido \" width=\" 720 \" height=\" 90 \" \/> <\/a><\/p>\n<h2>\u00bfPor qu\u00e9 los premios mayores de la loter\u00eda del Reino Unido suelen ser bastante bajos?<\/h2>\n<p>Bueno, por el simple hecho de que el premio mayor de la loter\u00eda de M\u00e9xico solo se puede acumular 5 veces. Despu\u00e9s de eso, el premio mayor se puede ganar con solo 5 de seis n\u00fameros en su boleto de loter\u00eda. Teniendo en cuenta esta regla, tendr\u00eda sentido jugar a esta loter\u00eda cada vez que el premio mayor no se haya ganado cinco veces seguidas. En ese momento, tienes muchas m\u00e1s probabilidades de ganar el premio mayor. Ese premio mayor debe ser lo suficientemente grande como para colocarlo en una posici\u00f3n en la que no tenga que preocuparse por el dinero por el resto de su vida.<\/p>\n<p>Sin embargo, existe una buena posibilidad de que despu\u00e9s de cinco acumulaciones, el <a href=\"https:\/\/onlinelotto365.com\/es\/news\/los-botes-de-loteria-mas-grandes-de-la-historia\"> jackpot <\/a> tenga que dividirse entre varios ganadores. Con las probabilidades m\u00e1s bajas y m\u00e1s gente jugando, puede haber m\u00e1s de un ganador para el segundo nivel de premios.<\/p>\n<h2>\u00bfNo quiere dividir el premio mayor?<\/h2>\n<p>Existe una estrategia de loter\u00eda para evitar dividir el premio mayor: elija una <strong> combinaci\u00f3n de n\u00fameros que parezca menos probable que otros jugadores elijan tambi\u00e9n <\/strong>. Por ejemplo, use menos n\u00fameros entre 1 y 31 (hay demasiados jugadores que usan fechas de nacimiento como sus n\u00fameros de la suerte), o use 3 n\u00fameros entre 30 y 40 y tres n\u00fameros entre 50 y 56. Use su imaginaci\u00f3n para crear m\u00e1s \u00abimpares \u00abn\u00fameros.<\/p>\n","protected":false},"excerpt":{"rendered":"<p>Acerca de la loter\u00eda del Reino Unido Con seis n\u00fameros para elegir de 59 y sin n\u00fameros adicionales, las probabilidades de ganar son buenas en comparaci\u00f3n con Powerball o Mega Millions . Si tiene correctamente 5 de los 6 n\u00fameros, tendr\u00e1 garantizados 2,5 millones de libras esterlinas y, con los seis, ser\u00e1 un ganador del [&hellip;]<\/p>\n","protected":false},"author":1,"featured_media":0,"parent":5037,"menu_order":9,"comment_status":"closed","ping_status":"closed","template":"lotto-uk.php","meta":{"_et_pb_use_builder":"","_et_pb_old_content":"","_et_gb_content_width":"","exclude_from_search":false,"footnotes":""},"class_list":["post-10626","page","type-page","status-publish","hentry"],"yoast_head":"<!-- This site is optimized with the Yoast SEO plugin v23.4 - https:\/\/yoast.com\/wordpress\/plugins\/seo\/ -->\n<title>Jugar a la loter\u00eda en l\u00ednea desde M\u00e9xico | \u00bfPuedo participar en la loter\u00eda del Reino Unido si vivo en M\u00e9xico?<\/title>\n<meta name=\"description\" content=\"Participar en la loter\u00eda del Reino Unido desde otros pa\u00edses como M\u00e9xico es f\u00e1cil ahora con nuestro servicio en l\u00ednea\" \/>\n<meta name=\"robots\" content=\"index, follow, max-snippet:-1, max-image-preview:large, max-video-preview:-1\" \/>\n<link rel=\"canonical\" href=\"https:\/\/onlinelotto365.com\/es\/jugar\/uk-lottery\/\" \/>\n<meta property=\"og:locale\" content=\"es_ES\" \/>\n<meta property=\"og:type\" content=\"article\" \/>\n<meta property=\"og:title\" content=\"Jugar a la loter\u00eda en l\u00ednea desde M\u00e9xico | \u00bfPuedo participar en la loter\u00eda del Reino Unido si vivo en M\u00e9xico?\" \/>\n<meta property=\"og:description\" content=\"Participar en la loter\u00eda del Reino Unido desde otros pa\u00edses como M\u00e9xico es f\u00e1cil ahora con nuestro servicio en l\u00ednea\" \/>\n<meta property=\"og:url\" content=\"https:\/\/onlinelotto365.com\/es\/jugar\/uk-lottery\/\" \/>\n<meta property=\"og:site_name\" content=\"OnlineLotto365\" \/>\n<meta property=\"article:modified_time\" content=\"2021-01-05T11:55:50+00:00\" \/>\n<meta name=\"twitter:card\" content=\"summary_large_image\" \/>\n<meta name=\"twitter:label1\" content=\"Tiempo de lectura\" \/>\n\t<meta name=\"twitter:data1\" content=\"2 minutos\" \/>\n<script type=\"application\/ld+json\" class=\"yoast-schema-graph\">{\"@context\":\"https:\/\/schema.org\",\"@graph\":[{\"@type\":\"WebPage\",\"@id\":\"https:\/\/onlinelotto365.com\/es\/jugar\/uk-lottery\/\",\"url\":\"https:\/\/onlinelotto365.com\/es\/jugar\/uk-lottery\/\",\"name\":\"Jugar a la loter\u00eda en l\u00ednea desde M\u00e9xico | \u00bfPuedo participar en la loter\u00eda del Reino Unido si vivo en M\u00e9xico?\",\"isPartOf\":{\"@id\":\"https:\/\/onlinelotto365.com\/es\/#website\"},\"datePublished\":\"2020-12-17T18:31:25+00:00\",\"dateModified\":\"2021-01-05T11:55:50+00:00\",\"description\":\"Participar en la loter\u00eda del Reino Unido desde otros pa\u00edses como M\u00e9xico es f\u00e1cil ahora con nuestro servicio en l\u00ednea\",\"breadcrumb\":{\"@id\":\"https:\/\/onlinelotto365.com\/es\/jugar\/uk-lottery\/#breadcrumb\"},\"inLanguage\":\"es\",\"potentialAction\":[{\"@type\":\"ReadAction\",\"target\":[\"https:\/\/onlinelotto365.com\/es\/jugar\/uk-lottery\/\"]}]},{\"@type\":\"BreadcrumbList\",\"@id\":\"https:\/\/onlinelotto365.com\/es\/jugar\/uk-lottery\/#breadcrumb\",\"itemListElement\":[{\"@type\":\"ListItem\",\"position\":1,\"name\":\"Home\",\"item\":\"https:\/\/onlinelotto365.com\/es\/\"},{\"@type\":\"ListItem\",\"position\":2,\"name\":\"Todo lo que tienes que saber sobre tus opciones para jugar a las mejores loter\u00edas en l\u00ednea\",\"item\":\"https:\/\/onlinelotto365.com\/es\/jugar\/\"},{\"@type\":\"ListItem\",\"position\":3,\"name\":\"\u00bfC\u00f3mo pueden los residentes de M\u00e9xico jugar a la Loter\u00eda del Reino Unido en l\u00ednea?\"}]},{\"@type\":\"WebSite\",\"@id\":\"https:\/\/onlinelotto365.com\/es\/#website\",\"url\":\"https:\/\/onlinelotto365.com\/es\/\",\"name\":\"OnlineLotto365\",\"description\":\"\",\"potentialAction\":[{\"@type\":\"SearchAction\",\"target\":{\"@type\":\"EntryPoint\",\"urlTemplate\":\"https:\/\/onlinelotto365.com\/es\/?s={search_term_string}\"},\"query-input\":{\"@type\":\"PropertyValueSpecification\",\"valueRequired\":true,\"valueName\":\"search_term_string\"}}],\"inLanguage\":\"es\"}]}<\/script>\n<!-- \/ Yoast SEO plugin. -->","yoast_head_json":{"title":"Jugar a la loter\u00eda en l\u00ednea desde M\u00e9xico | \u00bfPuedo participar en la loter\u00eda del Reino Unido si vivo en M\u00e9xico?","description":"Participar en la loter\u00eda del Reino Unido desde otros pa\u00edses como M\u00e9xico es f\u00e1cil ahora con nuestro servicio en l\u00ednea","robots":{"index":"index","follow":"follow","max-snippet":"max-snippet:-1","max-image-preview":"max-image-preview:large","max-video-preview":"max-video-preview:-1"},"canonical":"https:\/\/onlinelotto365.com\/es\/jugar\/uk-lottery\/","og_locale":"es_ES","og_type":"article","og_title":"Jugar a la loter\u00eda en l\u00ednea desde M\u00e9xico | \u00bfPuedo participar en la loter\u00eda del Reino Unido si vivo en M\u00e9xico?","og_description":"Participar en la loter\u00eda del Reino Unido desde otros pa\u00edses como M\u00e9xico es f\u00e1cil ahora con nuestro servicio en l\u00ednea","og_url":"https:\/\/onlinelotto365.com\/es\/jugar\/uk-lottery\/","og_site_name":"OnlineLotto365","article_modified_time":"2021-01-05T11:55:50+00:00","twitter_card":"summary_large_image","twitter_misc":{"Tiempo de lectura":"2 minutos"},"schema":{"@context":"https:\/\/schema.org","@graph":[{"@type":"WebPage","@id":"https:\/\/onlinelotto365.com\/es\/jugar\/uk-lottery\/","url":"https:\/\/onlinelotto365.com\/es\/jugar\/uk-lottery\/","name":"Jugar a la loter\u00eda en l\u00ednea desde M\u00e9xico | \u00bfPuedo participar en la loter\u00eda del Reino Unido si vivo en M\u00e9xico?","isPartOf":{"@id":"https:\/\/onlinelotto365.com\/es\/#website"},"datePublished":"2020-12-17T18:31:25+00:00","dateModified":"2021-01-05T11:55:50+00:00","description":"Participar en la loter\u00eda del Reino Unido desde otros pa\u00edses como M\u00e9xico es f\u00e1cil ahora con nuestro servicio en l\u00ednea","breadcrumb":{"@id":"https:\/\/onlinelotto365.com\/es\/jugar\/uk-lottery\/#breadcrumb"},"inLanguage":"es","potentialAction":[{"@type":"ReadAction","target":["https:\/\/onlinelotto365.com\/es\/jugar\/uk-lottery\/"]}]},{"@type":"BreadcrumbList","@id":"https:\/\/onlinelotto365.com\/es\/jugar\/uk-lottery\/#breadcrumb","itemListElement":[{"@type":"ListItem","position":1,"name":"Home","item":"https:\/\/onlinelotto365.com\/es\/"},{"@type":"ListItem","position":2,"name":"Todo lo que tienes que saber sobre tus opciones para jugar a las mejores loter\u00edas en l\u00ednea","item":"https:\/\/onlinelotto365.com\/es\/jugar\/"},{"@type":"ListItem","position":3,"name":"\u00bfC\u00f3mo pueden los residentes de M\u00e9xico jugar a la Loter\u00eda del Reino Unido en l\u00ednea?"}]},{"@type":"WebSite","@id":"https:\/\/onlinelotto365.com\/es\/#website","url":"https:\/\/onlinelotto365.com\/es\/","name":"OnlineLotto365","description":"","potentialAction":[{"@type":"SearchAction","target":{"@type":"EntryPoint","urlTemplate":"https:\/\/onlinelotto365.com\/es\/?s={search_term_string}"},"query-input":{"@type":"PropertyValueSpecification","valueRequired":true,"valueName":"search_term_string"}}],"inLanguage":"es"}]}},"_links":{"self":[{"href":"https:\/\/onlinelotto365.com\/es\/wp-json\/wp\/v2\/pages\/10626","targetHints":{"allow":["GET"]}}],"collection":[{"href":"https:\/\/onlinelotto365.com\/es\/wp-json\/wp\/v2\/pages"}],"about":[{"href":"https:\/\/onlinelotto365.com\/es\/wp-json\/wp\/v2\/types\/page"}],"author":[{"embeddable":true,"href":"https:\/\/onlinelotto365.com\/es\/wp-json\/wp\/v2\/users\/1"}],"replies":[{"embeddable":true,"href":"https:\/\/onlinelotto365.com\/es\/wp-json\/wp\/v2\/comments?post=10626"}],"version-history":[{"count":0,"href":"https:\/\/onlinelotto365.com\/es\/wp-json\/wp\/v2\/pages\/10626\/revisions"}],"up":[{"embeddable":true,"href":"https:\/\/onlinelotto365.com\/es\/wp-json\/wp\/v2\/pages\/5037"}],"wp:attachment":[{"href":"https:\/\/onlinelotto365.com\/es\/wp-json\/wp\/v2\/media?parent=10626"}],"curies":[{"name":"wp","href":"https:\/\/api.w.org\/{rel}","templated":true}]}}