{"id":10628,"date":"2020-12-17T19:32:34","date_gmt":"2020-12-17T18:32:34","guid":{"rendered":"http:\/\/onlinelotto365.net\/?page_id=10628"},"modified":"2021-01-05T12:56:19","modified_gmt":"2021-01-05T11:56:19","slug":"set-for-life","status":"publish","type":"page","link":"https:\/\/onlinelotto365.com\/es\/jugar\/set-for-life\/","title":{"rendered":"\u00bfEs posible jugar a la loter\u00eda Set for life en l\u00ednea?"},"content":{"rendered":"<p>Did you know that the Set for Life lottery can give you a chance to <strong>win \u00a310,000 every month?<\/strong> If you are interested in trying your luck in a lottery, the Set for Life is a fantastic way to start. Set for Life lottery is best known to be the only game that allows you to play numbers in seven consecutive daily draws. This simply means that you have plenty of chances to win the jackpot every day of the week.<\/p>\n<p>Here we will make you get to know more about Set for Life and understand why a lot of people continue to play this lottery.<\/p>\n<p>Set for Life was organized by the National Lottery and earned the title of being Mexico&#8217;s first annuity lottery game. The lottery gives a chance for the players to win a monthly payment of \u00a310,000 for a 30 year time period.<\/p>\n<p>And even though it is a UK lottery, you can <strong>play Set for life online from Mexico.<\/strong> Our <a href=\"https:\/\/onlinelotto365.com\/es\/news\/servicio-de-boletos-para-loterias-internacionales\">online ticket service for global lotteries<\/a> enables players from all over the world to participate in the best lotteries with the largest jackpots.<\/p>\n<p><a href=\"https:\/\/redfoxlotto.com\/es\/jugar\/set-for-life-uk\/?ref=a8564250a2&amp;medium=ol365\" target=\"_blank\" rel=\"noopener noreferrer\"><img decoding=\"async\" class=\"aligncenter\" src=\"https:\/\/redfoxlotto.com\/image?size=8&amp;lottery=set-for-life-uk\" alt=\"&quot;Set\" \/><\/a><\/p>\n<h2>About Set for life lotto<\/h2>\n<ul>\n<li>Country: United Kingdom<\/li>\n<li>Main numbers range: 45<\/li>\n<li>You pick: 5<\/li>\n<li>Extra numbers range: 10<\/li>\n<li>You pick: 1<\/li>\n<li>Draw days, hours: Monday, Thursday, 20:00 GMT, 21:00 CET<\/li>\n<li>Minimum jackpot: none<\/li>\n<li>Maximum jackpot: none<\/li>\n<li>Probability of winning the jackpot: 1 in 15.339.390<\/li>\n<li>Probability of a tier 2 win: 1 in 1.704.377<\/li>\n<li>Probability to win in any tier: 1 in 12,4<\/li>\n<li>Number of prize tiers: 8<\/li>\n<\/ul>\n<p>Like other lotteries in the UK, the Set for Life is a draw game. If you play the lottery, you need to select <strong>five numbers from the guessing range of 1 to 47, including a \u201clife ball\u201d number from 1 &#8211; 10<\/strong>. Once your five numbers and life ball number are chosen, you will have a chance to win a total jackpot of \u00a310,000 each month.<\/p>\n<h2>Set for Life Draw<\/h2>\n<p>Set for Life lottery runs every Monday and Thursday, and in the UK, players can <a href=\"https:\/\/onlinelotto365.com\/es\/compra-boletos\">buy lotto tickets<\/a> at their local lotto shop. The draw closes at 9 pm EAST every night. The latest results of the Set for Life are typically available on the day of the draw, which is 9:45 pm GMT. Please take note that the dividends for every game are being updated shortly after the draw. Also, dividend updates are usually available to the public morning after the lotto draw.<\/p>\n<h2>How to Win Set for Life Lottery<\/h2>\n<p>Set for Life lottery&#8217;s first prize offers a monthly payment of \u00a310,000 and four players have a chance to win the prize in every draw. For you to win the jackpot prize, your numbers need to match the eight winning numbers during the single set. Meaning, there is a total of eight prize categories in the Set for Life lottery. You have a chance to win a prize with four winning numbers, including one bonus number in each set.<\/p>\n<p><strong>Set for Life offers favorable odds to win the jackpot<\/strong>. For example, other prizes that require a match of one or more numbers give you a 1 in 12 chance of winning even that would be just \u00a35.<\/p>\n<p>So, if you can feel your luck, it will be worth going for a Set for Life ticket! We give you a <a href=\"https:\/\/onlinelotto365.com\/es\/jugar\">wide range of international lotteries that you can play<\/a> from Mexico, for jackpots with hundreds of millions in winnings.<\/p>\n","protected":false},"excerpt":{"rendered":"<p>Did you know that the Set for Life lottery can give you a chance to win \u00a310,000 every month? If you are interested in trying your luck in a lottery, the Set for Life is a fantastic way to start. Set for Life lottery is best known to be the only game that allows you [&hellip;]<\/p>\n","protected":false},"author":1,"featured_media":0,"parent":5037,"menu_order":10,"comment_status":"closed","ping_status":"closed","template":"set-for-life.php","meta":{"_et_pb_use_builder":"","_et_pb_old_content":"","_et_gb_content_width":"","exclude_from_search":false,"footnotes":""},"class_list":["post-10628","page","type-page","status-publish","hentry"],"yoast_head":"<!-- This site is optimized with the Yoast SEO plugin v23.4 - https:\/\/yoast.com\/wordpress\/plugins\/seo\/ -->\n<title>C\u00f3mo jugar a la loter\u00eda Set for life en l\u00ednea desde M\u00e9xico<\/title>\n<meta name=\"description\" content=\"Compre en l\u00ednea los boletos de la loter\u00eda Set for life si vive en M\u00e9xico.\" \/>\n<meta name=\"robots\" content=\"index, follow, max-snippet:-1, max-image-preview:large, max-video-preview:-1\" \/>\n<link rel=\"canonical\" href=\"https:\/\/onlinelotto365.com\/es\/jugar\/set-for-life\/\" \/>\n<meta property=\"og:locale\" content=\"es_ES\" \/>\n<meta property=\"og:type\" content=\"article\" \/>\n<meta property=\"og:title\" content=\"C\u00f3mo jugar a la loter\u00eda Set for life en l\u00ednea desde M\u00e9xico\" \/>\n<meta property=\"og:description\" content=\"Compre en l\u00ednea los boletos de la loter\u00eda Set for life si vive en M\u00e9xico.\" \/>\n<meta property=\"og:url\" content=\"https:\/\/onlinelotto365.com\/es\/jugar\/set-for-life\/\" \/>\n<meta property=\"og:site_name\" content=\"OnlineLotto365\" \/>\n<meta property=\"article:modified_time\" content=\"2021-01-05T11:56:19+00:00\" \/>\n<meta property=\"og:image\" content=\"https:\/\/redfoxlotto.com\/image?size=8&amp;lottery=set-for-life-uk\" \/>\n<meta name=\"twitter:card\" content=\"summary_large_image\" \/>\n<meta name=\"twitter:label1\" content=\"Tiempo de lectura\" \/>\n\t<meta name=\"twitter:data1\" content=\"3 minutos\" \/>\n<script type=\"application\/ld+json\" class=\"yoast-schema-graph\">{\"@context\":\"https:\/\/schema.org\",\"@graph\":[{\"@type\":\"WebPage\",\"@id\":\"https:\/\/onlinelotto365.com\/es\/jugar\/set-for-life\/\",\"url\":\"https:\/\/onlinelotto365.com\/es\/jugar\/set-for-life\/\",\"name\":\"C\u00f3mo jugar a la loter\u00eda Set for life en l\u00ednea desde M\u00e9xico\",\"isPartOf\":{\"@id\":\"https:\/\/onlinelotto365.com\/es\/#website\"},\"primaryImageOfPage\":{\"@id\":\"https:\/\/onlinelotto365.com\/es\/jugar\/set-for-life\/#primaryimage\"},\"image\":{\"@id\":\"https:\/\/onlinelotto365.com\/es\/jugar\/set-for-life\/#primaryimage\"},\"thumbnailUrl\":\"https:\/\/redfoxlotto.com\/image?size=8&amp;lottery=set-for-life-uk\",\"datePublished\":\"2020-12-17T18:32:34+00:00\",\"dateModified\":\"2021-01-05T11:56:19+00:00\",\"description\":\"Compre en l\u00ednea los boletos de la loter\u00eda Set for life si vive en M\u00e9xico.\",\"breadcrumb\":{\"@id\":\"https:\/\/onlinelotto365.com\/es\/jugar\/set-for-life\/#breadcrumb\"},\"inLanguage\":\"es\",\"potentialAction\":[{\"@type\":\"ReadAction\",\"target\":[\"https:\/\/onlinelotto365.com\/es\/jugar\/set-for-life\/\"]}]},{\"@type\":\"ImageObject\",\"inLanguage\":\"es\",\"@id\":\"https:\/\/onlinelotto365.com\/es\/jugar\/set-for-life\/#primaryimage\",\"url\":\"https:\/\/redfoxlotto.com\/image?size=8&amp;lottery=set-for-life-uk\",\"contentUrl\":\"https:\/\/redfoxlotto.com\/image?size=8&amp;lottery=set-for-life-uk\"},{\"@type\":\"BreadcrumbList\",\"@id\":\"https:\/\/onlinelotto365.com\/es\/jugar\/set-for-life\/#breadcrumb\",\"itemListElement\":[{\"@type\":\"ListItem\",\"position\":1,\"name\":\"Home\",\"item\":\"https:\/\/onlinelotto365.com\/es\/\"},{\"@type\":\"ListItem\",\"position\":2,\"name\":\"Todo lo que tienes que saber sobre tus opciones para jugar a las mejores loter\u00edas en l\u00ednea\",\"item\":\"https:\/\/onlinelotto365.com\/es\/jugar\/\"},{\"@type\":\"ListItem\",\"position\":3,\"name\":\"\u00bfEs posible jugar a la loter\u00eda Set for life en l\u00ednea?\"}]},{\"@type\":\"WebSite\",\"@id\":\"https:\/\/onlinelotto365.com\/es\/#website\",\"url\":\"https:\/\/onlinelotto365.com\/es\/\",\"name\":\"OnlineLotto365\",\"description\":\"\",\"potentialAction\":[{\"@type\":\"SearchAction\",\"target\":{\"@type\":\"EntryPoint\",\"urlTemplate\":\"https:\/\/onlinelotto365.com\/es\/?s={search_term_string}\"},\"query-input\":{\"@type\":\"PropertyValueSpecification\",\"valueRequired\":true,\"valueName\":\"search_term_string\"}}],\"inLanguage\":\"es\"}]}<\/script>\n<!-- \/ Yoast SEO plugin. -->","yoast_head_json":{"title":"C\u00f3mo jugar a la loter\u00eda Set for life en l\u00ednea desde M\u00e9xico","description":"Compre en l\u00ednea los boletos de la loter\u00eda Set for life si vive en M\u00e9xico.","robots":{"index":"index","follow":"follow","max-snippet":"max-snippet:-1","max-image-preview":"max-image-preview:large","max-video-preview":"max-video-preview:-1"},"canonical":"https:\/\/onlinelotto365.com\/es\/jugar\/set-for-life\/","og_locale":"es_ES","og_type":"article","og_title":"C\u00f3mo jugar a la loter\u00eda Set for life en l\u00ednea desde M\u00e9xico","og_description":"Compre en l\u00ednea los boletos de la loter\u00eda Set for life si vive en M\u00e9xico.","og_url":"https:\/\/onlinelotto365.com\/es\/jugar\/set-for-life\/","og_site_name":"OnlineLotto365","article_modified_time":"2021-01-05T11:56:19+00:00","og_image":[{"url":"https:\/\/redfoxlotto.com\/image?size=8&amp;lottery=set-for-life-uk"}],"twitter_card":"summary_large_image","twitter_misc":{"Tiempo de lectura":"3 minutos"},"schema":{"@context":"https:\/\/schema.org","@graph":[{"@type":"WebPage","@id":"https:\/\/onlinelotto365.com\/es\/jugar\/set-for-life\/","url":"https:\/\/onlinelotto365.com\/es\/jugar\/set-for-life\/","name":"C\u00f3mo jugar a la loter\u00eda Set for life en l\u00ednea desde M\u00e9xico","isPartOf":{"@id":"https:\/\/onlinelotto365.com\/es\/#website"},"primaryImageOfPage":{"@id":"https:\/\/onlinelotto365.com\/es\/jugar\/set-for-life\/#primaryimage"},"image":{"@id":"https:\/\/onlinelotto365.com\/es\/jugar\/set-for-life\/#primaryimage"},"thumbnailUrl":"https:\/\/redfoxlotto.com\/image?size=8&amp;lottery=set-for-life-uk","datePublished":"2020-12-17T18:32:34+00:00","dateModified":"2021-01-05T11:56:19+00:00","description":"Compre en l\u00ednea los boletos de la loter\u00eda Set for life si vive en M\u00e9xico.","breadcrumb":{"@id":"https:\/\/onlinelotto365.com\/es\/jugar\/set-for-life\/#breadcrumb"},"inLanguage":"es","potentialAction":[{"@type":"ReadAction","target":["https:\/\/onlinelotto365.com\/es\/jugar\/set-for-life\/"]}]},{"@type":"ImageObject","inLanguage":"es","@id":"https:\/\/onlinelotto365.com\/es\/jugar\/set-for-life\/#primaryimage","url":"https:\/\/redfoxlotto.com\/image?size=8&amp;lottery=set-for-life-uk","contentUrl":"https:\/\/redfoxlotto.com\/image?size=8&amp;lottery=set-for-life-uk"},{"@type":"BreadcrumbList","@id":"https:\/\/onlinelotto365.com\/es\/jugar\/set-for-life\/#breadcrumb","itemListElement":[{"@type":"ListItem","position":1,"name":"Home","item":"https:\/\/onlinelotto365.com\/es\/"},{"@type":"ListItem","position":2,"name":"Todo lo que tienes que saber sobre tus opciones para jugar a las mejores loter\u00edas en l\u00ednea","item":"https:\/\/onlinelotto365.com\/es\/jugar\/"},{"@type":"ListItem","position":3,"name":"\u00bfEs posible jugar a la loter\u00eda Set for life en l\u00ednea?"}]},{"@type":"WebSite","@id":"https:\/\/onlinelotto365.com\/es\/#website","url":"https:\/\/onlinelotto365.com\/es\/","name":"OnlineLotto365","description":"","potentialAction":[{"@type":"SearchAction","target":{"@type":"EntryPoint","urlTemplate":"https:\/\/onlinelotto365.com\/es\/?s={search_term_string}"},"query-input":{"@type":"PropertyValueSpecification","valueRequired":true,"valueName":"search_term_string"}}],"inLanguage":"es"}]}},"_links":{"self":[{"href":"https:\/\/onlinelotto365.com\/es\/wp-json\/wp\/v2\/pages\/10628","targetHints":{"allow":["GET"]}}],"collection":[{"href":"https:\/\/onlinelotto365.com\/es\/wp-json\/wp\/v2\/pages"}],"about":[{"href":"https:\/\/onlinelotto365.com\/es\/wp-json\/wp\/v2\/types\/page"}],"author":[{"embeddable":true,"href":"https:\/\/onlinelotto365.com\/es\/wp-json\/wp\/v2\/users\/1"}],"replies":[{"embeddable":true,"href":"https:\/\/onlinelotto365.com\/es\/wp-json\/wp\/v2\/comments?post=10628"}],"version-history":[{"count":0,"href":"https:\/\/onlinelotto365.com\/es\/wp-json\/wp\/v2\/pages\/10628\/revisions"}],"up":[{"embeddable":true,"href":"https:\/\/onlinelotto365.com\/es\/wp-json\/wp\/v2\/pages\/5037"}],"wp:attachment":[{"href":"https:\/\/onlinelotto365.com\/es\/wp-json\/wp\/v2\/media?parent=10628"}],"curies":[{"name":"wp","href":"https:\/\/api.w.org\/{rel}","templated":true}]}}