{"id":10630,"date":"2020-12-17T19:33:25","date_gmt":"2020-12-17T18:33:25","guid":{"rendered":"http:\/\/onlinelotto365.net\/?page_id=10630"},"modified":"2021-01-05T12:56:40","modified_gmt":"2021-01-05T11:56:40","slug":"german-lotto","status":"publish","type":"page","link":"https:\/\/onlinelotto365.com\/es\/jugar\/german-lotto\/","title":{"rendered":"Participar en la loter\u00eda alemana desde otros pa\u00edses"},"content":{"rendered":"<p>La Loter\u00eda Alemana es una de las <strong> loter\u00edas m\u00e1s antiguas del mundo <\/strong>, y se lleva celebrando desde hace m\u00e1s de <strong> 50 a\u00f1os <\/strong>. Puede apostar que toda esta experiencia les sirve muy bien, y es uno de los pa\u00edses europeos m\u00e1s grandes que mantiene su propia loter\u00eda nacional en lugar de asociarse con la loter\u00eda EuroMillions. As\u00ed que los alemanes est\u00e1n orgullosos de su loter\u00eda alemana, como deber\u00edan estarlo.<\/p>\n<p>Sin embargo, si vives en M\u00e9xico y deseas jugar a la loter\u00eda alemana de todos modos, o cualquier otra <a href=\"http:\/\/onlinelotto365.com\/es\"> loter\u00eda grande de todo el mundo <\/a> . de hecho, entonces ya no hay nada que le impida hacerlo. Todo lo que tienes que hacer estos d\u00edas es comprar tus entradas online. Si eres de M\u00e9xico, tambi\u00e9n puedes comprar boletos para la Loter\u00eda Alemana en l\u00ednea.<\/p>\n<p>Por supuesto, necesita saber <strong> d\u00f3nde comprar sus boletos de loter\u00eda de esta manera <\/strong>, y ah\u00ed es donde entramos nosotros. Hemos estado ejecutando esto <a href=\"https:\/\/onlinelotto365.com\/es\/news\/servicio-de-boletos-para-loterias-internacionales\"> servicio de boletos de loter\u00eda en l\u00ednea <\/a> desde hace bastante tiempo. Esto es lo m\u00e1s importante que le ha pasado a la loter\u00eda desde que se inventaron, como se puede imaginar.<\/p>\n<p><a href=\"https:\/\/redfoxlotto.com\/es\/jugar\/lotto-6aus49\/?ref=a8564250a2&amp;medium=ol365\" target=\"_blank\" rel=\"noopener noreferrer\"> <img decoding=\"async\" class=\"aligncenter\" src=\" https:\/\/redfoxlotto.com\/image?size=8&amp;lottery=lotto-6aus49 \" alt=\" alem\u00e1n 6aus49 \" \/> <\/a><\/p>\n<h2>Ya no est\u00e1 limitado solo a la loter\u00eda en su \u00e1rea<\/h2>\n<p>Si usted es como la mayor\u00eda de los jugadores de loter\u00eda, quiere jugar a las grandes loter\u00edas y, si tiene la opci\u00f3n, quiere jugar m\u00e1s de una. Hasta hace poco, aunque esto no ha sido posible. Sin embargo, la gente se preguntaba por qu\u00e9 no era as\u00ed, por ejemplo, \u00bfpor qu\u00e9 puede <a href=\"https:\/\/onlinelotto365.com\/es\/compra-boletos\"> comprar pr\u00e1cticamente cualquier cosa en l\u00ednea, excepto billetes de loter\u00eda <\/a>?<\/p>\n<p>Esto requer\u00eda una red de personas que se pusieran en marcha para hacer las ofertas para nuestros clientes, lo que implicaba salir y comprar los boletos para todos, en muchos pa\u00edses diferentes. Tambi\u00e9n implic\u00f3 gestionar las experiencias de los clientes desde el punto de venta en adelante y proporcionar el tipo de gran servicio que la gente espera.<\/p>\n<h2>Acerca de la loter\u00eda alemana<\/h2>\n<ul>\n<li>Pa\u00eds: Alemania<\/li>\n<li>Rango de n\u00fameros principales: 49<\/li>\n<li>Elige: 6<\/li>\n<li>Rango de n\u00fameros adicionales: ninguno<\/li>\n<li>Elige: ninguno<\/li>\n<li>D\u00edas de sorteo, horario: s\u00e1bado, 20:25 CET, 20:25 CET<\/li>\n<li>Premio mayor m\u00ednimo: 1 mill\u00f3n de euros<\/li>\n<li>Jackpot con l\u00edmite m\u00e1ximo: sin l\u00edmite<\/li>\n<li>Probabilidad de ganar el premio mayor: 1 en 125.854.344<\/li>\n<li>Probabilidad de una victoria de nivel 2: 1 en 13.983.816<\/li>\n<li>Probabilidad de ganar en cualquier nivel: 1 en 31<\/li>\n<li>N\u00famero de niveles de premios: 9<\/li>\n<\/ul>\n<p>Todas las loter\u00edas que ponemos a su disposici\u00f3n son todas las principales loter\u00edas de primera clase, incluida la Loter\u00eda alemana. Para jugar a la loter\u00eda alemana, seleccione 6 n\u00fameros de entre 49 posibles, junto con un n\u00famero de bonificaci\u00f3n del 1 al 9. Si acierta con \u00e9xito los 6 n\u00fameros m\u00e1s el n\u00famero de bonificaci\u00f3n, pronto realizar\u00e1 un viaje a Alemania para recoger varios millones de euros o m\u00e1s.<\/p>\n<p>Dada la menor cantidad de bolas en el tambor en comparaci\u00f3n con muchas otras grandes loter\u00edas, <a href=\"https:\/\/onlinelotto365.com\/es\/news\/calcule-las-probabilidades-de-cualquier-loteria\"> sus posibilidades de ganar el premio mayor <\/a> de la loter\u00eda alemana es definitivamente m\u00e1s alto. La loter\u00eda alemana, por supuesto, ofrece otros premios adem\u00e1s del premio mayor, como lo hacen todas las loter\u00edas, y hay un total de 7 premios subsidiarios adem\u00e1s del premio mayor. Si puede igualar tan solo 3 de sus n\u00fameros, se le pagar\u00e1.<\/p>\n<h2>Perm\u00edtanos ser su gu\u00eda para la loter\u00eda alemana y m\u00e1s all\u00e1<\/h2>\n<p>Dado lo populares que son las loter\u00edas en todo el mundo, tener acceso a todas las buenas es el sue\u00f1o de un jugador de loter\u00eda. \u00bfPor qu\u00e9 solo jugar uno cuando puedes jugar tantos como quieras? \u00bfPor qu\u00e9 conformarse con uno o dos sorteos a la semana cuando puede tener docenas si lo desea? \u00bfPor qu\u00e9 perder el tiempo yendo a la tienda cuando puedes comprar todos los billetes de loter\u00eda que quieras en l\u00ednea?<\/p>\n<h2>Jugaste a la loter\u00eda alemana en l\u00ednea y ganaste. \u00bfQu\u00e9 sucede despu\u00e9s?<\/h2>\n<p>Lo ayudamos en cada paso del camino, desde enviarle una confirmaci\u00f3n por correo electr\u00f3nico de su compra hasta notificarle por correo electr\u00f3nico cada vez que gana, <strong> hasta ayudarlo a cobrar el dinero que gan\u00f3 <\/strong>. Todo es incre\u00edblemente f\u00e1cil.<\/p>\n","protected":false},"excerpt":{"rendered":"<p>La Loter\u00eda Alemana es una de las loter\u00edas m\u00e1s antiguas del mundo , y se lleva celebrando desde hace m\u00e1s de 50 a\u00f1os . Puede apostar que toda esta experiencia les sirve muy bien, y es uno de los pa\u00edses europeos m\u00e1s grandes que mantiene su propia loter\u00eda nacional en lugar de asociarse con la [&hellip;]<\/p>\n","protected":false},"author":1,"featured_media":0,"parent":5037,"menu_order":11,"comment_status":"closed","ping_status":"closed","template":"lotto-german.php","meta":{"_et_pb_use_builder":"","_et_pb_old_content":"","_et_gb_content_width":"","exclude_from_search":false,"footnotes":""},"class_list":["post-10630","page","type-page","status-publish","hentry"],"yoast_head":"<!-- This site is optimized with the Yoast SEO plugin v23.4 - https:\/\/yoast.com\/wordpress\/plugins\/seo\/ -->\n<title>Jugar a la loter\u00eda alemana en l\u00ednea desde M\u00e9xico. \u00bfPuedo participar en la loter\u00eda alemana si vivo en M\u00e9xico?<\/title>\n<meta name=\"description\" content=\"Juega a la Loter\u00eda Alemana aqu\u00ed - nuestro servicio de boletos en l\u00ednea lo hace posible desde M\u00e9xico\" \/>\n<meta name=\"robots\" content=\"index, follow, max-snippet:-1, max-image-preview:large, max-video-preview:-1\" \/>\n<link rel=\"canonical\" href=\"https:\/\/onlinelotto365.com\/es\/jugar\/german-lotto\/\" \/>\n<meta property=\"og:locale\" content=\"es_ES\" \/>\n<meta property=\"og:type\" content=\"article\" \/>\n<meta property=\"og:title\" content=\"Jugar a la loter\u00eda alemana en l\u00ednea desde M\u00e9xico. \u00bfPuedo participar en la loter\u00eda alemana si vivo en M\u00e9xico?\" \/>\n<meta property=\"og:description\" content=\"Juega a la Loter\u00eda Alemana aqu\u00ed - nuestro servicio de boletos en l\u00ednea lo hace posible desde M\u00e9xico\" \/>\n<meta property=\"og:url\" content=\"https:\/\/onlinelotto365.com\/es\/jugar\/german-lotto\/\" \/>\n<meta property=\"og:site_name\" content=\"OnlineLotto365\" \/>\n<meta property=\"article:modified_time\" content=\"2021-01-05T11:56:40+00:00\" \/>\n<meta name=\"twitter:card\" content=\"summary_large_image\" \/>\n<meta name=\"twitter:label1\" content=\"Tiempo de lectura\" \/>\n\t<meta name=\"twitter:data1\" content=\"4 minutos\" \/>\n<script type=\"application\/ld+json\" class=\"yoast-schema-graph\">{\"@context\":\"https:\/\/schema.org\",\"@graph\":[{\"@type\":\"WebPage\",\"@id\":\"https:\/\/onlinelotto365.com\/es\/jugar\/german-lotto\/\",\"url\":\"https:\/\/onlinelotto365.com\/es\/jugar\/german-lotto\/\",\"name\":\"Jugar a la loter\u00eda alemana en l\u00ednea desde M\u00e9xico. \u00bfPuedo participar en la loter\u00eda alemana si vivo en M\u00e9xico?\",\"isPartOf\":{\"@id\":\"https:\/\/onlinelotto365.com\/es\/#website\"},\"datePublished\":\"2020-12-17T18:33:25+00:00\",\"dateModified\":\"2021-01-05T11:56:40+00:00\",\"description\":\"Juega a la Loter\u00eda Alemana aqu\u00ed - nuestro servicio de boletos en l\u00ednea lo hace posible desde M\u00e9xico\",\"breadcrumb\":{\"@id\":\"https:\/\/onlinelotto365.com\/es\/jugar\/german-lotto\/#breadcrumb\"},\"inLanguage\":\"es\",\"potentialAction\":[{\"@type\":\"ReadAction\",\"target\":[\"https:\/\/onlinelotto365.com\/es\/jugar\/german-lotto\/\"]}]},{\"@type\":\"BreadcrumbList\",\"@id\":\"https:\/\/onlinelotto365.com\/es\/jugar\/german-lotto\/#breadcrumb\",\"itemListElement\":[{\"@type\":\"ListItem\",\"position\":1,\"name\":\"Home\",\"item\":\"https:\/\/onlinelotto365.com\/es\/\"},{\"@type\":\"ListItem\",\"position\":2,\"name\":\"Todo lo que tienes que saber sobre tus opciones para jugar a las mejores loter\u00edas en l\u00ednea\",\"item\":\"https:\/\/onlinelotto365.com\/es\/jugar\/\"},{\"@type\":\"ListItem\",\"position\":3,\"name\":\"Participar en la loter\u00eda alemana desde otros pa\u00edses\"}]},{\"@type\":\"WebSite\",\"@id\":\"https:\/\/onlinelotto365.com\/es\/#website\",\"url\":\"https:\/\/onlinelotto365.com\/es\/\",\"name\":\"OnlineLotto365\",\"description\":\"\",\"potentialAction\":[{\"@type\":\"SearchAction\",\"target\":{\"@type\":\"EntryPoint\",\"urlTemplate\":\"https:\/\/onlinelotto365.com\/es\/?s={search_term_string}\"},\"query-input\":{\"@type\":\"PropertyValueSpecification\",\"valueRequired\":true,\"valueName\":\"search_term_string\"}}],\"inLanguage\":\"es\"}]}<\/script>\n<!-- \/ Yoast SEO plugin. -->","yoast_head_json":{"title":"Jugar a la loter\u00eda alemana en l\u00ednea desde M\u00e9xico. \u00bfPuedo participar en la loter\u00eda alemana si vivo en M\u00e9xico?","description":"Juega a la Loter\u00eda Alemana aqu\u00ed - nuestro servicio de boletos en l\u00ednea lo hace posible desde M\u00e9xico","robots":{"index":"index","follow":"follow","max-snippet":"max-snippet:-1","max-image-preview":"max-image-preview:large","max-video-preview":"max-video-preview:-1"},"canonical":"https:\/\/onlinelotto365.com\/es\/jugar\/german-lotto\/","og_locale":"es_ES","og_type":"article","og_title":"Jugar a la loter\u00eda alemana en l\u00ednea desde M\u00e9xico. \u00bfPuedo participar en la loter\u00eda alemana si vivo en M\u00e9xico?","og_description":"Juega a la Loter\u00eda Alemana aqu\u00ed - nuestro servicio de boletos en l\u00ednea lo hace posible desde M\u00e9xico","og_url":"https:\/\/onlinelotto365.com\/es\/jugar\/german-lotto\/","og_site_name":"OnlineLotto365","article_modified_time":"2021-01-05T11:56:40+00:00","twitter_card":"summary_large_image","twitter_misc":{"Tiempo de lectura":"4 minutos"},"schema":{"@context":"https:\/\/schema.org","@graph":[{"@type":"WebPage","@id":"https:\/\/onlinelotto365.com\/es\/jugar\/german-lotto\/","url":"https:\/\/onlinelotto365.com\/es\/jugar\/german-lotto\/","name":"Jugar a la loter\u00eda alemana en l\u00ednea desde M\u00e9xico. \u00bfPuedo participar en la loter\u00eda alemana si vivo en M\u00e9xico?","isPartOf":{"@id":"https:\/\/onlinelotto365.com\/es\/#website"},"datePublished":"2020-12-17T18:33:25+00:00","dateModified":"2021-01-05T11:56:40+00:00","description":"Juega a la Loter\u00eda Alemana aqu\u00ed - nuestro servicio de boletos en l\u00ednea lo hace posible desde M\u00e9xico","breadcrumb":{"@id":"https:\/\/onlinelotto365.com\/es\/jugar\/german-lotto\/#breadcrumb"},"inLanguage":"es","potentialAction":[{"@type":"ReadAction","target":["https:\/\/onlinelotto365.com\/es\/jugar\/german-lotto\/"]}]},{"@type":"BreadcrumbList","@id":"https:\/\/onlinelotto365.com\/es\/jugar\/german-lotto\/#breadcrumb","itemListElement":[{"@type":"ListItem","position":1,"name":"Home","item":"https:\/\/onlinelotto365.com\/es\/"},{"@type":"ListItem","position":2,"name":"Todo lo que tienes que saber sobre tus opciones para jugar a las mejores loter\u00edas en l\u00ednea","item":"https:\/\/onlinelotto365.com\/es\/jugar\/"},{"@type":"ListItem","position":3,"name":"Participar en la loter\u00eda alemana desde otros pa\u00edses"}]},{"@type":"WebSite","@id":"https:\/\/onlinelotto365.com\/es\/#website","url":"https:\/\/onlinelotto365.com\/es\/","name":"OnlineLotto365","description":"","potentialAction":[{"@type":"SearchAction","target":{"@type":"EntryPoint","urlTemplate":"https:\/\/onlinelotto365.com\/es\/?s={search_term_string}"},"query-input":{"@type":"PropertyValueSpecification","valueRequired":true,"valueName":"search_term_string"}}],"inLanguage":"es"}]}},"_links":{"self":[{"href":"https:\/\/onlinelotto365.com\/es\/wp-json\/wp\/v2\/pages\/10630","targetHints":{"allow":["GET"]}}],"collection":[{"href":"https:\/\/onlinelotto365.com\/es\/wp-json\/wp\/v2\/pages"}],"about":[{"href":"https:\/\/onlinelotto365.com\/es\/wp-json\/wp\/v2\/types\/page"}],"author":[{"embeddable":true,"href":"https:\/\/onlinelotto365.com\/es\/wp-json\/wp\/v2\/users\/1"}],"replies":[{"embeddable":true,"href":"https:\/\/onlinelotto365.com\/es\/wp-json\/wp\/v2\/comments?post=10630"}],"version-history":[{"count":0,"href":"https:\/\/onlinelotto365.com\/es\/wp-json\/wp\/v2\/pages\/10630\/revisions"}],"up":[{"embeddable":true,"href":"https:\/\/onlinelotto365.com\/es\/wp-json\/wp\/v2\/pages\/5037"}],"wp:attachment":[{"href":"https:\/\/onlinelotto365.com\/es\/wp-json\/wp\/v2\/media?parent=10630"}],"curies":[{"name":"wp","href":"https:\/\/api.w.org\/{rel}","templated":true}]}}