{"id":10632,"date":"2020-12-17T19:34:32","date_gmt":"2020-12-17T18:34:32","guid":{"rendered":"http:\/\/onlinelotto365.net\/?page_id=10632"},"modified":"2021-01-05T12:57:56","modified_gmt":"2021-01-05T11:57:56","slug":"mega-sena","status":"publish","type":"page","link":"https:\/\/onlinelotto365.com\/es\/jugar\/mega-sena\/","title":{"rendered":"\u00bfC\u00f3mo pueden los residentes de M\u00e9xico jugar a la Mega-Sena en l\u00ednea?"},"content":{"rendered":"<p>Nuestro servicio actualmente le permite comprar boletos de loter\u00eda para 15 grandes loter\u00edas diferentes de todo el mundo. Estamos orgullosos de ofrecer a nuestros jugadores <strong> la oportunidad de jugar online la loter\u00eda Mega Sena de Brasil <\/strong>. Como todas las grandes loter\u00edas, anteriormente ten\u00eda que vivir en el pa\u00eds o \u00e1rea donde se ejecutaba una loter\u00eda determinada y viajar a un minorista de loter\u00eda all\u00ed para <a href=\"https:\/\/onlinelotto365.com\/es\/compra-boletos\"> comprar tus entradas <\/a>.<\/p>\n<p>Sin embargo, este ya no es el caso ahora que tambi\u00e9n puede jugarlos desde M\u00e9xico y comprar los boletos de loter\u00eda que desee directamente en l\u00ednea, y tantos como desee, y en tantas loter\u00edas diferentes como desee, directamente desde su propia computadora.<\/p>\n<p>Entonces, ahora que este nuevo d\u00eda ha amanecido en el mundo de la loter\u00eda, los jugadores han hablado y lo que han pedido es una gran selecci\u00f3n de diferentes loter\u00edas. As\u00ed que te traemos lo mejor de eso a tu hogar. Entre estos se encuentra el Mega-Sena Lotto, la loter\u00eda m\u00e1s grande de Brasil.<\/p>\n<p><a href=\"https:\/\/redfoxlotto.com\/es\/jugar\/mega-sena\/?ref=a8564250a2&amp;medium=ol365\" target=\"_blank\" rel=\"noopener noreferrer\"> <img decoding=\"async\" class=\"aligncenter\" src=\" https:\/\/redfoxlotto.com\/image?size=8&amp;lottery=mega-sena \" alt=\" mega-sena \" \/> <\/a><\/p>\n<h2>Acerca de Mega-Sena<\/h2>\n<ul>\n<li style=\"list-style-type: none;\">\n<ul>\n<li>Pa\u00eds: Brasil<\/li>\n<li>Rango de n\u00fameros principales: 60<\/li>\n<li>Elige: 6<\/li>\n<li>Rango de n\u00fameros adicionales: ninguno<\/li>\n<li>Elige: ninguno<\/li>\n<li>D\u00edas y horarios del sorteo: mi\u00e9rcoles, s\u00e1bado, 20:00 GMT -3, 24:00 CET<\/li>\n<li>Premio mayor m\u00ednimo: R $ 2 millones<\/li>\n<li>Jackpot con l\u00edmite m\u00e1ximo: sin l\u00edmite<\/li>\n<li>Probabilidad de ganar el premio mayor: 1 en 50.063.860<\/li>\n<li>Probabilidad de una victoria de nivel 2: 1 en 15.451.809<\/li>\n<\/ul>\n<\/li>\n<\/ul>\n<ul>\n<li>Probabilidad de ganar en cualquier nivel: 1 en 2297,56<\/li>\n<li>N\u00famero de niveles de premios: 3<\/li>\n<\/ul>\n<p>Los sorteos de la Mega-Sena se llevan a cabo los mi\u00e9rcoles y s\u00e1bados, lo que agrega dos <a href=\"https:\/\/onlinelotto365.com\/es\/news\/que-loterias-tienen-mas-posibilidades-de-ganar\"> oportunidades m\u00e1s de ganar entre todos las otras loter\u00edas <\/a> que est\u00e1 jugando ahora. Te ofrecemos una gran selecci\u00f3n para elegir, y todos vale la pena jugar, incluido el Mega Sena.<\/p>\n<p>Para jugar al Mega-Sena Lotto, los jugadores eligen 6 n\u00fameros del 1 al 60. Al acertar los 6 n\u00fameros, gana el premio mayor, que siempre es de al menos varios millones de d\u00f3lares y a menudo es mucho m\u00e1s alto que eso.<br \/>\nSin embargo, la Mega-Sena es <strong> \u00fanica de todas las dem\u00e1s loter\u00edas del mundo <\/strong>, ya que no solo tiene 60 bolas con diferentes n\u00fameros. Hay dos tambores diferentes, uno con 0 a 5 y el segundo de 0 a 9. Luego dibujan los d\u00edgitos uno a la vez.<\/p>\n<p>Por ejemplo, si sacan un 2 del primer tambor y luego un 9 del segundo, entonces el n\u00famero extra\u00eddo es 29. Una vez que se extrae un n\u00famero de un solo d\u00edgito, no se vuelve a colocar en el tambor. As\u00ed que ahora sabemos que habr\u00e1 exactamente un n\u00famero de un solo d\u00edgito, a menos que se dibuje 00, que se considera 60, uno que comienza con 1, otro que comienza con dos, y as\u00ed sucesivamente. As\u00ed que este es un giro interesante y, de hecho, hace que ganar sea m\u00e1s f\u00e1cil si sigues esta estrategia.<\/p>\n<p>Al acertar los 6 n\u00fameros gana el premio mayor, donde acertar 4 o 5 n\u00fameros le dar\u00e1 un premio secundario. Como suele ser el caso de las loter\u00edas nacionales, <strong> las ganancias generadas por la Mega-Sena Lotto se destinan a apoyar programas sociales <\/strong> y, de hecho, el pueblo brasile\u00f1o depende en gran medida de estas donaciones. Entonces, si bien es posible que no seamos de Brasil y, por lo tanto, no nos beneficiemos directamente de esto, es bueno saber que definitivamente estamos haciendo algo bueno al jugar el Mega Sena adem\u00e1s de toda la diversi\u00f3n que tenemos al hacerlo.<\/p>\n<h2>Las loter\u00edas son la forma de juego favorita del mundo<\/h2>\n<p>No es muy dif\u00edcil entender por qu\u00e9 las loter\u00edas han sido la forma de juego m\u00e1s popular del mundo. Ni siquiera es que sea tan accesible, aunque eso ciertamente ayuda. La verdadera raz\u00f3n es la emoci\u00f3n que brinda la oportunidad de ganar cantidades enormes de dinero.<\/p>\n<p>Tambi\u00e9n parece que nuestro apetito por estos <strong> enormes botes <\/strong> es bastante considerable. Si alguna vez ha sido testigo del rumor que se genera <a href=\"https:\/\/onlinelotto365.com\/es\/news\/los-botes-de-loteria-mas-grandes-de-la-historia\"> cuando los botes crecen a cantidades enormes <\/a>, y cu\u00e1ntos se venden m\u00e1s boletos para estos, con las alineaciones mucho m\u00e1s largas que vienen con ellos, entonces sabes que todo esto es cierto.<\/p>\n<p>\u00bfPor qu\u00e9 la gente no se emocionar\u00eda por tener la oportunidad de ganar suficiente dinero para prepararte para una vida de lujo y opulencia? Para la inmensa mayor\u00eda de nosotros, esta es la \u00fanica oportunidad que tendremos en este estilo de vida. Sin embargo, la gente com\u00fan como nosotros gana estas cantidades gigantescas, y nunca se sabe si llegar\u00e1 su turno y cu\u00e1ndo.<\/p>\n<p><strong> Sin embargo, el solo hecho de jugar proporciona mucho placer <\/strong> a la gente, aunque sus posibilidades de ganarSi una gran cantidad de dinero de esta manera es muy peque\u00f1a, la posibilidad sigue ah\u00ed. Si no juegas, bueno, no puedes so\u00f1ar y no disfrutas los pensamientos de que todo esto te pueda pasar.<\/p>\n<p>Por supuesto, no es necesario que gane el premio mayor para ganar dinero en las loter\u00edas, y los jugadores ganan premios m\u00e1s peque\u00f1os todo el tiempo. De hecho, algunos de estos premios m\u00e1s peque\u00f1os no son tan peque\u00f1os. Hay <strong> muchas formas diferentes de ganar dinero jugando a las loter\u00edas <\/strong>, y cada vez que cobras, siempre es muy agradable.<\/p>\n","protected":false},"excerpt":{"rendered":"<p>Nuestro servicio actualmente le permite comprar boletos de loter\u00eda para 15 grandes loter\u00edas diferentes de todo el mundo. Estamos orgullosos de ofrecer a nuestros jugadores la oportunidad de jugar online la loter\u00eda Mega Sena de Brasil . Como todas las grandes loter\u00edas, anteriormente ten\u00eda que vivir en el pa\u00eds o \u00e1rea donde se ejecutaba una [&hellip;]<\/p>\n","protected":false},"author":1,"featured_media":0,"parent":5037,"menu_order":12,"comment_status":"closed","ping_status":"closed","template":"megasena.php","meta":{"_et_pb_use_builder":"","_et_pb_old_content":"","_et_gb_content_width":"","exclude_from_search":false,"footnotes":""},"class_list":["post-10632","page","type-page","status-publish","hentry"],"yoast_head":"<!-- This site is optimized with the Yoast SEO plugin v23.4 - https:\/\/yoast.com\/wordpress\/plugins\/seo\/ -->\n<title>Juega al Mega-Sena en l\u00ednea desde M\u00e9xico | \u00bfPuedo participar en el Mega-Sena si vivo en M\u00e9xico<\/title>\n<meta name=\"description\" content=\"Nuestro servicio de boletos en l\u00ednea facilita a los fan\u00e1ticos de la loter\u00eda de M\u00e9xico jugar al Mega-Sena en l\u00ednea\" \/>\n<meta name=\"robots\" content=\"index, follow, max-snippet:-1, max-image-preview:large, max-video-preview:-1\" \/>\n<link rel=\"canonical\" href=\"https:\/\/onlinelotto365.com\/es\/jugar\/mega-sena\/\" \/>\n<meta property=\"og:locale\" content=\"es_ES\" \/>\n<meta property=\"og:type\" content=\"article\" \/>\n<meta property=\"og:title\" content=\"Juega al Mega-Sena en l\u00ednea desde M\u00e9xico | \u00bfPuedo participar en el Mega-Sena si vivo en M\u00e9xico\" \/>\n<meta property=\"og:description\" content=\"Nuestro servicio de boletos en l\u00ednea facilita a los fan\u00e1ticos de la loter\u00eda de M\u00e9xico jugar al Mega-Sena en l\u00ednea\" \/>\n<meta property=\"og:url\" content=\"https:\/\/onlinelotto365.com\/es\/jugar\/mega-sena\/\" \/>\n<meta property=\"og:site_name\" content=\"OnlineLotto365\" \/>\n<meta property=\"article:modified_time\" content=\"2021-01-05T11:57:56+00:00\" \/>\n<meta name=\"twitter:card\" content=\"summary_large_image\" \/>\n<meta name=\"twitter:label1\" content=\"Tiempo de lectura\" \/>\n\t<meta name=\"twitter:data1\" content=\"5 minutos\" \/>\n<script type=\"application\/ld+json\" class=\"yoast-schema-graph\">{\"@context\":\"https:\/\/schema.org\",\"@graph\":[{\"@type\":\"WebPage\",\"@id\":\"https:\/\/onlinelotto365.com\/es\/jugar\/mega-sena\/\",\"url\":\"https:\/\/onlinelotto365.com\/es\/jugar\/mega-sena\/\",\"name\":\"Juega al Mega-Sena en l\u00ednea desde M\u00e9xico | \u00bfPuedo participar en el Mega-Sena si vivo en M\u00e9xico\",\"isPartOf\":{\"@id\":\"https:\/\/onlinelotto365.com\/es\/#website\"},\"datePublished\":\"2020-12-17T18:34:32+00:00\",\"dateModified\":\"2021-01-05T11:57:56+00:00\",\"description\":\"Nuestro servicio de boletos en l\u00ednea facilita a los fan\u00e1ticos de la loter\u00eda de M\u00e9xico jugar al Mega-Sena en l\u00ednea\",\"breadcrumb\":{\"@id\":\"https:\/\/onlinelotto365.com\/es\/jugar\/mega-sena\/#breadcrumb\"},\"inLanguage\":\"es\",\"potentialAction\":[{\"@type\":\"ReadAction\",\"target\":[\"https:\/\/onlinelotto365.com\/es\/jugar\/mega-sena\/\"]}]},{\"@type\":\"BreadcrumbList\",\"@id\":\"https:\/\/onlinelotto365.com\/es\/jugar\/mega-sena\/#breadcrumb\",\"itemListElement\":[{\"@type\":\"ListItem\",\"position\":1,\"name\":\"Home\",\"item\":\"https:\/\/onlinelotto365.com\/es\/\"},{\"@type\":\"ListItem\",\"position\":2,\"name\":\"Todo lo que tienes que saber sobre tus opciones para jugar a las mejores loter\u00edas en l\u00ednea\",\"item\":\"https:\/\/onlinelotto365.com\/es\/jugar\/\"},{\"@type\":\"ListItem\",\"position\":3,\"name\":\"\u00bfC\u00f3mo pueden los residentes de M\u00e9xico jugar a la Mega-Sena en l\u00ednea?\"}]},{\"@type\":\"WebSite\",\"@id\":\"https:\/\/onlinelotto365.com\/es\/#website\",\"url\":\"https:\/\/onlinelotto365.com\/es\/\",\"name\":\"OnlineLotto365\",\"description\":\"\",\"potentialAction\":[{\"@type\":\"SearchAction\",\"target\":{\"@type\":\"EntryPoint\",\"urlTemplate\":\"https:\/\/onlinelotto365.com\/es\/?s={search_term_string}\"},\"query-input\":{\"@type\":\"PropertyValueSpecification\",\"valueRequired\":true,\"valueName\":\"search_term_string\"}}],\"inLanguage\":\"es\"}]}<\/script>\n<!-- \/ Yoast SEO plugin. -->","yoast_head_json":{"title":"Juega al Mega-Sena en l\u00ednea desde M\u00e9xico | \u00bfPuedo participar en el Mega-Sena si vivo en M\u00e9xico","description":"Nuestro servicio de boletos en l\u00ednea facilita a los fan\u00e1ticos de la loter\u00eda de M\u00e9xico jugar al Mega-Sena en l\u00ednea","robots":{"index":"index","follow":"follow","max-snippet":"max-snippet:-1","max-image-preview":"max-image-preview:large","max-video-preview":"max-video-preview:-1"},"canonical":"https:\/\/onlinelotto365.com\/es\/jugar\/mega-sena\/","og_locale":"es_ES","og_type":"article","og_title":"Juega al Mega-Sena en l\u00ednea desde M\u00e9xico | \u00bfPuedo participar en el Mega-Sena si vivo en M\u00e9xico","og_description":"Nuestro servicio de boletos en l\u00ednea facilita a los fan\u00e1ticos de la loter\u00eda de M\u00e9xico jugar al Mega-Sena en l\u00ednea","og_url":"https:\/\/onlinelotto365.com\/es\/jugar\/mega-sena\/","og_site_name":"OnlineLotto365","article_modified_time":"2021-01-05T11:57:56+00:00","twitter_card":"summary_large_image","twitter_misc":{"Tiempo de lectura":"5 minutos"},"schema":{"@context":"https:\/\/schema.org","@graph":[{"@type":"WebPage","@id":"https:\/\/onlinelotto365.com\/es\/jugar\/mega-sena\/","url":"https:\/\/onlinelotto365.com\/es\/jugar\/mega-sena\/","name":"Juega al Mega-Sena en l\u00ednea desde M\u00e9xico | \u00bfPuedo participar en el Mega-Sena si vivo en M\u00e9xico","isPartOf":{"@id":"https:\/\/onlinelotto365.com\/es\/#website"},"datePublished":"2020-12-17T18:34:32+00:00","dateModified":"2021-01-05T11:57:56+00:00","description":"Nuestro servicio de boletos en l\u00ednea facilita a los fan\u00e1ticos de la loter\u00eda de M\u00e9xico jugar al Mega-Sena en l\u00ednea","breadcrumb":{"@id":"https:\/\/onlinelotto365.com\/es\/jugar\/mega-sena\/#breadcrumb"},"inLanguage":"es","potentialAction":[{"@type":"ReadAction","target":["https:\/\/onlinelotto365.com\/es\/jugar\/mega-sena\/"]}]},{"@type":"BreadcrumbList","@id":"https:\/\/onlinelotto365.com\/es\/jugar\/mega-sena\/#breadcrumb","itemListElement":[{"@type":"ListItem","position":1,"name":"Home","item":"https:\/\/onlinelotto365.com\/es\/"},{"@type":"ListItem","position":2,"name":"Todo lo que tienes que saber sobre tus opciones para jugar a las mejores loter\u00edas en l\u00ednea","item":"https:\/\/onlinelotto365.com\/es\/jugar\/"},{"@type":"ListItem","position":3,"name":"\u00bfC\u00f3mo pueden los residentes de M\u00e9xico jugar a la Mega-Sena en l\u00ednea?"}]},{"@type":"WebSite","@id":"https:\/\/onlinelotto365.com\/es\/#website","url":"https:\/\/onlinelotto365.com\/es\/","name":"OnlineLotto365","description":"","potentialAction":[{"@type":"SearchAction","target":{"@type":"EntryPoint","urlTemplate":"https:\/\/onlinelotto365.com\/es\/?s={search_term_string}"},"query-input":{"@type":"PropertyValueSpecification","valueRequired":true,"valueName":"search_term_string"}}],"inLanguage":"es"}]}},"_links":{"self":[{"href":"https:\/\/onlinelotto365.com\/es\/wp-json\/wp\/v2\/pages\/10632","targetHints":{"allow":["GET"]}}],"collection":[{"href":"https:\/\/onlinelotto365.com\/es\/wp-json\/wp\/v2\/pages"}],"about":[{"href":"https:\/\/onlinelotto365.com\/es\/wp-json\/wp\/v2\/types\/page"}],"author":[{"embeddable":true,"href":"https:\/\/onlinelotto365.com\/es\/wp-json\/wp\/v2\/users\/1"}],"replies":[{"embeddable":true,"href":"https:\/\/onlinelotto365.com\/es\/wp-json\/wp\/v2\/comments?post=10632"}],"version-history":[{"count":0,"href":"https:\/\/onlinelotto365.com\/es\/wp-json\/wp\/v2\/pages\/10632\/revisions"}],"up":[{"embeddable":true,"href":"https:\/\/onlinelotto365.com\/es\/wp-json\/wp\/v2\/pages\/5037"}],"wp:attachment":[{"href":"https:\/\/onlinelotto365.com\/es\/wp-json\/wp\/v2\/media?parent=10632"}],"curies":[{"name":"wp","href":"https:\/\/api.w.org\/{rel}","templated":true}]}}