{"id":10634,"date":"2020-12-17T19:35:37","date_gmt":"2020-12-17T18:35:37","guid":{"rendered":"http:\/\/onlinelotto365.net\/?page_id=10634"},"modified":"2021-01-05T12:58:12","modified_gmt":"2021-01-05T11:58:12","slug":"powerball-australia","status":"publish","type":"page","link":"https:\/\/onlinelotto365.com\/es\/jugar\/powerball-australia\/","title":{"rendered":"Powerball Australia &#8211; ya no est\u00e1 restringido a sus loter\u00edas de M\u00e9xico"},"content":{"rendered":"<h2>C\u00f3mo jugar Powerball Australia en l\u00ednea<\/h2>\n<p>De hecho, es <strong> bastante sencillo jugar Powerball Australia en l\u00ednea <\/strong>, incluso si est\u00e1s en M\u00e9xico. Y tambi\u00e9n es bastante conveniente porque ya est\u00e1 aqu\u00ed donde puede obtener sus boletos con solo unos pocos clics del mouse.<\/p>\n<p>Lo cuidaremos en cada paso del camino, donde todo lo que tiene que hacer es <strong> configurar una cuenta gratuita <\/strong>, hacer sus selecciones, elegir una de sus numerosas opciones de pago convenientes, y nosotros haremos todo el resto.<\/p>\n<p>Aseg\u00farese de hacer clic en la loter\u00eda correcta, a saber, Powerball Australia. Luego, selecciona sus n\u00fameros. Si intenta elegir demasiados n\u00fameros o no ha seleccionado suficientes n\u00fameros, el sistema le pedir\u00e1 que elija menos o m\u00e1s n\u00fameros. Lo que tambi\u00e9n puede hacer es hacer clic en el bot\u00f3n de selecci\u00f3n r\u00e1pida y el sitio <strong> seleccionar\u00e1 algunos n\u00fameros al azar <\/strong> por usted. A\u00fan puede editar manualmente esos n\u00fameros si no le gustan.<\/p>\n<p>Tambi\u00e9n hay un m\u00e9todo que a muchos jugadores les gusta usar: la funci\u00f3n de selecci\u00f3n r\u00e1pida. O puede usar algunos de sus n\u00fameros favoritos manualmente y dejar que el generador de n\u00fameros aleatorios elija el resto por usted.<\/p>\n<p>Despu\u00e9s de eso, puede seleccionar otra loter\u00eda, jugar m\u00e1s boletos de loter\u00eda y agregarlos a su pedido. Luego, haga clic para verificar y pagar sus boletos de manera segura. En este momento, deber\u00e1 crear una cuenta con nosotros. Por supuesto, tambi\u00e9n puede crear su cuenta primero y luego comenzar el proceso de pedido de sus boletos.<\/p>\n<p>Una vez que haya creado su cuenta, le enviaremos un correo electr\u00f3nico de verificaci\u00f3n con un enlace en el que debe hacer clic. Aseg\u00farese de revisar su carpeta de correo no deseado para este correo electr\u00f3nico. Ser\u00eda aconsejable marcar nuestra direcci\u00f3n de correo electr\u00f3nico como un remitente de confianza. Esto asegura que los mensajes importantes, como las notificaciones de ganancias, le lleguen.<\/p>\n<p><a href=\"https:\/\/redfoxlotto.com\/es\/jugar\/powerball-au\/?ref=a8564250a2&amp;medium=ol365\" target=\"_blank\" rel=\"noopener noreferrer\"> <img decoding=\"async\" class=\"aligncenter\" src=\" https:\/\/redfoxlotto.com\/image?size=8&amp;lottery=powerball-au \" alt=\" Powerball M\u00e9xico \" \/> <\/a><\/p>\n<h2>Acerca de Powerball Australia<\/h2>\n<ul>\n<li>Pa\u00eds: Australia<\/li>\n<li>Intervalo de n\u00fameros principales: 35<\/li>\n<li>Debe seleccionar: 7<\/li>\n<li>Intervalo de n\u00fameros adicionales: 20<\/li>\n<li>Debe seleccionar: 1<\/li>\n<li>D\u00edas y horarios de los sorteos: jueves, 21:30 GMT + 11, 10:30 CET<\/li>\n<li>El premio mayor comienza en: AU $ 3 millones<\/li>\n<li>El premio mayor tiene un l\u00edmite de: AU $ 150 millones<\/li>\n<li>Posibilidad de ganar el premio mayor: 1 en 134.490.400<\/li>\n<li>Posibilidad de ganar un segundo premio: 1 en 7.078.443<\/li>\n<li>Posibilidad de ganar cualquier premio: 1 en 24,87<\/li>\n<li>N\u00famero de categor\u00edas de premios: 7<\/li>\n<\/ul>\n<h2>C\u00f3mo comprobar los resultados de Powerball Australia<\/h2>\n<p>Puede usar varios <a href=\"https:\/\/onlinelotto365.com\/es\/news\/que-loterias-tienen-mas-posibilidades-de-ganar\"> m\u00e9todos para verificar sus resultados. <\/a> Puede encontrarlos en el sitio web oficial de la loter\u00eda. Para algunas loter\u00edas, puede encontrar los n\u00fameros ganadores en su peri\u00f3dico local o un canal de televisi\u00f3n podr\u00eda transmitirlos. Pero la forma m\u00e1s sencilla es volver a nuestro sitio y <a href=\"https:\/\/onlinelotto365.com\/es\/news\/comprueba-el-billete-de-loteria-en-linea\"> comprobar los \u00faltimos n\u00fameros ganadores <\/a> aqu\u00ed. Una vez que haya iniciado sesi\u00f3n en su cuenta, puede <strong> comparar los n\u00fameros que jug\u00f3 con los n\u00fameros del sorteo <\/strong>. Y puede ver cu\u00e1nto gan\u00f3 de inmediato.<\/p>\n<h2>Jugaste al Powerball Australia en l\u00ednea y ganaste, \u00bfqu\u00e9 pasa despu\u00e9s?<\/h2>\n<p>Primero, debe verificar cu\u00e1nto ha ganado. Si la ganancia es inferior a 2500 \u20ac, encontrar\u00e1 la <strong> cantidad acreditada en su cuenta de jugador <\/strong>. Es tu elecci\u00f3n utilizarlo para la compra de entradas adicionales o, si lo prefieres, puedes retirarlo. Tenga en cuenta que la opci\u00f3n de retiro solo es visible si el saldo de su cuenta es de al menos 10 \u20ac.<\/p>\n<p>Para ganancias superiores a 2500 \u20ac, nuestro soporte se pondr\u00e1 en contacto contigo. Deber\u00e1 completar un formulario de reclamo, que luego enviaremos a la comisi\u00f3n de loter\u00eda. Luego, <strong> recibir\u00e1 sus ganancias mediante transferencia bancaria o cheque <\/strong>, seg\u00fan sus deseos.<\/p>\n","protected":false},"excerpt":{"rendered":"<p>C\u00f3mo jugar Powerball Australia en l\u00ednea De hecho, es bastante sencillo jugar Powerball Australia en l\u00ednea , incluso si est\u00e1s en M\u00e9xico. Y tambi\u00e9n es bastante conveniente porque ya est\u00e1 aqu\u00ed donde puede obtener sus boletos con solo unos pocos clics del mouse. Lo cuidaremos en cada paso del camino, donde todo lo que tiene [&hellip;]<\/p>\n","protected":false},"author":1,"featured_media":0,"parent":5037,"menu_order":13,"comment_status":"closed","ping_status":"closed","template":"powerball-au.php","meta":{"_et_pb_use_builder":"","_et_pb_old_content":"","_et_gb_content_width":"","exclude_from_search":false,"footnotes":""},"class_list":["post-10634","page","type-page","status-publish","hentry"],"yoast_head":"<!-- This site is optimized with the Yoast SEO plugin v23.4 - https:\/\/yoast.com\/wordpress\/plugins\/seo\/ -->\n<title>Juega al Powerball Australia en l\u00ednea desde M\u00e9xico<\/title>\n<meta name=\"description\" content=\"Juega al Powerball Australia aqu\u00ed mismo - las loter\u00edas m\u00e1s grandes del planeta, disponibles en l\u00ednea desde M\u00e9xico\" \/>\n<meta name=\"robots\" content=\"index, follow, max-snippet:-1, max-image-preview:large, max-video-preview:-1\" \/>\n<link rel=\"canonical\" href=\"https:\/\/onlinelotto365.com\/es\/jugar\/powerball-australia\/\" \/>\n<meta property=\"og:locale\" content=\"es_ES\" \/>\n<meta property=\"og:type\" content=\"article\" \/>\n<meta property=\"og:title\" content=\"Juega al Powerball Australia en l\u00ednea desde M\u00e9xico\" \/>\n<meta property=\"og:description\" content=\"Juega al Powerball Australia aqu\u00ed mismo - las loter\u00edas m\u00e1s grandes del planeta, disponibles en l\u00ednea desde M\u00e9xico\" \/>\n<meta property=\"og:url\" content=\"https:\/\/onlinelotto365.com\/es\/jugar\/powerball-australia\/\" \/>\n<meta property=\"og:site_name\" content=\"OnlineLotto365\" \/>\n<meta property=\"article:modified_time\" content=\"2021-01-05T11:58:12+00:00\" \/>\n<meta name=\"twitter:card\" content=\"summary_large_image\" \/>\n<meta name=\"twitter:label1\" content=\"Tiempo de lectura\" \/>\n\t<meta name=\"twitter:data1\" content=\"3 minutos\" \/>\n<script type=\"application\/ld+json\" class=\"yoast-schema-graph\">{\"@context\":\"https:\/\/schema.org\",\"@graph\":[{\"@type\":\"WebPage\",\"@id\":\"https:\/\/onlinelotto365.com\/es\/jugar\/powerball-australia\/\",\"url\":\"https:\/\/onlinelotto365.com\/es\/jugar\/powerball-australia\/\",\"name\":\"Juega al Powerball Australia en l\u00ednea desde M\u00e9xico\",\"isPartOf\":{\"@id\":\"https:\/\/onlinelotto365.com\/es\/#website\"},\"datePublished\":\"2020-12-17T18:35:37+00:00\",\"dateModified\":\"2021-01-05T11:58:12+00:00\",\"description\":\"Juega al Powerball Australia aqu\u00ed mismo - las loter\u00edas m\u00e1s grandes del planeta, disponibles en l\u00ednea desde M\u00e9xico\",\"breadcrumb\":{\"@id\":\"https:\/\/onlinelotto365.com\/es\/jugar\/powerball-australia\/#breadcrumb\"},\"inLanguage\":\"es\",\"potentialAction\":[{\"@type\":\"ReadAction\",\"target\":[\"https:\/\/onlinelotto365.com\/es\/jugar\/powerball-australia\/\"]}]},{\"@type\":\"BreadcrumbList\",\"@id\":\"https:\/\/onlinelotto365.com\/es\/jugar\/powerball-australia\/#breadcrumb\",\"itemListElement\":[{\"@type\":\"ListItem\",\"position\":1,\"name\":\"Home\",\"item\":\"https:\/\/onlinelotto365.com\/es\/\"},{\"@type\":\"ListItem\",\"position\":2,\"name\":\"Todo lo que tienes que saber sobre tus opciones para jugar a las mejores loter\u00edas en l\u00ednea\",\"item\":\"https:\/\/onlinelotto365.com\/es\/jugar\/\"},{\"@type\":\"ListItem\",\"position\":3,\"name\":\"Powerball Australia &#8211; ya no est\u00e1 restringido a sus loter\u00edas de M\u00e9xico\"}]},{\"@type\":\"WebSite\",\"@id\":\"https:\/\/onlinelotto365.com\/es\/#website\",\"url\":\"https:\/\/onlinelotto365.com\/es\/\",\"name\":\"OnlineLotto365\",\"description\":\"\",\"potentialAction\":[{\"@type\":\"SearchAction\",\"target\":{\"@type\":\"EntryPoint\",\"urlTemplate\":\"https:\/\/onlinelotto365.com\/es\/?s={search_term_string}\"},\"query-input\":{\"@type\":\"PropertyValueSpecification\",\"valueRequired\":true,\"valueName\":\"search_term_string\"}}],\"inLanguage\":\"es\"}]}<\/script>\n<!-- \/ Yoast SEO plugin. -->","yoast_head_json":{"title":"Juega al Powerball Australia en l\u00ednea desde M\u00e9xico","description":"Juega al Powerball Australia aqu\u00ed mismo - las loter\u00edas m\u00e1s grandes del planeta, disponibles en l\u00ednea desde M\u00e9xico","robots":{"index":"index","follow":"follow","max-snippet":"max-snippet:-1","max-image-preview":"max-image-preview:large","max-video-preview":"max-video-preview:-1"},"canonical":"https:\/\/onlinelotto365.com\/es\/jugar\/powerball-australia\/","og_locale":"es_ES","og_type":"article","og_title":"Juega al Powerball Australia en l\u00ednea desde M\u00e9xico","og_description":"Juega al Powerball Australia aqu\u00ed mismo - las loter\u00edas m\u00e1s grandes del planeta, disponibles en l\u00ednea desde M\u00e9xico","og_url":"https:\/\/onlinelotto365.com\/es\/jugar\/powerball-australia\/","og_site_name":"OnlineLotto365","article_modified_time":"2021-01-05T11:58:12+00:00","twitter_card":"summary_large_image","twitter_misc":{"Tiempo de lectura":"3 minutos"},"schema":{"@context":"https:\/\/schema.org","@graph":[{"@type":"WebPage","@id":"https:\/\/onlinelotto365.com\/es\/jugar\/powerball-australia\/","url":"https:\/\/onlinelotto365.com\/es\/jugar\/powerball-australia\/","name":"Juega al Powerball Australia en l\u00ednea desde M\u00e9xico","isPartOf":{"@id":"https:\/\/onlinelotto365.com\/es\/#website"},"datePublished":"2020-12-17T18:35:37+00:00","dateModified":"2021-01-05T11:58:12+00:00","description":"Juega al Powerball Australia aqu\u00ed mismo - las loter\u00edas m\u00e1s grandes del planeta, disponibles en l\u00ednea desde M\u00e9xico","breadcrumb":{"@id":"https:\/\/onlinelotto365.com\/es\/jugar\/powerball-australia\/#breadcrumb"},"inLanguage":"es","potentialAction":[{"@type":"ReadAction","target":["https:\/\/onlinelotto365.com\/es\/jugar\/powerball-australia\/"]}]},{"@type":"BreadcrumbList","@id":"https:\/\/onlinelotto365.com\/es\/jugar\/powerball-australia\/#breadcrumb","itemListElement":[{"@type":"ListItem","position":1,"name":"Home","item":"https:\/\/onlinelotto365.com\/es\/"},{"@type":"ListItem","position":2,"name":"Todo lo que tienes que saber sobre tus opciones para jugar a las mejores loter\u00edas en l\u00ednea","item":"https:\/\/onlinelotto365.com\/es\/jugar\/"},{"@type":"ListItem","position":3,"name":"Powerball Australia &#8211; ya no est\u00e1 restringido a sus loter\u00edas de M\u00e9xico"}]},{"@type":"WebSite","@id":"https:\/\/onlinelotto365.com\/es\/#website","url":"https:\/\/onlinelotto365.com\/es\/","name":"OnlineLotto365","description":"","potentialAction":[{"@type":"SearchAction","target":{"@type":"EntryPoint","urlTemplate":"https:\/\/onlinelotto365.com\/es\/?s={search_term_string}"},"query-input":{"@type":"PropertyValueSpecification","valueRequired":true,"valueName":"search_term_string"}}],"inLanguage":"es"}]}},"_links":{"self":[{"href":"https:\/\/onlinelotto365.com\/es\/wp-json\/wp\/v2\/pages\/10634","targetHints":{"allow":["GET"]}}],"collection":[{"href":"https:\/\/onlinelotto365.com\/es\/wp-json\/wp\/v2\/pages"}],"about":[{"href":"https:\/\/onlinelotto365.com\/es\/wp-json\/wp\/v2\/types\/page"}],"author":[{"embeddable":true,"href":"https:\/\/onlinelotto365.com\/es\/wp-json\/wp\/v2\/users\/1"}],"replies":[{"embeddable":true,"href":"https:\/\/onlinelotto365.com\/es\/wp-json\/wp\/v2\/comments?post=10634"}],"version-history":[{"count":0,"href":"https:\/\/onlinelotto365.com\/es\/wp-json\/wp\/v2\/pages\/10634\/revisions"}],"up":[{"embeddable":true,"href":"https:\/\/onlinelotto365.com\/es\/wp-json\/wp\/v2\/pages\/5037"}],"wp:attachment":[{"href":"https:\/\/onlinelotto365.com\/es\/wp-json\/wp\/v2\/media?parent=10634"}],"curies":[{"name":"wp","href":"https:\/\/api.w.org\/{rel}","templated":true}]}}