{"id":10636,"date":"2020-12-17T19:36:34","date_gmt":"2020-12-17T18:36:34","guid":{"rendered":"http:\/\/onlinelotto365.net\/?page_id=10636"},"modified":"2021-01-05T12:58:24","modified_gmt":"2021-01-05T11:58:24","slug":"oz-lotto","status":"publish","type":"page","link":"https:\/\/onlinelotto365.com\/es\/jugar\/oz-lotto\/","title":{"rendered":"Jugar a la loter\u00eda Oz es s\u00f3lo una de las opciones para los fan\u00e1ticos de la loter\u00eda de M\u00e9xico"},"content":{"rendered":"<h2>C\u00f3mo jugar Oz Lotto en l\u00ednea<\/h2>\n<p>Ya sea que viva en Australia o no, puede <strong> jugar Oz Lotto en l\u00ednea <\/strong> con facilidad. Esto se debe a que todo lo que necesita hacer es encontrar la p\u00e1gina correcta en nuestro sitio web, hacer clic en algunos botones y, antes de que se d\u00e9 cuenta, tendr\u00e1 las entradas que desea.<\/p>\n<p>A\u00fan mejor, simplemente configura una cuenta completamente gratuita, <a href=\"https:\/\/onlinelotto365.com\/es\/jugar\"> elige las entradas <\/a> y los n\u00fameros que quieras, selecciona la opci\u00f3n de pago que mejor funcione para ti y tu estas listo. Realmente es as\u00ed de simple.<\/p>\n<p>Si est\u00e1 listo para jugar, lo primero que debe hacer es elegir la loter\u00eda que desee. En este caso, est\u00e1s mirando Oz Lotto. Una vez que est\u00e9 dentro, solo elija los n\u00fameros que desea jugar. Ni siquiera tiene que preocuparse por elegir sus n\u00fameros incorrectamente porque el sistema le permitir\u00e1 saber lo que necesita.<\/p>\n<p>Eso significa la cantidad de n\u00fameros tambi\u00e9n. Adem\u00e1s, puede elegir una selecci\u00f3n r\u00e1pida para que la computadora seleccione aleatoriamente sus n\u00fameros y luego edite esos n\u00fameros tambi\u00e9n.<br \/>\nUna vez que tenga los boletos que desea para Oz Lotto, puede optar por agregar a\u00fan m\u00e1s boletos, elegir un juego diferente y agregar esos boletos o simplemente agregar sus boletos a un pedido para comprar. Realice la compra y pague desde M\u00e9xico con su m\u00e9todo de pago preferido y estar\u00e1 listo. Aunque, por supuesto, deber\u00e1 crear una cuenta para completar el proceso de pago.<\/p>\n<p>Crear la cuenta es f\u00e1cil y le enviamos un correo electr\u00f3nico de verificaci\u00f3n y un enlace de inmediato. De esa manera, puede saltar directamente a <a href=\"https:\/\/onlinelotto365.com\/es\/compra-boletos\"> comprar esos boletos <\/a> sin tener que esperar. Solo aseg\u00farate de revisar tu bandeja de entrada y tu carpeta de correo no deseado porque no podr\u00e1s obtener tus boletos a menos que confirmes. Estar\u00e1 listo para comenzar en poco tiempo.<br \/>\n<a href=\"https:\/\/redfoxlotto.com\/es\/jugar\/oz-lotto\/?ref=a8564250a2&amp;medium=ol365\" target=\"_blank\" rel=\"noopener noreferrer\"> <img decoding=\"async\" class=\"aligncenter\" src=\" https:\/\/redfoxlotto.com\/image?size=8&amp;lottery=oz-lotto \" alt=\" Oz Lotto \" \/> <\/a><\/p>\n<h2>Acerca de Oz Lotto<\/h2>\n<ul>\n<li style=\"list-style-type: none;\">\n<ul>\n<li>Pa\u00eds: Australia<\/li>\n<li>Rango de n\u00fameros principales: 45<\/li>\n<li>Debe seleccionar: 7<\/li>\n<li>D\u00edas y horarios de los sorteos: martes, 21:30 GMT + 11 &#8211; 10:30 CET<\/li>\n<li>El premio mayor comienza en: AU $ 2 millones<\/li>\n<li>El premio mayor tiene un l\u00edmite de: ninguno<\/li>\n<li>Posibilidad de ganar el premio mayor: 1 en 45379620<\/li>\n<li>Posibilidad de ganar el segundo premio: 1 en 3241401<\/li>\n<li>Posibilidad de ganar cualquier premio: 1 en 54,59<\/li>\n<li>N\u00famero de categor\u00edas de premios: 7<\/li>\n<\/ul>\n<\/li>\n<\/ul>\n<h2>Las mejores caracter\u00edsticas de Oz Lotto<\/h2>\n<p>Oz Lotto brinda a los fan\u00e1ticos de la loter\u00eda de M\u00e9xico la <strong> oportunidad de ganar en siete divisiones diferentes <\/strong>, lo que aumenta sus posibilidades de ganar un gran premio. No solo eso, sino que si gana en la Divisi\u00f3n 1, tiene la garant\u00eda de dividir un premio de $ 2 millones, y a menudo mucho m\u00e1s. Eso significa que no tendr\u00e1 ning\u00fan problema para ganar algo grande, o al menos obtener una parte de una de las grandes opciones de premios.<\/p>\n<h2>C\u00f3mo comprobar los resultados de Oz Lotto<\/h2>\n<p>Hay muchas formas de comprobar los n\u00fameros ganadores de Oz Lotto. La primera es ir al sitio web oficial o consultar las loter\u00edas locales a trav\u00e9s de su propio peri\u00f3dico o su canal de noticias favorito. Pero eso solo funciona si el juego es local. Y la mejor manera de obtener sus n\u00fameros de loter\u00eda es regresando directamente a nuestro sitio.<br \/>\nDespu\u00e9s de todo, compraste tus entradas aqu\u00ed, \u00bfpor qu\u00e9 no? Podr\u00e1 iniciar sesi\u00f3n directamente en su cuenta y comparar sus n\u00fameros con los n\u00fameros ganadores para ver cu\u00e1nto ha ganado.<\/p>\n<h2>\u00a1Eres un ganador del Oz Lotto! &#8211; \u00bfY ahora qu\u00e9? <img decoding=\"async\" class=\"alignright wp-image-3635\" src=\"https:\/\/onlinelotto365.com\/wp-content\/uploads\/2020\/11\/online_lottery-123-300x300.jpg\" alt=\"play oz loter\u00eda en l\u00ednea \" width=\" 228 \" height=\" 228 \" srcset=\"https:\/\/onlinelotto365.com\/wp-content\/uploads\/2020\/11\/online_lottery-123-300x300.jpg 300w, https:\/\/onlinelotto365.com\/wp-content\/uploads\/2020\/11\/online_lottery-123-100x100.jpg 100w, https:\/\/onlinelotto365.com\/wp-content\/uploads\/2020\/11\/online_lottery-123-150x150.jpg 150w, https:\/\/onlinelotto365.com\/wp-content\/uploads\/2020\/11\/online_lottery-123.jpg 320w\" sizes=\"(max-width: 300px) 100vw, 300px\" \/><\/h2>\n<p>Lo primero que querr\u00e1 saber es cu\u00e1nto va a obtener. Despu\u00e9s de todo, todos quieren saber sobre sus ganancias, \u00bfverdad? Si ha ganado menos de 2500 \u20ac, no tendr\u00e1 que hacer nada. Nosotros nos encargamos de reclamar el premio y lo depositamos directamente en tu cuenta online. A partir de ah\u00ed, puedes optar por sacarlo, comprar entradas nuevas o cualquier otra cosa que quieras, siempre que superes los 10 \u20ac, es decir.<\/p>\n<p>Ahora, si ha ganado m\u00e1s de 2500 \u20ac, hay un poco m\u00e1s involucrado en el proceso, pero no se preocupe porque lo ayudaremos a superarlo. Nos pondremos en contacto con usted y le daremos una copia del formulario de reclamo que debe enviarse a la comisi\u00f3n de loter\u00eda. Una vez que lo complete, podr\u00e1 obtener sus ganancias de acuerdo con lo que envi\u00f3 en el papel. Puede obtener un cheque o una transferencia bancaria.<\/p>\n","protected":false},"excerpt":{"rendered":"<p>C\u00f3mo jugar Oz Lotto en l\u00ednea Ya sea que viva en Australia o no, puede jugar Oz Lotto en l\u00ednea con facilidad. Esto se debe a que todo lo que necesita hacer es encontrar la p\u00e1gina correcta en nuestro sitio web, hacer clic en algunos botones y, antes de que se d\u00e9 cuenta, tendr\u00e1 las [&hellip;]<\/p>\n","protected":false},"author":1,"featured_media":0,"parent":5037,"menu_order":14,"comment_status":"closed","ping_status":"closed","template":"template-rightsidebar.php","meta":{"_et_pb_use_builder":"","_et_pb_old_content":"","_et_gb_content_width":"","exclude_from_search":false,"footnotes":""},"class_list":["post-10636","page","type-page","status-publish","hentry"],"yoast_head":"<!-- This site is optimized with the Yoast SEO plugin v23.4 - https:\/\/yoast.com\/wordpress\/plugins\/seo\/ -->\n<title>Juega a la Loter\u00eda Oz aqu\u00ed mismo - las mayores loter\u00edas del planeta, disponibles en l\u00ednea desde M\u00e9xico<\/title>\n<meta name=\"description\" content=\"Juega muchas loter\u00edas internacionales en l\u00ednea, incluyendo OzLotto\" \/>\n<meta name=\"robots\" content=\"index, follow, max-snippet:-1, max-image-preview:large, max-video-preview:-1\" \/>\n<link rel=\"canonical\" href=\"https:\/\/onlinelotto365.com\/es\/jugar\/oz-lotto\/\" \/>\n<meta property=\"og:locale\" content=\"es_ES\" \/>\n<meta property=\"og:type\" content=\"article\" \/>\n<meta property=\"og:title\" content=\"Juega a la Loter\u00eda Oz aqu\u00ed mismo - las mayores loter\u00edas del planeta, disponibles en l\u00ednea desde M\u00e9xico\" \/>\n<meta property=\"og:description\" content=\"Juega muchas loter\u00edas internacionales en l\u00ednea, incluyendo OzLotto\" \/>\n<meta property=\"og:url\" content=\"https:\/\/onlinelotto365.com\/es\/jugar\/oz-lotto\/\" \/>\n<meta property=\"og:site_name\" content=\"OnlineLotto365\" \/>\n<meta property=\"article:modified_time\" content=\"2021-01-05T11:58:24+00:00\" \/>\n<meta property=\"og:image\" content=\"https:\/\/onlinelotto365.com\/wp-content\/uploads\/2020\/11\/online_lottery-123-300x300.jpg\" \/>\n<meta name=\"twitter:card\" content=\"summary_large_image\" \/>\n<meta name=\"twitter:label1\" content=\"Tiempo de lectura\" \/>\n\t<meta name=\"twitter:data1\" content=\"4 minutos\" \/>\n<script type=\"application\/ld+json\" class=\"yoast-schema-graph\">{\"@context\":\"https:\/\/schema.org\",\"@graph\":[{\"@type\":\"WebPage\",\"@id\":\"https:\/\/onlinelotto365.com\/es\/jugar\/oz-lotto\/\",\"url\":\"https:\/\/onlinelotto365.com\/es\/jugar\/oz-lotto\/\",\"name\":\"Juega a la Loter\u00eda Oz aqu\u00ed mismo - las mayores loter\u00edas del planeta, disponibles en l\u00ednea desde M\u00e9xico\",\"isPartOf\":{\"@id\":\"https:\/\/onlinelotto365.com\/es\/#website\"},\"primaryImageOfPage\":{\"@id\":\"https:\/\/onlinelotto365.com\/es\/jugar\/oz-lotto\/#primaryimage\"},\"image\":{\"@id\":\"https:\/\/onlinelotto365.com\/es\/jugar\/oz-lotto\/#primaryimage\"},\"thumbnailUrl\":\"https:\/\/onlinelotto365.com\/wp-content\/uploads\/2020\/11\/online_lottery-123-300x300.jpg\",\"datePublished\":\"2020-12-17T18:36:34+00:00\",\"dateModified\":\"2021-01-05T11:58:24+00:00\",\"description\":\"Juega muchas loter\u00edas internacionales en l\u00ednea, incluyendo OzLotto\",\"breadcrumb\":{\"@id\":\"https:\/\/onlinelotto365.com\/es\/jugar\/oz-lotto\/#breadcrumb\"},\"inLanguage\":\"es\",\"potentialAction\":[{\"@type\":\"ReadAction\",\"target\":[\"https:\/\/onlinelotto365.com\/es\/jugar\/oz-lotto\/\"]}]},{\"@type\":\"ImageObject\",\"inLanguage\":\"es\",\"@id\":\"https:\/\/onlinelotto365.com\/es\/jugar\/oz-lotto\/#primaryimage\",\"url\":\"https:\/\/onlinelotto365.com\/wp-content\/uploads\/2020\/11\/online_lottery-123-300x300.jpg\",\"contentUrl\":\"https:\/\/onlinelotto365.com\/wp-content\/uploads\/2020\/11\/online_lottery-123-300x300.jpg\"},{\"@type\":\"BreadcrumbList\",\"@id\":\"https:\/\/onlinelotto365.com\/es\/jugar\/oz-lotto\/#breadcrumb\",\"itemListElement\":[{\"@type\":\"ListItem\",\"position\":1,\"name\":\"Home\",\"item\":\"https:\/\/onlinelotto365.com\/es\/\"},{\"@type\":\"ListItem\",\"position\":2,\"name\":\"Todo lo que tienes que saber sobre tus opciones para jugar a las mejores loter\u00edas en l\u00ednea\",\"item\":\"https:\/\/onlinelotto365.com\/es\/jugar\/\"},{\"@type\":\"ListItem\",\"position\":3,\"name\":\"Jugar a la loter\u00eda Oz es s\u00f3lo una de las opciones para los fan\u00e1ticos de la loter\u00eda de M\u00e9xico\"}]},{\"@type\":\"WebSite\",\"@id\":\"https:\/\/onlinelotto365.com\/es\/#website\",\"url\":\"https:\/\/onlinelotto365.com\/es\/\",\"name\":\"OnlineLotto365\",\"description\":\"\",\"potentialAction\":[{\"@type\":\"SearchAction\",\"target\":{\"@type\":\"EntryPoint\",\"urlTemplate\":\"https:\/\/onlinelotto365.com\/es\/?s={search_term_string}\"},\"query-input\":{\"@type\":\"PropertyValueSpecification\",\"valueRequired\":true,\"valueName\":\"search_term_string\"}}],\"inLanguage\":\"es\"}]}<\/script>\n<!-- \/ Yoast SEO plugin. -->","yoast_head_json":{"title":"Juega a la Loter\u00eda Oz aqu\u00ed mismo - las mayores loter\u00edas del planeta, disponibles en l\u00ednea desde M\u00e9xico","description":"Juega muchas loter\u00edas internacionales en l\u00ednea, incluyendo OzLotto","robots":{"index":"index","follow":"follow","max-snippet":"max-snippet:-1","max-image-preview":"max-image-preview:large","max-video-preview":"max-video-preview:-1"},"canonical":"https:\/\/onlinelotto365.com\/es\/jugar\/oz-lotto\/","og_locale":"es_ES","og_type":"article","og_title":"Juega a la Loter\u00eda Oz aqu\u00ed mismo - las mayores loter\u00edas del planeta, disponibles en l\u00ednea desde M\u00e9xico","og_description":"Juega muchas loter\u00edas internacionales en l\u00ednea, incluyendo OzLotto","og_url":"https:\/\/onlinelotto365.com\/es\/jugar\/oz-lotto\/","og_site_name":"OnlineLotto365","article_modified_time":"2021-01-05T11:58:24+00:00","og_image":[{"url":"https:\/\/onlinelotto365.com\/wp-content\/uploads\/2020\/11\/online_lottery-123-300x300.jpg"}],"twitter_card":"summary_large_image","twitter_misc":{"Tiempo de lectura":"4 minutos"},"schema":{"@context":"https:\/\/schema.org","@graph":[{"@type":"WebPage","@id":"https:\/\/onlinelotto365.com\/es\/jugar\/oz-lotto\/","url":"https:\/\/onlinelotto365.com\/es\/jugar\/oz-lotto\/","name":"Juega a la Loter\u00eda Oz aqu\u00ed mismo - las mayores loter\u00edas del planeta, disponibles en l\u00ednea desde M\u00e9xico","isPartOf":{"@id":"https:\/\/onlinelotto365.com\/es\/#website"},"primaryImageOfPage":{"@id":"https:\/\/onlinelotto365.com\/es\/jugar\/oz-lotto\/#primaryimage"},"image":{"@id":"https:\/\/onlinelotto365.com\/es\/jugar\/oz-lotto\/#primaryimage"},"thumbnailUrl":"https:\/\/onlinelotto365.com\/wp-content\/uploads\/2020\/11\/online_lottery-123-300x300.jpg","datePublished":"2020-12-17T18:36:34+00:00","dateModified":"2021-01-05T11:58:24+00:00","description":"Juega muchas loter\u00edas internacionales en l\u00ednea, incluyendo OzLotto","breadcrumb":{"@id":"https:\/\/onlinelotto365.com\/es\/jugar\/oz-lotto\/#breadcrumb"},"inLanguage":"es","potentialAction":[{"@type":"ReadAction","target":["https:\/\/onlinelotto365.com\/es\/jugar\/oz-lotto\/"]}]},{"@type":"ImageObject","inLanguage":"es","@id":"https:\/\/onlinelotto365.com\/es\/jugar\/oz-lotto\/#primaryimage","url":"https:\/\/onlinelotto365.com\/wp-content\/uploads\/2020\/11\/online_lottery-123-300x300.jpg","contentUrl":"https:\/\/onlinelotto365.com\/wp-content\/uploads\/2020\/11\/online_lottery-123-300x300.jpg"},{"@type":"BreadcrumbList","@id":"https:\/\/onlinelotto365.com\/es\/jugar\/oz-lotto\/#breadcrumb","itemListElement":[{"@type":"ListItem","position":1,"name":"Home","item":"https:\/\/onlinelotto365.com\/es\/"},{"@type":"ListItem","position":2,"name":"Todo lo que tienes que saber sobre tus opciones para jugar a las mejores loter\u00edas en l\u00ednea","item":"https:\/\/onlinelotto365.com\/es\/jugar\/"},{"@type":"ListItem","position":3,"name":"Jugar a la loter\u00eda Oz es s\u00f3lo una de las opciones para los fan\u00e1ticos de la loter\u00eda de M\u00e9xico"}]},{"@type":"WebSite","@id":"https:\/\/onlinelotto365.com\/es\/#website","url":"https:\/\/onlinelotto365.com\/es\/","name":"OnlineLotto365","description":"","potentialAction":[{"@type":"SearchAction","target":{"@type":"EntryPoint","urlTemplate":"https:\/\/onlinelotto365.com\/es\/?s={search_term_string}"},"query-input":{"@type":"PropertyValueSpecification","valueRequired":true,"valueName":"search_term_string"}}],"inLanguage":"es"}]}},"_links":{"self":[{"href":"https:\/\/onlinelotto365.com\/es\/wp-json\/wp\/v2\/pages\/10636","targetHints":{"allow":["GET"]}}],"collection":[{"href":"https:\/\/onlinelotto365.com\/es\/wp-json\/wp\/v2\/pages"}],"about":[{"href":"https:\/\/onlinelotto365.com\/es\/wp-json\/wp\/v2\/types\/page"}],"author":[{"embeddable":true,"href":"https:\/\/onlinelotto365.com\/es\/wp-json\/wp\/v2\/users\/1"}],"replies":[{"embeddable":true,"href":"https:\/\/onlinelotto365.com\/es\/wp-json\/wp\/v2\/comments?post=10636"}],"version-history":[{"count":0,"href":"https:\/\/onlinelotto365.com\/es\/wp-json\/wp\/v2\/pages\/10636\/revisions"}],"up":[{"embeddable":true,"href":"https:\/\/onlinelotto365.com\/es\/wp-json\/wp\/v2\/pages\/5037"}],"wp:attachment":[{"href":"https:\/\/onlinelotto365.com\/es\/wp-json\/wp\/v2\/media?parent=10636"}],"curies":[{"name":"wp","href":"https:\/\/api.w.org\/{rel}","templated":true}]}}