{"id":10638,"date":"2020-12-17T19:37:28","date_gmt":"2020-12-17T18:37:28","guid":{"rendered":"http:\/\/onlinelotto365.net\/?page_id=10638"},"modified":"2021-01-05T12:59:06","modified_gmt":"2021-01-05T11:59:06","slug":"saturday-lotto-australia","status":"publish","type":"page","link":"https:\/\/onlinelotto365.com\/es\/jugar\/saturday-lotto-australia\/","title":{"rendered":"Jugar a la loter\u00eda de los s\u00e1bados en Australia es s\u00f3lo una de las opciones para los fan\u00e1ticos de la loter\u00eda de M\u00e9xico."},"content":{"rendered":"<h2>C\u00f3mo jugar Saturday Lotto Australia en l\u00ednea<\/h2>\n<p>Si <strong> vives en M\u00e9xico <\/strong> o en otro lugar, no te resultar\u00e1 tan dif\u00edcil como podr\u00edas pensar <strong> jugar Saturday Lotto Australia <\/strong>. Adem\u00e1s, tendr\u00e1s opciones para conseguir las entradas que quieras sin tener que dedicar mucho tiempo a ello, \u00bfqu\u00e9 podr\u00eda ser mejor que eso?<\/p>\n<p>Bueno, el hecho de que te ayudemos en el camino definitivamente tambi\u00e9n ser\u00e1 un gran beneficio. Puede elegir todas las opciones que desee, crear su cuenta, comprar sus boletos y todo lo que necesite con su m\u00e9todo de pago preferido en muy poco tiempo. Y nos aseguraremos de que esos boletos est\u00e9n listos para usted cuando llegue el sorteo.<\/p>\n<p>Todo lo que necesita hacer es revisar las diferentes <a href=\"http:\/\/onlinelotto365.com\/es\"> opciones de loter\u00eda <\/a> y elegir Saturday Lotto Mexico. Una vez que lo haga, tendr\u00e1 la opci\u00f3n de elegir sus n\u00fameros para cada boleto que desee.<br \/>\nSin embargo, no se preocupe por elegir la cantidad incorrecta de n\u00fameros porque <strong> el sistema lo guiar\u00e1 <\/strong> para obtener la cantidad justa. Y si no est\u00e1 tan seguro de los n\u00fameros que desea, puede elegir una opci\u00f3n r\u00e1pida para que la computadora elija sus n\u00fameros por usted.<\/p>\n<p>Una vez que tenga sus boletos, puede elegir agregar m\u00e1s, elegir boletos para otro juego o simplemente agregarlos a su pedido y prepararse para realizar una compra. El proceso de pago est\u00e1 dise\u00f1ado para ser lo m\u00e1s simple posible para que pueda pagar sus boletos y estar en camino en poco tiempo. Todo lo que tienes que hacer es crear tu cuenta.<\/p>\n<p>Crear una cuenta es muy f\u00e1cil porque no necesitamos mucha informaci\u00f3n. Y luego le enviaremos un correo electr\u00f3nico de verificaci\u00f3n para que pueda finalizar su cuenta. Tenga en cuenta que podr\u00eda terminar en su carpeta de spam (lo que significa que debe agregarnos a su libreta de direcciones) y con eso, tendr\u00e1 una cuenta y la <strong> capacidad de comprar m\u00e1s boletos cuando lo desee . <\/strong><br \/>\n<a href=\"https:\/\/redfoxlotto.com\/es\/jugar\/saturday-lotto-au\/?ref=a8564250a2&amp;medium=ol365\" target=\"_blank\" rel=\"noopener noreferrer\"> <img decoding=\"async\" class=\"aligncenter\" src=\"https:\/\/redfoxlotto.com\/image?size=8&amp;lottery=saturday-lotto-au\" alt=\"Saturday Lotto Australia\" \/> <\/a><\/p>\n<h2>Acerca de Saturday Lotto Australia<\/h2>\n<ul>\n<li style=\"list-style-type: none;\">\n<ul>\n<li>Pa\u00eds: M\u00e9xico<\/li>\n<li>Rango de n\u00fameros principales: 45<\/li>\n<li>Debes seleccionar: 6<\/li>\n<li>D\u00edas y horarios de los sorteos: s\u00e1bado, 21:30 GMT + 11 &#8211; 10:30 CET<\/li>\n<li>El premio mayor comienza en: AU $ 5 millones<\/li>\n<li>El premio mayor tiene un l\u00edmite de: AU $ 150 millones<\/li>\n<li>Posibilidad de ganar el premio mayor: 1 en 8145060<\/li>\n<li>Posibilidad de ganar el segundo premio: 1 en 678755<\/li>\n<li>Posibilidad de ganar cualquier premio: 1 en 85,44<\/li>\n<li>N\u00famero de categor\u00edas de premios: 6<\/li>\n<\/ul>\n<\/li>\n<\/ul>\n<h2>Las mejores caracter\u00edsticas de Saturday Lotto Mexico<\/h2>\n<p>El Saturday Lotto Australia ofrece muchas oportunidades de ganar y botes de varios millones. Lo que es a\u00fan mejor es que hay cientos de miles de ganadores en cada sorteo. Podr\u00edas ganar un premio peque\u00f1o de menos de $ 10 o podr\u00edas ganar premios grandes que son cientos de miles de d\u00f3lares. Todo lo que tienes que hacer es elegir los n\u00fameros correctos.<\/p>\n<h2>C\u00f3mo comprobar los resultados de Saturday Lotto Australia<\/h2>\n<p>Cuando llega el momento de comprobar los resultados del Saturday Lotto Mexico tienes varias opciones diferentes. La primera es echar un vistazo al sitio web oficial de la loter\u00eda. Siempre publican los <a href=\"https:\/\/onlinelotto365.com\/es\/news\/que-loterias-tienen-mas-posibilidades-de-ganar\"> n\u00fameros ganadores <\/a> despu\u00e9s de su sorteo.<br \/>\nPero tambi\u00e9n puede consultar los peri\u00f3dicos y canales de televisi\u00f3n locales si vive en la zona. Por supuesto, si vive en M\u00e9xico, la mejor y m\u00e1s f\u00e1cil manera de verificarlo es regresar a nuestro sitio web e iniciar sesi\u00f3n en su cuenta. A partir de ah\u00ed, podr\u00e1 ver los \u00faltimos n\u00fameros ganadores y compararlos con los suyos.<\/p>\n<h2>Jugaste online Saturday Lotto Australia y ganaste, \u00bfqu\u00e9 pasa despu\u00e9s?<\/h2>\n<p>\u00bfGanaste algo en el \u00faltimo sorteo? Si lo hizo, querr\u00e1 saber cu\u00e1nto y eso afectar\u00e1 la forma en que obtiene su dinero. Cualquier cantidad inferior a 2500 \u20ac se puede depositar directamente en su cuenta, y as\u00ed ser\u00e1. Eso significa que puedes hacer lo que quieras con \u00e9l, desde retirarlo (si supera los 10 \u20ac), hasta comprar algunas entradas m\u00e1s para este o cualquier otro juego que desees.<br \/>\nPor otro lado, si ha tenido la suerte de ganar m\u00e1s de 2500 \u20ac, lo ayudaremos en el proceso de reclamar sus ganancias, que requiere un poco m\u00e1s de esfuerzo. Para este proceso, deber\u00e1 completar un formulario de reclamo para la comisi\u00f3n de la loter\u00eda y decidir si desea que se le env\u00ede el dinero mediante una transferencia bancaria o un cheque. Depende completamente de usted.<\/p>\n","protected":false},"excerpt":{"rendered":"<p>C\u00f3mo jugar Saturday Lotto Australia en l\u00ednea Si vives en M\u00e9xico o en otro lugar, no te resultar\u00e1 tan dif\u00edcil como podr\u00edas pensar jugar Saturday Lotto Australia . Adem\u00e1s, tendr\u00e1s opciones para conseguir las entradas que quieras sin tener que dedicar mucho tiempo a ello, \u00bfqu\u00e9 podr\u00eda ser mejor que eso? Bueno, el hecho de [&hellip;]<\/p>\n","protected":false},"author":1,"featured_media":0,"parent":5037,"menu_order":15,"comment_status":"closed","ping_status":"closed","template":"saturday-lotto.php","meta":{"_et_pb_use_builder":"","_et_pb_old_content":"","_et_gb_content_width":"","exclude_from_search":false,"footnotes":""},"class_list":["post-10638","page","type-page","status-publish","hentry"],"yoast_head":"<!-- This site is optimized with the Yoast SEO plugin v23.4 - https:\/\/yoast.com\/wordpress\/plugins\/seo\/ -->\n<title>Nuestro servicio le permite jugar a la Loter\u00eda de Australia de los s\u00e1bados en l\u00ednea desde M\u00e9xico<\/title>\n<meta name=\"description\" content=\"Hay una loter\u00eda de s\u00e1bado en Australia, tambi\u00e9n - juegue en l\u00ednea ahora\" \/>\n<meta name=\"robots\" content=\"index, follow, max-snippet:-1, max-image-preview:large, max-video-preview:-1\" \/>\n<link rel=\"canonical\" href=\"https:\/\/onlinelotto365.com\/es\/jugar\/saturday-lotto-australia\/\" \/>\n<meta property=\"og:locale\" content=\"es_ES\" \/>\n<meta property=\"og:type\" content=\"article\" \/>\n<meta property=\"og:title\" content=\"Nuestro servicio le permite jugar a la Loter\u00eda de Australia de los s\u00e1bados en l\u00ednea desde M\u00e9xico\" \/>\n<meta property=\"og:description\" content=\"Hay una loter\u00eda de s\u00e1bado en Australia, tambi\u00e9n - juegue en l\u00ednea ahora\" \/>\n<meta property=\"og:url\" content=\"https:\/\/onlinelotto365.com\/es\/jugar\/saturday-lotto-australia\/\" \/>\n<meta property=\"og:site_name\" content=\"OnlineLotto365\" \/>\n<meta property=\"article:modified_time\" content=\"2021-01-05T11:59:06+00:00\" \/>\n<meta property=\"og:image\" content=\"https:\/\/redfoxlotto.com\/image?size=8&amp;lottery=saturday-lotto-au\" \/>\n<meta name=\"twitter:card\" content=\"summary_large_image\" \/>\n<meta name=\"twitter:label1\" content=\"Tiempo de lectura\" \/>\n\t<meta name=\"twitter:data1\" content=\"4 minutos\" \/>\n<script type=\"application\/ld+json\" class=\"yoast-schema-graph\">{\"@context\":\"https:\/\/schema.org\",\"@graph\":[{\"@type\":\"WebPage\",\"@id\":\"https:\/\/onlinelotto365.com\/es\/jugar\/saturday-lotto-australia\/\",\"url\":\"https:\/\/onlinelotto365.com\/es\/jugar\/saturday-lotto-australia\/\",\"name\":\"Nuestro servicio le permite jugar a la Loter\u00eda de Australia de los s\u00e1bados en l\u00ednea desde M\u00e9xico\",\"isPartOf\":{\"@id\":\"https:\/\/onlinelotto365.com\/es\/#website\"},\"primaryImageOfPage\":{\"@id\":\"https:\/\/onlinelotto365.com\/es\/jugar\/saturday-lotto-australia\/#primaryimage\"},\"image\":{\"@id\":\"https:\/\/onlinelotto365.com\/es\/jugar\/saturday-lotto-australia\/#primaryimage\"},\"thumbnailUrl\":\"https:\/\/redfoxlotto.com\/image?size=8&amp;lottery=saturday-lotto-au\",\"datePublished\":\"2020-12-17T18:37:28+00:00\",\"dateModified\":\"2021-01-05T11:59:06+00:00\",\"description\":\"Hay una loter\u00eda de s\u00e1bado en Australia, tambi\u00e9n - juegue en l\u00ednea ahora\",\"breadcrumb\":{\"@id\":\"https:\/\/onlinelotto365.com\/es\/jugar\/saturday-lotto-australia\/#breadcrumb\"},\"inLanguage\":\"es\",\"potentialAction\":[{\"@type\":\"ReadAction\",\"target\":[\"https:\/\/onlinelotto365.com\/es\/jugar\/saturday-lotto-australia\/\"]}]},{\"@type\":\"ImageObject\",\"inLanguage\":\"es\",\"@id\":\"https:\/\/onlinelotto365.com\/es\/jugar\/saturday-lotto-australia\/#primaryimage\",\"url\":\"https:\/\/redfoxlotto.com\/image?size=8&amp;lottery=saturday-lotto-au\",\"contentUrl\":\"https:\/\/redfoxlotto.com\/image?size=8&amp;lottery=saturday-lotto-au\"},{\"@type\":\"BreadcrumbList\",\"@id\":\"https:\/\/onlinelotto365.com\/es\/jugar\/saturday-lotto-australia\/#breadcrumb\",\"itemListElement\":[{\"@type\":\"ListItem\",\"position\":1,\"name\":\"Home\",\"item\":\"https:\/\/onlinelotto365.com\/es\/\"},{\"@type\":\"ListItem\",\"position\":2,\"name\":\"Todo lo que tienes que saber sobre tus opciones para jugar a las mejores loter\u00edas en l\u00ednea\",\"item\":\"https:\/\/onlinelotto365.com\/es\/jugar\/\"},{\"@type\":\"ListItem\",\"position\":3,\"name\":\"Jugar a la loter\u00eda de los s\u00e1bados en Australia es s\u00f3lo una de las opciones para los fan\u00e1ticos de la loter\u00eda de M\u00e9xico.\"}]},{\"@type\":\"WebSite\",\"@id\":\"https:\/\/onlinelotto365.com\/es\/#website\",\"url\":\"https:\/\/onlinelotto365.com\/es\/\",\"name\":\"OnlineLotto365\",\"description\":\"\",\"potentialAction\":[{\"@type\":\"SearchAction\",\"target\":{\"@type\":\"EntryPoint\",\"urlTemplate\":\"https:\/\/onlinelotto365.com\/es\/?s={search_term_string}\"},\"query-input\":{\"@type\":\"PropertyValueSpecification\",\"valueRequired\":true,\"valueName\":\"search_term_string\"}}],\"inLanguage\":\"es\"}]}<\/script>\n<!-- \/ Yoast SEO plugin. -->","yoast_head_json":{"title":"Nuestro servicio le permite jugar a la Loter\u00eda de Australia de los s\u00e1bados en l\u00ednea desde M\u00e9xico","description":"Hay una loter\u00eda de s\u00e1bado en Australia, tambi\u00e9n - juegue en l\u00ednea ahora","robots":{"index":"index","follow":"follow","max-snippet":"max-snippet:-1","max-image-preview":"max-image-preview:large","max-video-preview":"max-video-preview:-1"},"canonical":"https:\/\/onlinelotto365.com\/es\/jugar\/saturday-lotto-australia\/","og_locale":"es_ES","og_type":"article","og_title":"Nuestro servicio le permite jugar a la Loter\u00eda de Australia de los s\u00e1bados en l\u00ednea desde M\u00e9xico","og_description":"Hay una loter\u00eda de s\u00e1bado en Australia, tambi\u00e9n - juegue en l\u00ednea ahora","og_url":"https:\/\/onlinelotto365.com\/es\/jugar\/saturday-lotto-australia\/","og_site_name":"OnlineLotto365","article_modified_time":"2021-01-05T11:59:06+00:00","og_image":[{"url":"https:\/\/redfoxlotto.com\/image?size=8&amp;lottery=saturday-lotto-au"}],"twitter_card":"summary_large_image","twitter_misc":{"Tiempo de lectura":"4 minutos"},"schema":{"@context":"https:\/\/schema.org","@graph":[{"@type":"WebPage","@id":"https:\/\/onlinelotto365.com\/es\/jugar\/saturday-lotto-australia\/","url":"https:\/\/onlinelotto365.com\/es\/jugar\/saturday-lotto-australia\/","name":"Nuestro servicio le permite jugar a la Loter\u00eda de Australia de los s\u00e1bados en l\u00ednea desde M\u00e9xico","isPartOf":{"@id":"https:\/\/onlinelotto365.com\/es\/#website"},"primaryImageOfPage":{"@id":"https:\/\/onlinelotto365.com\/es\/jugar\/saturday-lotto-australia\/#primaryimage"},"image":{"@id":"https:\/\/onlinelotto365.com\/es\/jugar\/saturday-lotto-australia\/#primaryimage"},"thumbnailUrl":"https:\/\/redfoxlotto.com\/image?size=8&amp;lottery=saturday-lotto-au","datePublished":"2020-12-17T18:37:28+00:00","dateModified":"2021-01-05T11:59:06+00:00","description":"Hay una loter\u00eda de s\u00e1bado en Australia, tambi\u00e9n - juegue en l\u00ednea ahora","breadcrumb":{"@id":"https:\/\/onlinelotto365.com\/es\/jugar\/saturday-lotto-australia\/#breadcrumb"},"inLanguage":"es","potentialAction":[{"@type":"ReadAction","target":["https:\/\/onlinelotto365.com\/es\/jugar\/saturday-lotto-australia\/"]}]},{"@type":"ImageObject","inLanguage":"es","@id":"https:\/\/onlinelotto365.com\/es\/jugar\/saturday-lotto-australia\/#primaryimage","url":"https:\/\/redfoxlotto.com\/image?size=8&amp;lottery=saturday-lotto-au","contentUrl":"https:\/\/redfoxlotto.com\/image?size=8&amp;lottery=saturday-lotto-au"},{"@type":"BreadcrumbList","@id":"https:\/\/onlinelotto365.com\/es\/jugar\/saturday-lotto-australia\/#breadcrumb","itemListElement":[{"@type":"ListItem","position":1,"name":"Home","item":"https:\/\/onlinelotto365.com\/es\/"},{"@type":"ListItem","position":2,"name":"Todo lo que tienes que saber sobre tus opciones para jugar a las mejores loter\u00edas en l\u00ednea","item":"https:\/\/onlinelotto365.com\/es\/jugar\/"},{"@type":"ListItem","position":3,"name":"Jugar a la loter\u00eda de los s\u00e1bados en Australia es s\u00f3lo una de las opciones para los fan\u00e1ticos de la loter\u00eda de M\u00e9xico."}]},{"@type":"WebSite","@id":"https:\/\/onlinelotto365.com\/es\/#website","url":"https:\/\/onlinelotto365.com\/es\/","name":"OnlineLotto365","description":"","potentialAction":[{"@type":"SearchAction","target":{"@type":"EntryPoint","urlTemplate":"https:\/\/onlinelotto365.com\/es\/?s={search_term_string}"},"query-input":{"@type":"PropertyValueSpecification","valueRequired":true,"valueName":"search_term_string"}}],"inLanguage":"es"}]}},"_links":{"self":[{"href":"https:\/\/onlinelotto365.com\/es\/wp-json\/wp\/v2\/pages\/10638","targetHints":{"allow":["GET"]}}],"collection":[{"href":"https:\/\/onlinelotto365.com\/es\/wp-json\/wp\/v2\/pages"}],"about":[{"href":"https:\/\/onlinelotto365.com\/es\/wp-json\/wp\/v2\/types\/page"}],"author":[{"embeddable":true,"href":"https:\/\/onlinelotto365.com\/es\/wp-json\/wp\/v2\/users\/1"}],"replies":[{"embeddable":true,"href":"https:\/\/onlinelotto365.com\/es\/wp-json\/wp\/v2\/comments?post=10638"}],"version-history":[{"count":0,"href":"https:\/\/onlinelotto365.com\/es\/wp-json\/wp\/v2\/pages\/10638\/revisions"}],"up":[{"embeddable":true,"href":"https:\/\/onlinelotto365.com\/es\/wp-json\/wp\/v2\/pages\/5037"}],"wp:attachment":[{"href":"https:\/\/onlinelotto365.com\/es\/wp-json\/wp\/v2\/media?parent=10638"}],"curies":[{"name":"wp","href":"https:\/\/api.w.org\/{rel}","templated":true}]}}