{"id":10641,"date":"2020-12-17T19:38:48","date_gmt":"2020-12-17T18:38:48","guid":{"rendered":"http:\/\/onlinelotto365.net\/?page_id=10641"},"modified":"2021-01-05T12:59:02","modified_gmt":"2021-01-05T11:59:02","slug":"mon-wed-lotto-australia","status":"publish","type":"page","link":"https:\/\/onlinelotto365.com\/es\/jugar\/mon-wed-lotto-australia\/","title":{"rendered":"Jugar a la loter\u00eda de Mon &#038; Wed Australia es s\u00f3lo una de las opciones para los fan\u00e1ticos de la loter\u00eda de M\u00e9xico"},"content":{"rendered":"<h2>C\u00f3mo jugar Mon &amp; amp; Mi\u00e9 Lotto Australia en l\u00ednea<\/h2>\n<p>Si est\u00e1s en M\u00e9xico, no tiene por qu\u00e9 ser dif\u00edcil jugar a Mon &amp; amp; Mi\u00e9 Lotto M\u00e9xico en l\u00ednea. Todo lo que tienes que hacer es averiguar de qu\u00e9 manera lo vas a hacer y c\u00f3mo vas a conseguir las entradas que quieres para el pr\u00f3ximo sorteo. Podemos ayudarte ah\u00ed.<\/p>\n<p>Nuestro sistema se asegura de que est\u00e9 en el camino correcto en todo el camino. Todo lo que tiene que hacer es crear su cuenta, elegir los boletos y n\u00fameros que desee y luego pagarlos con su m\u00e9todo de pago preferido. Solo as\u00ed, estar\u00e1 listo para comenzar y esperar\u00e1 el pr\u00f3ximo sorteo para poder verificar sus boletos.<\/p>\n<p>Si est\u00e1 listo para <a href=\"https:\/\/onlinelotto365.com\/es\/compra-boletos\"> elegir esos primeros boletos <\/a>, solo necesita elegir el juego correcto. En este caso, estamos hablando de Mon &amp; amp; Mi\u00e9 Lotto Australia. Entonces, seleccione el juego correcto y comience a elegir sus n\u00fameros.<br \/>\nO elija una selecci\u00f3n r\u00e1pida donde la computadora seleccionar\u00e1 n\u00fameros aleatorios por usted. Incluso puede ajustar esos n\u00fameros si cambia de opini\u00f3n, para obtener los n\u00fameros que desea para cada dibujo.<\/p>\n<p>Una vez que haya elegido su <a href=\"https:\/\/onlinelotto365.com\/es\/numeros-ganadores\/mon-wed-lotto\"> Mon &amp; amp; Wed n\u00fameros de Lotto Australia <\/a> puedes elegir algunos boletos para cualquier otro juego que quieras jugar y ver. El proceso de pago es seguro y tambi\u00e9n se asegura de que usted sea el que compre los boletos. Deber\u00e1 verificar su cuenta (y crear una) y luego podr\u00e1 comenzar a comprar las entradas que desee.<\/p>\n<p>Simplemente cree una cuenta con su informaci\u00f3n personal y haga clic en el enlace del correo electr\u00f3nico de verificaci\u00f3n que le enviamos. Es posible que est\u00e9 en su carpeta de correo no deseado si a\u00fan no nos ha agregado a su libreta de direcciones, as\u00ed que aseg\u00farese de estar atento. A partir de ah\u00ed, su cuenta estar\u00e1 lista y podr\u00e1 comenzar a comprar las entradas que desee.<br \/>\n<a href=\"https:\/\/redfoxlotto.com\/es\/jugar\/monday-wednesday-lotto-au\/?ref=a8564250a2&amp;medium=ol365\" target=\"_blank\" rel=\"noopener noreferrer\"> <img decoding=\"async\" class=\"aligncenter\" src=\"https:\/\/redfoxlotto.com\/image?size=8&amp;lottery=monday-wednesday-lotto-au\" alt=\"Mon &amp; Wed Lotto Australia\" \/> <\/a><\/p>\n<h2>Acerca de Mon &amp; amp; Mi\u00e9 Lotto Australia<\/h2>\n<ul>\n<li style=\"list-style-type: none;\">\n<ul>\n<li>Pa\u00eds: Australia<\/li>\n<li>Rango de n\u00fameros principales: 45<\/li>\n<li>Debes seleccionar: 6<\/li>\n<li>D\u00edas y horarios de los sorteos: lunes, mi\u00e9rcoles, 21:30 GMT + 11 &#8211; 10:30 CET<\/li>\n<li>El premio mayor comienza en: AU $ 2,5 millones<\/li>\n<li>El premio mayor tiene un l\u00edmite de: premio mayor fijo<\/li>\n<li>Posibilidad de ganar el premio mayor: 1 en 8145060<\/li>\n<li>Posibilidad de ganar el segundo premio: 1 en 678755<\/li>\n<li>Posibilidad de ganar cualquier premio: 1 en 85,44<\/li>\n<li>N\u00famero de categor\u00edas de premios: 6<\/li>\n<\/ul>\n<\/li>\n<\/ul>\n<h2>Las mejores funciones de Mon &amp; amp; Mi\u00e9 Lotto Australia<\/h2>\n<p>Dibujado dos veces por semana, el Mon &amp; amp; Wed Lotto Australia te da la oportunidad de ganar millones en premios. Y todo lo que tienes que hacer es darle una oportunidad y entrar en el pozo de premios de la Divisi\u00f3n 1. Nunca sabes con qu\u00e9 te puedes ir.<\/p>\n<h2>C\u00f3mo comprobar el Mon &amp; amp; Resultados de Lotto Australia del mi\u00e9rcoles<\/h2>\n<p>Cuando se trata de comprobar los resultados, es posible que se sorprenda de todos los lugares a los que puede ir. Puede consultar el sitio web de la loter\u00eda para encontrar los n\u00fameros inmediatamente despu\u00e9s del sorteo. Tambi\u00e9n puede consultar los peri\u00f3dicos locales y las estaciones de televisi\u00f3n despu\u00e9s del sorteo.<br \/>\nPero si desea obtener sus resultados de manera r\u00e1pida y f\u00e1cil desde M\u00e9xico, debe visitar nuestro sitio web, donde compr\u00f3 sus boletos. <strong> No solo encontrar\u00e1 los n\u00fameros ganadores, sino tambi\u00e9n una comparaci\u00f3n con sus n\u00fameros. <\/strong><\/p>\n<h2>Jugaste Mon &amp; amp; Mi\u00e9 Lotto Australia en l\u00ednea y gan\u00f3, \u00bfqu\u00e9 sucede despu\u00e9s?<\/h2>\n<p>Mira los n\u00fameros ganadores, tus n\u00fameros y cu\u00e1nto has ganado en el juego. Si ha ganado menos de 2500 \u20ac, no tendr\u00e1 que hacer nada. El dinero ya estar\u00e1 en tu cuenta.<br \/>\nY una vez que est\u00e9 en su cuenta, todo lo que tiene que hacer es retirarlo (si supera los 10 \u20ac) o gastarlo en m\u00e1s boletos de loter\u00eda. Puede dejarlo en su cuenta para gastarlo todo el tiempo que desee, de modo que siempre est\u00e9 ah\u00ed.<br \/>\nSin embargo, si tiene suerte y gana m\u00e1s de 2500 \u20ac, recibir\u00e1 un mensaje de nuestro equipo de asistencia. Lo ayudar\u00e1n a determinar sus pr\u00f3ximos pasos, incluido el llenado de un formulario de reclamo para obtener sus ganancias. Y luego su dinero se depositar\u00e1 directamente en su cuenta bancaria o se le enviar\u00e1 mediante cheque.<\/p>\n","protected":false},"excerpt":{"rendered":"<p>C\u00f3mo jugar Mon &amp; amp; Mi\u00e9 Lotto Australia en l\u00ednea Si est\u00e1s en M\u00e9xico, no tiene por qu\u00e9 ser dif\u00edcil jugar a Mon &amp; amp; Mi\u00e9 Lotto M\u00e9xico en l\u00ednea. Todo lo que tienes que hacer es averiguar de qu\u00e9 manera lo vas a hacer y c\u00f3mo vas a conseguir las entradas que quieres para [&hellip;]<\/p>\n","protected":false},"author":1,"featured_media":0,"parent":5037,"menu_order":16,"comment_status":"closed","ping_status":"closed","template":"template-rightsidebar.php","meta":{"_et_pb_use_builder":"","_et_pb_old_content":"","_et_gb_content_width":"","exclude_from_search":false,"footnotes":""},"class_list":["post-10641","page","type-page","status-publish","hentry"],"yoast_head":"<!-- This site is optimized with the Yoast SEO plugin v23.4 - https:\/\/yoast.com\/wordpress\/plugins\/seo\/ -->\n<title>Participar en la loter\u00eda de lunes y mi\u00e9rcoles en Australia, incluso desde M\u00e9xico.<\/title>\n<meta name=\"description\" content=\"\u00bfBuscas jugar a la loter\u00eda Australias Mon &amp; Wed? Consiga los boletos aqu\u00ed!\" \/>\n<meta name=\"robots\" content=\"index, follow, max-snippet:-1, max-image-preview:large, max-video-preview:-1\" \/>\n<link rel=\"canonical\" href=\"https:\/\/onlinelotto365.com\/es\/jugar\/mon-wed-lotto-australia\/\" \/>\n<meta property=\"og:locale\" content=\"es_ES\" \/>\n<meta property=\"og:type\" content=\"article\" \/>\n<meta property=\"og:title\" content=\"Participar en la loter\u00eda de lunes y mi\u00e9rcoles en Australia, incluso desde M\u00e9xico.\" \/>\n<meta property=\"og:description\" content=\"\u00bfBuscas jugar a la loter\u00eda Australias Mon &amp; Wed? Consiga los boletos aqu\u00ed!\" \/>\n<meta property=\"og:url\" content=\"https:\/\/onlinelotto365.com\/es\/jugar\/mon-wed-lotto-australia\/\" \/>\n<meta property=\"og:site_name\" content=\"OnlineLotto365\" \/>\n<meta property=\"article:modified_time\" content=\"2021-01-05T11:59:02+00:00\" \/>\n<meta property=\"og:image\" content=\"https:\/\/redfoxlotto.com\/image?size=8&amp;lottery=monday-wednesday-lotto-au\" \/>\n<meta name=\"twitter:card\" content=\"summary_large_image\" \/>\n<meta name=\"twitter:label1\" content=\"Tiempo de lectura\" \/>\n\t<meta name=\"twitter:data1\" content=\"4 minutos\" \/>\n<script type=\"application\/ld+json\" class=\"yoast-schema-graph\">{\"@context\":\"https:\/\/schema.org\",\"@graph\":[{\"@type\":\"WebPage\",\"@id\":\"https:\/\/onlinelotto365.com\/es\/jugar\/mon-wed-lotto-australia\/\",\"url\":\"https:\/\/onlinelotto365.com\/es\/jugar\/mon-wed-lotto-australia\/\",\"name\":\"Participar en la loter\u00eda de lunes y mi\u00e9rcoles en Australia, incluso desde M\u00e9xico.\",\"isPartOf\":{\"@id\":\"https:\/\/onlinelotto365.com\/es\/#website\"},\"primaryImageOfPage\":{\"@id\":\"https:\/\/onlinelotto365.com\/es\/jugar\/mon-wed-lotto-australia\/#primaryimage\"},\"image\":{\"@id\":\"https:\/\/onlinelotto365.com\/es\/jugar\/mon-wed-lotto-australia\/#primaryimage\"},\"thumbnailUrl\":\"https:\/\/redfoxlotto.com\/image?size=8&amp;lottery=monday-wednesday-lotto-au\",\"datePublished\":\"2020-12-17T18:38:48+00:00\",\"dateModified\":\"2021-01-05T11:59:02+00:00\",\"description\":\"\u00bfBuscas jugar a la loter\u00eda Australias Mon & Wed? Consiga los boletos aqu\u00ed!\",\"breadcrumb\":{\"@id\":\"https:\/\/onlinelotto365.com\/es\/jugar\/mon-wed-lotto-australia\/#breadcrumb\"},\"inLanguage\":\"es\",\"potentialAction\":[{\"@type\":\"ReadAction\",\"target\":[\"https:\/\/onlinelotto365.com\/es\/jugar\/mon-wed-lotto-australia\/\"]}]},{\"@type\":\"ImageObject\",\"inLanguage\":\"es\",\"@id\":\"https:\/\/onlinelotto365.com\/es\/jugar\/mon-wed-lotto-australia\/#primaryimage\",\"url\":\"https:\/\/redfoxlotto.com\/image?size=8&amp;lottery=monday-wednesday-lotto-au\",\"contentUrl\":\"https:\/\/redfoxlotto.com\/image?size=8&amp;lottery=monday-wednesday-lotto-au\"},{\"@type\":\"BreadcrumbList\",\"@id\":\"https:\/\/onlinelotto365.com\/es\/jugar\/mon-wed-lotto-australia\/#breadcrumb\",\"itemListElement\":[{\"@type\":\"ListItem\",\"position\":1,\"name\":\"Home\",\"item\":\"https:\/\/onlinelotto365.com\/es\/\"},{\"@type\":\"ListItem\",\"position\":2,\"name\":\"Todo lo que tienes que saber sobre tus opciones para jugar a las mejores loter\u00edas en l\u00ednea\",\"item\":\"https:\/\/onlinelotto365.com\/es\/jugar\/\"},{\"@type\":\"ListItem\",\"position\":3,\"name\":\"Jugar a la loter\u00eda de Mon &#038; Wed Australia es s\u00f3lo una de las opciones para los fan\u00e1ticos de la loter\u00eda de M\u00e9xico\"}]},{\"@type\":\"WebSite\",\"@id\":\"https:\/\/onlinelotto365.com\/es\/#website\",\"url\":\"https:\/\/onlinelotto365.com\/es\/\",\"name\":\"OnlineLotto365\",\"description\":\"\",\"potentialAction\":[{\"@type\":\"SearchAction\",\"target\":{\"@type\":\"EntryPoint\",\"urlTemplate\":\"https:\/\/onlinelotto365.com\/es\/?s={search_term_string}\"},\"query-input\":{\"@type\":\"PropertyValueSpecification\",\"valueRequired\":true,\"valueName\":\"search_term_string\"}}],\"inLanguage\":\"es\"}]}<\/script>\n<!-- \/ Yoast SEO plugin. -->","yoast_head_json":{"title":"Participar en la loter\u00eda de lunes y mi\u00e9rcoles en Australia, incluso desde M\u00e9xico.","description":"\u00bfBuscas jugar a la loter\u00eda Australias Mon & Wed? Consiga los boletos aqu\u00ed!","robots":{"index":"index","follow":"follow","max-snippet":"max-snippet:-1","max-image-preview":"max-image-preview:large","max-video-preview":"max-video-preview:-1"},"canonical":"https:\/\/onlinelotto365.com\/es\/jugar\/mon-wed-lotto-australia\/","og_locale":"es_ES","og_type":"article","og_title":"Participar en la loter\u00eda de lunes y mi\u00e9rcoles en Australia, incluso desde M\u00e9xico.","og_description":"\u00bfBuscas jugar a la loter\u00eda Australias Mon & Wed? Consiga los boletos aqu\u00ed!","og_url":"https:\/\/onlinelotto365.com\/es\/jugar\/mon-wed-lotto-australia\/","og_site_name":"OnlineLotto365","article_modified_time":"2021-01-05T11:59:02+00:00","og_image":[{"url":"https:\/\/redfoxlotto.com\/image?size=8&amp;lottery=monday-wednesday-lotto-au"}],"twitter_card":"summary_large_image","twitter_misc":{"Tiempo de lectura":"4 minutos"},"schema":{"@context":"https:\/\/schema.org","@graph":[{"@type":"WebPage","@id":"https:\/\/onlinelotto365.com\/es\/jugar\/mon-wed-lotto-australia\/","url":"https:\/\/onlinelotto365.com\/es\/jugar\/mon-wed-lotto-australia\/","name":"Participar en la loter\u00eda de lunes y mi\u00e9rcoles en Australia, incluso desde M\u00e9xico.","isPartOf":{"@id":"https:\/\/onlinelotto365.com\/es\/#website"},"primaryImageOfPage":{"@id":"https:\/\/onlinelotto365.com\/es\/jugar\/mon-wed-lotto-australia\/#primaryimage"},"image":{"@id":"https:\/\/onlinelotto365.com\/es\/jugar\/mon-wed-lotto-australia\/#primaryimage"},"thumbnailUrl":"https:\/\/redfoxlotto.com\/image?size=8&amp;lottery=monday-wednesday-lotto-au","datePublished":"2020-12-17T18:38:48+00:00","dateModified":"2021-01-05T11:59:02+00:00","description":"\u00bfBuscas jugar a la loter\u00eda Australias Mon & Wed? Consiga los boletos aqu\u00ed!","breadcrumb":{"@id":"https:\/\/onlinelotto365.com\/es\/jugar\/mon-wed-lotto-australia\/#breadcrumb"},"inLanguage":"es","potentialAction":[{"@type":"ReadAction","target":["https:\/\/onlinelotto365.com\/es\/jugar\/mon-wed-lotto-australia\/"]}]},{"@type":"ImageObject","inLanguage":"es","@id":"https:\/\/onlinelotto365.com\/es\/jugar\/mon-wed-lotto-australia\/#primaryimage","url":"https:\/\/redfoxlotto.com\/image?size=8&amp;lottery=monday-wednesday-lotto-au","contentUrl":"https:\/\/redfoxlotto.com\/image?size=8&amp;lottery=monday-wednesday-lotto-au"},{"@type":"BreadcrumbList","@id":"https:\/\/onlinelotto365.com\/es\/jugar\/mon-wed-lotto-australia\/#breadcrumb","itemListElement":[{"@type":"ListItem","position":1,"name":"Home","item":"https:\/\/onlinelotto365.com\/es\/"},{"@type":"ListItem","position":2,"name":"Todo lo que tienes que saber sobre tus opciones para jugar a las mejores loter\u00edas en l\u00ednea","item":"https:\/\/onlinelotto365.com\/es\/jugar\/"},{"@type":"ListItem","position":3,"name":"Jugar a la loter\u00eda de Mon &#038; Wed Australia es s\u00f3lo una de las opciones para los fan\u00e1ticos de la loter\u00eda de M\u00e9xico"}]},{"@type":"WebSite","@id":"https:\/\/onlinelotto365.com\/es\/#website","url":"https:\/\/onlinelotto365.com\/es\/","name":"OnlineLotto365","description":"","potentialAction":[{"@type":"SearchAction","target":{"@type":"EntryPoint","urlTemplate":"https:\/\/onlinelotto365.com\/es\/?s={search_term_string}"},"query-input":{"@type":"PropertyValueSpecification","valueRequired":true,"valueName":"search_term_string"}}],"inLanguage":"es"}]}},"_links":{"self":[{"href":"https:\/\/onlinelotto365.com\/es\/wp-json\/wp\/v2\/pages\/10641","targetHints":{"allow":["GET"]}}],"collection":[{"href":"https:\/\/onlinelotto365.com\/es\/wp-json\/wp\/v2\/pages"}],"about":[{"href":"https:\/\/onlinelotto365.com\/es\/wp-json\/wp\/v2\/types\/page"}],"author":[{"embeddable":true,"href":"https:\/\/onlinelotto365.com\/es\/wp-json\/wp\/v2\/users\/1"}],"replies":[{"embeddable":true,"href":"https:\/\/onlinelotto365.com\/es\/wp-json\/wp\/v2\/comments?post=10641"}],"version-history":[{"count":0,"href":"https:\/\/onlinelotto365.com\/es\/wp-json\/wp\/v2\/pages\/10641\/revisions"}],"up":[{"embeddable":true,"href":"https:\/\/onlinelotto365.com\/es\/wp-json\/wp\/v2\/pages\/5037"}],"wp:attachment":[{"href":"https:\/\/onlinelotto365.com\/es\/wp-json\/wp\/v2\/media?parent=10641"}],"curies":[{"name":"wp","href":"https:\/\/api.w.org\/{rel}","templated":true}]}}