{"id":10643,"date":"2020-12-17T19:40:21","date_gmt":"2020-12-17T18:40:21","guid":{"rendered":"http:\/\/onlinelotto365.net\/?page_id=10643"},"modified":"2021-01-05T13:02:52","modified_gmt":"2021-01-05T12:02:52","slug":"powerball","status":"publish","type":"page","link":"https:\/\/onlinelotto365.com\/es\/compra-boletos\/powerball\/","title":{"rendered":"C\u00f3mo comprar billetes de Powerball online desde M\u00e9xico"},"content":{"rendered":"<p>Obviamente, es Internet lo que le permite obtener un boleto para las grandes loter\u00edas estadounidenses en l\u00ednea. No es necesario que viva en los EE. UU. Para participar y tener la oportunidad de ganar esos premios incre\u00edbles como el Powerball. Puede comprar su boleto desde M\u00e9xico, utilizando nuestro servicio en l\u00ednea.<\/p>\n<p>Primero puede registrar una cuenta con nosotros y luego seleccionar cualquiera de nuestras loter\u00edas y elegir sus n\u00fameros. O puede simplemente verificar las loter\u00edas primero y crear boletos con sus n\u00fameros. Cuando est\u00e9 satisfecho con su elecci\u00f3n, puede realizar el pago. En ese momento, se le pedir\u00e1 que cree una cuenta.<\/p>\n<p>En ambos casos, despu\u00e9s de registrar su nueva cuenta, deber\u00e1 revisar su bandeja de entrada de correo electr\u00f3nico. Recibir\u00e1 un correo electr\u00f3nico de verificaci\u00f3n con un enlace. Haga clic en ese enlace para verificar su direcci\u00f3n de correo electr\u00f3nico. Una vez hecho esto, su cuenta se activa. Si no puede encontrar el correo electr\u00f3nico de verificaci\u00f3n, verifique su carpeta de correo no deseado. Una vez que encuentre el correo electr\u00f3nico, es importante que lo marque como \u00abno spam\u00bb o \u00abno basura\u00bb. Eso asegura que futuros correos electr\u00f3nicos nuestros no terminen en su carpeta de correo no deseado. \u00a1Imagina que te pierdes una victoria porque no recibiste la notificaci\u00f3n por correo electr\u00f3nico al respecto!<br \/>\n<a href=\"https:\/\/redfoxlotto.com\/es\/jugar\/powerball\/?ref=a8564250a2&amp;medium=ol365\" target=\"_blank\" rel=\"noopener noreferrer\"> <img decoding=\"async\" class=\"aligncenter\" src=\"https:\/\/redfoxlotto.com\/image?size=8&amp;lottery=powerball\" alt=\"powerball\" \/> <\/a><\/p>\n<h2>C\u00f3mo pagar su boleto de Powerball en l\u00ednea<\/h2>\n<p>Hay <strong> dos formas de pagar los billetes de loter\u00eda en l\u00ednea <\/strong> que desee.<\/p>\n<ul>\n<li>Primero, puede realizar un dep\u00f3sito en su cuenta. Despu\u00e9s de eso, puede comprar tantos boletos como desee y usar su saldo para pagarlos.<\/li>\n<li>En segundo lugar, primero elige sus boletos y luego paga el monto del pedido.<\/li>\n<\/ul>\n<p>Hay varias opciones de pago disponibles y todas est\u00e1n encriptadas de forma segura. Los m\u00e9todos m\u00e1s populares son la tarjeta de cr\u00e9dito y Bitcoin.<\/p>\n<h2>M\u00e1s informaci\u00f3n sobre Powerball<\/h2>\n<ul>\n<li>La loter\u00eda se lleva a cabo en: EE. UU.<\/li>\n<li>Cu\u00e1ntos n\u00fameros principales elegir: 69<\/li>\n<li>Debe seleccionar: 5<\/li>\n<li>Cu\u00e1ntos n\u00fameros adicionales elegir: 26<\/li>\n<li>Debe seleccionar: 1<\/li>\n<li>D\u00edas de sorteo, horario: mi\u00e9rcoles, s\u00e1bado, 21:00 EST, +1 d\u00eda 3:00 CET<\/li>\n<li>Premio mayor m\u00ednimo: $ 40 millones<\/li>\n<li>Cantidad m\u00e1xima del premio mayor: ninguna<\/li>\n<li>Posible combinaci\u00f3n de n\u00fameros para ganar el premio mayor: 1 en 175.223.510<\/li>\n<li>Posible combinaci\u00f3n de n\u00fameros para una victoria de nivel 2: 1 en 5.006.386<\/li>\n<li><a href=\"https:\/\/onlinelotto365.com\/es\/news\/calcule-las-probabilidades-de-cualquier-loteria\"> Probabilidad de ganar <\/a> en cualquier nivel: 1 en 24,87<\/li>\n<li>Cu\u00e1ntos niveles de premios: 9<\/li>\n<\/ul>\n<p>Hace poco, el 13 de febrero de 2016, el <a href=\"https:\/\/onlinelotto365.com\/es\/news\/los-botes-de-loteria-mas-grandes-de-la-historia\"> <strong> mayor premio mayor de loter\u00eda de EE. UU. En la historia &lt;\/ strong &gt; <\/strong><\/a> fue ganado por tres afortunados jugadores. Con un incre\u00edble premio mayor de un total de 1,5 mil millones de d\u00f3lares estadounidenses, los fan\u00e1ticos de la loter\u00eda de todo EE. UU. Pasaron horas haciendo fila para comprar un boleto. <strong> \u00bfPero qu\u00e9 pasa con los jugadores de loter\u00eda de M\u00e9xico? <\/strong> \u00bfFueron excluidos de <a href=\"https:\/\/onlinelotto365.com\/es\/compra-boletos\/powerball\"> obtener un boleto de Powerball <\/a> a menos que realmente estuvieran en Estados Unidos en ese momento? No, no lo eran, si hubieran sabido que <strong> \u00a1puedes jugar a la loter\u00eda Powerball desde M\u00e9xico! <\/strong><\/p>\n<h2>Ventajas de comprar boletos de Powerball en l\u00ednea<\/h2>\n<p>A trav\u00e9s de este <a href=\"https:\/\/onlinelotto365.com\/es\/news\/servicio-de-boletos-para-loterias-internacionales\"> o <strong> servicio de mensajer\u00eda de boletos de loter\u00eda en l\u00ednea <\/strong> <\/a>, puede comprar boletos para m\u00e1s de 20 de las <a href=\"http:\/\/onlinelotto365.com\/es\"> loter\u00edas m\u00e1s grandes del planeta <\/a>. Aunque viva en M\u00e9xico, puede elegir loter\u00edas que se sortear\u00e1n en otros pa\u00edses. Por supuesto, si no vive en M\u00e9xico, pero le gustar\u00eda obtener un boleto para la loter\u00eda de M\u00e9xico, \u00a1eso tambi\u00e9n es algo que puede hacer en l\u00ednea!<\/p>\n<h2>\u00bfEs legal comprar boletos de Powerball en l\u00ednea?<\/h2>\n<p>Es importante saber que este es un servicio de mensajer\u00eda de boletos legal y confiable. Entonces, si gana en grande, puede estar seguro de que recibir\u00e1 sus ganancias.<\/p>\n<h2>\u00bfC\u00f3mo me pagan si gano Powerball en l\u00ednea?<\/h2>\n<p>Si gana, el procedimiento de pago depende de la cantidad que haya ganado. Los importes menores por debajo de 2500 \u20ac se acreditar\u00e1n en su cuenta en l\u00ednea. Puede cobrar ese dinero o usarlo para comprar m\u00e1s boletos de loter\u00eda en l\u00ednea. Si gana una cantidad mayor, le enviaremos un formulario que debe completar y enviarnos por correo electr\u00f3nico. Luego enviamos el formulario a la comisi\u00f3n de loter\u00eda y ellos le pagar\u00e1n. Este servicio es gratuito para usted.<\/p>\n<p>Si gana el premio mayor de Powerball con su boleto en l\u00ednea, tendr\u00e1 que hacer una elecci\u00f3n. Puede obtener un pago \u00fanico que ser\u00e1 m\u00e1s bajo que el premio mayor real, o puede obtener tEl monto total, pagado en 30 cuotas anuales m\u00e1s intereses.<\/p>\n","protected":false},"excerpt":{"rendered":"<p>Obviamente, es Internet lo que le permite obtener un boleto para las grandes loter\u00edas estadounidenses en l\u00ednea. No es necesario que viva en los EE. UU. Para participar y tener la oportunidad de ganar esos premios incre\u00edbles como el Powerball. Puede comprar su boleto desde M\u00e9xico, utilizando nuestro servicio en l\u00ednea. Primero puede registrar una [&hellip;]<\/p>\n","protected":false},"author":1,"featured_media":0,"parent":3811,"menu_order":0,"comment_status":"closed","ping_status":"closed","template":"powerball-usa-info.php","meta":{"_et_pb_use_builder":"","_et_pb_old_content":"","_et_gb_content_width":"","exclude_from_search":false,"footnotes":""},"class_list":["post-10643","page","type-page","status-publish","hentry"],"yoast_head":"<!-- This site is optimized with the Yoast SEO plugin v23.4 - https:\/\/yoast.com\/wordpress\/plugins\/seo\/ -->\n<title>Comprar entradas para Powerball online desde M\u00e9xico | Acerca de Powerball, c\u00f3mo comprar entradas online<\/title>\n<meta name=\"description\" content=\"Comprar boletos de la famosa loter\u00eda Powerball es ahora f\u00e1cil, cons\u00edguelos en l\u00ednea desde M\u00e9xico y otros lugares.\" \/>\n<meta name=\"robots\" content=\"index, follow, max-snippet:-1, max-image-preview:large, max-video-preview:-1\" \/>\n<link rel=\"canonical\" href=\"https:\/\/onlinelotto365.com\/es\/compra-boletos\/powerball\/\" \/>\n<meta property=\"og:locale\" content=\"es_ES\" \/>\n<meta property=\"og:type\" content=\"article\" \/>\n<meta property=\"og:title\" content=\"Comprar entradas para Powerball online desde M\u00e9xico | Acerca de Powerball, c\u00f3mo comprar entradas online\" \/>\n<meta property=\"og:description\" content=\"Comprar boletos de la famosa loter\u00eda Powerball es ahora f\u00e1cil, cons\u00edguelos en l\u00ednea desde M\u00e9xico y otros lugares.\" \/>\n<meta property=\"og:url\" content=\"https:\/\/onlinelotto365.com\/es\/compra-boletos\/powerball\/\" \/>\n<meta property=\"og:site_name\" content=\"OnlineLotto365\" \/>\n<meta property=\"article:modified_time\" content=\"2021-01-05T12:02:52+00:00\" \/>\n<meta property=\"og:image\" content=\"https:\/\/redfoxlotto.com\/image?size=8&amp;lottery=powerball\" \/>\n<meta name=\"twitter:card\" content=\"summary_large_image\" \/>\n<meta name=\"twitter:label1\" content=\"Tiempo de lectura\" \/>\n\t<meta name=\"twitter:data1\" content=\"4 minutos\" \/>\n<script type=\"application\/ld+json\" class=\"yoast-schema-graph\">{\"@context\":\"https:\/\/schema.org\",\"@graph\":[{\"@type\":\"WebPage\",\"@id\":\"https:\/\/onlinelotto365.com\/es\/compra-boletos\/powerball\/\",\"url\":\"https:\/\/onlinelotto365.com\/es\/compra-boletos\/powerball\/\",\"name\":\"Comprar entradas para Powerball online desde M\u00e9xico | Acerca de Powerball, c\u00f3mo comprar entradas online\",\"isPartOf\":{\"@id\":\"https:\/\/onlinelotto365.com\/es\/#website\"},\"primaryImageOfPage\":{\"@id\":\"https:\/\/onlinelotto365.com\/es\/compra-boletos\/powerball\/#primaryimage\"},\"image\":{\"@id\":\"https:\/\/onlinelotto365.com\/es\/compra-boletos\/powerball\/#primaryimage\"},\"thumbnailUrl\":\"https:\/\/redfoxlotto.com\/image?size=8&amp;lottery=powerball\",\"datePublished\":\"2020-12-17T18:40:21+00:00\",\"dateModified\":\"2021-01-05T12:02:52+00:00\",\"description\":\"Comprar boletos de la famosa loter\u00eda Powerball es ahora f\u00e1cil, cons\u00edguelos en l\u00ednea desde M\u00e9xico y otros lugares.\",\"breadcrumb\":{\"@id\":\"https:\/\/onlinelotto365.com\/es\/compra-boletos\/powerball\/#breadcrumb\"},\"inLanguage\":\"es\",\"potentialAction\":[{\"@type\":\"ReadAction\",\"target\":[\"https:\/\/onlinelotto365.com\/es\/compra-boletos\/powerball\/\"]}]},{\"@type\":\"ImageObject\",\"inLanguage\":\"es\",\"@id\":\"https:\/\/onlinelotto365.com\/es\/compra-boletos\/powerball\/#primaryimage\",\"url\":\"https:\/\/redfoxlotto.com\/image?size=8&amp;lottery=powerball\",\"contentUrl\":\"https:\/\/redfoxlotto.com\/image?size=8&amp;lottery=powerball\"},{\"@type\":\"BreadcrumbList\",\"@id\":\"https:\/\/onlinelotto365.com\/es\/compra-boletos\/powerball\/#breadcrumb\",\"itemListElement\":[{\"@type\":\"ListItem\",\"position\":1,\"name\":\"Home\",\"item\":\"https:\/\/onlinelotto365.com\/es\/\"},{\"@type\":\"ListItem\",\"position\":2,\"name\":\"Por qu\u00e9 tiene m\u00e1s sentido comprar billetes de loter\u00eda en l\u00ednea\",\"item\":\"https:\/\/onlinelotto365.com\/es\/compra-boletos\/\"},{\"@type\":\"ListItem\",\"position\":3,\"name\":\"C\u00f3mo comprar billetes de Powerball online desde M\u00e9xico\"}]},{\"@type\":\"WebSite\",\"@id\":\"https:\/\/onlinelotto365.com\/es\/#website\",\"url\":\"https:\/\/onlinelotto365.com\/es\/\",\"name\":\"OnlineLotto365\",\"description\":\"\",\"potentialAction\":[{\"@type\":\"SearchAction\",\"target\":{\"@type\":\"EntryPoint\",\"urlTemplate\":\"https:\/\/onlinelotto365.com\/es\/?s={search_term_string}\"},\"query-input\":{\"@type\":\"PropertyValueSpecification\",\"valueRequired\":true,\"valueName\":\"search_term_string\"}}],\"inLanguage\":\"es\"}]}<\/script>\n<!-- \/ Yoast SEO plugin. -->","yoast_head_json":{"title":"Comprar entradas para Powerball online desde M\u00e9xico | Acerca de Powerball, c\u00f3mo comprar entradas online","description":"Comprar boletos de la famosa loter\u00eda Powerball es ahora f\u00e1cil, cons\u00edguelos en l\u00ednea desde M\u00e9xico y otros lugares.","robots":{"index":"index","follow":"follow","max-snippet":"max-snippet:-1","max-image-preview":"max-image-preview:large","max-video-preview":"max-video-preview:-1"},"canonical":"https:\/\/onlinelotto365.com\/es\/compra-boletos\/powerball\/","og_locale":"es_ES","og_type":"article","og_title":"Comprar entradas para Powerball online desde M\u00e9xico | Acerca de Powerball, c\u00f3mo comprar entradas online","og_description":"Comprar boletos de la famosa loter\u00eda Powerball es ahora f\u00e1cil, cons\u00edguelos en l\u00ednea desde M\u00e9xico y otros lugares.","og_url":"https:\/\/onlinelotto365.com\/es\/compra-boletos\/powerball\/","og_site_name":"OnlineLotto365","article_modified_time":"2021-01-05T12:02:52+00:00","og_image":[{"url":"https:\/\/redfoxlotto.com\/image?size=8&amp;lottery=powerball"}],"twitter_card":"summary_large_image","twitter_misc":{"Tiempo de lectura":"4 minutos"},"schema":{"@context":"https:\/\/schema.org","@graph":[{"@type":"WebPage","@id":"https:\/\/onlinelotto365.com\/es\/compra-boletos\/powerball\/","url":"https:\/\/onlinelotto365.com\/es\/compra-boletos\/powerball\/","name":"Comprar entradas para Powerball online desde M\u00e9xico | Acerca de Powerball, c\u00f3mo comprar entradas online","isPartOf":{"@id":"https:\/\/onlinelotto365.com\/es\/#website"},"primaryImageOfPage":{"@id":"https:\/\/onlinelotto365.com\/es\/compra-boletos\/powerball\/#primaryimage"},"image":{"@id":"https:\/\/onlinelotto365.com\/es\/compra-boletos\/powerball\/#primaryimage"},"thumbnailUrl":"https:\/\/redfoxlotto.com\/image?size=8&amp;lottery=powerball","datePublished":"2020-12-17T18:40:21+00:00","dateModified":"2021-01-05T12:02:52+00:00","description":"Comprar boletos de la famosa loter\u00eda Powerball es ahora f\u00e1cil, cons\u00edguelos en l\u00ednea desde M\u00e9xico y otros lugares.","breadcrumb":{"@id":"https:\/\/onlinelotto365.com\/es\/compra-boletos\/powerball\/#breadcrumb"},"inLanguage":"es","potentialAction":[{"@type":"ReadAction","target":["https:\/\/onlinelotto365.com\/es\/compra-boletos\/powerball\/"]}]},{"@type":"ImageObject","inLanguage":"es","@id":"https:\/\/onlinelotto365.com\/es\/compra-boletos\/powerball\/#primaryimage","url":"https:\/\/redfoxlotto.com\/image?size=8&amp;lottery=powerball","contentUrl":"https:\/\/redfoxlotto.com\/image?size=8&amp;lottery=powerball"},{"@type":"BreadcrumbList","@id":"https:\/\/onlinelotto365.com\/es\/compra-boletos\/powerball\/#breadcrumb","itemListElement":[{"@type":"ListItem","position":1,"name":"Home","item":"https:\/\/onlinelotto365.com\/es\/"},{"@type":"ListItem","position":2,"name":"Por qu\u00e9 tiene m\u00e1s sentido comprar billetes de loter\u00eda en l\u00ednea","item":"https:\/\/onlinelotto365.com\/es\/compra-boletos\/"},{"@type":"ListItem","position":3,"name":"C\u00f3mo comprar billetes de Powerball online desde M\u00e9xico"}]},{"@type":"WebSite","@id":"https:\/\/onlinelotto365.com\/es\/#website","url":"https:\/\/onlinelotto365.com\/es\/","name":"OnlineLotto365","description":"","potentialAction":[{"@type":"SearchAction","target":{"@type":"EntryPoint","urlTemplate":"https:\/\/onlinelotto365.com\/es\/?s={search_term_string}"},"query-input":{"@type":"PropertyValueSpecification","valueRequired":true,"valueName":"search_term_string"}}],"inLanguage":"es"}]}},"_links":{"self":[{"href":"https:\/\/onlinelotto365.com\/es\/wp-json\/wp\/v2\/pages\/10643","targetHints":{"allow":["GET"]}}],"collection":[{"href":"https:\/\/onlinelotto365.com\/es\/wp-json\/wp\/v2\/pages"}],"about":[{"href":"https:\/\/onlinelotto365.com\/es\/wp-json\/wp\/v2\/types\/page"}],"author":[{"embeddable":true,"href":"https:\/\/onlinelotto365.com\/es\/wp-json\/wp\/v2\/users\/1"}],"replies":[{"embeddable":true,"href":"https:\/\/onlinelotto365.com\/es\/wp-json\/wp\/v2\/comments?post=10643"}],"version-history":[{"count":0,"href":"https:\/\/onlinelotto365.com\/es\/wp-json\/wp\/v2\/pages\/10643\/revisions"}],"up":[{"embeddable":true,"href":"https:\/\/onlinelotto365.com\/es\/wp-json\/wp\/v2\/pages\/3811"}],"wp:attachment":[{"href":"https:\/\/onlinelotto365.com\/es\/wp-json\/wp\/v2\/media?parent=10643"}],"curies":[{"name":"wp","href":"https:\/\/api.w.org\/{rel}","templated":true}]}}