{"id":10645,"date":"2020-12-17T19:42:01","date_gmt":"2020-12-17T18:42:01","guid":{"rendered":"http:\/\/onlinelotto365.net\/?page_id=10645"},"modified":"2021-01-11T10:04:53","modified_gmt":"2021-01-11T09:04:53","slug":"mega-millions","status":"publish","type":"page","link":"https:\/\/onlinelotto365.com\/es\/compra-boletos\/mega-millions\/","title":{"rendered":"Mega Millions es una de las mejores loter\u00edas del planeta"},"content":{"rendered":"<h2>Ahora puede comprar boletos de loter\u00eda Mega Millions en l\u00ednea<\/h2>\n<p>Ya no tienes que aventurarte a <strong> comprar boletos de loter\u00eda para Mega Millions <\/strong>. Gracias a la conveniencia de Internet, simplemente puede comprar tantos boletos para esta loter\u00eda como desee ahora mismo, en cualquier momento, en M\u00e9xico, directamente desde su computadora.<\/p>\n<p>Ya no tiene que vivir en los Estados Unidos, ya que los residentes de todos los pa\u00edses del mundo, incluido M\u00e9xico, son elegibles para aprovechar este gran servicio <a href=\"https:\/\/onlinelotto365.com\/es\/news\/edad-minima-para-comprar-billetes-de-loteria\"> si es mayor de edad <\/a>. Despu\u00e9s de a\u00f1os de tener jugadores de loter\u00eda limitados solo a sus loter\u00edas locales, y con Internet abri\u00e9ndonos el mundo entero, definitivamente es una idea cuyo momento ha llegado.<\/p>\n<p>Le ofrecemos la posibilidad de comprar boletos en l\u00ednea no solo para Mega Millions sino para todos los dem\u00e1s <a href=\"https:\/\/onlinelotto365.com\/es\/news\/las-mejores-loterias-del-mundo\"> m\u00e1s grandes y emocionantes loter\u00edas del mundo <\/a> tambi\u00e9n. Todo lo que tiene que hacer es configurar una cuenta gratuita, elegir las loter\u00edas que desea jugar, elegir sus n\u00fameros o dejar que la computadora los elija por usted, pagar sus boletos a trav\u00e9s de una de nuestras muchas opciones de pago convenientes, y ahora est\u00e1 completamente en el juego.<\/p>\n<h2>Cuidamos de usted en cada paso del camino<\/h2>\n<p>Una vez que haya comprado sus boletos para la loter\u00eda o loter\u00edas de su elecci\u00f3n, entramos en acci\u00f3n y le conseguimos sus boletos y los guardamos para que los guarde. Ni siquiera tiene que realizar un seguimiento de los sorteos o <a href=\"https:\/\/onlinelotto365.com\/es\/numeros-ganadores\/mega-millions\"> los n\u00fameros que se extraen <\/a>, ya que hacemos todo eso para ti tambi\u00e9n. Si bien es sin duda una gran parte de la diversi\u00f3n <a href=\"https:\/\/onlinelotto365.com\/es\/news\/comprueba-el-billete-de-loteria-en-linea\"> verificar sus propios n\u00fameros <\/a>, ni siquiera tiene que hacerlo moleste con eso si no quiere, ya que le dir\u00e1n si ha ganado y cu\u00e1nto.<br \/>\n<a href=\"https:\/\/redfoxlotto.com\/es\/jugar\/mega-millions\/?ref=a8564250a2&amp;medium=ol365\" target=\"_blank\" rel=\"noopener noreferrer\"> <img decoding=\"async\" class=\"aligncenter\" src=\" https:\/\/redfoxlotto.com\/image?size=8&amp;lottery=mega-millions \" alt=\" megamillones \" \/> <\/a><\/p>\n<h2>C\u00f3mo pagar su boleto Mega Millions en l\u00ednea<\/h2>\n<p>Una vez que haya registrado su cuenta en nuestro sitio, primero puede depositar algo de dinero para sus compras posteriores. O crea un boleto o boletos primero y luego los paga. Encontrar\u00e1s m\u00faltiples opciones de pago. Si tiene problemas para pagar, lea nuestras preguntas frecuentes. Encontrar\u00e1 algunos consejos sobre c\u00f3mo realizar pagos, as\u00ed como sobre retiros de ganancias a su cuenta bancaria en M\u00e9xico y muchos otros temas.<\/p>\n<h2>M\u00e1s informaci\u00f3n sobre Mega Millions<\/h2>\n<ul>\n<li>La loter\u00eda se realiza donde: EE. UU.<\/li>\n<li>Cu\u00e1ntos n\u00fameros principales elegir: 70<\/li>\n<li>Debe seleccionar: 5<\/li>\n<li>Cu\u00e1ntos n\u00fameros adicionales elegir: 25<\/li>\n<li>Debe seleccionar: 1<\/li>\n<li>D\u00edas de sorteo, horario: martes, viernes, 21:00 EST, +1 d\u00eda 3:00 CET<\/li>\n<li>Premio mayor m\u00ednimo: $ 40 millones<\/li>\n<li>Cantidad m\u00e1xima del premio mayor: ninguna<\/li>\n<li>Posible combinaci\u00f3n de n\u00fameros para ganar el premio mayor: 1 en 175.711.536<\/li>\n<li>Posible combinaci\u00f3n de n\u00fameros para una victoria de nivel 2: 1 en 3.819.816<\/li>\n<li>Probabilidad de ganar en cualquier nivel: 1 en 24,12<\/li>\n<li>Cu\u00e1ntos niveles de premios: 9<\/li>\n<\/ul>\n<h2>Ventajas de comprar boletos de Mega Millions en l\u00ednea<\/h2>\n<p>Mega Millions presenta dos sorteos por semana, los martes y viernes. Similar a <a href=\"https:\/\/onlinelotto365.com\/es\/compra-boletos\/powerball\"> Powerball <\/a>, los jugadores eligen 5 n\u00fameros principales, sin embargo, en lugar de los 59 n\u00fameros que eliges con la Loter\u00eda Powerball, Mega Millions solo tiene 56 bolas, lo que hace que tus posibilidades de acertar los 5 n\u00fameros sean a\u00fan mayores.<\/p>\n<p>Tambi\u00e9n hay una bola adicional con esta loter\u00eda, llamada Mega Ball, donde se selecciona entre 46 n\u00fameros. Si aciertas los 5 n\u00fameros regulares m\u00e1s la Mega Ball, entonces has ganado el enorme premio mayor que siempre ofrece Mega Millions.<\/p>\n<p>Como todas las loter\u00edas, <strong> si no hay un ganador del premio mayor, el premio mayor crece <\/strong> y crece hasta que alguien gana. As\u00ed que eso se suma a toda la emoci\u00f3n, adem\u00e1s de aumentar el valor de la loter\u00eda cada vez que <a href=\"https:\/\/onlinelotto365.com\/es\/news\/consiga-billetes-loteria-de-ee-uu-en-linea\"> la cantidad del premio mayor aumenta <\/a>. Te cuesta la misma cantidad de dinero para jugar, pero cuanto m\u00e1s dinero haya en juego, mejor ser\u00e1 el trato para ti.<\/p>\n<p>As\u00ed que esta es una de las razones por las que mucha gente juega m\u00e1s cuando los botes realmente se disparan. La otra raz\u00f3n es, por supuesto, que es m\u00e1s emocionante jugar por cantidades mayores. Entonces, las loter\u00edas como Mega Millions o Powerball se aseguran de que incluso su premio mayor m\u00e1s peque\u00f1o sea enorme, para que los jugadores nunca tengan que esperar para disfrutar de toda la diversi\u00f3n que brindan las grandes loter\u00edas.<\/p>\n<h2>\u00bfEs legal comprar boletos de Mega Millions en l\u00ednea?e?<\/h2>\n<p>Es <strong> perfectamente legal utilizar nuestro <a href=\"https:\/\/onlinelotto365.com\/es\/news\/servicio-de-boletos-para-loterias-internacionales\"> servicio de mensajer\u00eda de boletos <\/a> <\/strong> en M\u00e9xico. Solo aseg\u00farese de ser mayor de edad, lo que significa que debe tener al menos 18 a\u00f1os para comprar boletos de loter\u00eda.<\/p>\n<h2>\u00bfC\u00f3mo se me paga si gano Mega Millions en l\u00ednea?<\/h2>\n<p>Una vez que haya ganado, tambi\u00e9n le brindaremos asistencia para cobrar su dinero. Si se trata de una cantidad menor (de menos de 2500 \u20ac), ni siquiera tiene que hacer nada, simplemente colocaremos su dinero directamente en su cuenta con ellos. Para premios m\u00e1s grandes, lo ayudaremos a completar algunos tr\u00e1mites para reclamar un premio y organizar el pago. Y para los grandes premios (es decir, un premio mayor), puede que simplemente decida hacer un viaje para recoger todos esos millones, pero estoy seguro de que no le importar\u00e1 hacerlo. Si no quieres viajar, no hay problema. Tambi\u00e9n podemos organizar una transferencia bancaria o un pago mediante cheque con la autoridad de loter\u00eda.<\/p>\n<h2>\u00bfTe convertir\u00e1s en un gran ganador de mega millones?<\/h2>\n<p>Solo hay una forma de estar seguro, y es <strong> jugar a la loter\u00eda Mega Millions <\/strong> y a cualquier otra loter\u00eda importante que desee jugar. La mera posibilidad de que puedas ganar es raz\u00f3n suficiente para jugar. Si no juega, puede estar seguro de que no ganar\u00e1. Si es as\u00ed, \u00bfqui\u00e9n sabe?<\/p>\n<p>Entonces, si no has jugado antes al Mega Millions, \u00bfqui\u00e9n sabe realmente cu\u00e1nto dinero podr\u00edas haber ganado si hubieras estado jugando todo este tiempo? Sin embargo, el momento de pensar en eso ha terminado. La bola est\u00e1 ahora en tus manos y, dado <strong> lo f\u00e1cil que es <a href=\"https:\/\/onlinelotto365.com\/es\/compra-boletos\"> comprar billetes de loter\u00eda online ahora <\/a> <\/strong>, es no es de extra\u00f1ar por qu\u00e9 tanta gente est\u00e1 entusiasmada con esto.<\/p>\n","protected":false},"excerpt":{"rendered":"<p>Ahora puede comprar boletos de loter\u00eda Mega Millions en l\u00ednea Ya no tienes que aventurarte a comprar boletos de loter\u00eda para Mega Millions . Gracias a la conveniencia de Internet, simplemente puede comprar tantos boletos para esta loter\u00eda como desee ahora mismo, en cualquier momento, en M\u00e9xico, directamente desde su computadora. Ya no tiene que [&hellip;]<\/p>\n","protected":false},"author":1,"featured_media":0,"parent":3811,"menu_order":2,"comment_status":"closed","ping_status":"closed","template":"megamillion-info.php","meta":{"_et_pb_use_builder":"","_et_pb_old_content":"","_et_gb_content_width":"","exclude_from_search":false,"footnotes":""},"class_list":["post-10645","page","type-page","status-publish","hentry"],"yoast_head":"<!-- This site is optimized with the Yoast SEO plugin v23.4 - https:\/\/yoast.com\/wordpress\/plugins\/seo\/ -->\n<title>Compra de entradas para Mega Millions online desde M\u00e9xico | Mega Millions info, getting tickets online<\/title>\n<meta name=\"description\" content=\"La loter\u00eda Mega Millions ahora est\u00e1 en juego para los residentes de M\u00e9xico - compra billetes legales de Mega Millions en l\u00ednea aqu\u00ed\" \/>\n<meta name=\"robots\" content=\"index, follow, max-snippet:-1, max-image-preview:large, max-video-preview:-1\" \/>\n<link rel=\"canonical\" href=\"https:\/\/onlinelotto365.com\/es\/compra-boletos\/mega-millions\/\" \/>\n<meta property=\"og:locale\" content=\"es_ES\" \/>\n<meta property=\"og:type\" content=\"article\" \/>\n<meta property=\"og:title\" content=\"Compra de entradas para Mega Millions online desde M\u00e9xico | Mega Millions info, getting tickets online\" \/>\n<meta property=\"og:description\" content=\"La loter\u00eda Mega Millions ahora est\u00e1 en juego para los residentes de M\u00e9xico - compra billetes legales de Mega Millions en l\u00ednea aqu\u00ed\" \/>\n<meta property=\"og:url\" content=\"https:\/\/onlinelotto365.com\/es\/compra-boletos\/mega-millions\/\" \/>\n<meta property=\"og:site_name\" content=\"OnlineLotto365\" \/>\n<meta property=\"article:modified_time\" content=\"2021-01-11T09:04:53+00:00\" \/>\n<meta name=\"twitter:card\" content=\"summary_large_image\" \/>\n<meta name=\"twitter:label1\" content=\"Tiempo de lectura\" \/>\n\t<meta name=\"twitter:data1\" content=\"5 minutos\" \/>\n<script type=\"application\/ld+json\" class=\"yoast-schema-graph\">{\"@context\":\"https:\/\/schema.org\",\"@graph\":[{\"@type\":\"WebPage\",\"@id\":\"https:\/\/onlinelotto365.com\/es\/compra-boletos\/mega-millions\/\",\"url\":\"https:\/\/onlinelotto365.com\/es\/compra-boletos\/mega-millions\/\",\"name\":\"Compra de entradas para Mega Millions online desde M\u00e9xico | Mega Millions info, getting tickets online\",\"isPartOf\":{\"@id\":\"https:\/\/onlinelotto365.com\/es\/#website\"},\"datePublished\":\"2020-12-17T18:42:01+00:00\",\"dateModified\":\"2021-01-11T09:04:53+00:00\",\"description\":\"La loter\u00eda Mega Millions ahora est\u00e1 en juego para los residentes de M\u00e9xico - compra billetes legales de Mega Millions en l\u00ednea aqu\u00ed\",\"breadcrumb\":{\"@id\":\"https:\/\/onlinelotto365.com\/es\/compra-boletos\/mega-millions\/#breadcrumb\"},\"inLanguage\":\"es\",\"potentialAction\":[{\"@type\":\"ReadAction\",\"target\":[\"https:\/\/onlinelotto365.com\/es\/compra-boletos\/mega-millions\/\"]}]},{\"@type\":\"BreadcrumbList\",\"@id\":\"https:\/\/onlinelotto365.com\/es\/compra-boletos\/mega-millions\/#breadcrumb\",\"itemListElement\":[{\"@type\":\"ListItem\",\"position\":1,\"name\":\"Home\",\"item\":\"https:\/\/onlinelotto365.com\/es\/\"},{\"@type\":\"ListItem\",\"position\":2,\"name\":\"Por qu\u00e9 tiene m\u00e1s sentido comprar billetes de loter\u00eda en l\u00ednea\",\"item\":\"https:\/\/onlinelotto365.com\/es\/compra-boletos\/\"},{\"@type\":\"ListItem\",\"position\":3,\"name\":\"Mega Millions es una de las mejores loter\u00edas del planeta\"}]},{\"@type\":\"WebSite\",\"@id\":\"https:\/\/onlinelotto365.com\/es\/#website\",\"url\":\"https:\/\/onlinelotto365.com\/es\/\",\"name\":\"OnlineLotto365\",\"description\":\"\",\"potentialAction\":[{\"@type\":\"SearchAction\",\"target\":{\"@type\":\"EntryPoint\",\"urlTemplate\":\"https:\/\/onlinelotto365.com\/es\/?s={search_term_string}\"},\"query-input\":{\"@type\":\"PropertyValueSpecification\",\"valueRequired\":true,\"valueName\":\"search_term_string\"}}],\"inLanguage\":\"es\"}]}<\/script>\n<!-- \/ Yoast SEO plugin. -->","yoast_head_json":{"title":"Compra de entradas para Mega Millions online desde M\u00e9xico | Mega Millions info, getting tickets online","description":"La loter\u00eda Mega Millions ahora est\u00e1 en juego para los residentes de M\u00e9xico - compra billetes legales de Mega Millions en l\u00ednea aqu\u00ed","robots":{"index":"index","follow":"follow","max-snippet":"max-snippet:-1","max-image-preview":"max-image-preview:large","max-video-preview":"max-video-preview:-1"},"canonical":"https:\/\/onlinelotto365.com\/es\/compra-boletos\/mega-millions\/","og_locale":"es_ES","og_type":"article","og_title":"Compra de entradas para Mega Millions online desde M\u00e9xico | Mega Millions info, getting tickets online","og_description":"La loter\u00eda Mega Millions ahora est\u00e1 en juego para los residentes de M\u00e9xico - compra billetes legales de Mega Millions en l\u00ednea aqu\u00ed","og_url":"https:\/\/onlinelotto365.com\/es\/compra-boletos\/mega-millions\/","og_site_name":"OnlineLotto365","article_modified_time":"2021-01-11T09:04:53+00:00","twitter_card":"summary_large_image","twitter_misc":{"Tiempo de lectura":"5 minutos"},"schema":{"@context":"https:\/\/schema.org","@graph":[{"@type":"WebPage","@id":"https:\/\/onlinelotto365.com\/es\/compra-boletos\/mega-millions\/","url":"https:\/\/onlinelotto365.com\/es\/compra-boletos\/mega-millions\/","name":"Compra de entradas para Mega Millions online desde M\u00e9xico | Mega Millions info, getting tickets online","isPartOf":{"@id":"https:\/\/onlinelotto365.com\/es\/#website"},"datePublished":"2020-12-17T18:42:01+00:00","dateModified":"2021-01-11T09:04:53+00:00","description":"La loter\u00eda Mega Millions ahora est\u00e1 en juego para los residentes de M\u00e9xico - compra billetes legales de Mega Millions en l\u00ednea aqu\u00ed","breadcrumb":{"@id":"https:\/\/onlinelotto365.com\/es\/compra-boletos\/mega-millions\/#breadcrumb"},"inLanguage":"es","potentialAction":[{"@type":"ReadAction","target":["https:\/\/onlinelotto365.com\/es\/compra-boletos\/mega-millions\/"]}]},{"@type":"BreadcrumbList","@id":"https:\/\/onlinelotto365.com\/es\/compra-boletos\/mega-millions\/#breadcrumb","itemListElement":[{"@type":"ListItem","position":1,"name":"Home","item":"https:\/\/onlinelotto365.com\/es\/"},{"@type":"ListItem","position":2,"name":"Por qu\u00e9 tiene m\u00e1s sentido comprar billetes de loter\u00eda en l\u00ednea","item":"https:\/\/onlinelotto365.com\/es\/compra-boletos\/"},{"@type":"ListItem","position":3,"name":"Mega Millions es una de las mejores loter\u00edas del planeta"}]},{"@type":"WebSite","@id":"https:\/\/onlinelotto365.com\/es\/#website","url":"https:\/\/onlinelotto365.com\/es\/","name":"OnlineLotto365","description":"","potentialAction":[{"@type":"SearchAction","target":{"@type":"EntryPoint","urlTemplate":"https:\/\/onlinelotto365.com\/es\/?s={search_term_string}"},"query-input":{"@type":"PropertyValueSpecification","valueRequired":true,"valueName":"search_term_string"}}],"inLanguage":"es"}]}},"_links":{"self":[{"href":"https:\/\/onlinelotto365.com\/es\/wp-json\/wp\/v2\/pages\/10645","targetHints":{"allow":["GET"]}}],"collection":[{"href":"https:\/\/onlinelotto365.com\/es\/wp-json\/wp\/v2\/pages"}],"about":[{"href":"https:\/\/onlinelotto365.com\/es\/wp-json\/wp\/v2\/types\/page"}],"author":[{"embeddable":true,"href":"https:\/\/onlinelotto365.com\/es\/wp-json\/wp\/v2\/users\/1"}],"replies":[{"embeddable":true,"href":"https:\/\/onlinelotto365.com\/es\/wp-json\/wp\/v2\/comments?post=10645"}],"version-history":[{"count":0,"href":"https:\/\/onlinelotto365.com\/es\/wp-json\/wp\/v2\/pages\/10645\/revisions"}],"up":[{"embeddable":true,"href":"https:\/\/onlinelotto365.com\/es\/wp-json\/wp\/v2\/pages\/3811"}],"wp:attachment":[{"href":"https:\/\/onlinelotto365.com\/es\/wp-json\/wp\/v2\/media?parent=10645"}],"curies":[{"name":"wp","href":"https:\/\/api.w.org\/{rel}","templated":true}]}}