{"id":10647,"date":"2020-12-17T19:43:17","date_gmt":"2020-12-17T18:43:17","guid":{"rendered":"http:\/\/onlinelotto365.net\/?page_id=10647"},"modified":"2021-01-05T13:04:07","modified_gmt":"2021-01-05T12:04:07","slug":"euromillions","status":"publish","type":"page","link":"https:\/\/onlinelotto365.com\/es\/compra-boletos\/euromillions\/","title":{"rendered":"C\u00f3mo comprar entradas para Euromillones en l\u00ednea"},"content":{"rendered":"<p>\u00bfQuieres <strong> comprar entradas de Euromillones para el pr\u00f3ximo sorteo <\/strong>? \u00bfEst\u00e1 buscando recoger sus boletos completamente en l\u00ednea? \u00bf<a href=\"https:\/\/onlinelotto365.com\/es\/jugar\"> quieres jugar a loter\u00edas que no est\u00e1n disponibles en M\u00e9xico <\/a>? Bueno, entonces querr\u00e1 echar un vistazo m\u00e1s de cerca aqu\u00ed, donde vamos a repasar los pasos involucrados. Y afortunadamente para ti, es muy sencillo comenzar.<\/p>\n<ul>\n<li>Elija la loter\u00eda que desea jugar y elija los n\u00fameros que desea jugar o elija una selecci\u00f3n r\u00e1pida para que la computadora los elija por usted<\/li>\n<li>Agregue incluso <a href=\"http:\/\/onlinelotto365.com\/es\"> m\u00e1s juegos de loter\u00eda <\/a> y m\u00e1s boletos para cualquier juego, incluso fuera de M\u00e9xico, para que su pedido refleje el total de boletos que desea &lt;\/ li &gt;<\/li>\n<li>Seleccione la opci\u00f3n Pagar ahora<\/li>\n<li>Cree y registre su cuenta o inicie sesi\u00f3n en su cuenta de miembro existente para comprar sus boletos<\/li>\n<li>Para aquellos que necesitan registrarse, busque un enlace de verificaci\u00f3n en su correo electr\u00f3nico para que pueda finalizar el proceso<\/li>\n<li>Mire su carpeta de spam en caso de que el correo electr\u00f3nico se env\u00ede all\u00ed por error<\/li>\n<li>Verifique su correo electr\u00f3nico y haga clic en el carrito de compras en el sitio web<\/li>\n<li>Elija su opci\u00f3n de pago preferida y luego siga las instrucciones para pagar sus boletos<\/li>\n<\/ul>\n<p>&nbsp;<\/p>\n<h2>C\u00f3mo pagar su boleto de Euromillones en l\u00ednea<\/h2>\n<p>Pagar sus boletos de <a href=\"https:\/\/onlinelotto365.com\/es\/jugar\/euromillions\"> EuroMillions <\/a> en l\u00ednea es simple porque hay muchos m\u00e9todos de pago seguros disponibles. Simplemente elija el que prefiera.<br \/>\nCompre y pague sus boletos haciendo lo siguiente:<\/p>\n<ul>\n<li>Pague el pedido con una cuenta de pago<\/li>\n<li>Agregue dinero a su cuenta de jugador y compre boletos desde la cuenta de jugador<\/li>\n<\/ul>\n<p>Para aquellos que eligen agregar dinero directamente a su cuenta de jugador, solo deben asegurarse de tener m\u00e1s que suficiente disponible para el pedido que est\u00e1n a punto de realizar.<\/p>\n<h2>M\u00e1s informaci\u00f3n sobre Euromillones<\/h2>\n<ul>\n<li>Pa\u00eds: varios. Europa<\/li>\n<li>Rango de n\u00fameros principales: 50<\/li>\n<li>Elige: 5<\/li>\n<li>Intervalo de n\u00fameros adicionales: 12<\/li>\n<li>Elige: 2<\/li>\n<li>D\u00edas de sorteo, horario: martes, viernes, 19:30 GMT, 20:30 CET<\/li>\n<li>Premio mayor m\u00ednimo: 17 millones de euros<\/li>\n<li>Jackpot m\u00e1ximo: 190 millones de euros<\/li>\n<li>Probabilidad de ganar el premio mayor: 1 en 186450880<\/li>\n<li>Probabilidad de una victoria de nivel 2: 1 en 2118760<\/li>\n<li>Probabilidad de ganar en cualquier nivel: 1 en 12,98<\/li>\n<li>N\u00famero de niveles de premios: 13<\/li>\n<\/ul>\n<h2>Ventajas de comprar boletos de Euromillones en l\u00ednea<\/h2>\n<ul>\n<li>No es necesario salir de casa para conseguir las entradas que desea<\/li>\n<li>Elija entre <strong> varias loter\u00edas diferentes <\/strong><\/li>\n<li>Obtenga mejores probabilidades de sus ganancias eligiendo juegos con premios mayores.<\/li>\n<li>Agregue dinero directamente a su cuenta y util\u00edcelo para comprar boletos<\/li>\n<li>No hay posibilidad de perder su boleto<\/li>\n<li>Notificaciones instant\u00e1neas de premios ganados<\/li>\n<li>Opciones de selecci\u00f3n f\u00e1ciles para la generaci\u00f3n de n\u00fameros aleatorios<\/li>\n<\/ul>\n<h2>\u00bfEs legal comprar boletos de Euromillones en l\u00ednea?<\/h2>\n<p>Es posible que se haya preguntado si comprar boletos de loter\u00eda en l\u00ednea es incluso legal, especialmente si su pa\u00eds de residencia tiene reglas estrictas. Pero lo bueno es que no tiene que preocuparse por nada con nuestro servicio. <strong> Realizamos todo de acuerdo con las regulaciones <\/strong> y nos aseguramos de que no importa lo que gane o d\u00f3nde gane, podr\u00e1 obtener su premio e incluso ganar el premio mayor.<br \/>\nLo \u00fanico que tienes que hacer es <a href=\"https:\/\/onlinelotto365.com\/es\/news\/edad-minima-para-comprar-billetes-de-loteria\"> asegurarte de tener al menos 18 a\u00f1os. <\/a><\/p>\n<h2>\u00bfC\u00f3mo se me paga si gano Euromillones en l\u00ednea?<\/h2>\n<p>Cuando gana dinero, nos aseguramos de que lo obtenga lo m\u00e1s f\u00e1cilmente posible. Todo lo que tienes que hacer es comprar tu boleto con nosotros y nosotros nos encargamos de reclamar tus ganancias y entreg\u00e1rtelas. No cobramos ninguna comisi\u00f3n de sus ganancias a menos que elija que <strong> se le pague mediante transferencia bancaria a una cuenta bancaria en M\u00e9xico <\/strong>.<\/p>\n<p>Cuando eso sucede, el banco nos cobra una tarifa y le solicitamos que usted tambi\u00e9n pague la tarifa. Esto variar\u00e1 seg\u00fan el lugar al que se env\u00ede el dinero. Aparte de eso, todo lo que necesita saber sobre los pagos es:<\/p>\n<ul>\n<li>Si gana 2500 \u20ac o menos, el dinero se acredita autom\u00e1tica e inmediatamente directamente en su cuenta de jugador.<\/li>\n<li>Si gana m\u00e1s de 2500 \u20ac, recibir\u00e1 un correo electr\u00f3nico con un formulario de reclamaci\u00f3n que se enviar\u00e1 a la comisi\u00f3n de la loter\u00eda. Aqu\u00ed se detallar\u00e1 c\u00f3mo desea que se le pague, incluida la transferencia bancaria o el cheque. Su solicitud ser\u00e1 procesada y puede tomar una fpocos d\u00edas antes de que su dinero est\u00e9 disponible para usted.<\/li>\n<\/ul>\n","protected":false},"excerpt":{"rendered":"<p>\u00bfQuieres comprar entradas de Euromillones para el pr\u00f3ximo sorteo ? \u00bfEst\u00e1 buscando recoger sus boletos completamente en l\u00ednea? \u00bf quieres jugar a loter\u00edas que no est\u00e1n disponibles en M\u00e9xico ? Bueno, entonces querr\u00e1 echar un vistazo m\u00e1s de cerca aqu\u00ed, donde vamos a repasar los pasos involucrados. Y afortunadamente para ti, es muy sencillo comenzar. [&hellip;]<\/p>\n","protected":false},"author":1,"featured_media":0,"parent":3811,"menu_order":3,"comment_status":"closed","ping_status":"closed","template":"euromillions-info.php","meta":{"_et_pb_use_builder":"","_et_pb_old_content":"","_et_gb_content_width":"","exclude_from_search":false,"footnotes":""},"class_list":["post-10647","page","type-page","status-publish","hentry"],"yoast_head":"<!-- This site is optimized with the Yoast SEO plugin v23.4 - https:\/\/yoast.com\/wordpress\/plugins\/seo\/ -->\n<title>Compra de entradas para Euromillones en l\u00ednea<\/title>\n<meta name=\"description\" content=\"Los fan\u00e1ticos de la loter\u00eda de cualquier pa\u00eds, incluyendo M\u00e9xico, pueden comprar ahora los boletos de Euromillones aqu\u00ed.\" \/>\n<meta name=\"robots\" content=\"index, follow, max-snippet:-1, max-image-preview:large, max-video-preview:-1\" \/>\n<link rel=\"canonical\" href=\"https:\/\/onlinelotto365.com\/es\/compra-boletos\/euromillions\/\" \/>\n<meta property=\"og:locale\" content=\"es_ES\" \/>\n<meta property=\"og:type\" content=\"article\" \/>\n<meta property=\"og:title\" content=\"Compra de entradas para Euromillones en l\u00ednea\" \/>\n<meta property=\"og:description\" content=\"Los fan\u00e1ticos de la loter\u00eda de cualquier pa\u00eds, incluyendo M\u00e9xico, pueden comprar ahora los boletos de Euromillones aqu\u00ed.\" \/>\n<meta property=\"og:url\" content=\"https:\/\/onlinelotto365.com\/es\/compra-boletos\/euromillions\/\" \/>\n<meta property=\"og:site_name\" content=\"OnlineLotto365\" \/>\n<meta property=\"article:modified_time\" content=\"2021-01-05T12:04:07+00:00\" \/>\n<meta name=\"twitter:card\" content=\"summary_large_image\" \/>\n<meta name=\"twitter:label1\" content=\"Tiempo de lectura\" \/>\n\t<meta name=\"twitter:data1\" content=\"4 minutos\" \/>\n<script type=\"application\/ld+json\" class=\"yoast-schema-graph\">{\"@context\":\"https:\/\/schema.org\",\"@graph\":[{\"@type\":\"WebPage\",\"@id\":\"https:\/\/onlinelotto365.com\/es\/compra-boletos\/euromillions\/\",\"url\":\"https:\/\/onlinelotto365.com\/es\/compra-boletos\/euromillions\/\",\"name\":\"Compra de entradas para Euromillones en l\u00ednea\",\"isPartOf\":{\"@id\":\"https:\/\/onlinelotto365.com\/es\/#website\"},\"datePublished\":\"2020-12-17T18:43:17+00:00\",\"dateModified\":\"2021-01-05T12:04:07+00:00\",\"description\":\"Los fan\u00e1ticos de la loter\u00eda de cualquier pa\u00eds, incluyendo M\u00e9xico, pueden comprar ahora los boletos de Euromillones aqu\u00ed.\",\"breadcrumb\":{\"@id\":\"https:\/\/onlinelotto365.com\/es\/compra-boletos\/euromillions\/#breadcrumb\"},\"inLanguage\":\"es\",\"potentialAction\":[{\"@type\":\"ReadAction\",\"target\":[\"https:\/\/onlinelotto365.com\/es\/compra-boletos\/euromillions\/\"]}]},{\"@type\":\"BreadcrumbList\",\"@id\":\"https:\/\/onlinelotto365.com\/es\/compra-boletos\/euromillions\/#breadcrumb\",\"itemListElement\":[{\"@type\":\"ListItem\",\"position\":1,\"name\":\"Home\",\"item\":\"https:\/\/onlinelotto365.com\/es\/\"},{\"@type\":\"ListItem\",\"position\":2,\"name\":\"Por qu\u00e9 tiene m\u00e1s sentido comprar billetes de loter\u00eda en l\u00ednea\",\"item\":\"https:\/\/onlinelotto365.com\/es\/compra-boletos\/\"},{\"@type\":\"ListItem\",\"position\":3,\"name\":\"C\u00f3mo comprar entradas para Euromillones en l\u00ednea\"}]},{\"@type\":\"WebSite\",\"@id\":\"https:\/\/onlinelotto365.com\/es\/#website\",\"url\":\"https:\/\/onlinelotto365.com\/es\/\",\"name\":\"OnlineLotto365\",\"description\":\"\",\"potentialAction\":[{\"@type\":\"SearchAction\",\"target\":{\"@type\":\"EntryPoint\",\"urlTemplate\":\"https:\/\/onlinelotto365.com\/es\/?s={search_term_string}\"},\"query-input\":{\"@type\":\"PropertyValueSpecification\",\"valueRequired\":true,\"valueName\":\"search_term_string\"}}],\"inLanguage\":\"es\"}]}<\/script>\n<!-- \/ Yoast SEO plugin. -->","yoast_head_json":{"title":"Compra de entradas para Euromillones en l\u00ednea","description":"Los fan\u00e1ticos de la loter\u00eda de cualquier pa\u00eds, incluyendo M\u00e9xico, pueden comprar ahora los boletos de Euromillones aqu\u00ed.","robots":{"index":"index","follow":"follow","max-snippet":"max-snippet:-1","max-image-preview":"max-image-preview:large","max-video-preview":"max-video-preview:-1"},"canonical":"https:\/\/onlinelotto365.com\/es\/compra-boletos\/euromillions\/","og_locale":"es_ES","og_type":"article","og_title":"Compra de entradas para Euromillones en l\u00ednea","og_description":"Los fan\u00e1ticos de la loter\u00eda de cualquier pa\u00eds, incluyendo M\u00e9xico, pueden comprar ahora los boletos de Euromillones aqu\u00ed.","og_url":"https:\/\/onlinelotto365.com\/es\/compra-boletos\/euromillions\/","og_site_name":"OnlineLotto365","article_modified_time":"2021-01-05T12:04:07+00:00","twitter_card":"summary_large_image","twitter_misc":{"Tiempo de lectura":"4 minutos"},"schema":{"@context":"https:\/\/schema.org","@graph":[{"@type":"WebPage","@id":"https:\/\/onlinelotto365.com\/es\/compra-boletos\/euromillions\/","url":"https:\/\/onlinelotto365.com\/es\/compra-boletos\/euromillions\/","name":"Compra de entradas para Euromillones en l\u00ednea","isPartOf":{"@id":"https:\/\/onlinelotto365.com\/es\/#website"},"datePublished":"2020-12-17T18:43:17+00:00","dateModified":"2021-01-05T12:04:07+00:00","description":"Los fan\u00e1ticos de la loter\u00eda de cualquier pa\u00eds, incluyendo M\u00e9xico, pueden comprar ahora los boletos de Euromillones aqu\u00ed.","breadcrumb":{"@id":"https:\/\/onlinelotto365.com\/es\/compra-boletos\/euromillions\/#breadcrumb"},"inLanguage":"es","potentialAction":[{"@type":"ReadAction","target":["https:\/\/onlinelotto365.com\/es\/compra-boletos\/euromillions\/"]}]},{"@type":"BreadcrumbList","@id":"https:\/\/onlinelotto365.com\/es\/compra-boletos\/euromillions\/#breadcrumb","itemListElement":[{"@type":"ListItem","position":1,"name":"Home","item":"https:\/\/onlinelotto365.com\/es\/"},{"@type":"ListItem","position":2,"name":"Por qu\u00e9 tiene m\u00e1s sentido comprar billetes de loter\u00eda en l\u00ednea","item":"https:\/\/onlinelotto365.com\/es\/compra-boletos\/"},{"@type":"ListItem","position":3,"name":"C\u00f3mo comprar entradas para Euromillones en l\u00ednea"}]},{"@type":"WebSite","@id":"https:\/\/onlinelotto365.com\/es\/#website","url":"https:\/\/onlinelotto365.com\/es\/","name":"OnlineLotto365","description":"","potentialAction":[{"@type":"SearchAction","target":{"@type":"EntryPoint","urlTemplate":"https:\/\/onlinelotto365.com\/es\/?s={search_term_string}"},"query-input":{"@type":"PropertyValueSpecification","valueRequired":true,"valueName":"search_term_string"}}],"inLanguage":"es"}]}},"_links":{"self":[{"href":"https:\/\/onlinelotto365.com\/es\/wp-json\/wp\/v2\/pages\/10647","targetHints":{"allow":["GET"]}}],"collection":[{"href":"https:\/\/onlinelotto365.com\/es\/wp-json\/wp\/v2\/pages"}],"about":[{"href":"https:\/\/onlinelotto365.com\/es\/wp-json\/wp\/v2\/types\/page"}],"author":[{"embeddable":true,"href":"https:\/\/onlinelotto365.com\/es\/wp-json\/wp\/v2\/users\/1"}],"replies":[{"embeddable":true,"href":"https:\/\/onlinelotto365.com\/es\/wp-json\/wp\/v2\/comments?post=10647"}],"version-history":[{"count":0,"href":"https:\/\/onlinelotto365.com\/es\/wp-json\/wp\/v2\/pages\/10647\/revisions"}],"up":[{"embeddable":true,"href":"https:\/\/onlinelotto365.com\/es\/wp-json\/wp\/v2\/pages\/3811"}],"wp:attachment":[{"href":"https:\/\/onlinelotto365.com\/es\/wp-json\/wp\/v2\/media?parent=10647"}],"curies":[{"name":"wp","href":"https:\/\/api.w.org\/{rel}","templated":true}]}}