{"id":10649,"date":"2020-12-17T19:45:20","date_gmt":"2020-12-17T18:45:20","guid":{"rendered":"http:\/\/onlinelotto365.net\/?page_id=10649"},"modified":"2021-01-07T12:30:38","modified_gmt":"2021-01-07T11:30:38","slug":"eurojackpot","status":"publish","type":"page","link":"https:\/\/onlinelotto365.com\/es\/compra-boletos\/eurojackpot\/","title":{"rendered":"C\u00f3mo comprar entradas para el Eurojackpot en l\u00ednea"},"content":{"rendered":"<p>En caso de que se est\u00e9 preguntando <strong> c\u00f3mo comprar sus boletos de Eurojackpot en l\u00ednea <\/strong>, hemos descrito el proceso en sencillos pasos. Pero en realidad, nuestro sitio web lo guiar\u00e1 a trav\u00e9s de todo el proceso. Hemos tratado de que sea lo m\u00e1s simple posible.<\/p>\n<ul>\n<li>Una vez que est\u00e9 en la p\u00e1gina de Eurojackpot, seleccione sus n\u00fameros o deje que la computadora elija los n\u00fameros por usted<\/li>\n<li>Puede agregar m\u00e1s loter\u00edas y m\u00e1s boletos a su pedido si lo desea<\/li>\n<li>Haga clic en pagar ahora<\/li>\n<li>Registre su cuenta en nuestro sitio web (si ya lo ha hecho, puede omitir ese paso y simplemente iniciar sesi\u00f3n en su cuenta existente<\/li>\n<li>Si est\u00e1 registrando una nueva cuenta, <strong> revise la bandeja de entrada de su correo electr\u00f3nico para ver el mensaje con el enlace de verificaci\u00f3n <\/strong><\/li>\n<li>En caso de que no pueda encontrar el correo electr\u00f3nico, eche un vistazo a su casilla de correo no deseado, es posible que haya terminado all\u00ed<\/li>\n<li>Haga clic en el s\u00edmbolo del carrito de compras<\/li>\n<li>Seleccione una forma de pago, haga clic para pagar y siga las instrucciones de pago.<\/li>\n<\/ul>\n<p><a href=\"https:\/\/redfoxlotto.com\/es\/jugar\/eurojackpot\/?ref=a8564250a2&amp;medium=ol365\" target=\"_blank\" rel=\"noopener noreferrer\"> <img decoding=\"async\" class=\"aligncenter\" src=\"https:\/\/redfoxlotto.com\/image?size=8&amp;lottery=eurojackpot\" alt=\"eurojackpot\" \/> <\/a><\/p>\n<h2>C\u00f3mo pagar su boleto Eurojackpot en l\u00ednea<\/h2>\n<p>Hay un n\u00famero de m\u00e9todos de pago seguros disponibles para nuestros clientes. Seleccione el m\u00e9todo que m\u00e1s le convenga.<\/p>\n<p><strong> Puedes comprar tus entradas online y pagarlas de dos formas: <\/strong><\/p>\n<ul>\n<li>Pague su pedido directamente<\/li>\n<li>Deposite dinero en su cuenta de jugador, luego use su saldo para comprar boletos de loter\u00eda<\/li>\n<\/ul>\n<p>Si usa el segundo m\u00e9todo, aseg\u00farese de que el monto de su saldo sea mayor que el monto del pedido de boletos.<\/p>\n<h2>M\u00e1s informaci\u00f3n sobre Eurojackpot<\/h2>\n<ul>\n<li>Pa\u00eds: varios pa\u00edses europeos<\/li>\n<li>Rango de n\u00fameros principales: 50<\/li>\n<li>Elige: 5<\/li>\n<li>Intervalo de n\u00fameros adicionales: 10<\/li>\n<li>Elige: 2<\/li>\n<li>D\u00edas de sorteo, horario: viernes, 21:00 CET<\/li>\n<li>Premio mayor m\u00ednimo: 10 millones de euros<\/li>\n<li>Premio mayor m\u00e1ximo: 90 millones de euros<\/li>\n<li>Probabilidad de ganar el premio mayor: 1 en 135.600.640<\/li>\n<li>Probabilidad de una victoria de nivel 2: 1 en 2.118.760<\/li>\n<li>Probabilidad de ganar en cualquier nivel: 1 en 26,39<\/li>\n<li>N\u00famero de niveles de premios: 12<\/li>\n<\/ul>\n<h2>Ventajas de comprar boletos de Eurojackpot en l\u00ednea<\/h2>\n<ul>\n<li>compre sus boletos desde la comodidad de su hogar<\/li>\n<li>una mayor variedad de loter\u00edas<\/li>\n<li><a href=\"https:\/\/onlinelotto365.com\/es\/news\/utilice-la-estrategia-para-seleccionar-sus-numeros-para-la-loteria\"> mejore sus posibilidades de ganar <\/a> con la <a href=\"https:\/\/onlinelotto365.com\/es\/news\/que-loterias-tienen-mas-posibilidades-de-ganar\"> loter\u00eda con los premios mayores m\u00e1s altos <\/a><\/li>\n<li>opci\u00f3n de depositar dinero primero y luego pagar con su saldo<\/li>\n<li>nunca m\u00e1s pierda un boleto<\/li>\n<li>reciba una notificaci\u00f3n cuando gane<\/li>\n<li>opci\u00f3n de selecci\u00f3n r\u00e1pida con un generador de n\u00fameros aleatorios<\/li>\n<\/ul>\n<h2>\u00bfEs legal comprar boletos de Eurojackpot en l\u00ednea?<\/h2>\n<p>No tiene que preocuparse de si comprar boletos de loter\u00eda en l\u00ednea o de la manera tradicional es legal en su pa\u00eds de residencia. Al mismo tiempo, no tiene que preocuparse por la cuesti\u00f3n de si es legal utilizar nuestro servicio en lo que respecta a las regulaciones en el pa\u00eds donde se realiza la loter\u00eda. La forma en que administramos nuestro servicio est\u00e1 dise\u00f1ada para que <strong> se le garantice que recibir\u00e1 el pago, incluso si gana un premio mayor. <\/strong><\/p>\n<p><a href=\"https:\/\/onlinelotto365.com\/es\/news\/edad-minima-para-comprar-billetes-de-loteria\"> Debe tener al menos 18 a\u00f1os para utilizar nuestro servicio. <\/a><\/p>\n<h2>\u00bfC\u00f3mo se me paga si gano Eurojackpot en l\u00ednea?<\/h2>\n<p>El pago de las ganancias es una parte importante de nuestro servicio a nuestros clientes. Es importante que sepa que no deducimos ning\u00fan tipo de comisi\u00f3n de sus ganancias de loter\u00eda. Puede haber una tarifa muy peque\u00f1a en una sola situaci\u00f3n, y es si decide recibir el pago mediante una transferencia bancaria. Se trata de lo que nos cobra el banco, y estamos hablando de quiz\u00e1s $ 5 por transferencia aqu\u00ed si se trata de una transferencia internacional.<\/p>\n<p>Hay dos situaciones diferentes para el pago:<\/p>\n<ul>\n<li>Ganas una cantidad de 2500 \u20ac o menos. En este caso, la cantidad ganada se acreditar\u00e1 a su cuenta de jugador con nosotros.<\/li>\n<li>Ganas una cantidad superior a 2500 \u20ac. En este caso, le enviaremos por correo electr\u00f3nico un formulario que debe completar. T\u00fa decides c\u00f3mo quieres que te paguen. En este caso, la transferencia bancaria y el cheque son las \u00fanicas opciones. Procesaremos la solicitud por usted y, unos d\u00edas despu\u00e9s, tendr\u00e1 su dinero en su cuenta bancaria o recibir\u00e1 un cheque.<\/li>\n<\/ul>\n","protected":false},"excerpt":{"rendered":"<p>En caso de que se est\u00e9 preguntando c\u00f3mo comprar sus boletos de Eurojackpot en l\u00ednea , hemos descrito el proceso en sencillos pasos. Pero en realidad, nuestro sitio web lo guiar\u00e1 a trav\u00e9s de todo el proceso. Hemos tratado de que sea lo m\u00e1s simple posible. Una vez que est\u00e9 en la p\u00e1gina de Eurojackpot, [&hellip;]<\/p>\n","protected":false},"author":1,"featured_media":0,"parent":3811,"menu_order":4,"comment_status":"closed","ping_status":"closed","template":"eurojackpot-info.php","meta":{"_et_pb_use_builder":"","_et_pb_old_content":"","_et_gb_content_width":"","exclude_from_search":false,"footnotes":""},"class_list":["post-10649","page","type-page","status-publish","hentry"],"yoast_head":"<!-- This site is optimized with the Yoast SEO plugin v23.4 - https:\/\/yoast.com\/wordpress\/plugins\/seo\/ -->\n<title>Compra de entradas para el Eurojackpot en l\u00ednea<\/title>\n<meta name=\"description\" content=\"Vive en M\u00e9xico, pero \u00bfquieres comprar entradas para el Eurojackpot? C\u00f3mpralas en l\u00ednea aqu\u00ed!\" \/>\n<meta name=\"robots\" content=\"index, follow, max-snippet:-1, max-image-preview:large, max-video-preview:-1\" \/>\n<link rel=\"canonical\" href=\"https:\/\/onlinelotto365.com\/es\/compra-boletos\/eurojackpot\/\" \/>\n<meta property=\"og:locale\" content=\"es_ES\" \/>\n<meta property=\"og:type\" content=\"article\" \/>\n<meta property=\"og:title\" content=\"Compra de entradas para el Eurojackpot en l\u00ednea\" \/>\n<meta property=\"og:description\" content=\"Vive en M\u00e9xico, pero \u00bfquieres comprar entradas para el Eurojackpot? C\u00f3mpralas en l\u00ednea aqu\u00ed!\" \/>\n<meta property=\"og:url\" content=\"https:\/\/onlinelotto365.com\/es\/compra-boletos\/eurojackpot\/\" \/>\n<meta property=\"og:site_name\" content=\"OnlineLotto365\" \/>\n<meta property=\"article:modified_time\" content=\"2021-01-07T11:30:38+00:00\" \/>\n<meta property=\"og:image\" content=\"https:\/\/redfoxlotto.com\/image?size=8&amp;lottery=eurojackpot\" \/>\n<meta name=\"twitter:card\" content=\"summary_large_image\" \/>\n<meta name=\"twitter:label1\" content=\"Tiempo de lectura\" \/>\n\t<meta name=\"twitter:data1\" content=\"4 minutos\" \/>\n<script type=\"application\/ld+json\" class=\"yoast-schema-graph\">{\"@context\":\"https:\/\/schema.org\",\"@graph\":[{\"@type\":\"WebPage\",\"@id\":\"https:\/\/onlinelotto365.com\/es\/compra-boletos\/eurojackpot\/\",\"url\":\"https:\/\/onlinelotto365.com\/es\/compra-boletos\/eurojackpot\/\",\"name\":\"Compra de entradas para el Eurojackpot en l\u00ednea\",\"isPartOf\":{\"@id\":\"https:\/\/onlinelotto365.com\/es\/#website\"},\"primaryImageOfPage\":{\"@id\":\"https:\/\/onlinelotto365.com\/es\/compra-boletos\/eurojackpot\/#primaryimage\"},\"image\":{\"@id\":\"https:\/\/onlinelotto365.com\/es\/compra-boletos\/eurojackpot\/#primaryimage\"},\"thumbnailUrl\":\"https:\/\/redfoxlotto.com\/image?size=8&amp;lottery=eurojackpot\",\"datePublished\":\"2020-12-17T18:45:20+00:00\",\"dateModified\":\"2021-01-07T11:30:38+00:00\",\"description\":\"Vive en M\u00e9xico, pero \u00bfquieres comprar entradas para el Eurojackpot? C\u00f3mpralas en l\u00ednea aqu\u00ed!\",\"breadcrumb\":{\"@id\":\"https:\/\/onlinelotto365.com\/es\/compra-boletos\/eurojackpot\/#breadcrumb\"},\"inLanguage\":\"es\",\"potentialAction\":[{\"@type\":\"ReadAction\",\"target\":[\"https:\/\/onlinelotto365.com\/es\/compra-boletos\/eurojackpot\/\"]}]},{\"@type\":\"ImageObject\",\"inLanguage\":\"es\",\"@id\":\"https:\/\/onlinelotto365.com\/es\/compra-boletos\/eurojackpot\/#primaryimage\",\"url\":\"https:\/\/redfoxlotto.com\/image?size=8&amp;lottery=eurojackpot\",\"contentUrl\":\"https:\/\/redfoxlotto.com\/image?size=8&amp;lottery=eurojackpot\"},{\"@type\":\"BreadcrumbList\",\"@id\":\"https:\/\/onlinelotto365.com\/es\/compra-boletos\/eurojackpot\/#breadcrumb\",\"itemListElement\":[{\"@type\":\"ListItem\",\"position\":1,\"name\":\"Home\",\"item\":\"https:\/\/onlinelotto365.com\/es\/\"},{\"@type\":\"ListItem\",\"position\":2,\"name\":\"Por qu\u00e9 tiene m\u00e1s sentido comprar billetes de loter\u00eda en l\u00ednea\",\"item\":\"https:\/\/onlinelotto365.com\/es\/compra-boletos\/\"},{\"@type\":\"ListItem\",\"position\":3,\"name\":\"C\u00f3mo comprar entradas para el Eurojackpot en l\u00ednea\"}]},{\"@type\":\"WebSite\",\"@id\":\"https:\/\/onlinelotto365.com\/es\/#website\",\"url\":\"https:\/\/onlinelotto365.com\/es\/\",\"name\":\"OnlineLotto365\",\"description\":\"\",\"potentialAction\":[{\"@type\":\"SearchAction\",\"target\":{\"@type\":\"EntryPoint\",\"urlTemplate\":\"https:\/\/onlinelotto365.com\/es\/?s={search_term_string}\"},\"query-input\":{\"@type\":\"PropertyValueSpecification\",\"valueRequired\":true,\"valueName\":\"search_term_string\"}}],\"inLanguage\":\"es\"}]}<\/script>\n<!-- \/ Yoast SEO plugin. -->","yoast_head_json":{"title":"Compra de entradas para el Eurojackpot en l\u00ednea","description":"Vive en M\u00e9xico, pero \u00bfquieres comprar entradas para el Eurojackpot? C\u00f3mpralas en l\u00ednea aqu\u00ed!","robots":{"index":"index","follow":"follow","max-snippet":"max-snippet:-1","max-image-preview":"max-image-preview:large","max-video-preview":"max-video-preview:-1"},"canonical":"https:\/\/onlinelotto365.com\/es\/compra-boletos\/eurojackpot\/","og_locale":"es_ES","og_type":"article","og_title":"Compra de entradas para el Eurojackpot en l\u00ednea","og_description":"Vive en M\u00e9xico, pero \u00bfquieres comprar entradas para el Eurojackpot? C\u00f3mpralas en l\u00ednea aqu\u00ed!","og_url":"https:\/\/onlinelotto365.com\/es\/compra-boletos\/eurojackpot\/","og_site_name":"OnlineLotto365","article_modified_time":"2021-01-07T11:30:38+00:00","og_image":[{"url":"https:\/\/redfoxlotto.com\/image?size=8&amp;lottery=eurojackpot"}],"twitter_card":"summary_large_image","twitter_misc":{"Tiempo de lectura":"4 minutos"},"schema":{"@context":"https:\/\/schema.org","@graph":[{"@type":"WebPage","@id":"https:\/\/onlinelotto365.com\/es\/compra-boletos\/eurojackpot\/","url":"https:\/\/onlinelotto365.com\/es\/compra-boletos\/eurojackpot\/","name":"Compra de entradas para el Eurojackpot en l\u00ednea","isPartOf":{"@id":"https:\/\/onlinelotto365.com\/es\/#website"},"primaryImageOfPage":{"@id":"https:\/\/onlinelotto365.com\/es\/compra-boletos\/eurojackpot\/#primaryimage"},"image":{"@id":"https:\/\/onlinelotto365.com\/es\/compra-boletos\/eurojackpot\/#primaryimage"},"thumbnailUrl":"https:\/\/redfoxlotto.com\/image?size=8&amp;lottery=eurojackpot","datePublished":"2020-12-17T18:45:20+00:00","dateModified":"2021-01-07T11:30:38+00:00","description":"Vive en M\u00e9xico, pero \u00bfquieres comprar entradas para el Eurojackpot? C\u00f3mpralas en l\u00ednea aqu\u00ed!","breadcrumb":{"@id":"https:\/\/onlinelotto365.com\/es\/compra-boletos\/eurojackpot\/#breadcrumb"},"inLanguage":"es","potentialAction":[{"@type":"ReadAction","target":["https:\/\/onlinelotto365.com\/es\/compra-boletos\/eurojackpot\/"]}]},{"@type":"ImageObject","inLanguage":"es","@id":"https:\/\/onlinelotto365.com\/es\/compra-boletos\/eurojackpot\/#primaryimage","url":"https:\/\/redfoxlotto.com\/image?size=8&amp;lottery=eurojackpot","contentUrl":"https:\/\/redfoxlotto.com\/image?size=8&amp;lottery=eurojackpot"},{"@type":"BreadcrumbList","@id":"https:\/\/onlinelotto365.com\/es\/compra-boletos\/eurojackpot\/#breadcrumb","itemListElement":[{"@type":"ListItem","position":1,"name":"Home","item":"https:\/\/onlinelotto365.com\/es\/"},{"@type":"ListItem","position":2,"name":"Por qu\u00e9 tiene m\u00e1s sentido comprar billetes de loter\u00eda en l\u00ednea","item":"https:\/\/onlinelotto365.com\/es\/compra-boletos\/"},{"@type":"ListItem","position":3,"name":"C\u00f3mo comprar entradas para el Eurojackpot en l\u00ednea"}]},{"@type":"WebSite","@id":"https:\/\/onlinelotto365.com\/es\/#website","url":"https:\/\/onlinelotto365.com\/es\/","name":"OnlineLotto365","description":"","potentialAction":[{"@type":"SearchAction","target":{"@type":"EntryPoint","urlTemplate":"https:\/\/onlinelotto365.com\/es\/?s={search_term_string}"},"query-input":{"@type":"PropertyValueSpecification","valueRequired":true,"valueName":"search_term_string"}}],"inLanguage":"es"}]}},"_links":{"self":[{"href":"https:\/\/onlinelotto365.com\/es\/wp-json\/wp\/v2\/pages\/10649","targetHints":{"allow":["GET"]}}],"collection":[{"href":"https:\/\/onlinelotto365.com\/es\/wp-json\/wp\/v2\/pages"}],"about":[{"href":"https:\/\/onlinelotto365.com\/es\/wp-json\/wp\/v2\/types\/page"}],"author":[{"embeddable":true,"href":"https:\/\/onlinelotto365.com\/es\/wp-json\/wp\/v2\/users\/1"}],"replies":[{"embeddable":true,"href":"https:\/\/onlinelotto365.com\/es\/wp-json\/wp\/v2\/comments?post=10649"}],"version-history":[{"count":0,"href":"https:\/\/onlinelotto365.com\/es\/wp-json\/wp\/v2\/pages\/10649\/revisions"}],"up":[{"embeddable":true,"href":"https:\/\/onlinelotto365.com\/es\/wp-json\/wp\/v2\/pages\/3811"}],"wp:attachment":[{"href":"https:\/\/onlinelotto365.com\/es\/wp-json\/wp\/v2\/media?parent=10649"}],"curies":[{"name":"wp","href":"https:\/\/api.w.org\/{rel}","templated":true}]}}