{"id":10651,"date":"2020-12-17T19:46:47","date_gmt":"2020-12-17T18:46:47","guid":{"rendered":"http:\/\/onlinelotto365.net\/?page_id=10651"},"modified":"2021-01-05T13:18:55","modified_gmt":"2021-01-05T12:18:55","slug":"superenalotto","status":"publish","type":"page","link":"https:\/\/onlinelotto365.com\/es\/compra-boletos\/superenalotto\/","title":{"rendered":"C\u00f3mo comprar entradas para Superenalotto online"},"content":{"rendered":"<p>\u00bfEst\u00e1 interesado en <strong> comprar boletos de Superenalotto en l\u00ednea desde M\u00e9xico <\/strong> pero no est\u00e1 seguro de c\u00f3mo hacerlo? Pues bien, est\u00e1s en el lugar indicado porque nosotros nos encargaremos de ello. Todo lo que tienes que hacer es seguir los sencillos pasos que discutiremos a continuaci\u00f3n y tendr\u00e1s tus boletos r\u00e1pidamente.<\/p>\n<ul>\n<li>Elija el juego de loter\u00eda para el que desea <strong> comprar boletos y elija los n\u00fameros <\/strong> que desea jugar o elija la opci\u00f3n de selecci\u00f3n r\u00e1pida para que la computadora elija por usted<\/li>\n<li>Agregue boletos adicionales o <a href=\"https:\/\/onlinelotto365.com\/es\/compra-boletos\"> loter\u00edas adicionales <\/a> para crear su pedido<\/li>\n<li>Elija la opci\u00f3n para pagar ahora<\/li>\n<li>Cree una cuenta con nosotros o inicie sesi\u00f3n en su cuenta para comprar sus boletos<\/li>\n<li>Quienes necesiten registrar una cuenta deber\u00e1n buscar un v\u00ednculo de verificaci\u00f3n en su correo electr\u00f3nico para asegurarse de que su cuenta est\u00e9 completamente configurada<\/li>\n<li>Recuerde que el enlace puede ir a su carpeta de correo no deseado si nuestra direcci\u00f3n de correo electr\u00f3nico no se agrega a su libreta de direcciones, as\u00ed que aseg\u00farese de volver a verificar<\/li>\n<li>Elija el \u00edcono de pago en la parte superior de su pantalla<\/li>\n<li>Elija su m\u00e9todo de pago y siga las instrucciones para completar el proceso de pago<\/li>\n<\/ul>\n<p><a href=\"https:\/\/redfoxlotto.com\/es\/jugar\/superenalotto\/?ref=a8564250a2&amp;medium=ol365\" target=\"_blank\" rel=\"noopener noreferrer\"> <img decoding=\"async\" class=\"aligncenter\" src=\"https:\/\/redfoxlotto.com\/image?size=8&amp;lottery=superenalotto\" alt=\"superenalotto\" \/> <\/a><\/p>\n<h2>C\u00f3mo pagar su boleto de Superenalotto en l\u00ednea<\/h2>\n<p>Hacemos que pagar tu <strong> boleto Superenalotto desde M\u00e9xico sea lo m\u00e1s simple posible <\/strong> al ofrecer una amplia gama de diferentes m\u00e9todos de pago. Simplemente elija el que prefiera y estar\u00e1 en camino en poco tiempo.<\/p>\n<p>Cuando est\u00e9 listo para comprar sus boletos en l\u00ednea, solo necesita elegir entre:<\/p>\n<ul>\n<li>Utilice un m\u00e9todo de pago preferido para pagar las entradas directamente<\/li>\n<li>Ponga dinero en su cuenta y use ese dinero para comprar sus boletos<\/li>\n<\/ul>\n<p>Solo aseg\u00farese de depositar m\u00e1s de la cantidad de dinero que necesita para sus boletos en su cuenta si elige pagar de esta manera.<\/p>\n<h2>M\u00e1s informaci\u00f3n sobre Superenalotto<\/h2>\n<ul>\n<li>Pa\u00eds: Italia<\/li>\n<li>Rango de n\u00fameros principales: 90<\/li>\n<li>Elige: 6<\/li>\n<li>D\u00edas y horarios del sorteo: martes, jueves, s\u00e1bado, 19:00 GMT, 21:00 CET<\/li>\n<li>Premio mayor m\u00ednimo: 2 millones de euros<\/li>\n<li>Premio mayor m\u00e1ximo: ninguno<\/li>\n<li>Probabilidad de ganar el premio mayor: 1 en 622614630<\/li>\n<li>Probabilidad de una victoria de nivel 2: 1 en 103769105<\/li>\n<li>Probabilidad de ganar en cualquier nivel: 1 en 20,58<\/li>\n<li>N\u00famero de niveles de premios: 6<\/li>\n<\/ul>\n<h2>Ventajas de comprar boletos de Superenalotto en l\u00ednea<\/h2>\n<ul>\n<li><a href=\"https:\/\/onlinelotto365.com\/es\/news\/edad-minima-para-comprar-billetes-de-loteria\"> La compra de boletos <\/a> se realiza desde donde se sienta m\u00e1s c\u00f3modo, incluido M\u00e9xico <img decoding=\"async\" class=\"alignright size-medium wp-image -3615 \" src=\" https:\/\/onlinelotto365.com\/wp-content\/uploads\/2020\/11\/online_lottery-52-300x169.jpg \" alt=\" jugar a superenalotto online UK \" width=\" 300 \" height=\" 169 \" \/><\/li>\n<li>Elija entre varias loter\u00edas diferentes<\/li>\n<li>Obtenga las <a href=\"https:\/\/onlinelotto365.com\/es\/news\/que-loterias-tienen-mas-posibilidades-de-ganar\"> mejores oportunidades de ganar loter\u00edas <\/a> que tienen los mejores botes<\/li>\n<li>Agregue dinero a su cuenta para pagar directamente las entradas<\/li>\n<li>No se preocupe por perder su boleto<\/li>\n<li>Notificaciones instant\u00e1neas cuando gana<\/li>\n<li>Generador de n\u00fameros aleatorios para opciones de boletos de selecci\u00f3n r\u00e1pida<\/li>\n<\/ul>\n<h2>\u00bfEs legal comprar boletos de Superenalotto en l\u00ednea?<\/h2>\n<p>\u00bfQu\u00e9 pasa si le preocupa la legalidad de comprar sus boletos de loter\u00eda en l\u00ednea? \u00bfO incluso de forma tradicional? Si su pa\u00eds de residencia tiene leyes estrictas, es posible que le preocupe, pero no es necesario. Esto se debe a que nuestro servicio sigue las normas y se asegura de que obtendr\u00e1 sus ganancias, sin importar cu\u00e1nto gane o d\u00f3nde viva. <a href=\"https:\/\/onlinelotto365.com\/es\/news\/edad-minima-para-comprar-billetes-de-loteria\"> Solo debe tener 18 a\u00f1os para utilizar el servicio. <\/a><\/p>\n<h2>\u00bfC\u00f3mo me pagan si gano Superenalotto en l\u00ednea?<\/h2>\n<p>Si ganas el proceso de pago es f\u00e1cil porque tienes que hacer muy poco. Y tampoco tiene que preocuparse por perder ninguna de sus ganancias. No cobramos comisi\u00f3n cuando gana y no le cobramos ninguna tarifa a menos que elija que se complete una transferencia bancaria. En ese caso, si el banco nos cobra tarifas por la transferencia, las transferimos y es posible que vea una peque\u00f1a cantidad descontada de sus ganancias.<\/p>\n<p><strong> De lo contrario, hay dos cosas que debe saber: <\/strong><\/p>\n<ul>\n<li>Los montos ganados por debajo de 2500 \u20ac se depositan inmediatamente directamente en su cuenta de jugador para que pueda usarlos como desee.<\/li>\n<li>Los importes superiores a 2500 \u20ac necesitar\u00e1n un paso adicional. Nuestro equipo de soporte se comunicar\u00e1 con usted con un formulario que deber\u00e1 completar para la comisi\u00f3n de la loter\u00eda. El formulario detallar\u00e1 c\u00f3mo desea que se realicen sus pagos ypodr\u00e1 obtener una transferencia bancaria o un cheque por el monto que gan\u00f3.<\/li>\n<\/ul>\n","protected":false},"excerpt":{"rendered":"<p>\u00bfEst\u00e1 interesado en comprar boletos de Superenalotto en l\u00ednea desde M\u00e9xico pero no est\u00e1 seguro de c\u00f3mo hacerlo? Pues bien, est\u00e1s en el lugar indicado porque nosotros nos encargaremos de ello. Todo lo que tienes que hacer es seguir los sencillos pasos que discutiremos a continuaci\u00f3n y tendr\u00e1s tus boletos r\u00e1pidamente. Elija el juego de [&hellip;]<\/p>\n","protected":false},"author":1,"featured_media":0,"parent":3811,"menu_order":5,"comment_status":"closed","ping_status":"closed","template":"superenalotto-info.php","meta":{"_et_pb_use_builder":"","_et_pb_old_content":"","_et_gb_content_width":"","exclude_from_search":false,"footnotes":""},"class_list":["post-10651","page","type-page","status-publish","hentry"],"yoast_head":"<!-- This site is optimized with the Yoast SEO plugin v23.4 - https:\/\/yoast.com\/wordpress\/plugins\/seo\/ -->\n<title>Acerca de la compra de boletos para el Superenalotto en l\u00ednea desde M\u00e9xico<\/title>\n<meta name=\"description\" content=\"Averigua c\u00f3mo comprar entradas para el Superenalotto desde cualquier lugar, incluyendo M\u00e9xico\" \/>\n<meta name=\"robots\" content=\"index, follow, max-snippet:-1, max-image-preview:large, max-video-preview:-1\" \/>\n<link rel=\"canonical\" href=\"https:\/\/onlinelotto365.com\/es\/compra-boletos\/superenalotto\/\" \/>\n<meta property=\"og:locale\" content=\"es_ES\" \/>\n<meta property=\"og:type\" content=\"article\" \/>\n<meta property=\"og:title\" content=\"Acerca de la compra de boletos para el Superenalotto en l\u00ednea desde M\u00e9xico\" \/>\n<meta property=\"og:description\" content=\"Averigua c\u00f3mo comprar entradas para el Superenalotto desde cualquier lugar, incluyendo M\u00e9xico\" \/>\n<meta property=\"og:url\" content=\"https:\/\/onlinelotto365.com\/es\/compra-boletos\/superenalotto\/\" \/>\n<meta property=\"og:site_name\" content=\"OnlineLotto365\" \/>\n<meta property=\"article:modified_time\" content=\"2021-01-05T12:18:55+00:00\" \/>\n<meta property=\"og:image\" content=\"https:\/\/redfoxlotto.com\/image?size=8&amp;lottery=superenalotto\" \/>\n<meta name=\"twitter:card\" content=\"summary_large_image\" \/>\n<meta name=\"twitter:label1\" content=\"Tiempo de lectura\" \/>\n\t<meta name=\"twitter:data1\" content=\"4 minutos\" \/>\n<script type=\"application\/ld+json\" class=\"yoast-schema-graph\">{\"@context\":\"https:\/\/schema.org\",\"@graph\":[{\"@type\":\"WebPage\",\"@id\":\"https:\/\/onlinelotto365.com\/es\/compra-boletos\/superenalotto\/\",\"url\":\"https:\/\/onlinelotto365.com\/es\/compra-boletos\/superenalotto\/\",\"name\":\"Acerca de la compra de boletos para el Superenalotto en l\u00ednea desde M\u00e9xico\",\"isPartOf\":{\"@id\":\"https:\/\/onlinelotto365.com\/es\/#website\"},\"primaryImageOfPage\":{\"@id\":\"https:\/\/onlinelotto365.com\/es\/compra-boletos\/superenalotto\/#primaryimage\"},\"image\":{\"@id\":\"https:\/\/onlinelotto365.com\/es\/compra-boletos\/superenalotto\/#primaryimage\"},\"thumbnailUrl\":\"https:\/\/redfoxlotto.com\/image?size=8&amp;lottery=superenalotto\",\"datePublished\":\"2020-12-17T18:46:47+00:00\",\"dateModified\":\"2021-01-05T12:18:55+00:00\",\"description\":\"Averigua c\u00f3mo comprar entradas para el Superenalotto desde cualquier lugar, incluyendo M\u00e9xico\",\"breadcrumb\":{\"@id\":\"https:\/\/onlinelotto365.com\/es\/compra-boletos\/superenalotto\/#breadcrumb\"},\"inLanguage\":\"es\",\"potentialAction\":[{\"@type\":\"ReadAction\",\"target\":[\"https:\/\/onlinelotto365.com\/es\/compra-boletos\/superenalotto\/\"]}]},{\"@type\":\"ImageObject\",\"inLanguage\":\"es\",\"@id\":\"https:\/\/onlinelotto365.com\/es\/compra-boletos\/superenalotto\/#primaryimage\",\"url\":\"https:\/\/redfoxlotto.com\/image?size=8&amp;lottery=superenalotto\",\"contentUrl\":\"https:\/\/redfoxlotto.com\/image?size=8&amp;lottery=superenalotto\"},{\"@type\":\"BreadcrumbList\",\"@id\":\"https:\/\/onlinelotto365.com\/es\/compra-boletos\/superenalotto\/#breadcrumb\",\"itemListElement\":[{\"@type\":\"ListItem\",\"position\":1,\"name\":\"Home\",\"item\":\"https:\/\/onlinelotto365.com\/es\/\"},{\"@type\":\"ListItem\",\"position\":2,\"name\":\"Por qu\u00e9 tiene m\u00e1s sentido comprar billetes de loter\u00eda en l\u00ednea\",\"item\":\"https:\/\/onlinelotto365.com\/es\/compra-boletos\/\"},{\"@type\":\"ListItem\",\"position\":3,\"name\":\"C\u00f3mo comprar entradas para Superenalotto online\"}]},{\"@type\":\"WebSite\",\"@id\":\"https:\/\/onlinelotto365.com\/es\/#website\",\"url\":\"https:\/\/onlinelotto365.com\/es\/\",\"name\":\"OnlineLotto365\",\"description\":\"\",\"potentialAction\":[{\"@type\":\"SearchAction\",\"target\":{\"@type\":\"EntryPoint\",\"urlTemplate\":\"https:\/\/onlinelotto365.com\/es\/?s={search_term_string}\"},\"query-input\":{\"@type\":\"PropertyValueSpecification\",\"valueRequired\":true,\"valueName\":\"search_term_string\"}}],\"inLanguage\":\"es\"}]}<\/script>\n<!-- \/ Yoast SEO plugin. -->","yoast_head_json":{"title":"Acerca de la compra de boletos para el Superenalotto en l\u00ednea desde M\u00e9xico","description":"Averigua c\u00f3mo comprar entradas para el Superenalotto desde cualquier lugar, incluyendo M\u00e9xico","robots":{"index":"index","follow":"follow","max-snippet":"max-snippet:-1","max-image-preview":"max-image-preview:large","max-video-preview":"max-video-preview:-1"},"canonical":"https:\/\/onlinelotto365.com\/es\/compra-boletos\/superenalotto\/","og_locale":"es_ES","og_type":"article","og_title":"Acerca de la compra de boletos para el Superenalotto en l\u00ednea desde M\u00e9xico","og_description":"Averigua c\u00f3mo comprar entradas para el Superenalotto desde cualquier lugar, incluyendo M\u00e9xico","og_url":"https:\/\/onlinelotto365.com\/es\/compra-boletos\/superenalotto\/","og_site_name":"OnlineLotto365","article_modified_time":"2021-01-05T12:18:55+00:00","og_image":[{"url":"https:\/\/redfoxlotto.com\/image?size=8&amp;lottery=superenalotto"}],"twitter_card":"summary_large_image","twitter_misc":{"Tiempo de lectura":"4 minutos"},"schema":{"@context":"https:\/\/schema.org","@graph":[{"@type":"WebPage","@id":"https:\/\/onlinelotto365.com\/es\/compra-boletos\/superenalotto\/","url":"https:\/\/onlinelotto365.com\/es\/compra-boletos\/superenalotto\/","name":"Acerca de la compra de boletos para el Superenalotto en l\u00ednea desde M\u00e9xico","isPartOf":{"@id":"https:\/\/onlinelotto365.com\/es\/#website"},"primaryImageOfPage":{"@id":"https:\/\/onlinelotto365.com\/es\/compra-boletos\/superenalotto\/#primaryimage"},"image":{"@id":"https:\/\/onlinelotto365.com\/es\/compra-boletos\/superenalotto\/#primaryimage"},"thumbnailUrl":"https:\/\/redfoxlotto.com\/image?size=8&amp;lottery=superenalotto","datePublished":"2020-12-17T18:46:47+00:00","dateModified":"2021-01-05T12:18:55+00:00","description":"Averigua c\u00f3mo comprar entradas para el Superenalotto desde cualquier lugar, incluyendo M\u00e9xico","breadcrumb":{"@id":"https:\/\/onlinelotto365.com\/es\/compra-boletos\/superenalotto\/#breadcrumb"},"inLanguage":"es","potentialAction":[{"@type":"ReadAction","target":["https:\/\/onlinelotto365.com\/es\/compra-boletos\/superenalotto\/"]}]},{"@type":"ImageObject","inLanguage":"es","@id":"https:\/\/onlinelotto365.com\/es\/compra-boletos\/superenalotto\/#primaryimage","url":"https:\/\/redfoxlotto.com\/image?size=8&amp;lottery=superenalotto","contentUrl":"https:\/\/redfoxlotto.com\/image?size=8&amp;lottery=superenalotto"},{"@type":"BreadcrumbList","@id":"https:\/\/onlinelotto365.com\/es\/compra-boletos\/superenalotto\/#breadcrumb","itemListElement":[{"@type":"ListItem","position":1,"name":"Home","item":"https:\/\/onlinelotto365.com\/es\/"},{"@type":"ListItem","position":2,"name":"Por qu\u00e9 tiene m\u00e1s sentido comprar billetes de loter\u00eda en l\u00ednea","item":"https:\/\/onlinelotto365.com\/es\/compra-boletos\/"},{"@type":"ListItem","position":3,"name":"C\u00f3mo comprar entradas para Superenalotto online"}]},{"@type":"WebSite","@id":"https:\/\/onlinelotto365.com\/es\/#website","url":"https:\/\/onlinelotto365.com\/es\/","name":"OnlineLotto365","description":"","potentialAction":[{"@type":"SearchAction","target":{"@type":"EntryPoint","urlTemplate":"https:\/\/onlinelotto365.com\/es\/?s={search_term_string}"},"query-input":{"@type":"PropertyValueSpecification","valueRequired":true,"valueName":"search_term_string"}}],"inLanguage":"es"}]}},"_links":{"self":[{"href":"https:\/\/onlinelotto365.com\/es\/wp-json\/wp\/v2\/pages\/10651","targetHints":{"allow":["GET"]}}],"collection":[{"href":"https:\/\/onlinelotto365.com\/es\/wp-json\/wp\/v2\/pages"}],"about":[{"href":"https:\/\/onlinelotto365.com\/es\/wp-json\/wp\/v2\/types\/page"}],"author":[{"embeddable":true,"href":"https:\/\/onlinelotto365.com\/es\/wp-json\/wp\/v2\/users\/1"}],"replies":[{"embeddable":true,"href":"https:\/\/onlinelotto365.com\/es\/wp-json\/wp\/v2\/comments?post=10651"}],"version-history":[{"count":0,"href":"https:\/\/onlinelotto365.com\/es\/wp-json\/wp\/v2\/pages\/10651\/revisions"}],"up":[{"embeddable":true,"href":"https:\/\/onlinelotto365.com\/es\/wp-json\/wp\/v2\/pages\/3811"}],"wp:attachment":[{"href":"https:\/\/onlinelotto365.com\/es\/wp-json\/wp\/v2\/media?parent=10651"}],"curies":[{"name":"wp","href":"https:\/\/api.w.org\/{rel}","templated":true}]}}