{"id":10653,"date":"2020-12-17T19:47:43","date_gmt":"2020-12-17T18:47:43","guid":{"rendered":"http:\/\/onlinelotto365.net\/?page_id=10653"},"modified":"2021-01-05T13:19:19","modified_gmt":"2021-01-05T12:19:19","slug":"el-gordo","status":"publish","type":"page","link":"https:\/\/onlinelotto365.com\/es\/compra-boletos\/el-gordo\/","title":{"rendered":"C\u00f3mo comprar entradas para El Gordo en l\u00ednea"},"content":{"rendered":"<p>\u00bfTiene curiosidad por <strong> comprar boletos de El Gordo en l\u00ednea, mientras vive en M\u00e9xico <\/strong>? Bueno, entonces no querr\u00e1 perderse este art\u00edculo porque lo guiaremos a lo largo del proceso para que pueda obtener los boletos que desea sin problemas y sin tener que viajar a un pa\u00eds que normalmente juega este juego tampoco.<\/p>\n<ul>\n<li>Consulte la p\u00e1gina principal de <strong> la loter\u00eda que desea jugar y elija los n\u00fameros <\/strong> que desea en sus boletos<\/li>\n<li>Agrega a\u00fan m\u00e1s boletos para el mismo juego o para <a href=\"https:\/\/onlinelotto365.com\/es\/jugar\"> otros juegos que quieras jugar <\/a> para tener un pedido completo<\/li>\n<li>Elija la opci\u00f3n para pagar ahora<\/li>\n<li>Realice el proceso de registro de su cuenta si nunca nos ha comprado antes o inicie sesi\u00f3n en su cuenta existente si ya tiene una.<\/li>\n<li>Revise su correo electr\u00f3nico para ver si hay un v\u00ednculo de verificaci\u00f3n para las cuentas que necesitan verificaci\u00f3n y registro<\/li>\n<li>Si el correo electr\u00f3nico no aparece en su bandeja de entrada, aseg\u00farese de buscar en su carpeta de correo no deseado para asegurarse de que no haya terminado all\u00ed<\/li>\n<li>Haga clic en el carrito de compras para pagar su pedido<\/li>\n<li>Elija la opci\u00f3n de pago que desea utilizar y siga las instrucciones de pago<\/li>\n<\/ul>\n<p><a href=\"https:\/\/redfoxlotto.com\/es\/jugar\/el-gordo-primitiva\/?ref=a8564250a2&amp;medium=ol365\" target=\"_blank\" rel=\"noopener noreferrer\"> <img decoding=\"async\" class=\"aligncenter\" src=\"https:\/\/redfoxlotto.com\/image?size=8&amp;lottery=el-gordo-primitiva\" alt=\"el gordo\" \/> <\/a><\/p>\n<h2>C\u00f3mo pagar su boleto de El Gordo en l\u00ednea<\/h2>\n<p>Hacer el pago de sus boletos es f\u00e1cil y r\u00e1pido porque queremos asegurarnos de que nuestros clientes de M\u00e9xico puedan elegir los boletos que quieran cuando los quieran.<br \/>\nPuede optar por pagar sus boletos haciendo lo siguiente:<\/p>\n<ul>\n<li>Inserte una forma de pago para realizar una compra directamente<\/li>\n<li>Agregue dinero a su cuenta para realizar un pago directamente desde all\u00ed<\/li>\n<\/ul>\n<p>Aseg\u00farate de agregar m\u00e1s que suficiente a tu cuenta de jugador si planeas realizar una compra directamente desde aqu\u00ed.<\/p>\n<h2>M\u00e1s informaci\u00f3n sobre El Gordo<\/h2>\n<ul>\n<li>Pa\u00eds: Espa\u00f1a<\/li>\n<li>Rango de n\u00fameros principales: 54<\/li>\n<li>Elige: 5<\/li>\n<li>Rango de n\u00fameros adicionales: ninguno<\/li>\n<li>Elige: ninguno<\/li>\n<li>D\u00edas de sorteo, horario: domingo, 21:30 CET, 21:30 CET<\/li>\n<li>Premio mayor m\u00ednimo: 4 millones de euros<\/li>\n<li>Premio mayor m\u00e1ximo: ninguno<\/li>\n<li>Probabilidad de ganar el premio mayor: 1 en 31625100<\/li>\n<li>Probabilidad de una victoria de nivel 2: 1 en 3513900<\/li>\n<li>Probabilidad de ganar en cualquier nivel: 1 en 6,16<\/li>\n<li>N\u00famero de niveles de premios: 9<\/li>\n<\/ul>\n<h2>Ventajas de comprar entradas de El Gordo online<\/h2>\n<ul>\n<li>Obtenga las entradas que desee sin salir de casa <img loading=\"lazy\" decoding=\"async\" class=\"alignright wp-image-3585\" src=\"https:\/\/onlinelotto365.com\/wp-content\/uploads\/2020\/11\/online_lottery-106.jpg\" alt=\"jugar el gordo online UK\" width=\"282\" height=\"169\" \/><\/li>\n<li>Elija entre a\u00fan m\u00e1s juegos de loter\u00eda<\/li>\n<li>Obtenga incluso <a href=\"https:\/\/onlinelotto365.com\/es\/news\/calcule-las-probabilidades-de-cualquier-loteria\"> mejores probabilidades de ganar <\/a> eligiendo los juegos de loter\u00eda con los mejores botes<\/li>\n<li>Agregue dinero a su cuenta y pague los boletos con su saldo de loter\u00eda<\/li>\n<li>Realice un seguimiento de sus entradas f\u00e1cilmente<\/li>\n<li>Reciba notificaciones instant\u00e1neas de <a href=\"https:\/\/onlinelotto365.com\/es\/numeros-ganadores\"> boletos ganadores <\/a><\/li>\n<li>Deje que la computadora elija los n\u00fameros de boleto que usa<\/li>\n<\/ul>\n<h2>\u00bfEs legal comprar boletos de El Gordo en l\u00ednea?<\/h2>\n<p>No hay que preocuparse por si sus boletos y la compra en l\u00ednea o de la manera tradicional son legales para usted en M\u00e9xico. Nuestro sistema hace todo legalmente y de acuerdo con las regulaciones. Sin mencionar que obtendr\u00e1 su pago y sus ganancias, pase lo que pase. Nos aseguramos de que se transfiera a su cuenta lo m\u00e1s r\u00e1pido posible.<br \/>\nTodo lo que necesita hacer es tener 18 a\u00f1os para utilizar nuestro sitio web.<\/p>\n<h2>\u00bfC\u00f3mo me pagan si gano El Gordo en l\u00ednea?<\/h2>\n<p>Sabemos que recibir un pago es extremadamente importante para usted, por lo que dedicamos mucho tiempo y esfuerzo a este proceso. Nos aseguramos de que <strong> obtenga todas sus ganancias sin cargos ni comisiones para nosotros <\/strong>. La \u00fanica vez que nos paga algo es si elige una transferencia bancaria como m\u00e9todo de pago. En algunas \u00e1reas, esto puede requerir una tarifa del <strong> banco por una transferencia a M\u00e9xico <\/strong> y tambi\u00e9n le transferiremos esa peque\u00f1a tarifa a usted.<\/p>\n<p>De lo contrario, el pago se realiza de dos formas:<\/p>\n<ul>\n<li>Si gana menos de 2500 \u20ac, lo depositaremos autom\u00e1ticamente directamente en su cuenta para que no tenga que hacer nada m\u00e1s.<\/li>\n<li>Si gana m\u00e1s de 2500 \u20ac, deber\u00e1 esperar un correo electr\u00f3nico de nuestro equipo de asistencia para poder completar el formulario de reclamaciones. Esto le permitir\u00e1 depositar sus ganancias directamente mediante transferencia bancaria o mediante un cheque que se le env\u00ede.<\/li>\n<\/ul>\n","protected":false},"excerpt":{"rendered":"<p>\u00bfTiene curiosidad por comprar boletos de El Gordo en l\u00ednea, mientras vive en M\u00e9xico ? Bueno, entonces no querr\u00e1 perderse este art\u00edculo porque lo guiaremos a lo largo del proceso para que pueda obtener los boletos que desea sin problemas y sin tener que viajar a un pa\u00eds que normalmente juega este juego tampoco. Consulte [&hellip;]<\/p>\n","protected":false},"author":1,"featured_media":0,"parent":3811,"menu_order":6,"comment_status":"closed","ping_status":"closed","template":"el-gordo-info.php","meta":{"_et_pb_use_builder":"","_et_pb_old_content":"","_et_gb_content_width":"","exclude_from_search":false,"footnotes":""},"class_list":["post-10653","page","type-page","status-publish","hentry"],"yoast_head":"<!-- This site is optimized with the Yoast SEO plugin v23.4 - https:\/\/yoast.com\/wordpress\/plugins\/seo\/ -->\n<title>El Gordo de M\u00e9xico - c\u00f3mo comprar los boletos en l\u00ednea<\/title>\n<meta name=\"description\" content=\"Esta loter\u00eda espa\u00f1ola est\u00e1 ahora disponible desde M\u00e9xico - comprar billetes en l\u00ednea\" \/>\n<meta name=\"robots\" content=\"index, follow, max-snippet:-1, max-image-preview:large, max-video-preview:-1\" \/>\n<link rel=\"canonical\" href=\"https:\/\/onlinelotto365.com\/es\/compra-boletos\/el-gordo\/\" \/>\n<meta property=\"og:locale\" content=\"es_ES\" \/>\n<meta property=\"og:type\" content=\"article\" \/>\n<meta property=\"og:title\" content=\"El Gordo de M\u00e9xico - c\u00f3mo comprar los boletos en l\u00ednea\" \/>\n<meta property=\"og:description\" content=\"Esta loter\u00eda espa\u00f1ola est\u00e1 ahora disponible desde M\u00e9xico - comprar billetes en l\u00ednea\" \/>\n<meta property=\"og:url\" content=\"https:\/\/onlinelotto365.com\/es\/compra-boletos\/el-gordo\/\" \/>\n<meta property=\"og:site_name\" content=\"OnlineLotto365\" \/>\n<meta property=\"article:modified_time\" content=\"2021-01-05T12:19:19+00:00\" \/>\n<meta property=\"og:image\" content=\"https:\/\/redfoxlotto.com\/image?size=8&amp;lottery=el-gordo-primitiva\" \/>\n<meta name=\"twitter:card\" content=\"summary_large_image\" \/>\n<meta name=\"twitter:label1\" content=\"Tiempo de lectura\" \/>\n\t<meta name=\"twitter:data1\" content=\"4 minutos\" \/>\n<script type=\"application\/ld+json\" class=\"yoast-schema-graph\">{\"@context\":\"https:\/\/schema.org\",\"@graph\":[{\"@type\":\"WebPage\",\"@id\":\"https:\/\/onlinelotto365.com\/es\/compra-boletos\/el-gordo\/\",\"url\":\"https:\/\/onlinelotto365.com\/es\/compra-boletos\/el-gordo\/\",\"name\":\"El Gordo de M\u00e9xico - c\u00f3mo comprar los boletos en l\u00ednea\",\"isPartOf\":{\"@id\":\"https:\/\/onlinelotto365.com\/es\/#website\"},\"primaryImageOfPage\":{\"@id\":\"https:\/\/onlinelotto365.com\/es\/compra-boletos\/el-gordo\/#primaryimage\"},\"image\":{\"@id\":\"https:\/\/onlinelotto365.com\/es\/compra-boletos\/el-gordo\/#primaryimage\"},\"thumbnailUrl\":\"https:\/\/redfoxlotto.com\/image?size=8&amp;lottery=el-gordo-primitiva\",\"datePublished\":\"2020-12-17T18:47:43+00:00\",\"dateModified\":\"2021-01-05T12:19:19+00:00\",\"description\":\"Esta loter\u00eda espa\u00f1ola est\u00e1 ahora disponible desde M\u00e9xico - comprar billetes en l\u00ednea\",\"breadcrumb\":{\"@id\":\"https:\/\/onlinelotto365.com\/es\/compra-boletos\/el-gordo\/#breadcrumb\"},\"inLanguage\":\"es\",\"potentialAction\":[{\"@type\":\"ReadAction\",\"target\":[\"https:\/\/onlinelotto365.com\/es\/compra-boletos\/el-gordo\/\"]}]},{\"@type\":\"ImageObject\",\"inLanguage\":\"es\",\"@id\":\"https:\/\/onlinelotto365.com\/es\/compra-boletos\/el-gordo\/#primaryimage\",\"url\":\"https:\/\/redfoxlotto.com\/image?size=8&amp;lottery=el-gordo-primitiva\",\"contentUrl\":\"https:\/\/redfoxlotto.com\/image?size=8&amp;lottery=el-gordo-primitiva\"},{\"@type\":\"BreadcrumbList\",\"@id\":\"https:\/\/onlinelotto365.com\/es\/compra-boletos\/el-gordo\/#breadcrumb\",\"itemListElement\":[{\"@type\":\"ListItem\",\"position\":1,\"name\":\"Home\",\"item\":\"https:\/\/onlinelotto365.com\/es\/\"},{\"@type\":\"ListItem\",\"position\":2,\"name\":\"Por qu\u00e9 tiene m\u00e1s sentido comprar billetes de loter\u00eda en l\u00ednea\",\"item\":\"https:\/\/onlinelotto365.com\/es\/compra-boletos\/\"},{\"@type\":\"ListItem\",\"position\":3,\"name\":\"C\u00f3mo comprar entradas para El Gordo en l\u00ednea\"}]},{\"@type\":\"WebSite\",\"@id\":\"https:\/\/onlinelotto365.com\/es\/#website\",\"url\":\"https:\/\/onlinelotto365.com\/es\/\",\"name\":\"OnlineLotto365\",\"description\":\"\",\"potentialAction\":[{\"@type\":\"SearchAction\",\"target\":{\"@type\":\"EntryPoint\",\"urlTemplate\":\"https:\/\/onlinelotto365.com\/es\/?s={search_term_string}\"},\"query-input\":{\"@type\":\"PropertyValueSpecification\",\"valueRequired\":true,\"valueName\":\"search_term_string\"}}],\"inLanguage\":\"es\"}]}<\/script>\n<!-- \/ Yoast SEO plugin. -->","yoast_head_json":{"title":"El Gordo de M\u00e9xico - c\u00f3mo comprar los boletos en l\u00ednea","description":"Esta loter\u00eda espa\u00f1ola est\u00e1 ahora disponible desde M\u00e9xico - comprar billetes en l\u00ednea","robots":{"index":"index","follow":"follow","max-snippet":"max-snippet:-1","max-image-preview":"max-image-preview:large","max-video-preview":"max-video-preview:-1"},"canonical":"https:\/\/onlinelotto365.com\/es\/compra-boletos\/el-gordo\/","og_locale":"es_ES","og_type":"article","og_title":"El Gordo de M\u00e9xico - c\u00f3mo comprar los boletos en l\u00ednea","og_description":"Esta loter\u00eda espa\u00f1ola est\u00e1 ahora disponible desde M\u00e9xico - comprar billetes en l\u00ednea","og_url":"https:\/\/onlinelotto365.com\/es\/compra-boletos\/el-gordo\/","og_site_name":"OnlineLotto365","article_modified_time":"2021-01-05T12:19:19+00:00","og_image":[{"url":"https:\/\/redfoxlotto.com\/image?size=8&amp;lottery=el-gordo-primitiva"}],"twitter_card":"summary_large_image","twitter_misc":{"Tiempo de lectura":"4 minutos"},"schema":{"@context":"https:\/\/schema.org","@graph":[{"@type":"WebPage","@id":"https:\/\/onlinelotto365.com\/es\/compra-boletos\/el-gordo\/","url":"https:\/\/onlinelotto365.com\/es\/compra-boletos\/el-gordo\/","name":"El Gordo de M\u00e9xico - c\u00f3mo comprar los boletos en l\u00ednea","isPartOf":{"@id":"https:\/\/onlinelotto365.com\/es\/#website"},"primaryImageOfPage":{"@id":"https:\/\/onlinelotto365.com\/es\/compra-boletos\/el-gordo\/#primaryimage"},"image":{"@id":"https:\/\/onlinelotto365.com\/es\/compra-boletos\/el-gordo\/#primaryimage"},"thumbnailUrl":"https:\/\/redfoxlotto.com\/image?size=8&amp;lottery=el-gordo-primitiva","datePublished":"2020-12-17T18:47:43+00:00","dateModified":"2021-01-05T12:19:19+00:00","description":"Esta loter\u00eda espa\u00f1ola est\u00e1 ahora disponible desde M\u00e9xico - comprar billetes en l\u00ednea","breadcrumb":{"@id":"https:\/\/onlinelotto365.com\/es\/compra-boletos\/el-gordo\/#breadcrumb"},"inLanguage":"es","potentialAction":[{"@type":"ReadAction","target":["https:\/\/onlinelotto365.com\/es\/compra-boletos\/el-gordo\/"]}]},{"@type":"ImageObject","inLanguage":"es","@id":"https:\/\/onlinelotto365.com\/es\/compra-boletos\/el-gordo\/#primaryimage","url":"https:\/\/redfoxlotto.com\/image?size=8&amp;lottery=el-gordo-primitiva","contentUrl":"https:\/\/redfoxlotto.com\/image?size=8&amp;lottery=el-gordo-primitiva"},{"@type":"BreadcrumbList","@id":"https:\/\/onlinelotto365.com\/es\/compra-boletos\/el-gordo\/#breadcrumb","itemListElement":[{"@type":"ListItem","position":1,"name":"Home","item":"https:\/\/onlinelotto365.com\/es\/"},{"@type":"ListItem","position":2,"name":"Por qu\u00e9 tiene m\u00e1s sentido comprar billetes de loter\u00eda en l\u00ednea","item":"https:\/\/onlinelotto365.com\/es\/compra-boletos\/"},{"@type":"ListItem","position":3,"name":"C\u00f3mo comprar entradas para El Gordo en l\u00ednea"}]},{"@type":"WebSite","@id":"https:\/\/onlinelotto365.com\/es\/#website","url":"https:\/\/onlinelotto365.com\/es\/","name":"OnlineLotto365","description":"","potentialAction":[{"@type":"SearchAction","target":{"@type":"EntryPoint","urlTemplate":"https:\/\/onlinelotto365.com\/es\/?s={search_term_string}"},"query-input":{"@type":"PropertyValueSpecification","valueRequired":true,"valueName":"search_term_string"}}],"inLanguage":"es"}]}},"_links":{"self":[{"href":"https:\/\/onlinelotto365.com\/es\/wp-json\/wp\/v2\/pages\/10653","targetHints":{"allow":["GET"]}}],"collection":[{"href":"https:\/\/onlinelotto365.com\/es\/wp-json\/wp\/v2\/pages"}],"about":[{"href":"https:\/\/onlinelotto365.com\/es\/wp-json\/wp\/v2\/types\/page"}],"author":[{"embeddable":true,"href":"https:\/\/onlinelotto365.com\/es\/wp-json\/wp\/v2\/users\/1"}],"replies":[{"embeddable":true,"href":"https:\/\/onlinelotto365.com\/es\/wp-json\/wp\/v2\/comments?post=10653"}],"version-history":[{"count":0,"href":"https:\/\/onlinelotto365.com\/es\/wp-json\/wp\/v2\/pages\/10653\/revisions"}],"up":[{"embeddable":true,"href":"https:\/\/onlinelotto365.com\/es\/wp-json\/wp\/v2\/pages\/3811"}],"wp:attachment":[{"href":"https:\/\/onlinelotto365.com\/es\/wp-json\/wp\/v2\/media?parent=10653"}],"curies":[{"name":"wp","href":"https:\/\/api.w.org\/{rel}","templated":true}]}}