{"id":10655,"date":"2020-12-17T19:49:07","date_gmt":"2020-12-17T18:49:07","guid":{"rendered":"http:\/\/onlinelotto365.net\/?page_id=10655"},"modified":"2021-01-05T13:19:34","modified_gmt":"2021-01-05T12:19:34","slug":"la-primitiva","status":"publish","type":"page","link":"https:\/\/onlinelotto365.com\/es\/compra-boletos\/la-primitiva\/","title":{"rendered":"C\u00f3mo comprar entradas de La Primitiva online"},"content":{"rendered":"<p>Si quieres <strong> comprar boletos de La Primitiva en l\u00ednea <\/strong> pero a\u00fan no est\u00e1s muy seguro de c\u00f3mo hacerlo, aseg\u00farate de que est\u00e1s revisando este proceso. Es mucho m\u00e1s f\u00e1cil de lo que piensas para los fan\u00e1ticos de la loter\u00eda del Reino Unido, y podr\u00edas estar esperando el sorteo m\u00e1s r\u00e1pido de lo que crees.<\/p>\n<ul>\n<li>Elija el juego de loter\u00eda al que desea jugar y <strong> elija los n\u00fameros para cada uno de sus boletos <\/strong>. O deje que la computadora elija los n\u00fameros de sus boletos por usted.<\/li>\n<li>Agregue tantos <a href=\"https:\/\/onlinelotto365.com\/es\/jugar\"> boletos y juegos de loter\u00eda <\/a> diferentes a su pedido como desee antes de que est\u00e9 listo para pagar<\/li>\n<li>Seleccione la opci\u00f3n para pagar ahora<\/li>\n<li>Registre una nueva cuenta si nunca ha comprado con nosotros antes o inicie sesi\u00f3n si es un cliente existente<\/li>\n<li>Complete el proceso de registro haciendo clic en el enlace de verificaci\u00f3n que se env\u00eda a su direcci\u00f3n de correo electr\u00f3nico<\/li>\n<li>Revise su bandeja de entrada y su carpeta de spam para su correo electr\u00f3nico de confirmaci\u00f3n<\/li>\n<li>Ir al carrito de compras en el sitio web<\/li>\n<li>Siga las instrucciones para seleccionar una opci\u00f3n de pago y pagar sus boletos<\/li>\n<\/ul>\n<p><a href=\"https:\/\/redfoxlotto.com\/es\/jugar\/la-primitiva\/?ref=a8564250a2&amp;medium=ol365\" target=\"_blank\" rel=\"noopener noreferrer\"> <img decoding=\"async\" class=\"aligncenter\" src=\" https:\/\/redfoxlotto.com\/image?size=8&amp;lottery=la-primitiva \" alt=\" la primitiva \" \/> <\/a><\/p>\n<h2>C\u00f3mo pagar su boleto de La Primitiva en l\u00ednea<\/h2>\n<p>Puede elegir entre varias opciones de pago diferentes que son altamente seguras para nuestros usuarios. Le permitimos elegir la opci\u00f3n que le resulte m\u00e1s conveniente.<br \/>\nElija una de las dos opciones para comenzar:<\/p>\n<ul>\n<li>Realice un pago directamente con tarjeta de cr\u00e9dito, cuenta bancaria u otro m\u00e9todo de pago<\/li>\n<li>Agrega dinero a tu cuenta y \u00fasalo para <a href=\"https:\/\/onlinelotto365.com\/es\/compra-boletos\"> comprar tus boletos desde tu cuenta de jugador <\/a><\/li>\n<\/ul>\n<p>Aquellos que agreguen a su cuenta de jugador para realizar una compra deber\u00e1n depositar dinero m\u00e1s que suficiente para la compra que elijan realizar.<\/p>\n<h2>M\u00e1s informaci\u00f3n sobre La Primitiva<\/h2>\n<ul>\n<li>Pa\u00eds: Espa\u00f1a<\/li>\n<li>Rango de n\u00fameros principales: 49<\/li>\n<li>Elige: 6<\/li>\n<li>Rango de n\u00fameros adicionales:<\/li>\n<li>Elige: 1<\/li>\n<li>D\u00edas de sorteo, horario: jueves, s\u00e1bado, 21:30 CET, 21:30 CET<\/li>\n<li>Premio mayor m\u00ednimo: 2 millones de euros<\/li>\n<li>Premio mayor m\u00e1ximo: ninguno<\/li>\n<li>Probabilidad de ganar el premio mayor: 1 en 15537573<\/li>\n<li>Probabilidad de una victoria de nivel 2: 1 en 542008<\/li>\n<li>Probabilidad de ganar en cualquier nivel: 1 en 8,43<\/li>\n<li>N\u00famero de niveles de premios: 9<\/li>\n<\/ul>\n<h2>Ventajas de comprar boletos de La Primitiva en l\u00ednea<\/h2>\n<ul>\n<li>Elija sus boletos sin salir de casa <img decoding=\"async\" class=\"alignright wp-image-3535\" src=\"https:\/\/onlinelotto365.com\/wp-content\/uploads\/2020\/11\/online_lottery-141-296x300.jpg \" alt=\" la primitiva online \" width=\" 164 \" height=\" 166 \" \/><\/li>\n<li>Elija entre a\u00fan m\u00e1s opciones de loter\u00eda<\/li>\n<li>Eche un vistazo a <strong> diferentes premios gordos <\/strong> para ver d\u00f3nde puede ganar m\u00e1s<\/li>\n<li>Ponga dinero en su cuenta para pagar sus boletos<\/li>\n<li>No se preocupe por perder sus boletos<\/li>\n<li>Recibir\u00e1s una <a href=\"https:\/\/onlinelotto365.com\/es\/numeros-ganadores\"> notificaci\u00f3n si ganas <\/a><\/li>\n<li>Puedes elegir un ticket generado aleatoriamente<\/li>\n<\/ul>\n<h2>\u00bfEs legal comprar boletos de La Primitiva en l\u00ednea?<\/h2>\n<p>A algunas personas les preocupa si su pa\u00eds de residencia permite comprar boletos de loter\u00eda en l\u00ednea. O incluso si pueden comprar boletos de la manera tradicional. Pero no tiene que preocuparse por si es legal usar nuestro sistema porque nos ocupamos de las regulaciones para el \u00e1rea donde se lleva a cabo la loter\u00eda. De esa manera obtendr\u00e1 sus ganancias, sin importar lo que est\u00e9 sucediendo y sin importar cu\u00e1nto gane.<br \/>\nSolo debe tener al menos 18 a\u00f1os para utilizar nuestro servicio.<\/p>\n<h2>\u00bfC\u00f3mo me pagan si gano La Primitiva en l\u00ednea?<\/h2>\n<p>Cuando se trata de recibir un pago, sabemos lo importante que es para usted. Es por eso que hacemos que el proceso de pago sea lo m\u00e1s f\u00e1cil posible. Y lo hacemos todo sin cobrarle tarifas ni comisiones. Al menos, a menos que <strong> elija que su pago se env\u00ede <\/strong> mediante transferencia bancaria. En ese caso, es posible que su banco nos cobre una tarifa. Cuando esto sucede, le pasamos esa tarifa.<br \/>\nTodo lo que necesita hacer es saber qu\u00e9 sucede cuando gana:<\/p>\n<ul>\n<li>Si gana menos de 2500 \u20ac, no tiene que hacer nada porque nosotros nos ocupamos de todo por usted. Nos aseguramos de que obtenga todo su dinero directamente en su cuenta de jugador<\/li>\n<li>Si gana m\u00e1s de 2500 \u20ac, podr\u00e1 recibir su dinero mediante cheque o transferencia bancaria. En este caso, deber\u00e1 completar un formulario de reclamo, que nuestro equipo de soporte le enviar\u00e1, y luego lo ayudaremos con el resto<\/li>\n<\/ul>\n","protected":false},"excerpt":{"rendered":"<p>Si quieres comprar boletos de La Primitiva en l\u00ednea pero a\u00fan no est\u00e1s muy seguro de c\u00f3mo hacerlo, aseg\u00farate de que est\u00e1s revisando este proceso. Es mucho m\u00e1s f\u00e1cil de lo que piensas para los fan\u00e1ticos de la loter\u00eda del Reino Unido, y podr\u00edas estar esperando el sorteo m\u00e1s r\u00e1pido de lo que crees. Elija [&hellip;]<\/p>\n","protected":false},"author":1,"featured_media":0,"parent":3811,"menu_order":7,"comment_status":"closed","ping_status":"closed","template":"la-primitiva-info.php","meta":{"_et_pb_use_builder":"","_et_pb_old_content":"","_et_gb_content_width":"","exclude_from_search":false,"footnotes":""},"class_list":["post-10655","page","type-page","status-publish","hentry"],"yoast_head":"<!-- This site is optimized with the Yoast SEO plugin v23.4 - https:\/\/yoast.com\/wordpress\/plugins\/seo\/ -->\n<title>Servicio online de venta de entradas para La Primitiva | La Primitiva de M\u00e9xico<\/title>\n<meta name=\"description\" content=\"Averig\u00fce c\u00f3mo puede comprar billetes para la loter\u00eda espa\u00f1ola La Primitiva de M\u00e9xico\" \/>\n<meta name=\"robots\" content=\"index, follow, max-snippet:-1, max-image-preview:large, max-video-preview:-1\" \/>\n<link rel=\"canonical\" href=\"https:\/\/onlinelotto365.com\/es\/compra-boletos\/la-primitiva\/\" \/>\n<meta property=\"og:locale\" content=\"es_ES\" \/>\n<meta property=\"og:type\" content=\"article\" \/>\n<meta property=\"og:title\" content=\"Servicio online de venta de entradas para La Primitiva | La Primitiva de M\u00e9xico\" \/>\n<meta property=\"og:description\" content=\"Averig\u00fce c\u00f3mo puede comprar billetes para la loter\u00eda espa\u00f1ola La Primitiva de M\u00e9xico\" \/>\n<meta property=\"og:url\" content=\"https:\/\/onlinelotto365.com\/es\/compra-boletos\/la-primitiva\/\" \/>\n<meta property=\"og:site_name\" content=\"OnlineLotto365\" \/>\n<meta property=\"article:modified_time\" content=\"2021-01-05T12:19:34+00:00\" \/>\n<meta name=\"twitter:card\" content=\"summary_large_image\" \/>\n<meta name=\"twitter:label1\" content=\"Tiempo de lectura\" \/>\n\t<meta name=\"twitter:data1\" content=\"4 minutos\" \/>\n<script type=\"application\/ld+json\" class=\"yoast-schema-graph\">{\"@context\":\"https:\/\/schema.org\",\"@graph\":[{\"@type\":\"WebPage\",\"@id\":\"https:\/\/onlinelotto365.com\/es\/compra-boletos\/la-primitiva\/\",\"url\":\"https:\/\/onlinelotto365.com\/es\/compra-boletos\/la-primitiva\/\",\"name\":\"Servicio online de venta de entradas para La Primitiva | La Primitiva de M\u00e9xico\",\"isPartOf\":{\"@id\":\"https:\/\/onlinelotto365.com\/es\/#website\"},\"datePublished\":\"2020-12-17T18:49:07+00:00\",\"dateModified\":\"2021-01-05T12:19:34+00:00\",\"description\":\"Averig\u00fce c\u00f3mo puede comprar billetes para la loter\u00eda espa\u00f1ola La Primitiva de M\u00e9xico\",\"breadcrumb\":{\"@id\":\"https:\/\/onlinelotto365.com\/es\/compra-boletos\/la-primitiva\/#breadcrumb\"},\"inLanguage\":\"es\",\"potentialAction\":[{\"@type\":\"ReadAction\",\"target\":[\"https:\/\/onlinelotto365.com\/es\/compra-boletos\/la-primitiva\/\"]}]},{\"@type\":\"BreadcrumbList\",\"@id\":\"https:\/\/onlinelotto365.com\/es\/compra-boletos\/la-primitiva\/#breadcrumb\",\"itemListElement\":[{\"@type\":\"ListItem\",\"position\":1,\"name\":\"Home\",\"item\":\"https:\/\/onlinelotto365.com\/es\/\"},{\"@type\":\"ListItem\",\"position\":2,\"name\":\"Por qu\u00e9 tiene m\u00e1s sentido comprar billetes de loter\u00eda en l\u00ednea\",\"item\":\"https:\/\/onlinelotto365.com\/es\/compra-boletos\/\"},{\"@type\":\"ListItem\",\"position\":3,\"name\":\"C\u00f3mo comprar entradas de La Primitiva online\"}]},{\"@type\":\"WebSite\",\"@id\":\"https:\/\/onlinelotto365.com\/es\/#website\",\"url\":\"https:\/\/onlinelotto365.com\/es\/\",\"name\":\"OnlineLotto365\",\"description\":\"\",\"potentialAction\":[{\"@type\":\"SearchAction\",\"target\":{\"@type\":\"EntryPoint\",\"urlTemplate\":\"https:\/\/onlinelotto365.com\/es\/?s={search_term_string}\"},\"query-input\":{\"@type\":\"PropertyValueSpecification\",\"valueRequired\":true,\"valueName\":\"search_term_string\"}}],\"inLanguage\":\"es\"}]}<\/script>\n<!-- \/ Yoast SEO plugin. -->","yoast_head_json":{"title":"Servicio online de venta de entradas para La Primitiva | La Primitiva de M\u00e9xico","description":"Averig\u00fce c\u00f3mo puede comprar billetes para la loter\u00eda espa\u00f1ola La Primitiva de M\u00e9xico","robots":{"index":"index","follow":"follow","max-snippet":"max-snippet:-1","max-image-preview":"max-image-preview:large","max-video-preview":"max-video-preview:-1"},"canonical":"https:\/\/onlinelotto365.com\/es\/compra-boletos\/la-primitiva\/","og_locale":"es_ES","og_type":"article","og_title":"Servicio online de venta de entradas para La Primitiva | La Primitiva de M\u00e9xico","og_description":"Averig\u00fce c\u00f3mo puede comprar billetes para la loter\u00eda espa\u00f1ola La Primitiva de M\u00e9xico","og_url":"https:\/\/onlinelotto365.com\/es\/compra-boletos\/la-primitiva\/","og_site_name":"OnlineLotto365","article_modified_time":"2021-01-05T12:19:34+00:00","twitter_card":"summary_large_image","twitter_misc":{"Tiempo de lectura":"4 minutos"},"schema":{"@context":"https:\/\/schema.org","@graph":[{"@type":"WebPage","@id":"https:\/\/onlinelotto365.com\/es\/compra-boletos\/la-primitiva\/","url":"https:\/\/onlinelotto365.com\/es\/compra-boletos\/la-primitiva\/","name":"Servicio online de venta de entradas para La Primitiva | La Primitiva de M\u00e9xico","isPartOf":{"@id":"https:\/\/onlinelotto365.com\/es\/#website"},"datePublished":"2020-12-17T18:49:07+00:00","dateModified":"2021-01-05T12:19:34+00:00","description":"Averig\u00fce c\u00f3mo puede comprar billetes para la loter\u00eda espa\u00f1ola La Primitiva de M\u00e9xico","breadcrumb":{"@id":"https:\/\/onlinelotto365.com\/es\/compra-boletos\/la-primitiva\/#breadcrumb"},"inLanguage":"es","potentialAction":[{"@type":"ReadAction","target":["https:\/\/onlinelotto365.com\/es\/compra-boletos\/la-primitiva\/"]}]},{"@type":"BreadcrumbList","@id":"https:\/\/onlinelotto365.com\/es\/compra-boletos\/la-primitiva\/#breadcrumb","itemListElement":[{"@type":"ListItem","position":1,"name":"Home","item":"https:\/\/onlinelotto365.com\/es\/"},{"@type":"ListItem","position":2,"name":"Por qu\u00e9 tiene m\u00e1s sentido comprar billetes de loter\u00eda en l\u00ednea","item":"https:\/\/onlinelotto365.com\/es\/compra-boletos\/"},{"@type":"ListItem","position":3,"name":"C\u00f3mo comprar entradas de La Primitiva online"}]},{"@type":"WebSite","@id":"https:\/\/onlinelotto365.com\/es\/#website","url":"https:\/\/onlinelotto365.com\/es\/","name":"OnlineLotto365","description":"","potentialAction":[{"@type":"SearchAction","target":{"@type":"EntryPoint","urlTemplate":"https:\/\/onlinelotto365.com\/es\/?s={search_term_string}"},"query-input":{"@type":"PropertyValueSpecification","valueRequired":true,"valueName":"search_term_string"}}],"inLanguage":"es"}]}},"_links":{"self":[{"href":"https:\/\/onlinelotto365.com\/es\/wp-json\/wp\/v2\/pages\/10655","targetHints":{"allow":["GET"]}}],"collection":[{"href":"https:\/\/onlinelotto365.com\/es\/wp-json\/wp\/v2\/pages"}],"about":[{"href":"https:\/\/onlinelotto365.com\/es\/wp-json\/wp\/v2\/types\/page"}],"author":[{"embeddable":true,"href":"https:\/\/onlinelotto365.com\/es\/wp-json\/wp\/v2\/users\/1"}],"replies":[{"embeddable":true,"href":"https:\/\/onlinelotto365.com\/es\/wp-json\/wp\/v2\/comments?post=10655"}],"version-history":[{"count":0,"href":"https:\/\/onlinelotto365.com\/es\/wp-json\/wp\/v2\/pages\/10655\/revisions"}],"up":[{"embeddable":true,"href":"https:\/\/onlinelotto365.com\/es\/wp-json\/wp\/v2\/pages\/3811"}],"wp:attachment":[{"href":"https:\/\/onlinelotto365.com\/es\/wp-json\/wp\/v2\/media?parent=10655"}],"curies":[{"name":"wp","href":"https:\/\/api.w.org\/{rel}","templated":true}]}}