{"id":10657,"date":"2020-12-17T19:50:27","date_gmt":"2020-12-17T18:50:27","guid":{"rendered":"http:\/\/onlinelotto365.net\/?page_id=10657"},"modified":"2021-01-05T13:19:53","modified_gmt":"2021-01-05T12:19:53","slug":"bonoloto","status":"publish","type":"page","link":"https:\/\/onlinelotto365.com\/es\/compra-boletos\/bonoloto\/","title":{"rendered":"C\u00f3mo comprar entradas para BonoLoto en l\u00ednea"},"content":{"rendered":"<p>Si vives en M\u00e9xico y quieres saber c\u00f3mo <strong> jugar BonoLoto online <\/strong> y c\u00f3mo conseguir tus boletos est\u00e1s en el lugar indicado. Podemos ayudarlo con todo el proceso, y tambi\u00e9n ser\u00e1 mucho m\u00e1s f\u00e1cil de lo que piensa. Todo lo que tiene que hacer es seguir los pasos que describimos a continuaci\u00f3n.<\/p>\n<ul>\n<li>Vaya a la p\u00e1gina del juego de loter\u00eda que desea jugar, como BonoLoto. Luego elija <strong> <a href=\"https:\/\/onlinelotto365.com\/es\/compra-boletos\"> todas las entradas que desee <\/a> <\/strong>, incluidos los n\u00fameros a los que desea jugar.<\/li>\n<li>Agregue boletos adicionales para BonoLoto o para otros juegos a su pedido hasta que est\u00e9 listo para pagar.<\/li>\n<li>Seleccione el bot\u00f3n para pagar ahora<\/li>\n<li>Inicie sesi\u00f3n en su cuenta o elija la opci\u00f3n para crear una cuenta nueva y siga el proceso de registro.<\/li>\n<li>Si est\u00e1 creando una nueva cuenta, deber\u00e1 ir a su correo electr\u00f3nico para obtener el v\u00ednculo de verificaci\u00f3n que le permitir\u00e1 finalizar el proceso.<\/li>\n<li>Si no recibe el enlace, aseg\u00farese de revisar su carpeta de correo no deseado para ver si aparece all\u00ed en lugar de en su bandeja de entrada habitual.<\/li>\n<li>Vaya a la p\u00e1gina de pago en el sitio web e inicie el proceso de pago.<\/li>\n<li>Elija su m\u00e9todo de pago y complete el pago.<\/li>\n<\/ul>\n<p><a href=\"https:\/\/redfoxlotto.com\/es\/jugar\/bonoloto\/?ref=a8564250a2&amp;medium=ol365\" target=\"_blank\" rel=\"noopener noreferrer\"> <img decoding=\"async\" class=\"aligncenter\" src=\"https:\/\/redfoxlotto.com\/image?size=8&amp;lottery=bonoloto\" alt=\"BonoLoto\" \/> <\/a><\/p>\n<h2>C\u00f3mo pagar su boleto de BonoLoto en l\u00ednea<\/h2>\n<p>Tendr\u00e1s muchos m\u00e9todos de pago diferentes que puedes usar para comprar tus boletos de BonoLoto y m\u00e1s.<br \/>\nObtenga sus boletos eligiendo entre estas dos opciones generales para comenzar:<\/p>\n<ul>\n<li>Realice el pago de su pedido directamente con una tarjeta de cr\u00e9dito o una cuenta financiera<\/li>\n<li>Deposite dinero en su cuenta de jugador en nuestro sitio web y use su cuenta de jugador para realizar una compra<\/li>\n<\/ul>\n<p>Para aquellos que eligen depositar dinero en su cuenta de jugador, aseg\u00farese de agregar m\u00e1s dinero del que necesita para su pedido actual para procesarlo.<\/p>\n<h2>M\u00e1s informaci\u00f3n sobre BonoLoto<\/h2>\n<ul>\n<li>Pa\u00eds: Espa\u00f1a<\/li>\n<li>Rango de n\u00fameros principales: 49<\/li>\n<li>Elige: 6<\/li>\n<li>D\u00edas de sorteo, horario: todos los d\u00edas excepto domingos, 21:30 CET, 21:30 CET<\/li>\n<li>Premio mayor m\u00ednimo: 400000<\/li>\n<li>Premio mayor m\u00e1ximo: ninguno<\/li>\n<li>Probabilidad de ganar el premio mayor: 1 en 13983816<\/li>\n<li>Probabilidad de una victoria de nivel 2: 1 en 2330636<\/li>\n<li>Probabilidad de ganar en cualquier nivel: 1 en 8,43<\/li>\n<li>N\u00famero de niveles de premios: 6<\/li>\n<\/ul>\n<h2>Ventajas de comprar boletos BonoLoto en l\u00ednea<\/h2>\n<ul>\n<li>Qu\u00e9dese en casa y obtenga las entradas que desee de M\u00e9xico o de cualquier pa\u00eds<\/li>\n<li>Elija entre una amplia gama de diferentes juegos de loter\u00eda de todo el mundo<\/li>\n<li>Obtenga mejores oportunidades de ganar grandes premios eligiendo los mejores botes<\/li>\n<li>Ponga dinero en su cuenta para pagar sus boletos<\/li>\n<li>No se preocupe por volver a perder un boleto<\/li>\n<li>No se pierda una victoria con las notificaciones instant\u00e1neas<\/li>\n<li>Utilice el generador de n\u00fameros aleatorios para elegir sus n\u00fameros por usted<\/li>\n<\/ul>\n<h2>\u00bfEs legal comprar boletos de BonoLoto en l\u00ednea?<\/h2>\n<p><img loading=\"lazy\" decoding=\"async\" width=\"300\" height=\"217\" class=\"alignright wp-image-3675\" src=\"https:\/\/onlinelotto365.com\/wp-content\/uploads\/2020\/11\/online_lottery-117-300x217.jpg\" alt=\"comprar boletos bonoloto en l\u00ednea\" srcset=\"https:\/\/onlinelotto365.com\/wp-content\/uploads\/2020\/11\/online_lottery-117-300x217.jpg 300w, https:\/\/onlinelotto365.com\/wp-content\/uploads\/2020\/11\/online_lottery-117.jpg 320w\" sizes=\"auto, (max-width: 300px) 100vw, 300px\" \/><\/p>\n<p>Puede que te preocupe un poco jugar a este tipo de juegos si no conoces las <strong> legalidades de la loter\u00eda online en tu pa\u00eds de residencia <\/strong>. Pero puede confiar absolutamente en nuestro servicio para ayudarlo. Nos aseguramos de que se sigan todas las regulaciones del pa\u00eds de donde proviene la loter\u00eda.<\/p>\n<p>De esa manera, si gana alg\u00fan premio, incluido el premio mayor, no tiene que preocuparse por poder reclamarlo. Tiene la garant\u00eda de obtener el premio que ha ganado.<br \/>\nLa \u00fanica regla es que <a href=\"https:\/\/onlinelotto365.com\/es\/news\/edad-minima-para-comprar-billetes-de-loteria\"> <strong> tienes que tener al menos 18 a\u00f1os para poder jugar.\u00a0<\/strong><\/a><\/p>\n<h2>\u00bfC\u00f3mo me pagan si gano BonoLoto en l\u00ednea?<\/h2>\n<p>Los pagos son importantes y desea asegurarse de obtener todo el dinero al que tiene derecho. Eso no es un problema con nosotros porque no le cobramos una comisi\u00f3n por ninguna de sus ganancias. Obtendr\u00e1 todo directamente en su cuenta.<\/p>\n<p>La \u00fanica vez que cobramos tarifas es si elige que su dinero se transfiera a su banco. Si su banco cobra una tarifa por esta transferencia, la transferiremos a su cuenta.<br \/>\nSin embargo, cuando tenga derecho al pago, suceder\u00e1 una de dos cosas:<\/p>\n<ul>\n<li style=\"list-style-type: none;\">\n<ul>\n<li>Si gana menos de 2500 \u20ac, obtendr\u00e1 el dinero en su cuenta pr\u00e1cticamente al instante, para que pueda hacer lo que quiera con \u00e9l.<\/li>\n<li>Si gana m\u00e1s de 2500 \u20ac, la cantidad que gane se le enviar\u00e1 como transferencia bancaria o como cheque. Puede elegir cu\u00e1l prefiere al completar el formulario de reclamo quenuestro personal te enviar\u00e1. De esa manera, obtiene su dinero en solo unos d\u00edas.<\/li>\n<\/ul>\n<\/li>\n<\/ul>\n","protected":false},"excerpt":{"rendered":"<p>Si vives en M\u00e9xico y quieres saber c\u00f3mo jugar BonoLoto online y c\u00f3mo conseguir tus boletos est\u00e1s en el lugar indicado. Podemos ayudarlo con todo el proceso, y tambi\u00e9n ser\u00e1 mucho m\u00e1s f\u00e1cil de lo que piensa. Todo lo que tiene que hacer es seguir los pasos que describimos a continuaci\u00f3n. Vaya a la p\u00e1gina [&hellip;]<\/p>\n","protected":false},"author":1,"featured_media":0,"parent":3811,"menu_order":8,"comment_status":"closed","ping_status":"closed","template":"template-rightsidebar.php","meta":{"_et_pb_use_builder":"","_et_pb_old_content":"","_et_gb_content_width":"","exclude_from_search":false,"footnotes":""},"class_list":["post-10657","page","type-page","status-publish","hentry"],"yoast_head":"<!-- This site is optimized with the Yoast SEO plugin v23.4 - https:\/\/yoast.com\/wordpress\/plugins\/seo\/ -->\n<title>BonoLoto tickets online | Como comprar tickets desde M\u00e9xico<\/title>\n<meta name=\"description\" content=\"Nuestra p\u00e1gina web le permite comprar entradas para Bonoloto en l\u00ednea y legalmente\" \/>\n<meta name=\"robots\" content=\"index, follow, max-snippet:-1, max-image-preview:large, max-video-preview:-1\" \/>\n<link rel=\"canonical\" href=\"https:\/\/onlinelotto365.com\/es\/compra-boletos\/bonoloto\/\" \/>\n<meta property=\"og:locale\" content=\"es_ES\" \/>\n<meta property=\"og:type\" content=\"article\" \/>\n<meta property=\"og:title\" content=\"BonoLoto tickets online | Como comprar tickets desde M\u00e9xico\" \/>\n<meta property=\"og:description\" content=\"Nuestra p\u00e1gina web le permite comprar entradas para Bonoloto en l\u00ednea y legalmente\" \/>\n<meta property=\"og:url\" content=\"https:\/\/onlinelotto365.com\/es\/compra-boletos\/bonoloto\/\" \/>\n<meta property=\"og:site_name\" content=\"OnlineLotto365\" \/>\n<meta property=\"article:modified_time\" content=\"2021-01-05T12:19:53+00:00\" \/>\n<meta property=\"og:image\" content=\"https:\/\/redfoxlotto.com\/image?size=8&amp;lottery=bonoloto\" \/>\n<meta name=\"twitter:card\" content=\"summary_large_image\" \/>\n<meta name=\"twitter:label1\" content=\"Tiempo de lectura\" \/>\n\t<meta name=\"twitter:data1\" content=\"4 minutos\" \/>\n<script type=\"application\/ld+json\" class=\"yoast-schema-graph\">{\"@context\":\"https:\/\/schema.org\",\"@graph\":[{\"@type\":\"WebPage\",\"@id\":\"https:\/\/onlinelotto365.com\/es\/compra-boletos\/bonoloto\/\",\"url\":\"https:\/\/onlinelotto365.com\/es\/compra-boletos\/bonoloto\/\",\"name\":\"BonoLoto tickets online | Como comprar tickets desde M\u00e9xico\",\"isPartOf\":{\"@id\":\"https:\/\/onlinelotto365.com\/es\/#website\"},\"primaryImageOfPage\":{\"@id\":\"https:\/\/onlinelotto365.com\/es\/compra-boletos\/bonoloto\/#primaryimage\"},\"image\":{\"@id\":\"https:\/\/onlinelotto365.com\/es\/compra-boletos\/bonoloto\/#primaryimage\"},\"thumbnailUrl\":\"https:\/\/redfoxlotto.com\/image?size=8&amp;lottery=bonoloto\",\"datePublished\":\"2020-12-17T18:50:27+00:00\",\"dateModified\":\"2021-01-05T12:19:53+00:00\",\"description\":\"Nuestra p\u00e1gina web le permite comprar entradas para Bonoloto en l\u00ednea y legalmente\",\"breadcrumb\":{\"@id\":\"https:\/\/onlinelotto365.com\/es\/compra-boletos\/bonoloto\/#breadcrumb\"},\"inLanguage\":\"es\",\"potentialAction\":[{\"@type\":\"ReadAction\",\"target\":[\"https:\/\/onlinelotto365.com\/es\/compra-boletos\/bonoloto\/\"]}]},{\"@type\":\"ImageObject\",\"inLanguage\":\"es\",\"@id\":\"https:\/\/onlinelotto365.com\/es\/compra-boletos\/bonoloto\/#primaryimage\",\"url\":\"https:\/\/redfoxlotto.com\/image?size=8&amp;lottery=bonoloto\",\"contentUrl\":\"https:\/\/redfoxlotto.com\/image?size=8&amp;lottery=bonoloto\"},{\"@type\":\"BreadcrumbList\",\"@id\":\"https:\/\/onlinelotto365.com\/es\/compra-boletos\/bonoloto\/#breadcrumb\",\"itemListElement\":[{\"@type\":\"ListItem\",\"position\":1,\"name\":\"Home\",\"item\":\"https:\/\/onlinelotto365.com\/es\/\"},{\"@type\":\"ListItem\",\"position\":2,\"name\":\"Por qu\u00e9 tiene m\u00e1s sentido comprar billetes de loter\u00eda en l\u00ednea\",\"item\":\"https:\/\/onlinelotto365.com\/es\/compra-boletos\/\"},{\"@type\":\"ListItem\",\"position\":3,\"name\":\"C\u00f3mo comprar entradas para BonoLoto en l\u00ednea\"}]},{\"@type\":\"WebSite\",\"@id\":\"https:\/\/onlinelotto365.com\/es\/#website\",\"url\":\"https:\/\/onlinelotto365.com\/es\/\",\"name\":\"OnlineLotto365\",\"description\":\"\",\"potentialAction\":[{\"@type\":\"SearchAction\",\"target\":{\"@type\":\"EntryPoint\",\"urlTemplate\":\"https:\/\/onlinelotto365.com\/es\/?s={search_term_string}\"},\"query-input\":{\"@type\":\"PropertyValueSpecification\",\"valueRequired\":true,\"valueName\":\"search_term_string\"}}],\"inLanguage\":\"es\"}]}<\/script>\n<!-- \/ Yoast SEO plugin. -->","yoast_head_json":{"title":"BonoLoto tickets online | Como comprar tickets desde M\u00e9xico","description":"Nuestra p\u00e1gina web le permite comprar entradas para Bonoloto en l\u00ednea y legalmente","robots":{"index":"index","follow":"follow","max-snippet":"max-snippet:-1","max-image-preview":"max-image-preview:large","max-video-preview":"max-video-preview:-1"},"canonical":"https:\/\/onlinelotto365.com\/es\/compra-boletos\/bonoloto\/","og_locale":"es_ES","og_type":"article","og_title":"BonoLoto tickets online | Como comprar tickets desde M\u00e9xico","og_description":"Nuestra p\u00e1gina web le permite comprar entradas para Bonoloto en l\u00ednea y legalmente","og_url":"https:\/\/onlinelotto365.com\/es\/compra-boletos\/bonoloto\/","og_site_name":"OnlineLotto365","article_modified_time":"2021-01-05T12:19:53+00:00","og_image":[{"url":"https:\/\/redfoxlotto.com\/image?size=8&amp;lottery=bonoloto"}],"twitter_card":"summary_large_image","twitter_misc":{"Tiempo de lectura":"4 minutos"},"schema":{"@context":"https:\/\/schema.org","@graph":[{"@type":"WebPage","@id":"https:\/\/onlinelotto365.com\/es\/compra-boletos\/bonoloto\/","url":"https:\/\/onlinelotto365.com\/es\/compra-boletos\/bonoloto\/","name":"BonoLoto tickets online | Como comprar tickets desde M\u00e9xico","isPartOf":{"@id":"https:\/\/onlinelotto365.com\/es\/#website"},"primaryImageOfPage":{"@id":"https:\/\/onlinelotto365.com\/es\/compra-boletos\/bonoloto\/#primaryimage"},"image":{"@id":"https:\/\/onlinelotto365.com\/es\/compra-boletos\/bonoloto\/#primaryimage"},"thumbnailUrl":"https:\/\/redfoxlotto.com\/image?size=8&amp;lottery=bonoloto","datePublished":"2020-12-17T18:50:27+00:00","dateModified":"2021-01-05T12:19:53+00:00","description":"Nuestra p\u00e1gina web le permite comprar entradas para Bonoloto en l\u00ednea y legalmente","breadcrumb":{"@id":"https:\/\/onlinelotto365.com\/es\/compra-boletos\/bonoloto\/#breadcrumb"},"inLanguage":"es","potentialAction":[{"@type":"ReadAction","target":["https:\/\/onlinelotto365.com\/es\/compra-boletos\/bonoloto\/"]}]},{"@type":"ImageObject","inLanguage":"es","@id":"https:\/\/onlinelotto365.com\/es\/compra-boletos\/bonoloto\/#primaryimage","url":"https:\/\/redfoxlotto.com\/image?size=8&amp;lottery=bonoloto","contentUrl":"https:\/\/redfoxlotto.com\/image?size=8&amp;lottery=bonoloto"},{"@type":"BreadcrumbList","@id":"https:\/\/onlinelotto365.com\/es\/compra-boletos\/bonoloto\/#breadcrumb","itemListElement":[{"@type":"ListItem","position":1,"name":"Home","item":"https:\/\/onlinelotto365.com\/es\/"},{"@type":"ListItem","position":2,"name":"Por qu\u00e9 tiene m\u00e1s sentido comprar billetes de loter\u00eda en l\u00ednea","item":"https:\/\/onlinelotto365.com\/es\/compra-boletos\/"},{"@type":"ListItem","position":3,"name":"C\u00f3mo comprar entradas para BonoLoto en l\u00ednea"}]},{"@type":"WebSite","@id":"https:\/\/onlinelotto365.com\/es\/#website","url":"https:\/\/onlinelotto365.com\/es\/","name":"OnlineLotto365","description":"","potentialAction":[{"@type":"SearchAction","target":{"@type":"EntryPoint","urlTemplate":"https:\/\/onlinelotto365.com\/es\/?s={search_term_string}"},"query-input":{"@type":"PropertyValueSpecification","valueRequired":true,"valueName":"search_term_string"}}],"inLanguage":"es"}]}},"_links":{"self":[{"href":"https:\/\/onlinelotto365.com\/es\/wp-json\/wp\/v2\/pages\/10657","targetHints":{"allow":["GET"]}}],"collection":[{"href":"https:\/\/onlinelotto365.com\/es\/wp-json\/wp\/v2\/pages"}],"about":[{"href":"https:\/\/onlinelotto365.com\/es\/wp-json\/wp\/v2\/types\/page"}],"author":[{"embeddable":true,"href":"https:\/\/onlinelotto365.com\/es\/wp-json\/wp\/v2\/users\/1"}],"replies":[{"embeddable":true,"href":"https:\/\/onlinelotto365.com\/es\/wp-json\/wp\/v2\/comments?post=10657"}],"version-history":[{"count":0,"href":"https:\/\/onlinelotto365.com\/es\/wp-json\/wp\/v2\/pages\/10657\/revisions"}],"up":[{"embeddable":true,"href":"https:\/\/onlinelotto365.com\/es\/wp-json\/wp\/v2\/pages\/3811"}],"wp:attachment":[{"href":"https:\/\/onlinelotto365.com\/es\/wp-json\/wp\/v2\/media?parent=10657"}],"curies":[{"name":"wp","href":"https:\/\/api.w.org\/{rel}","templated":true}]}}