{"id":10659,"date":"2020-12-17T19:51:22","date_gmt":"2020-12-17T18:51:22","guid":{"rendered":"http:\/\/onlinelotto365.net\/?page_id=10659"},"modified":"2021-01-05T13:20:13","modified_gmt":"2021-01-05T12:20:13","slug":"uk-lottery","status":"publish","type":"page","link":"https:\/\/onlinelotto365.com\/es\/compra-boletos\/uk-lottery\/","title":{"rendered":"C\u00f3mo comprar billetes de la Loter\u00eda del Reino Unido en l\u00ednea"},"content":{"rendered":"<p>Si <strong> desea comprar sus boletos de loter\u00eda para la Loter\u00eda del Reino Unido en M\u00e9xico <\/strong> no tiene que preocuparse porque tenemos todo el proceso listo para usted de manera r\u00e1pida y sencilla. Solo tiene que echar un vistazo a los sencillos pasos a continuaci\u00f3n y estar\u00e1 <strong> listo en un abrir y cerrar de ojos <\/strong>.<\/p>\n<ul>\n<li>Vaya a la p\u00e1gina correcta para el juego de loter\u00eda que desea jugar, como la Loter\u00eda del Reino Unido. Y luego elija los n\u00fameros que desea para su boleto.<\/li>\n<li>Elija los billetes de loter\u00eda adicionales que desee para este o cualquier otro juego de loter\u00eda que vaya a jugar<\/li>\n<li>Elija la opci\u00f3n para pagar sus boletos<\/li>\n<li>Realice el proceso de registro de una cuenta si es un usuario nuevo o inicie sesi\u00f3n en su cuenta si ya es un usuario existente<\/li>\n<li>Para aquellos que a\u00fan necesitan registrarse, recibir\u00e1n un correo electr\u00f3nico de verificaci\u00f3n en su bandeja de entrada o carpeta de spam en cuesti\u00f3n de minutos<\/li>\n<li>Si no ha recibido su correo electr\u00f3nico en unos minutos <strong> revise la carpeta de correo no deseado para saber si lo ha recibido <\/strong><\/li>\n<li>Regrese al sitio web y seleccione el carrito de compras para pagar sus boletos<\/li>\n<li>Elija su m\u00e9todo de pago y siga las instrucciones de pago<\/li>\n<\/ul>\n<p><a href=\"https:\/\/redfoxlotto.com\/es\/jugar\/lotto-uk\/?ref=a8564250a2&amp;medium=ol365\" target=\"_blank\" rel=\"noopener noreferrer\"> <img decoding=\"async\" class=\"aligncenter\" src=\" https:\/\/redfoxlotto.com\/image?size=8&amp;lottery=lotto-uk \" alt=\" loter\u00eda del Reino Unido \" \/> <\/a><\/p>\n<h2>C\u00f3mo pagar su boleto de la Loter\u00eda del Reino Unido en l\u00ednea<\/h2>\n<p>Ofrecemos varios <strong> m\u00e9todos de pago completamente seguros <\/strong> diferentes para nuestros clientes de M\u00e9xico y otros lugares. De esa manera, puede elegir el m\u00e9todo que mejor se adapte a sus necesidades.<br \/>\nElija entre dos opciones de pago generales diferentes:<\/p>\n<ul>\n<li>Pague por cada pedido utilizando el pago preferido de su elecci\u00f3n<\/li>\n<li>Ponga dinero en su cuenta y \u00faselo para <a href=\"https:\/\/onlinelotto365.com\/es\/compra-boletos\"> comprar las entradas que desee <\/a><\/li>\n<\/ul>\n<p>Aseg\u00farese de depositar m\u00e1s de la cantidad que necesita para sus boletos si elige agregar dinero directamente a su cuenta.<\/p>\n<h2>M\u00e1s informaci\u00f3n sobre la loter\u00eda del Reino Unido<\/h2>\n<ul>\n<li>Pa\u00eds: Reino Unido<\/li>\n<li>Rango de n\u00fameros principales: 59<\/li>\n<li>Elige: 6<\/li>\n<li>Rango de n\u00fameros adicionales:<\/li>\n<li>Usted elige:<\/li>\n<li>D\u00edas y horarios del sorteo: mi\u00e9rcoles, s\u00e1bado, 19:30 UTC, 19:30 CET<\/li>\n<li>Premio mayor m\u00ednimo: 2,5 millones de GBP<\/li>\n<li>Jackpot m\u00e1ximo: 22 millones de GBP<\/li>\n<li>Probabilidad de ganar el premio mayor: 1 en 45057474<\/li>\n<li>Probabilidad de una victoria de nivel 2: 1 en 7509579<\/li>\n<li>Probabilidad de ganar en cualquier nivel: 1 en 9,27<\/li>\n<li>N\u00famero de niveles de premios: 6<\/li>\n<\/ul>\n<h2>Ventajas de comprar boletos de loter\u00eda del Reino Unido en l\u00ednea<\/h2>\n<ul>\n<li>Obtenga las entradas que desee sin salir de casa<\/li>\n<li>Elija entre una <a href=\"https:\/\/onlinelotto365.com\/es\/news\/como-jugar-loteria-internacional\"> amplia variedad de diferentes juegos de loter\u00eda <\/a><\/li>\n<li>Obtenga las <a href=\"https:\/\/onlinelotto365.com\/es\/news\/utilice-la-estrategia-para-seleccionar-sus-numeros-para-la-loteria\"> mejores probabilidades de un gran premio gordo <\/a> al elegir entre diferentes juegos<\/li>\n<li>Agregue dinero directamente a su cuenta de pago para pagar las entradas<\/li>\n<li>No se preocupe por perder sus boletos una vez m\u00e1s<\/li>\n<li>Notificaciones enviadas directamente a usted para ganar<\/li>\n<li>Opciones de selecci\u00f3n f\u00e1ciles si no desea elegir sus propios n\u00fameros<\/li>\n<\/ul>\n<h2>\u00bfEs legal comprar boletos de loter\u00eda del Reino Unido en l\u00ednea?<\/h2>\n<p>No hay preocupaci\u00f3n sobre la legalidad de comprar boletos de la Loter\u00eda del Reino Unido en l\u00ednea desde M\u00e9xico o de la manera m\u00e1s tradicional. Puede estar seguro de que no importa lo que obtenga sus boletos y no tendr\u00e1 que preocuparse ni siquiera por obtener un premio mayor.<\/p>\n<p>Nosotros nos encargaremos de hacerte llegar el dinero sin que tengas que preocuparte de si el servicio es legal seg\u00fan tu pa\u00eds de residencia. Solo aseg\u00farese de tener 18 a\u00f1os o m\u00e1s para comprar boletos con nosotros<\/p>\n<h2>\u00bfC\u00f3mo se me paga si gano la Loter\u00eda del Reino Unido en l\u00ednea?<\/h2>\n<p>Sabemos que recibir un pago es una de las partes m\u00e1s importantes para usted y por eso queremos <strong> asegurarnos de que el proceso de pago sea lo m\u00e1s simple posible <\/strong>. Tampoco le quitamos ninguna comisi\u00f3n a sus ganancias, por lo que obtiene todo lo que gan\u00f3. La \u00fanica vez que cobramos tarifas es si solicita una transferencia bancaria y el banco nos cobra una tarifa. Esa cantidad puede pasarse a usted.<br \/>\nDe lo contrario, solo eche un vistazo a lo que sucede con sus pagos aqu\u00ed:<\/p>\n<ul>\n<li>Los pagos de menos de 2500 \u20ac se abonar\u00e1n autom\u00e1ticamente en su cuenta. No tienes que hacer nada<\/li>\n<li>Los pagos de m\u00e1s de 2500 \u20ac requerir\u00e1n un formulario de reclamaci\u00f3n que se puede enviar a la comisi\u00f3n de loter\u00eda. Este se lo enviar\u00e1 nuestro equipo de soporte y le permitir\u00e1 elegir que su dinero se env\u00ede mediante cheque o transferencia bancaria.<\/li>\n<\/ul>\n","protected":false},"excerpt":{"rendered":"<p>Si desea comprar sus boletos de loter\u00eda para la Loter\u00eda del Reino Unido en M\u00e9xico no tiene que preocuparse porque tenemos todo el proceso listo para usted de manera r\u00e1pida y sencilla. Solo tiene que echar un vistazo a los sencillos pasos a continuaci\u00f3n y estar\u00e1 listo en un abrir y cerrar de ojos . [&hellip;]<\/p>\n","protected":false},"author":1,"featured_media":0,"parent":3811,"menu_order":9,"comment_status":"closed","ping_status":"closed","template":"lotto-uk-info.php","meta":{"_et_pb_use_builder":"","_et_pb_old_content":"","_et_gb_content_width":"","exclude_from_search":false,"footnotes":""},"class_list":["post-10659","page","type-page","status-publish","hentry"],"yoast_head":"<!-- This site is optimized with the Yoast SEO plugin v23.4 - https:\/\/yoast.com\/wordpress\/plugins\/seo\/ -->\n<title>Compra de billetes de la Loter\u00eda del Reino Unido en l\u00ednea desde M\u00e9xico | Informaci\u00f3n de la Loter\u00eda del Reino Unido, c\u00f3mo comprar billetes<\/title>\n<meta name=\"description\" content=\"Hacemos posible que los jugadores de loter\u00eda de M\u00e9xico compren billetes para la loter\u00eda del Reino Unido.\" \/>\n<meta name=\"robots\" content=\"index, follow, max-snippet:-1, max-image-preview:large, max-video-preview:-1\" \/>\n<link rel=\"canonical\" href=\"https:\/\/onlinelotto365.com\/es\/compra-boletos\/uk-lottery\/\" \/>\n<meta property=\"og:locale\" content=\"es_ES\" \/>\n<meta property=\"og:type\" content=\"article\" \/>\n<meta property=\"og:title\" content=\"Compra de billetes de la Loter\u00eda del Reino Unido en l\u00ednea desde M\u00e9xico | Informaci\u00f3n de la Loter\u00eda del Reino Unido, c\u00f3mo comprar billetes\" \/>\n<meta property=\"og:description\" content=\"Hacemos posible que los jugadores de loter\u00eda de M\u00e9xico compren billetes para la loter\u00eda del Reino Unido.\" \/>\n<meta property=\"og:url\" content=\"https:\/\/onlinelotto365.com\/es\/compra-boletos\/uk-lottery\/\" \/>\n<meta property=\"og:site_name\" content=\"OnlineLotto365\" \/>\n<meta property=\"article:modified_time\" content=\"2021-01-05T12:20:13+00:00\" \/>\n<meta name=\"twitter:card\" content=\"summary_large_image\" \/>\n<meta name=\"twitter:label1\" content=\"Tiempo de lectura\" \/>\n\t<meta name=\"twitter:data1\" content=\"4 minutos\" \/>\n<script type=\"application\/ld+json\" class=\"yoast-schema-graph\">{\"@context\":\"https:\/\/schema.org\",\"@graph\":[{\"@type\":\"WebPage\",\"@id\":\"https:\/\/onlinelotto365.com\/es\/compra-boletos\/uk-lottery\/\",\"url\":\"https:\/\/onlinelotto365.com\/es\/compra-boletos\/uk-lottery\/\",\"name\":\"Compra de billetes de la Loter\u00eda del Reino Unido en l\u00ednea desde M\u00e9xico | Informaci\u00f3n de la Loter\u00eda del Reino Unido, c\u00f3mo comprar billetes\",\"isPartOf\":{\"@id\":\"https:\/\/onlinelotto365.com\/es\/#website\"},\"datePublished\":\"2020-12-17T18:51:22+00:00\",\"dateModified\":\"2021-01-05T12:20:13+00:00\",\"description\":\"Hacemos posible que los jugadores de loter\u00eda de M\u00e9xico compren billetes para la loter\u00eda del Reino Unido.\",\"breadcrumb\":{\"@id\":\"https:\/\/onlinelotto365.com\/es\/compra-boletos\/uk-lottery\/#breadcrumb\"},\"inLanguage\":\"es\",\"potentialAction\":[{\"@type\":\"ReadAction\",\"target\":[\"https:\/\/onlinelotto365.com\/es\/compra-boletos\/uk-lottery\/\"]}]},{\"@type\":\"BreadcrumbList\",\"@id\":\"https:\/\/onlinelotto365.com\/es\/compra-boletos\/uk-lottery\/#breadcrumb\",\"itemListElement\":[{\"@type\":\"ListItem\",\"position\":1,\"name\":\"Home\",\"item\":\"https:\/\/onlinelotto365.com\/es\/\"},{\"@type\":\"ListItem\",\"position\":2,\"name\":\"Por qu\u00e9 tiene m\u00e1s sentido comprar billetes de loter\u00eda en l\u00ednea\",\"item\":\"https:\/\/onlinelotto365.com\/es\/compra-boletos\/\"},{\"@type\":\"ListItem\",\"position\":3,\"name\":\"C\u00f3mo comprar billetes de la Loter\u00eda del Reino Unido en l\u00ednea\"}]},{\"@type\":\"WebSite\",\"@id\":\"https:\/\/onlinelotto365.com\/es\/#website\",\"url\":\"https:\/\/onlinelotto365.com\/es\/\",\"name\":\"OnlineLotto365\",\"description\":\"\",\"potentialAction\":[{\"@type\":\"SearchAction\",\"target\":{\"@type\":\"EntryPoint\",\"urlTemplate\":\"https:\/\/onlinelotto365.com\/es\/?s={search_term_string}\"},\"query-input\":{\"@type\":\"PropertyValueSpecification\",\"valueRequired\":true,\"valueName\":\"search_term_string\"}}],\"inLanguage\":\"es\"}]}<\/script>\n<!-- \/ Yoast SEO plugin. -->","yoast_head_json":{"title":"Compra de billetes de la Loter\u00eda del Reino Unido en l\u00ednea desde M\u00e9xico | Informaci\u00f3n de la Loter\u00eda del Reino Unido, c\u00f3mo comprar billetes","description":"Hacemos posible que los jugadores de loter\u00eda de M\u00e9xico compren billetes para la loter\u00eda del Reino Unido.","robots":{"index":"index","follow":"follow","max-snippet":"max-snippet:-1","max-image-preview":"max-image-preview:large","max-video-preview":"max-video-preview:-1"},"canonical":"https:\/\/onlinelotto365.com\/es\/compra-boletos\/uk-lottery\/","og_locale":"es_ES","og_type":"article","og_title":"Compra de billetes de la Loter\u00eda del Reino Unido en l\u00ednea desde M\u00e9xico | Informaci\u00f3n de la Loter\u00eda del Reino Unido, c\u00f3mo comprar billetes","og_description":"Hacemos posible que los jugadores de loter\u00eda de M\u00e9xico compren billetes para la loter\u00eda del Reino Unido.","og_url":"https:\/\/onlinelotto365.com\/es\/compra-boletos\/uk-lottery\/","og_site_name":"OnlineLotto365","article_modified_time":"2021-01-05T12:20:13+00:00","twitter_card":"summary_large_image","twitter_misc":{"Tiempo de lectura":"4 minutos"},"schema":{"@context":"https:\/\/schema.org","@graph":[{"@type":"WebPage","@id":"https:\/\/onlinelotto365.com\/es\/compra-boletos\/uk-lottery\/","url":"https:\/\/onlinelotto365.com\/es\/compra-boletos\/uk-lottery\/","name":"Compra de billetes de la Loter\u00eda del Reino Unido en l\u00ednea desde M\u00e9xico | Informaci\u00f3n de la Loter\u00eda del Reino Unido, c\u00f3mo comprar billetes","isPartOf":{"@id":"https:\/\/onlinelotto365.com\/es\/#website"},"datePublished":"2020-12-17T18:51:22+00:00","dateModified":"2021-01-05T12:20:13+00:00","description":"Hacemos posible que los jugadores de loter\u00eda de M\u00e9xico compren billetes para la loter\u00eda del Reino Unido.","breadcrumb":{"@id":"https:\/\/onlinelotto365.com\/es\/compra-boletos\/uk-lottery\/#breadcrumb"},"inLanguage":"es","potentialAction":[{"@type":"ReadAction","target":["https:\/\/onlinelotto365.com\/es\/compra-boletos\/uk-lottery\/"]}]},{"@type":"BreadcrumbList","@id":"https:\/\/onlinelotto365.com\/es\/compra-boletos\/uk-lottery\/#breadcrumb","itemListElement":[{"@type":"ListItem","position":1,"name":"Home","item":"https:\/\/onlinelotto365.com\/es\/"},{"@type":"ListItem","position":2,"name":"Por qu\u00e9 tiene m\u00e1s sentido comprar billetes de loter\u00eda en l\u00ednea","item":"https:\/\/onlinelotto365.com\/es\/compra-boletos\/"},{"@type":"ListItem","position":3,"name":"C\u00f3mo comprar billetes de la Loter\u00eda del Reino Unido en l\u00ednea"}]},{"@type":"WebSite","@id":"https:\/\/onlinelotto365.com\/es\/#website","url":"https:\/\/onlinelotto365.com\/es\/","name":"OnlineLotto365","description":"","potentialAction":[{"@type":"SearchAction","target":{"@type":"EntryPoint","urlTemplate":"https:\/\/onlinelotto365.com\/es\/?s={search_term_string}"},"query-input":{"@type":"PropertyValueSpecification","valueRequired":true,"valueName":"search_term_string"}}],"inLanguage":"es"}]}},"_links":{"self":[{"href":"https:\/\/onlinelotto365.com\/es\/wp-json\/wp\/v2\/pages\/10659","targetHints":{"allow":["GET"]}}],"collection":[{"href":"https:\/\/onlinelotto365.com\/es\/wp-json\/wp\/v2\/pages"}],"about":[{"href":"https:\/\/onlinelotto365.com\/es\/wp-json\/wp\/v2\/types\/page"}],"author":[{"embeddable":true,"href":"https:\/\/onlinelotto365.com\/es\/wp-json\/wp\/v2\/users\/1"}],"replies":[{"embeddable":true,"href":"https:\/\/onlinelotto365.com\/es\/wp-json\/wp\/v2\/comments?post=10659"}],"version-history":[{"count":0,"href":"https:\/\/onlinelotto365.com\/es\/wp-json\/wp\/v2\/pages\/10659\/revisions"}],"up":[{"embeddable":true,"href":"https:\/\/onlinelotto365.com\/es\/wp-json\/wp\/v2\/pages\/3811"}],"wp:attachment":[{"href":"https:\/\/onlinelotto365.com\/es\/wp-json\/wp\/v2\/media?parent=10659"}],"curies":[{"name":"wp","href":"https:\/\/api.w.org\/{rel}","templated":true}]}}