{"id":10661,"date":"2020-12-17T19:52:16","date_gmt":"2020-12-17T18:52:16","guid":{"rendered":"http:\/\/onlinelotto365.net\/?page_id=10661"},"modified":"2021-01-05T13:25:15","modified_gmt":"2021-01-05T12:25:15","slug":"set-for-life","status":"publish","type":"page","link":"https:\/\/onlinelotto365.com\/es\/compra-boletos\/set-for-life\/","title":{"rendered":"C\u00f3mo comprar los boletos de Set for life en l\u00ednea"},"content":{"rendered":"<p>Si desea <strong> comprar sus boletos Set for Life ahora <\/strong>, necesitar\u00e1 saber c\u00f3mo hacerlo. Si vives en el Reino Unido, es f\u00e1cil para ti y probablemente ya sepas c\u00f3mo conseguir entradas. Pero, \u00bfqu\u00e9 pasa con los jugadores de loter\u00eda de otros pa\u00edses, como M\u00e9xico? Bueno, es un proceso muy simple y podemos ayudarlo a comenzar en poco tiempo. Solo tiene que seguir los pasos que se describen a continuaci\u00f3n. A partir de ah\u00ed, puede obtener los boletos que desee para el pr\u00f3ximo sorteo.<\/p>\n<ul>\n<li>Vaya a la p\u00e1gina de la loter\u00eda Set for Life y <strong> elija la cantidad de boletos que desea y seleccione los n\u00fameros <\/strong> que desea para cada uno de esos boletos<\/li>\n<li>Elija boletos adicionales para Set for Life u otros juegos de loter\u00eda para llenar su carrito<\/li>\n<li>Elija la opci\u00f3n para pagar ahora<\/li>\n<li>Siga las indicaciones para iniciar sesi\u00f3n en su cuenta o pasar por el proceso de creaci\u00f3n de una nueva cuenta<\/li>\n<li>Complete el proceso de verificaci\u00f3n ingresando a su cuenta y haciendo clic en el v\u00ednculo en su correo electr\u00f3nico<\/li>\n<li>Verifique su carpeta de correo no deseado si el correo electr\u00f3nico no aparece en su bandeja de entrada para asegurarse de que lo haya recibido<\/li>\n<li>Una vez que haya verificado su cuenta, ingrese al carrito de compras en el sitio web<\/li>\n<li>Elija su m\u00e9todo de pago preferido y siga el proceso de pago<\/li>\n<\/ul>\n<p><a href=\"https:\/\/redfoxlotto.com\/es\/jugar\/set-for-life-uk\/?ref=a8564250a2&amp;medium=ol365\" target=\"_blank\" rel=\"noopener noreferrer\"> <img decoding=\"async\" class=\"aligncenter \" src=\" https:\/\/redfoxlotto.com\/image?size=8&amp;lottery=set-for-life-uk \" alt=\" establecido de por vida \" \/> <\/a><\/p>\n<h2>C\u00f3mo pagar su boleto de Set de por vida en l\u00ednea<\/h2>\n<p>Cuando se trata de <a href=\"https:\/\/onlinelotto365.com\/es\/compra-boletos\"> pagar sus boletos <\/a>, encontrar\u00e1 que es <strong> no solo f\u00e1cil sino completamente seguro <\/strong> y te ofrece muchas opciones.<br \/>\nElija pagar sus boletos por:<\/p>\n<ul>\n<li>Realizar una compra directa con el m\u00e9todo de pago elegido<\/li>\n<li>Poner dinero en su cuenta y usarlo para realizar una compra<\/li>\n<\/ul>\n<p>Aseg\u00farese de que, si decide depositar dinero en su cuenta, tambi\u00e9n ponga un poco m\u00e1s para que su elecci\u00f3n de pago se lleve a cabo.<\/p>\n<h2>M\u00e1s informaci\u00f3n sobre Set for life<\/h2>\n<ul>\n<li>Pa\u00eds: Reino Unido<\/li>\n<li>Rango de n\u00fameros principales: 45<\/li>\n<li>Elige: 5<\/li>\n<li>Intervalo de n\u00fameros adicionales: 10<\/li>\n<li>Elige: 1<\/li>\n<li>D\u00edas y horarios del sorteo: lunes, jueves, 20:00 GMT, 21:00 CET<\/li>\n<li>Premio mayor m\u00ednimo:<\/li>\n<li>Premio mayor m\u00e1ximo:<\/li>\n<li>Probabilidad de ganar el premio mayor: 1 en 15339390<\/li>\n<li>Probabilidad de una victoria de nivel 2: 1 en 1704377<\/li>\n<li>Probabilidad de ganar en cualquier nivel: 1 en 12,4<\/li>\n<li>N\u00famero de niveles de premios: 8<\/li>\n<\/ul>\n<h2>Ventajas de comprar boletos Set for life en l\u00ednea<\/h2>\n<ul>\n<li>Nunca salgas de tu casa para comprar tus boletos<\/li>\n<li><strong> No est\u00e1 restringido a jugar loter\u00edas de M\u00e9xico <\/strong><\/li>\n<li>Elija entre una variedad de diferentes loter\u00edas de todo el mundo<\/li>\n<li>Elija juegos con los <a href=\"https:\/\/onlinelotto365.com\/es\/news\/los-botes-de-loteria-mas-grandes-de-la-historia\"> botes m\u00e1s altos <\/a> para aumentar sus posibilidades<\/li>\n<li>Utilice el saldo de su cuenta para comprar las entradas que desee<\/li>\n<li>Realice un seguimiento de sus entradas en todo momento<\/li>\n<li>Reciba una notificaci\u00f3n si su boleto es un ganador<\/li>\n<li>No se preocupe por elegir opciones de boletos con selecciones r\u00e1pidas<\/li>\n<\/ul>\n<h2>\u00bfEs legal comprar boletos de Set for life en l\u00ednea?<\/h2>\n<p>No debe preocuparse por la legalidad de comprar sus boletos en l\u00ednea o de la forma tradicional. Puedes sentarte y relajarte y confiar en que nos encargaremos de seguir todas las regulaciones del pa\u00eds de donde provienen estos juegos. Todo lo que tiene que hacer es comprar un boleto y le garantizamos que si tiene derecho a un premio, incluido el premio mayor, lo obtendr\u00e1.<br \/>\n<a href=\"https:\/\/onlinelotto365.com\/es\/news\/edad-minima-para-comprar-billetes-de-loteria\"> Debe tener al menos 18 a\u00f1os para utilizar nuestro sitio web <\/a>.<\/p>\n<h2>\u00bfC\u00f3mo se me paga si gano Set for life online?<\/h2>\n<p>Quiere que le paguen cada centavo que se le debe cuando gana algo y eso es exactamente lo que hacemos. <strong> Nos aseguramos de que siempre obtenga todo el dinero sin comisiones <\/strong> y sin cargos a sus ganancias.<br \/>\nLa \u00fanica vez que tiene que pagar algo es si decide realizar una transferencia bancaria. Si el banco nos cobra dinero, lo que puede suceder con transferencias internacionales, cobramos la tarifa en su cuenta. \u00c9sta es la \u00fanica raz\u00f3n por la que sacamos algo de sus ganancias.<br \/>\nY si gana, obtendr\u00e1 su dinero de una de las dos formas siguientes:<\/p>\n<ul>\n<li>Cualquier cantidad inferior a 2500 \u20ac es f\u00e1cil porque nuestro equipo de asistencia colocar\u00e1 el dinero directamente en su cuenta por usted<\/li>\n<li>Cualquier cantidad superior a 2500 \u20ac seguir\u00e1 siendo f\u00e1cil para ti porque nuestro equipo de asistencia te ayudar\u00e1 en el proceso. Le enviaremos el formulario de reclamo para que pueda completarlo y hacernos saber si desea que su dinero se transfiera a su banco o se env\u00ede como un cheque.<\/li>\n<\/ul>\n","protected":false},"excerpt":{"rendered":"<p>Si desea comprar sus boletos Set for Life ahora , necesitar\u00e1 saber c\u00f3mo hacerlo. Si vives en el Reino Unido, es f\u00e1cil para ti y probablemente ya sepas c\u00f3mo conseguir entradas. Pero, \u00bfqu\u00e9 pasa con los jugadores de loter\u00eda de otros pa\u00edses, como M\u00e9xico? Bueno, es un proceso muy simple y podemos ayudarlo a comenzar [&hellip;]<\/p>\n","protected":false},"author":1,"featured_media":0,"parent":3811,"menu_order":10,"comment_status":"closed","ping_status":"closed","template":"template-rightsidebar.php","meta":{"_et_pb_use_builder":"","_et_pb_old_content":"","_et_gb_content_width":"","exclude_from_search":false,"footnotes":""},"class_list":["post-10661","page","type-page","status-publish","hentry"],"yoast_head":"<!-- This site is optimized with the Yoast SEO plugin v23.4 - https:\/\/yoast.com\/wordpress\/plugins\/seo\/ -->\n<title>Comprar boletos para Set for life en l\u00ednea desde M\u00e9xico | Set for life lotetry info, c\u00f3mo comprar los boletos<\/title>\n<meta name=\"description\" content=\"La loter\u00eda Set for Life se puede ganar desde M\u00e9xico - compra los billetes en l\u00ednea aqu\u00ed\" \/>\n<meta name=\"robots\" content=\"index, follow, max-snippet:-1, max-image-preview:large, max-video-preview:-1\" \/>\n<link rel=\"canonical\" href=\"https:\/\/onlinelotto365.com\/es\/compra-boletos\/set-for-life\/\" \/>\n<meta property=\"og:locale\" content=\"es_ES\" \/>\n<meta property=\"og:type\" content=\"article\" \/>\n<meta property=\"og:title\" content=\"Comprar boletos para Set for life en l\u00ednea desde M\u00e9xico | Set for life lotetry info, c\u00f3mo comprar los boletos\" \/>\n<meta property=\"og:description\" content=\"La loter\u00eda Set for Life se puede ganar desde M\u00e9xico - compra los billetes en l\u00ednea aqu\u00ed\" \/>\n<meta property=\"og:url\" content=\"https:\/\/onlinelotto365.com\/es\/compra-boletos\/set-for-life\/\" \/>\n<meta property=\"og:site_name\" content=\"OnlineLotto365\" \/>\n<meta property=\"article:modified_time\" content=\"2021-01-05T12:25:15+00:00\" \/>\n<meta name=\"twitter:card\" content=\"summary_large_image\" \/>\n<meta name=\"twitter:label1\" content=\"Tiempo de lectura\" \/>\n\t<meta name=\"twitter:data1\" content=\"4 minutos\" \/>\n<script type=\"application\/ld+json\" class=\"yoast-schema-graph\">{\"@context\":\"https:\/\/schema.org\",\"@graph\":[{\"@type\":\"WebPage\",\"@id\":\"https:\/\/onlinelotto365.com\/es\/compra-boletos\/set-for-life\/\",\"url\":\"https:\/\/onlinelotto365.com\/es\/compra-boletos\/set-for-life\/\",\"name\":\"Comprar boletos para Set for life en l\u00ednea desde M\u00e9xico | Set for life lotetry info, c\u00f3mo comprar los boletos\",\"isPartOf\":{\"@id\":\"https:\/\/onlinelotto365.com\/es\/#website\"},\"datePublished\":\"2020-12-17T18:52:16+00:00\",\"dateModified\":\"2021-01-05T12:25:15+00:00\",\"description\":\"La loter\u00eda Set for Life se puede ganar desde M\u00e9xico - compra los billetes en l\u00ednea aqu\u00ed\",\"breadcrumb\":{\"@id\":\"https:\/\/onlinelotto365.com\/es\/compra-boletos\/set-for-life\/#breadcrumb\"},\"inLanguage\":\"es\",\"potentialAction\":[{\"@type\":\"ReadAction\",\"target\":[\"https:\/\/onlinelotto365.com\/es\/compra-boletos\/set-for-life\/\"]}]},{\"@type\":\"BreadcrumbList\",\"@id\":\"https:\/\/onlinelotto365.com\/es\/compra-boletos\/set-for-life\/#breadcrumb\",\"itemListElement\":[{\"@type\":\"ListItem\",\"position\":1,\"name\":\"Home\",\"item\":\"https:\/\/onlinelotto365.com\/es\/\"},{\"@type\":\"ListItem\",\"position\":2,\"name\":\"Por qu\u00e9 tiene m\u00e1s sentido comprar billetes de loter\u00eda en l\u00ednea\",\"item\":\"https:\/\/onlinelotto365.com\/es\/compra-boletos\/\"},{\"@type\":\"ListItem\",\"position\":3,\"name\":\"C\u00f3mo comprar los boletos de Set for life en l\u00ednea\"}]},{\"@type\":\"WebSite\",\"@id\":\"https:\/\/onlinelotto365.com\/es\/#website\",\"url\":\"https:\/\/onlinelotto365.com\/es\/\",\"name\":\"OnlineLotto365\",\"description\":\"\",\"potentialAction\":[{\"@type\":\"SearchAction\",\"target\":{\"@type\":\"EntryPoint\",\"urlTemplate\":\"https:\/\/onlinelotto365.com\/es\/?s={search_term_string}\"},\"query-input\":{\"@type\":\"PropertyValueSpecification\",\"valueRequired\":true,\"valueName\":\"search_term_string\"}}],\"inLanguage\":\"es\"}]}<\/script>\n<!-- \/ Yoast SEO plugin. -->","yoast_head_json":{"title":"Comprar boletos para Set for life en l\u00ednea desde M\u00e9xico | Set for life lotetry info, c\u00f3mo comprar los boletos","description":"La loter\u00eda Set for Life se puede ganar desde M\u00e9xico - compra los billetes en l\u00ednea aqu\u00ed","robots":{"index":"index","follow":"follow","max-snippet":"max-snippet:-1","max-image-preview":"max-image-preview:large","max-video-preview":"max-video-preview:-1"},"canonical":"https:\/\/onlinelotto365.com\/es\/compra-boletos\/set-for-life\/","og_locale":"es_ES","og_type":"article","og_title":"Comprar boletos para Set for life en l\u00ednea desde M\u00e9xico | Set for life lotetry info, c\u00f3mo comprar los boletos","og_description":"La loter\u00eda Set for Life se puede ganar desde M\u00e9xico - compra los billetes en l\u00ednea aqu\u00ed","og_url":"https:\/\/onlinelotto365.com\/es\/compra-boletos\/set-for-life\/","og_site_name":"OnlineLotto365","article_modified_time":"2021-01-05T12:25:15+00:00","twitter_card":"summary_large_image","twitter_misc":{"Tiempo de lectura":"4 minutos"},"schema":{"@context":"https:\/\/schema.org","@graph":[{"@type":"WebPage","@id":"https:\/\/onlinelotto365.com\/es\/compra-boletos\/set-for-life\/","url":"https:\/\/onlinelotto365.com\/es\/compra-boletos\/set-for-life\/","name":"Comprar boletos para Set for life en l\u00ednea desde M\u00e9xico | Set for life lotetry info, c\u00f3mo comprar los boletos","isPartOf":{"@id":"https:\/\/onlinelotto365.com\/es\/#website"},"datePublished":"2020-12-17T18:52:16+00:00","dateModified":"2021-01-05T12:25:15+00:00","description":"La loter\u00eda Set for Life se puede ganar desde M\u00e9xico - compra los billetes en l\u00ednea aqu\u00ed","breadcrumb":{"@id":"https:\/\/onlinelotto365.com\/es\/compra-boletos\/set-for-life\/#breadcrumb"},"inLanguage":"es","potentialAction":[{"@type":"ReadAction","target":["https:\/\/onlinelotto365.com\/es\/compra-boletos\/set-for-life\/"]}]},{"@type":"BreadcrumbList","@id":"https:\/\/onlinelotto365.com\/es\/compra-boletos\/set-for-life\/#breadcrumb","itemListElement":[{"@type":"ListItem","position":1,"name":"Home","item":"https:\/\/onlinelotto365.com\/es\/"},{"@type":"ListItem","position":2,"name":"Por qu\u00e9 tiene m\u00e1s sentido comprar billetes de loter\u00eda en l\u00ednea","item":"https:\/\/onlinelotto365.com\/es\/compra-boletos\/"},{"@type":"ListItem","position":3,"name":"C\u00f3mo comprar los boletos de Set for life en l\u00ednea"}]},{"@type":"WebSite","@id":"https:\/\/onlinelotto365.com\/es\/#website","url":"https:\/\/onlinelotto365.com\/es\/","name":"OnlineLotto365","description":"","potentialAction":[{"@type":"SearchAction","target":{"@type":"EntryPoint","urlTemplate":"https:\/\/onlinelotto365.com\/es\/?s={search_term_string}"},"query-input":{"@type":"PropertyValueSpecification","valueRequired":true,"valueName":"search_term_string"}}],"inLanguage":"es"}]}},"_links":{"self":[{"href":"https:\/\/onlinelotto365.com\/es\/wp-json\/wp\/v2\/pages\/10661","targetHints":{"allow":["GET"]}}],"collection":[{"href":"https:\/\/onlinelotto365.com\/es\/wp-json\/wp\/v2\/pages"}],"about":[{"href":"https:\/\/onlinelotto365.com\/es\/wp-json\/wp\/v2\/types\/page"}],"author":[{"embeddable":true,"href":"https:\/\/onlinelotto365.com\/es\/wp-json\/wp\/v2\/users\/1"}],"replies":[{"embeddable":true,"href":"https:\/\/onlinelotto365.com\/es\/wp-json\/wp\/v2\/comments?post=10661"}],"version-history":[{"count":0,"href":"https:\/\/onlinelotto365.com\/es\/wp-json\/wp\/v2\/pages\/10661\/revisions"}],"up":[{"embeddable":true,"href":"https:\/\/onlinelotto365.com\/es\/wp-json\/wp\/v2\/pages\/3811"}],"wp:attachment":[{"href":"https:\/\/onlinelotto365.com\/es\/wp-json\/wp\/v2\/media?parent=10661"}],"curies":[{"name":"wp","href":"https:\/\/api.w.org\/{rel}","templated":true}]}}