{"id":10663,"date":"2020-12-17T19:54:32","date_gmt":"2020-12-17T18:54:32","guid":{"rendered":"http:\/\/onlinelotto365.net\/?page_id=10663"},"modified":"2021-01-05T13:25:29","modified_gmt":"2021-01-05T12:25:29","slug":"german-lotto","status":"publish","type":"page","link":"https:\/\/onlinelotto365.com\/es\/compra-boletos\/german-lotto\/","title":{"rendered":"C\u00f3mo comprar billetes en l\u00ednea para la Loter\u00eda de Alemania"},"content":{"rendered":"<p>\u00bfNo est\u00e1 <strong> muy seguro de c\u00f3mo comprar boletos de loter\u00eda alemana en l\u00ednea? <\/strong> Bueno, entonces, ha venido al lugar correcto porque lo guiaremos a trav\u00e9s del proceso s\u00faper simple para obtenerlos. boletos mientras est\u00e1s en M\u00e9xico a esperar el sorteo para ver si has ganado algo grande.<\/p>\n<ul>\n<li>Vaya a la p\u00e1gina web del juego de loter\u00eda que desea jugar y seleccione la cantidad de boletos que desea y los n\u00fameros que desea jugar<\/li>\n<li><a href=\"https:\/\/onlinelotto365.com\/es\/compra-boletos\"> Obtenga tantas entradas como desee <\/a> para este juego y cualquier otro<\/li>\n<li>Haga clic en el bot\u00f3n para pagar ahora<\/li>\n<li>Inicie sesi\u00f3n en su cuenta actual para procesar su pago o cree una nueva cuenta y complete el proceso de registro<\/li>\n<li>Quienes necesiten crear una cuenta tambi\u00e9n deber\u00e1n verificarla desde su cuenta de correo electr\u00f3nico<\/li>\n<li>Aseg\u00farate de buscar en tu bandeja de entrada y en tu carpeta de spam para ver si el correo electr\u00f3nico se env\u00eda all\u00ed y haz clic en el enlace<\/li>\n<li>Una vez que haya verificado su cuenta, vaya al carrito de compras para comprar sus art\u00edculos<\/li>\n<li>Realice el proceso de pago de acuerdo con las instrucciones que se proporcionan<\/li>\n<\/ul>\n<p><a href=\"https:\/\/redfoxlotto.com\/es\/jugar\/lotto-6aus49\/?ref=a8564250a2&amp;medium=ol365\" target=\"_blank\" rel=\"noopener noreferrer\"> <img decoding=\"async\" class=\"aligncenter\" src=\" https:\/\/redfoxlotto.com\/image?size=8&amp;lottery=lotto-6aus49 \" alt=\" Loter\u00eda alemana 6aus49 \" \/> <\/a><\/p>\n<h2>C\u00f3mo pagar su billete de loter\u00eda alemana en l\u00ednea<\/h2>\n<p>Puede elegir entre varias opciones de pago completamente seguras cuando sea el momento de pagar sus boletos.<br \/>\nCada una de esas opciones cae en una de dos categor\u00edas diferentes:<\/p>\n<ul>\n<li>Pague sus boletos enviando un m\u00e9todo de pago en el momento de la compra<\/li>\n<li>Pague sus boletos agregando dinero a su cuenta de jugador y us\u00e1ndolo para realizar la compra<\/li>\n<\/ul>\n<p>Aseg\u00farese de que si agrega dinero a su cuenta, agregue lo suficiente para cubrir el costo de su transacci\u00f3n actual para que sea aprobada.<\/p>\n<h2>M\u00e1s informaci\u00f3n sobre la loter\u00eda alemana<\/h2>\n<ul>\n<li>Pa\u00eds: Alemania <img decoding=\"async\" class=\"alignright wp-image-3633\" src=\"https:\/\/onlinelotto365.com\/wp-content\/uploads\/2020\/11\/online_lottery-41-300x102.jpg\" alt=\" loter\u00eda alemana en l\u00ednea uk \" width=\" 376 \" height=\" 128 \" srcset=\"https:\/\/onlinelotto365.com\/wp-content\/uploads\/2020\/11\/online_lottery-41-300x102.jpg 300w, https:\/\/onlinelotto365.com\/wp-content\/uploads\/2020\/11\/online_lottery-41.jpg 593w\" sizes=\"(max-width: 300px) 100vw, 300px\" \/><\/li>\n<li>Rango de n\u00fameros principales: 49<\/li>\n<li>Elige: 6<\/li>\n<li>Se elegir\u00e1 autom\u00e1ticamente un n\u00famero adicional<\/li>\n<li>D\u00edas de sorteo, horario: s\u00e1bado, 20:25 CET, 20:25 CET<\/li>\n<li>Premio mayor m\u00ednimo: 1 mill\u00f3n de euros<\/li>\n<li>Jackpot m\u00e1ximo: despu\u00e9s de 12 sorteos<\/li>\n<li>Probabilidad de ganar el premio mayor: 1 en 125854344<\/li>\n<li>Probabilidad de una victoria de nivel 2: 1 en 13983816<\/li>\n<li>Probabilidad de ganar en cualquier nivel: 1 en 31<\/li>\n<li>N\u00famero de niveles de premios: 9<\/li>\n<\/ul>\n<h2>Ventajas de comprar boletos de loter\u00eda alemana en l\u00ednea<\/h2>\n<ul>\n<li>Obtenga boletos desde su c\u00f3modo lugar en casa<\/li>\n<li>Obtenga todos los tipos de juegos de loter\u00eda que desee<\/li>\n<li>Obtenga <a href=\"https:\/\/onlinelotto365.com\/es\/news\/las-mejores-loterias-del-mundo\"> mejores oportunidades en los mejores botes <\/a> eligiendo correctamente sus juegos<\/li>\n<li>Obtenga opciones de pago f\u00e1ciles agregando dinero directamente a su cuenta de jugador para comprar<\/li>\n<li>Obtenga un almacenamiento f\u00e1cil de todos sus boletos de loter\u00eda<\/li>\n<li>Reciba una notificaci\u00f3n instant\u00e1nea de las victorias<\/li>\n<li>Obtenga opciones de selecci\u00f3n f\u00e1ciles para que no tenga que elegir los n\u00fameros<\/li>\n<\/ul>\n<h2>\u00bfEs legal comprar boletos de loter\u00eda alemana en l\u00ednea?<\/h2>\n<p>Si ha estado preocupado por comprar boletos en l\u00ednea porque est\u00e1 en M\u00e9xico y no conoce las reglas, no tiene que preocuparse. Podemos ayudarlo a quitarse algunas de las preocupaciones porque nos aseguramos de que se sigan todas las regulaciones para el pa\u00eds de donde proviene la loter\u00eda.<br \/>\nEsto le ayuda a sentirse m\u00e1s seguro y le asegura que cualquier dinero que gane ir\u00e1 directamente a usted.<br \/>\nLa \u00fanica regla es que debes tener 18 a\u00f1os o m\u00e1s para poder jugar.<\/p>\n<h2>\u00bfC\u00f3mo se me paga si gano la loter\u00eda alemana en l\u00ednea?<\/h2>\n<p>Cuando se trata de obtener sus ganancias, ya sabemos que no quiere sacrificarse. Desea obtener todo el dinero al que tiene derecho y podemos ayudarlo con eso. De hecho, podemos ayudarlo a comenzar de inmediato porque no tomaremos una comisi\u00f3n de sus ganancias.<\/p>\n<p>Tampoco le cobraremos ninguna tarifa. Eso es correcto, a menos que elija que su dinero se transfiera a su banco, no le cobraremos una tarifa por nada de lo que hagamos. Si elige una transferencia bancaria, cobramos una tarifa porque su banco cobra una tarifa.<\/p>\n<p><strong> Qu\u00e9 sucede cuando gana: <\/strong><\/p>\n<ul>\n<li>Quienes ganen menos de 2500 \u20ac, no tienen que hacer nada. Nos encargamos de todo poniendo el dinero en su cuenta.<\/li>\n<li>Para aquellos que ganen m\u00e1s de 2500 \u20ac, recibir\u00e1n un formulario de reclamaci\u00f3n de nuestro equipo de soporte. Ese formulario le permitir\u00e1 decidir si desea recibir el pago mediante cheque o transferencia bancaria. Luego, puede simplemente sentarse y esperar a que reciba el dinero en unos d\u00edas<\/li>\n<\/ul>\n","protected":false},"excerpt":{"rendered":"<p>\u00bfNo est\u00e1 muy seguro de c\u00f3mo comprar boletos de loter\u00eda alemana en l\u00ednea? Bueno, entonces, ha venido al lugar correcto porque lo guiaremos a trav\u00e9s del proceso s\u00faper simple para obtenerlos. boletos mientras est\u00e1s en M\u00e9xico a esperar el sorteo para ver si has ganado algo grande. Vaya a la p\u00e1gina web del juego de [&hellip;]<\/p>\n","protected":false},"author":1,"featured_media":0,"parent":3811,"menu_order":11,"comment_status":"closed","ping_status":"closed","template":"lotto-german-info.php","meta":{"_et_pb_use_builder":"","_et_pb_old_content":"","_et_gb_content_width":"","exclude_from_search":false,"footnotes":""},"class_list":["post-10663","page","type-page","status-publish","hentry"],"yoast_head":"<!-- This site is optimized with the Yoast SEO plugin v23.4 - https:\/\/yoast.com\/wordpress\/plugins\/seo\/ -->\n<title>Ahora compre los billetes de la Loter\u00eda de Alemania en l\u00ednea desde M\u00e9xico<\/title>\n<meta name=\"description\" content=\"Si usted vive en M\u00e9xico, todav\u00eda puede comprar billetes de la loter\u00eda alemana en l\u00ednea\" \/>\n<meta name=\"robots\" content=\"index, follow, max-snippet:-1, max-image-preview:large, max-video-preview:-1\" \/>\n<link rel=\"canonical\" href=\"https:\/\/onlinelotto365.com\/es\/compra-boletos\/german-lotto\/\" \/>\n<meta property=\"og:locale\" content=\"es_ES\" \/>\n<meta property=\"og:type\" content=\"article\" \/>\n<meta property=\"og:title\" content=\"Ahora compre los billetes de la Loter\u00eda de Alemania en l\u00ednea desde M\u00e9xico\" \/>\n<meta property=\"og:description\" content=\"Si usted vive en M\u00e9xico, todav\u00eda puede comprar billetes de la loter\u00eda alemana en l\u00ednea\" \/>\n<meta property=\"og:url\" content=\"https:\/\/onlinelotto365.com\/es\/compra-boletos\/german-lotto\/\" \/>\n<meta property=\"og:site_name\" content=\"OnlineLotto365\" \/>\n<meta property=\"article:modified_time\" content=\"2021-01-05T12:25:29+00:00\" \/>\n<meta property=\"og:image\" content=\"https:\/\/onlinelotto365.com\/wp-content\/uploads\/2020\/11\/online_lottery-41-300x102.jpg\" \/>\n<meta name=\"twitter:card\" content=\"summary_large_image\" \/>\n<meta name=\"twitter:label1\" content=\"Tiempo de lectura\" \/>\n\t<meta name=\"twitter:data1\" content=\"4 minutos\" \/>\n<script type=\"application\/ld+json\" class=\"yoast-schema-graph\">{\"@context\":\"https:\/\/schema.org\",\"@graph\":[{\"@type\":\"WebPage\",\"@id\":\"https:\/\/onlinelotto365.com\/es\/compra-boletos\/german-lotto\/\",\"url\":\"https:\/\/onlinelotto365.com\/es\/compra-boletos\/german-lotto\/\",\"name\":\"Ahora compre los billetes de la Loter\u00eda de Alemania en l\u00ednea desde M\u00e9xico\",\"isPartOf\":{\"@id\":\"https:\/\/onlinelotto365.com\/es\/#website\"},\"primaryImageOfPage\":{\"@id\":\"https:\/\/onlinelotto365.com\/es\/compra-boletos\/german-lotto\/#primaryimage\"},\"image\":{\"@id\":\"https:\/\/onlinelotto365.com\/es\/compra-boletos\/german-lotto\/#primaryimage\"},\"thumbnailUrl\":\"https:\/\/onlinelotto365.com\/wp-content\/uploads\/2020\/11\/online_lottery-41-300x102.jpg\",\"datePublished\":\"2020-12-17T18:54:32+00:00\",\"dateModified\":\"2021-01-05T12:25:29+00:00\",\"description\":\"Si usted vive en M\u00e9xico, todav\u00eda puede comprar billetes de la loter\u00eda alemana en l\u00ednea\",\"breadcrumb\":{\"@id\":\"https:\/\/onlinelotto365.com\/es\/compra-boletos\/german-lotto\/#breadcrumb\"},\"inLanguage\":\"es\",\"potentialAction\":[{\"@type\":\"ReadAction\",\"target\":[\"https:\/\/onlinelotto365.com\/es\/compra-boletos\/german-lotto\/\"]}]},{\"@type\":\"ImageObject\",\"inLanguage\":\"es\",\"@id\":\"https:\/\/onlinelotto365.com\/es\/compra-boletos\/german-lotto\/#primaryimage\",\"url\":\"https:\/\/onlinelotto365.com\/wp-content\/uploads\/2020\/11\/online_lottery-41-300x102.jpg\",\"contentUrl\":\"https:\/\/onlinelotto365.com\/wp-content\/uploads\/2020\/11\/online_lottery-41-300x102.jpg\"},{\"@type\":\"BreadcrumbList\",\"@id\":\"https:\/\/onlinelotto365.com\/es\/compra-boletos\/german-lotto\/#breadcrumb\",\"itemListElement\":[{\"@type\":\"ListItem\",\"position\":1,\"name\":\"Home\",\"item\":\"https:\/\/onlinelotto365.com\/es\/\"},{\"@type\":\"ListItem\",\"position\":2,\"name\":\"Por qu\u00e9 tiene m\u00e1s sentido comprar billetes de loter\u00eda en l\u00ednea\",\"item\":\"https:\/\/onlinelotto365.com\/es\/compra-boletos\/\"},{\"@type\":\"ListItem\",\"position\":3,\"name\":\"C\u00f3mo comprar billetes en l\u00ednea para la Loter\u00eda de Alemania\"}]},{\"@type\":\"WebSite\",\"@id\":\"https:\/\/onlinelotto365.com\/es\/#website\",\"url\":\"https:\/\/onlinelotto365.com\/es\/\",\"name\":\"OnlineLotto365\",\"description\":\"\",\"potentialAction\":[{\"@type\":\"SearchAction\",\"target\":{\"@type\":\"EntryPoint\",\"urlTemplate\":\"https:\/\/onlinelotto365.com\/es\/?s={search_term_string}\"},\"query-input\":{\"@type\":\"PropertyValueSpecification\",\"valueRequired\":true,\"valueName\":\"search_term_string\"}}],\"inLanguage\":\"es\"}]}<\/script>\n<!-- \/ Yoast SEO plugin. -->","yoast_head_json":{"title":"Ahora compre los billetes de la Loter\u00eda de Alemania en l\u00ednea desde M\u00e9xico","description":"Si usted vive en M\u00e9xico, todav\u00eda puede comprar billetes de la loter\u00eda alemana en l\u00ednea","robots":{"index":"index","follow":"follow","max-snippet":"max-snippet:-1","max-image-preview":"max-image-preview:large","max-video-preview":"max-video-preview:-1"},"canonical":"https:\/\/onlinelotto365.com\/es\/compra-boletos\/german-lotto\/","og_locale":"es_ES","og_type":"article","og_title":"Ahora compre los billetes de la Loter\u00eda de Alemania en l\u00ednea desde M\u00e9xico","og_description":"Si usted vive en M\u00e9xico, todav\u00eda puede comprar billetes de la loter\u00eda alemana en l\u00ednea","og_url":"https:\/\/onlinelotto365.com\/es\/compra-boletos\/german-lotto\/","og_site_name":"OnlineLotto365","article_modified_time":"2021-01-05T12:25:29+00:00","og_image":[{"url":"https:\/\/onlinelotto365.com\/wp-content\/uploads\/2020\/11\/online_lottery-41-300x102.jpg"}],"twitter_card":"summary_large_image","twitter_misc":{"Tiempo de lectura":"4 minutos"},"schema":{"@context":"https:\/\/schema.org","@graph":[{"@type":"WebPage","@id":"https:\/\/onlinelotto365.com\/es\/compra-boletos\/german-lotto\/","url":"https:\/\/onlinelotto365.com\/es\/compra-boletos\/german-lotto\/","name":"Ahora compre los billetes de la Loter\u00eda de Alemania en l\u00ednea desde M\u00e9xico","isPartOf":{"@id":"https:\/\/onlinelotto365.com\/es\/#website"},"primaryImageOfPage":{"@id":"https:\/\/onlinelotto365.com\/es\/compra-boletos\/german-lotto\/#primaryimage"},"image":{"@id":"https:\/\/onlinelotto365.com\/es\/compra-boletos\/german-lotto\/#primaryimage"},"thumbnailUrl":"https:\/\/onlinelotto365.com\/wp-content\/uploads\/2020\/11\/online_lottery-41-300x102.jpg","datePublished":"2020-12-17T18:54:32+00:00","dateModified":"2021-01-05T12:25:29+00:00","description":"Si usted vive en M\u00e9xico, todav\u00eda puede comprar billetes de la loter\u00eda alemana en l\u00ednea","breadcrumb":{"@id":"https:\/\/onlinelotto365.com\/es\/compra-boletos\/german-lotto\/#breadcrumb"},"inLanguage":"es","potentialAction":[{"@type":"ReadAction","target":["https:\/\/onlinelotto365.com\/es\/compra-boletos\/german-lotto\/"]}]},{"@type":"ImageObject","inLanguage":"es","@id":"https:\/\/onlinelotto365.com\/es\/compra-boletos\/german-lotto\/#primaryimage","url":"https:\/\/onlinelotto365.com\/wp-content\/uploads\/2020\/11\/online_lottery-41-300x102.jpg","contentUrl":"https:\/\/onlinelotto365.com\/wp-content\/uploads\/2020\/11\/online_lottery-41-300x102.jpg"},{"@type":"BreadcrumbList","@id":"https:\/\/onlinelotto365.com\/es\/compra-boletos\/german-lotto\/#breadcrumb","itemListElement":[{"@type":"ListItem","position":1,"name":"Home","item":"https:\/\/onlinelotto365.com\/es\/"},{"@type":"ListItem","position":2,"name":"Por qu\u00e9 tiene m\u00e1s sentido comprar billetes de loter\u00eda en l\u00ednea","item":"https:\/\/onlinelotto365.com\/es\/compra-boletos\/"},{"@type":"ListItem","position":3,"name":"C\u00f3mo comprar billetes en l\u00ednea para la Loter\u00eda de Alemania"}]},{"@type":"WebSite","@id":"https:\/\/onlinelotto365.com\/es\/#website","url":"https:\/\/onlinelotto365.com\/es\/","name":"OnlineLotto365","description":"","potentialAction":[{"@type":"SearchAction","target":{"@type":"EntryPoint","urlTemplate":"https:\/\/onlinelotto365.com\/es\/?s={search_term_string}"},"query-input":{"@type":"PropertyValueSpecification","valueRequired":true,"valueName":"search_term_string"}}],"inLanguage":"es"}]}},"_links":{"self":[{"href":"https:\/\/onlinelotto365.com\/es\/wp-json\/wp\/v2\/pages\/10663","targetHints":{"allow":["GET"]}}],"collection":[{"href":"https:\/\/onlinelotto365.com\/es\/wp-json\/wp\/v2\/pages"}],"about":[{"href":"https:\/\/onlinelotto365.com\/es\/wp-json\/wp\/v2\/types\/page"}],"author":[{"embeddable":true,"href":"https:\/\/onlinelotto365.com\/es\/wp-json\/wp\/v2\/users\/1"}],"replies":[{"embeddable":true,"href":"https:\/\/onlinelotto365.com\/es\/wp-json\/wp\/v2\/comments?post=10663"}],"version-history":[{"count":0,"href":"https:\/\/onlinelotto365.com\/es\/wp-json\/wp\/v2\/pages\/10663\/revisions"}],"up":[{"embeddable":true,"href":"https:\/\/onlinelotto365.com\/es\/wp-json\/wp\/v2\/pages\/3811"}],"wp:attachment":[{"href":"https:\/\/onlinelotto365.com\/es\/wp-json\/wp\/v2\/media?parent=10663"}],"curies":[{"name":"wp","href":"https:\/\/api.w.org\/{rel}","templated":true}]}}