{"id":10666,"date":"2020-12-17T19:56:21","date_gmt":"2020-12-17T18:56:21","guid":{"rendered":"http:\/\/onlinelotto365.net\/?page_id=10666"},"modified":"2021-01-11T10:18:24","modified_gmt":"2021-01-11T09:18:24","slug":"mega-sena","status":"publish","type":"page","link":"https:\/\/onlinelotto365.com\/es\/compra-boletos\/mega-sena\/","title":{"rendered":"C\u00f3mo comprar entradas para el Mega-Sena Brasil online"},"content":{"rendered":"<p>quieres saber <strong> c\u00f3mo conseguir las entradas que necesitas para la Mega-Sena <\/strong>, aunque vivas en M\u00e9xico o en cualquier otro pa\u00eds fuera de Brasil? Bueno, entonces querr\u00e1 leer un poco m\u00e1s porque podemos ayudarlo con todo el proceso y asegurarnos de que est\u00e1 bien encaminado hacia <a href=\"https:\/\/onlinelotto365.com\/es\/jugar\/uk-lottery\"> <strong> conseguir las entradas que desee para todos y cada uno de los juegos <\/strong> <\/a> que desee jugar.<\/p>\n<ul>\n<li>Todo lo que tienes que hacer para comenzar es elegir el juego que deseas jugar y elegir los n\u00fameros de boletos que deseas para ese juego.<\/li>\n<li>Agregue todas las entradas que desee para este juego o cualquier otro juego que desee jugar<\/li>\n<li>Haga clic en el bot\u00f3n para iniciar el proceso de pago.<\/li>\n<li>Inicie sesi\u00f3n en su cuenta actual o cree una nueva cuenta para comprar sus boletos.<\/li>\n<li>Si tiene que crear una nueva cuenta, deber\u00e1 pasar por el proceso de registro. Su enlace de verificaci\u00f3n se enviar\u00e1 a su correo electr\u00f3nico.<\/li>\n<li>Si el correo electr\u00f3nico no aparece en su bandeja de entrada, querr\u00e1 revisar la carpeta de correo no deseado para asegurarse de que se haya recibido.<\/li>\n<li>Una vez que haya verificado su cuenta, vaya al carrito de compras del sitio web.<\/li>\n<li>Siga las instrucciones para pagar sus boletos usando su m\u00e9todo de pago elegido.<\/li>\n<\/ul>\n<p><a href=\"https:\/\/redfoxlotto.com\/es\/jugar\/mega-sena\/?ref=a8564250a2&amp;medium=ol365\" target=\"_blank\" rel=\"noopener noreferrer\"> <img decoding=\"async\" class=\"aligncenter\" src=\" https:\/\/redfoxlotto.com\/image?size=8&amp;lottery=mega-sena \" alt=\" mega-sena \" \/> <\/a><\/p>\n<h2>C\u00f3mo pagar su boleto Mega-Sena en l\u00ednea<\/h2>\n<p>Pagar sus boletos de manera segura es importante para usted y lo hacemos lo m\u00e1s f\u00e1cil posible al brindarle muchas opciones diferentes de pago directo, as\u00ed como una opci\u00f3n secundaria para comprar sus boletos. Solo tienes que comenzar con uno de los dos siguientes.<\/p>\n<ul>\n<li>Pague directamente con su m\u00e9todo de pago favorito<\/li>\n<li><a href=\"https:\/\/onlinelotto365.com\/es\/news\/consiga-billetes-loteria-de-ee-uu-en-linea\"> Agregue dinero a su cuenta de jugador <\/a> para que pueda comprar boletos directamente desde la cuenta.<\/li>\n<\/ul>\n<p>Aseg\u00farese de agregar un poco m\u00e1s a su cuenta de jugador si va a elegir ese m\u00e9todo. De esa manera, el saldo de su cuenta podr\u00e1 pagar la compra.<\/p>\n<h2>M\u00e1s informaci\u00f3n sobre Mega-Sena<\/h2>\n<ul>\n<li>Pa\u00eds: Brasil<\/li>\n<li>Rango de n\u00fameros principales: 60<\/li>\n<li>Elige: 6<\/li>\n<li>D\u00edas y horarios del sorteo: mi\u00e9rcoles, s\u00e1bado, 20:00 GMT -3, 24:00 CET<\/li>\n<li>Premio mayor m\u00ednimo: R $ 2 millones<\/li>\n<li>Premio mayor m\u00e1ximo: ninguno<\/li>\n<li>Probabilidad de ganar el premio mayor: 1 en 50063860<\/li>\n<li>Probabilidad de una victoria de nivel 2: 1 en 15451809<\/li>\n<li>Probabilidad de ganar en cualquier nivel: 1 en 2297,56<\/li>\n<li>N\u00famero de niveles de premios: 3<\/li>\n<\/ul>\n<h2>Ventajas de comprar boletos Mega-Sena en l\u00ednea<\/h2>\n<ul>\n<li>No es necesario viajar, solo compre boletos desde casa<\/li>\n<li>Elija entre <a href=\"http:\/\/onlinelotto365.com\/es\"> diferentes juegos de loter\u00eda <\/a><\/li>\n<li>Obtenga las mejores probabilidades de ganar juegos con grandes botes<\/li>\n<li>Ponga dinero directamente en su cuenta para usarlo en su compra<\/li>\n<li>Realice un seguimiento de sus entradas f\u00e1cilmente<\/li>\n<li>Reciba notificaciones cada vez que gane en sus boletos<\/li>\n<li>Utilice la opci\u00f3n de selecci\u00f3n r\u00e1pida para obtener boletos sin seleccionar n\u00fameros<\/li>\n<\/ul>\n<h2>\u00bfEs legal comprar boletos de Mega-Sena en l\u00ednea?<\/h2>\n<p><img loading=\"lazy\" decoding=\"async\" class=\"alignright wp-image-3660\" src=\"https:\/\/onlinelotto365.com\/wp-content\/uploads\/2020\/11\/online_lottery-133-300x212.jpg\" alt=\"mega-sena online UK\" width=\"177\" height=\"125\" srcset=\"https:\/\/onlinelotto365.com\/wp-content\/uploads\/2020\/11\/online_lottery-133-300x212.jpg 300w, https:\/\/onlinelotto365.com\/wp-content\/uploads\/2020\/11\/online_lottery-133.jpg 320w\" sizes=\"auto, (max-width: 177px) 100vw, 177px\" \/> Muchas personas se preocupan sobre si pueden comprar boletos de loter\u00eda Mega Sena en l\u00ednea porque M\u00e9xico es su pa\u00eds de residencia. O quiz\u00e1s viven en otro pa\u00eds, pero no en Brasil. Lo ayudamos a resolver algunas de las inquietudes asegur\u00e1ndonos de que todo lo que hacemos se base en las regulaciones del pa\u00eds que administra la loter\u00eda. Esto hace que sea m\u00e1s f\u00e1cil para usted comprar sus boletos y sentirse c\u00f3modo con el proceso. Adem\u00e1s, se le garantiza que obtendr\u00e1 el dinero que gane, incluido el premio mayor.<\/p>\n<h2>\u00bfC\u00f3mo me pagan si gano Mega-Sena en l\u00ednea?<\/h2>\n<p>Cuando se trata de hacer pagos a los ganadores, lo hacemos de la mejor manera, d\u00e1ndote cada centavo. No tiene que pagarnos una comisi\u00f3n por cualquier monto que gane, ya sea un premio peque\u00f1o o incluso un premio mayor. Tampoco tiene que pagarnos ninguna tarifa a menos que elija una transferencia bancaria.<br \/>\nCon todos los dem\u00e1s m\u00e9todos de pago, obtendr\u00e1 todo el dinero que gan\u00f3. Con las transferencias bancarias, a veces recibimos comisiones del banco y esa comisi\u00f3n se deduce de sus ganancias durante el proceso de transferencia.<\/p>\n<p><strong> Sin embargo, cuando gana, debe conocer el proceso que se realiza para obtener el dinero: <\/strong><\/p>\n<ul>\n<li>Cualquiera que gane menos de 2500 \u20ac recibir\u00e1 el dinero depositado directamente en su cuenta sin tener que hacer nada<\/li>\n<li>Cualquier persona que gane m\u00e1s de 2500 \u20ac, sin embargo, nuestro equipo de soporte le pedir\u00e1 que complete un formulario de reclamo. Esto le permitir\u00e1 obtener su dinero en una<\/li>\n<\/ul>\n","protected":false},"excerpt":{"rendered":"<p>quieres saber c\u00f3mo conseguir las entradas que necesitas para la Mega-Sena , aunque vivas en M\u00e9xico o en cualquier otro pa\u00eds fuera de Brasil? Bueno, entonces querr\u00e1 leer un poco m\u00e1s porque podemos ayudarlo con todo el proceso y asegurarnos de que est\u00e1 bien encaminado hacia conseguir las entradas que desee para todos y cada [&hellip;]<\/p>\n","protected":false},"author":1,"featured_media":0,"parent":3811,"menu_order":12,"comment_status":"closed","ping_status":"closed","template":"megasena-info.php","meta":{"_et_pb_use_builder":"","_et_pb_old_content":"","_et_gb_content_width":"","exclude_from_search":false,"footnotes":""},"class_list":["post-10666","page","type-page","status-publish","hentry"],"yoast_head":"<!-- This site is optimized with the Yoast SEO plugin v23.4 - https:\/\/yoast.com\/wordpress\/plugins\/seo\/ -->\n<title>Compra de entradas para el Mega-Sena online desde M\u00e9xico | Acerca del Mega-Sena y c\u00f3mo conseguir entradas<\/title>\n<meta name=\"description\" content=\"Esta es una gran loter\u00eda de Brasil - y ahora puede comprar billetes en l\u00ednea\" \/>\n<meta name=\"robots\" content=\"index, follow, max-snippet:-1, max-image-preview:large, max-video-preview:-1\" \/>\n<link rel=\"canonical\" href=\"https:\/\/onlinelotto365.com\/es\/compra-boletos\/mega-sena\/\" \/>\n<meta property=\"og:locale\" content=\"es_ES\" \/>\n<meta property=\"og:type\" content=\"article\" \/>\n<meta property=\"og:title\" content=\"Compra de entradas para el Mega-Sena online desde M\u00e9xico | Acerca del Mega-Sena y c\u00f3mo conseguir entradas\" \/>\n<meta property=\"og:description\" content=\"Esta es una gran loter\u00eda de Brasil - y ahora puede comprar billetes en l\u00ednea\" \/>\n<meta property=\"og:url\" content=\"https:\/\/onlinelotto365.com\/es\/compra-boletos\/mega-sena\/\" \/>\n<meta property=\"og:site_name\" content=\"OnlineLotto365\" \/>\n<meta property=\"article:modified_time\" content=\"2021-01-11T09:18:24+00:00\" \/>\n<meta property=\"og:image\" content=\"https:\/\/onlinelotto365.com\/wp-content\/uploads\/2020\/11\/online_lottery-133-300x212.jpg\" \/>\n<meta name=\"twitter:card\" content=\"summary_large_image\" \/>\n<meta name=\"twitter:label1\" content=\"Tiempo de lectura\" \/>\n\t<meta name=\"twitter:data1\" content=\"4 minutos\" \/>\n<script type=\"application\/ld+json\" class=\"yoast-schema-graph\">{\"@context\":\"https:\/\/schema.org\",\"@graph\":[{\"@type\":\"WebPage\",\"@id\":\"https:\/\/onlinelotto365.com\/es\/compra-boletos\/mega-sena\/\",\"url\":\"https:\/\/onlinelotto365.com\/es\/compra-boletos\/mega-sena\/\",\"name\":\"Compra de entradas para el Mega-Sena online desde M\u00e9xico | Acerca del Mega-Sena y c\u00f3mo conseguir entradas\",\"isPartOf\":{\"@id\":\"https:\/\/onlinelotto365.com\/es\/#website\"},\"primaryImageOfPage\":{\"@id\":\"https:\/\/onlinelotto365.com\/es\/compra-boletos\/mega-sena\/#primaryimage\"},\"image\":{\"@id\":\"https:\/\/onlinelotto365.com\/es\/compra-boletos\/mega-sena\/#primaryimage\"},\"thumbnailUrl\":\"https:\/\/onlinelotto365.com\/wp-content\/uploads\/2020\/11\/online_lottery-133-300x212.jpg\",\"datePublished\":\"2020-12-17T18:56:21+00:00\",\"dateModified\":\"2021-01-11T09:18:24+00:00\",\"description\":\"Esta es una gran loter\u00eda de Brasil - y ahora puede comprar billetes en l\u00ednea\",\"breadcrumb\":{\"@id\":\"https:\/\/onlinelotto365.com\/es\/compra-boletos\/mega-sena\/#breadcrumb\"},\"inLanguage\":\"es\",\"potentialAction\":[{\"@type\":\"ReadAction\",\"target\":[\"https:\/\/onlinelotto365.com\/es\/compra-boletos\/mega-sena\/\"]}]},{\"@type\":\"ImageObject\",\"inLanguage\":\"es\",\"@id\":\"https:\/\/onlinelotto365.com\/es\/compra-boletos\/mega-sena\/#primaryimage\",\"url\":\"https:\/\/onlinelotto365.com\/wp-content\/uploads\/2020\/11\/online_lottery-133-300x212.jpg\",\"contentUrl\":\"https:\/\/onlinelotto365.com\/wp-content\/uploads\/2020\/11\/online_lottery-133-300x212.jpg\"},{\"@type\":\"BreadcrumbList\",\"@id\":\"https:\/\/onlinelotto365.com\/es\/compra-boletos\/mega-sena\/#breadcrumb\",\"itemListElement\":[{\"@type\":\"ListItem\",\"position\":1,\"name\":\"Home\",\"item\":\"https:\/\/onlinelotto365.com\/es\/\"},{\"@type\":\"ListItem\",\"position\":2,\"name\":\"Por qu\u00e9 tiene m\u00e1s sentido comprar billetes de loter\u00eda en l\u00ednea\",\"item\":\"https:\/\/onlinelotto365.com\/es\/compra-boletos\/\"},{\"@type\":\"ListItem\",\"position\":3,\"name\":\"C\u00f3mo comprar entradas para el Mega-Sena Brasil online\"}]},{\"@type\":\"WebSite\",\"@id\":\"https:\/\/onlinelotto365.com\/es\/#website\",\"url\":\"https:\/\/onlinelotto365.com\/es\/\",\"name\":\"OnlineLotto365\",\"description\":\"\",\"potentialAction\":[{\"@type\":\"SearchAction\",\"target\":{\"@type\":\"EntryPoint\",\"urlTemplate\":\"https:\/\/onlinelotto365.com\/es\/?s={search_term_string}\"},\"query-input\":{\"@type\":\"PropertyValueSpecification\",\"valueRequired\":true,\"valueName\":\"search_term_string\"}}],\"inLanguage\":\"es\"}]}<\/script>\n<!-- \/ Yoast SEO plugin. -->","yoast_head_json":{"title":"Compra de entradas para el Mega-Sena online desde M\u00e9xico | Acerca del Mega-Sena y c\u00f3mo conseguir entradas","description":"Esta es una gran loter\u00eda de Brasil - y ahora puede comprar billetes en l\u00ednea","robots":{"index":"index","follow":"follow","max-snippet":"max-snippet:-1","max-image-preview":"max-image-preview:large","max-video-preview":"max-video-preview:-1"},"canonical":"https:\/\/onlinelotto365.com\/es\/compra-boletos\/mega-sena\/","og_locale":"es_ES","og_type":"article","og_title":"Compra de entradas para el Mega-Sena online desde M\u00e9xico | Acerca del Mega-Sena y c\u00f3mo conseguir entradas","og_description":"Esta es una gran loter\u00eda de Brasil - y ahora puede comprar billetes en l\u00ednea","og_url":"https:\/\/onlinelotto365.com\/es\/compra-boletos\/mega-sena\/","og_site_name":"OnlineLotto365","article_modified_time":"2021-01-11T09:18:24+00:00","og_image":[{"url":"https:\/\/onlinelotto365.com\/wp-content\/uploads\/2020\/11\/online_lottery-133-300x212.jpg"}],"twitter_card":"summary_large_image","twitter_misc":{"Tiempo de lectura":"4 minutos"},"schema":{"@context":"https:\/\/schema.org","@graph":[{"@type":"WebPage","@id":"https:\/\/onlinelotto365.com\/es\/compra-boletos\/mega-sena\/","url":"https:\/\/onlinelotto365.com\/es\/compra-boletos\/mega-sena\/","name":"Compra de entradas para el Mega-Sena online desde M\u00e9xico | Acerca del Mega-Sena y c\u00f3mo conseguir entradas","isPartOf":{"@id":"https:\/\/onlinelotto365.com\/es\/#website"},"primaryImageOfPage":{"@id":"https:\/\/onlinelotto365.com\/es\/compra-boletos\/mega-sena\/#primaryimage"},"image":{"@id":"https:\/\/onlinelotto365.com\/es\/compra-boletos\/mega-sena\/#primaryimage"},"thumbnailUrl":"https:\/\/onlinelotto365.com\/wp-content\/uploads\/2020\/11\/online_lottery-133-300x212.jpg","datePublished":"2020-12-17T18:56:21+00:00","dateModified":"2021-01-11T09:18:24+00:00","description":"Esta es una gran loter\u00eda de Brasil - y ahora puede comprar billetes en l\u00ednea","breadcrumb":{"@id":"https:\/\/onlinelotto365.com\/es\/compra-boletos\/mega-sena\/#breadcrumb"},"inLanguage":"es","potentialAction":[{"@type":"ReadAction","target":["https:\/\/onlinelotto365.com\/es\/compra-boletos\/mega-sena\/"]}]},{"@type":"ImageObject","inLanguage":"es","@id":"https:\/\/onlinelotto365.com\/es\/compra-boletos\/mega-sena\/#primaryimage","url":"https:\/\/onlinelotto365.com\/wp-content\/uploads\/2020\/11\/online_lottery-133-300x212.jpg","contentUrl":"https:\/\/onlinelotto365.com\/wp-content\/uploads\/2020\/11\/online_lottery-133-300x212.jpg"},{"@type":"BreadcrumbList","@id":"https:\/\/onlinelotto365.com\/es\/compra-boletos\/mega-sena\/#breadcrumb","itemListElement":[{"@type":"ListItem","position":1,"name":"Home","item":"https:\/\/onlinelotto365.com\/es\/"},{"@type":"ListItem","position":2,"name":"Por qu\u00e9 tiene m\u00e1s sentido comprar billetes de loter\u00eda en l\u00ednea","item":"https:\/\/onlinelotto365.com\/es\/compra-boletos\/"},{"@type":"ListItem","position":3,"name":"C\u00f3mo comprar entradas para el Mega-Sena Brasil online"}]},{"@type":"WebSite","@id":"https:\/\/onlinelotto365.com\/es\/#website","url":"https:\/\/onlinelotto365.com\/es\/","name":"OnlineLotto365","description":"","potentialAction":[{"@type":"SearchAction","target":{"@type":"EntryPoint","urlTemplate":"https:\/\/onlinelotto365.com\/es\/?s={search_term_string}"},"query-input":{"@type":"PropertyValueSpecification","valueRequired":true,"valueName":"search_term_string"}}],"inLanguage":"es"}]}},"_links":{"self":[{"href":"https:\/\/onlinelotto365.com\/es\/wp-json\/wp\/v2\/pages\/10666","targetHints":{"allow":["GET"]}}],"collection":[{"href":"https:\/\/onlinelotto365.com\/es\/wp-json\/wp\/v2\/pages"}],"about":[{"href":"https:\/\/onlinelotto365.com\/es\/wp-json\/wp\/v2\/types\/page"}],"author":[{"embeddable":true,"href":"https:\/\/onlinelotto365.com\/es\/wp-json\/wp\/v2\/users\/1"}],"replies":[{"embeddable":true,"href":"https:\/\/onlinelotto365.com\/es\/wp-json\/wp\/v2\/comments?post=10666"}],"version-history":[{"count":0,"href":"https:\/\/onlinelotto365.com\/es\/wp-json\/wp\/v2\/pages\/10666\/revisions"}],"up":[{"embeddable":true,"href":"https:\/\/onlinelotto365.com\/es\/wp-json\/wp\/v2\/pages\/3811"}],"wp:attachment":[{"href":"https:\/\/onlinelotto365.com\/es\/wp-json\/wp\/v2\/media?parent=10666"}],"curies":[{"name":"wp","href":"https:\/\/api.w.org\/{rel}","templated":true}]}}