{"id":10668,"date":"2020-12-17T19:57:27","date_gmt":"2020-12-17T18:57:27","guid":{"rendered":"http:\/\/onlinelotto365.net\/?page_id=10668"},"modified":"2021-01-05T13:26:18","modified_gmt":"2021-01-05T12:26:18","slug":"powerball-australia","status":"publish","type":"page","link":"https:\/\/onlinelotto365.com\/es\/compra-boletos\/powerball-australia\/","title":{"rendered":"C\u00f3mo comprar billetes de Powerball Australia online"},"content":{"rendered":"<p><strong> \u00bfQuieres saber c\u00f3mo puedes comprar tus boletos de Powerball Australia en l\u00ednea <\/strong>? Bueno, lo hemos dividido en unos simples pasos para <strong> nuestros clientes de M\u00e9xico y de otros pa\u00edses <\/strong>, para que pueda comenzar con el proceso ahora mismo. Y puede hacerlo mucho m\u00e1s r\u00e1pido y m\u00e1s f\u00e1cil de lo que piensa.<\/p>\n<ul>\n<li>Vaya a la p\u00e1gina de Powerball Australia y elija las entradas que desee y los n\u00fameros de esas entradas, o deje que la computadora seleccione por usted.<\/li>\n<li>Agregue como <a href=\"https:\/\/onlinelotto365.com\/es\/compra-boletos\"> muchos boletos y juegos <\/a> a su pedido como desee antes de terminar.<\/li>\n<li>Haga clic en el bot\u00f3n para pagar ahora<\/li>\n<li>Cree una cuenta en nuestro sitio web o inicie sesi\u00f3n en su cuenta actual si ya tiene una.<\/li>\n<li>Quienes necesiten crear una cuenta, deber\u00e1n registrarla con su direcci\u00f3n de correo electr\u00f3nico.<\/li>\n<li>Revise su carpeta de correo no deseado y su bandeja de entrada habitual para ver el correo electr\u00f3nico de verificaci\u00f3n.<\/li>\n<li>Vaya a su carrito para finalizar su compra<\/li>\n<li><strong> Elija el m\u00e9todo de pago que desea <\/strong> utilizar y realice el proceso de pago<\/li>\n<\/ul>\n<p><a href=\"https:\/\/redfoxlotto.com\/es\/jugar\/powerball-au\/?ref=a8564250a2&amp;medium=ol365\" target=\"_blank\" rel=\"noopener noreferrer\"> <img decoding=\"async\" class=\"aligncenter\" src=\" https:\/\/redfoxlotto.com\/image?size=8&amp;lottery=powerball-au \" alt=\" Powerball Australia \" \/> <\/a><\/p>\n<h2>C\u00f3mo pagar su boleto de Powerball Australia en l\u00ednea<\/h2>\n<p>Puede elegir entre <strong> varias opciones de pago diferentes <\/strong> que son tan seguras como esperar\u00eda cuando <strong> compra algo en l\u00ednea desde M\u00e9xico. <\/strong><br \/>\nCompre sus boletos por:<\/p>\n<ul>\n<li>Pagar el pedido directamente con su opci\u00f3n de pago preferida<\/li>\n<li>Poner dinero en su cuenta de jugador y usarlo para comprar sus boletos<\/li>\n<\/ul>\n<p>Recuerda que deber\u00e1s depositar dinero m\u00e1s que suficiente en tu cuenta de jugador para comprar las entradas que quieras si eliges esa opci\u00f3n.<\/p>\n<h2>M\u00e1s informaci\u00f3n sobre Powerball M\u00e9xico<\/h2>\n<ul>\n<li>Pa\u00eds: Australia<\/li>\n<li>Intervalo de n\u00fameros principales: 35<\/li>\n<li>Elige: 7<\/li>\n<li>Intervalo de n\u00fameros adicionales: 20<\/li>\n<li>Elige: 1<\/li>\n<li>D\u00edas de sorteo, horario: jueves, 21:30 GMT + 11, 10:30 CET<\/li>\n<li>Premio mayor m\u00ednimo: AU $ 3 millones<\/li>\n<li>Premio mayor m\u00e1ximo: 150 millones de d\u00f3lares australianos<\/li>\n<li>Probabilidad de ganar el premio mayor: 1 en 134490400<\/li>\n<li>Probabilidad de una victoria de nivel 2: 1 en 7078443<\/li>\n<li>Probabilidad de ganar en cualquier nivel: 1 en 24,87<\/li>\n<li>N\u00famero de niveles de premios: 7<\/li>\n<\/ul>\n<h2>Ventajas de comprar boletos de Powerball Australia en l\u00ednea<\/h2>\n<ul>\n<li>Obtenga las entradas que desee sin tener que salir de casa<\/li>\n<li>Compre boletos para muchos tipos diferentes de loter\u00edas<\/li>\n<li>Obtenga una <a href=\"https:\/\/onlinelotto365.com\/es\/news\/que-loterias-tienen-mas-posibilidades-de-ganar\"> <strong> m\u00e1s posibilidades de ganar un gran premio gordo <\/strong> <\/a> eligiendo las mejores opciones<\/li>\n<li>Ponga dinero en su cuenta y \u00faselo para comprar sus boletos<\/li>\n<li>No se preocupe por perder sus boletos<\/li>\n<li>Notificaciones si su boleto es un ganador<\/li>\n<li>Elija boletos aleatorios con el generador de n\u00fameros<\/li>\n<\/ul>\n<h2>\u00bfEs legal comprar boletos de Powerball Australia en l\u00ednea en M\u00e9xico?<\/h2>\n<p>No hay necesidad de preocuparse por comprar boletos en l\u00ednea o de la forma tradicional cuando se trata de las regulaciones de su pa\u00eds de residencia. Nos encargamos de seguir la normativa del pa\u00eds en el que se lleva a cabo la loter\u00eda para que puedas conseguir tus ganancias. Incluso si <a href=\"https:\/\/onlinelotto365.com\/es\/news\/consejos-sobre-como-ganar-la-loteria\"> gana el premio mayor <\/a>, no tendr\u00e1 ning\u00fan problema en obtener el dinero.<br \/>\nCualquiera que utilice nuestro servicio debe tener al menos 18 a\u00f1os.<\/p>\n<h2>\u00bfC\u00f3mo se me paga si gano Powerball Australia en l\u00ednea?<\/h2>\n<p><img loading=\"lazy\" decoding=\"async\" class=\"alignright wp-image-3631\" src=\"https:\/\/onlinelotto365.com\/wp-content\/uploads\/2020\/11\/online_lottery-40-300x200.jpg\" alt=\"powerball Australia en l\u00ednea\" width=\"252\" height=\"168\" srcset=\"https:\/\/onlinelotto365.com\/wp-content\/uploads\/2020\/11\/online_lottery-40-300x200.jpg 300w, https:\/\/onlinelotto365.com\/wp-content\/uploads\/2020\/11\/online_lottery-40.jpg 424w\" sizes=\"auto, (max-width: 252px) 100vw, 252px\" \/> Sabemos que desea <strong> obtener sus ganancias lo m\u00e1s r\u00e1pido posible <\/strong> y definitivamente no desea pagarle a nadie m\u00e1s dinero de esas ganancias. Es por eso que nunca tomamos una comisi\u00f3n de sus ganancias. Si lo gana, obtiene el dinero. La \u00fanica vez que cobramos una tarifa es si elige que el dinero se transfiera mediante transferencia bancaria a su banco, lo que nos cobrar\u00eda una tarifa que se le transfiere a usted.<br \/>\nSi gana dinero, solo debe tener esto en cuenta:<\/p>\n<ul>\n<li>Las cantidades inferiores a 2500 \u20ac se abonan autom\u00e1ticamente en su cuenta de jugador sin que tenga que hacer nada en absoluto<\/li>\n<li>Los montos superiores a 2500 \u20ac se pagan con cheque o transferencia bancaria y requieren que complete un formulario que ser\u00e1 enviado por el equipo de soporte. De esa manera, puede obtener el dinero compensado a trav\u00e9s de la comisi\u00f3n de la loter\u00eda.<\/li>\n<\/ul>\n","protected":false},"excerpt":{"rendered":"<p>\u00bfQuieres saber c\u00f3mo puedes comprar tus boletos de Powerball Australia en l\u00ednea ? Bueno, lo hemos dividido en unos simples pasos para nuestros clientes de M\u00e9xico y de otros pa\u00edses , para que pueda comenzar con el proceso ahora mismo. Y puede hacerlo mucho m\u00e1s r\u00e1pido y m\u00e1s f\u00e1cil de lo que piensa. Vaya a [&hellip;]<\/p>\n","protected":false},"author":1,"featured_media":0,"parent":3811,"menu_order":13,"comment_status":"closed","ping_status":"closed","template":"powerball-au-info.php","meta":{"_et_pb_use_builder":"","_et_pb_old_content":"","_et_gb_content_width":"","exclude_from_search":false,"footnotes":""},"class_list":["post-10668","page","type-page","status-publish","hentry"],"yoast_head":"<!-- This site is optimized with the Yoast SEO plugin v23.4 - https:\/\/yoast.com\/wordpress\/plugins\/seo\/ -->\n<title>Comprar boletos para Powerball Australia desde M\u00e9xico v\u00eda servicio online<\/title>\n<meta name=\"description\" content=\"Compre boletos para Powerball Australia en l\u00ednea - lo hacemos posible para los jugadores en M\u00e9xico\" \/>\n<meta name=\"robots\" content=\"index, follow, max-snippet:-1, max-image-preview:large, max-video-preview:-1\" \/>\n<link rel=\"canonical\" href=\"https:\/\/onlinelotto365.com\/es\/compra-boletos\/powerball-australia\/\" \/>\n<meta property=\"og:locale\" content=\"es_ES\" \/>\n<meta property=\"og:type\" content=\"article\" \/>\n<meta property=\"og:title\" content=\"Comprar boletos para Powerball Australia desde M\u00e9xico v\u00eda servicio online\" \/>\n<meta property=\"og:description\" content=\"Compre boletos para Powerball Australia en l\u00ednea - lo hacemos posible para los jugadores en M\u00e9xico\" \/>\n<meta property=\"og:url\" content=\"https:\/\/onlinelotto365.com\/es\/compra-boletos\/powerball-australia\/\" \/>\n<meta property=\"og:site_name\" content=\"OnlineLotto365\" \/>\n<meta property=\"article:modified_time\" content=\"2021-01-05T12:26:18+00:00\" \/>\n<meta property=\"og:image\" content=\"https:\/\/onlinelotto365.com\/wp-content\/uploads\/2020\/11\/online_lottery-40-300x200.jpg\" \/>\n<meta name=\"twitter:card\" content=\"summary_large_image\" \/>\n<meta name=\"twitter:label1\" content=\"Tiempo de lectura\" \/>\n\t<meta name=\"twitter:data1\" content=\"3 minutos\" \/>\n<script type=\"application\/ld+json\" class=\"yoast-schema-graph\">{\"@context\":\"https:\/\/schema.org\",\"@graph\":[{\"@type\":\"WebPage\",\"@id\":\"https:\/\/onlinelotto365.com\/es\/compra-boletos\/powerball-australia\/\",\"url\":\"https:\/\/onlinelotto365.com\/es\/compra-boletos\/powerball-australia\/\",\"name\":\"Comprar boletos para Powerball Australia desde M\u00e9xico v\u00eda servicio online\",\"isPartOf\":{\"@id\":\"https:\/\/onlinelotto365.com\/es\/#website\"},\"primaryImageOfPage\":{\"@id\":\"https:\/\/onlinelotto365.com\/es\/compra-boletos\/powerball-australia\/#primaryimage\"},\"image\":{\"@id\":\"https:\/\/onlinelotto365.com\/es\/compra-boletos\/powerball-australia\/#primaryimage\"},\"thumbnailUrl\":\"https:\/\/onlinelotto365.com\/wp-content\/uploads\/2020\/11\/online_lottery-40-300x200.jpg\",\"datePublished\":\"2020-12-17T18:57:27+00:00\",\"dateModified\":\"2021-01-05T12:26:18+00:00\",\"description\":\"Compre boletos para Powerball Australia en l\u00ednea - lo hacemos posible para los jugadores en M\u00e9xico\",\"breadcrumb\":{\"@id\":\"https:\/\/onlinelotto365.com\/es\/compra-boletos\/powerball-australia\/#breadcrumb\"},\"inLanguage\":\"es\",\"potentialAction\":[{\"@type\":\"ReadAction\",\"target\":[\"https:\/\/onlinelotto365.com\/es\/compra-boletos\/powerball-australia\/\"]}]},{\"@type\":\"ImageObject\",\"inLanguage\":\"es\",\"@id\":\"https:\/\/onlinelotto365.com\/es\/compra-boletos\/powerball-australia\/#primaryimage\",\"url\":\"https:\/\/onlinelotto365.com\/wp-content\/uploads\/2020\/11\/online_lottery-40-300x200.jpg\",\"contentUrl\":\"https:\/\/onlinelotto365.com\/wp-content\/uploads\/2020\/11\/online_lottery-40-300x200.jpg\"},{\"@type\":\"BreadcrumbList\",\"@id\":\"https:\/\/onlinelotto365.com\/es\/compra-boletos\/powerball-australia\/#breadcrumb\",\"itemListElement\":[{\"@type\":\"ListItem\",\"position\":1,\"name\":\"Home\",\"item\":\"https:\/\/onlinelotto365.com\/es\/\"},{\"@type\":\"ListItem\",\"position\":2,\"name\":\"Por qu\u00e9 tiene m\u00e1s sentido comprar billetes de loter\u00eda en l\u00ednea\",\"item\":\"https:\/\/onlinelotto365.com\/es\/compra-boletos\/\"},{\"@type\":\"ListItem\",\"position\":3,\"name\":\"C\u00f3mo comprar billetes de Powerball Australia online\"}]},{\"@type\":\"WebSite\",\"@id\":\"https:\/\/onlinelotto365.com\/es\/#website\",\"url\":\"https:\/\/onlinelotto365.com\/es\/\",\"name\":\"OnlineLotto365\",\"description\":\"\",\"potentialAction\":[{\"@type\":\"SearchAction\",\"target\":{\"@type\":\"EntryPoint\",\"urlTemplate\":\"https:\/\/onlinelotto365.com\/es\/?s={search_term_string}\"},\"query-input\":{\"@type\":\"PropertyValueSpecification\",\"valueRequired\":true,\"valueName\":\"search_term_string\"}}],\"inLanguage\":\"es\"}]}<\/script>\n<!-- \/ Yoast SEO plugin. -->","yoast_head_json":{"title":"Comprar boletos para Powerball Australia desde M\u00e9xico v\u00eda servicio online","description":"Compre boletos para Powerball Australia en l\u00ednea - lo hacemos posible para los jugadores en M\u00e9xico","robots":{"index":"index","follow":"follow","max-snippet":"max-snippet:-1","max-image-preview":"max-image-preview:large","max-video-preview":"max-video-preview:-1"},"canonical":"https:\/\/onlinelotto365.com\/es\/compra-boletos\/powerball-australia\/","og_locale":"es_ES","og_type":"article","og_title":"Comprar boletos para Powerball Australia desde M\u00e9xico v\u00eda servicio online","og_description":"Compre boletos para Powerball Australia en l\u00ednea - lo hacemos posible para los jugadores en M\u00e9xico","og_url":"https:\/\/onlinelotto365.com\/es\/compra-boletos\/powerball-australia\/","og_site_name":"OnlineLotto365","article_modified_time":"2021-01-05T12:26:18+00:00","og_image":[{"url":"https:\/\/onlinelotto365.com\/wp-content\/uploads\/2020\/11\/online_lottery-40-300x200.jpg"}],"twitter_card":"summary_large_image","twitter_misc":{"Tiempo de lectura":"3 minutos"},"schema":{"@context":"https:\/\/schema.org","@graph":[{"@type":"WebPage","@id":"https:\/\/onlinelotto365.com\/es\/compra-boletos\/powerball-australia\/","url":"https:\/\/onlinelotto365.com\/es\/compra-boletos\/powerball-australia\/","name":"Comprar boletos para Powerball Australia desde M\u00e9xico v\u00eda servicio online","isPartOf":{"@id":"https:\/\/onlinelotto365.com\/es\/#website"},"primaryImageOfPage":{"@id":"https:\/\/onlinelotto365.com\/es\/compra-boletos\/powerball-australia\/#primaryimage"},"image":{"@id":"https:\/\/onlinelotto365.com\/es\/compra-boletos\/powerball-australia\/#primaryimage"},"thumbnailUrl":"https:\/\/onlinelotto365.com\/wp-content\/uploads\/2020\/11\/online_lottery-40-300x200.jpg","datePublished":"2020-12-17T18:57:27+00:00","dateModified":"2021-01-05T12:26:18+00:00","description":"Compre boletos para Powerball Australia en l\u00ednea - lo hacemos posible para los jugadores en M\u00e9xico","breadcrumb":{"@id":"https:\/\/onlinelotto365.com\/es\/compra-boletos\/powerball-australia\/#breadcrumb"},"inLanguage":"es","potentialAction":[{"@type":"ReadAction","target":["https:\/\/onlinelotto365.com\/es\/compra-boletos\/powerball-australia\/"]}]},{"@type":"ImageObject","inLanguage":"es","@id":"https:\/\/onlinelotto365.com\/es\/compra-boletos\/powerball-australia\/#primaryimage","url":"https:\/\/onlinelotto365.com\/wp-content\/uploads\/2020\/11\/online_lottery-40-300x200.jpg","contentUrl":"https:\/\/onlinelotto365.com\/wp-content\/uploads\/2020\/11\/online_lottery-40-300x200.jpg"},{"@type":"BreadcrumbList","@id":"https:\/\/onlinelotto365.com\/es\/compra-boletos\/powerball-australia\/#breadcrumb","itemListElement":[{"@type":"ListItem","position":1,"name":"Home","item":"https:\/\/onlinelotto365.com\/es\/"},{"@type":"ListItem","position":2,"name":"Por qu\u00e9 tiene m\u00e1s sentido comprar billetes de loter\u00eda en l\u00ednea","item":"https:\/\/onlinelotto365.com\/es\/compra-boletos\/"},{"@type":"ListItem","position":3,"name":"C\u00f3mo comprar billetes de Powerball Australia online"}]},{"@type":"WebSite","@id":"https:\/\/onlinelotto365.com\/es\/#website","url":"https:\/\/onlinelotto365.com\/es\/","name":"OnlineLotto365","description":"","potentialAction":[{"@type":"SearchAction","target":{"@type":"EntryPoint","urlTemplate":"https:\/\/onlinelotto365.com\/es\/?s={search_term_string}"},"query-input":{"@type":"PropertyValueSpecification","valueRequired":true,"valueName":"search_term_string"}}],"inLanguage":"es"}]}},"_links":{"self":[{"href":"https:\/\/onlinelotto365.com\/es\/wp-json\/wp\/v2\/pages\/10668","targetHints":{"allow":["GET"]}}],"collection":[{"href":"https:\/\/onlinelotto365.com\/es\/wp-json\/wp\/v2\/pages"}],"about":[{"href":"https:\/\/onlinelotto365.com\/es\/wp-json\/wp\/v2\/types\/page"}],"author":[{"embeddable":true,"href":"https:\/\/onlinelotto365.com\/es\/wp-json\/wp\/v2\/users\/1"}],"replies":[{"embeddable":true,"href":"https:\/\/onlinelotto365.com\/es\/wp-json\/wp\/v2\/comments?post=10668"}],"version-history":[{"count":0,"href":"https:\/\/onlinelotto365.com\/es\/wp-json\/wp\/v2\/pages\/10668\/revisions"}],"up":[{"embeddable":true,"href":"https:\/\/onlinelotto365.com\/es\/wp-json\/wp\/v2\/pages\/3811"}],"wp:attachment":[{"href":"https:\/\/onlinelotto365.com\/es\/wp-json\/wp\/v2\/media?parent=10668"}],"curies":[{"name":"wp","href":"https:\/\/api.w.org\/{rel}","templated":true}]}}