{"id":10670,"date":"2020-12-17T19:58:37","date_gmt":"2020-12-17T18:58:37","guid":{"rendered":"http:\/\/onlinelotto365.net\/?page_id=10670"},"modified":"2021-01-05T13:26:32","modified_gmt":"2021-01-05T12:26:32","slug":"oz-lotto","status":"publish","type":"page","link":"https:\/\/onlinelotto365.com\/es\/compra-boletos\/oz-lotto\/","title":{"rendered":"C\u00f3mo comprar billetes de la Loter\u00eda de Oz en l\u00ednea"},"content":{"rendered":"<p>Est\u00e1s de suerte porque hemos pasado por el proceso de lo que debes hacer para <strong> obtener tus boletos de Oz Lotto aqu\u00ed mismo <\/strong>, y <strong> tambi\u00e9n en M\u00e9xico. <\/strong> puede comprar en l\u00ednea f\u00e1cilmente si solo sigue estos sencillos pasos que le presentamos.<\/p>\n<ul>\n<li>Vaya a la p\u00e1gina de la loter\u00eda que desea jugar y seleccione los n\u00fameros que desee. O deje que la computadora elija algunos n\u00fameros por usted.<\/li>\n<li>Agregue boletos incluso para <a href=\"http:\/\/onlinelotto365.com\/es\"> m\u00e1s loter\u00edas <\/a> y tambi\u00e9n para este juego<\/li>\n<li>Pague ahora mismo sus boletos<\/li>\n<li>Registre una cuenta nueva o inicie sesi\u00f3n en su cuenta actual para pasar por el proceso de pago<\/li>\n<li>Para las cuentas que necesitan registrarse, aseg\u00farese de revisar su correo electr\u00f3nico para obtener el v\u00ednculo de verificaci\u00f3n para comenzar<\/li>\n<li>Busque en su carpeta de correo no deseado si no recibi\u00f3 el correo electr\u00f3nico en su bandeja de entrada habitual y haga clic en el v\u00ednculo para verificar<\/li>\n<li>Vaya a su carrito de compras para comprar sus boletos<\/li>\n<li>Realice el proceso de pago para obtener sus boletos<\/li>\n<\/ul>\n<p><a href=\"https:\/\/redfoxlotto.com\/es\/jugar\/oz-lotto\/?ref=a8564250a2&amp;medium=ol365\" target=\"_blank\" rel=\"noopener noreferrer\"> <img decoding=\"async\" class=\"aligncenter\" src=\" https:\/\/redfoxlotto.com\/image?size=8&amp;lottery=oz-lotto \" alt=\" Oz Lotto \" \/> <\/a><\/p>\n<h2>C\u00f3mo pagar su boleto de Oz Lotto en l\u00ednea<\/h2>\n<p>Puede elegir entre varias opciones diferentes completamente seguras cuando se trata de pagar sus boletos de Oz Lotto.<br \/>\nCada uno de estos encaja en dos categor\u00edas diferentes:<\/p>\n<ul>\n<li>Pague el pedido con cualquier m\u00e9todo de pago elegido<\/li>\n<li>ponga dinero en su cuenta de jugador actual y use ese dinero para realizar una compra<\/li>\n<\/ul>\n<p>Aseg\u00farese de poner m\u00e1s dinero del necesario para realizar la compra si va a utilizar su cuenta de jugador.<\/p>\n<h2>M\u00e1s informaci\u00f3n sobre Oz Lotto<\/h2>\n<ul>\n<li>Pa\u00eds: Australia <img decoding=\"async\" class=\"alignright wp-image-3659\" src=\"https:\/\/onlinelotto365.com\/wp-content\/uploads\/2020\/11\/online_lottery-4-300x300.jpg\" alt=\" Oz loter\u00eda de M\u00e9xico \" width=\" 246 \" height=\" 246 \" srcset=\"https:\/\/onlinelotto365.com\/wp-content\/uploads\/2020\/11\/online_lottery-4-300x300.jpg 300w, https:\/\/onlinelotto365.com\/wp-content\/uploads\/2020\/11\/online_lottery-4-100x100.jpg 100w, https:\/\/onlinelotto365.com\/wp-content\/uploads\/2020\/11\/online_lottery-4-150x150.jpg 150w, https:\/\/onlinelotto365.com\/wp-content\/uploads\/2020\/11\/online_lottery-4.jpg 320w\" sizes=\"(max-width: 300px) 100vw, 300px\" \/><\/li>\n<li>Rango de n\u00fameros principales: 45<\/li>\n<li>Elige: 7<\/li>\n<li>D\u00edas de sorteo, horario: martes, 21:30 GMT + 11, 10:30 CET<\/li>\n<li>Premio mayor m\u00ednimo: AU $ 2 millones<\/li>\n<li>Premio mayor m\u00e1ximo: ninguno<\/li>\n<li>Probabilidad de ganar el premio mayor: 1 en 45379620<\/li>\n<li>Probabilidad de una victoria de nivel 2: 1 en 3241401<\/li>\n<li>Probabilidad de ganar en cualquier nivel: 1 en 54,59<\/li>\n<li>N\u00famero de niveles de premios: 7<\/li>\n<\/ul>\n<h2>Ventajas de comprar boletos de Oz Lotto en l\u00ednea<\/h2>\n<ul>\n<li>No es necesario que salgas de casa para <a href=\"https:\/\/onlinelotto365.com\/es\/compra-boletos\"> recoger tus boletos <\/a><\/li>\n<li>Puedes elegir entre muchas opciones diferentes<\/li>\n<li>Mire las cantidades del premio mayor para decidir qu\u00e9 loter\u00eda desea comprar<\/li>\n<li>Agrega dinero directamente a tu cuenta de jugador y \u00fasalo para comprar tus boletos<\/li>\n<li>Nunca se preocupe por perder sus boletos<\/li>\n<li>Reciba notificaciones si gana algo<\/li>\n<li>Utilice una opci\u00f3n de selecci\u00f3n r\u00e1pida para obtener boletos sin tener que elegir sus propios n\u00fameros<\/li>\n<\/ul>\n<h2>\u00bfEs legal comprar boletos de Oz Lotto en l\u00ednea?<\/h2>\n<p>Es posible que no est\u00e9 seguro de <strong> si su pa\u00eds de residencia permite comprar billetes de loter\u00eda en l\u00ednea <\/strong> o incluso de la forma tradicional. Bueno, no tienes que preocuparte, ya sea en M\u00e9xico o en cualquier otro lugar, porque nos ocupamos de las regulaciones para el pa\u00eds en el que se juega el juego. No tienes que preocuparte por si es legal usar el servicio que brindamos siempre que tenga al menos 18 a\u00f1os de edad. Nos aseguraremos de que le paguen pase lo que pase.<\/p>\n<h2>\u00bfC\u00f3mo se me paga si gano Oz Lotto en l\u00ednea?<\/h2>\n<p>Los pagos son una parte importante del proceso cuando se trata de jugar a la loter\u00eda. Queremos asegurarnos de que obtenga todo su dinero y es por eso que nos aseguramos de que no se le cobre una comisi\u00f3n cuando gana algo.<\/p>\n<p>Tampoco se le cobrar\u00e1 ninguna tarifa a menos que opte por hacer una transferencia bancaria para ingresar su dinero en su cuenta. En ese caso, posiblemente se le cobrar\u00e1 una tarifa equivalente a lo que el banco cobre por la transferencia.<\/p>\n<p>De lo contrario, tenga esto en cuenta:<\/p>\n<ul>\n<li>Si gana menos de 2500 \u20ac, el dinero se deposita autom\u00e1ticamente en su cuenta. No tendr\u00e1s que preocuparte por nada en absoluto<\/li>\n<li>Si gana m\u00e1s de 2500 \u20ac, el dinero deber\u00e1 pasar por los canales adecuados. Eso significa que recibir\u00e1 un correo electr\u00f3nico nuestro acerca de c\u00f3mo completar un formulario de reclamo con la comisi\u00f3n de la loter\u00eda. Luego, el dinero se transferir\u00e1 a su cuenta bancaria o se le enviar\u00e1 por cheque directamente a usted.<\/li>\n<\/ul>\n","protected":false},"excerpt":{"rendered":"<p>Est\u00e1s de suerte porque hemos pasado por el proceso de lo que debes hacer para obtener tus boletos de Oz Lotto aqu\u00ed mismo , y tambi\u00e9n en M\u00e9xico. puede comprar en l\u00ednea f\u00e1cilmente si solo sigue estos sencillos pasos que le presentamos. Vaya a la p\u00e1gina de la loter\u00eda que desea jugar y seleccione los [&hellip;]<\/p>\n","protected":false},"author":1,"featured_media":0,"parent":3811,"menu_order":14,"comment_status":"closed","ping_status":"closed","template":"template-rightsidebar.php","meta":{"_et_pb_use_builder":"","_et_pb_old_content":"","_et_gb_content_width":"","exclude_from_search":false,"footnotes":""},"class_list":["post-10670","page","type-page","status-publish","hentry"],"yoast_head":"<!-- This site is optimized with the Yoast SEO plugin v23.4 - https:\/\/yoast.com\/wordpress\/plugins\/seo\/ -->\n<title>Obtener boletos para la Oz Lotto en l\u00ednea desde M\u00e9xico<\/title>\n<meta name=\"description\" content=\"Consiga sus billetes para la loter\u00eda australiana Oz Lotto de M\u00e9xico\" \/>\n<meta name=\"robots\" content=\"index, follow, max-snippet:-1, max-image-preview:large, max-video-preview:-1\" \/>\n<link rel=\"canonical\" href=\"https:\/\/onlinelotto365.com\/es\/compra-boletos\/oz-lotto\/\" \/>\n<meta property=\"og:locale\" content=\"es_ES\" \/>\n<meta property=\"og:type\" content=\"article\" \/>\n<meta property=\"og:title\" content=\"Obtener boletos para la Oz Lotto en l\u00ednea desde M\u00e9xico\" \/>\n<meta property=\"og:description\" content=\"Consiga sus billetes para la loter\u00eda australiana Oz Lotto de M\u00e9xico\" \/>\n<meta property=\"og:url\" content=\"https:\/\/onlinelotto365.com\/es\/compra-boletos\/oz-lotto\/\" \/>\n<meta property=\"og:site_name\" content=\"OnlineLotto365\" \/>\n<meta property=\"article:modified_time\" content=\"2021-01-05T12:26:32+00:00\" \/>\n<meta property=\"og:image\" content=\"https:\/\/onlinelotto365.com\/wp-content\/uploads\/2020\/11\/online_lottery-4-300x300.jpg\" \/>\n<meta name=\"twitter:card\" content=\"summary_large_image\" \/>\n<meta name=\"twitter:label1\" content=\"Tiempo de lectura\" \/>\n\t<meta name=\"twitter:data1\" content=\"4 minutos\" \/>\n<script type=\"application\/ld+json\" class=\"yoast-schema-graph\">{\"@context\":\"https:\/\/schema.org\",\"@graph\":[{\"@type\":\"WebPage\",\"@id\":\"https:\/\/onlinelotto365.com\/es\/compra-boletos\/oz-lotto\/\",\"url\":\"https:\/\/onlinelotto365.com\/es\/compra-boletos\/oz-lotto\/\",\"name\":\"Obtener boletos para la Oz Lotto en l\u00ednea desde M\u00e9xico\",\"isPartOf\":{\"@id\":\"https:\/\/onlinelotto365.com\/es\/#website\"},\"primaryImageOfPage\":{\"@id\":\"https:\/\/onlinelotto365.com\/es\/compra-boletos\/oz-lotto\/#primaryimage\"},\"image\":{\"@id\":\"https:\/\/onlinelotto365.com\/es\/compra-boletos\/oz-lotto\/#primaryimage\"},\"thumbnailUrl\":\"https:\/\/onlinelotto365.com\/wp-content\/uploads\/2020\/11\/online_lottery-4-300x300.jpg\",\"datePublished\":\"2020-12-17T18:58:37+00:00\",\"dateModified\":\"2021-01-05T12:26:32+00:00\",\"description\":\"Consiga sus billetes para la loter\u00eda australiana Oz Lotto de M\u00e9xico\",\"breadcrumb\":{\"@id\":\"https:\/\/onlinelotto365.com\/es\/compra-boletos\/oz-lotto\/#breadcrumb\"},\"inLanguage\":\"es\",\"potentialAction\":[{\"@type\":\"ReadAction\",\"target\":[\"https:\/\/onlinelotto365.com\/es\/compra-boletos\/oz-lotto\/\"]}]},{\"@type\":\"ImageObject\",\"inLanguage\":\"es\",\"@id\":\"https:\/\/onlinelotto365.com\/es\/compra-boletos\/oz-lotto\/#primaryimage\",\"url\":\"https:\/\/onlinelotto365.com\/wp-content\/uploads\/2020\/11\/online_lottery-4-300x300.jpg\",\"contentUrl\":\"https:\/\/onlinelotto365.com\/wp-content\/uploads\/2020\/11\/online_lottery-4-300x300.jpg\"},{\"@type\":\"BreadcrumbList\",\"@id\":\"https:\/\/onlinelotto365.com\/es\/compra-boletos\/oz-lotto\/#breadcrumb\",\"itemListElement\":[{\"@type\":\"ListItem\",\"position\":1,\"name\":\"Home\",\"item\":\"https:\/\/onlinelotto365.com\/es\/\"},{\"@type\":\"ListItem\",\"position\":2,\"name\":\"Por qu\u00e9 tiene m\u00e1s sentido comprar billetes de loter\u00eda en l\u00ednea\",\"item\":\"https:\/\/onlinelotto365.com\/es\/compra-boletos\/\"},{\"@type\":\"ListItem\",\"position\":3,\"name\":\"C\u00f3mo comprar billetes de la Loter\u00eda de Oz en l\u00ednea\"}]},{\"@type\":\"WebSite\",\"@id\":\"https:\/\/onlinelotto365.com\/es\/#website\",\"url\":\"https:\/\/onlinelotto365.com\/es\/\",\"name\":\"OnlineLotto365\",\"description\":\"\",\"potentialAction\":[{\"@type\":\"SearchAction\",\"target\":{\"@type\":\"EntryPoint\",\"urlTemplate\":\"https:\/\/onlinelotto365.com\/es\/?s={search_term_string}\"},\"query-input\":{\"@type\":\"PropertyValueSpecification\",\"valueRequired\":true,\"valueName\":\"search_term_string\"}}],\"inLanguage\":\"es\"}]}<\/script>\n<!-- \/ Yoast SEO plugin. -->","yoast_head_json":{"title":"Obtener boletos para la Oz Lotto en l\u00ednea desde M\u00e9xico","description":"Consiga sus billetes para la loter\u00eda australiana Oz Lotto de M\u00e9xico","robots":{"index":"index","follow":"follow","max-snippet":"max-snippet:-1","max-image-preview":"max-image-preview:large","max-video-preview":"max-video-preview:-1"},"canonical":"https:\/\/onlinelotto365.com\/es\/compra-boletos\/oz-lotto\/","og_locale":"es_ES","og_type":"article","og_title":"Obtener boletos para la Oz Lotto en l\u00ednea desde M\u00e9xico","og_description":"Consiga sus billetes para la loter\u00eda australiana Oz Lotto de M\u00e9xico","og_url":"https:\/\/onlinelotto365.com\/es\/compra-boletos\/oz-lotto\/","og_site_name":"OnlineLotto365","article_modified_time":"2021-01-05T12:26:32+00:00","og_image":[{"url":"https:\/\/onlinelotto365.com\/wp-content\/uploads\/2020\/11\/online_lottery-4-300x300.jpg"}],"twitter_card":"summary_large_image","twitter_misc":{"Tiempo de lectura":"4 minutos"},"schema":{"@context":"https:\/\/schema.org","@graph":[{"@type":"WebPage","@id":"https:\/\/onlinelotto365.com\/es\/compra-boletos\/oz-lotto\/","url":"https:\/\/onlinelotto365.com\/es\/compra-boletos\/oz-lotto\/","name":"Obtener boletos para la Oz Lotto en l\u00ednea desde M\u00e9xico","isPartOf":{"@id":"https:\/\/onlinelotto365.com\/es\/#website"},"primaryImageOfPage":{"@id":"https:\/\/onlinelotto365.com\/es\/compra-boletos\/oz-lotto\/#primaryimage"},"image":{"@id":"https:\/\/onlinelotto365.com\/es\/compra-boletos\/oz-lotto\/#primaryimage"},"thumbnailUrl":"https:\/\/onlinelotto365.com\/wp-content\/uploads\/2020\/11\/online_lottery-4-300x300.jpg","datePublished":"2020-12-17T18:58:37+00:00","dateModified":"2021-01-05T12:26:32+00:00","description":"Consiga sus billetes para la loter\u00eda australiana Oz Lotto de M\u00e9xico","breadcrumb":{"@id":"https:\/\/onlinelotto365.com\/es\/compra-boletos\/oz-lotto\/#breadcrumb"},"inLanguage":"es","potentialAction":[{"@type":"ReadAction","target":["https:\/\/onlinelotto365.com\/es\/compra-boletos\/oz-lotto\/"]}]},{"@type":"ImageObject","inLanguage":"es","@id":"https:\/\/onlinelotto365.com\/es\/compra-boletos\/oz-lotto\/#primaryimage","url":"https:\/\/onlinelotto365.com\/wp-content\/uploads\/2020\/11\/online_lottery-4-300x300.jpg","contentUrl":"https:\/\/onlinelotto365.com\/wp-content\/uploads\/2020\/11\/online_lottery-4-300x300.jpg"},{"@type":"BreadcrumbList","@id":"https:\/\/onlinelotto365.com\/es\/compra-boletos\/oz-lotto\/#breadcrumb","itemListElement":[{"@type":"ListItem","position":1,"name":"Home","item":"https:\/\/onlinelotto365.com\/es\/"},{"@type":"ListItem","position":2,"name":"Por qu\u00e9 tiene m\u00e1s sentido comprar billetes de loter\u00eda en l\u00ednea","item":"https:\/\/onlinelotto365.com\/es\/compra-boletos\/"},{"@type":"ListItem","position":3,"name":"C\u00f3mo comprar billetes de la Loter\u00eda de Oz en l\u00ednea"}]},{"@type":"WebSite","@id":"https:\/\/onlinelotto365.com\/es\/#website","url":"https:\/\/onlinelotto365.com\/es\/","name":"OnlineLotto365","description":"","potentialAction":[{"@type":"SearchAction","target":{"@type":"EntryPoint","urlTemplate":"https:\/\/onlinelotto365.com\/es\/?s={search_term_string}"},"query-input":{"@type":"PropertyValueSpecification","valueRequired":true,"valueName":"search_term_string"}}],"inLanguage":"es"}]}},"_links":{"self":[{"href":"https:\/\/onlinelotto365.com\/es\/wp-json\/wp\/v2\/pages\/10670","targetHints":{"allow":["GET"]}}],"collection":[{"href":"https:\/\/onlinelotto365.com\/es\/wp-json\/wp\/v2\/pages"}],"about":[{"href":"https:\/\/onlinelotto365.com\/es\/wp-json\/wp\/v2\/types\/page"}],"author":[{"embeddable":true,"href":"https:\/\/onlinelotto365.com\/es\/wp-json\/wp\/v2\/users\/1"}],"replies":[{"embeddable":true,"href":"https:\/\/onlinelotto365.com\/es\/wp-json\/wp\/v2\/comments?post=10670"}],"version-history":[{"count":0,"href":"https:\/\/onlinelotto365.com\/es\/wp-json\/wp\/v2\/pages\/10670\/revisions"}],"up":[{"embeddable":true,"href":"https:\/\/onlinelotto365.com\/es\/wp-json\/wp\/v2\/pages\/3811"}],"wp:attachment":[{"href":"https:\/\/onlinelotto365.com\/es\/wp-json\/wp\/v2\/media?parent=10670"}],"curies":[{"name":"wp","href":"https:\/\/api.w.org\/{rel}","templated":true}]}}