{"id":10672,"date":"2020-12-17T19:59:55","date_gmt":"2020-12-17T18:59:55","guid":{"rendered":"http:\/\/onlinelotto365.net\/?page_id=10672"},"modified":"2021-01-05T13:26:42","modified_gmt":"2021-01-05T12:26:42","slug":"saturday-lotto-australia","status":"publish","type":"page","link":"https:\/\/onlinelotto365.com\/es\/compra-boletos\/saturday-lotto-australia\/","title":{"rendered":"C\u00f3mo comprar billetes de la Loter\u00eda de los s\u00e1bados de Australia en l\u00ednea"},"content":{"rendered":"<p>Si no estaba seguro de c\u00f3mo comprar boletos de Saturday Lotto M\u00e9xico en l\u00ednea, querr\u00e1 consultar esta <strong> gu\u00eda paso a paso que est\u00e1 dise\u00f1ada para ayudarlo a llegar r\u00e1pidamente <\/strong>. No tendr\u00e1s que preocuparte por nada porque te ayudaremos.<\/p>\n<ul>\n<li>Vaya a la p\u00e1gina de Saturday Lotto Australia y elija los n\u00fameros que desea jugar en cada uno de sus boletos<\/li>\n<li>Agregue m\u00e1s boletos para el mismo juego o para diferentes juegos<\/li>\n<li>Vaya a la opci\u00f3n Pagar ahora<\/li>\n<li>Inicie sesi\u00f3n en su cuenta actual o seleccione la opci\u00f3n para registrarse en una nueva cuenta y siga las instrucciones<\/li>\n<li>Para cuentas nuevas, aseg\u00farese de revisar su bandeja de entrada de correo electr\u00f3nico para obtener un correo electr\u00f3nico de confirmaci\u00f3n con un enlace de verificaci\u00f3n<\/li>\n<li>Verifique su carpeta de correo no deseado si no ve el correo electr\u00f3nico de confirmaci\u00f3n y haga clic en el v\u00ednculo<\/li>\n<li>Vaya a su carrito de compras<\/li>\n<li>Elija la opci\u00f3n de pago que desea utilizar y realice el proceso de pago<\/li>\n<\/ul>\n<p><a href=\"https:\/\/redfoxlotto.com\/es\/jugar\/saturday-lotto-au\/?ref=a8564250a2&amp;medium=ol365\" target=\"_blank\" rel=\"noopener noreferrer\"> <img decoding=\"async\" class=\"aligncenter\" src=\"https:\/\/redfoxlotto.com\/image?size=8&amp;lottery=saturday-lotto-au\" alt=\"Saturday Lotto Australia\" \/> <\/a><\/p>\n<h2>C\u00f3mo pagar su boleto de loter\u00eda de los s\u00e1bados en Australia en l\u00ednea<\/h2>\n<p>Puede usar una de las <strong> diferentes opciones de pago seguro <\/strong> cuando est\u00e9 listo para comprar sus pr\u00f3ximos boletos de loter\u00eda con nosotros desde M\u00e9xico.<br \/>\nElija entre estas diferentes opciones:<\/p>\n<ul>\n<li>Pague el pedido directamente a trav\u00e9s de su m\u00e9todo de pago preferido<\/li>\n<li>Ingrese dinero en su cuenta y util\u00edcelo para comprar boletos<\/li>\n<\/ul>\n<p>Aseg\u00farese de agregar dinero m\u00e1s que suficiente para la compra si decide poner dinero en su cuenta.<\/p>\n<h2>M\u00e1s informaci\u00f3n sobre Saturday Lotto Australia<\/h2>\n<ul>\n<li>Pa\u00eds: Australia<\/li>\n<li>Rango de n\u00fameros principales: 45<\/li>\n<li>Elige: 6<\/li>\n<li>D\u00edas de sorteo, horario: s\u00e1bado, 21:30 GMT + 11, 10:30 CET<\/li>\n<li>Premio mayor m\u00ednimo: AU $ 5 millones<\/li>\n<li>Premio mayor m\u00e1ximo: 150 millones de d\u00f3lares australianos<\/li>\n<li>Probabilidad de ganar el premio mayor: 1 en 8145060<\/li>\n<li>Probabilidad de una victoria de nivel 2: 1 en 678755<\/li>\n<li>Probabilidad de ganar en cualquier nivel: 1 en 85,44<\/li>\n<li>N\u00famero de niveles de premios: 6<\/li>\n<\/ul>\n<h2>Ventajas de comprar boletos de Saturday Lotto Australia en l\u00ednea<\/h2>\n<ul>\n<li>Obtenga las entradas que desee y nunca tenga que salir por la puerta<\/li>\n<li>Elija entre muchos juegos de loter\u00eda diferentes<\/li>\n<li>Obtenga una <strong> mejor oportunidad de ganar <\/strong> si busca los premios mayores m\u00e1s grandes<\/li>\n<li>Ingrese su dinero en una cuenta y luego pague sus boletos<\/li>\n<li>Realice un seguimiento de sus entradas f\u00e1cilmente<\/li>\n<li>Reciba notificaciones de premios en todo momento<\/li>\n<li>Use una selecci\u00f3n r\u00e1pida para obtener boletos sin elegir n\u00fameros<\/li>\n<\/ul>\n<h2>\u00bfEs legal comprar boletos de Saturday Lotto Australia en l\u00ednea?<\/h2>\n<p>Es posible que te inquiete comprar boletos de loter\u00eda de esta manera <strong> mientras eres residente en M\u00e9xico <\/strong>, si esto es realmente legal en tu pa\u00eds de residencia. Bueno, no tienes que preocuparte porque nos encargamos de asegurarnos de que todo sea legal seg\u00fan el pa\u00eds donde se compren los boletos, incluido el pa\u00eds en el que se basa la loter\u00eda. No tienes que preocuparte por nada m\u00e1s que asegur\u00e1ndose de tener la edad legal suficiente para comprar los boletos. Debe tener 18 a\u00f1os para utilizar nuestro sitio web.<\/p>\n<h2>\u00bfC\u00f3mo se me paga si gano Saturday Lotto Australia en l\u00ednea?<\/h2>\n<p>Sabemos que no quiere que nadie se lleve una parte de sus ganancias y es por eso que nos aseguramos de que no lo hagamos. Nunca nos pagar\u00e1 una comisi\u00f3n cuando gane sus juegos de loter\u00eda favoritos. Y tampoco tiene que preocuparse por pagarnos una comisi\u00f3n sobre las ganancias.<\/p>\n<p>La \u00fanica vez que pagar\u00e1 una tarifa es si elige que sus <a href=\"https:\/\/onlinelotto365.com\/es\/numeros-ganadores\"> ganancias de loter\u00eda <\/a> se depositen a trav\u00e9s de una transferencia bancaria, por ejemplo a un banco en M\u00e9xico. Estas transferencias bancarias a veces pueden costarnos tarifas ya que los bancos cobran por las transferencias internacionales. Esa tarifa puede pasarle a usted y deducirse de las ganancias que haya obtenido.<br \/>\n<strong> Cuando se trata de cobrar, solo debe recordar: <\/strong><\/p>\n<ul>\n<li>Los pagos inferiores a 2500 \u20ac se ingresan en su cuenta. No tiene que hacer nada porque nosotros lo haremos todo por usted.<\/li>\n<li>Los pagos superiores a 2500 \u20ac se abonan mediante transferencia bancaria o cheque. Nuestro equipo de asistencia se pondr\u00e1 en contacto con usted para completar un formulario que nos permitir\u00e1 saber c\u00f3mo enviarle el dinero. Entonces solo tiene que esperar unos d\u00edas para que est\u00e9 all\u00ed.<\/li>\n<\/ul>\n","protected":false},"excerpt":{"rendered":"<p>Si no estaba seguro de c\u00f3mo comprar boletos de Saturday Lotto M\u00e9xico en l\u00ednea, querr\u00e1 consultar esta gu\u00eda paso a paso que est\u00e1 dise\u00f1ada para ayudarlo a llegar r\u00e1pidamente . No tendr\u00e1s que preocuparte por nada porque te ayudaremos. Vaya a la p\u00e1gina de Saturday Lotto Australia y elija los n\u00fameros que desea jugar en [&hellip;]<\/p>\n","protected":false},"author":1,"featured_media":0,"parent":3811,"menu_order":15,"comment_status":"closed","ping_status":"closed","template":"saturday-lotto-info.php","meta":{"_et_pb_use_builder":"","_et_pb_old_content":"","_et_gb_content_width":"","exclude_from_search":false,"footnotes":""},"class_list":["post-10672","page","type-page","status-publish","hentry"],"yoast_head":"<!-- This site is optimized with the Yoast SEO plugin v23.4 - https:\/\/yoast.com\/wordpress\/plugins\/seo\/ -->\n<title>C\u00f3mo conseguir los billetes de la Loter\u00eda de los s\u00e1bados de Australia si es residente de M\u00e9xico<\/title>\n<meta name=\"description\" content=\"Los residentes de M\u00e9xico ahora pueden comprar billetes para la loter\u00eda del s\u00e1bado de Australia\" \/>\n<meta name=\"robots\" content=\"index, follow, max-snippet:-1, max-image-preview:large, max-video-preview:-1\" \/>\n<link rel=\"canonical\" href=\"https:\/\/onlinelotto365.com\/es\/compra-boletos\/saturday-lotto-australia\/\" \/>\n<meta property=\"og:locale\" content=\"es_ES\" \/>\n<meta property=\"og:type\" content=\"article\" \/>\n<meta property=\"og:title\" content=\"C\u00f3mo conseguir los billetes de la Loter\u00eda de los s\u00e1bados de Australia si es residente de M\u00e9xico\" \/>\n<meta property=\"og:description\" content=\"Los residentes de M\u00e9xico ahora pueden comprar billetes para la loter\u00eda del s\u00e1bado de Australia\" \/>\n<meta property=\"og:url\" content=\"https:\/\/onlinelotto365.com\/es\/compra-boletos\/saturday-lotto-australia\/\" \/>\n<meta property=\"og:site_name\" content=\"OnlineLotto365\" \/>\n<meta property=\"article:modified_time\" content=\"2021-01-05T12:26:42+00:00\" \/>\n<meta property=\"og:image\" content=\"https:\/\/redfoxlotto.com\/image?size=8&amp;lottery=saturday-lotto-au\" \/>\n<meta name=\"twitter:card\" content=\"summary_large_image\" \/>\n<meta name=\"twitter:label1\" content=\"Tiempo de lectura\" \/>\n\t<meta name=\"twitter:data1\" content=\"4 minutos\" \/>\n<script type=\"application\/ld+json\" class=\"yoast-schema-graph\">{\"@context\":\"https:\/\/schema.org\",\"@graph\":[{\"@type\":\"WebPage\",\"@id\":\"https:\/\/onlinelotto365.com\/es\/compra-boletos\/saturday-lotto-australia\/\",\"url\":\"https:\/\/onlinelotto365.com\/es\/compra-boletos\/saturday-lotto-australia\/\",\"name\":\"C\u00f3mo conseguir los billetes de la Loter\u00eda de los s\u00e1bados de Australia si es residente de M\u00e9xico\",\"isPartOf\":{\"@id\":\"https:\/\/onlinelotto365.com\/es\/#website\"},\"primaryImageOfPage\":{\"@id\":\"https:\/\/onlinelotto365.com\/es\/compra-boletos\/saturday-lotto-australia\/#primaryimage\"},\"image\":{\"@id\":\"https:\/\/onlinelotto365.com\/es\/compra-boletos\/saturday-lotto-australia\/#primaryimage\"},\"thumbnailUrl\":\"https:\/\/redfoxlotto.com\/image?size=8&amp;lottery=saturday-lotto-au\",\"datePublished\":\"2020-12-17T18:59:55+00:00\",\"dateModified\":\"2021-01-05T12:26:42+00:00\",\"description\":\"Los residentes de M\u00e9xico ahora pueden comprar billetes para la loter\u00eda del s\u00e1bado de Australia\",\"breadcrumb\":{\"@id\":\"https:\/\/onlinelotto365.com\/es\/compra-boletos\/saturday-lotto-australia\/#breadcrumb\"},\"inLanguage\":\"es\",\"potentialAction\":[{\"@type\":\"ReadAction\",\"target\":[\"https:\/\/onlinelotto365.com\/es\/compra-boletos\/saturday-lotto-australia\/\"]}]},{\"@type\":\"ImageObject\",\"inLanguage\":\"es\",\"@id\":\"https:\/\/onlinelotto365.com\/es\/compra-boletos\/saturday-lotto-australia\/#primaryimage\",\"url\":\"https:\/\/redfoxlotto.com\/image?size=8&amp;lottery=saturday-lotto-au\",\"contentUrl\":\"https:\/\/redfoxlotto.com\/image?size=8&amp;lottery=saturday-lotto-au\"},{\"@type\":\"BreadcrumbList\",\"@id\":\"https:\/\/onlinelotto365.com\/es\/compra-boletos\/saturday-lotto-australia\/#breadcrumb\",\"itemListElement\":[{\"@type\":\"ListItem\",\"position\":1,\"name\":\"Home\",\"item\":\"https:\/\/onlinelotto365.com\/es\/\"},{\"@type\":\"ListItem\",\"position\":2,\"name\":\"Por qu\u00e9 tiene m\u00e1s sentido comprar billetes de loter\u00eda en l\u00ednea\",\"item\":\"https:\/\/onlinelotto365.com\/es\/compra-boletos\/\"},{\"@type\":\"ListItem\",\"position\":3,\"name\":\"C\u00f3mo comprar billetes de la Loter\u00eda de los s\u00e1bados de Australia en l\u00ednea\"}]},{\"@type\":\"WebSite\",\"@id\":\"https:\/\/onlinelotto365.com\/es\/#website\",\"url\":\"https:\/\/onlinelotto365.com\/es\/\",\"name\":\"OnlineLotto365\",\"description\":\"\",\"potentialAction\":[{\"@type\":\"SearchAction\",\"target\":{\"@type\":\"EntryPoint\",\"urlTemplate\":\"https:\/\/onlinelotto365.com\/es\/?s={search_term_string}\"},\"query-input\":{\"@type\":\"PropertyValueSpecification\",\"valueRequired\":true,\"valueName\":\"search_term_string\"}}],\"inLanguage\":\"es\"}]}<\/script>\n<!-- \/ Yoast SEO plugin. -->","yoast_head_json":{"title":"C\u00f3mo conseguir los billetes de la Loter\u00eda de los s\u00e1bados de Australia si es residente de M\u00e9xico","description":"Los residentes de M\u00e9xico ahora pueden comprar billetes para la loter\u00eda del s\u00e1bado de Australia","robots":{"index":"index","follow":"follow","max-snippet":"max-snippet:-1","max-image-preview":"max-image-preview:large","max-video-preview":"max-video-preview:-1"},"canonical":"https:\/\/onlinelotto365.com\/es\/compra-boletos\/saturday-lotto-australia\/","og_locale":"es_ES","og_type":"article","og_title":"C\u00f3mo conseguir los billetes de la Loter\u00eda de los s\u00e1bados de Australia si es residente de M\u00e9xico","og_description":"Los residentes de M\u00e9xico ahora pueden comprar billetes para la loter\u00eda del s\u00e1bado de Australia","og_url":"https:\/\/onlinelotto365.com\/es\/compra-boletos\/saturday-lotto-australia\/","og_site_name":"OnlineLotto365","article_modified_time":"2021-01-05T12:26:42+00:00","og_image":[{"url":"https:\/\/redfoxlotto.com\/image?size=8&amp;lottery=saturday-lotto-au"}],"twitter_card":"summary_large_image","twitter_misc":{"Tiempo de lectura":"4 minutos"},"schema":{"@context":"https:\/\/schema.org","@graph":[{"@type":"WebPage","@id":"https:\/\/onlinelotto365.com\/es\/compra-boletos\/saturday-lotto-australia\/","url":"https:\/\/onlinelotto365.com\/es\/compra-boletos\/saturday-lotto-australia\/","name":"C\u00f3mo conseguir los billetes de la Loter\u00eda de los s\u00e1bados de Australia si es residente de M\u00e9xico","isPartOf":{"@id":"https:\/\/onlinelotto365.com\/es\/#website"},"primaryImageOfPage":{"@id":"https:\/\/onlinelotto365.com\/es\/compra-boletos\/saturday-lotto-australia\/#primaryimage"},"image":{"@id":"https:\/\/onlinelotto365.com\/es\/compra-boletos\/saturday-lotto-australia\/#primaryimage"},"thumbnailUrl":"https:\/\/redfoxlotto.com\/image?size=8&amp;lottery=saturday-lotto-au","datePublished":"2020-12-17T18:59:55+00:00","dateModified":"2021-01-05T12:26:42+00:00","description":"Los residentes de M\u00e9xico ahora pueden comprar billetes para la loter\u00eda del s\u00e1bado de Australia","breadcrumb":{"@id":"https:\/\/onlinelotto365.com\/es\/compra-boletos\/saturday-lotto-australia\/#breadcrumb"},"inLanguage":"es","potentialAction":[{"@type":"ReadAction","target":["https:\/\/onlinelotto365.com\/es\/compra-boletos\/saturday-lotto-australia\/"]}]},{"@type":"ImageObject","inLanguage":"es","@id":"https:\/\/onlinelotto365.com\/es\/compra-boletos\/saturday-lotto-australia\/#primaryimage","url":"https:\/\/redfoxlotto.com\/image?size=8&amp;lottery=saturday-lotto-au","contentUrl":"https:\/\/redfoxlotto.com\/image?size=8&amp;lottery=saturday-lotto-au"},{"@type":"BreadcrumbList","@id":"https:\/\/onlinelotto365.com\/es\/compra-boletos\/saturday-lotto-australia\/#breadcrumb","itemListElement":[{"@type":"ListItem","position":1,"name":"Home","item":"https:\/\/onlinelotto365.com\/es\/"},{"@type":"ListItem","position":2,"name":"Por qu\u00e9 tiene m\u00e1s sentido comprar billetes de loter\u00eda en l\u00ednea","item":"https:\/\/onlinelotto365.com\/es\/compra-boletos\/"},{"@type":"ListItem","position":3,"name":"C\u00f3mo comprar billetes de la Loter\u00eda de los s\u00e1bados de Australia en l\u00ednea"}]},{"@type":"WebSite","@id":"https:\/\/onlinelotto365.com\/es\/#website","url":"https:\/\/onlinelotto365.com\/es\/","name":"OnlineLotto365","description":"","potentialAction":[{"@type":"SearchAction","target":{"@type":"EntryPoint","urlTemplate":"https:\/\/onlinelotto365.com\/es\/?s={search_term_string}"},"query-input":{"@type":"PropertyValueSpecification","valueRequired":true,"valueName":"search_term_string"}}],"inLanguage":"es"}]}},"_links":{"self":[{"href":"https:\/\/onlinelotto365.com\/es\/wp-json\/wp\/v2\/pages\/10672","targetHints":{"allow":["GET"]}}],"collection":[{"href":"https:\/\/onlinelotto365.com\/es\/wp-json\/wp\/v2\/pages"}],"about":[{"href":"https:\/\/onlinelotto365.com\/es\/wp-json\/wp\/v2\/types\/page"}],"author":[{"embeddable":true,"href":"https:\/\/onlinelotto365.com\/es\/wp-json\/wp\/v2\/users\/1"}],"replies":[{"embeddable":true,"href":"https:\/\/onlinelotto365.com\/es\/wp-json\/wp\/v2\/comments?post=10672"}],"version-history":[{"count":0,"href":"https:\/\/onlinelotto365.com\/es\/wp-json\/wp\/v2\/pages\/10672\/revisions"}],"up":[{"embeddable":true,"href":"https:\/\/onlinelotto365.com\/es\/wp-json\/wp\/v2\/pages\/3811"}],"wp:attachment":[{"href":"https:\/\/onlinelotto365.com\/es\/wp-json\/wp\/v2\/media?parent=10672"}],"curies":[{"name":"wp","href":"https:\/\/api.w.org\/{rel}","templated":true}]}}