{"id":10675,"date":"2020-12-17T20:01:10","date_gmt":"2020-12-17T19:01:10","guid":{"rendered":"http:\/\/onlinelotto365.net\/?page_id=10675"},"modified":"2021-01-05T13:27:04","modified_gmt":"2021-01-05T12:27:04","slug":"mon-wed-lotto-australia","status":"publish","type":"page","link":"https:\/\/onlinelotto365.com\/es\/compra-boletos\/mon-wed-lotto-australia\/","title":{"rendered":"C\u00f3mo comprar billetes de la Loter\u00eda de Mon &#038; Wed Australia en l\u00ednea"},"content":{"rendered":"<p>Hemos escrito los diferentes pasos que debe seguir si <strong> est\u00e1 buscando comprar Mon &amp; amp; Boletos de Wed Lotto Australia <\/strong> de nuestro sitio web. Es simple y f\u00e1cil, y cuando siga estos pasos, encontrar\u00e1 que tiene sus boletos listos para ir r\u00e1pido.<\/p>\n<ul>\n<li>Vaya a la p\u00e1gina de la loter\u00eda a la que desea jugar y elija los n\u00fameros que va a jugar en cada boleto.<\/li>\n<li>Agregue tantas entradas para este o cualquier otro juego como desee para crear su pedido<\/li>\n<li>Elija la opci\u00f3n para pagar ahora<\/li>\n<li>Inicie sesi\u00f3n en su cuenta actual o siga el proceso de creaci\u00f3n de una nueva cuenta y registrarla<\/li>\n<li>Vaya a su correo electr\u00f3nico para obtener el enlace de verificaci\u00f3n para registrar su cuenta y realizar una compra<\/li>\n<li>Verifique su carpeta de correo no deseado para ver si el correo electr\u00f3nico se envi\u00f3 all\u00ed por error si no lo ve en su bandeja de entrada<\/li>\n<li>Realice el proceso de pago en su carrito de compras<\/li>\n<li>Elija el m\u00e9todo de pago que desea utilizar y siga las instrucciones para procesar su pago<\/li>\n<\/ul>\n<p><a href=\"https:\/\/redfoxlotto.com\/es\/jugar\/monday-wednesday-lotto-au\/?ref=a8564250a2&amp;medium=ol365\" target=\"_blank\" rel=\"noopener noreferrer\"> <img decoding=\"async\" class=\"aligncenter\" src=\"https:\/\/redfoxlotto.com\/image?size=8&amp;lottery=monday-wednesday-lotto-au\" alt=\"Mon &amp; Wed Lotto Australia\" \/> <\/a><\/p>\n<h2>C\u00f3mo pagar su Mon &amp; amp; Boleto del mi\u00e9rcoles Lotto Australia en l\u00ednea<\/h2>\n<p>Cuando se trata de realizar un pago, tiene varias opciones diferentes completamente seguras. Todo lo que tienes que hacer es echar un vistazo aqu\u00ed y ver cu\u00e1les ser\u00e1n algunas de esas opciones.<br \/>\nObtenga sus boletos eligiendo una de dos opciones:<\/p>\n<ul>\n<li>Pague directamente con el m\u00e9todo de pago que elija<\/li>\n<li>Agregue dinero a una cuenta de jugador y use esa cuenta para comprar sus boletos<\/li>\n<\/ul>\n<p>No cometa el error de poner muy poco en su cuenta para pagar sus boletos. Necesita un poco m\u00e1s que la cantidad de su carrito.<\/p>\n<h2>M\u00e1s informaci\u00f3n sobre Mon &amp; amp; Mi\u00e9 Lotto Australia<\/h2>\n<ul>\n<li>Pa\u00eds: Australia<\/li>\n<li>Rango de n\u00fameros principales: 45<\/li>\n<li>Elige: 6<\/li>\n<li>D\u00edas y horarios del sorteo: lunes, mi\u00e9rcoles, 21:30 GMT + 11, 10:30 CET<\/li>\n<li>Premio mayor m\u00ednimo: AU $ 2,5 millones<\/li>\n<li>Premio mayor m\u00e1ximo: premio mayor fijo<\/li>\n<li>Probabilidad de ganar el premio mayor: 1 en 8145060<\/li>\n<li>Probabilidad de una victoria de nivel 2: 1 en 678755<\/li>\n<li>Probabilidad de ganar en cualquier nivel: 1 en 85,44<\/li>\n<li>N\u00famero de niveles de premios: 6<\/li>\n<\/ul>\n<h2>Ventajas de comprar Mon &amp; amp; Boletos del mi\u00e9rcoles Lotto Australia en l\u00ednea<\/h2>\n<ul>\n<li>Obtenga boletos de loter\u00eda desde casa, sin tener que preocuparse por salir<\/li>\n<li>Elija entre todas sus entradas favoritas y luego algunas<\/li>\n<li>Obtenga <a href=\"https:\/\/onlinelotto365.com\/es\/news\/que-loterias-tienen-mas-posibilidades-de-ganar\"> mejores probabilidades eligiendo juegos con los montos m\u00e1s altos <\/a>.<\/li>\n<li>Use el saldo de su cuenta para comprar boletos depositando dinero<\/li>\n<li>Realice un seguimiento de sus boletos a trav\u00e9s de una cuenta en l\u00ednea<\/li>\n<li>Reciba notificaciones cada vez que tenga un boleto ganador<\/li>\n<li>Use el generador de n\u00fameros aleatorios para elegir boletos por usted<\/li>\n<\/ul>\n<h2>\u00bfEs legal comprar Mon &amp; amp; \u00bfBoletos de loter\u00eda de Australia del mi\u00e9rcoles en l\u00ednea? <img decoding=\"async\" class=\"alignright wp-image-3685\" src=\"https:\/\/onlinelotto365.com\/wp-content\/uploads\/2020\/11\/online_lottery-4-300x192.jpeg\" alt=\" lun mi\u00e9 loter\u00eda de Australia en l\u00ednea \" width=\" 255 \" height=\" 163 \" srcset=\"https:\/\/onlinelotto365.com\/wp-content\/uploads\/2020\/11\/online_lottery-4-300x192.jpeg 300w, https:\/\/onlinelotto365.com\/wp-content\/uploads\/2020\/11\/online_lottery-4-600x383.jpeg 600w, https:\/\/onlinelotto365.com\/wp-content\/uploads\/2020\/11\/online_lottery-4.jpeg 751w\" sizes=\"(max-width: 300px) 100vw, 300px\" \/><\/h2>\n<p>A muchas personas les preocupa que comprar boletos en l\u00ednea sea ilegal o que comprarlos de la manera tradicional pueda ser ilegal en su pa\u00eds de origen. Bueno, nos aseguramos de que se sigan todas las regulaciones del pa\u00eds de donde proviene la loter\u00eda. Nos aseguraremos de que usted tambi\u00e9n reciba sus ganancias de loter\u00eda. Ya sea que gane un premio peque\u00f1o o grande, lo ayudaremos a obtener lo que est\u00e1 buscando y a lo que tiene derecho.<br \/>\nTodos los usuarios de nuestro sitio web deben tener <a href=\"https:\/\/onlinelotto365.com\/es\/news\/edad-minima-para-comprar-billetes-de-loteria\"> al menos 18 a\u00f1os <\/a>.<\/p>\n<h2>\u00bfC\u00f3mo se me paga si gano Mon &amp; amp; \u00bfMi\u00e9 Lotto Australia en l\u00ednea?<\/h2>\n<p>Obtener ganancias para nuestros clientes en M\u00e9xico o en otras partes del mundo es la parte m\u00e1s importante del proceso y lo hacemos asegur\u00e1ndonos de que no haya comisiones. No tiene que preocuparse de que retiremos nada de sus ganancias a menos que elija hacer una transferencia bancaria.<br \/>\nEste m\u00e9todo de pago, especialmente cuando se realiza como una transacci\u00f3n internacional, nos puede costar cuando el banco cobra comisiones. Si eso sucede, es posible que se le transfiera el costo y se lo deduzca de sus ganancias.<br \/>\nHay dos formas diferentes de realizar los pagos.<\/p>\n<ul>\n<li>Los pagos que sean inferiores a 2500 \u20ac se realizar\u00e1n sin que usted d\u00e9 su opini\u00f3n. Nuestro equipo se asegura de que el dinero se ingrese directamente en su cuenta.<\/li>\n<li>Los importes ganadores superiores a 2500 \u20ac se procesan de forma diferente. <strong> Estos montos deben procesarse con la comisi\u00f3n de la loter\u00eda <\/strong> y eso significa que necesitamos completar un formulario de reclamo. Enviaremos el formulario a yUsted y todo lo que tiene que hacer es llenarlo y hacernos saber si desea que le enviemos su dinero a M\u00e9xico mediante transferencia bancaria o cheque.<\/li>\n<\/ul>\n","protected":false},"excerpt":{"rendered":"<p>Hemos escrito los diferentes pasos que debe seguir si est\u00e1 buscando comprar Mon &amp; amp; Boletos de Wed Lotto Australia de nuestro sitio web. Es simple y f\u00e1cil, y cuando siga estos pasos, encontrar\u00e1 que tiene sus boletos listos para ir r\u00e1pido. Vaya a la p\u00e1gina de la loter\u00eda a la que desea jugar y [&hellip;]<\/p>\n","protected":false},"author":1,"featured_media":0,"parent":3811,"menu_order":16,"comment_status":"closed","ping_status":"closed","template":"template-rightsidebar.php","meta":{"_et_pb_use_builder":"","_et_pb_old_content":"","_et_gb_content_width":"","exclude_from_search":false,"footnotes":""},"class_list":["post-10675","page","type-page","status-publish","hentry"],"yoast_head":"<!-- This site is optimized with the Yoast SEO plugin v23.4 - https:\/\/yoast.com\/wordpress\/plugins\/seo\/ -->\n<title>Compra de boletos en l\u00ednea para la loter\u00eda de Mon &amp; Wed Australia<\/title>\n<meta name=\"description\" content=\"No importa d\u00f3nde vivas, y ahora no importa lo que busques, puedes conseguir billetes de la Loter\u00eda de Mon &amp; Wed Australia aqu\u00ed!\" \/>\n<meta name=\"robots\" content=\"index, follow, max-snippet:-1, max-image-preview:large, max-video-preview:-1\" \/>\n<link rel=\"canonical\" href=\"https:\/\/onlinelotto365.com\/es\/compra-boletos\/mon-wed-lotto-australia\/\" \/>\n<meta property=\"og:locale\" content=\"es_ES\" \/>\n<meta property=\"og:type\" content=\"article\" \/>\n<meta property=\"og:title\" content=\"Compra de boletos en l\u00ednea para la loter\u00eda de Mon &amp; Wed Australia\" \/>\n<meta property=\"og:description\" content=\"No importa d\u00f3nde vivas, y ahora no importa lo que busques, puedes conseguir billetes de la Loter\u00eda de Mon &amp; Wed Australia aqu\u00ed!\" \/>\n<meta property=\"og:url\" content=\"https:\/\/onlinelotto365.com\/es\/compra-boletos\/mon-wed-lotto-australia\/\" \/>\n<meta property=\"og:site_name\" content=\"OnlineLotto365\" \/>\n<meta property=\"article:modified_time\" content=\"2021-01-05T12:27:04+00:00\" \/>\n<meta property=\"og:image\" content=\"https:\/\/redfoxlotto.com\/image?size=8&amp;lottery=monday-wednesday-lotto-au\" \/>\n<meta name=\"twitter:card\" content=\"summary_large_image\" \/>\n<meta name=\"twitter:label1\" content=\"Tiempo de lectura\" \/>\n\t<meta name=\"twitter:data1\" content=\"4 minutos\" \/>\n<script type=\"application\/ld+json\" class=\"yoast-schema-graph\">{\"@context\":\"https:\/\/schema.org\",\"@graph\":[{\"@type\":\"WebPage\",\"@id\":\"https:\/\/onlinelotto365.com\/es\/compra-boletos\/mon-wed-lotto-australia\/\",\"url\":\"https:\/\/onlinelotto365.com\/es\/compra-boletos\/mon-wed-lotto-australia\/\",\"name\":\"Compra de boletos en l\u00ednea para la loter\u00eda de Mon & Wed Australia\",\"isPartOf\":{\"@id\":\"https:\/\/onlinelotto365.com\/es\/#website\"},\"primaryImageOfPage\":{\"@id\":\"https:\/\/onlinelotto365.com\/es\/compra-boletos\/mon-wed-lotto-australia\/#primaryimage\"},\"image\":{\"@id\":\"https:\/\/onlinelotto365.com\/es\/compra-boletos\/mon-wed-lotto-australia\/#primaryimage\"},\"thumbnailUrl\":\"https:\/\/redfoxlotto.com\/image?size=8&amp;lottery=monday-wednesday-lotto-au\",\"datePublished\":\"2020-12-17T19:01:10+00:00\",\"dateModified\":\"2021-01-05T12:27:04+00:00\",\"description\":\"No importa d\u00f3nde vivas, y ahora no importa lo que busques, puedes conseguir billetes de la Loter\u00eda de Mon & Wed Australia aqu\u00ed!\",\"breadcrumb\":{\"@id\":\"https:\/\/onlinelotto365.com\/es\/compra-boletos\/mon-wed-lotto-australia\/#breadcrumb\"},\"inLanguage\":\"es\",\"potentialAction\":[{\"@type\":\"ReadAction\",\"target\":[\"https:\/\/onlinelotto365.com\/es\/compra-boletos\/mon-wed-lotto-australia\/\"]}]},{\"@type\":\"ImageObject\",\"inLanguage\":\"es\",\"@id\":\"https:\/\/onlinelotto365.com\/es\/compra-boletos\/mon-wed-lotto-australia\/#primaryimage\",\"url\":\"https:\/\/redfoxlotto.com\/image?size=8&amp;lottery=monday-wednesday-lotto-au\",\"contentUrl\":\"https:\/\/redfoxlotto.com\/image?size=8&amp;lottery=monday-wednesday-lotto-au\"},{\"@type\":\"BreadcrumbList\",\"@id\":\"https:\/\/onlinelotto365.com\/es\/compra-boletos\/mon-wed-lotto-australia\/#breadcrumb\",\"itemListElement\":[{\"@type\":\"ListItem\",\"position\":1,\"name\":\"Home\",\"item\":\"https:\/\/onlinelotto365.com\/es\/\"},{\"@type\":\"ListItem\",\"position\":2,\"name\":\"Por qu\u00e9 tiene m\u00e1s sentido comprar billetes de loter\u00eda en l\u00ednea\",\"item\":\"https:\/\/onlinelotto365.com\/es\/compra-boletos\/\"},{\"@type\":\"ListItem\",\"position\":3,\"name\":\"C\u00f3mo comprar billetes de la Loter\u00eda de Mon &#038; Wed Australia en l\u00ednea\"}]},{\"@type\":\"WebSite\",\"@id\":\"https:\/\/onlinelotto365.com\/es\/#website\",\"url\":\"https:\/\/onlinelotto365.com\/es\/\",\"name\":\"OnlineLotto365\",\"description\":\"\",\"potentialAction\":[{\"@type\":\"SearchAction\",\"target\":{\"@type\":\"EntryPoint\",\"urlTemplate\":\"https:\/\/onlinelotto365.com\/es\/?s={search_term_string}\"},\"query-input\":{\"@type\":\"PropertyValueSpecification\",\"valueRequired\":true,\"valueName\":\"search_term_string\"}}],\"inLanguage\":\"es\"}]}<\/script>\n<!-- \/ Yoast SEO plugin. -->","yoast_head_json":{"title":"Compra de boletos en l\u00ednea para la loter\u00eda de Mon & Wed Australia","description":"No importa d\u00f3nde vivas, y ahora no importa lo que busques, puedes conseguir billetes de la Loter\u00eda de Mon & Wed Australia aqu\u00ed!","robots":{"index":"index","follow":"follow","max-snippet":"max-snippet:-1","max-image-preview":"max-image-preview:large","max-video-preview":"max-video-preview:-1"},"canonical":"https:\/\/onlinelotto365.com\/es\/compra-boletos\/mon-wed-lotto-australia\/","og_locale":"es_ES","og_type":"article","og_title":"Compra de boletos en l\u00ednea para la loter\u00eda de Mon & Wed Australia","og_description":"No importa d\u00f3nde vivas, y ahora no importa lo que busques, puedes conseguir billetes de la Loter\u00eda de Mon & Wed Australia aqu\u00ed!","og_url":"https:\/\/onlinelotto365.com\/es\/compra-boletos\/mon-wed-lotto-australia\/","og_site_name":"OnlineLotto365","article_modified_time":"2021-01-05T12:27:04+00:00","og_image":[{"url":"https:\/\/redfoxlotto.com\/image?size=8&amp;lottery=monday-wednesday-lotto-au"}],"twitter_card":"summary_large_image","twitter_misc":{"Tiempo de lectura":"4 minutos"},"schema":{"@context":"https:\/\/schema.org","@graph":[{"@type":"WebPage","@id":"https:\/\/onlinelotto365.com\/es\/compra-boletos\/mon-wed-lotto-australia\/","url":"https:\/\/onlinelotto365.com\/es\/compra-boletos\/mon-wed-lotto-australia\/","name":"Compra de boletos en l\u00ednea para la loter\u00eda de Mon & Wed Australia","isPartOf":{"@id":"https:\/\/onlinelotto365.com\/es\/#website"},"primaryImageOfPage":{"@id":"https:\/\/onlinelotto365.com\/es\/compra-boletos\/mon-wed-lotto-australia\/#primaryimage"},"image":{"@id":"https:\/\/onlinelotto365.com\/es\/compra-boletos\/mon-wed-lotto-australia\/#primaryimage"},"thumbnailUrl":"https:\/\/redfoxlotto.com\/image?size=8&amp;lottery=monday-wednesday-lotto-au","datePublished":"2020-12-17T19:01:10+00:00","dateModified":"2021-01-05T12:27:04+00:00","description":"No importa d\u00f3nde vivas, y ahora no importa lo que busques, puedes conseguir billetes de la Loter\u00eda de Mon & Wed Australia aqu\u00ed!","breadcrumb":{"@id":"https:\/\/onlinelotto365.com\/es\/compra-boletos\/mon-wed-lotto-australia\/#breadcrumb"},"inLanguage":"es","potentialAction":[{"@type":"ReadAction","target":["https:\/\/onlinelotto365.com\/es\/compra-boletos\/mon-wed-lotto-australia\/"]}]},{"@type":"ImageObject","inLanguage":"es","@id":"https:\/\/onlinelotto365.com\/es\/compra-boletos\/mon-wed-lotto-australia\/#primaryimage","url":"https:\/\/redfoxlotto.com\/image?size=8&amp;lottery=monday-wednesday-lotto-au","contentUrl":"https:\/\/redfoxlotto.com\/image?size=8&amp;lottery=monday-wednesday-lotto-au"},{"@type":"BreadcrumbList","@id":"https:\/\/onlinelotto365.com\/es\/compra-boletos\/mon-wed-lotto-australia\/#breadcrumb","itemListElement":[{"@type":"ListItem","position":1,"name":"Home","item":"https:\/\/onlinelotto365.com\/es\/"},{"@type":"ListItem","position":2,"name":"Por qu\u00e9 tiene m\u00e1s sentido comprar billetes de loter\u00eda en l\u00ednea","item":"https:\/\/onlinelotto365.com\/es\/compra-boletos\/"},{"@type":"ListItem","position":3,"name":"C\u00f3mo comprar billetes de la Loter\u00eda de Mon &#038; Wed Australia en l\u00ednea"}]},{"@type":"WebSite","@id":"https:\/\/onlinelotto365.com\/es\/#website","url":"https:\/\/onlinelotto365.com\/es\/","name":"OnlineLotto365","description":"","potentialAction":[{"@type":"SearchAction","target":{"@type":"EntryPoint","urlTemplate":"https:\/\/onlinelotto365.com\/es\/?s={search_term_string}"},"query-input":{"@type":"PropertyValueSpecification","valueRequired":true,"valueName":"search_term_string"}}],"inLanguage":"es"}]}},"_links":{"self":[{"href":"https:\/\/onlinelotto365.com\/es\/wp-json\/wp\/v2\/pages\/10675","targetHints":{"allow":["GET"]}}],"collection":[{"href":"https:\/\/onlinelotto365.com\/es\/wp-json\/wp\/v2\/pages"}],"about":[{"href":"https:\/\/onlinelotto365.com\/es\/wp-json\/wp\/v2\/types\/page"}],"author":[{"embeddable":true,"href":"https:\/\/onlinelotto365.com\/es\/wp-json\/wp\/v2\/users\/1"}],"replies":[{"embeddable":true,"href":"https:\/\/onlinelotto365.com\/es\/wp-json\/wp\/v2\/comments?post=10675"}],"version-history":[{"count":0,"href":"https:\/\/onlinelotto365.com\/es\/wp-json\/wp\/v2\/pages\/10675\/revisions"}],"up":[{"embeddable":true,"href":"https:\/\/onlinelotto365.com\/es\/wp-json\/wp\/v2\/pages\/3811"}],"wp:attachment":[{"href":"https:\/\/onlinelotto365.com\/es\/wp-json\/wp\/v2\/media?parent=10675"}],"curies":[{"name":"wp","href":"https:\/\/api.w.org\/{rel}","templated":true}]}}