{"id":15238,"date":"2020-12-25T19:58:17","date_gmt":"2020-12-25T18:58:17","guid":{"rendered":"http:\/\/onlinelotto365.net\/?page_id=15238"},"modified":"2021-01-05T12:53:58","modified_gmt":"2021-01-05T11:53:58","slug":"euromillions","status":"publish","type":"page","link":"https:\/\/onlinelotto365.com\/es\/jugar\/euromillions\/","title":{"rendered":"EuroMillions es la mayor loter\u00eda de Europa"},"content":{"rendered":"<p>Euromillones comenz\u00f3 en 2004 como un esfuerzo cooperativo entre los operadores de loter\u00eda nacionales de Francia, Espa\u00f1a y el Reino Unido. Tom\u00f3 diez a\u00f1os completos para concretar el acuerdo entre los pa\u00edses, por lo que una vez que comenz\u00f3, definitivamente estuvo muy bien organizado, como sigue siendo el caso.<\/p>\n<p>El plan era ofrecer a los jugadores de loter\u00eda en estos tres pa\u00edses <strong> la posibilidad de jugar por premios mayores <\/strong> de los que estaban disponibles anteriormente. Dado que los grandes premios son lo que realmente genera la emoci\u00f3n aqu\u00ed, la expectativa era que esta nueva loter\u00eda fuera un gran \u00e9xito y generara fant\u00e1sticos premios semana tras semana. Eso es exactamente lo que pas\u00f3.<\/p>\n<p>A medida que el \u00e9xito de la loter\u00eda creci\u00f3, se agregaron m\u00e1s pa\u00edses a la asociaci\u00f3n, y hoy hay un total de nueve pa\u00edses diferentes que participan en ella. Los botes siempre se encuentran entre los m\u00e1s grandes disponibles en cualquier parte del mundo, comenzando en 17 millones de euros y creciendo a partir de ah\u00ed.<\/p>\n<h2>Ya no es necesario que viva en ninguno de estos pa\u00edses para jugar a esta loter\u00eda<\/h2>\n<p>Dado que, hist\u00f3ricamente, Euromillones solo se ha ofrecido en nueve <a href=\"https:\/\/onlinelotto365.com\/es\/news\/verifique-mi-boleto-de-loteria-de-euromillones\"> pa\u00edses europeos <\/a> seleccionados, la mayor\u00eda de nosotros nos hemos quedado al margen aqu\u00ed. en cuanto a poder disfrutar jugando. De hecho, jugar a esta loter\u00eda ni siquiera ha sido una consideraci\u00f3n para el resto de nosotros, hasta hace poco.<br \/>\n<a href=\"https:\/\/redfoxlotto.com\/es\/jugar\/euromillions\/?ref=a8564250a2&amp;medium=ol365\" target=\"_blank\" rel=\"noopener noreferrer\"> <img loading=\"lazy\" decoding=\"async\" class=\"aligncenter\" src=\"https:\/\/redfoxlotto.com\/image?size=8&amp;lottery=euromillions\" alt=\"Euromillions\" width=\"720\" height=\"90\" \/> <\/a><\/p>\n<p>Los jugadores de loter\u00eda expertos de M\u00e9xico y otros lugares, aquellos de nosotros que lo sabemos, ahora nos damos cuenta de que las barreras f\u00edsicas en el mundo de las loter\u00edas ya no existen. De hecho, todav\u00eda lo hacen en cierto sentido, ya que a\u00fan necesita comprar sus boletos de loter\u00eda para los Euromillones y otras loter\u00edas de todo el mundo. Por supuesto, no viajar\u00e1 all\u00ed desde M\u00e9xico dos veces por semana para comprar sus boletos, ya que esto tomar\u00eda una cantidad rid\u00edcula de tiempo y dinero. Puede contratar a alguien que viva en los pa\u00edses en los que desea <a href=\"https:\/\/onlinelotto365.com\/es\/compra-boletos\"> comprar boletos de loter\u00eda <\/a>, pero eso requerir\u00eda m\u00e1s conocimiento y esfuerzo que la mayor\u00eda de las personas. alguna vez pensar\u00eda en comprometerse.<\/p>\n<p>La respuesta es simplemente comprarlos en l\u00ednea, directamente desde casa, y tener un servicio estimado y confiable que se encargar\u00e1 de todas sus necesidades, incluida la compra de sus boletos a su nombre, guardar sus boletos para que los guarde, verificar sus n\u00fameros y notificar usted si gana, y le ayuda a cobrar sus ganancias.<\/p>\n<p>Este nuevo servicio hace realidad los sue\u00f1os de las personas: poder comprar sus boletos de loter\u00eda en l\u00ednea y tener todo cuidado por ellos se ha convertido en una realidad. No solo puede comprar convenientemente todos los boletos de Euromillones que desee, sino que tambi\u00e9n ofrecemos compras en l\u00ednea de boletos para todos los sorteos de loter\u00eda m\u00e1s grandes y populares del mundo.<\/p>\n<h2>C\u00f3mo pagar su boleto de Euromillones en l\u00ednea<\/h2>\n<p>Hay varias opciones de pago que incluyen transferencia bancaria, tarjeta de cr\u00e9dito y Bitcoin u otras criptomonedas. Nuestros protocolos de cifrado digital garantizan la seguridad de sus datos.<\/p>\n<p>Puede elegir pagar directamente sus pedidos o depositar la cantidad que desee y luego usar los fondos en su cuenta de cliente para comprar tantos boletos en l\u00ednea como desee.<\/p>\n<h2>M\u00e1s informaci\u00f3n sobre Euromillones<\/h2>\n<ul>\n<li>La loter\u00eda se lleva a cabo en varios pa\u00edses europeos<\/li>\n<li>Cu\u00e1ntos n\u00fameros principales elegir: 50<\/li>\n<li>Debe seleccionar: 5<\/li>\n<li>Cu\u00e1ntos n\u00fameros adicionales elegir: 12<\/li>\n<li>Debe seleccionar: 2<\/li>\n<li>D\u00edas y horarios del sorteo: martes y viernes de 19:30 GMT a 20:30 CET<\/li>\n<li>Premio mayor m\u00ednimo: 17 millones de euros<\/li>\n<li>Importe m\u00e1ximo del premio mayor: 190 millones de euros<\/li>\n<li>Posible combinaci\u00f3n de n\u00fameros para ganar el premio mayor: 1 en 186.450.880<\/li>\n<li>Posible combinaci\u00f3n de n\u00fameros para una victoria de nivel 2: 1 en 2.118.760<\/li>\n<li>Probabilidad de ganar en cualquier nivel: 1 en 12,98<\/li>\n<li>Cu\u00e1ntos niveles de premios: 13<\/li>\n<li>Sorteos especiales de Euromillones: tres veces al a\u00f1o, el premio mayor se fija en 140 millones de euros<\/li>\n<\/ul>\n<p>Una vez que el premio mayor alcanza los 190 millones de euros, se pone un tope y se agregan m\u00e1s aumentos a los dem\u00e1s premios. Los organizadores de la loter\u00eda consideran que este tama\u00f1o de premio mayor parece lo suficientemente grande, y definitivamente es dinero m\u00e1s que suficiente para satisfacer a cualquiera de nosotros. Sin embargo, su pensamiento es que en este punto han acumulado suficiente entusiasmo por el premio gordo y ahora pueden hacer lo mismo con los otros premios. Pero los premios de nivel inferior ser\u00e1n mucho mayores una vez que se haya limitado el premio mayor. Eso significa que en ese momento, el <a href=\"http:\/\/onlinelotto365.com\/es\"> lottery se vuelve a\u00fan m\u00e1s atractivo <\/a>. Despu\u00e9s de todo, las posibilidades de ganar un premio de segundo nivel son mucho mejores, en comparaci\u00f3n con la probabilidad de ganar el premio mayor.<\/p>\n<p>Adem\u00e1s, Euromillions ofrece un llamado Superdraw tres veces al a\u00f1o. Esto significa que simplemente fijaron el premio mayor en 130 millones de euros. E incluso puede crecer m\u00e1s si nadie lo gana.<\/p>\n<h2>C\u00f3mo comprobar los resultados de Powerball<\/h2>\n<p>Puede volver a visitar nuestro sitio web para <a href=\"https:\/\/onlinelotto365.com\/es\/news\/comprueba-el-billete-de-loteria-en-linea\"> comprobar sus entradas <\/a> o, si lo prefiere, puede esperar el correo electr\u00f3nico que le enviamos cuando gane. Dependiendo de cu\u00e1nto gane, le asesoraremos y le ayudaremos a recogerlo.<\/p>\n<h2>Jugaste a Euromillones en l\u00ednea y ganaste. \u00bfQu\u00e9 pasa despu\u00e9s?<\/h2>\n<p>Hay un total de 13 pagos de premios diferentes en este evento de loter\u00eda, comenzando desde acertar solo dos n\u00fameros de los 5 principales, hasta acertar los 5 m\u00e1s los n\u00fameros de las estrellas de la suerte y ganar el monto del premio mayor. Aparte de sus enormes cantidades de premios mayores, <strong> Euromillones tambi\u00e9n ofrece a sus jugadores una mayor posibilidad de ganar <\/strong> alguna forma de pago de lo que normalmente ve en las grandes loter\u00edas.<\/p>\n<p>Los dibujos son dos veces por semana, martes y viernes, a las 9 p.m., hora del Reino Unido. Los jugadores eligen 5 n\u00fameros del 1 al 50, as\u00ed como 2 n\u00fameros de la estrella de la suerte del 1 al 11. Ofrecemos a los jugadores la opci\u00f3n de elegir sus propios n\u00fameros o dejar que sus computadoras elijan n\u00fameros aleatorios.<\/p>\n<h2>Ahora que lo sabe, tiene el poder<\/h2>\n<p>Ya no estamos excluidos de las grandes loter\u00edas como Euromillones solo en funci\u00f3n del lugar en el que vivimos. Ahora podemos comprar los billetes de loter\u00eda que queramos, incluso de M\u00e9xico y nadie puede detenernos. Internet realmente ha abierto el mundo, y ahora esto finalmente se ha extendido a las loter\u00edas. Nuestra espera ha terminado.<\/p>\n<p>Entonces, con tanta emoci\u00f3n de loter\u00eda ahora tan f\u00e1cilmente disponible, no hay ninguna buena raz\u00f3n para negarnos la diversi\u00f3n que nos depara.<\/p>\n","protected":false},"excerpt":{"rendered":"<p>Euromillones comenz\u00f3 en 2004 como un esfuerzo cooperativo entre los operadores de loter\u00eda nacionales de Francia, Espa\u00f1a y el Reino Unido. Tom\u00f3 diez a\u00f1os completos para concretar el acuerdo entre los pa\u00edses, por lo que una vez que comenz\u00f3, definitivamente estuvo muy bien organizado, como sigue siendo el caso. El plan era ofrecer a los [&hellip;]<\/p>\n","protected":false},"author":1,"featured_media":0,"parent":5037,"menu_order":3,"comment_status":"closed","ping_status":"closed","template":"euromillions.php","meta":{"_et_pb_use_builder":"","_et_pb_old_content":"","_et_gb_content_width":"","exclude_from_search":false,"footnotes":""},"class_list":["post-15238","page","type-page","status-publish","hentry"],"yoast_head":"<!-- This site is optimized with the Yoast SEO plugin v23.4 - https:\/\/yoast.com\/wordpress\/plugins\/seo\/ -->\n<title>Acerca de Euromillones, c\u00f3mo jugar en l\u00ednea<\/title>\n<meta name=\"description\" content=\"Juega a la loter\u00eda EuroMillions, con un boleto en l\u00ednea, incluso desde M\u00e9xico.\" \/>\n<meta name=\"robots\" content=\"index, follow, max-snippet:-1, max-image-preview:large, max-video-preview:-1\" \/>\n<link rel=\"canonical\" href=\"https:\/\/onlinelotto365.com\/es\/jugar\/euromillions\/\" \/>\n<meta property=\"og:locale\" content=\"es_ES\" \/>\n<meta property=\"og:type\" content=\"article\" \/>\n<meta property=\"og:title\" content=\"Acerca de Euromillones, c\u00f3mo jugar en l\u00ednea\" \/>\n<meta property=\"og:description\" content=\"Juega a la loter\u00eda EuroMillions, con un boleto en l\u00ednea, incluso desde M\u00e9xico.\" \/>\n<meta property=\"og:url\" content=\"https:\/\/onlinelotto365.com\/es\/jugar\/euromillions\/\" \/>\n<meta property=\"og:site_name\" content=\"OnlineLotto365\" \/>\n<meta property=\"article:modified_time\" content=\"2021-01-05T11:53:58+00:00\" \/>\n<meta property=\"og:image\" content=\"https:\/\/redfoxlotto.com\/image?size=8&amp;lottery=euromillions\" \/>\n<meta name=\"twitter:card\" content=\"summary_large_image\" \/>\n<meta name=\"twitter:label1\" content=\"Tiempo de lectura\" \/>\n\t<meta name=\"twitter:data1\" content=\"6 minutos\" \/>\n<script type=\"application\/ld+json\" class=\"yoast-schema-graph\">{\"@context\":\"https:\/\/schema.org\",\"@graph\":[{\"@type\":\"WebPage\",\"@id\":\"https:\/\/onlinelotto365.com\/es\/jugar\/euromillions\/\",\"url\":\"https:\/\/onlinelotto365.com\/es\/jugar\/euromillions\/\",\"name\":\"Acerca de Euromillones, c\u00f3mo jugar en l\u00ednea\",\"isPartOf\":{\"@id\":\"https:\/\/onlinelotto365.com\/es\/#website\"},\"primaryImageOfPage\":{\"@id\":\"https:\/\/onlinelotto365.com\/es\/jugar\/euromillions\/#primaryimage\"},\"image\":{\"@id\":\"https:\/\/onlinelotto365.com\/es\/jugar\/euromillions\/#primaryimage\"},\"thumbnailUrl\":\"https:\/\/redfoxlotto.com\/image?size=8&amp;lottery=euromillions\",\"datePublished\":\"2020-12-25T18:58:17+00:00\",\"dateModified\":\"2021-01-05T11:53:58+00:00\",\"description\":\"Juega a la loter\u00eda EuroMillions, con un boleto en l\u00ednea, incluso desde M\u00e9xico.\",\"breadcrumb\":{\"@id\":\"https:\/\/onlinelotto365.com\/es\/jugar\/euromillions\/#breadcrumb\"},\"inLanguage\":\"es\",\"potentialAction\":[{\"@type\":\"ReadAction\",\"target\":[\"https:\/\/onlinelotto365.com\/es\/jugar\/euromillions\/\"]}]},{\"@type\":\"ImageObject\",\"inLanguage\":\"es\",\"@id\":\"https:\/\/onlinelotto365.com\/es\/jugar\/euromillions\/#primaryimage\",\"url\":\"https:\/\/redfoxlotto.com\/image?size=8&amp;lottery=euromillions\",\"contentUrl\":\"https:\/\/redfoxlotto.com\/image?size=8&amp;lottery=euromillions\"},{\"@type\":\"BreadcrumbList\",\"@id\":\"https:\/\/onlinelotto365.com\/es\/jugar\/euromillions\/#breadcrumb\",\"itemListElement\":[{\"@type\":\"ListItem\",\"position\":1,\"name\":\"Home\",\"item\":\"https:\/\/onlinelotto365.com\/es\/\"},{\"@type\":\"ListItem\",\"position\":2,\"name\":\"Todo lo que tienes que saber sobre tus opciones para jugar a las mejores loter\u00edas en l\u00ednea\",\"item\":\"https:\/\/onlinelotto365.com\/es\/jugar\/\"},{\"@type\":\"ListItem\",\"position\":3,\"name\":\"EuroMillions es la mayor loter\u00eda de Europa\"}]},{\"@type\":\"WebSite\",\"@id\":\"https:\/\/onlinelotto365.com\/es\/#website\",\"url\":\"https:\/\/onlinelotto365.com\/es\/\",\"name\":\"OnlineLotto365\",\"description\":\"\",\"potentialAction\":[{\"@type\":\"SearchAction\",\"target\":{\"@type\":\"EntryPoint\",\"urlTemplate\":\"https:\/\/onlinelotto365.com\/es\/?s={search_term_string}\"},\"query-input\":{\"@type\":\"PropertyValueSpecification\",\"valueRequired\":true,\"valueName\":\"search_term_string\"}}],\"inLanguage\":\"es\"}]}<\/script>\n<!-- \/ Yoast SEO plugin. -->","yoast_head_json":{"title":"Acerca de Euromillones, c\u00f3mo jugar en l\u00ednea","description":"Juega a la loter\u00eda EuroMillions, con un boleto en l\u00ednea, incluso desde M\u00e9xico.","robots":{"index":"index","follow":"follow","max-snippet":"max-snippet:-1","max-image-preview":"max-image-preview:large","max-video-preview":"max-video-preview:-1"},"canonical":"https:\/\/onlinelotto365.com\/es\/jugar\/euromillions\/","og_locale":"es_ES","og_type":"article","og_title":"Acerca de Euromillones, c\u00f3mo jugar en l\u00ednea","og_description":"Juega a la loter\u00eda EuroMillions, con un boleto en l\u00ednea, incluso desde M\u00e9xico.","og_url":"https:\/\/onlinelotto365.com\/es\/jugar\/euromillions\/","og_site_name":"OnlineLotto365","article_modified_time":"2021-01-05T11:53:58+00:00","og_image":[{"url":"https:\/\/redfoxlotto.com\/image?size=8&amp;lottery=euromillions"}],"twitter_card":"summary_large_image","twitter_misc":{"Tiempo de lectura":"6 minutos"},"schema":{"@context":"https:\/\/schema.org","@graph":[{"@type":"WebPage","@id":"https:\/\/onlinelotto365.com\/es\/jugar\/euromillions\/","url":"https:\/\/onlinelotto365.com\/es\/jugar\/euromillions\/","name":"Acerca de Euromillones, c\u00f3mo jugar en l\u00ednea","isPartOf":{"@id":"https:\/\/onlinelotto365.com\/es\/#website"},"primaryImageOfPage":{"@id":"https:\/\/onlinelotto365.com\/es\/jugar\/euromillions\/#primaryimage"},"image":{"@id":"https:\/\/onlinelotto365.com\/es\/jugar\/euromillions\/#primaryimage"},"thumbnailUrl":"https:\/\/redfoxlotto.com\/image?size=8&amp;lottery=euromillions","datePublished":"2020-12-25T18:58:17+00:00","dateModified":"2021-01-05T11:53:58+00:00","description":"Juega a la loter\u00eda EuroMillions, con un boleto en l\u00ednea, incluso desde M\u00e9xico.","breadcrumb":{"@id":"https:\/\/onlinelotto365.com\/es\/jugar\/euromillions\/#breadcrumb"},"inLanguage":"es","potentialAction":[{"@type":"ReadAction","target":["https:\/\/onlinelotto365.com\/es\/jugar\/euromillions\/"]}]},{"@type":"ImageObject","inLanguage":"es","@id":"https:\/\/onlinelotto365.com\/es\/jugar\/euromillions\/#primaryimage","url":"https:\/\/redfoxlotto.com\/image?size=8&amp;lottery=euromillions","contentUrl":"https:\/\/redfoxlotto.com\/image?size=8&amp;lottery=euromillions"},{"@type":"BreadcrumbList","@id":"https:\/\/onlinelotto365.com\/es\/jugar\/euromillions\/#breadcrumb","itemListElement":[{"@type":"ListItem","position":1,"name":"Home","item":"https:\/\/onlinelotto365.com\/es\/"},{"@type":"ListItem","position":2,"name":"Todo lo que tienes que saber sobre tus opciones para jugar a las mejores loter\u00edas en l\u00ednea","item":"https:\/\/onlinelotto365.com\/es\/jugar\/"},{"@type":"ListItem","position":3,"name":"EuroMillions es la mayor loter\u00eda de Europa"}]},{"@type":"WebSite","@id":"https:\/\/onlinelotto365.com\/es\/#website","url":"https:\/\/onlinelotto365.com\/es\/","name":"OnlineLotto365","description":"","potentialAction":[{"@type":"SearchAction","target":{"@type":"EntryPoint","urlTemplate":"https:\/\/onlinelotto365.com\/es\/?s={search_term_string}"},"query-input":{"@type":"PropertyValueSpecification","valueRequired":true,"valueName":"search_term_string"}}],"inLanguage":"es"}]}},"_links":{"self":[{"href":"https:\/\/onlinelotto365.com\/es\/wp-json\/wp\/v2\/pages\/15238","targetHints":{"allow":["GET"]}}],"collection":[{"href":"https:\/\/onlinelotto365.com\/es\/wp-json\/wp\/v2\/pages"}],"about":[{"href":"https:\/\/onlinelotto365.com\/es\/wp-json\/wp\/v2\/types\/page"}],"author":[{"embeddable":true,"href":"https:\/\/onlinelotto365.com\/es\/wp-json\/wp\/v2\/users\/1"}],"replies":[{"embeddable":true,"href":"https:\/\/onlinelotto365.com\/es\/wp-json\/wp\/v2\/comments?post=15238"}],"version-history":[{"count":0,"href":"https:\/\/onlinelotto365.com\/es\/wp-json\/wp\/v2\/pages\/15238\/revisions"}],"up":[{"embeddable":true,"href":"https:\/\/onlinelotto365.com\/es\/wp-json\/wp\/v2\/pages\/5037"}],"wp:attachment":[{"href":"https:\/\/onlinelotto365.com\/es\/wp-json\/wp\/v2\/media?parent=15238"}],"curies":[{"name":"wp","href":"https:\/\/api.w.org\/{rel}","templated":true}]}}