{"id":15244,"date":"2020-12-25T20:09:56","date_gmt":"2020-12-25T19:09:56","guid":{"rendered":"http:\/\/onlinelotto365.net\/?page_id=15244"},"modified":"2021-01-05T12:55:11","modified_gmt":"2021-01-05T11:55:11","slug":"el-gordo","status":"publish","type":"page","link":"https:\/\/onlinelotto365.com\/es\/jugar\/el-gordo\/","title":{"rendered":"\u00bfC\u00f3mo pueden participar los residentes de M\u00e9xico en El Gordo?"},"content":{"rendered":"<p>Si vives en Espa\u00f1a, no hace falta que te diga lo emocionante que es El Gordo Lotto. Sin embargo, la mayor\u00eda de los jugadores de loter\u00eda no viven all\u00ed y la mayor\u00eda nunca ha o\u00eddo hablar de la <strong> loter\u00eda m\u00e1s grande de Espa\u00f1a <\/strong>. Hasta hace poco, no importaba en absoluto, ya que de todos modos no se pod\u00eda jugar ya que Espa\u00f1a era el \u00fanico lugar donde se pod\u00edan comprar entradas.<\/p>\n<p>A trav\u00e9s de la magia de Internet, en estos d\u00edas, m\u00e1s de 150,000 jugadores de m\u00e1s de 140 pa\u00edses, incluido M\u00e9xico, pueden disfrutar de <strong> jugar a El Gordo en l\u00ednea <\/strong>. Todo lo que tiene que hacer para comprar boletos ahora es saber d\u00f3nde comprarlos en l\u00ednea. Ah\u00ed es donde estamos aqu\u00ed para ayudarlo.<\/p>\n<p>Nuestro excelente nuevo servicio no solo le permite comprar boletos para el El Gordo Lotto en l\u00ednea, sino que tambi\u00e9n puede comprar boletos en l\u00ednea para todas las otras loter\u00edas m\u00e1s importantes del mundo. Hacemos todo esto incre\u00edblemente f\u00e1cil para usted, y en unos pocos minutos puede recoger tantos boletos como desee para el pr\u00f3ximo sorteo, adem\u00e1s de cualquier otro boleto de loter\u00eda grande que desee.<\/p>\n<p>Entonces, a trav\u00e9s de nuestro servicio en l\u00ednea, la <strong> emoci\u00f3n de jugar a la loter\u00eda <\/strong> ha crecido hasta alcanzar proporciones \u00e9picas. Tome cu\u00e1nto disfruta de la loter\u00eda ahora y multipl\u00edquelo por diez o veinte veces, e imagine c\u00f3mo ser\u00eda eso. Luego, simplemente registre una cuenta aqu\u00ed y prep\u00e1rese para que todo suceda.<\/p>\n<p><a href=\"https:\/\/redfoxlotto.com\/es\/jugar\/el-gordo-primitiva\/?ref=a8564250a2&amp;medium=ol365\" target=\"_blank\" rel=\"noopener noreferrer\"> <img decoding=\"async\" class=\"aligncenter\" src=\"https:\/\/redfoxlotto.com\/image?size=8&amp;lottery=el-gordo-primitiva\" alt=\"el gordo la primitiva\" \/> <\/a><\/p>\n<h2>El Gordo significa el grande<\/h2>\n<p>Los botes de El Gordo son enormes, algo que a todos los jugadores de loter\u00eda les encanta. Atr\u00e1s quedaron los d\u00edas en los que ten\u00eda que esperar bastante tiempo, con la esperanza de que el premio mayor de su loter\u00eda favorita creciera y creciera hasta que finalmente se volviera lo suficientemente grande como para que la gente se enamorara de <a href=\"https:\/\/onlinelotto365.com\/es\/compra-boletos\"> comprar entradas <\/a>. Ahora, hay muchas loter\u00edas en todo el mundo que comienzan con enormes botes y se vuelven cada vez m\u00e1s enormes. Esta loter\u00eda es definitivamente una de esas. Como ejemplo, en el momento de escribir este art\u00edculo, el premio mayor actual es de 23 millones de euros.<\/p>\n<p>Adem\u00e1s, si te encantan los grandes premios gordos como este, como estoy seguro de que todos lo hacemos, hay mucho m\u00e1s para ti de donde provienen, algunos incluso <a href=\"https:\/\/onlinelotto365.com\/es\/news\/las-mejores-loterias-del-mundo\"> botes mucho mayores <\/a>. Sin embargo, no se trata solo de jugar una, querr\u00e1s <strong> jugar al menos a varias de estas loter\u00edas <\/strong>, y El Gordo es sin duda una de las que vale la pena jugar.<\/p>\n<h2>Acerca de El Gordo<\/h2>\n<ul>\n<li>Pa\u00eds: Espa\u00f1a<\/li>\n<li><span style=\"font-size: 16px;\"> Intervalo de n\u00fameros principales: 54 <\/span><\/li>\n<li>Elige: 5<\/li>\n<li>Rango de n\u00fameros adicionales: ninguno<\/li>\n<li>Elige: ninguno<\/li>\n<li>D\u00edas de sorteo, horario: domingo, 21:30 CET, 21:30 CET<\/li>\n<li>Premio mayor m\u00ednimo: 4 millones de euros<\/li>\n<li>Jackpot limitado al m\u00e1ximo: sin m\u00e1ximo<\/li>\n<li>Probabilidad de ganar el premio mayor: 1 en 31.625.100<\/li>\n<li>Probabilidad de una victoria de nivel 2: 1 en 3.513.900<\/li>\n<li>Probabilidad de ganar en cualquier nivel: 1 en 6,16<\/li>\n<li>Eventos especiales para El Gordo: Especial de Navidad<\/li>\n<\/ul>\n<p>Como muchas grandes loter\u00edas, el sorteo consta de dos partes. El primero consiste en elegir 5 n\u00fameros de entre 54 n\u00fameros. Si lo hace, ya le espera un premio muy grande. Entonces, si ambos acertan sus 5 n\u00fameros m\u00e1s su n\u00famero clave entre 1 y 9, lo ha hecho y ha ganado el gran premio mayor.<\/p>\n<p>Hay un total de 9 categor\u00edas de premios diferentes con El Gordo, comenzando con solo igualar el n\u00famero cr\u00edtico entre 1 y 9, hasta llegar al grande. Entonces, aunque todos realmente queremos ganar los premios gordos, ciertamente es bueno cuando gana un premio de cualquier cantidad, y la loter\u00eda m\u00e1s popular de Espa\u00f1a le brinda una oportunidad a\u00fan mejor de lograrlo que otras loter\u00edas.<\/p>\n<p>Adem\u00e1s, a diferencia de algunos pa\u00edses, <a href=\"https:\/\/onlinelotto365.com\/es\/news\/que-loterias-y-paises-cobran-impuestos-sobre-las-ganancias\"> <strong> las ganancias de la loter\u00eda en Espa\u00f1a son impuestos gratis <\/strong> <\/a>. Es posible que tenga que declarar o no sus ganancias al gobierno, dependiendo de d\u00f3nde viva, pero algunos lugares retienen impuestos con las ganancias de la loter\u00eda, aunque las ganancias de la loter\u00eda pueden estar libres de impuestos en su pa\u00eds. Si bien puedes recuperar este dinero, es un inconveniente que no tienes que preocuparte por eso con El Gordo.<\/p>\n<p>Sin embargo, incluso en los pa\u00edses que hacen esto, siempre que gane el premio mayor, el dinero que reciba por adelantado con o sin retenci\u00f3n de impuestos ciertamente le durar\u00e1 mucho tiempo de todos modos, por lo que esto realmente no deber\u00eda preocuparlo. Tampoco deber\u00eda tener que hacer un viaje a Espa\u00f1a para recoger sus millones. Probablemente viajar\u00e1 mucho m\u00e1s que eso y tambi\u00e9n podr\u00eda comenzar su carrera como un jet set coneste viaje.<\/p>\n<h2>\u00bfPor qu\u00e9 perderse El Gordo si no tiene que hacerlo ahora?<\/h2>\n<p>Durante a\u00f1os, has tenido una buena excusa para no jugar a El Gordo Lotto porque vives en M\u00e9xico y no en Espa\u00f1a. Afortunadamente, este ya no es el caso. \u00bfQui\u00e9n sabe cu\u00e1nto dinero podr\u00eda haber ganado si hubiera estado jugando a esta y a todas las otras loter\u00edas m\u00e1s importantes del mundo todo el tiempo?<\/p>\n<p>Bueno, ya no debes preocuparte por esto, ya que ahora llevamos El Gordo directamente a tu casa, justo donde est\u00e1s sentado ahora. S\u00e9 que <strong> te encanta jugar a la loter\u00eda <\/strong> o no estar\u00edas leyendo esto. \u00bfPor qu\u00e9 no regalarse un billete de loter\u00eda de El Gordo ahora mismo? Mientras lo hace, \u00bfpor qu\u00e9 no echa un vistazo a todo lo dem\u00e1s que tenemos para ofrecerle?<\/p>\n<h2>C\u00f3mo comprobar los resultados de El Gordo<\/h2>\n<p>Puede regresar aqu\u00ed para <a href=\"https:\/\/onlinelotto365.com\/es\/numeros-ganadores\/el-gordo\"> verificar los n\u00fameros ganadores <\/a> y compararlos con sus boletos de El Gordo. Le mostraremos los \u00faltimos n\u00fameros ganadores junto con los n\u00fameros de su propio boleto. Por supuesto, tambi\u00e9n puede ver cu\u00e1nto gan\u00f3 si lo hizo.<\/p>\n<p>Obtener sus ganancias en su cuenta tambi\u00e9n es parte de nuestro servicio. C\u00f3mo le pagan depende de cu\u00e1nto gan\u00f3. No sacamos dinero de sus ganancias por ese servicio.<\/p>\n","protected":false},"excerpt":{"rendered":"<p>Si vives en Espa\u00f1a, no hace falta que te diga lo emocionante que es El Gordo Lotto. Sin embargo, la mayor\u00eda de los jugadores de loter\u00eda no viven all\u00ed y la mayor\u00eda nunca ha o\u00eddo hablar de la loter\u00eda m\u00e1s grande de Espa\u00f1a . Hasta hace poco, no importaba en absoluto, ya que de todos [&hellip;]<\/p>\n","protected":false},"author":1,"featured_media":0,"parent":5037,"menu_order":6,"comment_status":"closed","ping_status":"closed","template":"el-gordo.php","meta":{"_et_pb_use_builder":"","_et_pb_old_content":"","_et_gb_content_width":"","exclude_from_search":false,"footnotes":""},"class_list":["post-15244","page","type-page","status-publish","hentry"],"yoast_head":"<!-- This site is optimized with the Yoast SEO plugin v23.4 - https:\/\/yoast.com\/wordpress\/plugins\/seo\/ -->\n<title>Juega a El Gordo en l\u00ednea desde M\u00e9xico | \u00bfPuedo participar en El Gordo si vivo en M\u00e9xico<\/title>\n<meta name=\"description\" content=\"Juega a la loter\u00eda El Gordo aqu\u00ed - la mayor loter\u00eda de Espa\u00f1a, disponible en l\u00ednea desde M\u00e9xico\" \/>\n<meta name=\"robots\" content=\"index, follow, max-snippet:-1, max-image-preview:large, max-video-preview:-1\" \/>\n<link rel=\"canonical\" href=\"https:\/\/onlinelotto365.com\/es\/jugar\/el-gordo\/\" \/>\n<meta property=\"og:locale\" content=\"es_ES\" \/>\n<meta property=\"og:type\" content=\"article\" \/>\n<meta property=\"og:title\" content=\"Juega a El Gordo en l\u00ednea desde M\u00e9xico | \u00bfPuedo participar en El Gordo si vivo en M\u00e9xico\" \/>\n<meta property=\"og:description\" content=\"Juega a la loter\u00eda El Gordo aqu\u00ed - la mayor loter\u00eda de Espa\u00f1a, disponible en l\u00ednea desde M\u00e9xico\" \/>\n<meta property=\"og:url\" content=\"https:\/\/onlinelotto365.com\/es\/jugar\/el-gordo\/\" \/>\n<meta property=\"og:site_name\" content=\"OnlineLotto365\" \/>\n<meta property=\"article:modified_time\" content=\"2021-01-05T11:55:11+00:00\" \/>\n<meta property=\"og:image\" content=\"https:\/\/redfoxlotto.com\/image?size=8&amp;lottery=el-gordo-primitiva\" \/>\n<meta name=\"twitter:card\" content=\"summary_large_image\" \/>\n<meta name=\"twitter:label1\" content=\"Tiempo de lectura\" \/>\n\t<meta name=\"twitter:data1\" content=\"5 minutos\" \/>\n<script type=\"application\/ld+json\" class=\"yoast-schema-graph\">{\"@context\":\"https:\/\/schema.org\",\"@graph\":[{\"@type\":\"WebPage\",\"@id\":\"https:\/\/onlinelotto365.com\/es\/jugar\/el-gordo\/\",\"url\":\"https:\/\/onlinelotto365.com\/es\/jugar\/el-gordo\/\",\"name\":\"Juega a El Gordo en l\u00ednea desde M\u00e9xico | \u00bfPuedo participar en El Gordo si vivo en M\u00e9xico\",\"isPartOf\":{\"@id\":\"https:\/\/onlinelotto365.com\/es\/#website\"},\"primaryImageOfPage\":{\"@id\":\"https:\/\/onlinelotto365.com\/es\/jugar\/el-gordo\/#primaryimage\"},\"image\":{\"@id\":\"https:\/\/onlinelotto365.com\/es\/jugar\/el-gordo\/#primaryimage\"},\"thumbnailUrl\":\"https:\/\/redfoxlotto.com\/image?size=8&amp;lottery=el-gordo-primitiva\",\"datePublished\":\"2020-12-25T19:09:56+00:00\",\"dateModified\":\"2021-01-05T11:55:11+00:00\",\"description\":\"Juega a la loter\u00eda El Gordo aqu\u00ed - la mayor loter\u00eda de Espa\u00f1a, disponible en l\u00ednea desde M\u00e9xico\",\"breadcrumb\":{\"@id\":\"https:\/\/onlinelotto365.com\/es\/jugar\/el-gordo\/#breadcrumb\"},\"inLanguage\":\"es\",\"potentialAction\":[{\"@type\":\"ReadAction\",\"target\":[\"https:\/\/onlinelotto365.com\/es\/jugar\/el-gordo\/\"]}]},{\"@type\":\"ImageObject\",\"inLanguage\":\"es\",\"@id\":\"https:\/\/onlinelotto365.com\/es\/jugar\/el-gordo\/#primaryimage\",\"url\":\"https:\/\/redfoxlotto.com\/image?size=8&amp;lottery=el-gordo-primitiva\",\"contentUrl\":\"https:\/\/redfoxlotto.com\/image?size=8&amp;lottery=el-gordo-primitiva\"},{\"@type\":\"BreadcrumbList\",\"@id\":\"https:\/\/onlinelotto365.com\/es\/jugar\/el-gordo\/#breadcrumb\",\"itemListElement\":[{\"@type\":\"ListItem\",\"position\":1,\"name\":\"Home\",\"item\":\"https:\/\/onlinelotto365.com\/es\/\"},{\"@type\":\"ListItem\",\"position\":2,\"name\":\"Todo lo que tienes que saber sobre tus opciones para jugar a las mejores loter\u00edas en l\u00ednea\",\"item\":\"https:\/\/onlinelotto365.com\/es\/jugar\/\"},{\"@type\":\"ListItem\",\"position\":3,\"name\":\"\u00bfC\u00f3mo pueden participar los residentes de M\u00e9xico en El Gordo?\"}]},{\"@type\":\"WebSite\",\"@id\":\"https:\/\/onlinelotto365.com\/es\/#website\",\"url\":\"https:\/\/onlinelotto365.com\/es\/\",\"name\":\"OnlineLotto365\",\"description\":\"\",\"potentialAction\":[{\"@type\":\"SearchAction\",\"target\":{\"@type\":\"EntryPoint\",\"urlTemplate\":\"https:\/\/onlinelotto365.com\/es\/?s={search_term_string}\"},\"query-input\":{\"@type\":\"PropertyValueSpecification\",\"valueRequired\":true,\"valueName\":\"search_term_string\"}}],\"inLanguage\":\"es\"}]}<\/script>\n<!-- \/ Yoast SEO plugin. -->","yoast_head_json":{"title":"Juega a El Gordo en l\u00ednea desde M\u00e9xico | \u00bfPuedo participar en El Gordo si vivo en M\u00e9xico","description":"Juega a la loter\u00eda El Gordo aqu\u00ed - la mayor loter\u00eda de Espa\u00f1a, disponible en l\u00ednea desde M\u00e9xico","robots":{"index":"index","follow":"follow","max-snippet":"max-snippet:-1","max-image-preview":"max-image-preview:large","max-video-preview":"max-video-preview:-1"},"canonical":"https:\/\/onlinelotto365.com\/es\/jugar\/el-gordo\/","og_locale":"es_ES","og_type":"article","og_title":"Juega a El Gordo en l\u00ednea desde M\u00e9xico | \u00bfPuedo participar en El Gordo si vivo en M\u00e9xico","og_description":"Juega a la loter\u00eda El Gordo aqu\u00ed - la mayor loter\u00eda de Espa\u00f1a, disponible en l\u00ednea desde M\u00e9xico","og_url":"https:\/\/onlinelotto365.com\/es\/jugar\/el-gordo\/","og_site_name":"OnlineLotto365","article_modified_time":"2021-01-05T11:55:11+00:00","og_image":[{"url":"https:\/\/redfoxlotto.com\/image?size=8&amp;lottery=el-gordo-primitiva"}],"twitter_card":"summary_large_image","twitter_misc":{"Tiempo de lectura":"5 minutos"},"schema":{"@context":"https:\/\/schema.org","@graph":[{"@type":"WebPage","@id":"https:\/\/onlinelotto365.com\/es\/jugar\/el-gordo\/","url":"https:\/\/onlinelotto365.com\/es\/jugar\/el-gordo\/","name":"Juega a El Gordo en l\u00ednea desde M\u00e9xico | \u00bfPuedo participar en El Gordo si vivo en M\u00e9xico","isPartOf":{"@id":"https:\/\/onlinelotto365.com\/es\/#website"},"primaryImageOfPage":{"@id":"https:\/\/onlinelotto365.com\/es\/jugar\/el-gordo\/#primaryimage"},"image":{"@id":"https:\/\/onlinelotto365.com\/es\/jugar\/el-gordo\/#primaryimage"},"thumbnailUrl":"https:\/\/redfoxlotto.com\/image?size=8&amp;lottery=el-gordo-primitiva","datePublished":"2020-12-25T19:09:56+00:00","dateModified":"2021-01-05T11:55:11+00:00","description":"Juega a la loter\u00eda El Gordo aqu\u00ed - la mayor loter\u00eda de Espa\u00f1a, disponible en l\u00ednea desde M\u00e9xico","breadcrumb":{"@id":"https:\/\/onlinelotto365.com\/es\/jugar\/el-gordo\/#breadcrumb"},"inLanguage":"es","potentialAction":[{"@type":"ReadAction","target":["https:\/\/onlinelotto365.com\/es\/jugar\/el-gordo\/"]}]},{"@type":"ImageObject","inLanguage":"es","@id":"https:\/\/onlinelotto365.com\/es\/jugar\/el-gordo\/#primaryimage","url":"https:\/\/redfoxlotto.com\/image?size=8&amp;lottery=el-gordo-primitiva","contentUrl":"https:\/\/redfoxlotto.com\/image?size=8&amp;lottery=el-gordo-primitiva"},{"@type":"BreadcrumbList","@id":"https:\/\/onlinelotto365.com\/es\/jugar\/el-gordo\/#breadcrumb","itemListElement":[{"@type":"ListItem","position":1,"name":"Home","item":"https:\/\/onlinelotto365.com\/es\/"},{"@type":"ListItem","position":2,"name":"Todo lo que tienes que saber sobre tus opciones para jugar a las mejores loter\u00edas en l\u00ednea","item":"https:\/\/onlinelotto365.com\/es\/jugar\/"},{"@type":"ListItem","position":3,"name":"\u00bfC\u00f3mo pueden participar los residentes de M\u00e9xico en El Gordo?"}]},{"@type":"WebSite","@id":"https:\/\/onlinelotto365.com\/es\/#website","url":"https:\/\/onlinelotto365.com\/es\/","name":"OnlineLotto365","description":"","potentialAction":[{"@type":"SearchAction","target":{"@type":"EntryPoint","urlTemplate":"https:\/\/onlinelotto365.com\/es\/?s={search_term_string}"},"query-input":{"@type":"PropertyValueSpecification","valueRequired":true,"valueName":"search_term_string"}}],"inLanguage":"es"}]}},"_links":{"self":[{"href":"https:\/\/onlinelotto365.com\/es\/wp-json\/wp\/v2\/pages\/15244","targetHints":{"allow":["GET"]}}],"collection":[{"href":"https:\/\/onlinelotto365.com\/es\/wp-json\/wp\/v2\/pages"}],"about":[{"href":"https:\/\/onlinelotto365.com\/es\/wp-json\/wp\/v2\/types\/page"}],"author":[{"embeddable":true,"href":"https:\/\/onlinelotto365.com\/es\/wp-json\/wp\/v2\/users\/1"}],"replies":[{"embeddable":true,"href":"https:\/\/onlinelotto365.com\/es\/wp-json\/wp\/v2\/comments?post=15244"}],"version-history":[{"count":0,"href":"https:\/\/onlinelotto365.com\/es\/wp-json\/wp\/v2\/pages\/15244\/revisions"}],"up":[{"embeddable":true,"href":"https:\/\/onlinelotto365.com\/es\/wp-json\/wp\/v2\/pages\/5037"}],"wp:attachment":[{"href":"https:\/\/onlinelotto365.com\/es\/wp-json\/wp\/v2\/media?parent=15244"}],"curies":[{"name":"wp","href":"https:\/\/api.w.org\/{rel}","templated":true}]}}