{"id":3791,"date":"2020-11-16T15:23:25","date_gmt":"2020-11-16T15:23:25","guid":{"rendered":"http:\/\/onlinelotto365.net\/home"},"modified":"2023-10-04T09:20:29","modified_gmt":"2023-10-04T08:20:29","slug":"home","status":"publish","type":"page","link":"https:\/\/onlinelotto365.com\/es\/","title":{"rendered":"Bienvenido a OnlineLotto365!"},"content":{"rendered":"<p>Hasta hace poco, los fan\u00e1ticos de la loter\u00eda nos limit\u00e1bamos a jugar a la loter\u00eda de nuestro propio pa\u00eds o regi\u00f3n. O\u00edamos hablar de estos grandes y excitantes botes en otros lugares, con decenas o incluso cientos de millones de d\u00f3lares o euros o su equivalente en juego, y dese\u00e1bamos vivir en lugares donde se pudieran comprar boletos para estas grandes bonanzas de la loter\u00eda.<\/p>\n<p><a href=\"https:\/\/redfoxlotto.com\/es\/?ref=a8564250a2&amp;medium=ol365\" target=\"_blank\" rel=\"noopener noreferrer\"><img loading=\"lazy\" decoding=\"async\" class=\"aligncenter\" src=\"https:\/\/redfoxlotto.com\/es\/image?size=8&amp;lottery=mega-millions\" alt=\"Mega Millions\" width=\"728\" height=\"90\" \/><\/a><\/p>\n<p>S\u00e9 que has deseado participar en esta gran acci\u00f3n tantas veces como yo. Vemos a esa gente cobrando estos mega premios y deseamos que seamos nosotros. Ni siquiera hemos sido capaces de jugar, y mucho menos de ganar.<\/p>\n<p>Bueno, eso est\u00e1 a punto de cambiar. Ahora, por medio de nuestro nuevo servicio de boletos de loter\u00eda, no hay ninguna diferencia si vives en un pa\u00eds donde se juega a la loter\u00eda o no. Finalmente, la gente que administra estas loter\u00edas se est\u00e1 despertando a la realidad de que hay muchos clientes potenciales en otros pa\u00edses que est\u00e1n ansiosos por una acci\u00f3n m\u00e1s emocionante.<\/p>\n<h2>Ahora ordena los boletos en l\u00ednea<\/h2>\n<p>Esto no es como en los viejos tiempos, y como sabemos, Internet ha abierto el mundo entero donde todo y todo est\u00e1 disponible en l\u00ednea. As\u00ed que \u00bfpor qu\u00e9 no tener acceso a todas las grandes loter\u00edas que existen? Es una idea cuyo tiempo definitivamente ha llegado, y la espera de esto ya ha terminado.<\/p>\n<p>Hemos hecho que el acceso a todo esto sea tan f\u00e1cil como sea posible. Todo lo que tienes que hacer es hacer click en una de las loter\u00edas para tener acceso instant\u00e1neo a los grandes botes. Entonces todo lo que tienes que hacer es seguir las sencillas instrucciones que se te proporcionan, elegir tus n\u00fameros, y <a href=\"https:\/\/onlinelotto365.com\/es\/compra-boletos\">comprar tu boleto.<\/a><\/p>\n<h2>Pago seguro de la loter\u00eda en l\u00ednea<\/h2>\n<p>Este nuevo servicio ofrece varias opciones de pago convenientes a trav\u00e9s de un procesador de pagos 100% seguro de \u00faltima generaci\u00f3n. Una vez que haya hecho la compra de sus entradas, le enviar\u00e1n una confirmaci\u00f3n por correo electr\u00f3nico y ver\u00e1 su entrada en su cuenta de cliente. <strong>Tambi\u00e9n le proporcionaremos asistencia gratuita para recoger sus ganancias<\/strong> algo que necesitar\u00e1 ya que no vive en el pa\u00eds donde se celebra la loter\u00eda. No hay necesidad de preocuparse por nada aqu\u00ed ya que tenemos todo cubierto para nuestros clientes.<\/p>\n<h2>Cuanto m\u00e1s alto sea el premio gordo, mejores ser\u00e1n sus posibilidades<\/h2>\n<p>No es un secreto que el valor de jugar a la loter\u00eda sube cuando los botes suben tambi\u00e9n. As\u00ed que si est\u00e1s atrapado teniendo que esperar a que la gran loter\u00eda en nuestro pa\u00eds crezca mucho, vas a estar mayormente esperando. Claro, sigue siendo muy divertido jugar a los botes m\u00e1s peque\u00f1os, pero no hay absolutamente nada como jugar a los grandes. No s\u00f3lo es mucho m\u00e1s divertido imaginarnos ganando uno de esos enormes premios que vemos que otros se prodigan, sino que las probabilidades est\u00e1n mucho m\u00e1s a nuestro favor con los grandes tambi\u00e9n.<\/p>\n<p>Toma tiempo para que los botes crezcan al tama\u00f1o monumental que tienen con el tiempo, y esto significa que ha pasado una cantidad significativa de tiempo sin <a href=\"https:\/\/onlinelotto365.com\/es\/numeros-ganadores\/el-gordo\">ganador del premio gordo de loter\u00eda<\/a>. As\u00ed que a medida que pasa el tiempo, todos estos botes m\u00e1s peque\u00f1os que no han sido ganados a\u00fan se siguen acumulando.<\/p>\n<p>No tenemos que entrar en m\u00e1s detalles acerca de lo mucho mejor que son los grandes botes para ti. As\u00ed que cuanto m\u00e1s acceso tengas a estos grandes botes, mejor. As\u00ed que cuando un servicio de Internet llega como este, que puede meterte en el juego en todos los grandes que hay, bueno, eso es lo mejor que puede ser para ti en lo que se refiere a jugar a la loter\u00eda.<\/p>\n<p>Ahora tienes acceso a todos los grandes, incluyendo el <a href=\"https:\/\/onlinelotto365.com\/es\/jugar\/powerball\"><strong>U.S. Powerball<\/strong><\/a> y <a href=\"https:\/\/onlinelotto365.com\/es\/jugar\/mega-millions\"><strong>Mega Millions<\/strong><\/a>, El Gordo de Espa\u00f1a, <a href=\"https:\/\/onlinelotto365.com\/es\/jugar\/superenalotto\">Superenalotto<\/a>, <a href=\"https:\/\/onlinelotto365.com\/es\/jugar\/euromillions\">EuroMillions<\/a>, <a href=\"https:\/\/onlinelotto365.com\/es\/jugar\/eurojackpot\">Eurojackpotto<\/a>, la Loter\u00eda Brit\u00e1nica, varias loter\u00edas australianas, y mucho, mucho m\u00e1s.<\/p>\n<p>Incluso si s\u00f3lo eres un fan\u00e1tico casual de la loter\u00eda, \u00bfpor qu\u00e9 te limitas a los que puedes comprar boletos en un puesto cuando puedes expandir tus horizontes para incluir al mundo entero a trav\u00e9s de este gran servicio en l\u00ednea? Una vez m\u00e1s, nos proveemos de todo esto por un cargo, pero no nos deducir\u00e1n nada de nuestras ganancias.<\/p>\n<h2>Los mayores d\u00edas de pago de la historia<\/h2>\n<p>Aqu\u00ed hay una lista de los mayores botes ganados en los \u00faltimos a\u00f1os. No es una sorpresa que todos hayan ocurrido en los Estados Unidos. Las <a href=\"https:\/\/onlinelotto365.com\/es\/news\/consiga-billetes-loteria-de-ee-uu-en-linea\">grandes loter\u00edas estadounidenses Powerball y Mega Millions<\/a> generan enormes pagos de forma regular. As\u00ed que no es sorprendente que la mayor\u00eda de las compras en l\u00ednea sean para billetes de Powerball y Mega Millions.<\/p>\n<ul>\n<li>$ 1568 millones, el premio gordo de Powerball ganado el 13 de enero de 2016. Este premio se dividi\u00f3 entre 3 ganadores.<\/li>\n<li>$ 1537 millones, el premio gordo de Mega Millions ganado por un solo ganador el 23 de octubre de 2018<\/li>\n<li>$ 768 millones, ganados en Powerball el 27 de marzo de 2019<\/li>\n<li>$ 758 millones, ganados en Powerball por un solo ganador en agosto de 2017<\/li>\n<li>$ 687 millones, que ser\u00e1n compartidos por dos ganadores del Powerball el 27 de octubre de 2018<\/li>\n<li>$ 656 millones, un bote de Mega Millions dividido entre tres ganadores en Marzo de 2016<\/li>\n<\/ul>\n<p>Ahora tienes la oportunidad de ganar a lo grande en una de esas loter\u00edas. Prep\u00e1rese para exponerse a lo mejor que el mundo tiene para ofrecer y a\u00fan m\u00e1s importante, \u00a1mejore sus oportunidades de ganar riquezas!<\/p>\n<h2>Evoluci\u00f3n de la loter\u00eda<\/h2>\n<p>Hist\u00f3ricamente, parece que las primeras loter\u00edas se celebraron en China, e incluso entonces esas loter\u00edas sirvieron en su mayor\u00eda para financiar proyectos p\u00fablicos. Incluso la Gran Muralla China puede haber sido uno de esos proyectos. En la antigua Roma, las loter\u00edas se celebraban durante eventos para ciudadanos ricos, y los ingresos se utilizaban para financiar obras de reparaci\u00f3n en la ciudad. En enero de 1449, una guerra entre Mil\u00e1n y Venecia fue financiada por una loter\u00eda.<\/p>\n<p>A lo largo de los siglos, las loter\u00edas han sido en su mayor\u00eda sancionadas y dirigidas por los estados y gobiernos para recaudar dinero. En cierto modo, esas loter\u00edas sirvieron como una forma de <a href=\"https:\/\/onlinelotto365.com\/es\/news\/que-loterias-y-paises-cobran-impuestos-sobre-las-ganancias\">imposici\u00f3n voluntaria<\/a> de las masas. Debido a esto, el porcentaje de los ingresos generados por la venta de boletos frente al pago de premios es y a menudo era bastante bajo.<\/p>\n<h2>La loter\u00eda en los tiempos modernos<\/h2>\n<p><img loading=\"lazy\" decoding=\"async\" class=\" wp-image-1840 alignright\" src=\"https:\/\/onlinelotto365.com\/wp-content\/uploads\/2021\/02\/international-lottery.jpg\" alt=\"loter\u00edas internationales\" width=\"250\" height=\"200\" \/><br \/>\nDesde que Internet ha facilitado las cosas para muchos de nosotros, la mayor\u00eda de las loter\u00edas nacionales han empezado a ofrecer la opci\u00f3n de comprar billetes en l\u00ednea. Pero la compra de billetes de loter\u00eda en l\u00ednea a trav\u00e9s de los sitios web de las loter\u00edas nacionales estaba restringida a los jugadores del pa\u00eds de esa loter\u00eda. Aunque la compra en l\u00ednea se hizo m\u00e1s conveniente, esto no mejor\u00f3 las probabilidades de ganar de ninguna manera. Eso s\u00f3lo se lograr\u00eda en el siguiente paso en la evoluci\u00f3n de la loter\u00eda.<\/p>\n<h2>M\u00e1s opciones te dan mejores probabilidades<\/h2>\n<p>La idea de un servicio como el nuestro que permite a los fan\u00e1ticos de la loter\u00eda <strong> participar en loter\u00edas de otras jurisdicciones <\/strong> fue el siguiente paso l\u00f3gico en el desarrollo. Ahora los jugadores de loter\u00eda pueden elegir entre varias loter\u00edas. Apuntando al premio mayor actualmente, pueden mejorar sus expectativas de ganar considerablemente. Para loter\u00edas como Mega Millions, Powerball y Euromillones, el porcentaje de compras de billetes de loter\u00eda en l\u00ednea por jugadores de todo el mundo est\u00e1 creciendo mes tras mes.<\/p>\n","protected":false},"excerpt":{"rendered":"<p>Hasta hace poco, los fan\u00e1ticos de la loter\u00eda nos limit\u00e1bamos a jugar a la loter\u00eda de nuestro propio pa\u00eds o regi\u00f3n. O\u00edamos hablar de estos grandes y excitantes botes en otros lugares, con decenas o incluso cientos de millones de d\u00f3lares o euros o su equivalente en juego, y dese\u00e1bamos vivir en lugares donde se [&hellip;]<\/p>\n","protected":false},"author":1,"featured_media":0,"parent":0,"menu_order":1,"comment_status":"closed","ping_status":"closed","template":"lotto.php","meta":{"_et_pb_use_builder":"","_et_pb_old_content":"","_et_gb_content_width":"","exclude_from_search":false,"footnotes":""},"class_list":["post-3791","page","type-page","status-publish","hentry"],"yoast_head":"<!-- This site is optimized with the Yoast SEO plugin v23.4 - https:\/\/yoast.com\/wordpress\/plugins\/seo\/ -->\n<title>Lotto Online | Todos los botes de loter\u00eda del mundo accesibles online<\/title>\n<meta name=\"description\" content=\"Servicio de boletos de loter\u00eda online para cualquier bote internacional. Obtenga boletos para cualquier loter\u00eda del mundo, sin importar donde viva\" \/>\n<meta name=\"robots\" content=\"index, follow, max-snippet:-1, max-image-preview:large, max-video-preview:-1\" \/>\n<link rel=\"canonical\" href=\"https:\/\/onlinelotto365.com\/es\/\" \/>\n<meta property=\"og:locale\" content=\"es_ES\" \/>\n<meta property=\"og:type\" content=\"article\" \/>\n<meta property=\"og:title\" content=\"Lotto Online | Todos los botes de loter\u00eda del mundo accesibles online\" \/>\n<meta property=\"og:description\" content=\"Servicio de boletos de loter\u00eda online para cualquier bote internacional. Obtenga boletos para cualquier loter\u00eda del mundo, sin importar donde viva\" \/>\n<meta property=\"og:url\" content=\"https:\/\/onlinelotto365.com\/es\/\" \/>\n<meta property=\"og:site_name\" content=\"OnlineLotto365\" \/>\n<meta property=\"article:modified_time\" content=\"2023-10-04T08:20:29+00:00\" \/>\n<meta property=\"og:image\" content=\"https:\/\/redfoxlotto.com\/es\/image?size=8&amp;lottery=mega-millions\" \/>\n<meta name=\"twitter:card\" content=\"summary_large_image\" \/>\n<meta name=\"twitter:label1\" content=\"Tiempo de lectura\" \/>\n\t<meta name=\"twitter:data1\" content=\"7 minutos\" \/>\n<script type=\"application\/ld+json\" class=\"yoast-schema-graph\">{\"@context\":\"https:\/\/schema.org\",\"@graph\":[{\"@type\":\"WebPage\",\"@id\":\"https:\/\/onlinelotto365.com\/es\/\",\"url\":\"https:\/\/onlinelotto365.com\/es\/\",\"name\":\"Lotto Online | Todos los botes de loter\u00eda del mundo accesibles online\",\"isPartOf\":{\"@id\":\"https:\/\/onlinelotto365.com\/es\/#website\"},\"primaryImageOfPage\":{\"@id\":\"https:\/\/onlinelotto365.com\/es\/#primaryimage\"},\"image\":{\"@id\":\"https:\/\/onlinelotto365.com\/es\/#primaryimage\"},\"thumbnailUrl\":\"https:\/\/redfoxlotto.com\/es\/image?size=8&amp;lottery=mega-millions\",\"datePublished\":\"2020-11-16T15:23:25+00:00\",\"dateModified\":\"2023-10-04T08:20:29+00:00\",\"description\":\"Servicio de boletos de loter\u00eda online para cualquier bote internacional. Obtenga boletos para cualquier loter\u00eda del mundo, sin importar donde viva\",\"breadcrumb\":{\"@id\":\"https:\/\/onlinelotto365.com\/es\/#breadcrumb\"},\"inLanguage\":\"es\",\"potentialAction\":[{\"@type\":\"ReadAction\",\"target\":[\"https:\/\/onlinelotto365.com\/es\/\"]}]},{\"@type\":\"ImageObject\",\"inLanguage\":\"es\",\"@id\":\"https:\/\/onlinelotto365.com\/es\/#primaryimage\",\"url\":\"https:\/\/redfoxlotto.com\/es\/image?size=8&amp;lottery=mega-millions\",\"contentUrl\":\"https:\/\/redfoxlotto.com\/es\/image?size=8&amp;lottery=mega-millions\"},{\"@type\":\"BreadcrumbList\",\"@id\":\"https:\/\/onlinelotto365.com\/es\/#breadcrumb\",\"itemListElement\":[{\"@type\":\"ListItem\",\"position\":1,\"name\":\"Home\",\"item\":\"https:\/\/onlinelotto365.com\/es\/\"},{\"@type\":\"ListItem\",\"position\":2,\"name\":\"Bienvenido a OnlineLotto365!\"}]},{\"@type\":\"WebSite\",\"@id\":\"https:\/\/onlinelotto365.com\/es\/#website\",\"url\":\"https:\/\/onlinelotto365.com\/es\/\",\"name\":\"OnlineLotto365\",\"description\":\"\",\"potentialAction\":[{\"@type\":\"SearchAction\",\"target\":{\"@type\":\"EntryPoint\",\"urlTemplate\":\"https:\/\/onlinelotto365.com\/es\/?s={search_term_string}\"},\"query-input\":{\"@type\":\"PropertyValueSpecification\",\"valueRequired\":true,\"valueName\":\"search_term_string\"}}],\"inLanguage\":\"es\"}]}<\/script>\n<!-- \/ Yoast SEO plugin. -->","yoast_head_json":{"title":"Lotto Online | Todos los botes de loter\u00eda del mundo accesibles online","description":"Servicio de boletos de loter\u00eda online para cualquier bote internacional. Obtenga boletos para cualquier loter\u00eda del mundo, sin importar donde viva","robots":{"index":"index","follow":"follow","max-snippet":"max-snippet:-1","max-image-preview":"max-image-preview:large","max-video-preview":"max-video-preview:-1"},"canonical":"https:\/\/onlinelotto365.com\/es\/","og_locale":"es_ES","og_type":"article","og_title":"Lotto Online | Todos los botes de loter\u00eda del mundo accesibles online","og_description":"Servicio de boletos de loter\u00eda online para cualquier bote internacional. Obtenga boletos para cualquier loter\u00eda del mundo, sin importar donde viva","og_url":"https:\/\/onlinelotto365.com\/es\/","og_site_name":"OnlineLotto365","article_modified_time":"2023-10-04T08:20:29+00:00","og_image":[{"url":"https:\/\/redfoxlotto.com\/es\/image?size=8&amp;lottery=mega-millions"}],"twitter_card":"summary_large_image","twitter_misc":{"Tiempo de lectura":"7 minutos"},"schema":{"@context":"https:\/\/schema.org","@graph":[{"@type":"WebPage","@id":"https:\/\/onlinelotto365.com\/es\/","url":"https:\/\/onlinelotto365.com\/es\/","name":"Lotto Online | Todos los botes de loter\u00eda del mundo accesibles online","isPartOf":{"@id":"https:\/\/onlinelotto365.com\/es\/#website"},"primaryImageOfPage":{"@id":"https:\/\/onlinelotto365.com\/es\/#primaryimage"},"image":{"@id":"https:\/\/onlinelotto365.com\/es\/#primaryimage"},"thumbnailUrl":"https:\/\/redfoxlotto.com\/es\/image?size=8&amp;lottery=mega-millions","datePublished":"2020-11-16T15:23:25+00:00","dateModified":"2023-10-04T08:20:29+00:00","description":"Servicio de boletos de loter\u00eda online para cualquier bote internacional. Obtenga boletos para cualquier loter\u00eda del mundo, sin importar donde viva","breadcrumb":{"@id":"https:\/\/onlinelotto365.com\/es\/#breadcrumb"},"inLanguage":"es","potentialAction":[{"@type":"ReadAction","target":["https:\/\/onlinelotto365.com\/es\/"]}]},{"@type":"ImageObject","inLanguage":"es","@id":"https:\/\/onlinelotto365.com\/es\/#primaryimage","url":"https:\/\/redfoxlotto.com\/es\/image?size=8&amp;lottery=mega-millions","contentUrl":"https:\/\/redfoxlotto.com\/es\/image?size=8&amp;lottery=mega-millions"},{"@type":"BreadcrumbList","@id":"https:\/\/onlinelotto365.com\/es\/#breadcrumb","itemListElement":[{"@type":"ListItem","position":1,"name":"Home","item":"https:\/\/onlinelotto365.com\/es\/"},{"@type":"ListItem","position":2,"name":"Bienvenido a OnlineLotto365!"}]},{"@type":"WebSite","@id":"https:\/\/onlinelotto365.com\/es\/#website","url":"https:\/\/onlinelotto365.com\/es\/","name":"OnlineLotto365","description":"","potentialAction":[{"@type":"SearchAction","target":{"@type":"EntryPoint","urlTemplate":"https:\/\/onlinelotto365.com\/es\/?s={search_term_string}"},"query-input":{"@type":"PropertyValueSpecification","valueRequired":true,"valueName":"search_term_string"}}],"inLanguage":"es"}]}},"_links":{"self":[{"href":"https:\/\/onlinelotto365.com\/es\/wp-json\/wp\/v2\/pages\/3791","targetHints":{"allow":["GET"]}}],"collection":[{"href":"https:\/\/onlinelotto365.com\/es\/wp-json\/wp\/v2\/pages"}],"about":[{"href":"https:\/\/onlinelotto365.com\/es\/wp-json\/wp\/v2\/types\/page"}],"author":[{"embeddable":true,"href":"https:\/\/onlinelotto365.com\/es\/wp-json\/wp\/v2\/users\/1"}],"replies":[{"embeddable":true,"href":"https:\/\/onlinelotto365.com\/es\/wp-json\/wp\/v2\/comments?post=3791"}],"version-history":[{"count":0,"href":"https:\/\/onlinelotto365.com\/es\/wp-json\/wp\/v2\/pages\/3791\/revisions"}],"wp:attachment":[{"href":"https:\/\/onlinelotto365.com\/es\/wp-json\/wp\/v2\/media?parent=3791"}],"curies":[{"name":"wp","href":"https:\/\/api.w.org\/{rel}","templated":true}]}}