{"id":3801,"date":"2020-11-17T18:20:25","date_gmt":"2020-11-17T18:20:25","guid":{"rendered":"http:\/\/onlinelotto365.net\/winning-numbers"},"modified":"2021-01-05T13:27:21","modified_gmt":"2021-01-05T12:27:21","slug":"numeros-ganadores","status":"publish","type":"page","link":"https:\/\/onlinelotto365.com\/es\/numeros-ganadores\/","title":{"rendered":"Encuentra los n\u00fameros ganadores y los resultados de los \u00faltimos sorteos de la loter\u00eda"},"content":{"rendered":"<p>Encuentra los n\u00fameros ganadores de las mayores loter\u00edas internacionales del mundo aqu\u00ed. Actualizamos esta p\u00e1gina permanentemente, as\u00ed que vuelva para ver los \u00faltimos resultados cuando los necesite. Si ha jugado en alguna de esas loter\u00edas internacionales, \u00a1esperamos que su billete tenga los n\u00fameros ganadores! Y por cierto &#8211; \u00bfes usted consciente del hecho de que varias veces en la historia, los jugadores han ganado a lo grande <strong>usando los n\u00fameros ganadores de una loter\u00eda extranjera para jugarlos en su propia loter\u00eda local?<\/strong><\/p>\n<p>Pero lo m\u00e1s importante es que probablemente no sab\u00eda que ahora tiene la posibilidad de participar en las mayores loter\u00edas del planeta, \u00a1incluso en las de otros pa\u00edses! Ya sea que est\u00e9 interesado en Powerball, Mega Millions, Euromillones, o cualquier otra de las loter\u00edas que se ofrecen aqu\u00ed, puede obtener los boletos en l\u00ednea ahora. Para participar, s\u00f3lo tiene que hacer clic en el bot\u00f3n \u00abJugar\u00bb de su loter\u00eda favorita junto a los resultados de abajo. En cuesti\u00f3n de minutos, tendr\u00e1 sus billetes. Personalmente, le recomendamos que mire el tama\u00f1o de los botes y elija la loter\u00eda que actualmente tiene el mayor bote!<\/p>\n<p><a href=\"https:\/\/redfoxlotto.com\/es\/?ref=a8564250a2&amp;medium=ol365\" target=\"_blank\" rel=\"noopener noreferrer\"><img loading=\"lazy\" decoding=\"async\" class=\"aligncenter\" src=\"https:\/\/redfoxlotto.com\/es\/image?size=8&amp;lottery=eurojackpot\" alt=\"eurojackpot\" width=\"720\" height=\"90\" \/><\/a><\/p>\n<h2>C\u00f3mo comprobar los resultados de la loter\u00eda de hoy<\/h2>\n<p>\u00bfTe gusta jugar a la loter\u00eda? Tal vez juegas varias veces al d\u00eda o juegas todos los d\u00edas, o tal vez s\u00f3lo juegas de vez en cuando. Sin embargo, no importa cu\u00e1n frecuentemente juegues, quieres asegurarte de que siempre sepas cu\u00e1les son los n\u00fameros ganadores. Nunca quieres arriesgarte a perder un pago por no haber revisado los n\u00fameros. Entonces, \u00bfc\u00f3mo averiguas el resultado de la loter\u00eda hoy? En realidad es m\u00e1s f\u00e1cil de lo que piensas porque hay un mont\u00f3n de opciones diferentes disponibles.<\/p>\n<h2>D\u00f3nde encontrar el resultado de la loter\u00eda hoy<\/h2>\n<p>\u00bfBuscando obtener resultados inmediatamente? \u00bfTan pronto como est\u00e9n disponibles? Si es as\u00ed, entonces va a querer volver a <strong>su servicio de entradas en l\u00ednea.<\/strong> Definitivamente va a estar contento porque los resultados de la loter\u00eda est\u00e1n disponibles no s\u00f3lo en el d\u00eda del sorteo sino inmediatamente en el momento del mismo. As\u00ed que, si eres del tipo impaciente no tendr\u00e1s problemas para obtener los resultados tan pronto como est\u00e9n disponibles. Sin mencionar que estar\u00e1s listo y podr\u00e1s empezar a jugar tu pr\u00f3ximo juego de n\u00fameros una vez que sepas si has ganado o no.<\/p>\n<h2>Ingrese y revise la secci\u00f3n Mis Entradas<\/h2>\n<p>La forma m\u00e1s conveniente y segura de averiguar si has ganado algo es entrar en<strong> tu cuenta y comprobar tus billetes existentes<\/strong>. Una vez que los resultados del sorteo est\u00e1n dentro, usted puede comparar f\u00e1cilmente sus boletos con los n\u00fameros ganadores. Con un boleto en l\u00ednea, tampoco hay peligro de que pueda perder el boleto. Siempre est\u00e1 aqu\u00ed, en su cuenta. \u00a1Y tambi\u00e9n le notificaremos cualquier ganancia!<\/p>\n<p>Si ha comprado entradas en l\u00ednea a trav\u00e9s de nosotros, siempre le enviaremos una <strong>notificaci\u00f3n por correo electr\u00f3nico en caso<\/strong> de que haya ganado algo. Por supuesto, es importante que su proveedor de correo electr\u00f3nico no mueva nuestros correos electr\u00f3nicos a un directorio de spam o basura. Aseg\u00farese de agregarnos a su lista de remitentes de correo electr\u00f3nico de confianza.<\/p>\n<h2>Transmitir el sorteo<\/h2>\n<p>En realidad, hay algunos servicios en los que se pueden transmitir los eventos del sorteo de la loter\u00eda directamente en el dispositivo m\u00f3vil. De esta manera, si ninguno de sus canales de televisi\u00f3n locales transmite el sorteo que le interesa, no tendr\u00e1 ning\u00fan problema en transmitir el sorteo en vivo para que est\u00e9 listo cuando salga el n\u00famero. Intenta buscar tu loter\u00eda favorita en <em><strong><a href=\"http:\/\/youtube.com\">Youtube<\/a><\/strong><\/em>. La mayor\u00eda de los sorteos de loter\u00eda no se transmiten en vivo por Youtube, pero los videos del sorteo pueden ser subidos poco despu\u00e9s de que los resultados hayan sido publicados.<\/p>\n<h2>Encu\u00e9ntralo m\u00e1s tarde<\/h2>\n<p>Si no te preocupa tanto averiguar qu\u00e9 era el dibujo tan pronto como sucede, puedes consultar varias opciones diferentes para encontrarlo m\u00e1s tarde. Algunas de ellas ser\u00e1n justo despu\u00e9s de que se produzca el dibujo y otras podr\u00edan no serlo hasta el d\u00eda siguiente, as\u00ed que depender\u00e1 de ti qu\u00e9 m\u00e9todo decidas que es el mejor y c\u00f3mo quieras proceder para encontrar los n\u00fameros. Si est\u00e1s dispuesto a esperar m\u00e1s tiempo, por ejemplo, podr\u00edas mirar el peri\u00f3dico al d\u00eda siguiente del sorteo. Si quieres saber r\u00e1pidamente que existen los sitios web oficiales que puedes consultar para encontrar m\u00e1s informaci\u00f3n justo despu\u00e9s de que el sorteo se realice.<\/p>\n<p>El peri\u00f3dico es uno de los <strong>m\u00e9todos m\u00e1s comunes para comprobar los n\u00fameros de la loter\u00eda<\/strong> y va a ser uno de los m\u00e1s f\u00e1ciles tambi\u00e9n. El peri\u00f3dico publica todos los n\u00fameros ganadores al d\u00eda siguiente de que salgan y podr\u00e1s ver todos los resultados del d\u00eda entero en un solo lugar. De esa manera, si juegas m\u00e1s de un juego, puedes revisar todos los n\u00fameros a la vez. S\u00f3lo tienes que tener una suscripci\u00f3n al peri\u00f3dico o ir a una tienda o tienda de conveniencia para recoger uno al d\u00eda siguiente.<\/p>\n<p>Si quieres saberlo r\u00e1pidamente pero no quieres o no puedes ver el dibujo en vivo, lo mejor es que te conectes a Internet. Lo genial es que puedes encontrar todos los resultados de la loter\u00eda de los mayores sorteos y botes en Red Fox Lotto, as\u00ed que siempre sabr\u00e1s el resultado de la loter\u00eda de hoy. Con este servicio, puede conectarse y ver todo lo que se le presenta en la p\u00e1gina de inicio, desde el \u00faltimo sorteo hasta el m\u00e1s antiguo, para que pueda desplazarse por lo que desee. Sin mencionar que ver\u00e1 d\u00f3nde se juega y cu\u00e1l es el pago total. As\u00ed que tendr\u00e1s todo lo que necesitas saber.<\/p>\n<h2>Encuentra los pagos<\/h2>\n<p>\u00bfY si ya has mirado los n\u00fameros pero ahora quieres saber m\u00e1s <strong>sobre los<\/strong> pagos? En realidad es bastante simple. Todo lo que necesitas hacer es revisar nuestro sitio de boletos en l\u00ednea. Toda esa informaci\u00f3n estar\u00e1 aqu\u00ed, y la actualizamos en tiempo real.<\/p>\n<h2>Reclamaci\u00f3n de premios en l\u00ednea<\/h2>\n<p>Si ganas un premio en l\u00ednea, el procedimiento es diferente al que har\u00edas si ganaras con un boleto comprado en la tienda. Si ganas una cantidad superior a 2500 euros, tendr\u00e1s que rellenar un formulario a trav\u00e9s de nuestra plataforma online para reclamar tu premio. Nosotros nos encargaremos del resto por ti.<\/p>\n<p>Las ganancias inferiores a 2500 euros ser\u00e1n inmediatamente acreditadas en su cuenta de jugador en nuestro sitio. A partir de ah\u00ed, puede utilizar los fondos para m\u00e1s billetes o iniciar un retiro de fondos. Para retirar, puede utilizar cualquier m\u00e9todo de pago que haya sido utilizado previamente para una compra o dep\u00f3sito.<\/p>\n<h2>Resumen<\/h2>\n<p>Si buscas el resultado de la loter\u00eda hoy, se trata de saber d\u00f3nde buscar. Ya sea que est\u00e9 buscando en l\u00ednea, vi\u00e9ndolo en vivo o revis\u00e1ndolo al d\u00eda siguiente, no tendr\u00e1 problemas con el proceso. Podr\u00e1s llevar un registro de <strong>tus n\u00fameros y de los<\/strong> ganadores. Y podr\u00e1s seguir jugando a tus juegos de loter\u00eda favoritos e incluso descubrir algunos nuevos de partes completamente diferentes del mundo. \u00bfQu\u00e9 podr\u00eda ser mejor que eso?<\/p>\n","protected":false},"excerpt":{"rendered":"<p>Encuentra los n\u00fameros ganadores de las mayores loter\u00edas internacionales del mundo aqu\u00ed. Actualizamos esta p\u00e1gina permanentemente, as\u00ed que vuelva para ver los \u00faltimos resultados cuando los necesite. Si ha jugado en alguna de esas loter\u00edas internacionales, \u00a1esperamos que su billete tenga los n\u00fameros ganadores! Y por cierto &#8211; \u00bfes usted consciente del hecho de que [&hellip;]<\/p>\n","protected":false},"author":1,"featured_media":0,"parent":0,"menu_order":4,"comment_status":"closed","ping_status":"closed","template":"Results.php","meta":{"_et_pb_use_builder":"","_et_pb_old_content":"","_et_gb_content_width":"","exclude_from_search":false,"footnotes":""},"class_list":["post-3801","page","type-page","status-publish","hentry"],"yoast_head":"<!-- This site is optimized with the Yoast SEO plugin v23.4 - https:\/\/yoast.com\/wordpress\/plugins\/seo\/ -->\n<title>Los n\u00fameros ganadores de la loter\u00eda y los resultados de los mayores botes del mundo<\/title>\n<meta name=\"description\" content=\"Encuentra los resultados de la loter\u00eda de esta semana y los n\u00fameros ganadores de las loter\u00edas m\u00e1s grandes aqu\u00ed\" \/>\n<meta name=\"robots\" content=\"index, follow, max-snippet:-1, max-image-preview:large, max-video-preview:-1\" \/>\n<link rel=\"canonical\" href=\"https:\/\/onlinelotto365.com\/es\/numeros-ganadores\/\" \/>\n<meta property=\"og:locale\" content=\"es_ES\" \/>\n<meta property=\"og:type\" content=\"article\" \/>\n<meta property=\"og:title\" content=\"Los n\u00fameros ganadores de la loter\u00eda y los resultados de los mayores botes del mundo\" \/>\n<meta property=\"og:description\" content=\"Encuentra los resultados de la loter\u00eda de esta semana y los n\u00fameros ganadores de las loter\u00edas m\u00e1s grandes aqu\u00ed\" \/>\n<meta property=\"og:url\" content=\"https:\/\/onlinelotto365.com\/es\/numeros-ganadores\/\" \/>\n<meta property=\"og:site_name\" content=\"OnlineLotto365\" \/>\n<meta property=\"article:modified_time\" content=\"2021-01-05T12:27:21+00:00\" \/>\n<meta property=\"og:image\" content=\"https:\/\/redfoxlotto.com\/es\/image?size=8&amp;lottery=eurojackpot\" \/>\n<meta name=\"twitter:card\" content=\"summary_large_image\" \/>\n<meta name=\"twitter:label1\" content=\"Tiempo de lectura\" \/>\n\t<meta name=\"twitter:data1\" content=\"6 minutos\" \/>\n<script type=\"application\/ld+json\" class=\"yoast-schema-graph\">{\"@context\":\"https:\/\/schema.org\",\"@graph\":[{\"@type\":\"WebPage\",\"@id\":\"https:\/\/onlinelotto365.com\/es\/numeros-ganadores\/\",\"url\":\"https:\/\/onlinelotto365.com\/es\/numeros-ganadores\/\",\"name\":\"Los n\u00fameros ganadores de la loter\u00eda y los resultados de los mayores botes del mundo\",\"isPartOf\":{\"@id\":\"https:\/\/onlinelotto365.com\/es\/#website\"},\"primaryImageOfPage\":{\"@id\":\"https:\/\/onlinelotto365.com\/es\/numeros-ganadores\/#primaryimage\"},\"image\":{\"@id\":\"https:\/\/onlinelotto365.com\/es\/numeros-ganadores\/#primaryimage\"},\"thumbnailUrl\":\"https:\/\/redfoxlotto.com\/es\/image?size=8&amp;lottery=eurojackpot\",\"datePublished\":\"2020-11-17T18:20:25+00:00\",\"dateModified\":\"2021-01-05T12:27:21+00:00\",\"description\":\"Encuentra los resultados de la loter\u00eda de esta semana y los n\u00fameros ganadores de las loter\u00edas m\u00e1s grandes aqu\u00ed\",\"breadcrumb\":{\"@id\":\"https:\/\/onlinelotto365.com\/es\/numeros-ganadores\/#breadcrumb\"},\"inLanguage\":\"es\",\"potentialAction\":[{\"@type\":\"ReadAction\",\"target\":[\"https:\/\/onlinelotto365.com\/es\/numeros-ganadores\/\"]}]},{\"@type\":\"ImageObject\",\"inLanguage\":\"es\",\"@id\":\"https:\/\/onlinelotto365.com\/es\/numeros-ganadores\/#primaryimage\",\"url\":\"https:\/\/redfoxlotto.com\/es\/image?size=8&amp;lottery=eurojackpot\",\"contentUrl\":\"https:\/\/redfoxlotto.com\/es\/image?size=8&amp;lottery=eurojackpot\"},{\"@type\":\"BreadcrumbList\",\"@id\":\"https:\/\/onlinelotto365.com\/es\/numeros-ganadores\/#breadcrumb\",\"itemListElement\":[{\"@type\":\"ListItem\",\"position\":1,\"name\":\"Home\",\"item\":\"https:\/\/onlinelotto365.com\/es\/\"},{\"@type\":\"ListItem\",\"position\":2,\"name\":\"Encuentra los n\u00fameros ganadores y los resultados de los \u00faltimos sorteos de la loter\u00eda\"}]},{\"@type\":\"WebSite\",\"@id\":\"https:\/\/onlinelotto365.com\/es\/#website\",\"url\":\"https:\/\/onlinelotto365.com\/es\/\",\"name\":\"OnlineLotto365\",\"description\":\"\",\"potentialAction\":[{\"@type\":\"SearchAction\",\"target\":{\"@type\":\"EntryPoint\",\"urlTemplate\":\"https:\/\/onlinelotto365.com\/es\/?s={search_term_string}\"},\"query-input\":{\"@type\":\"PropertyValueSpecification\",\"valueRequired\":true,\"valueName\":\"search_term_string\"}}],\"inLanguage\":\"es\"}]}<\/script>\n<!-- \/ Yoast SEO plugin. -->","yoast_head_json":{"title":"Los n\u00fameros ganadores de la loter\u00eda y los resultados de los mayores botes del mundo","description":"Encuentra los resultados de la loter\u00eda de esta semana y los n\u00fameros ganadores de las loter\u00edas m\u00e1s grandes aqu\u00ed","robots":{"index":"index","follow":"follow","max-snippet":"max-snippet:-1","max-image-preview":"max-image-preview:large","max-video-preview":"max-video-preview:-1"},"canonical":"https:\/\/onlinelotto365.com\/es\/numeros-ganadores\/","og_locale":"es_ES","og_type":"article","og_title":"Los n\u00fameros ganadores de la loter\u00eda y los resultados de los mayores botes del mundo","og_description":"Encuentra los resultados de la loter\u00eda de esta semana y los n\u00fameros ganadores de las loter\u00edas m\u00e1s grandes aqu\u00ed","og_url":"https:\/\/onlinelotto365.com\/es\/numeros-ganadores\/","og_site_name":"OnlineLotto365","article_modified_time":"2021-01-05T12:27:21+00:00","og_image":[{"url":"https:\/\/redfoxlotto.com\/es\/image?size=8&amp;lottery=eurojackpot"}],"twitter_card":"summary_large_image","twitter_misc":{"Tiempo de lectura":"6 minutos"},"schema":{"@context":"https:\/\/schema.org","@graph":[{"@type":"WebPage","@id":"https:\/\/onlinelotto365.com\/es\/numeros-ganadores\/","url":"https:\/\/onlinelotto365.com\/es\/numeros-ganadores\/","name":"Los n\u00fameros ganadores de la loter\u00eda y los resultados de los mayores botes del mundo","isPartOf":{"@id":"https:\/\/onlinelotto365.com\/es\/#website"},"primaryImageOfPage":{"@id":"https:\/\/onlinelotto365.com\/es\/numeros-ganadores\/#primaryimage"},"image":{"@id":"https:\/\/onlinelotto365.com\/es\/numeros-ganadores\/#primaryimage"},"thumbnailUrl":"https:\/\/redfoxlotto.com\/es\/image?size=8&amp;lottery=eurojackpot","datePublished":"2020-11-17T18:20:25+00:00","dateModified":"2021-01-05T12:27:21+00:00","description":"Encuentra los resultados de la loter\u00eda de esta semana y los n\u00fameros ganadores de las loter\u00edas m\u00e1s grandes aqu\u00ed","breadcrumb":{"@id":"https:\/\/onlinelotto365.com\/es\/numeros-ganadores\/#breadcrumb"},"inLanguage":"es","potentialAction":[{"@type":"ReadAction","target":["https:\/\/onlinelotto365.com\/es\/numeros-ganadores\/"]}]},{"@type":"ImageObject","inLanguage":"es","@id":"https:\/\/onlinelotto365.com\/es\/numeros-ganadores\/#primaryimage","url":"https:\/\/redfoxlotto.com\/es\/image?size=8&amp;lottery=eurojackpot","contentUrl":"https:\/\/redfoxlotto.com\/es\/image?size=8&amp;lottery=eurojackpot"},{"@type":"BreadcrumbList","@id":"https:\/\/onlinelotto365.com\/es\/numeros-ganadores\/#breadcrumb","itemListElement":[{"@type":"ListItem","position":1,"name":"Home","item":"https:\/\/onlinelotto365.com\/es\/"},{"@type":"ListItem","position":2,"name":"Encuentra los n\u00fameros ganadores y los resultados de los \u00faltimos sorteos de la loter\u00eda"}]},{"@type":"WebSite","@id":"https:\/\/onlinelotto365.com\/es\/#website","url":"https:\/\/onlinelotto365.com\/es\/","name":"OnlineLotto365","description":"","potentialAction":[{"@type":"SearchAction","target":{"@type":"EntryPoint","urlTemplate":"https:\/\/onlinelotto365.com\/es\/?s={search_term_string}"},"query-input":{"@type":"PropertyValueSpecification","valueRequired":true,"valueName":"search_term_string"}}],"inLanguage":"es"}]}},"_links":{"self":[{"href":"https:\/\/onlinelotto365.com\/es\/wp-json\/wp\/v2\/pages\/3801","targetHints":{"allow":["GET"]}}],"collection":[{"href":"https:\/\/onlinelotto365.com\/es\/wp-json\/wp\/v2\/pages"}],"about":[{"href":"https:\/\/onlinelotto365.com\/es\/wp-json\/wp\/v2\/types\/page"}],"author":[{"embeddable":true,"href":"https:\/\/onlinelotto365.com\/es\/wp-json\/wp\/v2\/users\/1"}],"replies":[{"embeddable":true,"href":"https:\/\/onlinelotto365.com\/es\/wp-json\/wp\/v2\/comments?post=3801"}],"version-history":[{"count":0,"href":"https:\/\/onlinelotto365.com\/es\/wp-json\/wp\/v2\/pages\/3801\/revisions"}],"wp:attachment":[{"href":"https:\/\/onlinelotto365.com\/es\/wp-json\/wp\/v2\/media?parent=3801"}],"curies":[{"name":"wp","href":"https:\/\/api.w.org\/{rel}","templated":true}]}}