{"id":3811,"date":"2020-11-17T18:13:29","date_gmt":"2020-11-17T17:13:29","guid":{"rendered":"http:\/\/onlinelotto365.net\/buy-tickets"},"modified":"2021-01-05T13:24:55","modified_gmt":"2021-01-05T12:24:55","slug":"compra-boletos","status":"publish","type":"page","link":"https:\/\/onlinelotto365.com\/es\/compra-boletos\/","title":{"rendered":"Por qu\u00e9 tiene m\u00e1s sentido comprar billetes de loter\u00eda en l\u00ednea"},"content":{"rendered":"<p>En general, comprar cosas por Internet es mucho m\u00e1s conveniente. Eso va tambi\u00e9n para la <strong>compra<\/strong> de billetes de loter\u00eda. No hay necesidad de salir de casa, gastar dinero en gasolina y hacer cola en la tienda de loter\u00eda.<\/p>\n<p>Pero lo m\u00e1s importante es que ya no est\u00e1s restringido a tu loter\u00eda local. Todos esos botes y loter\u00edas de pa\u00edses lejanos est\u00e1n ahora a su disposici\u00f3n en l\u00ednea, a trav\u00e9s de nuestro servicio. No tiene que contentarse con peque\u00f1os botes. Ya no tiene que esperar a que su premio gordo local sea lo suficientemente grande.<\/p>\n<p>Las loter\u00edas como <a href=\"https:\/\/onlinelotto365.com\/es\/compra-boletos\/mega-millions\">Mega<\/a> Millions, <a href=\"https:\/\/onlinelotto365.com\/es\/compra-boletos\/powerball\">Powerball<\/a>, <a href=\"https:\/\/onlinelotto365.com\/es\/compra-boletos\/euromillions\">Euromillones<\/a>, <a href=\"https:\/\/onlinelotto365.com\/es\/compra-boletos\/eurojackpot\">Eurojackpot<\/a>, y <a href=\"https:\/\/onlinelotto365.com\/es\/compra-boletos\/superenalotto\">Superenalotto<\/a> (s\u00f3lo para nombrar algunas) son mucho m\u00e1s atractivas que los premios de la loter\u00eda nacional promedio. Comprar boletos <strong>en l\u00ednea para una o varias loter\u00edas<\/strong>, participar en un sorteo o varios sorteos &#8211; todo es posible aqu\u00ed. Este es un servicio completamente legal &#8211; b\u00e1sicamente, es un servicio de mensajer\u00eda para los billetes de loter\u00eda.<\/p>\n<p><a href=\"https:\/\/redfoxlotto.com\/es\/?ref=a8564250a2&amp;medium=ol365\" target=\"_blank\" rel=\"noopener noreferrer\"><img loading=\"lazy\" decoding=\"async\" class=\"aligncenter\" src=\"https:\/\/redfoxlotto.com\/image?size=8&amp;lottery=euromillions\" alt=\"Euromillions\" width=\"720\" height=\"90\" \/><\/a><\/p>\n<h2>\u00bfC\u00f3mo funciona el proceso de compra de los billetes de loter\u00eda?<\/h2>\n<p>Hemos tratado de hacer todo el proceso tan simple y r\u00e1pido como sea posible para usted. Nuestra plataforma le guiar\u00e1 a trav\u00e9s de los pasos necesarios para comprar sus boletos, registrar una cuenta de cliente y finalmente pagar en l\u00ednea. Si tiene alguna pregunta, le sugerimos que consulte primero nuestras preguntas frecuentes. Los problemas m\u00e1s frecuentes se resolver\u00e1n leyendo esos comentarios. Y si todav\u00eda tiene un problema, puede contactar con nuestro equipo de soporte. Ellos responder\u00e1n a sus preguntas dentro de las 24 horas.<\/p>\n<h2>Compruebe sus resultados de la manera m\u00e1s f\u00e1cil<\/h2>\n<p>Al comprar un boleto en l\u00ednea, tambi\u00e9n ser\u00e1<strong> m\u00e1s f\u00e1cil<\/strong> comprobar<strong> <a href=\"https:\/\/onlinelotto365.com\/es\/compra-boletos\/superenalotto\">los resultados<\/a><\/strong> m\u00e1s tarde. S\u00f3lo tienes que volver aqu\u00ed, entrar en tu cuenta y mirar tus entradas existentes. <strong><a href=\"https:\/\/onlinelotto365.com\/es\/numeros-ganadores\">Los n\u00fameros<\/a><\/strong> ganadores <strong>ser\u00e1n<\/strong> resaltados y los resultados del sorteo se mostrar\u00e1n junto a su billete. Tambi\u00e9n le diremos cu\u00e1nto ha ganado.<\/p>\n<p>Tambi\u00e9n puedes encontrar un archivo de resultados de sorteos anteriores aqu\u00ed. A muchos de nuestros jugadores les gusta comprobar los resultados anteriores, y luego elegir los n\u00fameros para su pr\u00f3ximo boleto basado en los n\u00fameros ganadores anteriores.<\/p>\n<h2>Comprando y pagando sus billetes de loter\u00eda de la manera m\u00e1s segura<\/h2>\n<p>No hay que preocuparse por la seguridad de los datos de pago, como los datos de la tarjeta de cr\u00e9dito o los n\u00fameros de cuenta bancaria. Durante el proceso de pago, utilizamos la m\u00e1s nueva <strong>y segura tecnolog\u00eda<\/strong> de encriptaci\u00f3n. Y ofrecemos varias opciones de pago. La opci\u00f3n m\u00e1s popular es pagar con tarjeta de cr\u00e9dito, pero puede usar Bitcoin, transferencia bancaria (desde algunos pa\u00edses), y bastantes otras opciones para comprar entradas.<\/p>\n","protected":false},"excerpt":{"rendered":"<p>En general, comprar cosas por Internet es mucho m\u00e1s conveniente. Eso va tambi\u00e9n para la compra de billetes de loter\u00eda. No hay necesidad de salir de casa, gastar dinero en gasolina y hacer cola en la tienda de loter\u00eda. Pero lo m\u00e1s importante es que ya no est\u00e1s restringido a tu loter\u00eda local. Todos esos [&hellip;]<\/p>\n","protected":false},"author":1,"featured_media":0,"parent":0,"menu_order":3,"comment_status":"closed","ping_status":"closed","template":"Information.php","meta":{"_et_pb_use_builder":"","_et_pb_old_content":"","_et_gb_content_width":"","exclude_from_search":false,"footnotes":""},"class_list":["post-3811","page","type-page","status-publish","hentry"],"yoast_head":"<!-- This site is optimized with the Yoast SEO plugin v23.4 - https:\/\/yoast.com\/wordpress\/plugins\/seo\/ -->\n<title>Comprar boletos en l\u00ednea para los mayores botes de loter\u00eda del planeta<\/title>\n<meta name=\"description\" content=\"\u00bfTodav\u00eda compras billetes de loter\u00eda a nivel local? Hay mucho mejores botes de loter\u00eda - \u00a1s\u00f3lo compre sus boletos en l\u00ednea!\" \/>\n<meta name=\"robots\" content=\"index, follow, max-snippet:-1, max-image-preview:large, max-video-preview:-1\" \/>\n<link rel=\"canonical\" href=\"https:\/\/onlinelotto365.com\/es\/compra-boletos\/\" \/>\n<meta property=\"og:locale\" content=\"es_ES\" \/>\n<meta property=\"og:type\" content=\"article\" \/>\n<meta property=\"og:title\" content=\"Comprar boletos en l\u00ednea para los mayores botes de loter\u00eda del planeta\" \/>\n<meta property=\"og:description\" content=\"\u00bfTodav\u00eda compras billetes de loter\u00eda a nivel local? Hay mucho mejores botes de loter\u00eda - \u00a1s\u00f3lo compre sus boletos en l\u00ednea!\" \/>\n<meta property=\"og:url\" content=\"https:\/\/onlinelotto365.com\/es\/compra-boletos\/\" \/>\n<meta property=\"og:site_name\" content=\"OnlineLotto365\" \/>\n<meta property=\"article:modified_time\" content=\"2021-01-05T12:24:55+00:00\" \/>\n<meta property=\"og:image\" content=\"https:\/\/redfoxlotto.com\/image?size=8&amp;lottery=euromillions\" \/>\n<meta name=\"twitter:card\" content=\"summary_large_image\" \/>\n<meta name=\"twitter:label1\" content=\"Tiempo de lectura\" \/>\n\t<meta name=\"twitter:data1\" content=\"2 minutos\" \/>\n<script type=\"application\/ld+json\" class=\"yoast-schema-graph\">{\"@context\":\"https:\/\/schema.org\",\"@graph\":[{\"@type\":\"WebPage\",\"@id\":\"https:\/\/onlinelotto365.com\/es\/compra-boletos\/\",\"url\":\"https:\/\/onlinelotto365.com\/es\/compra-boletos\/\",\"name\":\"Comprar boletos en l\u00ednea para los mayores botes de loter\u00eda del planeta\",\"isPartOf\":{\"@id\":\"https:\/\/onlinelotto365.com\/es\/#website\"},\"primaryImageOfPage\":{\"@id\":\"https:\/\/onlinelotto365.com\/es\/compra-boletos\/#primaryimage\"},\"image\":{\"@id\":\"https:\/\/onlinelotto365.com\/es\/compra-boletos\/#primaryimage\"},\"thumbnailUrl\":\"https:\/\/redfoxlotto.com\/image?size=8&amp;lottery=euromillions\",\"datePublished\":\"2020-11-17T17:13:29+00:00\",\"dateModified\":\"2021-01-05T12:24:55+00:00\",\"description\":\"\u00bfTodav\u00eda compras billetes de loter\u00eda a nivel local? Hay mucho mejores botes de loter\u00eda - \u00a1s\u00f3lo compre sus boletos en l\u00ednea!\",\"breadcrumb\":{\"@id\":\"https:\/\/onlinelotto365.com\/es\/compra-boletos\/#breadcrumb\"},\"inLanguage\":\"es\",\"potentialAction\":[{\"@type\":\"ReadAction\",\"target\":[\"https:\/\/onlinelotto365.com\/es\/compra-boletos\/\"]}]},{\"@type\":\"ImageObject\",\"inLanguage\":\"es\",\"@id\":\"https:\/\/onlinelotto365.com\/es\/compra-boletos\/#primaryimage\",\"url\":\"https:\/\/redfoxlotto.com\/image?size=8&amp;lottery=euromillions\",\"contentUrl\":\"https:\/\/redfoxlotto.com\/image?size=8&amp;lottery=euromillions\"},{\"@type\":\"BreadcrumbList\",\"@id\":\"https:\/\/onlinelotto365.com\/es\/compra-boletos\/#breadcrumb\",\"itemListElement\":[{\"@type\":\"ListItem\",\"position\":1,\"name\":\"Home\",\"item\":\"https:\/\/onlinelotto365.com\/es\/\"},{\"@type\":\"ListItem\",\"position\":2,\"name\":\"Por qu\u00e9 tiene m\u00e1s sentido comprar billetes de loter\u00eda en l\u00ednea\"}]},{\"@type\":\"WebSite\",\"@id\":\"https:\/\/onlinelotto365.com\/es\/#website\",\"url\":\"https:\/\/onlinelotto365.com\/es\/\",\"name\":\"OnlineLotto365\",\"description\":\"\",\"potentialAction\":[{\"@type\":\"SearchAction\",\"target\":{\"@type\":\"EntryPoint\",\"urlTemplate\":\"https:\/\/onlinelotto365.com\/es\/?s={search_term_string}\"},\"query-input\":{\"@type\":\"PropertyValueSpecification\",\"valueRequired\":true,\"valueName\":\"search_term_string\"}}],\"inLanguage\":\"es\"}]}<\/script>\n<!-- \/ Yoast SEO plugin. -->","yoast_head_json":{"title":"Comprar boletos en l\u00ednea para los mayores botes de loter\u00eda del planeta","description":"\u00bfTodav\u00eda compras billetes de loter\u00eda a nivel local? Hay mucho mejores botes de loter\u00eda - \u00a1s\u00f3lo compre sus boletos en l\u00ednea!","robots":{"index":"index","follow":"follow","max-snippet":"max-snippet:-1","max-image-preview":"max-image-preview:large","max-video-preview":"max-video-preview:-1"},"canonical":"https:\/\/onlinelotto365.com\/es\/compra-boletos\/","og_locale":"es_ES","og_type":"article","og_title":"Comprar boletos en l\u00ednea para los mayores botes de loter\u00eda del planeta","og_description":"\u00bfTodav\u00eda compras billetes de loter\u00eda a nivel local? Hay mucho mejores botes de loter\u00eda - \u00a1s\u00f3lo compre sus boletos en l\u00ednea!","og_url":"https:\/\/onlinelotto365.com\/es\/compra-boletos\/","og_site_name":"OnlineLotto365","article_modified_time":"2021-01-05T12:24:55+00:00","og_image":[{"url":"https:\/\/redfoxlotto.com\/image?size=8&amp;lottery=euromillions"}],"twitter_card":"summary_large_image","twitter_misc":{"Tiempo de lectura":"2 minutos"},"schema":{"@context":"https:\/\/schema.org","@graph":[{"@type":"WebPage","@id":"https:\/\/onlinelotto365.com\/es\/compra-boletos\/","url":"https:\/\/onlinelotto365.com\/es\/compra-boletos\/","name":"Comprar boletos en l\u00ednea para los mayores botes de loter\u00eda del planeta","isPartOf":{"@id":"https:\/\/onlinelotto365.com\/es\/#website"},"primaryImageOfPage":{"@id":"https:\/\/onlinelotto365.com\/es\/compra-boletos\/#primaryimage"},"image":{"@id":"https:\/\/onlinelotto365.com\/es\/compra-boletos\/#primaryimage"},"thumbnailUrl":"https:\/\/redfoxlotto.com\/image?size=8&amp;lottery=euromillions","datePublished":"2020-11-17T17:13:29+00:00","dateModified":"2021-01-05T12:24:55+00:00","description":"\u00bfTodav\u00eda compras billetes de loter\u00eda a nivel local? Hay mucho mejores botes de loter\u00eda - \u00a1s\u00f3lo compre sus boletos en l\u00ednea!","breadcrumb":{"@id":"https:\/\/onlinelotto365.com\/es\/compra-boletos\/#breadcrumb"},"inLanguage":"es","potentialAction":[{"@type":"ReadAction","target":["https:\/\/onlinelotto365.com\/es\/compra-boletos\/"]}]},{"@type":"ImageObject","inLanguage":"es","@id":"https:\/\/onlinelotto365.com\/es\/compra-boletos\/#primaryimage","url":"https:\/\/redfoxlotto.com\/image?size=8&amp;lottery=euromillions","contentUrl":"https:\/\/redfoxlotto.com\/image?size=8&amp;lottery=euromillions"},{"@type":"BreadcrumbList","@id":"https:\/\/onlinelotto365.com\/es\/compra-boletos\/#breadcrumb","itemListElement":[{"@type":"ListItem","position":1,"name":"Home","item":"https:\/\/onlinelotto365.com\/es\/"},{"@type":"ListItem","position":2,"name":"Por qu\u00e9 tiene m\u00e1s sentido comprar billetes de loter\u00eda en l\u00ednea"}]},{"@type":"WebSite","@id":"https:\/\/onlinelotto365.com\/es\/#website","url":"https:\/\/onlinelotto365.com\/es\/","name":"OnlineLotto365","description":"","potentialAction":[{"@type":"SearchAction","target":{"@type":"EntryPoint","urlTemplate":"https:\/\/onlinelotto365.com\/es\/?s={search_term_string}"},"query-input":{"@type":"PropertyValueSpecification","valueRequired":true,"valueName":"search_term_string"}}],"inLanguage":"es"}]}},"_links":{"self":[{"href":"https:\/\/onlinelotto365.com\/es\/wp-json\/wp\/v2\/pages\/3811","targetHints":{"allow":["GET"]}}],"collection":[{"href":"https:\/\/onlinelotto365.com\/es\/wp-json\/wp\/v2\/pages"}],"about":[{"href":"https:\/\/onlinelotto365.com\/es\/wp-json\/wp\/v2\/types\/page"}],"author":[{"embeddable":true,"href":"https:\/\/onlinelotto365.com\/es\/wp-json\/wp\/v2\/users\/1"}],"replies":[{"embeddable":true,"href":"https:\/\/onlinelotto365.com\/es\/wp-json\/wp\/v2\/comments?post=3811"}],"version-history":[{"count":0,"href":"https:\/\/onlinelotto365.com\/es\/wp-json\/wp\/v2\/pages\/3811\/revisions"}],"wp:attachment":[{"href":"https:\/\/onlinelotto365.com\/es\/wp-json\/wp\/v2\/media?parent=3811"}],"curies":[{"name":"wp","href":"https:\/\/api.w.org\/{rel}","templated":true}]}}