{"id":4381,"date":"2020-11-30T10:24:04","date_gmt":"2020-11-30T09:24:04","guid":{"rendered":"http:\/\/onlinelotto365.net\/winning-numbers\/los-resultados-del-sorteo-de-la-powerball"},"modified":"2021-01-05T13:27:31","modified_gmt":"2021-01-05T12:27:31","slug":"powerball","status":"publish","type":"page","link":"https:\/\/onlinelotto365.com\/es\/numeros-ganadores\/powerball\/","title":{"rendered":"Los resultados del sorteo de la Powerball"},"content":{"rendered":"<h2>Mira los n\u00fameros ganadores de Powerball aqu\u00ed<\/h2>\n<p><a href=\"https:\/\/redfoxlotto.com\/es\/jugar\/powerball\/?ref=a8564250a2&amp;medium=ol365\" target=\"_blank\" rel=\"noopener noreferrer\"><img decoding=\"async\" class=\"aligncenter\" src=\"https:\/\/redfoxlotto.com\/image?size=8&amp;lottery=powerball\" alt=\"Powerball\" \/><\/a><br \/>\nEncontrar los n\u00fameros ganadores del Powerball es f\u00e1cil si vives en los Estados Unidos. Especialmente en las ocasiones en que el premio gordo es muy alto, los <a href=\"https:\/\/onlinelotto365.com\/es\/numeros-ganadores\">resultados<\/a> se emitir\u00e1n en las noticias y se publicar\u00e1n en todos los peri\u00f3dicos.<\/p>\n<p>Pero si no vives en los EE.UU., \u00bfa qui\u00e9n le das los n\u00fameros ganadores del Powerball? \u00bfC\u00f3mo encuentras los resultados y ves cu\u00e1nto has ganado?<\/p>\n<h2>C\u00f3mo saber si su boleto en l\u00ednea ha ganado<\/h2>\n<p>Bueno, si <a href=\"https:\/\/onlinelotto365.com\/es\/compra-boletos\">compraste un boleto online<\/a>, eso es en realidad bastante f\u00e1cil. Vuelva a nuestro sitio, inicie sesi\u00f3n con su nombre de usuario y contrase\u00f1a, y luego dir\u00edjase a la secci\u00f3n donde se almacena digitalmente su ticket de compra. Los n\u00fameros a los que ha jugado se resaltar\u00e1n en un color diferente si coinciden con los n\u00fameros sorteados el d\u00eda del sorteo para el que compr\u00f3 su billete.<\/p>\n<p>Por supuesto, tambi\u00e9n puede abrir nuestra p\u00e1gina de resumen de resultados y comparar los resultados del sorteo con su boleto de esa manera. A algunos de nuestros clientes les gusta imprimir sus boletos en l\u00ednea y luego marcar los n\u00fameros ganadores en la impresi\u00f3n para ver si ganaron.<\/p>\n<h2>Archivo de resultados de Powerball<\/h2>\n<p>Nuestra p\u00e1gina de resumen de los resultados de la loter\u00eda tambi\u00e9n le permite ver los n\u00fameros ganadores de las \u00faltimas semanas. Esto puede ayudarte con tu estrategia de seleccionar tus n\u00fameros de la suerte. Por ejemplo, podr\u00edas intentar encontrar n\u00fameros que est\u00e1n muy atrasados, y luego crear un billete de loter\u00eda usando s\u00f3lo esos n\u00fameros.<\/p>\n<p>O, puedes seleccionar tus n\u00fameros ganadores de Powerball averiguando qu\u00e9 n\u00fameros han salido m\u00e1s a menudo que otros. Muchos jugadores usan una mezcla de esos dos m\u00e9todos para elegir sus n\u00fameros de loter\u00eda personales.<\/p>\n<p>Si no puede decidir qu\u00e9 n\u00fameros elegir para un billete ganador, \u00bfqu\u00e9 tal este m\u00e9todo? Revise los n\u00fameros ganadores anteriores para alguna otra loter\u00eda con un rango de n\u00fameros similar al de la loter\u00eda a la que planea jugar. Encuentra una combinaci\u00f3n ganadora que te guste en esos resultados anteriores, y luego usa esos n\u00fameros ganadores anteriores para jugar un nuevo boleto de Powerball.<\/p>\n<h2>Mi boleto ha ganado, \u00bfqu\u00e9 pasa ahora?<\/h2>\n<p>Bueno, felicitaciones, \u00a1bien por ti! Por supuesto, siempre estamos contentos si uno de nuestros clientes tiene un boleto con el boleto ganador del Powerball en \u00e9l. Ya sea una ganancia m\u00e1s peque\u00f1a o m\u00e1s grande, nos encargamos del pago por usted, \u00a1gratis por supuesto!<\/p>\n<p>Ganando 2500 euros o menos &#8211; la cantidad ganada ser\u00e1 acreditada a su saldo en nuestro sitio. C\u00f3mprelo en efectivo desde all\u00ed, o tome el saldo para comprar m\u00e1s boletos.<\/p>\n<p>Ganancias de m\u00e1s de E2500 &#8211; nuestro equipo de apoyo le ayudar\u00e1 a que le paguen. Despu\u00e9s de que haya presentado alguna informaci\u00f3n sobre su identidad y su m\u00e9todo de pago preferido (transferencia bancaria o cheque), recibir\u00e1 el pago directamente de la forma que haya elegido.<\/p>\n","protected":false},"excerpt":{"rendered":"<p>Mira los n\u00fameros ganadores de Powerball aqu\u00ed Encontrar los n\u00fameros ganadores del Powerball es f\u00e1cil si vives en los Estados Unidos. Especialmente en las ocasiones en que el premio gordo es muy alto, los resultados se emitir\u00e1n en las noticias y se publicar\u00e1n en todos los peri\u00f3dicos. Pero si no vives en los EE.UU., \u00bfa [&hellip;]<\/p>\n","protected":false},"author":1,"featured_media":0,"parent":3801,"menu_order":1,"comment_status":"closed","ping_status":"closed","template":"powerball-usa-info.php","meta":{"_et_pb_use_builder":"","_et_pb_old_content":"","_et_gb_content_width":"","exclude_from_search":false,"footnotes":""},"class_list":["post-4381","page","type-page","status-publish","hentry"],"yoast_head":"<!-- This site is optimized with the Yoast SEO plugin v23.4 - https:\/\/yoast.com\/wordpress\/plugins\/seo\/ -->\n<title>N\u00fameros ganadores de Powerball | Comprueba los resultados y ganancias de Powerball USA<\/title>\n<meta name=\"description\" content=\"\u00bfQuieres ver si tu boleto de Powerball es un ganador? \u00a1Comprueba los n\u00fameros ganadores en nuestra p\u00e1gina web!\" \/>\n<meta name=\"robots\" content=\"index, follow, max-snippet:-1, max-image-preview:large, max-video-preview:-1\" \/>\n<link rel=\"canonical\" href=\"https:\/\/onlinelotto365.com\/es\/numeros-ganadores\/powerball\/\" \/>\n<meta property=\"og:locale\" content=\"es_ES\" \/>\n<meta property=\"og:type\" content=\"article\" \/>\n<meta property=\"og:title\" content=\"N\u00fameros ganadores de Powerball | Comprueba los resultados y ganancias de Powerball USA\" \/>\n<meta property=\"og:description\" content=\"\u00bfQuieres ver si tu boleto de Powerball es un ganador? \u00a1Comprueba los n\u00fameros ganadores en nuestra p\u00e1gina web!\" \/>\n<meta property=\"og:url\" content=\"https:\/\/onlinelotto365.com\/es\/numeros-ganadores\/powerball\/\" \/>\n<meta property=\"og:site_name\" content=\"OnlineLotto365\" \/>\n<meta property=\"article:modified_time\" content=\"2021-01-05T12:27:31+00:00\" \/>\n<meta property=\"og:image\" content=\"https:\/\/redfoxlotto.com\/image?size=8&amp;lottery=powerball\" \/>\n<meta name=\"twitter:card\" content=\"summary_large_image\" \/>\n<meta name=\"twitter:label1\" content=\"Tiempo de lectura\" \/>\n\t<meta name=\"twitter:data1\" content=\"3 minutos\" \/>\n<script type=\"application\/ld+json\" class=\"yoast-schema-graph\">{\"@context\":\"https:\/\/schema.org\",\"@graph\":[{\"@type\":\"WebPage\",\"@id\":\"https:\/\/onlinelotto365.com\/es\/numeros-ganadores\/powerball\/\",\"url\":\"https:\/\/onlinelotto365.com\/es\/numeros-ganadores\/powerball\/\",\"name\":\"N\u00fameros ganadores de Powerball | Comprueba los resultados y ganancias de Powerball USA\",\"isPartOf\":{\"@id\":\"https:\/\/onlinelotto365.com\/es\/#website\"},\"primaryImageOfPage\":{\"@id\":\"https:\/\/onlinelotto365.com\/es\/numeros-ganadores\/powerball\/#primaryimage\"},\"image\":{\"@id\":\"https:\/\/onlinelotto365.com\/es\/numeros-ganadores\/powerball\/#primaryimage\"},\"thumbnailUrl\":\"https:\/\/redfoxlotto.com\/image?size=8&amp;lottery=powerball\",\"datePublished\":\"2020-11-30T09:24:04+00:00\",\"dateModified\":\"2021-01-05T12:27:31+00:00\",\"description\":\"\u00bfQuieres ver si tu boleto de Powerball es un ganador? \u00a1Comprueba los n\u00fameros ganadores en nuestra p\u00e1gina web!\",\"breadcrumb\":{\"@id\":\"https:\/\/onlinelotto365.com\/es\/numeros-ganadores\/powerball\/#breadcrumb\"},\"inLanguage\":\"es\",\"potentialAction\":[{\"@type\":\"ReadAction\",\"target\":[\"https:\/\/onlinelotto365.com\/es\/numeros-ganadores\/powerball\/\"]}]},{\"@type\":\"ImageObject\",\"inLanguage\":\"es\",\"@id\":\"https:\/\/onlinelotto365.com\/es\/numeros-ganadores\/powerball\/#primaryimage\",\"url\":\"https:\/\/redfoxlotto.com\/image?size=8&amp;lottery=powerball\",\"contentUrl\":\"https:\/\/redfoxlotto.com\/image?size=8&amp;lottery=powerball\"},{\"@type\":\"BreadcrumbList\",\"@id\":\"https:\/\/onlinelotto365.com\/es\/numeros-ganadores\/powerball\/#breadcrumb\",\"itemListElement\":[{\"@type\":\"ListItem\",\"position\":1,\"name\":\"Home\",\"item\":\"https:\/\/onlinelotto365.com\/es\/\"},{\"@type\":\"ListItem\",\"position\":2,\"name\":\"Encuentra los n\u00fameros ganadores y los resultados de los \u00faltimos sorteos de la loter\u00eda\",\"item\":\"https:\/\/onlinelotto365.com\/es\/winning-numbers\/\"},{\"@type\":\"ListItem\",\"position\":3,\"name\":\"Los resultados del sorteo de la Powerball\"}]},{\"@type\":\"WebSite\",\"@id\":\"https:\/\/onlinelotto365.com\/es\/#website\",\"url\":\"https:\/\/onlinelotto365.com\/es\/\",\"name\":\"OnlineLotto365\",\"description\":\"\",\"potentialAction\":[{\"@type\":\"SearchAction\",\"target\":{\"@type\":\"EntryPoint\",\"urlTemplate\":\"https:\/\/onlinelotto365.com\/es\/?s={search_term_string}\"},\"query-input\":{\"@type\":\"PropertyValueSpecification\",\"valueRequired\":true,\"valueName\":\"search_term_string\"}}],\"inLanguage\":\"es\"}]}<\/script>\n<!-- \/ Yoast SEO plugin. -->","yoast_head_json":{"title":"N\u00fameros ganadores de Powerball | Comprueba los resultados y ganancias de Powerball USA","description":"\u00bfQuieres ver si tu boleto de Powerball es un ganador? \u00a1Comprueba los n\u00fameros ganadores en nuestra p\u00e1gina web!","robots":{"index":"index","follow":"follow","max-snippet":"max-snippet:-1","max-image-preview":"max-image-preview:large","max-video-preview":"max-video-preview:-1"},"canonical":"https:\/\/onlinelotto365.com\/es\/numeros-ganadores\/powerball\/","og_locale":"es_ES","og_type":"article","og_title":"N\u00fameros ganadores de Powerball | Comprueba los resultados y ganancias de Powerball USA","og_description":"\u00bfQuieres ver si tu boleto de Powerball es un ganador? \u00a1Comprueba los n\u00fameros ganadores en nuestra p\u00e1gina web!","og_url":"https:\/\/onlinelotto365.com\/es\/numeros-ganadores\/powerball\/","og_site_name":"OnlineLotto365","article_modified_time":"2021-01-05T12:27:31+00:00","og_image":[{"url":"https:\/\/redfoxlotto.com\/image?size=8&amp;lottery=powerball"}],"twitter_card":"summary_large_image","twitter_misc":{"Tiempo de lectura":"3 minutos"},"schema":{"@context":"https:\/\/schema.org","@graph":[{"@type":"WebPage","@id":"https:\/\/onlinelotto365.com\/es\/numeros-ganadores\/powerball\/","url":"https:\/\/onlinelotto365.com\/es\/numeros-ganadores\/powerball\/","name":"N\u00fameros ganadores de Powerball | Comprueba los resultados y ganancias de Powerball USA","isPartOf":{"@id":"https:\/\/onlinelotto365.com\/es\/#website"},"primaryImageOfPage":{"@id":"https:\/\/onlinelotto365.com\/es\/numeros-ganadores\/powerball\/#primaryimage"},"image":{"@id":"https:\/\/onlinelotto365.com\/es\/numeros-ganadores\/powerball\/#primaryimage"},"thumbnailUrl":"https:\/\/redfoxlotto.com\/image?size=8&amp;lottery=powerball","datePublished":"2020-11-30T09:24:04+00:00","dateModified":"2021-01-05T12:27:31+00:00","description":"\u00bfQuieres ver si tu boleto de Powerball es un ganador? \u00a1Comprueba los n\u00fameros ganadores en nuestra p\u00e1gina web!","breadcrumb":{"@id":"https:\/\/onlinelotto365.com\/es\/numeros-ganadores\/powerball\/#breadcrumb"},"inLanguage":"es","potentialAction":[{"@type":"ReadAction","target":["https:\/\/onlinelotto365.com\/es\/numeros-ganadores\/powerball\/"]}]},{"@type":"ImageObject","inLanguage":"es","@id":"https:\/\/onlinelotto365.com\/es\/numeros-ganadores\/powerball\/#primaryimage","url":"https:\/\/redfoxlotto.com\/image?size=8&amp;lottery=powerball","contentUrl":"https:\/\/redfoxlotto.com\/image?size=8&amp;lottery=powerball"},{"@type":"BreadcrumbList","@id":"https:\/\/onlinelotto365.com\/es\/numeros-ganadores\/powerball\/#breadcrumb","itemListElement":[{"@type":"ListItem","position":1,"name":"Home","item":"https:\/\/onlinelotto365.com\/es\/"},{"@type":"ListItem","position":2,"name":"Encuentra los n\u00fameros ganadores y los resultados de los \u00faltimos sorteos de la loter\u00eda","item":"https:\/\/onlinelotto365.com\/es\/winning-numbers\/"},{"@type":"ListItem","position":3,"name":"Los resultados del sorteo de la Powerball"}]},{"@type":"WebSite","@id":"https:\/\/onlinelotto365.com\/es\/#website","url":"https:\/\/onlinelotto365.com\/es\/","name":"OnlineLotto365","description":"","potentialAction":[{"@type":"SearchAction","target":{"@type":"EntryPoint","urlTemplate":"https:\/\/onlinelotto365.com\/es\/?s={search_term_string}"},"query-input":{"@type":"PropertyValueSpecification","valueRequired":true,"valueName":"search_term_string"}}],"inLanguage":"es"}]}},"_links":{"self":[{"href":"https:\/\/onlinelotto365.com\/es\/wp-json\/wp\/v2\/pages\/4381","targetHints":{"allow":["GET"]}}],"collection":[{"href":"https:\/\/onlinelotto365.com\/es\/wp-json\/wp\/v2\/pages"}],"about":[{"href":"https:\/\/onlinelotto365.com\/es\/wp-json\/wp\/v2\/types\/page"}],"author":[{"embeddable":true,"href":"https:\/\/onlinelotto365.com\/es\/wp-json\/wp\/v2\/users\/1"}],"replies":[{"embeddable":true,"href":"https:\/\/onlinelotto365.com\/es\/wp-json\/wp\/v2\/comments?post=4381"}],"version-history":[{"count":0,"href":"https:\/\/onlinelotto365.com\/es\/wp-json\/wp\/v2\/pages\/4381\/revisions"}],"up":[{"embeddable":true,"href":"https:\/\/onlinelotto365.com\/es\/wp-json\/wp\/v2\/pages\/3801"}],"wp:attachment":[{"href":"https:\/\/onlinelotto365.com\/es\/wp-json\/wp\/v2\/media?parent=4381"}],"curies":[{"name":"wp","href":"https:\/\/api.w.org\/{rel}","templated":true}]}}