{"id":5037,"date":"2020-12-03T08:49:26","date_gmt":"2020-12-03T07:49:26","guid":{"rendered":"http:\/\/onlinelotto365.net\/?page_id=5037"},"modified":"2021-01-05T12:52:42","modified_gmt":"2021-01-05T11:52:42","slug":"jugar","status":"publish","type":"page","link":"https:\/\/onlinelotto365.com\/es\/jugar\/","title":{"rendered":"Todo lo que tienes que saber sobre tus opciones para jugar a las mejores loter\u00edas en l\u00ednea"},"content":{"rendered":"<p>\u00bfQuieres empezar a jugar a la loter\u00eda? Bueno, si es as\u00ed, entonces definitivamente vas a querer revisar tus opciones en l\u00ednea. Todos los grandes juegos de loter\u00eda, de casi cualquier lugar del mundo, est\u00e1n disponibles para que usted juegue en l\u00ednea. S\u00f3lo tiene que saber d\u00f3nde buscar y c\u00f3mo empezar. Por suerte para ti, es realmente muy simple de hacer. S\u00f3lo tienes que marcar nuestra p\u00e1gina web y volver para obtener informaci\u00f3n actualizada. Encontrar\u00e1s un mont\u00f3n de opciones para jugar a cada uno de los juegos de loter\u00eda que veas, de cualquiera de los pa\u00edses de la lista.<\/p>\n<p><a href=\"https:\/\/redfoxlotto.com\/es\/jugar\/mega-millions\/?ref=a8564250a2&amp;medium=ol365\" target=\"_blank\" rel=\"noopener noreferrer\"><img loading=\"lazy\" decoding=\"async\" class=\"aligncenter\" src=\"https:\/\/redfoxlotto.com\/es\/image?size=7&amp;lottery=mega-millions\" alt=\"jugar mega millions\" width=\"841\" height=\"108\" \/><\/a><\/p>\n<p>Lo genial de las opciones en l\u00ednea es el hecho de que te permite jugar a <strong>juegos que se encuentran en todo el mundo<\/strong> . Ya no estar\u00e1s limitado a los juegos que puedes jugar en tu tienda local. En su lugar, podr\u00e1s comprobar c\u00f3mo se juegan los juegos en diferentes pa\u00edses y podr\u00e1s probar tu suerte en ellos.<\/p>\n<h2>Jugar a la loter\u00eda en l\u00ednea te da m\u00e1s opciones<\/h2>\n<p>La mejor parte de jugar a la loter\u00eda en l\u00ednea es el hecho de que en un momento dado, <strong> va a haber un gran premio gordo disponible para que usted gane . Si te limitas a jugar a la loter\u00eda local, tendr\u00e1s que esperar mucho tiempo para que el premio gordo crezca hasta el punto de que tenga sentido invertir dinero en billetes.<\/strong><\/p>\n<p>Est\u00e1 claro que <a href=\"https:\/\/onlinelotto365.com\/es\/news\/la-cantidad-del-premio-gordo-de-mega-millions-de-hoy-2\">el tama\u00f1o del bote<\/a> es importante para su decisi\u00f3n. Un premio mayor significa que tu expectativa de ganar matem\u00e1ticamente es mayor. Es por eso que la mayor\u00eda de nuestros clientes gastan su dinero de la loter\u00eda en el premio mayor que es actualmente m\u00e1s alto.<\/p>\n<h2>\u00bfC\u00f3mo funciona el servicio de loter\u00eda en l\u00ednea?<\/h2>\n<p>La forma m\u00e1s r\u00e1pida de empezar a jugar a la loter\u00eda en l\u00ednea es hacer clic en uno de los botones o banners de la loter\u00eda y elegir los n\u00fameros para crear un billete. <strong>Puedes jugar a m\u00e1s de una loter\u00eda si quieres.<\/strong> S\u00f3lo tienes que a\u00f1adir tantos boletos como quieras a tu carrito. Luego haga clic para pagar. Tienes que crear una cuenta con nosotros. No olvides verificar tu cuenta. Busca el correo de verificaci\u00f3n en tu bandeja de entrada. Si no hay ning\u00fan correo electr\u00f3nico all\u00ed, lo encontrar\u00e1 en su carpeta con remitentes desconocidos, o tal vez en su caja de spam.<\/p>\n<h2>\u00bfPuedo jugar desde mi pa\u00eds de residencia?<\/h2>\n<p>Realmente no importa d\u00f3nde vivas. Jugar a la loter\u00eda en l\u00ednea funciona desde (casi) todas partes. Las \u00fanicas excepciones son que no podemos aceptar clientes de los EE.UU. y de los Pa\u00edses Bajos.<\/p>\n<h2>\u00bfC\u00f3mo obtengo mis ganancias?<\/h2>\n<p>Nuestro servicio de billetes de loter\u00eda incluye nuestra asistencia cuando se trata de cobrar sus <a href=\"https:\/\/onlinelotto365.com\/es\/numeros-ganadores\">ganancias<\/a>. Hay dos procedimientos diferentes para esto:<\/p>\n<ul>\n<li>Ganancias de menos de \u20ac 2500: La cantidad ganada ser\u00e1 acreditada a su saldo de usuario en nuestro sitio web. Usted puede cobrar desde all\u00ed, a su tarjeta de cr\u00e9dito o cuenta bancaria, por ejemplo.<\/li>\n<li>Ganancias de m\u00e1s de \u20ac 2500: Los pagos de cantidades m\u00e1s altas ser\u00e1n hechos directamente por la propia loter\u00eda. Le proporcionaremos un formulario que debe rellenar y enviarnos. El formulario contiene sus instrucciones para el pago, que puede ser una transferencia bancaria o un cheque. Todo esto se har\u00e1 en l\u00ednea. Enviaremos el formulario a la loter\u00eda, y ellos transferir\u00e1n el dinero a su cuenta bancaria, o le enviar\u00e1n un cheque &#8211; de acuerdo a su preferencia.<\/li>\n<\/ul>\n","protected":false},"excerpt":{"rendered":"<p>\u00bfQuieres empezar a jugar a la loter\u00eda? Bueno, si es as\u00ed, entonces definitivamente vas a querer revisar tus opciones en l\u00ednea. Todos los grandes juegos de loter\u00eda, de casi cualquier lugar del mundo, est\u00e1n disponibles para que usted juegue en l\u00ednea. S\u00f3lo tiene que saber d\u00f3nde buscar y c\u00f3mo empezar. Por suerte para ti, es [&hellip;]<\/p>\n","protected":false},"author":1,"featured_media":0,"parent":0,"menu_order":2,"comment_status":"closed","ping_status":"closed","template":"Play-all.php","meta":{"_et_pb_use_builder":"","_et_pb_old_content":"","_et_gb_content_width":"","exclude_from_search":false,"footnotes":""},"class_list":["post-5037","page","type-page","status-publish","hentry"],"yoast_head":"<!-- This site is optimized with the Yoast SEO plugin v23.4 - https:\/\/yoast.com\/wordpress\/plugins\/seo\/ -->\n<title>Juega a la loter\u00eda en l\u00ednea - m\u00e1s botes para los aficionados a la loter\u00eda de todo el mundo<\/title>\n<meta name=\"description\" content=\"Le facilitamos el juego de loter\u00edas extranjeras en l\u00ednea - todos los grandes botes est\u00e1n aqu\u00ed.\" \/>\n<meta name=\"robots\" content=\"index, follow, max-snippet:-1, max-image-preview:large, max-video-preview:-1\" \/>\n<link rel=\"canonical\" href=\"https:\/\/onlinelotto365.com\/es\/jugar\/\" \/>\n<meta property=\"og:locale\" content=\"es_ES\" \/>\n<meta property=\"og:type\" content=\"article\" \/>\n<meta property=\"og:title\" content=\"Juega a la loter\u00eda en l\u00ednea - m\u00e1s botes para los aficionados a la loter\u00eda de todo el mundo\" \/>\n<meta property=\"og:description\" content=\"Le facilitamos el juego de loter\u00edas extranjeras en l\u00ednea - todos los grandes botes est\u00e1n aqu\u00ed.\" \/>\n<meta property=\"og:url\" content=\"https:\/\/onlinelotto365.com\/es\/jugar\/\" \/>\n<meta property=\"og:site_name\" content=\"OnlineLotto365\" \/>\n<meta property=\"article:modified_time\" content=\"2021-01-05T11:52:42+00:00\" \/>\n<meta property=\"og:image\" content=\"https:\/\/redfoxlotto.com\/es\/image?size=7&amp;lottery=mega-millions\" \/>\n<meta name=\"twitter:card\" content=\"summary_large_image\" \/>\n<meta name=\"twitter:label1\" content=\"Tiempo de lectura\" \/>\n\t<meta name=\"twitter:data1\" content=\"3 minutos\" \/>\n<script type=\"application\/ld+json\" class=\"yoast-schema-graph\">{\"@context\":\"https:\/\/schema.org\",\"@graph\":[{\"@type\":\"WebPage\",\"@id\":\"https:\/\/onlinelotto365.com\/es\/jugar\/\",\"url\":\"https:\/\/onlinelotto365.com\/es\/jugar\/\",\"name\":\"Juega a la loter\u00eda en l\u00ednea - m\u00e1s botes para los aficionados a la loter\u00eda de todo el mundo\",\"isPartOf\":{\"@id\":\"https:\/\/onlinelotto365.com\/es\/#website\"},\"primaryImageOfPage\":{\"@id\":\"https:\/\/onlinelotto365.com\/es\/jugar\/#primaryimage\"},\"image\":{\"@id\":\"https:\/\/onlinelotto365.com\/es\/jugar\/#primaryimage\"},\"thumbnailUrl\":\"https:\/\/redfoxlotto.com\/es\/image?size=7&amp;lottery=mega-millions\",\"datePublished\":\"2020-12-03T07:49:26+00:00\",\"dateModified\":\"2021-01-05T11:52:42+00:00\",\"description\":\"Le facilitamos el juego de loter\u00edas extranjeras en l\u00ednea - todos los grandes botes est\u00e1n aqu\u00ed.\",\"breadcrumb\":{\"@id\":\"https:\/\/onlinelotto365.com\/es\/jugar\/#breadcrumb\"},\"inLanguage\":\"es\",\"potentialAction\":[{\"@type\":\"ReadAction\",\"target\":[\"https:\/\/onlinelotto365.com\/es\/jugar\/\"]}]},{\"@type\":\"ImageObject\",\"inLanguage\":\"es\",\"@id\":\"https:\/\/onlinelotto365.com\/es\/jugar\/#primaryimage\",\"url\":\"https:\/\/redfoxlotto.com\/es\/image?size=7&amp;lottery=mega-millions\",\"contentUrl\":\"https:\/\/redfoxlotto.com\/es\/image?size=7&amp;lottery=mega-millions\"},{\"@type\":\"BreadcrumbList\",\"@id\":\"https:\/\/onlinelotto365.com\/es\/jugar\/#breadcrumb\",\"itemListElement\":[{\"@type\":\"ListItem\",\"position\":1,\"name\":\"Home\",\"item\":\"https:\/\/onlinelotto365.com\/es\/\"},{\"@type\":\"ListItem\",\"position\":2,\"name\":\"Todo lo que tienes que saber sobre tus opciones para jugar a las mejores loter\u00edas en l\u00ednea\"}]},{\"@type\":\"WebSite\",\"@id\":\"https:\/\/onlinelotto365.com\/es\/#website\",\"url\":\"https:\/\/onlinelotto365.com\/es\/\",\"name\":\"OnlineLotto365\",\"description\":\"\",\"potentialAction\":[{\"@type\":\"SearchAction\",\"target\":{\"@type\":\"EntryPoint\",\"urlTemplate\":\"https:\/\/onlinelotto365.com\/es\/?s={search_term_string}\"},\"query-input\":{\"@type\":\"PropertyValueSpecification\",\"valueRequired\":true,\"valueName\":\"search_term_string\"}}],\"inLanguage\":\"es\"}]}<\/script>\n<!-- \/ Yoast SEO plugin. -->","yoast_head_json":{"title":"Juega a la loter\u00eda en l\u00ednea - m\u00e1s botes para los aficionados a la loter\u00eda de todo el mundo","description":"Le facilitamos el juego de loter\u00edas extranjeras en l\u00ednea - todos los grandes botes est\u00e1n aqu\u00ed.","robots":{"index":"index","follow":"follow","max-snippet":"max-snippet:-1","max-image-preview":"max-image-preview:large","max-video-preview":"max-video-preview:-1"},"canonical":"https:\/\/onlinelotto365.com\/es\/jugar\/","og_locale":"es_ES","og_type":"article","og_title":"Juega a la loter\u00eda en l\u00ednea - m\u00e1s botes para los aficionados a la loter\u00eda de todo el mundo","og_description":"Le facilitamos el juego de loter\u00edas extranjeras en l\u00ednea - todos los grandes botes est\u00e1n aqu\u00ed.","og_url":"https:\/\/onlinelotto365.com\/es\/jugar\/","og_site_name":"OnlineLotto365","article_modified_time":"2021-01-05T11:52:42+00:00","og_image":[{"url":"https:\/\/redfoxlotto.com\/es\/image?size=7&amp;lottery=mega-millions"}],"twitter_card":"summary_large_image","twitter_misc":{"Tiempo de lectura":"3 minutos"},"schema":{"@context":"https:\/\/schema.org","@graph":[{"@type":"WebPage","@id":"https:\/\/onlinelotto365.com\/es\/jugar\/","url":"https:\/\/onlinelotto365.com\/es\/jugar\/","name":"Juega a la loter\u00eda en l\u00ednea - m\u00e1s botes para los aficionados a la loter\u00eda de todo el mundo","isPartOf":{"@id":"https:\/\/onlinelotto365.com\/es\/#website"},"primaryImageOfPage":{"@id":"https:\/\/onlinelotto365.com\/es\/jugar\/#primaryimage"},"image":{"@id":"https:\/\/onlinelotto365.com\/es\/jugar\/#primaryimage"},"thumbnailUrl":"https:\/\/redfoxlotto.com\/es\/image?size=7&amp;lottery=mega-millions","datePublished":"2020-12-03T07:49:26+00:00","dateModified":"2021-01-05T11:52:42+00:00","description":"Le facilitamos el juego de loter\u00edas extranjeras en l\u00ednea - todos los grandes botes est\u00e1n aqu\u00ed.","breadcrumb":{"@id":"https:\/\/onlinelotto365.com\/es\/jugar\/#breadcrumb"},"inLanguage":"es","potentialAction":[{"@type":"ReadAction","target":["https:\/\/onlinelotto365.com\/es\/jugar\/"]}]},{"@type":"ImageObject","inLanguage":"es","@id":"https:\/\/onlinelotto365.com\/es\/jugar\/#primaryimage","url":"https:\/\/redfoxlotto.com\/es\/image?size=7&amp;lottery=mega-millions","contentUrl":"https:\/\/redfoxlotto.com\/es\/image?size=7&amp;lottery=mega-millions"},{"@type":"BreadcrumbList","@id":"https:\/\/onlinelotto365.com\/es\/jugar\/#breadcrumb","itemListElement":[{"@type":"ListItem","position":1,"name":"Home","item":"https:\/\/onlinelotto365.com\/es\/"},{"@type":"ListItem","position":2,"name":"Todo lo que tienes que saber sobre tus opciones para jugar a las mejores loter\u00edas en l\u00ednea"}]},{"@type":"WebSite","@id":"https:\/\/onlinelotto365.com\/es\/#website","url":"https:\/\/onlinelotto365.com\/es\/","name":"OnlineLotto365","description":"","potentialAction":[{"@type":"SearchAction","target":{"@type":"EntryPoint","urlTemplate":"https:\/\/onlinelotto365.com\/es\/?s={search_term_string}"},"query-input":{"@type":"PropertyValueSpecification","valueRequired":true,"valueName":"search_term_string"}}],"inLanguage":"es"}]}},"_links":{"self":[{"href":"https:\/\/onlinelotto365.com\/es\/wp-json\/wp\/v2\/pages\/5037","targetHints":{"allow":["GET"]}}],"collection":[{"href":"https:\/\/onlinelotto365.com\/es\/wp-json\/wp\/v2\/pages"}],"about":[{"href":"https:\/\/onlinelotto365.com\/es\/wp-json\/wp\/v2\/types\/page"}],"author":[{"embeddable":true,"href":"https:\/\/onlinelotto365.com\/es\/wp-json\/wp\/v2\/users\/1"}],"replies":[{"embeddable":true,"href":"https:\/\/onlinelotto365.com\/es\/wp-json\/wp\/v2\/comments?post=5037"}],"version-history":[{"count":0,"href":"https:\/\/onlinelotto365.com\/es\/wp-json\/wp\/v2\/pages\/5037\/revisions"}],"wp:attachment":[{"href":"https:\/\/onlinelotto365.com\/es\/wp-json\/wp\/v2\/media?parent=5037"}],"curies":[{"name":"wp","href":"https:\/\/api.w.org\/{rel}","templated":true}]}}