{"id":6345,"date":"2020-12-06T20:09:21","date_gmt":"2020-12-06T19:09:21","guid":{"rendered":"http:\/\/onlinelotto365.net\/numeros-ganadores\/la-primitiva"},"modified":"2021-01-05T13:38:55","modified_gmt":"2021-01-05T12:38:55","slug":"la-primitiva","status":"publish","type":"page","link":"https:\/\/onlinelotto365.com\/es\/numeros-ganadores\/la-primitiva\/","title":{"rendered":"Resultados La Primitiva"},"content":{"rendered":"<p>Ofrecemos un mont\u00f3n de diferentes juegos de loter\u00eda internacional y sabemos que quieres encontrar los n\u00fameros ganadores r\u00e1pidamente. Es por eso que algunas personas eligen buscar los n\u00fameros en el peri\u00f3dico. <strong>Pero encontrar los n\u00fameros ganadores de La Primitiva en el peri\u00f3dico puede ser dif\u00edcil.<\/strong> Tambi\u00e9n lo es encontrar esos n\u00fameros en la televisi\u00f3n, ya que hay que investigar para encontrar el canal correcto.<\/p>\n<p>Otra opci\u00f3n es que puedes ir a la p\u00e1gina web de La Primitiva y ver si muestran el dibujo en vivo de su juego. Si lo hacen, puede ser emocionante verlos. Si no lo hacen, sin embargo, lo que muchos juegos de loter\u00eda no hacen, entonces est\u00e1s atrapado esperando un poco m\u00e1s.<\/p>\n<p>Despu\u00e9s del dibujo, a veces se puede encontrar el \u00faltimo dibujo de La Primitiva en YouTube. Pero tendr\u00edas que esperar un tiempo despu\u00e9s del dibujo para hacer esto.<br \/>\n<a href=\"https:\/\/redfoxlotto.com\/es\/jugar\/la-primitiva\/?ref=a8564250a2&amp;medium=ol365\" target=\"_blank\" rel=\"noopener noreferrer\"><img decoding=\"async\" class=\"aligncenter\" src=\"https:\/\/redfoxlotto.com\/image?size=8&amp;lottery=la-primitiva\" alt=\" la primitiva\" \/><\/a><\/p>\n<p>El <strong>m\u00e9todo m\u00e1s conveniente para obtener los n\u00fameros<\/strong>, sin embargo, es <strong>verificar nuestra p\u00e1gina web<\/strong>. Ofrecemos los n\u00fameros ganadores y los resultados e incluso los montos de los premios de La Primitiva en nuestro sitio web, e incluimos <a href=\"https:\/\/onlinelotto365.com\/es\/jugar\">otras loter\u00edas que ofrecemos<\/a> tambi\u00e9n.<\/p>\n<h2>C\u00f3mo saber si su boleto en l\u00ednea ha ganado<img loading=\"lazy\" decoding=\"async\" class=\"alignright wp-image-3572\" src=\"https:\/\/onlinelotto365.com\/wp-content\/uploads\/2020\/11\/online_lottery-25-300x212.jpg\" alt=\"n\u00fameros ganadores de La Primitiva\" width=\"232\" height=\"165\" srcset=\"https:\/\/onlinelotto365.com\/wp-content\/uploads\/2020\/11\/online_lottery-25-300x212.jpg 300w, https:\/\/onlinelotto365.com\/wp-content\/uploads\/2020\/11\/online_lottery-25.jpg 320w\" sizes=\"auto, (max-width: 232px) 100vw, 232px\" \/><\/h2>\n<p>Si <a href=\"https:\/\/onlinelotto365.com\/es\/compra-boletos\">compr\u00f3 entradas<\/a> para La Primitiva entonces ni siquiera tiene que ir a la p\u00e1gina de resultados. Puede ir directamente a su cuenta y mirar sus boletos. En esa misma pantalla, ver\u00e1s los n\u00fameros ganadores de cada juego que hayas jugado. Y ver\u00e1s resaltados los n\u00fameros que coincidan con los n\u00fameros ganadores.<br \/>\nSi tienes el n\u00famero correcto, ser\u00e1s un ganador y podr\u00e1s ver exactamente cu\u00e1nto has ganado. Tambi\u00e9n encontrar\u00e1 que las ganancias (por cualquier cantidad inferior a 2500 euros) ya est\u00e1n disponibles en su cuenta tan pronto como se verifiquen los resultados.<\/p>\n<h2>Archivo de resultados de La Primitiva<\/h2>\n<p>Para aquellos que quieran elegir sus n\u00fameros para el pr\u00f3ximo sorteo, sabemos que puede ser importante comprobar los boletos y n\u00fameros m\u00e1s antiguos. As\u00ed que nos aseguramos de que cualquier p\u00e1gina que tenga los \u00faltimos resultados de La Primitiva tambi\u00e9n tenga acceso a n\u00fameros m\u00e1s antiguos. Puedes revisarlos en cualquier momento y por cualquier raz\u00f3n.<\/p>\n<h2>Mi boleto ha ganado, \u00bfqu\u00e9 pasa ahora?<\/h2>\n<p>Si su boleto es ganador, todo lo que necesita hacer es sentarse y relajarse porque nosotros nos encargaremos de las cosas por usted. Acreditamos cualquier cantidad inferior a 2500 euros directamente en su cuenta para que no tenga que reclamarla ni pasar por ning\u00fan paso extra. Entonces, siempre y cuando tenga al menos 10 euros en su cuenta, puede retirar el dinero a su cuenta bancaria o tarjeta de cr\u00e9dito.<\/p>\n<p>S\u00f3lo tienes que asegurarte de que has usado esa tarjeta o cuenta con nosotros anteriormente. Tambi\u00e9n tendr\u00e1 que rellenar algunos documentos para asegurarse de que cumplimos con las normas que tiene nuestro procesador de pagos. Estos documentos nos protegen, pero tambi\u00e9n te protegen a ti, asegur\u00e1ndote de que eres el \u00fanico que puede sacar tu dinero de la cuenta.<\/p>\n","protected":false},"excerpt":{"rendered":"<p>Ofrecemos un mont\u00f3n de diferentes juegos de loter\u00eda internacional y sabemos que quieres encontrar los n\u00fameros ganadores r\u00e1pidamente. Es por eso que algunas personas eligen buscar los n\u00fameros en el peri\u00f3dico. Pero encontrar los n\u00fameros ganadores de La Primitiva en el peri\u00f3dico puede ser dif\u00edcil. Tambi\u00e9n lo es encontrar esos n\u00fameros en la televisi\u00f3n, ya [&hellip;]<\/p>\n","protected":false},"author":1,"featured_media":0,"parent":3801,"menu_order":7,"comment_status":"closed","ping_status":"closed","template":"la-primitiva-results.php","meta":{"_et_pb_use_builder":"","_et_pb_old_content":"","_et_gb_content_width":"","exclude_from_search":false,"footnotes":""},"class_list":["post-6345","page","type-page","status-publish","hentry"],"yoast_head":"<!-- This site is optimized with the Yoast SEO plugin v23.4 - https:\/\/yoast.com\/wordpress\/plugins\/seo\/ -->\n<title>\u00daltimos resultados del sorteo, n\u00fameros ganadores de La Primitiva<\/title>\n<meta name=\"description\" content=\"Obtenga los \u00faltimos n\u00fameros ganadores de La Primitiva de Espa\u00f1a, as\u00ed como otros resultados\" \/>\n<meta name=\"robots\" content=\"index, follow, max-snippet:-1, max-image-preview:large, max-video-preview:-1\" \/>\n<link rel=\"canonical\" href=\"https:\/\/onlinelotto365.com\/es\/numeros-ganadores\/la-primitiva\/\" \/>\n<meta property=\"og:locale\" content=\"es_ES\" \/>\n<meta property=\"og:type\" content=\"article\" \/>\n<meta property=\"og:title\" content=\"\u00daltimos resultados del sorteo, n\u00fameros ganadores de La Primitiva\" \/>\n<meta property=\"og:description\" content=\"Obtenga los \u00faltimos n\u00fameros ganadores de La Primitiva de Espa\u00f1a, as\u00ed como otros resultados\" \/>\n<meta property=\"og:url\" content=\"https:\/\/onlinelotto365.com\/es\/numeros-ganadores\/la-primitiva\/\" \/>\n<meta property=\"og:site_name\" content=\"OnlineLotto365\" \/>\n<meta property=\"article:modified_time\" content=\"2021-01-05T12:38:55+00:00\" \/>\n<meta property=\"og:image\" content=\"https:\/\/redfoxlotto.com\/image?size=8&amp;lottery=la-primitiva\" \/>\n<meta name=\"twitter:card\" content=\"summary_large_image\" \/>\n<meta name=\"twitter:label1\" content=\"Tiempo de lectura\" \/>\n\t<meta name=\"twitter:data1\" content=\"3 minutos\" \/>\n<script type=\"application\/ld+json\" class=\"yoast-schema-graph\">{\"@context\":\"https:\/\/schema.org\",\"@graph\":[{\"@type\":\"WebPage\",\"@id\":\"https:\/\/onlinelotto365.com\/es\/numeros-ganadores\/la-primitiva\/\",\"url\":\"https:\/\/onlinelotto365.com\/es\/numeros-ganadores\/la-primitiva\/\",\"name\":\"\u00daltimos resultados del sorteo, n\u00fameros ganadores de La Primitiva\",\"isPartOf\":{\"@id\":\"https:\/\/onlinelotto365.com\/es\/#website\"},\"primaryImageOfPage\":{\"@id\":\"https:\/\/onlinelotto365.com\/es\/numeros-ganadores\/la-primitiva\/#primaryimage\"},\"image\":{\"@id\":\"https:\/\/onlinelotto365.com\/es\/numeros-ganadores\/la-primitiva\/#primaryimage\"},\"thumbnailUrl\":\"https:\/\/redfoxlotto.com\/image?size=8&amp;lottery=la-primitiva\",\"datePublished\":\"2020-12-06T19:09:21+00:00\",\"dateModified\":\"2021-01-05T12:38:55+00:00\",\"description\":\"Obtenga los \u00faltimos n\u00fameros ganadores de La Primitiva de Espa\u00f1a, as\u00ed como otros resultados\",\"breadcrumb\":{\"@id\":\"https:\/\/onlinelotto365.com\/es\/numeros-ganadores\/la-primitiva\/#breadcrumb\"},\"inLanguage\":\"es\",\"potentialAction\":[{\"@type\":\"ReadAction\",\"target\":[\"https:\/\/onlinelotto365.com\/es\/numeros-ganadores\/la-primitiva\/\"]}]},{\"@type\":\"ImageObject\",\"inLanguage\":\"es\",\"@id\":\"https:\/\/onlinelotto365.com\/es\/numeros-ganadores\/la-primitiva\/#primaryimage\",\"url\":\"https:\/\/redfoxlotto.com\/image?size=8&amp;lottery=la-primitiva\",\"contentUrl\":\"https:\/\/redfoxlotto.com\/image?size=8&amp;lottery=la-primitiva\"},{\"@type\":\"BreadcrumbList\",\"@id\":\"https:\/\/onlinelotto365.com\/es\/numeros-ganadores\/la-primitiva\/#breadcrumb\",\"itemListElement\":[{\"@type\":\"ListItem\",\"position\":1,\"name\":\"Home\",\"item\":\"https:\/\/onlinelotto365.com\/es\/\"},{\"@type\":\"ListItem\",\"position\":2,\"name\":\"Encuentra los n\u00fameros ganadores y los resultados de los \u00faltimos sorteos de la loter\u00eda\",\"item\":\"https:\/\/onlinelotto365.com\/es\/winning-numbers\/\"},{\"@type\":\"ListItem\",\"position\":3,\"name\":\"Resultados La Primitiva\"}]},{\"@type\":\"WebSite\",\"@id\":\"https:\/\/onlinelotto365.com\/es\/#website\",\"url\":\"https:\/\/onlinelotto365.com\/es\/\",\"name\":\"OnlineLotto365\",\"description\":\"\",\"potentialAction\":[{\"@type\":\"SearchAction\",\"target\":{\"@type\":\"EntryPoint\",\"urlTemplate\":\"https:\/\/onlinelotto365.com\/es\/?s={search_term_string}\"},\"query-input\":{\"@type\":\"PropertyValueSpecification\",\"valueRequired\":true,\"valueName\":\"search_term_string\"}}],\"inLanguage\":\"es\"}]}<\/script>\n<!-- \/ Yoast SEO plugin. -->","yoast_head_json":{"title":"\u00daltimos resultados del sorteo, n\u00fameros ganadores de La Primitiva","description":"Obtenga los \u00faltimos n\u00fameros ganadores de La Primitiva de Espa\u00f1a, as\u00ed como otros resultados","robots":{"index":"index","follow":"follow","max-snippet":"max-snippet:-1","max-image-preview":"max-image-preview:large","max-video-preview":"max-video-preview:-1"},"canonical":"https:\/\/onlinelotto365.com\/es\/numeros-ganadores\/la-primitiva\/","og_locale":"es_ES","og_type":"article","og_title":"\u00daltimos resultados del sorteo, n\u00fameros ganadores de La Primitiva","og_description":"Obtenga los \u00faltimos n\u00fameros ganadores de La Primitiva de Espa\u00f1a, as\u00ed como otros resultados","og_url":"https:\/\/onlinelotto365.com\/es\/numeros-ganadores\/la-primitiva\/","og_site_name":"OnlineLotto365","article_modified_time":"2021-01-05T12:38:55+00:00","og_image":[{"url":"https:\/\/redfoxlotto.com\/image?size=8&amp;lottery=la-primitiva"}],"twitter_card":"summary_large_image","twitter_misc":{"Tiempo de lectura":"3 minutos"},"schema":{"@context":"https:\/\/schema.org","@graph":[{"@type":"WebPage","@id":"https:\/\/onlinelotto365.com\/es\/numeros-ganadores\/la-primitiva\/","url":"https:\/\/onlinelotto365.com\/es\/numeros-ganadores\/la-primitiva\/","name":"\u00daltimos resultados del sorteo, n\u00fameros ganadores de La Primitiva","isPartOf":{"@id":"https:\/\/onlinelotto365.com\/es\/#website"},"primaryImageOfPage":{"@id":"https:\/\/onlinelotto365.com\/es\/numeros-ganadores\/la-primitiva\/#primaryimage"},"image":{"@id":"https:\/\/onlinelotto365.com\/es\/numeros-ganadores\/la-primitiva\/#primaryimage"},"thumbnailUrl":"https:\/\/redfoxlotto.com\/image?size=8&amp;lottery=la-primitiva","datePublished":"2020-12-06T19:09:21+00:00","dateModified":"2021-01-05T12:38:55+00:00","description":"Obtenga los \u00faltimos n\u00fameros ganadores de La Primitiva de Espa\u00f1a, as\u00ed como otros resultados","breadcrumb":{"@id":"https:\/\/onlinelotto365.com\/es\/numeros-ganadores\/la-primitiva\/#breadcrumb"},"inLanguage":"es","potentialAction":[{"@type":"ReadAction","target":["https:\/\/onlinelotto365.com\/es\/numeros-ganadores\/la-primitiva\/"]}]},{"@type":"ImageObject","inLanguage":"es","@id":"https:\/\/onlinelotto365.com\/es\/numeros-ganadores\/la-primitiva\/#primaryimage","url":"https:\/\/redfoxlotto.com\/image?size=8&amp;lottery=la-primitiva","contentUrl":"https:\/\/redfoxlotto.com\/image?size=8&amp;lottery=la-primitiva"},{"@type":"BreadcrumbList","@id":"https:\/\/onlinelotto365.com\/es\/numeros-ganadores\/la-primitiva\/#breadcrumb","itemListElement":[{"@type":"ListItem","position":1,"name":"Home","item":"https:\/\/onlinelotto365.com\/es\/"},{"@type":"ListItem","position":2,"name":"Encuentra los n\u00fameros ganadores y los resultados de los \u00faltimos sorteos de la loter\u00eda","item":"https:\/\/onlinelotto365.com\/es\/winning-numbers\/"},{"@type":"ListItem","position":3,"name":"Resultados La Primitiva"}]},{"@type":"WebSite","@id":"https:\/\/onlinelotto365.com\/es\/#website","url":"https:\/\/onlinelotto365.com\/es\/","name":"OnlineLotto365","description":"","potentialAction":[{"@type":"SearchAction","target":{"@type":"EntryPoint","urlTemplate":"https:\/\/onlinelotto365.com\/es\/?s={search_term_string}"},"query-input":{"@type":"PropertyValueSpecification","valueRequired":true,"valueName":"search_term_string"}}],"inLanguage":"es"}]}},"_links":{"self":[{"href":"https:\/\/onlinelotto365.com\/es\/wp-json\/wp\/v2\/pages\/6345","targetHints":{"allow":["GET"]}}],"collection":[{"href":"https:\/\/onlinelotto365.com\/es\/wp-json\/wp\/v2\/pages"}],"about":[{"href":"https:\/\/onlinelotto365.com\/es\/wp-json\/wp\/v2\/types\/page"}],"author":[{"embeddable":true,"href":"https:\/\/onlinelotto365.com\/es\/wp-json\/wp\/v2\/users\/1"}],"replies":[{"embeddable":true,"href":"https:\/\/onlinelotto365.com\/es\/wp-json\/wp\/v2\/comments?post=6345"}],"version-history":[{"count":0,"href":"https:\/\/onlinelotto365.com\/es\/wp-json\/wp\/v2\/pages\/6345\/revisions"}],"up":[{"embeddable":true,"href":"https:\/\/onlinelotto365.com\/es\/wp-json\/wp\/v2\/pages\/3801"}],"wp:attachment":[{"href":"https:\/\/onlinelotto365.com\/es\/wp-json\/wp\/v2\/media?parent=6345"}],"curies":[{"name":"wp","href":"https:\/\/api.w.org\/{rel}","templated":true}]}}