{"id":7629,"date":"2020-12-08T13:57:52","date_gmt":"2020-12-08T12:57:52","guid":{"rendered":"http:\/\/onlinelotto365.net\/?page_id=7629"},"modified":"2021-01-05T13:28:28","modified_gmt":"2021-01-05T12:28:28","slug":"mega-millions","status":"publish","type":"page","link":"https:\/\/onlinelotto365.com\/es\/numeros-ganadores\/mega-millions\/","title":{"rendered":"Mira los n\u00fameros ganadores de Mega Millions aqu\u00ed"},"content":{"rendered":"<p>Con todas las loter\u00edas internacionales que se pueden jugar en nuestro sitio web, <strong> obtener los n\u00fameros ganadores y los resultados<\/strong> podr\u00eda ser un problema. Probablemente no podr\u00e1 encontrar los n\u00fameros ganadores de Mega Millions en su peri\u00f3dico. Podr\u00edas buscar un canal de televisi\u00f3n disponible para ti que incluya los resultados del sorteo en sus noticias, pero eso requerir\u00eda algo de investigaci\u00f3n.<\/p>\n<p>Una opci\u00f3n ser\u00eda comprobar si el sitio web oficial de la loter\u00eda Mega Millions transmite un <a href=\"https:\/\/onlinelotto365.com\/es\/news\/lotto-en-vivo\"> flujo en vivo<\/a> del procedimiento del sorteo. Ver los n\u00fameros sorteados en vivo es, por supuesto, muy emocionante. Tambi\u00e9n ser\u00eda la manera m\u00e1s r\u00e1pida de averiguar si sus n\u00fameros han ganado. Pero la mayor\u00eda de las loter\u00edas no ofrecen transmisi\u00f3n en vivo del sorteo en tiempo real.<\/p>\n<p>Si el sorteo ya se ha hecho en el momento en que quieres comprobar los n\u00fameros ganadores, puedes dirigirte a <a href=\"https:\/\/youtube.com\" target=\"_blank\" rel=\"noopener noreferrer\">Youtube<\/a> y ejecutar una b\u00fasqueda de un v\u00eddeo que muestre el \u00faltimo sorteo de Mega Millions.<\/p>\n<p><a href=\"https:\/\/redfoxlotto.com\/es\/jugar\/mega-millions\/?ref=a8564250a2&amp;medium=ol365\" target=\"_blank\" rel=\"noopener noreferrer\"><img decoding=\"async\" class=\"aligncenter\" src=\"https:\/\/redfoxlotto.com\/image?size=8&amp;lottery=mega-millions\" alt=\"Mega Millions\" \/><\/a><\/p>\n<p>Pero un m\u00e9todo muy <strong>conveniente para verificar los<\/strong> <a href=\"https:\/\/onlinelotto365.com\/es\/numeros-ganadores\">n\u00fameros ganadores<\/a>, as\u00ed como los resultados y premios de Mega Millions es nuestra propia p\u00e1gina de resultados de la loter\u00eda. En una p\u00e1gina, puede encontrar los n\u00fameros ganadores de todas las loter\u00edas que ofrecemos.<\/p>\n<h2>C\u00f3mo averiguar si su billete en l\u00ednea ha ganado<\/h2>\n<p>\u00a1Y se pone a\u00fan mejor! Si ha comprado un boleto para Mega Millions en nuestro sitio, puede echar un vistazo a su cuenta (necesita conectarse primero, por supuesto) y a la secci\u00f3n donde se almacenan sus boletos. Para cada loter\u00eda a la que ha jugado, los n\u00fameros ganadores se muestran justo al lado de los n\u00fameros que ha seleccionado. Todos los n\u00fameros de su billete que coincidan con los resultados del sorteo ser\u00e1n marcados con colores tambi\u00e9n. Una vez que sepa cu\u00e1ntos n\u00fameros ha elegido correctamente, puede <a href=\"https:\/\/onlinelotto365.com\/es\/news\/comprueba-el-billete-de-loteria-en-linea\"><strong> comprobar cu\u00e1nto ha ganado<\/strong><\/a>. Adem\u00e1s, recuerde que todas las ganancias de menos de 2500 euros ser\u00e1n acreditadas en su cuenta de jugador tan pronto como la loter\u00eda haya confirmado los resultados oficiales.<\/p>\n<h2>Archivo de resultados de Mega Millions<\/h2>\n<p>Las p\u00e1ginas de nuestro sitio web que muestran los \u00faltimos resultados de Mega Millions tambi\u00e9n le dan la opci\u00f3n de comprobar los resultados de sorteos anteriores. Esto es algo que muchos jugadores usan para comprobar qu\u00e9 n\u00fameros han sido sorteados \u00faltimamente, o qu\u00e9 n\u00fameros no han sido sorteados en el pasado. Es una <a href=\"https:\/\/onlinelotto365.com\/es\/news\/utilice-la-estrategia-para-seleccionar-sus-numeros-para-la-loteria\">estrategia de loter\u00eda muy popular<\/a> para usar esa informaci\u00f3n cuando se seleccionan los n\u00fameros para su pr\u00f3ximo boleto.<\/p>\n<h2>Mi boleto ha ganado, \u00bfqu\u00e9 pasa despu\u00e9s?<\/h2>\n<p>Como ya hemos mencionado, los premios de menos de 2500 euros se abonar\u00e1n directamente en su cuenta de cliente en nuestra p\u00e1gina web. Desde all\u00ed, puede retirar todo o una parte, siempre que tenga un saldo de al menos 10 euros. O puede usar una parte de ella para comprar nuevos boletos. Si decide retirar fondos a su tarjeta de cr\u00e9dito o cuenta bancaria, tendr\u00e1 que proporcionarnos algunos documentos de identificaci\u00f3n. Este es un requisito de nuestros procesadores de pagos, debido a las leyes contra el blanqueo de dinero. Adem\u00e1s, no puede utilizar un m\u00e9todo de retiro que no haya sido utilizado previamente para una compra o un dep\u00f3sito.<\/p>\n","protected":false},"excerpt":{"rendered":"<p>Con todas las loter\u00edas internacionales que se pueden jugar en nuestro sitio web, obtener los n\u00fameros ganadores y los resultados podr\u00eda ser un problema. Probablemente no podr\u00e1 encontrar los n\u00fameros ganadores de Mega Millions en su peri\u00f3dico. Podr\u00edas buscar un canal de televisi\u00f3n disponible para ti que incluya los resultados del sorteo en sus noticias, [&hellip;]<\/p>\n","protected":false},"author":1,"featured_media":0,"parent":3801,"menu_order":2,"comment_status":"closed","ping_status":"closed","template":"megamillion-results.php","meta":{"_et_pb_use_builder":"","_et_pb_old_content":"","_et_gb_content_width":"","exclude_from_search":false,"footnotes":""},"class_list":["post-7629","page","type-page","status-publish","hentry"],"yoast_head":"<!-- This site is optimized with the Yoast SEO plugin v23.4 - https:\/\/yoast.com\/wordpress\/plugins\/seo\/ -->\n<title>N\u00fameros ganadores Mega Millions | \u00daltimos resultados del sorteo y premios de Mega Millions<\/title>\n<meta name=\"description\" content=\"C\u00f3mo usar nuestro sitio web para encontrar f\u00e1cilmente los n\u00fameros ganadores y los resultados de Mega Millions\" \/>\n<meta name=\"robots\" content=\"index, follow, max-snippet:-1, max-image-preview:large, max-video-preview:-1\" \/>\n<link rel=\"canonical\" href=\"https:\/\/onlinelotto365.com\/es\/numeros-ganadores\/mega-millions\/\" \/>\n<meta property=\"og:locale\" content=\"es_ES\" \/>\n<meta property=\"og:type\" content=\"article\" \/>\n<meta property=\"og:title\" content=\"N\u00fameros ganadores Mega Millions | \u00daltimos resultados del sorteo y premios de Mega Millions\" \/>\n<meta property=\"og:description\" content=\"C\u00f3mo usar nuestro sitio web para encontrar f\u00e1cilmente los n\u00fameros ganadores y los resultados de Mega Millions\" \/>\n<meta property=\"og:url\" content=\"https:\/\/onlinelotto365.com\/es\/numeros-ganadores\/mega-millions\/\" \/>\n<meta property=\"og:site_name\" content=\"OnlineLotto365\" \/>\n<meta property=\"article:modified_time\" content=\"2021-01-05T12:28:28+00:00\" \/>\n<meta property=\"og:image\" content=\"https:\/\/redfoxlotto.com\/image?size=8&amp;lottery=mega-millions\" \/>\n<meta name=\"twitter:card\" content=\"summary_large_image\" \/>\n<meta name=\"twitter:label1\" content=\"Tiempo de lectura\" \/>\n\t<meta name=\"twitter:data1\" content=\"3 minutos\" \/>\n<script type=\"application\/ld+json\" class=\"yoast-schema-graph\">{\"@context\":\"https:\/\/schema.org\",\"@graph\":[{\"@type\":\"WebPage\",\"@id\":\"https:\/\/onlinelotto365.com\/es\/numeros-ganadores\/mega-millions\/\",\"url\":\"https:\/\/onlinelotto365.com\/es\/numeros-ganadores\/mega-millions\/\",\"name\":\"N\u00fameros ganadores Mega Millions | \u00daltimos resultados del sorteo y premios de Mega Millions\",\"isPartOf\":{\"@id\":\"https:\/\/onlinelotto365.com\/es\/#website\"},\"primaryImageOfPage\":{\"@id\":\"https:\/\/onlinelotto365.com\/es\/numeros-ganadores\/mega-millions\/#primaryimage\"},\"image\":{\"@id\":\"https:\/\/onlinelotto365.com\/es\/numeros-ganadores\/mega-millions\/#primaryimage\"},\"thumbnailUrl\":\"https:\/\/redfoxlotto.com\/image?size=8&amp;lottery=mega-millions\",\"datePublished\":\"2020-12-08T12:57:52+00:00\",\"dateModified\":\"2021-01-05T12:28:28+00:00\",\"description\":\"C\u00f3mo usar nuestro sitio web para encontrar f\u00e1cilmente los n\u00fameros ganadores y los resultados de Mega Millions\",\"breadcrumb\":{\"@id\":\"https:\/\/onlinelotto365.com\/es\/numeros-ganadores\/mega-millions\/#breadcrumb\"},\"inLanguage\":\"es\",\"potentialAction\":[{\"@type\":\"ReadAction\",\"target\":[\"https:\/\/onlinelotto365.com\/es\/numeros-ganadores\/mega-millions\/\"]}]},{\"@type\":\"ImageObject\",\"inLanguage\":\"es\",\"@id\":\"https:\/\/onlinelotto365.com\/es\/numeros-ganadores\/mega-millions\/#primaryimage\",\"url\":\"https:\/\/redfoxlotto.com\/image?size=8&amp;lottery=mega-millions\",\"contentUrl\":\"https:\/\/redfoxlotto.com\/image?size=8&amp;lottery=mega-millions\"},{\"@type\":\"BreadcrumbList\",\"@id\":\"https:\/\/onlinelotto365.com\/es\/numeros-ganadores\/mega-millions\/#breadcrumb\",\"itemListElement\":[{\"@type\":\"ListItem\",\"position\":1,\"name\":\"Home\",\"item\":\"https:\/\/onlinelotto365.com\/es\/\"},{\"@type\":\"ListItem\",\"position\":2,\"name\":\"Encuentra los n\u00fameros ganadores y los resultados de los \u00faltimos sorteos de la loter\u00eda\",\"item\":\"https:\/\/onlinelotto365.com\/es\/winning-numbers\/\"},{\"@type\":\"ListItem\",\"position\":3,\"name\":\"Mira los n\u00fameros ganadores de Mega Millions aqu\u00ed\"}]},{\"@type\":\"WebSite\",\"@id\":\"https:\/\/onlinelotto365.com\/es\/#website\",\"url\":\"https:\/\/onlinelotto365.com\/es\/\",\"name\":\"OnlineLotto365\",\"description\":\"\",\"potentialAction\":[{\"@type\":\"SearchAction\",\"target\":{\"@type\":\"EntryPoint\",\"urlTemplate\":\"https:\/\/onlinelotto365.com\/es\/?s={search_term_string}\"},\"query-input\":{\"@type\":\"PropertyValueSpecification\",\"valueRequired\":true,\"valueName\":\"search_term_string\"}}],\"inLanguage\":\"es\"}]}<\/script>\n<!-- \/ Yoast SEO plugin. -->","yoast_head_json":{"title":"N\u00fameros ganadores Mega Millions | \u00daltimos resultados del sorteo y premios de Mega Millions","description":"C\u00f3mo usar nuestro sitio web para encontrar f\u00e1cilmente los n\u00fameros ganadores y los resultados de Mega Millions","robots":{"index":"index","follow":"follow","max-snippet":"max-snippet:-1","max-image-preview":"max-image-preview:large","max-video-preview":"max-video-preview:-1"},"canonical":"https:\/\/onlinelotto365.com\/es\/numeros-ganadores\/mega-millions\/","og_locale":"es_ES","og_type":"article","og_title":"N\u00fameros ganadores Mega Millions | \u00daltimos resultados del sorteo y premios de Mega Millions","og_description":"C\u00f3mo usar nuestro sitio web para encontrar f\u00e1cilmente los n\u00fameros ganadores y los resultados de Mega Millions","og_url":"https:\/\/onlinelotto365.com\/es\/numeros-ganadores\/mega-millions\/","og_site_name":"OnlineLotto365","article_modified_time":"2021-01-05T12:28:28+00:00","og_image":[{"url":"https:\/\/redfoxlotto.com\/image?size=8&amp;lottery=mega-millions"}],"twitter_card":"summary_large_image","twitter_misc":{"Tiempo de lectura":"3 minutos"},"schema":{"@context":"https:\/\/schema.org","@graph":[{"@type":"WebPage","@id":"https:\/\/onlinelotto365.com\/es\/numeros-ganadores\/mega-millions\/","url":"https:\/\/onlinelotto365.com\/es\/numeros-ganadores\/mega-millions\/","name":"N\u00fameros ganadores Mega Millions | \u00daltimos resultados del sorteo y premios de Mega Millions","isPartOf":{"@id":"https:\/\/onlinelotto365.com\/es\/#website"},"primaryImageOfPage":{"@id":"https:\/\/onlinelotto365.com\/es\/numeros-ganadores\/mega-millions\/#primaryimage"},"image":{"@id":"https:\/\/onlinelotto365.com\/es\/numeros-ganadores\/mega-millions\/#primaryimage"},"thumbnailUrl":"https:\/\/redfoxlotto.com\/image?size=8&amp;lottery=mega-millions","datePublished":"2020-12-08T12:57:52+00:00","dateModified":"2021-01-05T12:28:28+00:00","description":"C\u00f3mo usar nuestro sitio web para encontrar f\u00e1cilmente los n\u00fameros ganadores y los resultados de Mega Millions","breadcrumb":{"@id":"https:\/\/onlinelotto365.com\/es\/numeros-ganadores\/mega-millions\/#breadcrumb"},"inLanguage":"es","potentialAction":[{"@type":"ReadAction","target":["https:\/\/onlinelotto365.com\/es\/numeros-ganadores\/mega-millions\/"]}]},{"@type":"ImageObject","inLanguage":"es","@id":"https:\/\/onlinelotto365.com\/es\/numeros-ganadores\/mega-millions\/#primaryimage","url":"https:\/\/redfoxlotto.com\/image?size=8&amp;lottery=mega-millions","contentUrl":"https:\/\/redfoxlotto.com\/image?size=8&amp;lottery=mega-millions"},{"@type":"BreadcrumbList","@id":"https:\/\/onlinelotto365.com\/es\/numeros-ganadores\/mega-millions\/#breadcrumb","itemListElement":[{"@type":"ListItem","position":1,"name":"Home","item":"https:\/\/onlinelotto365.com\/es\/"},{"@type":"ListItem","position":2,"name":"Encuentra los n\u00fameros ganadores y los resultados de los \u00faltimos sorteos de la loter\u00eda","item":"https:\/\/onlinelotto365.com\/es\/winning-numbers\/"},{"@type":"ListItem","position":3,"name":"Mira los n\u00fameros ganadores de Mega Millions aqu\u00ed"}]},{"@type":"WebSite","@id":"https:\/\/onlinelotto365.com\/es\/#website","url":"https:\/\/onlinelotto365.com\/es\/","name":"OnlineLotto365","description":"","potentialAction":[{"@type":"SearchAction","target":{"@type":"EntryPoint","urlTemplate":"https:\/\/onlinelotto365.com\/es\/?s={search_term_string}"},"query-input":{"@type":"PropertyValueSpecification","valueRequired":true,"valueName":"search_term_string"}}],"inLanguage":"es"}]}},"_links":{"self":[{"href":"https:\/\/onlinelotto365.com\/es\/wp-json\/wp\/v2\/pages\/7629","targetHints":{"allow":["GET"]}}],"collection":[{"href":"https:\/\/onlinelotto365.com\/es\/wp-json\/wp\/v2\/pages"}],"about":[{"href":"https:\/\/onlinelotto365.com\/es\/wp-json\/wp\/v2\/types\/page"}],"author":[{"embeddable":true,"href":"https:\/\/onlinelotto365.com\/es\/wp-json\/wp\/v2\/users\/1"}],"replies":[{"embeddable":true,"href":"https:\/\/onlinelotto365.com\/es\/wp-json\/wp\/v2\/comments?post=7629"}],"version-history":[{"count":0,"href":"https:\/\/onlinelotto365.com\/es\/wp-json\/wp\/v2\/pages\/7629\/revisions"}],"up":[{"embeddable":true,"href":"https:\/\/onlinelotto365.com\/es\/wp-json\/wp\/v2\/pages\/3801"}],"wp:attachment":[{"href":"https:\/\/onlinelotto365.com\/es\/wp-json\/wp\/v2\/media?parent=7629"}],"curies":[{"name":"wp","href":"https:\/\/api.w.org\/{rel}","templated":true}]}}