{"id":7645,"date":"2020-12-08T13:39:33","date_gmt":"2020-12-08T12:39:33","guid":{"rendered":"http:\/\/onlinelotto365.net\/?page_id=7645"},"modified":"2021-01-05T13:28:42","modified_gmt":"2021-01-05T12:28:42","slug":"euromillions","status":"publish","type":"page","link":"https:\/\/onlinelotto365.com\/es\/numeros-ganadores\/euromillions\/","title":{"rendered":"Vea los n\u00fameros ganadores de Euromillones"},"content":{"rendered":"<p>Sabemos que hay una <a href=\"https:\/\/onlinelotto365.com\/es\/jugar\"> gran cantidad de juegos de loter\u00eda internacional disponibles en nuestro sitio web<\/a> y eso puede ser un poco confuso para usted. Pero no tiene por qu\u00e9 ser tan confuso como crees. Y tampoco tiene que ser tan dif\u00edcil para ti encontrar los n\u00fameros ganadores del juego que quieres. Pero tal vez has pensado en buscar en otro lugar. El peri\u00f3dico y la televisi\u00f3n son un par de opciones, pero a menos que seas local puede ser dif\u00edcil encontrar los resultados en cualquiera de estos lugares.<\/p>\n<p>Tambi\u00e9n puedes elegir ir a la p\u00e1gina web oficial de la loter\u00eda EuroMillions. Este es uno de los mejores lugares para obtener los resultados porque son hechos disponibles y hasta puede ser posible ver una transmisi\u00f3n en vivo del sorteo. Puede ser divertido y emocionante <a href=\"https:\/\/onlinelotto365.com\/es\/news\/lotto-en-vivo\">observar ese sorteo en vivo<\/a>, especialmente si eres el que gana y puedes ver tus n\u00fameros en directo. Pero puede llevar mucho tiempo y no todos los juegos de loter\u00eda son transmitidos en vivo.<\/p>\n<p>Una vez que la loter\u00eda ha sido sorteada, otra opci\u00f3n es mirar en YouTube para ver si puedes conseguir un video del sorteo o que alguien m\u00e1s revele los n\u00fameros despu\u00e9s del hecho.<br \/>\n<a href=\"https:\/\/redfoxlotto.com\/es\/jugar\/euromillions\/?ref=a8564250a2&amp;medium=ol365\" target=\"_blank\" rel=\"noopener noreferrer\"><img decoding=\"async\" class=\"aligncenter\" src=\"https:\/\/redfoxlotto.com\/image?size=8&amp;lottery=euromillions\" alt=\"euromillions\" \/><\/a><\/p>\n<p>Sin embargo, la mejor manera de conseguir los n\u00fameros ganadores es revisar nuestro sitio web y verificar los resultados. Todo est\u00e1 disponible en nuestra p\u00e1gina de resultados de la loter\u00eda, que le mostrar\u00e1 los n\u00fameros ganadores de cualquier juego de loter\u00eda que pueda comprar en nuestro sitio web.<\/p>\n<h2>C\u00f3mo averiguar si su billete en l\u00ednea ha ganado<img loading=\"lazy\" decoding=\"async\" class=\"alignright wp-image-3645\" src=\"https:\/\/onlinelotto365.com\/wp-content\/uploads\/2020\/11\/online_lottery-129-300x300.jpg\" alt=\"N\u00fameros ganadores de Euromillones\" width=\"210\" height=\"210\" srcset=\"https:\/\/onlinelotto365.com\/wp-content\/uploads\/2020\/11\/online_lottery-129-300x300.jpg 300w, https:\/\/onlinelotto365.com\/wp-content\/uploads\/2020\/11\/online_lottery-129-100x100.jpg 100w, https:\/\/onlinelotto365.com\/wp-content\/uploads\/2020\/11\/online_lottery-129-150x150.jpg 150w, https:\/\/onlinelotto365.com\/wp-content\/uploads\/2020\/11\/online_lottery-129.jpg 320w\" sizes=\"auto, (max-width: 210px) 100vw, 210px\" \/><\/h2>\n<p>Lo que es a\u00fan mejor es que si realmente has comprado un boleto para este juego no tienes que preocuparte por ir a la p\u00e1gina de resultados. Puedes ir directamente a tu cuenta y a la p\u00e1gina con tus boletos.<\/p>\n<p>Desde all\u00ed, puede ver los n\u00fameros ganadores y sus n\u00fameros comparados. Y resaltamos los n\u00fameros que coinciden para que no te los pierdas. Adem\u00e1s, nos encargamos de conseguirte las ganancias de tus n\u00fameros si tienes algo menos de 2500 euros. Si se acaba, todo lo que tienes que hacer es rellenar un formulario y a\u00fan as\u00ed te ayudaremos a que te ocupes de todo.<\/p>\n<h2>Archivo de resultados de EuroMillions<\/h2>\n<p>Tenemos varias \u00e1reas donde puedes ver los \u00faltimos n\u00fameros ganadores de los EuroMillones y los <a href=\"https:\/\/onlinelotto365.com\/es\/numeros-ganadores\">resultados de otros juegos<\/a>, pero tambi\u00e9n tenemos opciones para ver los n\u00fameros ganadores antiguos. Si quieres asegurarte de que eliges los n\u00fameros correctos para el juego neto, mirar los juegos antiguos puede ser una buena manera de hacer esa elecci\u00f3n.<\/p>\n<h2>Mi boleto ha ganado, \u00bfqu\u00e9 pasa ahora?<\/h2>\n<p>Ya hemos mencionado que cualquier premio que gane y que sea inferior a 2500 euros ser\u00e1 puesto en su cuenta por nuestro equipo de atenci\u00f3n al cliente. Una vez que el dinero est\u00e9 en su cuenta podr\u00e1 retirarlo, usarlo o cualquier otra cosa que desee. Esto te facilitar\u00e1 seguir jugando o usar tu dinero para lo que quieras.<br \/>\nNo s\u00f3lo eso, sino que podr\u00e1s retirar el dinero de cualquier cuenta que ya hayas usado para comprar o depositar dinero adicional en tu cuenta. Eso incluye cuentas bancarias, tarjetas de cr\u00e9dito y m\u00e1s.<\/p>\n","protected":false},"excerpt":{"rendered":"<p>Sabemos que hay una gran cantidad de juegos de loter\u00eda internacional disponibles en nuestro sitio web y eso puede ser un poco confuso para usted. Pero no tiene por qu\u00e9 ser tan confuso como crees. Y tampoco tiene que ser tan dif\u00edcil para ti encontrar los n\u00fameros ganadores del juego que quieres. Pero tal vez [&hellip;]<\/p>\n","protected":false},"author":1,"featured_media":0,"parent":3801,"menu_order":3,"comment_status":"closed","ping_status":"closed","template":"euromillions-results.php","meta":{"_et_pb_use_builder":"","_et_pb_old_content":"","_et_gb_content_width":"","exclude_from_search":false,"footnotes":""},"class_list":["post-7645","page","type-page","status-publish","hentry"],"yoast_head":"<!-- This site is optimized with the Yoast SEO plugin v23.4 - https:\/\/yoast.com\/wordpress\/plugins\/seo\/ -->\n<title>N\u00fameros ganadores Euromillones | Vea los \u00faltimos premios y resultados de Euromillones<\/title>\n<meta name=\"description\" content=\"Compare su billete de Euromillones con los n\u00fameros ganadores - vea todos los resultados de la loter\u00eda aqu\u00ed\" \/>\n<meta name=\"robots\" content=\"index, follow, max-snippet:-1, max-image-preview:large, max-video-preview:-1\" \/>\n<link rel=\"canonical\" href=\"https:\/\/onlinelotto365.com\/es\/numeros-ganadores\/euromillions\/\" \/>\n<meta property=\"og:locale\" content=\"es_ES\" \/>\n<meta property=\"og:type\" content=\"article\" \/>\n<meta property=\"og:title\" content=\"N\u00fameros ganadores Euromillones | Vea los \u00faltimos premios y resultados de Euromillones\" \/>\n<meta property=\"og:description\" content=\"Compare su billete de Euromillones con los n\u00fameros ganadores - vea todos los resultados de la loter\u00eda aqu\u00ed\" \/>\n<meta property=\"og:url\" content=\"https:\/\/onlinelotto365.com\/es\/numeros-ganadores\/euromillions\/\" \/>\n<meta property=\"og:site_name\" content=\"OnlineLotto365\" \/>\n<meta property=\"article:modified_time\" content=\"2021-01-05T12:28:42+00:00\" \/>\n<meta property=\"og:image\" content=\"https:\/\/redfoxlotto.com\/image?size=8&amp;lottery=euromillions\" \/>\n<meta name=\"twitter:card\" content=\"summary_large_image\" \/>\n<meta name=\"twitter:label1\" content=\"Tiempo de lectura\" \/>\n\t<meta name=\"twitter:data1\" content=\"3 minutos\" \/>\n<script type=\"application\/ld+json\" class=\"yoast-schema-graph\">{\"@context\":\"https:\/\/schema.org\",\"@graph\":[{\"@type\":\"WebPage\",\"@id\":\"https:\/\/onlinelotto365.com\/es\/numeros-ganadores\/euromillions\/\",\"url\":\"https:\/\/onlinelotto365.com\/es\/numeros-ganadores\/euromillions\/\",\"name\":\"N\u00fameros ganadores Euromillones | Vea los \u00faltimos premios y resultados de Euromillones\",\"isPartOf\":{\"@id\":\"https:\/\/onlinelotto365.com\/es\/#website\"},\"primaryImageOfPage\":{\"@id\":\"https:\/\/onlinelotto365.com\/es\/numeros-ganadores\/euromillions\/#primaryimage\"},\"image\":{\"@id\":\"https:\/\/onlinelotto365.com\/es\/numeros-ganadores\/euromillions\/#primaryimage\"},\"thumbnailUrl\":\"https:\/\/redfoxlotto.com\/image?size=8&amp;lottery=euromillions\",\"datePublished\":\"2020-12-08T12:39:33+00:00\",\"dateModified\":\"2021-01-05T12:28:42+00:00\",\"description\":\"Compare su billete de Euromillones con los n\u00fameros ganadores - vea todos los resultados de la loter\u00eda aqu\u00ed\",\"breadcrumb\":{\"@id\":\"https:\/\/onlinelotto365.com\/es\/numeros-ganadores\/euromillions\/#breadcrumb\"},\"inLanguage\":\"es\",\"potentialAction\":[{\"@type\":\"ReadAction\",\"target\":[\"https:\/\/onlinelotto365.com\/es\/numeros-ganadores\/euromillions\/\"]}]},{\"@type\":\"ImageObject\",\"inLanguage\":\"es\",\"@id\":\"https:\/\/onlinelotto365.com\/es\/numeros-ganadores\/euromillions\/#primaryimage\",\"url\":\"https:\/\/redfoxlotto.com\/image?size=8&amp;lottery=euromillions\",\"contentUrl\":\"https:\/\/redfoxlotto.com\/image?size=8&amp;lottery=euromillions\"},{\"@type\":\"BreadcrumbList\",\"@id\":\"https:\/\/onlinelotto365.com\/es\/numeros-ganadores\/euromillions\/#breadcrumb\",\"itemListElement\":[{\"@type\":\"ListItem\",\"position\":1,\"name\":\"Home\",\"item\":\"https:\/\/onlinelotto365.com\/es\/\"},{\"@type\":\"ListItem\",\"position\":2,\"name\":\"Encuentra los n\u00fameros ganadores y los resultados de los \u00faltimos sorteos de la loter\u00eda\",\"item\":\"https:\/\/onlinelotto365.com\/es\/winning-numbers\/\"},{\"@type\":\"ListItem\",\"position\":3,\"name\":\"Vea los n\u00fameros ganadores de Euromillones\"}]},{\"@type\":\"WebSite\",\"@id\":\"https:\/\/onlinelotto365.com\/es\/#website\",\"url\":\"https:\/\/onlinelotto365.com\/es\/\",\"name\":\"OnlineLotto365\",\"description\":\"\",\"potentialAction\":[{\"@type\":\"SearchAction\",\"target\":{\"@type\":\"EntryPoint\",\"urlTemplate\":\"https:\/\/onlinelotto365.com\/es\/?s={search_term_string}\"},\"query-input\":{\"@type\":\"PropertyValueSpecification\",\"valueRequired\":true,\"valueName\":\"search_term_string\"}}],\"inLanguage\":\"es\"}]}<\/script>\n<!-- \/ Yoast SEO plugin. -->","yoast_head_json":{"title":"N\u00fameros ganadores Euromillones | Vea los \u00faltimos premios y resultados de Euromillones","description":"Compare su billete de Euromillones con los n\u00fameros ganadores - vea todos los resultados de la loter\u00eda aqu\u00ed","robots":{"index":"index","follow":"follow","max-snippet":"max-snippet:-1","max-image-preview":"max-image-preview:large","max-video-preview":"max-video-preview:-1"},"canonical":"https:\/\/onlinelotto365.com\/es\/numeros-ganadores\/euromillions\/","og_locale":"es_ES","og_type":"article","og_title":"N\u00fameros ganadores Euromillones | Vea los \u00faltimos premios y resultados de Euromillones","og_description":"Compare su billete de Euromillones con los n\u00fameros ganadores - vea todos los resultados de la loter\u00eda aqu\u00ed","og_url":"https:\/\/onlinelotto365.com\/es\/numeros-ganadores\/euromillions\/","og_site_name":"OnlineLotto365","article_modified_time":"2021-01-05T12:28:42+00:00","og_image":[{"url":"https:\/\/redfoxlotto.com\/image?size=8&amp;lottery=euromillions"}],"twitter_card":"summary_large_image","twitter_misc":{"Tiempo de lectura":"3 minutos"},"schema":{"@context":"https:\/\/schema.org","@graph":[{"@type":"WebPage","@id":"https:\/\/onlinelotto365.com\/es\/numeros-ganadores\/euromillions\/","url":"https:\/\/onlinelotto365.com\/es\/numeros-ganadores\/euromillions\/","name":"N\u00fameros ganadores Euromillones | Vea los \u00faltimos premios y resultados de Euromillones","isPartOf":{"@id":"https:\/\/onlinelotto365.com\/es\/#website"},"primaryImageOfPage":{"@id":"https:\/\/onlinelotto365.com\/es\/numeros-ganadores\/euromillions\/#primaryimage"},"image":{"@id":"https:\/\/onlinelotto365.com\/es\/numeros-ganadores\/euromillions\/#primaryimage"},"thumbnailUrl":"https:\/\/redfoxlotto.com\/image?size=8&amp;lottery=euromillions","datePublished":"2020-12-08T12:39:33+00:00","dateModified":"2021-01-05T12:28:42+00:00","description":"Compare su billete de Euromillones con los n\u00fameros ganadores - vea todos los resultados de la loter\u00eda aqu\u00ed","breadcrumb":{"@id":"https:\/\/onlinelotto365.com\/es\/numeros-ganadores\/euromillions\/#breadcrumb"},"inLanguage":"es","potentialAction":[{"@type":"ReadAction","target":["https:\/\/onlinelotto365.com\/es\/numeros-ganadores\/euromillions\/"]}]},{"@type":"ImageObject","inLanguage":"es","@id":"https:\/\/onlinelotto365.com\/es\/numeros-ganadores\/euromillions\/#primaryimage","url":"https:\/\/redfoxlotto.com\/image?size=8&amp;lottery=euromillions","contentUrl":"https:\/\/redfoxlotto.com\/image?size=8&amp;lottery=euromillions"},{"@type":"BreadcrumbList","@id":"https:\/\/onlinelotto365.com\/es\/numeros-ganadores\/euromillions\/#breadcrumb","itemListElement":[{"@type":"ListItem","position":1,"name":"Home","item":"https:\/\/onlinelotto365.com\/es\/"},{"@type":"ListItem","position":2,"name":"Encuentra los n\u00fameros ganadores y los resultados de los \u00faltimos sorteos de la loter\u00eda","item":"https:\/\/onlinelotto365.com\/es\/winning-numbers\/"},{"@type":"ListItem","position":3,"name":"Vea los n\u00fameros ganadores de Euromillones"}]},{"@type":"WebSite","@id":"https:\/\/onlinelotto365.com\/es\/#website","url":"https:\/\/onlinelotto365.com\/es\/","name":"OnlineLotto365","description":"","potentialAction":[{"@type":"SearchAction","target":{"@type":"EntryPoint","urlTemplate":"https:\/\/onlinelotto365.com\/es\/?s={search_term_string}"},"query-input":{"@type":"PropertyValueSpecification","valueRequired":true,"valueName":"search_term_string"}}],"inLanguage":"es"}]}},"_links":{"self":[{"href":"https:\/\/onlinelotto365.com\/es\/wp-json\/wp\/v2\/pages\/7645","targetHints":{"allow":["GET"]}}],"collection":[{"href":"https:\/\/onlinelotto365.com\/es\/wp-json\/wp\/v2\/pages"}],"about":[{"href":"https:\/\/onlinelotto365.com\/es\/wp-json\/wp\/v2\/types\/page"}],"author":[{"embeddable":true,"href":"https:\/\/onlinelotto365.com\/es\/wp-json\/wp\/v2\/users\/1"}],"replies":[{"embeddable":true,"href":"https:\/\/onlinelotto365.com\/es\/wp-json\/wp\/v2\/comments?post=7645"}],"version-history":[{"count":0,"href":"https:\/\/onlinelotto365.com\/es\/wp-json\/wp\/v2\/pages\/7645\/revisions"}],"up":[{"embeddable":true,"href":"https:\/\/onlinelotto365.com\/es\/wp-json\/wp\/v2\/pages\/3801"}],"wp:attachment":[{"href":"https:\/\/onlinelotto365.com\/es\/wp-json\/wp\/v2\/media?parent=7645"}],"curies":[{"name":"wp","href":"https:\/\/api.w.org\/{rel}","templated":true}]}}